{"id":1700,"date":"2023-11-10T18:13:57","date_gmt":"2023-11-10T18:13:57","guid":{"rendered":"https:\/\/exceladvisor.org\/it\/massimo-se\/"},"modified":"2023-12-10T06:26:41","modified_gmt":"2023-12-10T06:26:41","slug":"massimo-se","status":"publish","type":"page","link":"https:\/\/exceladvisor.org\/it\/massimo-se\/","title":{"rendered":"Come utilizzare max if in excel?"},"content":{"rendered":"<div class=\"excel-prima-del-contenuto\" id=\"excel-780837768\"><script type=\"text\/javascript\">\r\n\tatOptions = {\r\n\t\t'key' : 'c1158f160081d6540a8409e6925dab94',\r\n\t\t'format' : 'iframe',\r\n\t\t'height' : 250,\r\n\t\t'width' : 300,\r\n\t\t'params' : {}\r\n\t};\r\n<\/script>\r\n<script type=\"text\/javascript\" src=\"\/\/www.highperformanceformat.com\/c1158f160081d6540a8409e6925dab94\/invoke.js\"><\/script><\/div> <p>In Excel, non possiamo semplicemente utilizzare la funzione MAX predefinita con una condizione (a meno che non utilizzi Microsoft Office 365).<\/p><p> Ma il fatto \u00e8 che, se vuoi ottenere il valore massimo di un intervallo utilizzando una condizione specifica, hai bisogno di una formula MAX IF.<\/p><p> Allora qual \u00e8 il punto?<\/p><p> Puoi combinare MAX e IF per creare una formula che possa aiutarti a ottenere il valore massimo di un intervallo utilizzando criteri specifici.<\/p><p> In breve: MAXIF \u00e8 una formula di matrice che puoi utilizzare per trovare il valore massimo di un intervallo utilizzando dei criteri. Ma ecco il bello: in questo articolo condivider\u00f2 con te diversi modi per utilizzare la formula MAXIF.<\/p><h2 id=\"tab-con-1\" class=\"wp-block-heading\"> Applicare la formula MAX SE<\/h2><p> Facciamo un esempio dei dati seguenti in cui hai la quantit\u00e0 di vendite per mese, settimana e data. <\/p><div class=\"wp-block-image\"><figure class=\"aligncenter\"><img decoding=\"async\" src=\"https:\/\/exceladvisor.org\/wp-content\/uploads\/2023\/08\/donnees-de-quantite-de-ventes-a-utiliser-max-si-formule-min-1.png\" sizes=\"\" srcset=\"\" alt=\"dati sulla quantit\u00e0 di vendita da utilizzare con la formula max if\"><\/figure><\/div><p> Ora da questi dati \u00e8 necessario ottenere la quantit\u00e0 massima di vendite per un dato mese. Ad esempio, &#8220;Jan&#8221; e per questo la formula sar\u00e0:<\/p><pre class=\"wp-block-code\"> <code class=\"language-excel-formula\" lang=\"excel-formula\">=MAX(IF(A2:A367=\"Jan\",D2:D367))<\/code><\/pre><p> E devi inserirlo come formula di matrice usando ctrl + maiusc + invio. <\/p><pre class=\"wp-block-code\"> <code class=\"language-excel-formula\" lang=\"excel-formula\">{=MAX(IF(A2:A367=\"Jan\",D2:D367))}<\/code><\/pre><div class=\"wp-block-image\"><figure class=\"aligncenter\"><img decoding=\"async\" src=\"https:\/\/exceladvisor.org\/wp-content\/uploads\/2023\/08\/max-si-formule-appliquee-min-1.png\" sizes=\"\" srcset=\"\" alt=\"max se viene applicata la formula\"><\/figure><\/div><p> Quando lo inserisci, verr\u00e0 restituito 200, ovvero il valore di vendita pi\u00f9 alto del mese di gennaio del 7 gennaio 2016.<\/p><h3 class=\"wp-block-heading\"> Come funziona<\/h3><p id=\"tab-con-2\"> Per capire come funziona max \u00e8 necessario dividerlo in tre parti. <\/p><div class=\"wp-block-image\"><figure class=\"aligncenter\"><img decoding=\"async\" src=\"https:\/\/exceladvisor.org\/wp-content\/uploads\/2023\/08\/comprendre-max-si-la-formule-dans-excel-1.png\" sizes=\"\" srcset=\"\" alt=\"comprendere la formula max i in Excel\"><\/figure><\/div><p> Tieni presente che <strong><span style=\"color: #000000;\">l&#8217;hai inserita come formula di matrice<\/span><\/strong> .<\/p><p> <span style=\"color: #000000;\">Innanzitutto<\/span> , hai creato un test logico nella funzione SE per abbinare l&#8217;intera colonna del mese ai criteri. E ha restituito un array in cui i valori di corrispondenza sono TRUE e tutti gli altri sono FALSE. <\/p><div class=\"wp-block-image\"><figure class=\"aligncenter\"><img decoding=\"async\" src=\"https:\/\/exceladvisor.org\/wp-content\/uploads\/2023\/08\/premier-tableau-avec-max-si-formule-avec-tableau-min-1.png\" sizes=\"\" srcset=\"\" alt=\"primo array con max se formula con array\"><\/figure><\/div><p> <span style=\"color: #000000;\">In secondo luogo<\/span> , nella funzione SE, hai specificato la colonna della quantit\u00e0 di vendita per i valori TRUE ed \u00e8 per questo che ha restituito la quantit\u00e0 di vendita solo per TRUE. <\/p><div class=\"wp-block-image\"><figure class=\"aligncenter\"><img decoding=\"async\" src=\"https:\/\/exceladvisor.org\/wp-content\/uploads\/2023\/08\/deuxieme-tableau-de-max-si-formule-avec-tableau-min-1.png\" sizes=\"\" srcset=\"\" alt=\"secondo array di max se formula con array\"><\/figure><\/div><p> <span style=\"color: #000000;\">In terzo luogo<\/span> , la funzione MAX restituir\u00e0 semplicemente il numero pi\u00f9 alto in questo array, che corrisponde alla quantit\u00e0 di vendite pi\u00f9 alta per il mese di gennaio. Proprio come questo trucco sulle formule qui, ho elencato alcuni degli altri che devi leggere e imparare.<\/p><ol><li> <a href=\"https:\/\/exceladvisor.org\/it\/sumif-sumif-o-logica\/\">SUMIFOR in Excel<\/a><\/li><li><a href=\"https:\/\/exceladvisor.org\/it\/classificazione-condizionale-rango-del-prodotto-sommativo-se\/\">RANGO SE in Excel<\/a><\/li><\/ol><h2 id=\"tab-con-3\" class=\"wp-block-heading\"> MAX SE con pi\u00f9 criteri<\/h2><p> Sono sicuro che a questo punto stai pensando a come possiamo utilizzare pi\u00f9 di una condizione in max if. E questo \u00e8 un pensiero intelligente.<\/p><p> Nel mondo reale dei dati, \u00e8 molto probabile che sia necessario utilizzare pi\u00f9 criteri per ottenere il valore massimo. Continuiamo con l&#8217;esempio precedente.<\/p><p> Diciamo che invece del valore di vendita pi\u00f9 alto per gennaio, devi ottenere le vendite pi\u00f9 alte per la settimana 2 di gennaio.<\/p><p> Quindi qui hai due condizioni diverse, il mese \u00e8 gennaio e la settimana \u00e8 la 2a. E la formula sar\u00e0:<\/p><pre class=\"wp-block-code\"> <code class=\"language-excel-formula\" lang=\"excel-formula\">=MAX(IF(A2:A367=F5,IF(B2:B367=G5,D2:D367),))<\/code><\/pre><p> E, quando lo inserisci come tabella: <\/p><pre class=\"wp-block-code\"> <code class=\"language-excel-formula\" lang=\"excel-formula\">{=MAX(IF(A2:A367=F5,IF(B2:B367=G5,D2:D367),))}<\/code><\/pre><div class=\"wp-block-image\"><figure class=\"aligncenter\"><img decoding=\"async\" src=\"https:\/\/exceladvisor.org\/wp-content\/uploads\/2023\/08\/plusieurs-criteres-avec-max-si-formule-min-1.png\" sizes=\"\" srcset=\"\" alt=\"criteri multipli con formula max if\"><\/figure><\/div><h3 id=\"tab-con-4\" class=\"wp-block-heading\"> Come funziona<\/h3><p> Qui abbiamo utilizzato l&#8217;IF nidificato per testare pi\u00f9 di una logica. Uno \u00e8 per il mese e il secondo \u00e8 per la settimana.<\/p><p> Quindi restituisce una tabella in cui hai la quantit\u00e0 di vendita solo quando il mese \u00e8 gennaio e la settimana \u00e8 la 2a. <\/p><div class=\"wp-block-image\"><figure class=\"aligncenter\"><img decoding=\"async\" src=\"https:\/\/exceladvisor.org\/wp-content\/uploads\/2023\/08\/criteres-multiples-avec-max-si-formule-premier-tableau-min-1.png\" sizes=\"\" srcset=\"\" alt=\"diversi criteri con il massimo della formula nella prima tabella\"><\/figure><\/div><p> E alla fine, max restituisce il valore massimo di questo array.<\/p><h2 id=\"tab-con-5\" class=\"wp-block-heading\"> MAX SE senza tabella<\/h2><p> Le tabelle sono potenti ma non tutti vogliono usarle. Inoltre, hai la possibilit\u00e0 di non utilizzare un array in max if.<\/p><p> Quindi per questo puoi usare la funzione SUMPRODUCT in quanto pu\u00f2 aiutarti a usare un array senza applicare la formula di array effettiva. E la formula sar\u00e0:<\/p><pre class=\"wp-block-code\"> <code class=\"language-excel-formula\" lang=\"excel-formula\">=SUMPRODUCT(MAX((A2:A367=\"Jan\")*D2:D367))<\/code><\/pre><p> Quindi quando inserisci questa formula non \u00e8 necessario utilizzare ctrl + maiusc + invio. <\/p><div class=\"wp-block-image\"><figure class=\"aligncenter\"><img decoding=\"async\" src=\"https:\/\/exceladvisor.org\/wp-content\/uploads\/2023\/08\/max-si-formule-sans-tableaux-utilisant-sumproduct-min-1.png\" sizes=\"\" srcset=\"\" alt=\"max se formula senza array che utilizzano sommaprodotto\"><\/figure><\/div><h3 id=\"tab-con-6\" class=\"wp-block-heading\"> Come funziona<\/h3><p> Ancora una volta, dobbiamo dividere questa formula in tre parti diverse per capirla. Nella prima parte hai confrontato la colonna del mese con i criteri e ha restituito un array con TRUE dove i criteri corrispondevano, altrimenti FALSE. <\/p><div class=\"wp-block-image\"><figure class=\"aligncenter\"><img decoding=\"async\" src=\"https:\/\/exceladvisor.org\/wp-content\/uploads\/2023\/08\/comparer-mois-max-si-formule-avec-sumproduct-min-1.png\" sizes=\"\" srcset=\"\" alt=\"confronta il mese massimo se la formula con il prodotto somma\"><\/figure><\/div><p> Successivamente moltiplichi questa tabella con la colonna della quantit\u00e0 di vendita che restituisce una tabella in cui hai la quantit\u00e0 di vendita anzich\u00e9 TRUE. Alla fine, la funzione MAX ha restituito il valore pi\u00f9 alto in questa matrice, che corrisponde alla quantit\u00e0 di vendita pi\u00f9 alta.<\/p><p> L&#8217;intera formula, il ruolo principale di sumproduct, \u00e8 quello di consentire di utilizzare un array senza inserire una formula di array effettiva.<\/p><h2 class=\"wp-block-heading\"> Conclusione<\/h2><p> Ottenere il valore massimo in base a criteri \u00e8 ci\u00f2 che spesso dobbiamo fare. E usando questa tecnica di max if formula puoi farlo senza sforzo.<\/p><p> Tutti i metodi che hai imparato sopra hanno applicazioni diverse a seconda della situazione. Spero che questo suggerimento sulla formula ti aiuti a migliorare in Excel. Ma adesso dimmi una cosa.<\/p><p> Cosa ti piace davvero, un dipinto o senza dipinto?<\/p><p> Per favore condividi le tue opinioni con me nella sezione commenti. Mi piacerebbe sentire la tua opinione e, per favore, non dimenticare di condividere questo post con i tuoi amici, sono sicuro che lo apprezzeranno. <\/p><div class=\"gb-container gb-container-52dfcee1 gb-container-sample-file\"><h2 class=\"gb-headline gb-headline-e289c143 gb-headline-text gb-headline-4f7959c2\"> Ottieni il file Excel<\/h2><p> <a class=\"gb-button gb-button-e88d6bee gb-button-text gb-button-button1\" href=\"https:\/\/exceladvisor.org\/wp-content\/uploads\/2023\/08\/max-si-3.xlsx\" rel=\"nofollow\">Scaricamento<\/a><\/p><\/div><div class=\"gb-container gb-container-0df56012 gb-container-mt\"> <a class=\"gb-button gb-button-f9f432f4 gb-button-text gb-button-mt-button\" href=\"https:\/\/exceladvisor.org\/it\/formule\/\">Elenco delle formule di Excel<\/a><h2 class=\"gb-headline gb-headline-233444e8 gb-headline-text gb-headline-mt-heading\"> Formule correlate <\/h2><div class=\"gb-grid-wrapper gb-grid-wrapper-a16fa65c gb-grid-wrapper-mt-grid\"><div class=\"gb-grid-column gb-grid-column-50d07e0d\"><div class=\"gb-container gb-container-50d07e0d\"><ul><li> <a href=\"https:\/\/exceladvisor.org\/it\/coefficiente-di-variazione\/\">Calcolare il coefficiente di variazione (CV) in Excel<\/a><\/li><li> <a href=\"https:\/\/exceladvisor.org\/it\/rapporto\/\">Calcola rapidamente il rapporto in Excel<\/a><\/li><li> <a href=\"https:\/\/exceladvisor.org\/it\/valore-piu-basso\/\">Trova il valore pi\u00f9 basso da un elenco di numeri (N)<\/a><\/li><li> <a href=\"https:\/\/exceladvisor.org\/it\/valore-piu-piccolo-2\/\">Trova il valore pi\u00f9 piccolo in un intervallo di celle (numero pi\u00f9 piccolo)<\/a><\/li><li> <a href=\"https:\/\/exceladvisor.org\/it\/ennesima-radice-2\/\">Calcola la radice ennesima<\/a> <\/li><\/ul><\/div><\/div><div class=\"gb-grid-column gb-grid-column-5b4a0cf9\"><div class=\"gb-container gb-container-5b4a0cf9\"><\/div><\/div><\/div><\/div>","protected":false},"excerpt":{"rendered":"","protected":false},"author":1,"featured_media":0,"parent":0,"menu_order":0,"comment_status":"open","ping_status":"closed","template":"","meta":{"ub_ctt_via":"","footnotes":""},"class_list":["post-1700","page","type-page","status-publish","hentry"],"featured_image_src":null,"yoast_head":"<!-- This site is optimized with the Yoast SEO plugin v25.4 - https:\/\/yoast.com\/wordpress\/plugins\/seo\/ -->\n<title>Come utilizzare MAX IF in Excel? [Guida completa 2023]<\/title>\n<meta name=\"description\" content=\"Non esiste una funzione specifica per questo in Excel. Ma puoi combinare MAX e IF per creare una formula per ottenere il\" \/>\n<meta name=\"robots\" content=\"index, follow, max-snippet:-1, max-image-preview:large, max-video-preview:-1\" \/>\n<link rel=\"canonical\" href=\"https:\/\/exceladvisor.org\/it\/massimo-se\/\" \/>\n<meta property=\"og:locale\" content=\"it_IT\" \/>\n<meta property=\"og:type\" content=\"article\" \/>\n<meta property=\"og:title\" content=\"Come utilizzare MAX IF in Excel? [Guida completa 2023]\" \/>\n<meta property=\"og:description\" content=\"Non esiste una funzione specifica per questo in Excel. Ma puoi combinare MAX e IF per creare una formula per ottenere il\" \/>\n<meta property=\"og:url\" content=\"https:\/\/exceladvisor.org\/it\/massimo-se\/\" \/>\n<meta property=\"og:site_name\" content=\"Excel Advisor\" \/>\n<meta property=\"article:modified_time\" content=\"2023-12-10T06:26:41+00:00\" \/>\n<meta property=\"og:image\" content=\"https:\/\/exceladvisor.org\/wp-content\/uploads\/2023\/08\/donnees-de-quantite-de-ventes-a-utiliser-max-si-formule-min-1.png\" \/>\n<meta name=\"twitter:card\" content=\"summary_large_image\" \/>\n<meta name=\"twitter:label1\" content=\"Tempo di lettura stimato\" \/>\n\t<meta name=\"twitter:data1\" content=\"4 minuti\" \/>\n<script type=\"application\/ld+json\" class=\"yoast-schema-graph\">{\"@context\":\"https:\/\/schema.org\",\"@graph\":[{\"@type\":\"WebPage\",\"@id\":\"https:\/\/exceladvisor.org\/it\/massimo-se\/\",\"url\":\"https:\/\/exceladvisor.org\/it\/massimo-se\/\",\"name\":\"Come utilizzare MAX IF in Excel? [Guida completa 2023]\",\"isPartOf\":{\"@id\":\"https:\/\/exceladvisor.org\/it\/#website\"},\"primaryImageOfPage\":{\"@id\":\"https:\/\/exceladvisor.org\/it\/massimo-se\/#primaryimage\"},\"image\":{\"@id\":\"https:\/\/exceladvisor.org\/it\/massimo-se\/#primaryimage\"},\"thumbnailUrl\":\"https:\/\/exceladvisor.org\/wp-content\/uploads\/2023\/08\/donnees-de-quantite-de-ventes-a-utiliser-max-si-formule-min-1.png\",\"datePublished\":\"2023-11-10T18:13:57+00:00\",\"dateModified\":\"2023-12-10T06:26:41+00:00\",\"description\":\"Non esiste una funzione specifica per questo in Excel. Ma puoi combinare MAX e IF per creare una formula per ottenere il\",\"breadcrumb\":{\"@id\":\"https:\/\/exceladvisor.org\/it\/massimo-se\/#breadcrumb\"},\"inLanguage\":\"it-IT\",\"potentialAction\":[{\"@type\":\"ReadAction\",\"target\":[\"https:\/\/exceladvisor.org\/it\/massimo-se\/\"]}]},{\"@type\":\"ImageObject\",\"inLanguage\":\"it-IT\",\"@id\":\"https:\/\/exceladvisor.org\/it\/massimo-se\/#primaryimage\",\"url\":\"https:\/\/exceladvisor.org\/wp-content\/uploads\/2023\/08\/donnees-de-quantite-de-ventes-a-utiliser-max-si-formule-min-1.png\",\"contentUrl\":\"https:\/\/exceladvisor.org\/wp-content\/uploads\/2023\/08\/donnees-de-quantite-de-ventes-a-utiliser-max-si-formule-min-1.png\"},{\"@type\":\"BreadcrumbList\",\"@id\":\"https:\/\/exceladvisor.org\/it\/massimo-se\/#breadcrumb\",\"itemListElement\":[{\"@type\":\"ListItem\",\"position\":1,\"name\":\"Home\",\"item\":\"https:\/\/exceladvisor.org\/it\/\"},{\"@type\":\"ListItem\",\"position\":2,\"name\":\"Come utilizzare max if in excel?\"}]},{\"@type\":\"WebSite\",\"@id\":\"https:\/\/exceladvisor.org\/it\/#website\",\"url\":\"https:\/\/exceladvisor.org\/it\/\",\"name\":\"Excel Advisor\",\"description\":\"Tips, Tricks, and Time-Saving Hacks\",\"publisher\":{\"@id\":\"https:\/\/exceladvisor.org\/it\/#organization\"},\"potentialAction\":[{\"@type\":\"SearchAction\",\"target\":{\"@type\":\"EntryPoint\",\"urlTemplate\":\"https:\/\/exceladvisor.org\/it\/?s={search_term_string}\"},\"query-input\":{\"@type\":\"PropertyValueSpecification\",\"valueRequired\":true,\"valueName\":\"search_term_string\"}}],\"inLanguage\":\"it-IT\"},{\"@type\":\"Organization\",\"@id\":\"https:\/\/exceladvisor.org\/it\/#organization\",\"name\":\"Excel Advisor\",\"url\":\"https:\/\/exceladvisor.org\/it\/\",\"logo\":{\"@type\":\"ImageObject\",\"inLanguage\":\"it-IT\",\"@id\":\"https:\/\/exceladvisor.org\/it\/#\/schema\/logo\/image\/\",\"url\":\"https:\/\/exceladvisor.org\/it\/wp-content\/uploads\/2023\/12\/exceladvisor.org_.png\",\"contentUrl\":\"https:\/\/exceladvisor.org\/it\/wp-content\/uploads\/2023\/12\/exceladvisor.org_.png\",\"width\":105,\"height\":36,\"caption\":\"Excel Advisor\"},\"image\":{\"@id\":\"https:\/\/exceladvisor.org\/it\/#\/schema\/logo\/image\/\"}}]}<\/script>\n<!-- \/ Yoast SEO plugin. -->","yoast_head_json":{"title":"Come utilizzare MAX IF in Excel? [Guida completa 2023]","description":"Non esiste una funzione specifica per questo in Excel. Ma puoi combinare MAX e IF per creare una formula per ottenere il","robots":{"index":"index","follow":"follow","max-snippet":"max-snippet:-1","max-image-preview":"max-image-preview:large","max-video-preview":"max-video-preview:-1"},"canonical":"https:\/\/exceladvisor.org\/it\/massimo-se\/","og_locale":"it_IT","og_type":"article","og_title":"Come utilizzare MAX IF in Excel? [Guida completa 2023]","og_description":"Non esiste una funzione specifica per questo in Excel. Ma puoi combinare MAX e IF per creare una formula per ottenere il","og_url":"https:\/\/exceladvisor.org\/it\/massimo-se\/","og_site_name":"Excel Advisor","article_modified_time":"2023-12-10T06:26:41+00:00","og_image":[{"url":"https:\/\/exceladvisor.org\/wp-content\/uploads\/2023\/08\/donnees-de-quantite-de-ventes-a-utiliser-max-si-formule-min-1.png","type":"","width":"","height":""}],"twitter_card":"summary_large_image","twitter_misc":{"Tempo di lettura stimato":"4 minuti"},"schema":{"@context":"https:\/\/schema.org","@graph":[{"@type":"WebPage","@id":"https:\/\/exceladvisor.org\/it\/massimo-se\/","url":"https:\/\/exceladvisor.org\/it\/massimo-se\/","name":"Come utilizzare MAX IF in Excel? [Guida completa 2023]","isPartOf":{"@id":"https:\/\/exceladvisor.org\/it\/#website"},"primaryImageOfPage":{"@id":"https:\/\/exceladvisor.org\/it\/massimo-se\/#primaryimage"},"image":{"@id":"https:\/\/exceladvisor.org\/it\/massimo-se\/#primaryimage"},"thumbnailUrl":"https:\/\/exceladvisor.org\/wp-content\/uploads\/2023\/08\/donnees-de-quantite-de-ventes-a-utiliser-max-si-formule-min-1.png","datePublished":"2023-11-10T18:13:57+00:00","dateModified":"2023-12-10T06:26:41+00:00","description":"Non esiste una funzione specifica per questo in Excel. Ma puoi combinare MAX e IF per creare una formula per ottenere il","breadcrumb":{"@id":"https:\/\/exceladvisor.org\/it\/massimo-se\/#breadcrumb"},"inLanguage":"it-IT","potentialAction":[{"@type":"ReadAction","target":["https:\/\/exceladvisor.org\/it\/massimo-se\/"]}]},{"@type":"ImageObject","inLanguage":"it-IT","@id":"https:\/\/exceladvisor.org\/it\/massimo-se\/#primaryimage","url":"https:\/\/exceladvisor.org\/wp-content\/uploads\/2023\/08\/donnees-de-quantite-de-ventes-a-utiliser-max-si-formule-min-1.png","contentUrl":"https:\/\/exceladvisor.org\/wp-content\/uploads\/2023\/08\/donnees-de-quantite-de-ventes-a-utiliser-max-si-formule-min-1.png"},{"@type":"BreadcrumbList","@id":"https:\/\/exceladvisor.org\/it\/massimo-se\/#breadcrumb","itemListElement":[{"@type":"ListItem","position":1,"name":"Home","item":"https:\/\/exceladvisor.org\/it\/"},{"@type":"ListItem","position":2,"name":"Come utilizzare max if in excel?"}]},{"@type":"WebSite","@id":"https:\/\/exceladvisor.org\/it\/#website","url":"https:\/\/exceladvisor.org\/it\/","name":"Excel Advisor","description":"Tips, Tricks, and Time-Saving Hacks","publisher":{"@id":"https:\/\/exceladvisor.org\/it\/#organization"},"potentialAction":[{"@type":"SearchAction","target":{"@type":"EntryPoint","urlTemplate":"https:\/\/exceladvisor.org\/it\/?s={search_term_string}"},"query-input":{"@type":"PropertyValueSpecification","valueRequired":true,"valueName":"search_term_string"}}],"inLanguage":"it-IT"},{"@type":"Organization","@id":"https:\/\/exceladvisor.org\/it\/#organization","name":"Excel Advisor","url":"https:\/\/exceladvisor.org\/it\/","logo":{"@type":"ImageObject","inLanguage":"it-IT","@id":"https:\/\/exceladvisor.org\/it\/#\/schema\/logo\/image\/","url":"https:\/\/exceladvisor.org\/it\/wp-content\/uploads\/2023\/12\/exceladvisor.org_.png","contentUrl":"https:\/\/exceladvisor.org\/it\/wp-content\/uploads\/2023\/12\/exceladvisor.org_.png","width":105,"height":36,"caption":"Excel Advisor"},"image":{"@id":"https:\/\/exceladvisor.org\/it\/#\/schema\/logo\/image\/"}}]}},"yoast_meta":{"yoast_wpseo_title":"","yoast_wpseo_metadesc":"","yoast_wpseo_canonical":""},"_links":{"self":[{"href":"https:\/\/exceladvisor.org\/it\/wp-json\/wp\/v2\/pages\/1700","targetHints":{"allow":["GET"]}}],"collection":[{"href":"https:\/\/exceladvisor.org\/it\/wp-json\/wp\/v2\/pages"}],"about":[{"href":"https:\/\/exceladvisor.org\/it\/wp-json\/wp\/v2\/types\/page"}],"author":[{"embeddable":true,"href":"https:\/\/exceladvisor.org\/it\/wp-json\/wp\/v2\/users\/1"}],"replies":[{"embeddable":true,"href":"https:\/\/exceladvisor.org\/it\/wp-json\/wp\/v2\/comments?post=1700"}],"version-history":[{"count":1,"href":"https:\/\/exceladvisor.org\/it\/wp-json\/wp\/v2\/pages\/1700\/revisions"}],"predecessor-version":[{"id":2823,"href":"https:\/\/exceladvisor.org\/it\/wp-json\/wp\/v2\/pages\/1700\/revisions\/2823"}],"wp:attachment":[{"href":"https:\/\/exceladvisor.org\/it\/wp-json\/wp\/v2\/media?parent=1700"}],"curies":[{"name":"wp","href":"https:\/\/api.w.org\/{rel}","templated":true}]}}