{"id":1701,"date":"2023-11-10T17:43:55","date_gmt":"2023-11-10T17:43:55","guid":{"rendered":"https:\/\/exceladvisor.org\/it\/media-degli-errori-ignorati-2\/"},"modified":"2023-12-10T06:22:44","modified_gmt":"2023-12-10T06:22:44","slug":"media-degli-errori-ignorati-2","status":"publish","type":"page","link":"https:\/\/exceladvisor.org\/it\/media-degli-errori-ignorati-2\/","title":{"rendered":"Come correggere gli errori medi in excel?"},"content":{"rendered":"<div class=\"excel-prima-del-contenuto\" id=\"excel-3747063452\"><script type=\"text\/javascript\">\r\n\tatOptions = {\r\n\t\t'key' : 'c1158f160081d6540a8409e6925dab94',\r\n\t\t'format' : 'iframe',\r\n\t\t'height' : 250,\r\n\t\t'width' : 300,\r\n\t\t'params' : {}\r\n\t};\r\n<\/script>\r\n<script type=\"text\/javascript\" src=\"\/\/www.highperformanceformat.com\/c1158f160081d6540a8409e6925dab94\/invoke.js\"><\/script><\/div> <p>In Excel, quando provi a calcolare la media dei valori in un intervallo, ma hai un errore in una o pi\u00f9 celle, la tua formula restituir\u00e0 un errore nel risultato. In questo tutorial impareremo come calcolare la media dei valori in un intervallo ignorando i valori di errore.<\/p><h2 class=\"wp-block-heading\"> Ignora l&#8217;errore #N\/D<\/h2><p> Nell&#8217;esempio seguente, \u00e8 presente un errore #N\/D nell&#8217;intervallo di celle e, quando si utilizza la funzione MEDIA, vengono restituiti anche errori #N\/D nel risultato. <\/p><div class=\"wp-block-image\"><figure class=\"aligncenter size-full is-resized\"><img loading=\"lazy\" decoding=\"async\" class=\"wp-image-79256\" src=\"https:\/\/exceladvisor.org\/wp-content\/uploads\/2023\/08\/1-na-erreur-dans-la-cellule.png\" sizes=\"auto, \" srcset=\"\" alt=\"#na-errore-nella-cella\" width=\"616\" height=\"417\"><\/figure><\/div><p> Per gestire questa situazione, \u00e8 possibile utilizzare la funzione MEDIA.SE nel modo seguente. <\/p><div class=\"wp-block-image\"><figure class=\"aligncenter size-full is-resized\"><img loading=\"lazy\" decoding=\"async\" class=\"wp-image-79257\" src=\"https:\/\/exceladvisor.org\/wp-content\/uploads\/2023\/08\/2-fonction-moyenne-si.png\" sizes=\"auto, \" srcset=\"\" alt=\"funzionalit\u00e0 media\" width=\"514\" height=\"417\"><\/figure><\/div><pre class=\"wp-block-code\"> <code class=\"language-excel-formula line-numbers\" lang=\"excel-formula\">=AVERAGEIF(A1:A10,\"&lt;&gt;#N\/A\")<\/code><\/pre><p> AVERAGEIF consente di creare una condizione per la media dei valori in un intervallo. E in questa formula ci siamo riferiti all&#8217;intervallo A1:A10 e successivamente abbiamo utilizzato una condizione che media i valori che non sono uguali a #N\/A.<\/p><h2 class=\"wp-block-heading\"> Utilizzare MEDIA.SE per ignorare tutti gli errori<\/h2><p> Se vuoi ignorare tutti gli errori, puoi sempre utilizzare AVERAGEIF. Devi solo modificare i criteri nella funzione. <\/p><div class=\"wp-block-image\"><figure class=\"aligncenter size-full is-resized\"><img loading=\"lazy\" decoding=\"async\" class=\"wp-image-79258\" src=\"https:\/\/exceladvisor.org\/wp-content\/uploads\/2023\/08\/3-moyensi-pour-ignorer-les-erreurs.png\" sizes=\"auto, \" srcset=\"\" alt=\"media-per-ignorare-errori\" width=\"576\" height=\"413\"><\/figure><\/div><p> In questa formula abbiamo utilizzato maggiore di 0 nei criteri. Quando lo fai, Excel fa riferimento solo ai numeri nell&#8217;intervallo e calcola la media solo delle celle con numeri.<\/p><h2 class=\"wp-block-heading\"> Utilizzare AGGREGATA per ignorare gli errori durante la media dei valori<\/h2><p> AGGREGATA \u00e8 una nuova funzione che pu\u00f2 aiutarti a mediare i valori, ma con questa funzione hai la possibilit\u00e0 di ignorare gli errori di intervallo. <\/p><div class=\"wp-block-image\"><figure class=\"aligncenter size-full is-resized\"><img loading=\"lazy\" decoding=\"async\" class=\"wp-image-79259\" src=\"https:\/\/exceladvisor.org\/wp-content\/uploads\/2023\/08\/4-agregat-pour-ignorer-les-erreurs.png\" sizes=\"auto, \" srcset=\"\" alt=\"aggregare per ignorare gli errori\" width=\"459\" height=\"433\"><\/figure><\/div><p> Nel primo argomento della funzione \u00e8 necessario utilizzare il numero della funzione. Ci\u00f2 significa che se vuoi calcolare la media dei valori, seleziona la funzione dall&#8217;elenco. <\/p><div class=\"wp-block-image\"><figure class=\"aligncenter size-full is-resized\"><img loading=\"lazy\" decoding=\"async\" class=\"wp-image-79260\" src=\"https:\/\/exceladvisor.org\/wp-content\/uploads\/2023\/08\/5-premier-argument-de-la-fonction-dagregation.png\" sizes=\"auto, \" srcset=\"\" alt=\"primo argomento della funzione aggregata\" width=\"597\" height=\"370\"><\/figure><\/div><p> Successivamente, nel secondo argomento, seleziona l&#8217;opzione per ignorare gli errori o inserisci semplicemente 6. <\/p><div class=\"wp-block-image\"><figure class=\"aligncenter size-full is-resized\"><img loading=\"lazy\" decoding=\"async\" class=\"wp-image-79261\" src=\"https:\/\/exceladvisor.org\/wp-content\/uploads\/2023\/08\/6-options-de-selection-pour-ignorer-les-erreurs.png\" sizes=\"auto, \" srcset=\"\" alt=\"seleziona-opzioni-per-ignorare-errori\" width=\"739\" height=\"295\"><\/figure><\/div><p> Ora nel terzo argomento fai riferimento all&#8217;intervallo in cui hai valori da mediare. <\/p><div class=\"wp-block-image\"><figure class=\"aligncenter size-full is-resized\"><img loading=\"lazy\" decoding=\"async\" class=\"wp-image-79262\" src=\"https:\/\/exceladvisor.org\/wp-content\/uploads\/2023\/08\/7-se-referer-a-la-gamme.png\" sizes=\"auto, \" srcset=\"\" alt=\"fare riferimento alla gamma\" width=\"579\" height=\"387\"><\/figure><\/div><p> Alla fine, premi Invio per ottenere il risultato nella cella. <\/p><div class=\"gb-container gb-container-52dfcee1 gb-container-sample-file\"><h2 class=\"gb-headline gb-headline-e289c143 gb-headline-text gb-headline-4f7959c2\"> Ottieni il file Excel<\/h2><p> <a class=\"gb-button gb-button-e88d6bee gb-button-text gb-button-button1\" href=\"https:\/\/exceladvisor.org\/wp-content\/uploads\/2023\/08\/moyenne-des-erreurs-ignorees.xlsx\" rel=\"nofollow\">Scaricamento<\/a><\/p><\/div><div class=\"gb-container gb-container-0df56012 gb-container-mt\"> <a class=\"gb-button gb-button-f9f432f4 gb-button-text gb-button-mt-button\" href=\"https:\/\/exceladvisor.org\/it\/formule\/\">Elenco delle formule di Excel<\/a><h2 class=\"gb-headline gb-headline-233444e8 gb-headline-text gb-headline-mt-heading\"> Formule correlate <\/h2><div class=\"gb-grid-wrapper gb-grid-wrapper-a16fa65c gb-grid-wrapper-mt-grid\"><div class=\"gb-grid-column gb-grid-column-50d07e0d\"><div class=\"gb-container gb-container-50d07e0d\"><ul><li> <a href=\"https:\/\/exceladvisor.org\/it\/valori-massimi-medi\/\">Media dei 5 valori pi\u00f9 alti in Excel<\/a><\/li><li> <a href=\"https:\/\/exceladvisor.org\/it\/media-ponderata\/\">Calcola la media ponderata in Excel<\/a><\/li><li> <a href=\"https:\/\/exceladvisor.org\/it\/la-media-esclude-gli-zeri-2\/\">Numero medio ma esclusi gli zeri<\/a><\/li><li> <a href=\"https:\/\/exceladvisor.org\/it\/media-delle-celle-non-vuote-2\/\">Media solo celle non vuote<\/a><\/li><li> <a href=\"https:\/\/exceladvisor.org\/it\/percentuale-media-2\/\">Calcolare la media dei valori percentuali<\/a> <\/li><\/ul><\/div><\/div><div class=\"gb-grid-column gb-grid-column-5b4a0cf9\"><div class=\"gb-container gb-container-5b4a0cf9\"><\/div><\/div><\/div><\/div>","protected":false},"excerpt":{"rendered":"","protected":false},"author":1,"featured_media":0,"parent":0,"menu_order":0,"comment_status":"open","ping_status":"closed","template":"","meta":{"ub_ctt_via":"","footnotes":""},"class_list":["post-1701","page","type-page","status-publish","hentry"],"featured_image_src":null,"yoast_head":"<!-- This site is optimized with the Yoast SEO plugin v25.4 - https:\/\/yoast.com\/wordpress\/plugins\/seo\/ -->\n<title>\u25b7 Come correggere gli errori medi in Excel?<\/title>\n<meta name=\"description\" content=\"In questo tutorial impareremo come scrivere una formula per calcolare la media ma anche a ignorare gli errori durante il calcolo.\" \/>\n<meta name=\"robots\" content=\"index, follow, max-snippet:-1, max-image-preview:large, max-video-preview:-1\" \/>\n<link rel=\"canonical\" href=\"https:\/\/exceladvisor.org\/it\/media-degli-errori-ignorati-2\/\" \/>\n<meta property=\"og:locale\" content=\"it_IT\" \/>\n<meta property=\"og:type\" content=\"article\" \/>\n<meta property=\"og:title\" content=\"\u25b7 Come correggere gli errori medi in Excel?\" \/>\n<meta property=\"og:description\" content=\"In questo tutorial impareremo come scrivere una formula per calcolare la media ma anche a ignorare gli errori durante il calcolo.\" \/>\n<meta property=\"og:url\" content=\"https:\/\/exceladvisor.org\/it\/media-degli-errori-ignorati-2\/\" \/>\n<meta property=\"og:site_name\" content=\"Excel Advisor\" \/>\n<meta property=\"article:modified_time\" content=\"2023-12-10T06:22:44+00:00\" \/>\n<meta property=\"og:image\" content=\"https:\/\/exceladvisor.org\/wp-content\/uploads\/2023\/08\/1-na-erreur-dans-la-cellule.png\" \/>\n<meta name=\"twitter:card\" content=\"summary_large_image\" \/>\n<meta name=\"twitter:label1\" content=\"Tempo di lettura stimato\" \/>\n\t<meta name=\"twitter:data1\" content=\"2 minuti\" \/>\n<script type=\"application\/ld+json\" class=\"yoast-schema-graph\">{\"@context\":\"https:\/\/schema.org\",\"@graph\":[{\"@type\":\"WebPage\",\"@id\":\"https:\/\/exceladvisor.org\/it\/media-degli-errori-ignorati-2\/\",\"url\":\"https:\/\/exceladvisor.org\/it\/media-degli-errori-ignorati-2\/\",\"name\":\"\u25b7 Come correggere gli errori medi in Excel?\",\"isPartOf\":{\"@id\":\"https:\/\/exceladvisor.org\/it\/#website\"},\"primaryImageOfPage\":{\"@id\":\"https:\/\/exceladvisor.org\/it\/media-degli-errori-ignorati-2\/#primaryimage\"},\"image\":{\"@id\":\"https:\/\/exceladvisor.org\/it\/media-degli-errori-ignorati-2\/#primaryimage\"},\"thumbnailUrl\":\"https:\/\/exceladvisor.org\/wp-content\/uploads\/2023\/08\/1-na-erreur-dans-la-cellule.png\",\"datePublished\":\"2023-11-10T17:43:55+00:00\",\"dateModified\":\"2023-12-10T06:22:44+00:00\",\"description\":\"In questo tutorial impareremo come scrivere una formula per calcolare la media ma anche a ignorare gli errori durante il calcolo.\",\"breadcrumb\":{\"@id\":\"https:\/\/exceladvisor.org\/it\/media-degli-errori-ignorati-2\/#breadcrumb\"},\"inLanguage\":\"it-IT\",\"potentialAction\":[{\"@type\":\"ReadAction\",\"target\":[\"https:\/\/exceladvisor.org\/it\/media-degli-errori-ignorati-2\/\"]}]},{\"@type\":\"ImageObject\",\"inLanguage\":\"it-IT\",\"@id\":\"https:\/\/exceladvisor.org\/it\/media-degli-errori-ignorati-2\/#primaryimage\",\"url\":\"https:\/\/exceladvisor.org\/wp-content\/uploads\/2023\/08\/1-na-erreur-dans-la-cellule.png\",\"contentUrl\":\"https:\/\/exceladvisor.org\/wp-content\/uploads\/2023\/08\/1-na-erreur-dans-la-cellule.png\"},{\"@type\":\"BreadcrumbList\",\"@id\":\"https:\/\/exceladvisor.org\/it\/media-degli-errori-ignorati-2\/#breadcrumb\",\"itemListElement\":[{\"@type\":\"ListItem\",\"position\":1,\"name\":\"Home\",\"item\":\"https:\/\/exceladvisor.org\/it\/\"},{\"@type\":\"ListItem\",\"position\":2,\"name\":\"Come correggere gli errori medi in excel?\"}]},{\"@type\":\"WebSite\",\"@id\":\"https:\/\/exceladvisor.org\/it\/#website\",\"url\":\"https:\/\/exceladvisor.org\/it\/\",\"name\":\"Excel Advisor\",\"description\":\"Tips, Tricks, and Time-Saving Hacks\",\"publisher\":{\"@id\":\"https:\/\/exceladvisor.org\/it\/#organization\"},\"potentialAction\":[{\"@type\":\"SearchAction\",\"target\":{\"@type\":\"EntryPoint\",\"urlTemplate\":\"https:\/\/exceladvisor.org\/it\/?s={search_term_string}\"},\"query-input\":{\"@type\":\"PropertyValueSpecification\",\"valueRequired\":true,\"valueName\":\"search_term_string\"}}],\"inLanguage\":\"it-IT\"},{\"@type\":\"Organization\",\"@id\":\"https:\/\/exceladvisor.org\/it\/#organization\",\"name\":\"Excel Advisor\",\"url\":\"https:\/\/exceladvisor.org\/it\/\",\"logo\":{\"@type\":\"ImageObject\",\"inLanguage\":\"it-IT\",\"@id\":\"https:\/\/exceladvisor.org\/it\/#\/schema\/logo\/image\/\",\"url\":\"https:\/\/exceladvisor.org\/it\/wp-content\/uploads\/2023\/12\/exceladvisor.org_.png\",\"contentUrl\":\"https:\/\/exceladvisor.org\/it\/wp-content\/uploads\/2023\/12\/exceladvisor.org_.png\",\"width\":105,\"height\":36,\"caption\":\"Excel Advisor\"},\"image\":{\"@id\":\"https:\/\/exceladvisor.org\/it\/#\/schema\/logo\/image\/\"}}]}<\/script>\n<!-- \/ Yoast SEO plugin. -->","yoast_head_json":{"title":"\u25b7 Come correggere gli errori medi in Excel?","description":"In questo tutorial impareremo come scrivere una formula per calcolare la media ma anche a ignorare gli errori durante il calcolo.","robots":{"index":"index","follow":"follow","max-snippet":"max-snippet:-1","max-image-preview":"max-image-preview:large","max-video-preview":"max-video-preview:-1"},"canonical":"https:\/\/exceladvisor.org\/it\/media-degli-errori-ignorati-2\/","og_locale":"it_IT","og_type":"article","og_title":"\u25b7 Come correggere gli errori medi in Excel?","og_description":"In questo tutorial impareremo come scrivere una formula per calcolare la media ma anche a ignorare gli errori durante il calcolo.","og_url":"https:\/\/exceladvisor.org\/it\/media-degli-errori-ignorati-2\/","og_site_name":"Excel Advisor","article_modified_time":"2023-12-10T06:22:44+00:00","og_image":[{"url":"https:\/\/exceladvisor.org\/wp-content\/uploads\/2023\/08\/1-na-erreur-dans-la-cellule.png","type":"","width":"","height":""}],"twitter_card":"summary_large_image","twitter_misc":{"Tempo di lettura stimato":"2 minuti"},"schema":{"@context":"https:\/\/schema.org","@graph":[{"@type":"WebPage","@id":"https:\/\/exceladvisor.org\/it\/media-degli-errori-ignorati-2\/","url":"https:\/\/exceladvisor.org\/it\/media-degli-errori-ignorati-2\/","name":"\u25b7 Come correggere gli errori medi in Excel?","isPartOf":{"@id":"https:\/\/exceladvisor.org\/it\/#website"},"primaryImageOfPage":{"@id":"https:\/\/exceladvisor.org\/it\/media-degli-errori-ignorati-2\/#primaryimage"},"image":{"@id":"https:\/\/exceladvisor.org\/it\/media-degli-errori-ignorati-2\/#primaryimage"},"thumbnailUrl":"https:\/\/exceladvisor.org\/wp-content\/uploads\/2023\/08\/1-na-erreur-dans-la-cellule.png","datePublished":"2023-11-10T17:43:55+00:00","dateModified":"2023-12-10T06:22:44+00:00","description":"In questo tutorial impareremo come scrivere una formula per calcolare la media ma anche a ignorare gli errori durante il calcolo.","breadcrumb":{"@id":"https:\/\/exceladvisor.org\/it\/media-degli-errori-ignorati-2\/#breadcrumb"},"inLanguage":"it-IT","potentialAction":[{"@type":"ReadAction","target":["https:\/\/exceladvisor.org\/it\/media-degli-errori-ignorati-2\/"]}]},{"@type":"ImageObject","inLanguage":"it-IT","@id":"https:\/\/exceladvisor.org\/it\/media-degli-errori-ignorati-2\/#primaryimage","url":"https:\/\/exceladvisor.org\/wp-content\/uploads\/2023\/08\/1-na-erreur-dans-la-cellule.png","contentUrl":"https:\/\/exceladvisor.org\/wp-content\/uploads\/2023\/08\/1-na-erreur-dans-la-cellule.png"},{"@type":"BreadcrumbList","@id":"https:\/\/exceladvisor.org\/it\/media-degli-errori-ignorati-2\/#breadcrumb","itemListElement":[{"@type":"ListItem","position":1,"name":"Home","item":"https:\/\/exceladvisor.org\/it\/"},{"@type":"ListItem","position":2,"name":"Come correggere gli errori medi in excel?"}]},{"@type":"WebSite","@id":"https:\/\/exceladvisor.org\/it\/#website","url":"https:\/\/exceladvisor.org\/it\/","name":"Excel Advisor","description":"Tips, Tricks, and Time-Saving Hacks","publisher":{"@id":"https:\/\/exceladvisor.org\/it\/#organization"},"potentialAction":[{"@type":"SearchAction","target":{"@type":"EntryPoint","urlTemplate":"https:\/\/exceladvisor.org\/it\/?s={search_term_string}"},"query-input":{"@type":"PropertyValueSpecification","valueRequired":true,"valueName":"search_term_string"}}],"inLanguage":"it-IT"},{"@type":"Organization","@id":"https:\/\/exceladvisor.org\/it\/#organization","name":"Excel Advisor","url":"https:\/\/exceladvisor.org\/it\/","logo":{"@type":"ImageObject","inLanguage":"it-IT","@id":"https:\/\/exceladvisor.org\/it\/#\/schema\/logo\/image\/","url":"https:\/\/exceladvisor.org\/it\/wp-content\/uploads\/2023\/12\/exceladvisor.org_.png","contentUrl":"https:\/\/exceladvisor.org\/it\/wp-content\/uploads\/2023\/12\/exceladvisor.org_.png","width":105,"height":36,"caption":"Excel Advisor"},"image":{"@id":"https:\/\/exceladvisor.org\/it\/#\/schema\/logo\/image\/"}}]}},"yoast_meta":{"yoast_wpseo_title":"","yoast_wpseo_metadesc":"","yoast_wpseo_canonical":""},"_links":{"self":[{"href":"https:\/\/exceladvisor.org\/it\/wp-json\/wp\/v2\/pages\/1701","targetHints":{"allow":["GET"]}}],"collection":[{"href":"https:\/\/exceladvisor.org\/it\/wp-json\/wp\/v2\/pages"}],"about":[{"href":"https:\/\/exceladvisor.org\/it\/wp-json\/wp\/v2\/types\/page"}],"author":[{"embeddable":true,"href":"https:\/\/exceladvisor.org\/it\/wp-json\/wp\/v2\/users\/1"}],"replies":[{"embeddable":true,"href":"https:\/\/exceladvisor.org\/it\/wp-json\/wp\/v2\/comments?post=1701"}],"version-history":[{"count":1,"href":"https:\/\/exceladvisor.org\/it\/wp-json\/wp\/v2\/pages\/1701\/revisions"}],"predecessor-version":[{"id":2437,"href":"https:\/\/exceladvisor.org\/it\/wp-json\/wp\/v2\/pages\/1701\/revisions\/2437"}],"wp:attachment":[{"href":"https:\/\/exceladvisor.org\/it\/wp-json\/wp\/v2\/media?parent=1701"}],"curies":[{"name":"wp","href":"https:\/\/api.w.org\/{rel}","templated":true}]}}