{"id":1706,"date":"2023-11-10T10:28:08","date_gmt":"2023-11-10T10:28:08","guid":{"rendered":"https:\/\/exceladvisor.org\/it\/contare-i-caratteri-2\/"},"modified":"2023-12-10T06:22:02","modified_gmt":"2023-12-10T06:22:02","slug":"contare-i-caratteri-2","status":"publish","type":"page","link":"https:\/\/exceladvisor.org\/it\/contare-i-caratteri-2\/","title":{"rendered":"Come contare i caratteri in excel?"},"content":{"rendered":"<div class=\"excel-prima-del-contenuto\" id=\"excel-1173231956\"><script type=\"text\/javascript\">\r\n\tatOptions = {\r\n\t\t'key' : 'c1158f160081d6540a8409e6925dab94',\r\n\t\t'format' : 'iframe',\r\n\t\t'height' : 250,\r\n\t\t'width' : 300,\r\n\t\t'params' : {}\r\n\t};\r\n<\/script>\r\n<script type=\"text\/javascript\" src=\"\/\/www.highperformanceformat.com\/c1158f160081d6540a8409e6925dab94\/invoke.js\"><\/script><\/div> <p>In questo tutorial impareremo come scrivere diverse formule in Excel per contare il numero di caratteri in una cella o in un intervallo di celle.<\/p><h2 class=\"wp-block-heading\"> Contare i caratteri in una singola cella<\/h2><p> Per contare i caratteri in una cella, devi inserire la funzione LEN nella cella in cui vuoi ottenere il numero. Successivamente, fare riferimento alla cella (A1). Alla fine, premi Invio per ottenere il conteggio. Se hai pi\u00f9 celle, puoi applicare la stessa formula anche a quelle celle.<\/p><pre class=\"wp-block-code\"> <code class=\"language-excel-formula\" lang=\"excel-formula\">=LEN(B1)<\/code><\/pre><h2 class=\"wp-block-heading\"> Contare i caratteri senza spazi<\/h2><p> Se hai uno spazio o pi\u00f9 spazi in una cella, in questo caso puoi utilizzare la seguente formula in cui abbiamo utilizzato una combinazione di LEN e SUBSTITUTE. <\/p><div class=\"wp-block-image\"><figure class=\"aligncenter size-full is-resized\"><img loading=\"lazy\" decoding=\"async\" class=\"wp-image-79309\" src=\"https:\/\/exceladvisor.org\/wp-content\/uploads\/2023\/08\/2-chiffres-sans-espaces.png\" sizes=\"auto, \" srcset=\"\" alt=\"conteggio-caratteri-senza-spazi\" width=\"525\" height=\"269\"><\/figure><\/div><pre class=\"wp-block-code\"> <code class=\"language-excel-formula\" lang=\"excel-formula\">=LEN(SUBSTITUTE(A1,\" \",\"\"))<\/code><\/pre><p> In questa formula, abbiamo utilizzato SOSTITUISCI per sostituire lo spazio che hai tra &#8220;Ciao&#8221; e &#8220;Mondo!&#8221; \u00bb con un valore vuoto.<\/p><h2 class=\"wp-block-heading\"> Contare i caratteri in un intervallo<\/h2><p> Se disponi di un intervallo di celle e desideri contare i caratteri dell&#8217;intero intervallo, puoi utilizzare una combinazione di SUMPRODUCT e LEN.<\/p><pre class=\"wp-block-code\"> <code class=\"language-excel-formula\" lang=\"excel-formula\">=SUMPRODUCT(LEN(A1:A3))<\/code><\/pre><p> Quando usi SUMPRODUCT, pu\u00f2 prendere una tabella in una singola cella. In questo modo prende il valore di tutte le celle (3) nell&#8217;intervallo. E tra SUMPRODUCT, LEN ottiene il numero di caratteri.<\/p><p> Se hai una cella o pi\u00f9 celle in cui \u00e8 presente uno spazio nel valore e non vuoi contare quello spazio quando conti i caratteri. \u00c8 necessario creare una combinazione di SUMPRODUCT, LEN e SUBSTITUTE.<\/p><p> Nell&#8217;esempio sopra, abbiamo il numero 36 quando includi lo spazio mentre ottieni il numero di caratteri. Ma quando usiamo la formula (SUMPRODUCT, SUBSTITUTE e LEN).<\/p><pre class=\"wp-block-code\"> <code class=\"language-excel-formula\" lang=\"excel-formula\">=SUMPRODUCT(LEN(SUBSTITUTE(A1:A3,\" \",\"\")))<\/code><\/pre><h2 class=\"wp-block-heading\"> Conta un carattere specifico da una cella o da un intervallo<\/h2><p> Supponiamo che tu voglia ottenere il conteggio di un carattere specifico da una cella, puoi farlo combinando LEN e SUBSTITUTE. <\/p><div class=\"wp-block-image\"><figure class=\"aligncenter size-full is-resized\"><img loading=\"lazy\" decoding=\"async\" class=\"wp-image-79312\" src=\"https:\/\/exceladvisor.org\/wp-content\/uploads\/2023\/08\/5-compter-un-caractere-specifique.png\" sizes=\"auto, \" srcset=\"\" alt=\"conta un carattere specifico\" width=\"593\" height=\"302\"><\/figure><\/div><p> Nell&#8217;esempio sopra, abbiamo utilizzato la formula per contare l&#8217;asterisco (*) nella cella. <\/p><pre class=\"wp-block-code\"> <code class=\"language-excel-formula\" lang=\"excel-formula\">=LEN(A1)-LEN(SUBSTITUTE(A1,\"*\",\"\"))<\/code><\/pre><div class=\"wp-block-image\"><figure class=\"aligncenter size-full is-resized\"><img loading=\"lazy\" decoding=\"async\" class=\"wp-image-79313\" src=\"https:\/\/exceladvisor.org\/wp-content\/uploads\/2023\/08\/6-comprendre-len-et-remplacer-la-fonction.png\" sizes=\"auto, \" srcset=\"\" alt=\"comprendere-la-funzione-len-e-sostituire\" width=\"549\" height=\"118\"><\/figure><\/div><p> Questa funzione funziona in due parti:<\/p><ul><li> Nella prima parte hai la funzione LEN che ottiene il numero totale di caratteri nella cella.<\/li><li> Nella seconda parte hai SUBSTITUTE che sostituisce il (*) senza valore. Successivamente LEN restituisce il numero di caratteri senza asterisco.<\/li><\/ul><p> Alla fine, hai due account, uno con (*) e l&#8217;altro senza (*). E quando sottrai i due, ottieni il numero (*) nel risultato.<\/p><p> Allo stesso modo, se vuoi contare un carattere specifico da un intervallo di celle e devi racchiudere la formula sopra nella funzione SUMPRODUCT e fare riferimento all&#8217;intero intervallo anzich\u00e9 a una singola cella. <\/p><pre class=\"wp-block-code\"> <code class=\"language-excel-formula\" lang=\"excel-formula\">=SUMPRODUCT(LEN(A1:A7)-LEN(SUBSTITUTE(A1:A7,\"*\",\"\")))<\/code><\/pre><div class=\"wp-block-image\"><figure class=\"aligncenter size-full is-resized\"><img loading=\"lazy\" decoding=\"async\" class=\"wp-image-79314\" src=\"https:\/\/exceladvisor.org\/wp-content\/uploads\/2023\/08\/7-sumproduct-et-fonction-len.png\" sizes=\"auto, \" srcset=\"\" alt=\"funzione sommaprodotto e lente\" width=\"574\" height=\"402\"><\/figure><\/div><p> Quando usi SUMPRODUCT, prende l&#8217;intero intervallo come tabella e utilizza la formula per l&#8217;intero intervallo anzich\u00e9 solo per una cella. Questo significa:<\/p><p> Nella prima parte ottieni il numero totale di caratteri dell&#8217;intero intervallo e nella seconda parte, SUBSTITUTE, rimuovi (*) e LEN ottiene il numero. Successivamente, detraendo entrambi i conteggi, ottieni il numero del carattere specifico nel risultato. <\/p><div class=\"gb-container gb-container-52dfcee1 gb-container-sample-file\"><h2 class=\"gb-headline gb-headline-e289c143 gb-headline-text gb-headline-4f7959c2\"> Ottieni il file Excel<\/h2><p> <a class=\"gb-button gb-button-e88d6bee gb-button-text gb-button-button1\" href=\"https:\/\/exceladvisor.org\/wp-content\/uploads\/2023\/11\/compter-les-caracteres.xlsx\" rel=\"nofollow\">Scaricamento<\/a><\/p><\/div><div class=\"gb-container gb-container-0df56012 gb-container-mt\"> <a class=\"gb-button gb-button-f9f432f4 gb-button-text gb-button-mt-button\" href=\"https:\/\/exceladvisor.org\/it\/formule\/\">Elenco delle formule di Excel<\/a><h2 class=\"gb-headline gb-headline-233444e8 gb-headline-text gb-headline-mt-heading\"> Formule correlate <\/h2><div class=\"gb-grid-wrapper gb-grid-wrapper-a16fa65c gb-grid-wrapper-mt-grid\"><div class=\"gb-grid-column gb-grid-column-5b4a0cf9\"><div class=\"gb-container gb-container-5b4a0cf9\"><ul><li> <a href=\"https:\/\/exceladvisor.org\/it\/generare-gruppi-casuali\/\">Genera gruppi casuali<\/a><\/li><li> <a href=\"https:\/\/exceladvisor.org\/it\/confrontare-i-canali-2\/\">Confronta due stringhe (testo)<\/a><\/li><li> <a href=\"https:\/\/exceladvisor.org\/it\/ottenere-il-dominio\/\">Ottieni il dominio dall&#8217;ID e-mail<\/a><\/li><li> <a href=\"https:\/\/exceladvisor.org\/it\/estrarre-solo-numeri\/\">Estrai solo numeri da un testo (stringa)<\/a><\/li><li> <a href=\"https:\/\/exceladvisor.org\/it\/testo-dopo-prima\/\">Estrai il testo dopo e prima di un carattere in Excel<\/a><\/li><\/ul><\/div><\/div><\/div><\/div>","protected":false},"excerpt":{"rendered":"","protected":false},"author":1,"featured_media":0,"parent":0,"menu_order":0,"comment_status":"open","ping_status":"closed","template":"","meta":{"ub_ctt_via":"","footnotes":""},"class_list":["post-1706","page","type-page","status-publish","hentry"],"featured_image_src":null,"yoast_head":"<!-- This site is optimized with the Yoast SEO plugin v25.4 - https:\/\/yoast.com\/wordpress\/plugins\/seo\/ -->\n<title>Come contare i caratteri in Excel? (Tutorial 2023)<\/title>\n<meta name=\"description\" content=\"Questo tutorial ti insegner\u00e0 come scrivere una formula Excel per contare i caratteri in una cella o in un intervallo di celle.\" \/>\n<meta name=\"robots\" content=\"index, follow, max-snippet:-1, max-image-preview:large, max-video-preview:-1\" \/>\n<link rel=\"canonical\" href=\"https:\/\/exceladvisor.org\/it\/contare-i-caratteri-2\/\" \/>\n<meta property=\"og:locale\" content=\"it_IT\" \/>\n<meta property=\"og:type\" content=\"article\" \/>\n<meta property=\"og:title\" content=\"Come contare i caratteri in Excel? (Tutorial 2023)\" \/>\n<meta property=\"og:description\" content=\"Questo tutorial ti insegner\u00e0 come scrivere una formula Excel per contare i caratteri in una cella o in un intervallo di celle.\" \/>\n<meta property=\"og:url\" content=\"https:\/\/exceladvisor.org\/it\/contare-i-caratteri-2\/\" \/>\n<meta property=\"og:site_name\" content=\"Excel Advisor\" \/>\n<meta property=\"article:modified_time\" content=\"2023-12-10T06:22:02+00:00\" \/>\n<meta property=\"og:image\" content=\"https:\/\/exceladvisor.org\/wp-content\/uploads\/2023\/08\/2-chiffres-sans-espaces.png\" \/>\n<meta name=\"twitter:card\" content=\"summary_large_image\" \/>\n<meta name=\"twitter:label1\" content=\"Tempo di lettura stimato\" \/>\n\t<meta name=\"twitter:data1\" content=\"3 minuti\" \/>\n<script type=\"application\/ld+json\" class=\"yoast-schema-graph\">{\"@context\":\"https:\/\/schema.org\",\"@graph\":[{\"@type\":\"WebPage\",\"@id\":\"https:\/\/exceladvisor.org\/it\/contare-i-caratteri-2\/\",\"url\":\"https:\/\/exceladvisor.org\/it\/contare-i-caratteri-2\/\",\"name\":\"Come contare i caratteri in Excel? (Tutorial 2023)\",\"isPartOf\":{\"@id\":\"https:\/\/exceladvisor.org\/it\/#website\"},\"primaryImageOfPage\":{\"@id\":\"https:\/\/exceladvisor.org\/it\/contare-i-caratteri-2\/#primaryimage\"},\"image\":{\"@id\":\"https:\/\/exceladvisor.org\/it\/contare-i-caratteri-2\/#primaryimage\"},\"thumbnailUrl\":\"https:\/\/exceladvisor.org\/wp-content\/uploads\/2023\/08\/2-chiffres-sans-espaces.png\",\"datePublished\":\"2023-11-10T10:28:08+00:00\",\"dateModified\":\"2023-12-10T06:22:02+00:00\",\"description\":\"Questo tutorial ti insegner\u00e0 come scrivere una formula Excel per contare i caratteri in una cella o in un intervallo di celle.\",\"breadcrumb\":{\"@id\":\"https:\/\/exceladvisor.org\/it\/contare-i-caratteri-2\/#breadcrumb\"},\"inLanguage\":\"it-IT\",\"potentialAction\":[{\"@type\":\"ReadAction\",\"target\":[\"https:\/\/exceladvisor.org\/it\/contare-i-caratteri-2\/\"]}]},{\"@type\":\"ImageObject\",\"inLanguage\":\"it-IT\",\"@id\":\"https:\/\/exceladvisor.org\/it\/contare-i-caratteri-2\/#primaryimage\",\"url\":\"https:\/\/exceladvisor.org\/wp-content\/uploads\/2023\/08\/2-chiffres-sans-espaces.png\",\"contentUrl\":\"https:\/\/exceladvisor.org\/wp-content\/uploads\/2023\/08\/2-chiffres-sans-espaces.png\"},{\"@type\":\"BreadcrumbList\",\"@id\":\"https:\/\/exceladvisor.org\/it\/contare-i-caratteri-2\/#breadcrumb\",\"itemListElement\":[{\"@type\":\"ListItem\",\"position\":1,\"name\":\"Home\",\"item\":\"https:\/\/exceladvisor.org\/it\/\"},{\"@type\":\"ListItem\",\"position\":2,\"name\":\"Come contare i caratteri in excel?\"}]},{\"@type\":\"WebSite\",\"@id\":\"https:\/\/exceladvisor.org\/it\/#website\",\"url\":\"https:\/\/exceladvisor.org\/it\/\",\"name\":\"Excel Advisor\",\"description\":\"Tips, Tricks, and Time-Saving Hacks\",\"publisher\":{\"@id\":\"https:\/\/exceladvisor.org\/it\/#organization\"},\"potentialAction\":[{\"@type\":\"SearchAction\",\"target\":{\"@type\":\"EntryPoint\",\"urlTemplate\":\"https:\/\/exceladvisor.org\/it\/?s={search_term_string}\"},\"query-input\":{\"@type\":\"PropertyValueSpecification\",\"valueRequired\":true,\"valueName\":\"search_term_string\"}}],\"inLanguage\":\"it-IT\"},{\"@type\":\"Organization\",\"@id\":\"https:\/\/exceladvisor.org\/it\/#organization\",\"name\":\"Excel Advisor\",\"url\":\"https:\/\/exceladvisor.org\/it\/\",\"logo\":{\"@type\":\"ImageObject\",\"inLanguage\":\"it-IT\",\"@id\":\"https:\/\/exceladvisor.org\/it\/#\/schema\/logo\/image\/\",\"url\":\"https:\/\/exceladvisor.org\/it\/wp-content\/uploads\/2023\/12\/exceladvisor.org_.png\",\"contentUrl\":\"https:\/\/exceladvisor.org\/it\/wp-content\/uploads\/2023\/12\/exceladvisor.org_.png\",\"width\":105,\"height\":36,\"caption\":\"Excel Advisor\"},\"image\":{\"@id\":\"https:\/\/exceladvisor.org\/it\/#\/schema\/logo\/image\/\"}}]}<\/script>\n<!-- \/ Yoast SEO plugin. -->","yoast_head_json":{"title":"Come contare i caratteri in Excel? (Tutorial 2023)","description":"Questo tutorial ti insegner\u00e0 come scrivere una formula Excel per contare i caratteri in una cella o in un intervallo di celle.","robots":{"index":"index","follow":"follow","max-snippet":"max-snippet:-1","max-image-preview":"max-image-preview:large","max-video-preview":"max-video-preview:-1"},"canonical":"https:\/\/exceladvisor.org\/it\/contare-i-caratteri-2\/","og_locale":"it_IT","og_type":"article","og_title":"Come contare i caratteri in Excel? (Tutorial 2023)","og_description":"Questo tutorial ti insegner\u00e0 come scrivere una formula Excel per contare i caratteri in una cella o in un intervallo di celle.","og_url":"https:\/\/exceladvisor.org\/it\/contare-i-caratteri-2\/","og_site_name":"Excel Advisor","article_modified_time":"2023-12-10T06:22:02+00:00","og_image":[{"url":"https:\/\/exceladvisor.org\/wp-content\/uploads\/2023\/08\/2-chiffres-sans-espaces.png","type":"","width":"","height":""}],"twitter_card":"summary_large_image","twitter_misc":{"Tempo di lettura stimato":"3 minuti"},"schema":{"@context":"https:\/\/schema.org","@graph":[{"@type":"WebPage","@id":"https:\/\/exceladvisor.org\/it\/contare-i-caratteri-2\/","url":"https:\/\/exceladvisor.org\/it\/contare-i-caratteri-2\/","name":"Come contare i caratteri in Excel? (Tutorial 2023)","isPartOf":{"@id":"https:\/\/exceladvisor.org\/it\/#website"},"primaryImageOfPage":{"@id":"https:\/\/exceladvisor.org\/it\/contare-i-caratteri-2\/#primaryimage"},"image":{"@id":"https:\/\/exceladvisor.org\/it\/contare-i-caratteri-2\/#primaryimage"},"thumbnailUrl":"https:\/\/exceladvisor.org\/wp-content\/uploads\/2023\/08\/2-chiffres-sans-espaces.png","datePublished":"2023-11-10T10:28:08+00:00","dateModified":"2023-12-10T06:22:02+00:00","description":"Questo tutorial ti insegner\u00e0 come scrivere una formula Excel per contare i caratteri in una cella o in un intervallo di celle.","breadcrumb":{"@id":"https:\/\/exceladvisor.org\/it\/contare-i-caratteri-2\/#breadcrumb"},"inLanguage":"it-IT","potentialAction":[{"@type":"ReadAction","target":["https:\/\/exceladvisor.org\/it\/contare-i-caratteri-2\/"]}]},{"@type":"ImageObject","inLanguage":"it-IT","@id":"https:\/\/exceladvisor.org\/it\/contare-i-caratteri-2\/#primaryimage","url":"https:\/\/exceladvisor.org\/wp-content\/uploads\/2023\/08\/2-chiffres-sans-espaces.png","contentUrl":"https:\/\/exceladvisor.org\/wp-content\/uploads\/2023\/08\/2-chiffres-sans-espaces.png"},{"@type":"BreadcrumbList","@id":"https:\/\/exceladvisor.org\/it\/contare-i-caratteri-2\/#breadcrumb","itemListElement":[{"@type":"ListItem","position":1,"name":"Home","item":"https:\/\/exceladvisor.org\/it\/"},{"@type":"ListItem","position":2,"name":"Come contare i caratteri in excel?"}]},{"@type":"WebSite","@id":"https:\/\/exceladvisor.org\/it\/#website","url":"https:\/\/exceladvisor.org\/it\/","name":"Excel Advisor","description":"Tips, Tricks, and Time-Saving Hacks","publisher":{"@id":"https:\/\/exceladvisor.org\/it\/#organization"},"potentialAction":[{"@type":"SearchAction","target":{"@type":"EntryPoint","urlTemplate":"https:\/\/exceladvisor.org\/it\/?s={search_term_string}"},"query-input":{"@type":"PropertyValueSpecification","valueRequired":true,"valueName":"search_term_string"}}],"inLanguage":"it-IT"},{"@type":"Organization","@id":"https:\/\/exceladvisor.org\/it\/#organization","name":"Excel Advisor","url":"https:\/\/exceladvisor.org\/it\/","logo":{"@type":"ImageObject","inLanguage":"it-IT","@id":"https:\/\/exceladvisor.org\/it\/#\/schema\/logo\/image\/","url":"https:\/\/exceladvisor.org\/it\/wp-content\/uploads\/2023\/12\/exceladvisor.org_.png","contentUrl":"https:\/\/exceladvisor.org\/it\/wp-content\/uploads\/2023\/12\/exceladvisor.org_.png","width":105,"height":36,"caption":"Excel Advisor"},"image":{"@id":"https:\/\/exceladvisor.org\/it\/#\/schema\/logo\/image\/"}}]}},"yoast_meta":{"yoast_wpseo_title":"","yoast_wpseo_metadesc":"","yoast_wpseo_canonical":""},"_links":{"self":[{"href":"https:\/\/exceladvisor.org\/it\/wp-json\/wp\/v2\/pages\/1706","targetHints":{"allow":["GET"]}}],"collection":[{"href":"https:\/\/exceladvisor.org\/it\/wp-json\/wp\/v2\/pages"}],"about":[{"href":"https:\/\/exceladvisor.org\/it\/wp-json\/wp\/v2\/types\/page"}],"author":[{"embeddable":true,"href":"https:\/\/exceladvisor.org\/it\/wp-json\/wp\/v2\/users\/1"}],"replies":[{"embeddable":true,"href":"https:\/\/exceladvisor.org\/it\/wp-json\/wp\/v2\/comments?post=1706"}],"version-history":[{"count":1,"href":"https:\/\/exceladvisor.org\/it\/wp-json\/wp\/v2\/pages\/1706\/revisions"}],"predecessor-version":[{"id":2395,"href":"https:\/\/exceladvisor.org\/it\/wp-json\/wp\/v2\/pages\/1706\/revisions\/2395"}],"wp:attachment":[{"href":"https:\/\/exceladvisor.org\/it\/wp-json\/wp\/v2\/media?parent=1706"}],"curies":[{"name":"wp","href":"https:\/\/api.w.org\/{rel}","templated":true}]}}