{"id":1711,"date":"2023-11-10T09:08:34","date_gmt":"2023-11-10T09:08:34","guid":{"rendered":"https:\/\/exceladvisor.org\/it\/numeri-piu-frequenti\/"},"modified":"2023-12-10T06:28:14","modified_gmt":"2023-12-10T06:28:14","slug":"numeri-piu-frequenti","status":"publish","type":"page","link":"https:\/\/exceladvisor.org\/it\/numeri-piu-frequenti\/","title":{"rendered":"Ottieni i numeri pi\u00f9 frequenti di un array"},"content":{"rendered":"<div class=\"excel-prima-del-contenuto\" id=\"excel-918829888\"><script type=\"text\/javascript\">\r\n\tatOptions = {\r\n\t\t'key' : 'c1158f160081d6540a8409e6925dab94',\r\n\t\t'format' : 'iframe',\r\n\t\t'height' : 250,\r\n\t\t'width' : 300,\r\n\t\t'params' : {}\r\n\t};\r\n<\/script>\r\n<script type=\"text\/javascript\" src=\"\/\/www.highperformanceformat.com\/c1158f160081d6540a8409e6925dab94\/invoke.js\"><\/script><\/div> <p>Esistono due funzioni in Excel che puoi utilizzare per ottenere i numeri pi\u00f9 frequenti da un elenco di numeri. Il primo \u00e8 MODE e il secondo \u00e8 MODE.MULT. La prima funzione ti aiuta a ottenere il numero pi\u00f9 frequente, mentre la seconda ti aiuta a ottenerne pi\u00f9 di uno. <\/p><div class=\"wp-block-image\"><figure class=\"aligncenter size-full is-resized\"><img loading=\"lazy\" decoding=\"async\" class=\"wp-image-79886\" src=\"https:\/\/exceladvisor.org\/wp-content\/uploads\/2023\/08\/1-obtenir-les-numeros-les-plus-frequents.png\" sizes=\"auto, \" srcset=\"\" alt=\"ottenere i numeri pi\u00f9 frequenti\" width=\"577\" height=\"418\"><\/figure><\/div><p> Impariamo entrambe le formule una per una.<\/p><h2 class=\"wp-block-heading\"> Formula per ottenere il numero pi\u00f9 frequente (MODE)<\/h2><p> \u00c8 possibile utilizzare i passaggi seguenti:<\/p><ol type=\"1\"><li> Per prima cosa inserisci la funzione MODE in una cella.<\/li><li> Successivamente, inserisci le parentesi iniziali.<\/li><li> Quindi fare riferimento all&#8217;intervallo in cui si dispone dell&#8217;elenco dei numeri.<\/li><li> Alla fine, inserisci le parentesi di chiusura e premi Invio per ottenere il risultato. <\/li><\/ol><div class=\"wp-block-image\"><figure class=\"aligncenter size-full is-resized\"><img loading=\"lazy\" decoding=\"async\" class=\"wp-image-79887\" src=\"https:\/\/exceladvisor.org\/wp-content\/uploads\/2023\/08\/2-mode-pour-obtenir-le-numero-le-plus-frequent.png\" sizes=\"auto, \" srcset=\"\" alt=\"modalit\u00e0 per ottenere il numero univoco pi\u00f9 frequente\" width=\"363\" height=\"474\"><\/figure><\/div><pre class=\"wp-block-code\"> <code class=\"language-excel-formula\" lang=\"excel-formula\">=MODE(A1:A9)<\/code><\/pre><p> MODE \u00e8 una vecchia funzione ma \u00e8 ancora disponibile per compatibilit\u00e0 con le versioni precedenti. Ma c&#8217;\u00e8 un difetto in questa funzione. Se in un elenco sono presenti due numeri che compaiono allo stesso modo nell&#8217;elenco, MODE non sar\u00e0 in grado di fornire entrambi i numeri nel risultato. <\/p><div class=\"wp-block-image\"><figure class=\"aligncenter size-full is-resized\"><img loading=\"lazy\" decoding=\"async\" class=\"wp-image-79888\" src=\"https:\/\/exceladvisor.org\/wp-content\/uploads\/2023\/08\/3-modes-de-resultat.png\" sizes=\"auto, \" srcset=\"\" alt=\"modalit\u00e0 risultato\" width=\"371\" height=\"505\"><\/figure><\/div><p> Nell&#8217;esempio sopra hai 30 e 10; entrambi i numeri compaiono quattro volte nell&#8217;elenco, ma MODALIT\u00c0 restituisce 30 nel risultato, non 10 o entrambi 10 e 30.<\/p><h2 class=\"wp-block-heading\"> Formula per ottenere pi\u00f9 numeri frequenti (MODE.MULT)<\/h2><p> \u00c8 possibile utilizzare i passaggi seguenti:<\/p><ol type=\"1\"><li> Per prima cosa inserisci la funzione MODE.MULT di Excel in una cella.<\/li><li> Successivamente, inserisci le parentesi iniziali.<\/li><li> Successivamente, fai riferimento all&#8217;intervallo di celle in cui hai l&#8217;elenco dei numeri.<\/li><li> Alla fine, inserisci le parentesi di chiusura e premi Invio per ottenere il risultato. <\/li><\/ol><div class=\"wp-block-image\"><figure class=\"aligncenter size-full is-resized\"><img loading=\"lazy\" decoding=\"async\" class=\"wp-image-79889\" src=\"https:\/\/exceladvisor.org\/wp-content\/uploads\/2023\/08\/4-obtenir-plusieurs-numeros-frequents.png\" sizes=\"auto, \" srcset=\"\" alt=\"ottenere pi\u00f9 numeri frequenti\" width=\"377\" height=\"457\"><\/figure><\/div><p> MODE.MULT \u00e8 una funzione di matrice dinamica che pu\u00f2 restituire risultati in pi\u00f9 celle. Ecco perch\u00e9 nel risultato vengono restituiti 30 e 10, poich\u00e9 entrambi i numeri compaiono equamente nell&#8217;elenco.<\/p><pre class=\"wp-block-code\"> <code class=\"language-excel-formula\" lang=\"excel-formula\">=MODE.MULT(A1:A9)<\/code><\/pre><p> E se vuoi ottenere il risultato in forma orizzontale all&#8217;interno di un intervallo, puoi utilizzare la funzione TRASPOSIZIONE. <\/p><div class=\"wp-block-image\"><figure class=\"aligncenter size-full is-resized\"><img loading=\"lazy\" decoding=\"async\" class=\"wp-image-79890\" src=\"https:\/\/exceladvisor.org\/wp-content\/uploads\/2023\/08\/5-modes-de-transposition-multi-resultats.png\" sizes=\"auto, \" srcset=\"\" alt=\"modalit\u00e0-trasposizione.risultato multiplo\" width=\"606\" height=\"271\"><\/figure><\/div><pre class=\"wp-block-code\"> <code class=\"language-excel-formula\" lang=\"excel-formula\">=TRANSPOSE(MODE.MULT(A1:A9))<\/code><\/pre><div class=\"gb-container gb-container-52dfcee1 gb-container-sample-file\"><h2 class=\"gb-headline gb-headline-e289c143 gb-headline-text gb-headline-4f7959c2\"> Ottieni il file Excel<\/h2> <a class=\"gb-button gb-button-e88d6bee gb-button-text gb-button-button1\" href=\"https:\/\/exceladvisor.org\/wp-content\/uploads\/2023\/08\/numero-le-plus-frequent.xlsx\" rel=\"nofollow\">Scaricamento<\/a><\/div><div class=\"gb-container gb-container-0df56012 gb-container-mt\"> <a class=\"gb-button gb-button-f9f432f4 gb-button-text gb-button-mt-button\" href=\"https:\/\/exceladvisor.org\/it\/formule\/\">Elenco delle formule di Excel<\/a><h2 class=\"gb-headline gb-headline-233444e8 gb-headline-text gb-headline-mt-heading\"> Formule correlate <\/h2><div class=\"gb-grid-wrapper gb-grid-wrapper-a16fa65c gb-grid-wrapper-mt-grid\"><div class=\"gb-grid-column gb-grid-column-50d07e0d\"><div class=\"gb-container gb-container-50d07e0d\"><ul><li> <a href=\"https:\/\/exceladvisor.org\/it\/coefficiente-di-variazione\/\">Calcolare il coefficiente di variazione (CV) in Excel<\/a><\/li><li> <a href=\"https:\/\/exceladvisor.org\/it\/massimo-se\/\">MAX SE in Excel<\/a><\/li><li> <a href=\"https:\/\/exceladvisor.org\/it\/rapporto\/\">Calcola rapidamente il rapporto in Excel<\/a><\/li><li> <a href=\"https:\/\/exceladvisor.org\/it\/valore-piu-basso\/\">Trova il valore pi\u00f9 basso da un elenco di numeri (N)<\/a> <\/li><\/ul><\/div><\/div><div class=\"gb-grid-column gb-grid-column-5b4a0cf9\"><div class=\"gb-container gb-container-5b4a0cf9\"><\/div><\/div><\/div><\/div>","protected":false},"excerpt":{"rendered":"","protected":false},"author":1,"featured_media":0,"parent":0,"menu_order":0,"comment_status":"open","ping_status":"closed","template":"","meta":{"ub_ctt_via":"","footnotes":""},"class_list":["post-1711","page","type-page","status-publish","hentry"],"featured_image_src":null,"yoast_head":"<!-- This site is optimized with the Yoast SEO plugin v25.4 - https:\/\/yoast.com\/wordpress\/plugins\/seo\/ -->\n<title>Ottieni i numeri pi\u00f9 frequenti da un array<\/title>\n<meta name=\"description\" content=\"Questo tutorial ti insegner\u00e0 come scrivere una formula Excel per ottenere il numero pi\u00f9 frequente dall&#039;elenco dei numeri. Controlliamo questo...\" \/>\n<meta name=\"robots\" content=\"index, follow, max-snippet:-1, max-image-preview:large, max-video-preview:-1\" \/>\n<link rel=\"canonical\" href=\"https:\/\/exceladvisor.org\/it\/numeri-piu-frequenti\/\" \/>\n<meta property=\"og:locale\" content=\"it_IT\" \/>\n<meta property=\"og:type\" content=\"article\" \/>\n<meta property=\"og:title\" content=\"Ottieni i numeri pi\u00f9 frequenti da un array\" \/>\n<meta property=\"og:description\" content=\"Questo tutorial ti insegner\u00e0 come scrivere una formula Excel per ottenere il numero pi\u00f9 frequente dall&#039;elenco dei numeri. Controlliamo questo...\" \/>\n<meta property=\"og:url\" content=\"https:\/\/exceladvisor.org\/it\/numeri-piu-frequenti\/\" \/>\n<meta property=\"og:site_name\" content=\"Excel Advisor\" \/>\n<meta property=\"article:modified_time\" content=\"2023-12-10T06:28:14+00:00\" \/>\n<meta property=\"og:image\" content=\"https:\/\/exceladvisor.org\/wp-content\/uploads\/2023\/08\/1-obtenir-les-numeros-les-plus-frequents.png\" \/>\n<meta name=\"twitter:card\" content=\"summary_large_image\" \/>\n<meta name=\"twitter:label1\" content=\"Tempo di lettura stimato\" \/>\n\t<meta name=\"twitter:data1\" content=\"2 minuti\" \/>\n<script type=\"application\/ld+json\" class=\"yoast-schema-graph\">{\"@context\":\"https:\/\/schema.org\",\"@graph\":[{\"@type\":\"WebPage\",\"@id\":\"https:\/\/exceladvisor.org\/it\/numeri-piu-frequenti\/\",\"url\":\"https:\/\/exceladvisor.org\/it\/numeri-piu-frequenti\/\",\"name\":\"Ottieni i numeri pi\u00f9 frequenti da un array\",\"isPartOf\":{\"@id\":\"https:\/\/exceladvisor.org\/it\/#website\"},\"primaryImageOfPage\":{\"@id\":\"https:\/\/exceladvisor.org\/it\/numeri-piu-frequenti\/#primaryimage\"},\"image\":{\"@id\":\"https:\/\/exceladvisor.org\/it\/numeri-piu-frequenti\/#primaryimage\"},\"thumbnailUrl\":\"https:\/\/exceladvisor.org\/wp-content\/uploads\/2023\/08\/1-obtenir-les-numeros-les-plus-frequents.png\",\"datePublished\":\"2023-11-10T09:08:34+00:00\",\"dateModified\":\"2023-12-10T06:28:14+00:00\",\"description\":\"Questo tutorial ti insegner\u00e0 come scrivere una formula Excel per ottenere il numero pi\u00f9 frequente dall&#39;elenco dei numeri. Controlliamo questo...\",\"breadcrumb\":{\"@id\":\"https:\/\/exceladvisor.org\/it\/numeri-piu-frequenti\/#breadcrumb\"},\"inLanguage\":\"it-IT\",\"potentialAction\":[{\"@type\":\"ReadAction\",\"target\":[\"https:\/\/exceladvisor.org\/it\/numeri-piu-frequenti\/\"]}]},{\"@type\":\"ImageObject\",\"inLanguage\":\"it-IT\",\"@id\":\"https:\/\/exceladvisor.org\/it\/numeri-piu-frequenti\/#primaryimage\",\"url\":\"https:\/\/exceladvisor.org\/wp-content\/uploads\/2023\/08\/1-obtenir-les-numeros-les-plus-frequents.png\",\"contentUrl\":\"https:\/\/exceladvisor.org\/wp-content\/uploads\/2023\/08\/1-obtenir-les-numeros-les-plus-frequents.png\"},{\"@type\":\"BreadcrumbList\",\"@id\":\"https:\/\/exceladvisor.org\/it\/numeri-piu-frequenti\/#breadcrumb\",\"itemListElement\":[{\"@type\":\"ListItem\",\"position\":1,\"name\":\"Home\",\"item\":\"https:\/\/exceladvisor.org\/it\/\"},{\"@type\":\"ListItem\",\"position\":2,\"name\":\"Ottieni i numeri pi\u00f9 frequenti di un array\"}]},{\"@type\":\"WebSite\",\"@id\":\"https:\/\/exceladvisor.org\/it\/#website\",\"url\":\"https:\/\/exceladvisor.org\/it\/\",\"name\":\"Excel Advisor\",\"description\":\"Tips, Tricks, and Time-Saving Hacks\",\"publisher\":{\"@id\":\"https:\/\/exceladvisor.org\/it\/#organization\"},\"potentialAction\":[{\"@type\":\"SearchAction\",\"target\":{\"@type\":\"EntryPoint\",\"urlTemplate\":\"https:\/\/exceladvisor.org\/it\/?s={search_term_string}\"},\"query-input\":{\"@type\":\"PropertyValueSpecification\",\"valueRequired\":true,\"valueName\":\"search_term_string\"}}],\"inLanguage\":\"it-IT\"},{\"@type\":\"Organization\",\"@id\":\"https:\/\/exceladvisor.org\/it\/#organization\",\"name\":\"Excel Advisor\",\"url\":\"https:\/\/exceladvisor.org\/it\/\",\"logo\":{\"@type\":\"ImageObject\",\"inLanguage\":\"it-IT\",\"@id\":\"https:\/\/exceladvisor.org\/it\/#\/schema\/logo\/image\/\",\"url\":\"https:\/\/exceladvisor.org\/it\/wp-content\/uploads\/2023\/12\/exceladvisor.org_.png\",\"contentUrl\":\"https:\/\/exceladvisor.org\/it\/wp-content\/uploads\/2023\/12\/exceladvisor.org_.png\",\"width\":105,\"height\":36,\"caption\":\"Excel Advisor\"},\"image\":{\"@id\":\"https:\/\/exceladvisor.org\/it\/#\/schema\/logo\/image\/\"}}]}<\/script>\n<!-- \/ Yoast SEO plugin. -->","yoast_head_json":{"title":"Ottieni i numeri pi\u00f9 frequenti da un array","description":"Questo tutorial ti insegner\u00e0 come scrivere una formula Excel per ottenere il numero pi\u00f9 frequente dall&#39;elenco dei numeri. Controlliamo questo...","robots":{"index":"index","follow":"follow","max-snippet":"max-snippet:-1","max-image-preview":"max-image-preview:large","max-video-preview":"max-video-preview:-1"},"canonical":"https:\/\/exceladvisor.org\/it\/numeri-piu-frequenti\/","og_locale":"it_IT","og_type":"article","og_title":"Ottieni i numeri pi\u00f9 frequenti da un array","og_description":"Questo tutorial ti insegner\u00e0 come scrivere una formula Excel per ottenere il numero pi\u00f9 frequente dall&#39;elenco dei numeri. Controlliamo questo...","og_url":"https:\/\/exceladvisor.org\/it\/numeri-piu-frequenti\/","og_site_name":"Excel Advisor","article_modified_time":"2023-12-10T06:28:14+00:00","og_image":[{"url":"https:\/\/exceladvisor.org\/wp-content\/uploads\/2023\/08\/1-obtenir-les-numeros-les-plus-frequents.png","type":"","width":"","height":""}],"twitter_card":"summary_large_image","twitter_misc":{"Tempo di lettura stimato":"2 minuti"},"schema":{"@context":"https:\/\/schema.org","@graph":[{"@type":"WebPage","@id":"https:\/\/exceladvisor.org\/it\/numeri-piu-frequenti\/","url":"https:\/\/exceladvisor.org\/it\/numeri-piu-frequenti\/","name":"Ottieni i numeri pi\u00f9 frequenti da un array","isPartOf":{"@id":"https:\/\/exceladvisor.org\/it\/#website"},"primaryImageOfPage":{"@id":"https:\/\/exceladvisor.org\/it\/numeri-piu-frequenti\/#primaryimage"},"image":{"@id":"https:\/\/exceladvisor.org\/it\/numeri-piu-frequenti\/#primaryimage"},"thumbnailUrl":"https:\/\/exceladvisor.org\/wp-content\/uploads\/2023\/08\/1-obtenir-les-numeros-les-plus-frequents.png","datePublished":"2023-11-10T09:08:34+00:00","dateModified":"2023-12-10T06:28:14+00:00","description":"Questo tutorial ti insegner\u00e0 come scrivere una formula Excel per ottenere il numero pi\u00f9 frequente dall&#39;elenco dei numeri. Controlliamo questo...","breadcrumb":{"@id":"https:\/\/exceladvisor.org\/it\/numeri-piu-frequenti\/#breadcrumb"},"inLanguage":"it-IT","potentialAction":[{"@type":"ReadAction","target":["https:\/\/exceladvisor.org\/it\/numeri-piu-frequenti\/"]}]},{"@type":"ImageObject","inLanguage":"it-IT","@id":"https:\/\/exceladvisor.org\/it\/numeri-piu-frequenti\/#primaryimage","url":"https:\/\/exceladvisor.org\/wp-content\/uploads\/2023\/08\/1-obtenir-les-numeros-les-plus-frequents.png","contentUrl":"https:\/\/exceladvisor.org\/wp-content\/uploads\/2023\/08\/1-obtenir-les-numeros-les-plus-frequents.png"},{"@type":"BreadcrumbList","@id":"https:\/\/exceladvisor.org\/it\/numeri-piu-frequenti\/#breadcrumb","itemListElement":[{"@type":"ListItem","position":1,"name":"Home","item":"https:\/\/exceladvisor.org\/it\/"},{"@type":"ListItem","position":2,"name":"Ottieni i numeri pi\u00f9 frequenti di un array"}]},{"@type":"WebSite","@id":"https:\/\/exceladvisor.org\/it\/#website","url":"https:\/\/exceladvisor.org\/it\/","name":"Excel Advisor","description":"Tips, Tricks, and Time-Saving Hacks","publisher":{"@id":"https:\/\/exceladvisor.org\/it\/#organization"},"potentialAction":[{"@type":"SearchAction","target":{"@type":"EntryPoint","urlTemplate":"https:\/\/exceladvisor.org\/it\/?s={search_term_string}"},"query-input":{"@type":"PropertyValueSpecification","valueRequired":true,"valueName":"search_term_string"}}],"inLanguage":"it-IT"},{"@type":"Organization","@id":"https:\/\/exceladvisor.org\/it\/#organization","name":"Excel Advisor","url":"https:\/\/exceladvisor.org\/it\/","logo":{"@type":"ImageObject","inLanguage":"it-IT","@id":"https:\/\/exceladvisor.org\/it\/#\/schema\/logo\/image\/","url":"https:\/\/exceladvisor.org\/it\/wp-content\/uploads\/2023\/12\/exceladvisor.org_.png","contentUrl":"https:\/\/exceladvisor.org\/it\/wp-content\/uploads\/2023\/12\/exceladvisor.org_.png","width":105,"height":36,"caption":"Excel Advisor"},"image":{"@id":"https:\/\/exceladvisor.org\/it\/#\/schema\/logo\/image\/"}}]}},"yoast_meta":{"yoast_wpseo_title":"","yoast_wpseo_metadesc":"","yoast_wpseo_canonical":""},"_links":{"self":[{"href":"https:\/\/exceladvisor.org\/it\/wp-json\/wp\/v2\/pages\/1711","targetHints":{"allow":["GET"]}}],"collection":[{"href":"https:\/\/exceladvisor.org\/it\/wp-json\/wp\/v2\/pages"}],"about":[{"href":"https:\/\/exceladvisor.org\/it\/wp-json\/wp\/v2\/types\/page"}],"author":[{"embeddable":true,"href":"https:\/\/exceladvisor.org\/it\/wp-json\/wp\/v2\/users\/1"}],"replies":[{"embeddable":true,"href":"https:\/\/exceladvisor.org\/it\/wp-json\/wp\/v2\/comments?post=1711"}],"version-history":[{"count":1,"href":"https:\/\/exceladvisor.org\/it\/wp-json\/wp\/v2\/pages\/1711\/revisions"}],"predecessor-version":[{"id":2938,"href":"https:\/\/exceladvisor.org\/it\/wp-json\/wp\/v2\/pages\/1711\/revisions\/2938"}],"wp:attachment":[{"href":"https:\/\/exceladvisor.org\/it\/wp-json\/wp\/v2\/media?parent=1711"}],"curies":[{"name":"wp","href":"https:\/\/api.w.org\/{rel}","templated":true}]}}