{"id":1712,"date":"2023-11-10T09:01:18","date_gmt":"2023-11-10T09:01:18","guid":{"rendered":"https:\/\/exceladvisor.org\/it\/giorni-tra-due-date\/"},"modified":"2023-12-10T06:22:04","modified_gmt":"2023-12-10T06:22:04","slug":"giorni-tra-due-date","status":"publish","type":"page","link":"https:\/\/exceladvisor.org\/it\/giorni-tra-due-date\/","title":{"rendered":"Come contare i giorni tra due date?"},"content":{"rendered":"<div class=\"excel-prima-del-contenuto\" id=\"excel-2403222903\"><script type=\"text\/javascript\">\r\n\tatOptions = {\r\n\t\t'key' : 'c1158f160081d6540a8409e6925dab94',\r\n\t\t'format' : 'iframe',\r\n\t\t'height' : 250,\r\n\t\t'width' : 300,\r\n\t\t'params' : {}\r\n\t};\r\n<\/script>\r\n<script type=\"text\/javascript\" src=\"\/\/www.highperformanceformat.com\/c1158f160081d6540a8409e6925dab94\/invoke.js\"><\/script><\/div> <p>Per contare i giorni tra due date (un intervallo di date), \u00e8 necessario utilizzare la funzione CONTA.SE invece di CONTA.SE. Per creare un intervallo di date, \u00e8 necessario specificare una data inferiore e una data superiore. Ci\u00f2 indica a Excel di contare solo i giorni compresi nell&#8217;intervallo di giorni. <\/p><div class=\"wp-block-image\"><figure class=\"aligncenter size-full is-resized\"><img loading=\"lazy\" decoding=\"async\" class=\"wp-image-79385\" src=\"https:\/\/exceladvisor.org\/wp-content\/uploads\/2023\/08\/1-jours-entre-deux-dates.png\" sizes=\"auto, \" srcset=\"\" alt=\"giorni-tra-due-appuntamenti\" width=\"664\" height=\"506\"><\/figure><\/div><h2 id=\"h-formula-to-count-days-between-two-dates\" class=\"wp-block-heading\"> Formula per contare i giorni tra due date<\/h2><p> \u00c8 possibile utilizzare i seguenti passaggi:<\/p><ol type=\"1\"><li> Per prima cosa inserisci la funzione CONTA.SE in una cella.<\/li><li> Successivamente, nell&#8217;argomento intervallo_criteri1, fai riferimento all&#8217;intervallo in cui sono presenti le date.<\/li><li> Quindi, nell&#8217;argomento criteri1, inserisci il segno maggiore di (&gt;) e uguale (=) e racchiudilo tra virgolette doppie. E poi, fai riferimento alla cella in cui hai la data pi\u00f9 bassa.<\/li><li> Ora nell&#8217;intervallo di criteri 2, fai nuovamente riferimento all&#8217;intervallo di date.<\/li><li> Successivamente, nel criterio 2, inserisci il segno minore di (&lt;) e uguale (=) e racchiudilo tra virgolette doppie. E poi, fai riferimento alla cella in cui hai la data superiore.<\/li><li> Alla fine, chiudi la funzione e premi Invio per ottenere il risultato. <\/li><\/ol><div class=\"wp-block-image\"><figure class=\"aligncenter size-full is-resized\"><img loading=\"lazy\" decoding=\"async\" class=\"wp-image-79386\" src=\"https:\/\/exceladvisor.org\/wp-content\/uploads\/2023\/08\/2-countif-pour-compter-les-jours-entre-les-dates.png\" sizes=\"auto, \" srcset=\"\" alt=\"conteggio-per-contare-giorni-tra-le-date\" width=\"751\" height=\"494\"><\/figure><\/div><pre class=\"wp-block-code\"> <code class=\"language-excel-formula\" lang=\"excel-formula\">=COUNTIFS(A2:A17,\"&gt;=\"&amp;E2,A2:A17,\"&lt;=\"&amp;F2)<\/code><\/pre><h2 id=\"h-how-this-formula-works\" class=\"wp-block-heading\"> Come funziona questa formula?<\/h2><p> Per comprendere questa formula, puoi scomporla in due parti. <\/p><div class=\"wp-block-image\"><figure class=\"aligncenter size-full is-resized\"><img loading=\"lazy\" decoding=\"async\" class=\"wp-image-79387\" src=\"https:\/\/exceladvisor.org\/wp-content\/uploads\/2023\/08\/3-comment-fonctionne-la-formule-countif.png\" sizes=\"auto, \" srcset=\"\" alt=\"come funziona la formula countif\" width=\"524\" height=\"158\"><\/figure><\/div><ul><li> Nella prima parte, hai la condizione di testare celle maggiori e uguali alla data che hai nella cella E2. cio\u00e8 il 4 novembre 2022.<\/li><li> Nella seconda parte, hai la condizione di testare le celle inferiori e uguali alla data che hai nella cella F2. cio\u00e8 il 4 dicembre 2022.<\/li><\/ul><p> Pertanto, 15 celle hanno date comprese tra il 4 novembre 2022 e il 4 dicembre 2022.<\/p><p class=\"qt-tip\"> <strong>Nota:<\/strong> assicurati di inserire gli operatori maggiore di (&gt;), minore di (&lt;) e uguale (=) come testo e racchiusi tra virgolette doppie.<\/p><h2 id=\"h-use-sumproduct-to-count-between-dates\" class=\"wp-block-heading\"> Utilizzare SUMPRODUCT per contare tra le date<\/h2><p> Puoi anche utilizzare SUMPRODUCT per contare le date tra due date, come nell&#8217;esempio seguente: <\/p><div class=\"wp-block-image\"><figure class=\"aligncenter size-full is-resized\"><img loading=\"lazy\" decoding=\"async\" class=\"wp-image-79388\" src=\"https:\/\/exceladvisor.org\/wp-content\/uploads\/2023\/08\/4-sumproduct-pour-compter-les-jours.png\" sizes=\"auto, \" srcset=\"\" alt=\"somma-prodotto-giorni\" width=\"567\" height=\"568\"><\/figure><\/div><pre class=\"wp-block-code\"> <code class=\"language-excel-formula\" lang=\"excel-formula\">=SUMPRODUCT(--(A2:A17&lt;=F2),--(A2:A17&gt;=E2))<\/code><\/pre><p> Ora capiamo questa formula passo dopo passo. Ma prima devi sapere che SUMPRODUCT pu\u00f2 accettare un array in una singola cella.<\/p><p> Nella prima parte della formula hai una condizione per controllare tutte le date nell&#8217;intervallo. Verificher\u00e0 quale \u00e8 inferiore e uguale alla data specificata. Puoi vedere che restituisce TRUE e FALSE. <\/p><div class=\"wp-block-image\"><figure class=\"aligncenter size-full is-resized\"><img loading=\"lazy\" decoding=\"async\" class=\"wp-image-79389\" src=\"https:\/\/exceladvisor.org\/wp-content\/uploads\/2023\/08\/5-comprendre-sumproduct-pour-compter-les-jours.png\" sizes=\"auto, \" srcset=\"\" alt=\"comprendere la somma prodotta per contare i giorni\" width=\"390\" height=\"169\"><\/figure><\/div><p> Successivamente hai un doppio segno meno che converte TRUE e FALSE in 1 e 0. <\/p><div class=\"wp-block-image\"><figure class=\"aligncenter size-full is-resized\"><img loading=\"lazy\" decoding=\"async\" class=\"wp-image-79390\" src=\"https:\/\/exceladvisor.org\/wp-content\/uploads\/2023\/08\/6-double-signe-moins-convertira-vrai-ou-faux.png\" sizes=\"auto, \" srcset=\"\" alt=\"il doppio segno meno convertir\u00e0 vero o falso\" width=\"422\" height=\"139\"><\/figure><\/div><p> Nella seconda parte della formula hai nuovamente la condizione da testare. E restituisce TRUE se questa condizione \u00e8 soddisfatta, altrimenti FALSE. <\/p><div class=\"wp-block-image\"><figure class=\"aligncenter size-full is-resized\"><img loading=\"lazy\" decoding=\"async\" class=\"wp-image-79391\" src=\"https:\/\/exceladvisor.org\/wp-content\/uploads\/2023\/08\/7-renvoie-vrai-si-la-condition-est-remplie.png\" sizes=\"auto, \" srcset=\"\" alt=\"restituisce vero se la condizione \u00e8 soddisfatta\" width=\"423\" height=\"152\"><\/figure><\/div><p> Successivamente, il doppio segno meno converte VERO e FALSO in 1 e 0. <\/p><div class=\"wp-block-image\"><figure class=\"aligncenter size-full is-resized\"><img loading=\"lazy\" decoding=\"async\" class=\"wp-image-79392\" src=\"https:\/\/exceladvisor.org\/wp-content\/uploads\/2023\/08\/8-vrai-et-faux-en-zero-et-un.png\" sizes=\"auto, \" srcset=\"\" alt=\"vero e falso in zero e uno\" width=\"435\" height=\"125\"><\/figure><\/div><p> A questo punto hai due tabelle. 1 significa che la data nell&#8217;intervallo \u00e8 compresa nell&#8217;intervallo di date specificato.<\/p><p> SUMPRODUCT crea un prodotto di questi array e restituisce un singolo array, quindi somma i valori di quell&#8217;array che rappresenta il numero di date comprese nell&#8217;intervallo. <\/p><div class=\"gb-container gb-container-52dfcee1 gb-container-sample-file\"><h2 class=\"gb-headline gb-headline-e289c143 gb-headline-text gb-headline-4f7959c2\"> Ottieni il file Excel<\/h2><p> <a class=\"gb-button gb-button-e88d6bee gb-button-text gb-button-button1\" href=\"https:\/\/exceladvisor.org\/wp-content\/uploads\/2023\/08\/jours-entre-les-dates.xlsx\" rel=\"nofollow\">Scaricamento<\/a><\/p><\/div><div class=\"gb-container gb-container-0df56012 gb-container-mt\"> <a class=\"gb-button gb-button-f9f432f4 gb-button-text gb-button-mt-button\" href=\"https:\/\/exceladvisor.org\/it\/formule\/\">Elenco delle formule di Excel<\/a><h2 class=\"gb-headline gb-headline-233444e8 gb-headline-text gb-headline-mt-heading\"> Formule correlate <\/h2><div class=\"gb-grid-wrapper gb-grid-wrapper-a16fa65c gb-grid-wrapper-mt-grid\"><div class=\"gb-grid-column gb-grid-column-50d07e0d\"><div class=\"gb-container gb-container-50d07e0d\"><ul><li> <a href=\"https:\/\/exceladvisor.org\/it\/aggiungere-la-data-della-settimana\/\">Aggiungi-sottrai settimana da una data in Excel<\/a><\/li><li> <a href=\"https:\/\/exceladvisor.org\/it\/ottieni-il-nome-del-giorno\/\">Ottieni il nome del giorno da una data in Excel<\/a><\/li><li> <a href=\"https:\/\/exceladvisor.org\/it\/giorni-del-mese\/\">Ottieni il numero totale di giorni di mesi in Excel<\/a><\/li><li> <a href=\"https:\/\/exceladvisor.org\/it\/mesi-giorni-lavorativi\/\">Giorni lavorativi in un mese<\/a><\/li><li> <a href=\"https:\/\/exceladvisor.org\/it\/data-al-testo-2\/\">Converti la data in testo<\/a> <\/li><\/ul><\/div><\/div><div class=\"gb-grid-column gb-grid-column-5b4a0cf9\"><div class=\"gb-container gb-container-5b4a0cf9\"><\/div><\/div><\/div><\/div>","protected":false},"excerpt":{"rendered":"","protected":false},"author":1,"featured_media":0,"parent":0,"menu_order":0,"comment_status":"open","ping_status":"closed","template":"","meta":{"ub_ctt_via":"","footnotes":""},"class_list":["post-1712","page","type-page","status-publish","hentry"],"featured_image_src":null,"yoast_head":"<!-- This site is optimized with the Yoast SEO plugin v25.4 - https:\/\/yoast.com\/wordpress\/plugins\/seo\/ -->\n<title>Come contare i giorni tra due date? (Tutorial 2023)<\/title>\n<meta name=\"description\" content=\"Questo tutorial ti insegner\u00e0 come scrivere una formula Excel per contare il numero totale di giorni tra due date. Controlliamo questo...\" \/>\n<meta name=\"robots\" content=\"index, follow, max-snippet:-1, max-image-preview:large, max-video-preview:-1\" \/>\n<link rel=\"canonical\" href=\"https:\/\/exceladvisor.org\/it\/giorni-tra-due-date\/\" \/>\n<meta property=\"og:locale\" content=\"it_IT\" \/>\n<meta property=\"og:type\" content=\"article\" \/>\n<meta property=\"og:title\" content=\"Come contare i giorni tra due date? (Tutorial 2023)\" \/>\n<meta property=\"og:description\" content=\"Questo tutorial ti insegner\u00e0 come scrivere una formula Excel per contare il numero totale di giorni tra due date. Controlliamo questo...\" \/>\n<meta property=\"og:url\" content=\"https:\/\/exceladvisor.org\/it\/giorni-tra-due-date\/\" \/>\n<meta property=\"og:site_name\" content=\"Excel Advisor\" \/>\n<meta property=\"article:modified_time\" content=\"2023-12-10T06:22:04+00:00\" \/>\n<meta property=\"og:image\" content=\"https:\/\/exceladvisor.org\/wp-content\/uploads\/2023\/08\/1-jours-entre-deux-dates.png\" \/>\n<meta name=\"twitter:card\" content=\"summary_large_image\" \/>\n<meta name=\"twitter:label1\" content=\"Tempo di lettura stimato\" \/>\n\t<meta name=\"twitter:data1\" content=\"2 minuti\" \/>\n<script type=\"application\/ld+json\" class=\"yoast-schema-graph\">{\"@context\":\"https:\/\/schema.org\",\"@graph\":[{\"@type\":\"WebPage\",\"@id\":\"https:\/\/exceladvisor.org\/it\/giorni-tra-due-date\/\",\"url\":\"https:\/\/exceladvisor.org\/it\/giorni-tra-due-date\/\",\"name\":\"Come contare i giorni tra due date? (Tutorial 2023)\",\"isPartOf\":{\"@id\":\"https:\/\/exceladvisor.org\/it\/#website\"},\"primaryImageOfPage\":{\"@id\":\"https:\/\/exceladvisor.org\/it\/giorni-tra-due-date\/#primaryimage\"},\"image\":{\"@id\":\"https:\/\/exceladvisor.org\/it\/giorni-tra-due-date\/#primaryimage\"},\"thumbnailUrl\":\"https:\/\/exceladvisor.org\/wp-content\/uploads\/2023\/08\/1-jours-entre-deux-dates.png\",\"datePublished\":\"2023-11-10T09:01:18+00:00\",\"dateModified\":\"2023-12-10T06:22:04+00:00\",\"description\":\"Questo tutorial ti insegner\u00e0 come scrivere una formula Excel per contare il numero totale di giorni tra due date. Controlliamo questo...\",\"breadcrumb\":{\"@id\":\"https:\/\/exceladvisor.org\/it\/giorni-tra-due-date\/#breadcrumb\"},\"inLanguage\":\"it-IT\",\"potentialAction\":[{\"@type\":\"ReadAction\",\"target\":[\"https:\/\/exceladvisor.org\/it\/giorni-tra-due-date\/\"]}]},{\"@type\":\"ImageObject\",\"inLanguage\":\"it-IT\",\"@id\":\"https:\/\/exceladvisor.org\/it\/giorni-tra-due-date\/#primaryimage\",\"url\":\"https:\/\/exceladvisor.org\/wp-content\/uploads\/2023\/08\/1-jours-entre-deux-dates.png\",\"contentUrl\":\"https:\/\/exceladvisor.org\/wp-content\/uploads\/2023\/08\/1-jours-entre-deux-dates.png\"},{\"@type\":\"BreadcrumbList\",\"@id\":\"https:\/\/exceladvisor.org\/it\/giorni-tra-due-date\/#breadcrumb\",\"itemListElement\":[{\"@type\":\"ListItem\",\"position\":1,\"name\":\"Home\",\"item\":\"https:\/\/exceladvisor.org\/it\/\"},{\"@type\":\"ListItem\",\"position\":2,\"name\":\"Come contare i giorni tra due date?\"}]},{\"@type\":\"WebSite\",\"@id\":\"https:\/\/exceladvisor.org\/it\/#website\",\"url\":\"https:\/\/exceladvisor.org\/it\/\",\"name\":\"Excel Advisor\",\"description\":\"Tips, Tricks, and Time-Saving Hacks\",\"publisher\":{\"@id\":\"https:\/\/exceladvisor.org\/it\/#organization\"},\"potentialAction\":[{\"@type\":\"SearchAction\",\"target\":{\"@type\":\"EntryPoint\",\"urlTemplate\":\"https:\/\/exceladvisor.org\/it\/?s={search_term_string}\"},\"query-input\":{\"@type\":\"PropertyValueSpecification\",\"valueRequired\":true,\"valueName\":\"search_term_string\"}}],\"inLanguage\":\"it-IT\"},{\"@type\":\"Organization\",\"@id\":\"https:\/\/exceladvisor.org\/it\/#organization\",\"name\":\"Excel Advisor\",\"url\":\"https:\/\/exceladvisor.org\/it\/\",\"logo\":{\"@type\":\"ImageObject\",\"inLanguage\":\"it-IT\",\"@id\":\"https:\/\/exceladvisor.org\/it\/#\/schema\/logo\/image\/\",\"url\":\"https:\/\/exceladvisor.org\/it\/wp-content\/uploads\/2023\/12\/exceladvisor.org_.png\",\"contentUrl\":\"https:\/\/exceladvisor.org\/it\/wp-content\/uploads\/2023\/12\/exceladvisor.org_.png\",\"width\":105,\"height\":36,\"caption\":\"Excel Advisor\"},\"image\":{\"@id\":\"https:\/\/exceladvisor.org\/it\/#\/schema\/logo\/image\/\"}}]}<\/script>\n<!-- \/ Yoast SEO plugin. -->","yoast_head_json":{"title":"Come contare i giorni tra due date? (Tutorial 2023)","description":"Questo tutorial ti insegner\u00e0 come scrivere una formula Excel per contare il numero totale di giorni tra due date. Controlliamo questo...","robots":{"index":"index","follow":"follow","max-snippet":"max-snippet:-1","max-image-preview":"max-image-preview:large","max-video-preview":"max-video-preview:-1"},"canonical":"https:\/\/exceladvisor.org\/it\/giorni-tra-due-date\/","og_locale":"it_IT","og_type":"article","og_title":"Come contare i giorni tra due date? (Tutorial 2023)","og_description":"Questo tutorial ti insegner\u00e0 come scrivere una formula Excel per contare il numero totale di giorni tra due date. Controlliamo questo...","og_url":"https:\/\/exceladvisor.org\/it\/giorni-tra-due-date\/","og_site_name":"Excel Advisor","article_modified_time":"2023-12-10T06:22:04+00:00","og_image":[{"url":"https:\/\/exceladvisor.org\/wp-content\/uploads\/2023\/08\/1-jours-entre-deux-dates.png","type":"","width":"","height":""}],"twitter_card":"summary_large_image","twitter_misc":{"Tempo di lettura stimato":"2 minuti"},"schema":{"@context":"https:\/\/schema.org","@graph":[{"@type":"WebPage","@id":"https:\/\/exceladvisor.org\/it\/giorni-tra-due-date\/","url":"https:\/\/exceladvisor.org\/it\/giorni-tra-due-date\/","name":"Come contare i giorni tra due date? (Tutorial 2023)","isPartOf":{"@id":"https:\/\/exceladvisor.org\/it\/#website"},"primaryImageOfPage":{"@id":"https:\/\/exceladvisor.org\/it\/giorni-tra-due-date\/#primaryimage"},"image":{"@id":"https:\/\/exceladvisor.org\/it\/giorni-tra-due-date\/#primaryimage"},"thumbnailUrl":"https:\/\/exceladvisor.org\/wp-content\/uploads\/2023\/08\/1-jours-entre-deux-dates.png","datePublished":"2023-11-10T09:01:18+00:00","dateModified":"2023-12-10T06:22:04+00:00","description":"Questo tutorial ti insegner\u00e0 come scrivere una formula Excel per contare il numero totale di giorni tra due date. Controlliamo questo...","breadcrumb":{"@id":"https:\/\/exceladvisor.org\/it\/giorni-tra-due-date\/#breadcrumb"},"inLanguage":"it-IT","potentialAction":[{"@type":"ReadAction","target":["https:\/\/exceladvisor.org\/it\/giorni-tra-due-date\/"]}]},{"@type":"ImageObject","inLanguage":"it-IT","@id":"https:\/\/exceladvisor.org\/it\/giorni-tra-due-date\/#primaryimage","url":"https:\/\/exceladvisor.org\/wp-content\/uploads\/2023\/08\/1-jours-entre-deux-dates.png","contentUrl":"https:\/\/exceladvisor.org\/wp-content\/uploads\/2023\/08\/1-jours-entre-deux-dates.png"},{"@type":"BreadcrumbList","@id":"https:\/\/exceladvisor.org\/it\/giorni-tra-due-date\/#breadcrumb","itemListElement":[{"@type":"ListItem","position":1,"name":"Home","item":"https:\/\/exceladvisor.org\/it\/"},{"@type":"ListItem","position":2,"name":"Come contare i giorni tra due date?"}]},{"@type":"WebSite","@id":"https:\/\/exceladvisor.org\/it\/#website","url":"https:\/\/exceladvisor.org\/it\/","name":"Excel Advisor","description":"Tips, Tricks, and Time-Saving Hacks","publisher":{"@id":"https:\/\/exceladvisor.org\/it\/#organization"},"potentialAction":[{"@type":"SearchAction","target":{"@type":"EntryPoint","urlTemplate":"https:\/\/exceladvisor.org\/it\/?s={search_term_string}"},"query-input":{"@type":"PropertyValueSpecification","valueRequired":true,"valueName":"search_term_string"}}],"inLanguage":"it-IT"},{"@type":"Organization","@id":"https:\/\/exceladvisor.org\/it\/#organization","name":"Excel Advisor","url":"https:\/\/exceladvisor.org\/it\/","logo":{"@type":"ImageObject","inLanguage":"it-IT","@id":"https:\/\/exceladvisor.org\/it\/#\/schema\/logo\/image\/","url":"https:\/\/exceladvisor.org\/it\/wp-content\/uploads\/2023\/12\/exceladvisor.org_.png","contentUrl":"https:\/\/exceladvisor.org\/it\/wp-content\/uploads\/2023\/12\/exceladvisor.org_.png","width":105,"height":36,"caption":"Excel Advisor"},"image":{"@id":"https:\/\/exceladvisor.org\/it\/#\/schema\/logo\/image\/"}}]}},"yoast_meta":{"yoast_wpseo_title":"","yoast_wpseo_metadesc":"","yoast_wpseo_canonical":""},"_links":{"self":[{"href":"https:\/\/exceladvisor.org\/it\/wp-json\/wp\/v2\/pages\/1712","targetHints":{"allow":["GET"]}}],"collection":[{"href":"https:\/\/exceladvisor.org\/it\/wp-json\/wp\/v2\/pages"}],"about":[{"href":"https:\/\/exceladvisor.org\/it\/wp-json\/wp\/v2\/types\/page"}],"author":[{"embeddable":true,"href":"https:\/\/exceladvisor.org\/it\/wp-json\/wp\/v2\/users\/1"}],"replies":[{"embeddable":true,"href":"https:\/\/exceladvisor.org\/it\/wp-json\/wp\/v2\/comments?post=1712"}],"version-history":[{"count":1,"href":"https:\/\/exceladvisor.org\/it\/wp-json\/wp\/v2\/pages\/1712\/revisions"}],"predecessor-version":[{"id":2397,"href":"https:\/\/exceladvisor.org\/it\/wp-json\/wp\/v2\/pages\/1712\/revisions\/2397"}],"wp:attachment":[{"href":"https:\/\/exceladvisor.org\/it\/wp-json\/wp\/v2\/media?parent=1712"}],"curies":[{"name":"wp","href":"https:\/\/api.w.org\/{rel}","templated":true}]}}