{"id":1715,"date":"2023-11-09T23:32:00","date_gmt":"2023-11-09T23:32:00","guid":{"rendered":"https:\/\/exceladvisor.org\/it\/incorporare-il-file\/"},"modified":"2023-12-10T06:23:42","modified_gmt":"2023-12-10T06:23:42","slug":"incorporare-il-file","status":"publish","type":"page","link":"https:\/\/exceladvisor.org\/it\/incorporare-il-file\/","title":{"rendered":"Come incorporare un file in excel?"},"content":{"rendered":"<div class=\"excel-prima-del-contenuto\" id=\"excel-4028194214\"><script type=\"text\/javascript\">\r\n\tatOptions = {\r\n\t\t'key' : 'c1158f160081d6540a8409e6925dab94',\r\n\t\t'format' : 'iframe',\r\n\t\t'height' : 250,\r\n\t\t'width' : 300,\r\n\t\t'params' : {}\r\n\t};\r\n<\/script>\r\n<script type=\"text\/javascript\" src=\"\/\/www.highperformanceformat.com\/c1158f160081d6540a8409e6925dab94\/invoke.js\"><\/script><\/div> <p>In termini generali, incorporare significa inserire qualsiasi oggetto nel documento corrente. Excel ha la funzionalit\u00e0 integrata per incorporare i file nel foglio di calcolo come allegato.<\/p><p> Con questa funzione puoi incorporare documenti nuovi ed esterni come .xlsx, doc, ppt, pdf, ecc. per riportarli al foglio di lavoro corrente senza influire sul set di dati.<\/p><p> In questo tutorial ti mostreremo come incorporare file nel foglio di calcolo.<\/p><h2 id=\"h-steps-to-embed-a-new-file-in-excel\" class=\"wp-block-heading\"> Passaggi per incorporare un nuovo file in Excel<\/h2><p> A volte gli utenti devono incorporare un nuovo file vuoto invece di qualsiasi file esistente nel foglio di calcolo e per farlo seguono i passaggi seguenti:<\/p><ol><li> Innanzitutto, vai alla scheda \u201cInserisci\u201d e fai clic sull\u2019icona \u201cTesto\u201d, quindi fai clic sull\u2019opzione \u201cOggetto\u201d. <br><img loading=\"lazy\" decoding=\"async\" title=\"-opzioni-icona-testo\" src=\"https:\/\/exceladvisor.org\/wp-content\/uploads\/2023\/08\/1-options-dicone-de-texte.png\" sizes=\"auto, \" srcset=\"\" alt=\"text-icon-options\" width=\"639\" height=\"178\"><\/li><li> Successivamente, nella finestra di dialogo &#8220;Oggetto&#8221;, fai clic sulla scheda &#8220;Crea nuovo&#8221;, quindi nel campo &#8220;Tipo oggetto&#8221;, seleziona il tipo di documento che desideri incorporare.<\/li><li> Una volta selezionato, seleziona l&#8217;opzione &#8220;Mostra come icona&#8221;, quindi fai clic su OK. <br><img loading=\"lazy\" decoding=\"async\" title=\"-oggetto-dialogo\" src=\"https:\/\/exceladvisor.org\/wp-content\/uploads\/2023\/08\/Boite-de-dialogue-2-objets.png\" sizes=\"auto, \" srcset=\"\" alt=\"object-dialog-box\" width=\"501\" height=\"386\"><\/li><\/ol><p class=\"qt-tip\"> <strong>Nota:<\/strong> \u00e8 possibile archiviare solo nuovi tipi di file che fanno parte dei tipi di oggetto specificati.<\/p><h2 id=\"h-embed-external-files-in-excel\" class=\"wp-block-heading\"> Incorpora file esterni in Excel<\/h2><ol><li> Innanzitutto, vai alla scheda \u201cInserisci\u201d e fai clic sull\u2019icona \u201cTesto\u201d, quindi fai clic sull\u2019opzione \u201cOggetto\u201d. <br><img loading=\"lazy\" decoding=\"async\" title=\"-inserisci-tab-e-icona-testo\" src=\"https:\/\/exceladvisor.org\/wp-content\/uploads\/2023\/08\/3-inserer-un-onglet-et-une-icone-de-texte.png\" sizes=\"auto, \" srcset=\"\" alt=\"insert-tab-and-text-icon\" width=\"610\" height=\"170\"><\/li><li> Successivamente, nella finestra di dialogo &#8220;Oggetto&#8221; fai clic sulla scheda &#8220;Crea da file&#8221; e quindi sul pulsante &#8220;Sfoglia&#8221; per scegliere il file dal tuo sistema locale. <br><img loading=\"lazy\" decoding=\"async\" title=\"-scheda-crea-da-file\" src=\"https:\/\/exceladvisor.org\/wp-content\/uploads\/2023\/08\/4-creer-a-partir-de-longlet-fichier.png\" sizes=\"auto, \" srcset=\"\" alt=\"create-from-file-tab\" width=\"472\" height=\"410\"><\/li><li> Dopo aver selezionato il file, seleziona l&#8217;opzione &#8220;Mostra come icona&#8221; in modo che il file venga incorporato come oggetto e fai clic su OK. <br><img loading=\"lazy\" decoding=\"async\" title=\"-seleziona-mostra-come-icona\" src=\"https:\/\/exceladvisor.org\/wp-content\/uploads\/2023\/08\/5-selectionner-laffichage-sous-forme-dicone.png\" sizes=\"auto, \" srcset=\"\" alt=\"select-display-as-icon\" width=\"473\" height=\"365\"><\/li><li> Una volta incorporato il file selezionato nel foglio di calcolo, puoi ridimensionarlo posizionando il cursore del mouse su uno dei bordi a forma rotonda, quindi trascinandolo e rimpicciolendolo per adattarlo a una cella. <br><img loading=\"lazy\" decoding=\"async\" title=\"-ridimensionare-il-file-incorporato\" src=\"https:\/\/exceladvisor.org\/wp-content\/uploads\/2023\/08\/6-redimensionner-le-fichier-integre.png\" sizes=\"auto, \" srcset=\"\" alt=\"resize-the-embedded-file\" width=\"281\" height=\"174\"><\/li><li> Ora, per bloccare l&#8217;icona del file incorporato nella cella, fai clic con il pulsante destro del mouse su di essa e fai clic sull&#8217;opzione &#8220;Formatta oggetto&#8221;. <br><img loading=\"lazy\" decoding=\"async\" title=\"-lock-file-incorporato\" src=\"https:\/\/exceladvisor.org\/wp-content\/uploads\/2023\/08\/7-verrouiller-le-fichier-integre.png\" sizes=\"auto, \" srcset=\"\" alt=\"lock-the-embedded-file\" width=\"306\" height=\"262\"><\/li><li> Alla fine, nella finestra di dialogo &#8220;Formatta oggetto&#8221;, vai alla scheda &#8220;Propriet\u00e0&#8221;, quindi seleziona l&#8217;opzione &#8220;Sposta e ridimensiona con celle&#8221; in modo che l&#8217;icona sia bloccata e si sposti solo all&#8217;interno della cella, quindi fai clic su OK. <img loading=\"lazy\" decoding=\"async\" title=\"-formato-oggetto-dialogo\" src=\"https:\/\/exceladvisor.org\/wp-content\/uploads\/2023\/08\/Boite-de-dialogue-dobjet-au-format-8.png\" sizes=\"auto, \" srcset=\"\" alt=\"format-object-dialog-box\" width=\"448\" height=\"429\"><\/li><\/ol><h2 id=\"h-points-to-remember\" class=\"wp-block-heading\"> Asporto<\/h2><ul><li> Quando incorpori il file selezionando solo l&#8217;opzione &#8220;Mostra come icona&#8221;, questo file incorporato far\u00e0 parte della cartella di lavoro corrente e sar\u00e0 separato dal file di origine. Ci\u00f2 significa che se aggiorni qualcosa nel file sorgente, quell&#8217;aggiornamento non verr\u00e0 aggiornato nel file incorporato. Per modificare o aggiornare qualsiasi cosa nel file incorporato, apri sempre il file incorporato dal foglio di calcolo in cui \u00e8 stato incorporato facendo doppio clic su di esso.<\/li><li> Se selezioni anche l&#8217;opzione &#8220;Collega al file&#8221;, il file incorporato verr\u00e0 solo collegato e non diventer\u00e0 un file separato dal file di origine. Ci\u00f2 significa che in questo caso se aggiorni qualcosa nel file originale, l&#8217;aggiornamento si aggiorner\u00e0 anche nel file incorporato e viceversa.<\/li><li> Se hai incorporato il file selezionando l&#8217;opzione &#8220;Collega al file&#8221;, altre persone non potranno accedere a questo file collegato e riceveranno l&#8217;errore seguente quando accedono a questo file collegato. <\/li><\/ul><div class=\"wp-block-image\"><figure class=\"aligncenter size-full is-resized\"><img loading=\"lazy\" decoding=\"async\" class=\"wp-image-82901\" src=\"https:\/\/exceladvisor.org\/wp-content\/uploads\/2023\/08\/9-erreur-dacces-au-fichier-lie.png\" sizes=\"auto, \" srcset=\"\" alt=\"errore durante l'accesso al file collegato\" width=\"523\" height=\"160\"><\/figure><\/div><div class=\"gb-container gb-container-4db6181c gb-container-mt\"> <a class=\"gb-button gb-button-c5897111 gb-button-text gb-button-mt-button\" href=\"https:\/\/exceladvisor.org\/it\/eccellere-in-anticipo\/\">Esercitazioni avanzate su Excel<\/a><h2 class=\"gb-headline gb-headline-665e5f6b gb-headline-text gb-headline-mt-heading\"> Tutorial correlati <\/h2><div class=\"gb-grid-wrapper gb-grid-wrapper-a20baf7c gb-grid-wrapper-mt-grid\"><div class=\"gb-grid-column gb-grid-column-65ddf67e\"><div class=\"gb-container gb-container-65ddf67e\"><ul><li> <a href=\"https:\/\/exceladvisor.org\/it\/strumento-fotocamera\/\">Strumento Fotocamera di Excel<\/a><\/li><li> <a href=\"https:\/\/exceladvisor.org\/it\/ricerca-dellobiettivo\/\">Trova obiettivo in Excel<\/a><\/li><li> <a href=\"https:\/\/exceladvisor.org\/it\/finestra-di-guardia\/\">Finestra di controllo in Excel<\/a><\/li><li> <a href=\"https:\/\/exceladvisor.org\/it\/affettatrice-excel\/\">Affettatrice di Excel (guida completa)<\/a> <\/li><\/ul><\/div><\/div><div class=\"gb-grid-column gb-grid-column-50067b57\"><div class=\"gb-container gb-container-50067b57\"><ul><li> <a href=\"https:\/\/exceladvisor.org\/it\/elenchi-personalizzati\/\">Elenco personalizzato in Excel<\/a><\/li><li> <a href=\"https:\/\/exceladvisor.org\/it\/pdf-in-excel\/\">Inserisci un PDF in Excel<\/a><\/li><li> <a href=\"https:\/\/exceladvisor.org\/it\/correzione-automatica\/\">Correzione automatica in Excel<\/a><\/li><li> <a href=\"https:\/\/exceladvisor.org\/it\/inserire-unimmagine\/\">Inserisci un&#8217;immagine in una cella in Excel<\/a><\/li><\/ul><\/div><\/div><\/div><\/div>","protected":false},"excerpt":{"rendered":"","protected":false},"author":1,"featured_media":0,"parent":0,"menu_order":0,"comment_status":"open","ping_status":"closed","template":"","meta":{"ub_ctt_via":"","footnotes":""},"class_list":["post-1715","page","type-page","status-publish","hentry"],"featured_image_src":null,"yoast_head":"<!-- This site is optimized with the Yoast SEO plugin v25.4 - https:\/\/yoast.com\/wordpress\/plugins\/seo\/ -->\n<title>\u25b7 Come integrare un file in Excel? (Guida 2023)<\/title>\n<meta name=\"description\" content=\"In questo tutorial imparerai come incorporare un file in un foglio di calcolo Excel. Inoltre, alcuni dei punti importanti che devi sapere.\" \/>\n<meta name=\"robots\" content=\"index, follow, max-snippet:-1, max-image-preview:large, max-video-preview:-1\" \/>\n<link rel=\"canonical\" href=\"https:\/\/exceladvisor.org\/it\/incorporare-il-file\/\" \/>\n<meta property=\"og:locale\" content=\"it_IT\" \/>\n<meta property=\"og:type\" content=\"article\" \/>\n<meta property=\"og:title\" content=\"\u25b7 Come integrare un file in Excel? (Guida 2023)\" \/>\n<meta property=\"og:description\" content=\"In questo tutorial imparerai come incorporare un file in un foglio di calcolo Excel. Inoltre, alcuni dei punti importanti che devi sapere.\" \/>\n<meta property=\"og:url\" content=\"https:\/\/exceladvisor.org\/it\/incorporare-il-file\/\" \/>\n<meta property=\"og:site_name\" content=\"Excel Advisor\" \/>\n<meta property=\"article:modified_time\" content=\"2023-12-10T06:23:42+00:00\" \/>\n<meta property=\"og:image\" content=\"https:\/\/exceladvisor.org\/wp-content\/uploads\/2023\/08\/1-options-dicone-de-texte.png\" \/>\n<meta name=\"twitter:card\" content=\"summary_large_image\" \/>\n<meta name=\"twitter:label1\" content=\"Tempo di lettura stimato\" \/>\n\t<meta name=\"twitter:data1\" content=\"3 minuti\" \/>\n<script type=\"application\/ld+json\" class=\"yoast-schema-graph\">{\"@context\":\"https:\/\/schema.org\",\"@graph\":[{\"@type\":\"WebPage\",\"@id\":\"https:\/\/exceladvisor.org\/it\/incorporare-il-file\/\",\"url\":\"https:\/\/exceladvisor.org\/it\/incorporare-il-file\/\",\"name\":\"\u25b7 Come integrare un file in Excel? (Guida 2023)\",\"isPartOf\":{\"@id\":\"https:\/\/exceladvisor.org\/it\/#website\"},\"primaryImageOfPage\":{\"@id\":\"https:\/\/exceladvisor.org\/it\/incorporare-il-file\/#primaryimage\"},\"image\":{\"@id\":\"https:\/\/exceladvisor.org\/it\/incorporare-il-file\/#primaryimage\"},\"thumbnailUrl\":\"https:\/\/exceladvisor.org\/wp-content\/uploads\/2023\/08\/1-options-dicone-de-texte.png\",\"datePublished\":\"2023-11-09T23:32:00+00:00\",\"dateModified\":\"2023-12-10T06:23:42+00:00\",\"description\":\"In questo tutorial imparerai come incorporare un file in un foglio di calcolo Excel. Inoltre, alcuni dei punti importanti che devi sapere.\",\"breadcrumb\":{\"@id\":\"https:\/\/exceladvisor.org\/it\/incorporare-il-file\/#breadcrumb\"},\"inLanguage\":\"it-IT\",\"potentialAction\":[{\"@type\":\"ReadAction\",\"target\":[\"https:\/\/exceladvisor.org\/it\/incorporare-il-file\/\"]}]},{\"@type\":\"ImageObject\",\"inLanguage\":\"it-IT\",\"@id\":\"https:\/\/exceladvisor.org\/it\/incorporare-il-file\/#primaryimage\",\"url\":\"https:\/\/exceladvisor.org\/wp-content\/uploads\/2023\/08\/1-options-dicone-de-texte.png\",\"contentUrl\":\"https:\/\/exceladvisor.org\/wp-content\/uploads\/2023\/08\/1-options-dicone-de-texte.png\"},{\"@type\":\"BreadcrumbList\",\"@id\":\"https:\/\/exceladvisor.org\/it\/incorporare-il-file\/#breadcrumb\",\"itemListElement\":[{\"@type\":\"ListItem\",\"position\":1,\"name\":\"Home\",\"item\":\"https:\/\/exceladvisor.org\/it\/\"},{\"@type\":\"ListItem\",\"position\":2,\"name\":\"Come incorporare un file in excel?\"}]},{\"@type\":\"WebSite\",\"@id\":\"https:\/\/exceladvisor.org\/it\/#website\",\"url\":\"https:\/\/exceladvisor.org\/it\/\",\"name\":\"Excel Advisor\",\"description\":\"Tips, Tricks, and Time-Saving Hacks\",\"publisher\":{\"@id\":\"https:\/\/exceladvisor.org\/it\/#organization\"},\"potentialAction\":[{\"@type\":\"SearchAction\",\"target\":{\"@type\":\"EntryPoint\",\"urlTemplate\":\"https:\/\/exceladvisor.org\/it\/?s={search_term_string}\"},\"query-input\":{\"@type\":\"PropertyValueSpecification\",\"valueRequired\":true,\"valueName\":\"search_term_string\"}}],\"inLanguage\":\"it-IT\"},{\"@type\":\"Organization\",\"@id\":\"https:\/\/exceladvisor.org\/it\/#organization\",\"name\":\"Excel Advisor\",\"url\":\"https:\/\/exceladvisor.org\/it\/\",\"logo\":{\"@type\":\"ImageObject\",\"inLanguage\":\"it-IT\",\"@id\":\"https:\/\/exceladvisor.org\/it\/#\/schema\/logo\/image\/\",\"url\":\"https:\/\/exceladvisor.org\/it\/wp-content\/uploads\/2023\/12\/exceladvisor.org_.png\",\"contentUrl\":\"https:\/\/exceladvisor.org\/it\/wp-content\/uploads\/2023\/12\/exceladvisor.org_.png\",\"width\":105,\"height\":36,\"caption\":\"Excel Advisor\"},\"image\":{\"@id\":\"https:\/\/exceladvisor.org\/it\/#\/schema\/logo\/image\/\"}}]}<\/script>\n<!-- \/ Yoast SEO plugin. -->","yoast_head_json":{"title":"\u25b7 Come integrare un file in Excel? (Guida 2023)","description":"In questo tutorial imparerai come incorporare un file in un foglio di calcolo Excel. Inoltre, alcuni dei punti importanti che devi sapere.","robots":{"index":"index","follow":"follow","max-snippet":"max-snippet:-1","max-image-preview":"max-image-preview:large","max-video-preview":"max-video-preview:-1"},"canonical":"https:\/\/exceladvisor.org\/it\/incorporare-il-file\/","og_locale":"it_IT","og_type":"article","og_title":"\u25b7 Come integrare un file in Excel? (Guida 2023)","og_description":"In questo tutorial imparerai come incorporare un file in un foglio di calcolo Excel. Inoltre, alcuni dei punti importanti che devi sapere.","og_url":"https:\/\/exceladvisor.org\/it\/incorporare-il-file\/","og_site_name":"Excel Advisor","article_modified_time":"2023-12-10T06:23:42+00:00","og_image":[{"url":"https:\/\/exceladvisor.org\/wp-content\/uploads\/2023\/08\/1-options-dicone-de-texte.png","type":"","width":"","height":""}],"twitter_card":"summary_large_image","twitter_misc":{"Tempo di lettura stimato":"3 minuti"},"schema":{"@context":"https:\/\/schema.org","@graph":[{"@type":"WebPage","@id":"https:\/\/exceladvisor.org\/it\/incorporare-il-file\/","url":"https:\/\/exceladvisor.org\/it\/incorporare-il-file\/","name":"\u25b7 Come integrare un file in Excel? (Guida 2023)","isPartOf":{"@id":"https:\/\/exceladvisor.org\/it\/#website"},"primaryImageOfPage":{"@id":"https:\/\/exceladvisor.org\/it\/incorporare-il-file\/#primaryimage"},"image":{"@id":"https:\/\/exceladvisor.org\/it\/incorporare-il-file\/#primaryimage"},"thumbnailUrl":"https:\/\/exceladvisor.org\/wp-content\/uploads\/2023\/08\/1-options-dicone-de-texte.png","datePublished":"2023-11-09T23:32:00+00:00","dateModified":"2023-12-10T06:23:42+00:00","description":"In questo tutorial imparerai come incorporare un file in un foglio di calcolo Excel. Inoltre, alcuni dei punti importanti che devi sapere.","breadcrumb":{"@id":"https:\/\/exceladvisor.org\/it\/incorporare-il-file\/#breadcrumb"},"inLanguage":"it-IT","potentialAction":[{"@type":"ReadAction","target":["https:\/\/exceladvisor.org\/it\/incorporare-il-file\/"]}]},{"@type":"ImageObject","inLanguage":"it-IT","@id":"https:\/\/exceladvisor.org\/it\/incorporare-il-file\/#primaryimage","url":"https:\/\/exceladvisor.org\/wp-content\/uploads\/2023\/08\/1-options-dicone-de-texte.png","contentUrl":"https:\/\/exceladvisor.org\/wp-content\/uploads\/2023\/08\/1-options-dicone-de-texte.png"},{"@type":"BreadcrumbList","@id":"https:\/\/exceladvisor.org\/it\/incorporare-il-file\/#breadcrumb","itemListElement":[{"@type":"ListItem","position":1,"name":"Home","item":"https:\/\/exceladvisor.org\/it\/"},{"@type":"ListItem","position":2,"name":"Come incorporare un file in excel?"}]},{"@type":"WebSite","@id":"https:\/\/exceladvisor.org\/it\/#website","url":"https:\/\/exceladvisor.org\/it\/","name":"Excel Advisor","description":"Tips, Tricks, and Time-Saving Hacks","publisher":{"@id":"https:\/\/exceladvisor.org\/it\/#organization"},"potentialAction":[{"@type":"SearchAction","target":{"@type":"EntryPoint","urlTemplate":"https:\/\/exceladvisor.org\/it\/?s={search_term_string}"},"query-input":{"@type":"PropertyValueSpecification","valueRequired":true,"valueName":"search_term_string"}}],"inLanguage":"it-IT"},{"@type":"Organization","@id":"https:\/\/exceladvisor.org\/it\/#organization","name":"Excel Advisor","url":"https:\/\/exceladvisor.org\/it\/","logo":{"@type":"ImageObject","inLanguage":"it-IT","@id":"https:\/\/exceladvisor.org\/it\/#\/schema\/logo\/image\/","url":"https:\/\/exceladvisor.org\/it\/wp-content\/uploads\/2023\/12\/exceladvisor.org_.png","contentUrl":"https:\/\/exceladvisor.org\/it\/wp-content\/uploads\/2023\/12\/exceladvisor.org_.png","width":105,"height":36,"caption":"Excel Advisor"},"image":{"@id":"https:\/\/exceladvisor.org\/it\/#\/schema\/logo\/image\/"}}]}},"yoast_meta":{"yoast_wpseo_title":"","yoast_wpseo_metadesc":"","yoast_wpseo_canonical":""},"_links":{"self":[{"href":"https:\/\/exceladvisor.org\/it\/wp-json\/wp\/v2\/pages\/1715","targetHints":{"allow":["GET"]}}],"collection":[{"href":"https:\/\/exceladvisor.org\/it\/wp-json\/wp\/v2\/pages"}],"about":[{"href":"https:\/\/exceladvisor.org\/it\/wp-json\/wp\/v2\/types\/page"}],"author":[{"embeddable":true,"href":"https:\/\/exceladvisor.org\/it\/wp-json\/wp\/v2\/users\/1"}],"replies":[{"embeddable":true,"href":"https:\/\/exceladvisor.org\/it\/wp-json\/wp\/v2\/comments?post=1715"}],"version-history":[{"count":1,"href":"https:\/\/exceladvisor.org\/it\/wp-json\/wp\/v2\/pages\/1715\/revisions"}],"predecessor-version":[{"id":2538,"href":"https:\/\/exceladvisor.org\/it\/wp-json\/wp\/v2\/pages\/1715\/revisions\/2538"}],"wp:attachment":[{"href":"https:\/\/exceladvisor.org\/it\/wp-json\/wp\/v2\/media?parent=1715"}],"curies":[{"name":"wp","href":"https:\/\/api.w.org\/{rel}","templated":true}]}}