{"id":1717,"date":"2023-11-09T22:59:40","date_gmt":"2023-11-09T22:59:40","guid":{"rendered":"https:\/\/exceladvisor.org\/it\/somma-dei-quadrati-2\/"},"modified":"2023-12-10T06:19:52","modified_gmt":"2023-12-10T06:19:52","slug":"somma-dei-quadrati-2","status":"publish","type":"page","link":"https:\/\/exceladvisor.org\/it\/somma-dei-quadrati-2\/","title":{"rendered":"Come aggiungere quadrati in excel?"},"content":{"rendered":"<div class=\"excel-prima-del-contenuto\" id=\"excel-2194709667\"><script type=\"text\/javascript\">\r\n\tatOptions = {\r\n\t\t'key' : 'c1158f160081d6540a8409e6925dab94',\r\n\t\t'format' : 'iframe',\r\n\t\t'height' : 250,\r\n\t\t'width' : 300,\r\n\t\t'params' : {}\r\n\t};\r\n<\/script>\r\n<script type=\"text\/javascript\" src=\"\/\/www.highperformanceformat.com\/c1158f160081d6540a8409e6925dab94\/invoke.js\"><\/script><\/div> <p>In Excel esiste una funzione specifica che puoi utilizzare per calcolare la somma dei quadrati dei numeri in una singola cella. Questa funzione si chiama SOMMA. E fare riferimento a un intervallo di celle o inserire valori direttamente nella funzione per ottenere il risultato.<\/p><h2 id=\"h-formula-to-get-the-sum-of-squares\" class=\"wp-block-heading\"> Formula per ottenere la somma dei quadrati<\/h2><p> Ecco i passaggi per scrivere questa formula:<\/p><ol type=\"1\"><li> Digitare (=) in una cella per accedere alla funzione.<\/li><li> Immettere (SUMQ), quindi inserire le parentesi iniziali.<\/li><li> Fai riferimento all&#8217;intervallo in cui sono presenti i numeri di cui desideri ottenere il valore della somma dei quadrati.<\/li><li> Chiudi la funzione e premi Invio per ottenere il risultato. <\/li><\/ol><div class=\"wp-block-image\"><figure class=\"aligncenter size-full is-resized\"><img loading=\"lazy\" decoding=\"async\" class=\"wp-image-85889\" src=\"https:\/\/exceladvisor.org\/wp-content\/uploads\/2023\/08\/1-somme-des-carres.png\" sizes=\"auto, \" srcset=\"\" alt=\"somma dei quadrati\" width=\"635\" height=\"108\"><\/figure><\/div><p> Quando premi Invio, ti viene fornito un valore finale, la somma dei quadrati di 25 e 25, perch\u00e9 abbiamo due numeri nell&#8217;intervallo A1:B1. <\/p><div class=\"wp-block-image\"><figure class=\"aligncenter size-full is-resized\"><img loading=\"lazy\" decoding=\"async\" class=\"wp-image-85890\" src=\"https:\/\/exceladvisor.org\/wp-content\/uploads\/2023\/08\/2-sommeq-en-somme-des-carres.png\" sizes=\"auto, \" srcset=\"\" alt=\"somma a somma al quadrato\" width=\"638\" height=\"293\"><\/figure><\/div><p> Per verificare, possiamo eseguire un controllo manuale. Il quadrato di 25 \u00e8 625 e poich\u00e9 abbiamo 25 in entrambe le celle, dovrebbe essere 625 + 625 = 1250. Ed \u00e8 quello che abbiamo nel risultato. Puoi anche fare riferimento a un intervallo con pi\u00f9 numeri senza preoccuparti del conteggio delle celle. <\/p><div class=\"wp-block-image\"><figure class=\"aligncenter size-full is-resized\"><img loading=\"lazy\" decoding=\"async\" class=\"wp-image-85891\" src=\"https:\/\/exceladvisor.org\/wp-content\/uploads\/2023\/08\/3-verification-manuelle-du-carre.png\" sizes=\"auto, \" srcset=\"\" alt=\"controllo quadrato manuale\" width=\"520\" height=\"424\"><\/figure><\/div><p class=\"qt-tip\"> <strong>Nota:<\/strong> se utilizzi numeri negativi, otterrai sempre il risultato come numero positivo.<\/p><h2 id=\"h-use-a-simple-maths-formula\" class=\"wp-block-heading\"> Utilizza una semplice formula matematica<\/h2><p> Invece di utilizzare la funzione, puoi utilizzare una formula semplice utilizzando l&#8217;operatore accento circonflesso (^). <\/p><div class=\"wp-block-image\"><figure class=\"aligncenter size-full is-resized\"><img loading=\"lazy\" decoding=\"async\" class=\"wp-image-85892\" src=\"https:\/\/exceladvisor.org\/wp-content\/uploads\/2023\/08\/4-formules-mathematiques-pour-additionner-les-carres.png\" sizes=\"auto, \" srcset=\"\" alt=\"formula-matematica-in-somma-quadrati\" width=\"453\" height=\"290\"><\/figure><\/div><pre class=\"wp-block-code\"> <code class=\"language-excel-formula\" lang=\"excel-formula\">=SUM(A1^2,B1^2)<\/code><\/pre><p> Qui abbiamo utilizzato la funzione SOMMA e con ogni numero abbiamo utilizzato l&#8217;operatore accento circonflesso (^) per ottenere prima il quadrato di quel numero. Oppure puoi anche scrivere una formula come questa:<\/p><pre class=\"wp-block-code\"> <code class=\"language-excel-formula\" lang=\"excel-formula\">=A1^2+B1^2<\/code><\/pre><p> Questi metodi hanno un uso limitato. Quindi se hai una lunga lista di numeri, \u00e8 meglio usare il primo metodo. <\/p><div class=\"gb-container gb-container-52dfcee1 gb-container-sample-file\"><h2 class=\"gb-headline gb-headline-e289c143 gb-headline-text gb-headline-4f7959c2\"> Ottieni il file Excel<\/h2> <a class=\"gb-button gb-button-e88d6bee gb-button-text gb-button-button1\" href=\"https:\/\/exceladvisor.org\/wp-content\/uploads\/2023\/08\/somme-des-carres.xlsx\" rel=\"nofollow\">Scaricamento<\/a><\/div><div class=\"gb-container gb-container-0df56012 gb-container-mt\"> <a class=\"gb-button gb-button-f9f432f4 gb-button-text gb-button-mt-button\" href=\"https:\/\/exceladvisor.org\/it\/formule\/\">Elenco delle formule di Excel<\/a><h2 class=\"gb-headline gb-headline-233444e8 gb-headline-text gb-headline-mt-heading\"> Formule correlate <\/h2><div class=\"gb-grid-wrapper gb-grid-wrapper-a16fa65c gb-grid-wrapper-mt-grid\"><div class=\"gb-grid-column gb-grid-column-50d07e0d\"><div class=\"gb-container gb-container-50d07e0d\"><ul><li> <a href=\"https:\/\/exceladvisor.org\/it\/aggiungi-lintera-colonna\/\">Aggiungi un&#8217;intera colonna o riga in Excel<\/a><\/li><li> <a href=\"https:\/\/exceladvisor.org\/it\/aggiungi-solo-celle-visibili\/\">Somma solo le celle visibili in Excel<\/a><\/li><li> <a href=\"https:\/\/exceladvisor.org\/it\/aggiungi-celle-casuali\/\">Somma di celle casuali in Excel<\/a><\/li><li> <a href=\"https:\/\/exceladvisor.org\/it\/linea-totale\/\">Aggiungi una riga totale in Excel<\/a><\/li><li> <a href=\"https:\/\/exceladvisor.org\/it\/somma-automatica-1\/\">Utilizza rapidamente la somma automatica in Excel<\/a> <\/li><\/ul><\/div><\/div><div class=\"gb-grid-column gb-grid-column-5b4a0cf9\"><div class=\"gb-container gb-container-5b4a0cf9\"><\/div><\/div><\/div><\/div>","protected":false},"excerpt":{"rendered":"","protected":false},"author":1,"featured_media":0,"parent":0,"menu_order":0,"comment_status":"open","ping_status":"closed","template":"","meta":{"ub_ctt_via":"","footnotes":""},"class_list":["post-1717","page","type-page","status-publish","hentry"],"featured_image_src":null,"yoast_head":"<!-- This site is optimized with the Yoast SEO plugin v25.4 - https:\/\/yoast.com\/wordpress\/plugins\/seo\/ -->\n<title>Come aggiungere quadrati in Excel? (Tutorial 2023)<\/title>\n<meta name=\"description\" content=\"Questo tutorial ti insegner\u00e0 come scrivere una formula Excel per calcolare la somma dei quadrati in due modi diversi. Controlliamo questo...\" \/>\n<meta name=\"robots\" content=\"index, follow, max-snippet:-1, max-image-preview:large, max-video-preview:-1\" \/>\n<link rel=\"canonical\" href=\"https:\/\/exceladvisor.org\/it\/somma-dei-quadrati-2\/\" \/>\n<meta property=\"og:locale\" content=\"it_IT\" \/>\n<meta property=\"og:type\" content=\"article\" \/>\n<meta property=\"og:title\" content=\"Come aggiungere quadrati in Excel? (Tutorial 2023)\" \/>\n<meta property=\"og:description\" content=\"Questo tutorial ti insegner\u00e0 come scrivere una formula Excel per calcolare la somma dei quadrati in due modi diversi. Controlliamo questo...\" \/>\n<meta property=\"og:url\" content=\"https:\/\/exceladvisor.org\/it\/somma-dei-quadrati-2\/\" \/>\n<meta property=\"og:site_name\" content=\"Excel Advisor\" \/>\n<meta property=\"article:modified_time\" content=\"2023-12-10T06:19:52+00:00\" \/>\n<meta property=\"og:image\" content=\"https:\/\/exceladvisor.org\/wp-content\/uploads\/2023\/08\/1-somme-des-carres.png\" \/>\n<meta name=\"twitter:card\" content=\"summary_large_image\" \/>\n<meta name=\"twitter:label1\" content=\"Tempo di lettura stimato\" \/>\n\t<meta name=\"twitter:data1\" content=\"1 minuto\" \/>\n<script type=\"application\/ld+json\" class=\"yoast-schema-graph\">{\"@context\":\"https:\/\/schema.org\",\"@graph\":[{\"@type\":\"WebPage\",\"@id\":\"https:\/\/exceladvisor.org\/it\/somma-dei-quadrati-2\/\",\"url\":\"https:\/\/exceladvisor.org\/it\/somma-dei-quadrati-2\/\",\"name\":\"Come aggiungere quadrati in Excel? (Tutorial 2023)\",\"isPartOf\":{\"@id\":\"https:\/\/exceladvisor.org\/it\/#website\"},\"primaryImageOfPage\":{\"@id\":\"https:\/\/exceladvisor.org\/it\/somma-dei-quadrati-2\/#primaryimage\"},\"image\":{\"@id\":\"https:\/\/exceladvisor.org\/it\/somma-dei-quadrati-2\/#primaryimage\"},\"thumbnailUrl\":\"https:\/\/exceladvisor.org\/wp-content\/uploads\/2023\/08\/1-somme-des-carres.png\",\"datePublished\":\"2023-11-09T22:59:40+00:00\",\"dateModified\":\"2023-12-10T06:19:52+00:00\",\"description\":\"Questo tutorial ti insegner\u00e0 come scrivere una formula Excel per calcolare la somma dei quadrati in due modi diversi. Controlliamo questo...\",\"breadcrumb\":{\"@id\":\"https:\/\/exceladvisor.org\/it\/somma-dei-quadrati-2\/#breadcrumb\"},\"inLanguage\":\"it-IT\",\"potentialAction\":[{\"@type\":\"ReadAction\",\"target\":[\"https:\/\/exceladvisor.org\/it\/somma-dei-quadrati-2\/\"]}]},{\"@type\":\"ImageObject\",\"inLanguage\":\"it-IT\",\"@id\":\"https:\/\/exceladvisor.org\/it\/somma-dei-quadrati-2\/#primaryimage\",\"url\":\"https:\/\/exceladvisor.org\/wp-content\/uploads\/2023\/08\/1-somme-des-carres.png\",\"contentUrl\":\"https:\/\/exceladvisor.org\/wp-content\/uploads\/2023\/08\/1-somme-des-carres.png\"},{\"@type\":\"BreadcrumbList\",\"@id\":\"https:\/\/exceladvisor.org\/it\/somma-dei-quadrati-2\/#breadcrumb\",\"itemListElement\":[{\"@type\":\"ListItem\",\"position\":1,\"name\":\"Home\",\"item\":\"https:\/\/exceladvisor.org\/it\/\"},{\"@type\":\"ListItem\",\"position\":2,\"name\":\"Come aggiungere quadrati in excel?\"}]},{\"@type\":\"WebSite\",\"@id\":\"https:\/\/exceladvisor.org\/it\/#website\",\"url\":\"https:\/\/exceladvisor.org\/it\/\",\"name\":\"Excel Advisor\",\"description\":\"Tips, Tricks, and Time-Saving Hacks\",\"publisher\":{\"@id\":\"https:\/\/exceladvisor.org\/it\/#organization\"},\"potentialAction\":[{\"@type\":\"SearchAction\",\"target\":{\"@type\":\"EntryPoint\",\"urlTemplate\":\"https:\/\/exceladvisor.org\/it\/?s={search_term_string}\"},\"query-input\":{\"@type\":\"PropertyValueSpecification\",\"valueRequired\":true,\"valueName\":\"search_term_string\"}}],\"inLanguage\":\"it-IT\"},{\"@type\":\"Organization\",\"@id\":\"https:\/\/exceladvisor.org\/it\/#organization\",\"name\":\"Excel Advisor\",\"url\":\"https:\/\/exceladvisor.org\/it\/\",\"logo\":{\"@type\":\"ImageObject\",\"inLanguage\":\"it-IT\",\"@id\":\"https:\/\/exceladvisor.org\/it\/#\/schema\/logo\/image\/\",\"url\":\"https:\/\/exceladvisor.org\/it\/wp-content\/uploads\/2023\/12\/exceladvisor.org_.png\",\"contentUrl\":\"https:\/\/exceladvisor.org\/it\/wp-content\/uploads\/2023\/12\/exceladvisor.org_.png\",\"width\":105,\"height\":36,\"caption\":\"Excel Advisor\"},\"image\":{\"@id\":\"https:\/\/exceladvisor.org\/it\/#\/schema\/logo\/image\/\"}}]}<\/script>\n<!-- \/ Yoast SEO plugin. -->","yoast_head_json":{"title":"Come aggiungere quadrati in Excel? (Tutorial 2023)","description":"Questo tutorial ti insegner\u00e0 come scrivere una formula Excel per calcolare la somma dei quadrati in due modi diversi. Controlliamo questo...","robots":{"index":"index","follow":"follow","max-snippet":"max-snippet:-1","max-image-preview":"max-image-preview:large","max-video-preview":"max-video-preview:-1"},"canonical":"https:\/\/exceladvisor.org\/it\/somma-dei-quadrati-2\/","og_locale":"it_IT","og_type":"article","og_title":"Come aggiungere quadrati in Excel? (Tutorial 2023)","og_description":"Questo tutorial ti insegner\u00e0 come scrivere una formula Excel per calcolare la somma dei quadrati in due modi diversi. Controlliamo questo...","og_url":"https:\/\/exceladvisor.org\/it\/somma-dei-quadrati-2\/","og_site_name":"Excel Advisor","article_modified_time":"2023-12-10T06:19:52+00:00","og_image":[{"url":"https:\/\/exceladvisor.org\/wp-content\/uploads\/2023\/08\/1-somme-des-carres.png","type":"","width":"","height":""}],"twitter_card":"summary_large_image","twitter_misc":{"Tempo di lettura stimato":"1 minuto"},"schema":{"@context":"https:\/\/schema.org","@graph":[{"@type":"WebPage","@id":"https:\/\/exceladvisor.org\/it\/somma-dei-quadrati-2\/","url":"https:\/\/exceladvisor.org\/it\/somma-dei-quadrati-2\/","name":"Come aggiungere quadrati in Excel? (Tutorial 2023)","isPartOf":{"@id":"https:\/\/exceladvisor.org\/it\/#website"},"primaryImageOfPage":{"@id":"https:\/\/exceladvisor.org\/it\/somma-dei-quadrati-2\/#primaryimage"},"image":{"@id":"https:\/\/exceladvisor.org\/it\/somma-dei-quadrati-2\/#primaryimage"},"thumbnailUrl":"https:\/\/exceladvisor.org\/wp-content\/uploads\/2023\/08\/1-somme-des-carres.png","datePublished":"2023-11-09T22:59:40+00:00","dateModified":"2023-12-10T06:19:52+00:00","description":"Questo tutorial ti insegner\u00e0 come scrivere una formula Excel per calcolare la somma dei quadrati in due modi diversi. Controlliamo questo...","breadcrumb":{"@id":"https:\/\/exceladvisor.org\/it\/somma-dei-quadrati-2\/#breadcrumb"},"inLanguage":"it-IT","potentialAction":[{"@type":"ReadAction","target":["https:\/\/exceladvisor.org\/it\/somma-dei-quadrati-2\/"]}]},{"@type":"ImageObject","inLanguage":"it-IT","@id":"https:\/\/exceladvisor.org\/it\/somma-dei-quadrati-2\/#primaryimage","url":"https:\/\/exceladvisor.org\/wp-content\/uploads\/2023\/08\/1-somme-des-carres.png","contentUrl":"https:\/\/exceladvisor.org\/wp-content\/uploads\/2023\/08\/1-somme-des-carres.png"},{"@type":"BreadcrumbList","@id":"https:\/\/exceladvisor.org\/it\/somma-dei-quadrati-2\/#breadcrumb","itemListElement":[{"@type":"ListItem","position":1,"name":"Home","item":"https:\/\/exceladvisor.org\/it\/"},{"@type":"ListItem","position":2,"name":"Come aggiungere quadrati in excel?"}]},{"@type":"WebSite","@id":"https:\/\/exceladvisor.org\/it\/#website","url":"https:\/\/exceladvisor.org\/it\/","name":"Excel Advisor","description":"Tips, Tricks, and Time-Saving Hacks","publisher":{"@id":"https:\/\/exceladvisor.org\/it\/#organization"},"potentialAction":[{"@type":"SearchAction","target":{"@type":"EntryPoint","urlTemplate":"https:\/\/exceladvisor.org\/it\/?s={search_term_string}"},"query-input":{"@type":"PropertyValueSpecification","valueRequired":true,"valueName":"search_term_string"}}],"inLanguage":"it-IT"},{"@type":"Organization","@id":"https:\/\/exceladvisor.org\/it\/#organization","name":"Excel Advisor","url":"https:\/\/exceladvisor.org\/it\/","logo":{"@type":"ImageObject","inLanguage":"it-IT","@id":"https:\/\/exceladvisor.org\/it\/#\/schema\/logo\/image\/","url":"https:\/\/exceladvisor.org\/it\/wp-content\/uploads\/2023\/12\/exceladvisor.org_.png","contentUrl":"https:\/\/exceladvisor.org\/it\/wp-content\/uploads\/2023\/12\/exceladvisor.org_.png","width":105,"height":36,"caption":"Excel Advisor"},"image":{"@id":"https:\/\/exceladvisor.org\/it\/#\/schema\/logo\/image\/"}}]}},"yoast_meta":{"yoast_wpseo_title":"","yoast_wpseo_metadesc":"","yoast_wpseo_canonical":""},"_links":{"self":[{"href":"https:\/\/exceladvisor.org\/it\/wp-json\/wp\/v2\/pages\/1717","targetHints":{"allow":["GET"]}}],"collection":[{"href":"https:\/\/exceladvisor.org\/it\/wp-json\/wp\/v2\/pages"}],"about":[{"href":"https:\/\/exceladvisor.org\/it\/wp-json\/wp\/v2\/types\/page"}],"author":[{"embeddable":true,"href":"https:\/\/exceladvisor.org\/it\/wp-json\/wp\/v2\/users\/1"}],"replies":[{"embeddable":true,"href":"https:\/\/exceladvisor.org\/it\/wp-json\/wp\/v2\/comments?post=1717"}],"version-history":[{"count":1,"href":"https:\/\/exceladvisor.org\/it\/wp-json\/wp\/v2\/pages\/1717\/revisions"}],"predecessor-version":[{"id":2269,"href":"https:\/\/exceladvisor.org\/it\/wp-json\/wp\/v2\/pages\/1717\/revisions\/2269"}],"wp:attachment":[{"href":"https:\/\/exceladvisor.org\/it\/wp-json\/wp\/v2\/media?parent=1717"}],"curies":[{"name":"wp","href":"https:\/\/api.w.org\/{rel}","templated":true}]}}