{"id":1720,"date":"2023-11-09T19:39:46","date_gmt":"2023-11-09T19:39:46","guid":{"rendered":"https:\/\/exceladvisor.org\/it\/mappa-di-calore\/"},"modified":"2023-12-10T06:22:50","modified_gmt":"2023-12-10T06:22:50","slug":"mappa-di-calore","status":"publish","type":"page","link":"https:\/\/exceladvisor.org\/it\/mappa-di-calore\/","title":{"rendered":"Come creare una mappa termica in excel?"},"content":{"rendered":"<div class=\"excel-prima-del-contenuto\" id=\"excel-2351868731\"><script type=\"text\/javascript\">\r\n\tatOptions = {\r\n\t\t'key' : 'c1158f160081d6540a8409e6925dab94',\r\n\t\t'format' : 'iframe',\r\n\t\t'height' : 250,\r\n\t\t'width' : 300,\r\n\t\t'params' : {}\r\n\t};\r\n<\/script>\r\n<script type=\"text\/javascript\" src=\"\/\/www.highperformanceformat.com\/c1158f160081d6540a8409e6925dab94\/invoke.js\"><\/script><\/div> <p>Le immagini sono sempre facilmente comprensibili in relazione ai valori. Anche in Excel, quando si <a style=\"outline: none;\" href=\"https:\/\/exceladvisor.org\/it\/grafica-avanzata\/\">utilizza un grafico (avanzato o di base)<\/a> di facile comprensione per l&#8217;utente.<\/p><p> Ma non possiamo sempre seguire questa strada, perch\u00e9 la maggior parte delle volte dobbiamo presentare i nostri dati in tabelle o altri formati di reporting.<\/p><p> <span style=\"font-size: 1em;\">Per gestire questo tipo di situazione in Excel, ho scoperto che una mappa termica \u00e8 la soluzione migliore. Questo ci aiuta a presentare i dati con un effetto visivo e senza modificare la struttura effettiva dei dati.<\/span><\/p><h2 class=\"wp-block-heading\"> Che cos&#8217;\u00e8 una MAPPA DI CALORE in Excel?<\/h2><p> In Excel, una mappa termica \u00e8 una presentazione di dati che utilizza una tonalit\u00e0 di colore su ciascuna cella dell&#8217;intervallo in modo comparativo in modo che un utente possa comprenderli facilmente. Sembra una mappa con colori diversi dallo scuro al chiaro per rappresentare la ponderazione del valore nella cella.<\/p><p> Di seguito \u00e8 riportato un esempio di una semplice mappa termica in cui abbiamo dati per area e mese e per ogni cella in cui abbiamo un valore di vendita, sulla cella viene applicato un campione di colore. <\/p><div class=\"wp-block-image\"><figure class=\"aligncenter\"><img decoding=\"async\" src=\"https:\/\/exceladvisor.org\/wp-content\/uploads\/2023\/08\/une-carte-de-chaleur-simple-dans-excel-1.png\" sizes=\"\" srcset=\"\" alt=\"una semplice mappa termica in Excel\"><\/figure><\/div><p> E questa tonalit\u00e0 di colore ci aiuta a confrontare rapidamente i valori delle celle tra loro. La cella con il valore pi\u00f9 alto ha il colore verde, quella con il valore pi\u00f9 basso ha il rosso e tutte le celle al centro hanno il colore giallo.<\/p><p> Tutti i valori compresi tra il valore pi\u00f9 alto e quello pi\u00f9 basso hanno una sfumatura di colore in base al loro rango. Ma puoi creare manualmente una mappa di calore come questa perch\u00e9 \u00e8 possibile applicare il colore a una cella in base ai suoi valori ogni volta.<\/p><p> Ora il fatto \u00e8 che sai quali sono i modi possibili per creare una mappa termica in Excel. E, secondo me, ce ne sono pi\u00f9 di tre. Quindi, in questo articolo condivider\u00f2 tutti i modi possibili per creare una mappa termica in Excel.<\/p><blockquote class=\"wp-block-quote\"><p> <strong>Quando si stampa una mappa termica su carta, l&#8217;aspetto \u00e8 davvero sgradevole, soprattutto se si utilizza una stampante in bianco e nero. Tutte le sfumature hanno solo bianco e nero, cosa non facile da capire per nessuno.<\/strong><\/p><\/blockquote><h2 class=\"wp-block-heading\"> Crea una mappa termica in Excel utilizzando la formattazione condizionale<\/h2><p> Se non vuoi impegnarti ulteriormente e risparmiare tempo, puoi creare una semplice mappa termica utilizzando la formattazione condizionale. Sto utilizzando gli stessi dati come esempio ( <a href=\"https:\/\/exceladvisor.org\/wp-content\/uploads\/2023\/11\/carte-thermique-des-donnees-excel.xlsx\" rel=\"nofollow\">LINK DOWNLOAD<\/a> ) qui che ti ho mostrato all&#8217;inizio di questo post. <\/p><div class=\"wp-block-image\"><figure class=\"aligncenter\"><img decoding=\"async\" src=\"https:\/\/exceladvisor.org\/wp-content\/uploads\/2023\/08\/Tableau-de-donnees-pour-creer-un-modele-de-carte-thermique-Excel-a-laide-dechelles-de-couleurs-de-mise-en-forme-conditionnelle-1.png\" sizes=\"\" srcset=\"\" alt=\"Tabella dati per creare un modello di mappa termica Excel utilizzando scale di colori di formattazione condizionale\"><\/figure><\/div><p> Per creare una mappa termica in Excel, \u00e8 necessario seguire i passaggi seguenti:<\/p><ol><li> Innanzitutto, seleziona i dati su cui desideri applicare la mappa termica (qui devi selezionare tutte le celle in cui sono presenti valori di vendita)<\/li><li> Successivamente, vai alla scheda Home \u279c Stili \u279c Formattazione condizionale.<\/li><li> Nelle opzioni di formattazione condizionale, seleziona scale di colori. (Esistono sei diversi tipi di scale di colori tra cui scegliere). <br><img decoding=\"async\" title=\"Sei scale di colori di formattazione condizionale per creare un modello di mappa termica Excel\" src=\"https:\/\/exceladvisor.org\/wp-content\/uploads\/2023\/08\/Six-echelles-de-couleurs-de-mise-en-forme-conditionnelle-pour-creer-un-modele-de-carte-thermique-Excel-1.png\" sizes=\"\" srcset=\"\" alt=\"Six Conditional Formatting Color Scales To Create A Excel Heat Map Template\"><\/li><li> Una volta selezionata un&#8217;opzione, tutte le celle avranno una sfumatura di colore in base al valore che hanno e otterrai una mappa termica come di seguito. <br><img decoding=\"async\" title=\"una semplice mappa termica in Excel\" src=\"https:\/\/exceladvisor.org\/wp-content\/uploads\/2023\/08\/une-carte-de-chaleur-simple-dans-excel-1.png\" sizes=\"\" srcset=\"\" alt=\"a simple heat map in excel\"><\/li><li> Inoltre, se desideri nascondere il valore e mostrare solo il colore condiviso, puoi utilizzare la formattazione personalizzata.<\/li><li> Per fare ci\u00f2, prima di tutto seleziona i dati della mappa termica e apri le opzioni di formattazione (Ctrl + 1).<\/li><li> Ora nella scheda del numero vai su Personalizzato e inserisci ;;; e alla fine clicca su OK. <br><img decoding=\"async\" title=\"Formattazione personalizzata per creare un modello di mappa termica Excel utilizzando scale di colore\" src=\"https:\/\/exceladvisor.org\/wp-content\/uploads\/2023\/08\/Formatage-personnalise-pour-creer-un-modele-de-carte-thermique-Excel-a-laide-dechelles-de-couleurs.png\" sizes=\"\" srcset=\"\" alt=\"Custom Formatting To Create A Excel Heat Map Template Using Color Scales\"><\/li><li> Dopo aver fatto clic su OK, tutti i numeri verranno nascosti nelle celle. Ebbene, sono nelle celle ma semplicemente nascosti. <br><img decoding=\"async\" title=\"Un modello semplice di mappa termica Excel con scale di colore\" src=\"https:\/\/exceladvisor.org\/wp-content\/uploads\/2023\/08\/Un-modele-de-carte-thermique-Excel-simple-utilisant-des-echelles-de-couleurs.png\" sizes=\"\" srcset=\"\" alt=\"A Simple Excel Heat Map Template Using Color Scales\"><\/li><\/ol><h2 id=\"tab-con-2\" class=\"wp-block-heading\"> Passaggi per aggiungere una mappa termica a una tabella pivot<\/h2><p> Puoi anche utilizzare il calore in una tabella pivot <a href=\"https:\/\/exceladvisor.org\/it\/applicare-la-formattazione-condizionale\/\">applicando la formattazione condizionale<\/a> . Ecco i passaggi da seguire:<\/p><ul><li> Seleziona una delle celle della tabella pivot.<\/li><li> Vai alla scheda Home \u279c Stili \u279c Formattazione condizionale.<\/li><li> Nelle opzioni di formattazione condizionale, seleziona scale di colori. <\/li><\/ul><div class=\"wp-block-image\"><figure class=\"aligncenter\"><img decoding=\"async\" src=\"https:\/\/exceladvisor.org\/wp-content\/uploads\/2023\/08\/Tableau-croise-dynamique-pour-creer-un-modele-de-carte-thermique-Excel-1.png\" sizes=\"\" srcset=\"\" alt=\"Tabella pivot per creare un modello di mappa termica Excel\"><\/figure><\/div><p> Inoltre, se desideri nascondere i numeri (cosa che non consiglio), segui questi semplici passaggi.<\/p><ol><li> Seleziona una delle celle della tabella pivot.<\/li><li> Andare alla scheda Analizza \u279c Campo attivo \u279c Impostazioni campo. <br><img decoding=\"async\" title=\"Cambia formato numero tabella pivot per creare un modello di mappa termica Excel\" src=\"https:\/\/exceladvisor.org\/wp-content\/uploads\/2023\/08\/Changer-le-format-du-tableau-croise-dynamique-pour-creer-un-modele-de-carte-thermique-Excel.png\" sizes=\"\" srcset=\"\" alt=\"Change Pivot Table Number Format To Create A Excel Heat Map Template\"><\/li><li> Fare clic sul formato del numero.<\/li><li> Nella scheda del numero, vai su Personalizza e inserisci ;;; in genere.<\/li><li> Fare clic su OK.<\/li><\/ol><p> Puoi scaricare questo file di esempio da qui per sapere come possiamo <a href=\"https:\/\/exceladvisor.org\/it\/collegare-laffettatrice-a-diverse-tabelle-pivot\/\">utilizzare un&#8217;affettatrice<\/a> con un pivot della mappa termica.<\/p><h2 id=\"tab-con-3\" class=\"wp-block-heading\"> Passaggi per creare una mappa di calore dinamica in Excel<\/h2><p> Puoi creare una mappa termica dinamica se desideri nasconderla\/mostrarla in base alle tue esigenze. <\/p><div class=\"wp-block-image\"><figure class=\"aligncenter\"><img decoding=\"async\" src=\"https:\/\/exceladvisor.org\/wp-content\/uploads\/2023\/08\/un-modele-de-carte-thermique-dynamique-dans-excel.gif\" sizes=\"\" srcset=\"\" alt=\"un modello di mappa termica dinamica in Excel\"><\/figure><\/div><p> Di seguito \u00e8 riportata la tabella che abbiamo utilizzato per creare una mappa termica dinamica. <\/p><div class=\"wp-block-image\"><figure class=\"aligncenter\"><img decoding=\"async\" src=\"https:\/\/exceladvisor.org\/wp-content\/uploads\/2023\/08\/Tableau-pour-creer-un-modele-de-carte-thermique-Excel-1.png\" sizes=\"\" srcset=\"\" alt=\"Tabella per creare un modello di mappa termica Excel\"><\/figure><\/div><p> E le seguenti cose che dobbiamo incorporare.<\/p><ol><li> Opzione per passare dalla mappa termica ai numeri.<\/li><li> Tabella di aggiornamento automatico con mappa termica quando si aggiungono nuovi dati.<\/li><\/ol><p> Ecco come farlo: <\/p><div class=\"wp-block-image\"><figure class=\"aligncenter\"><img decoding=\"async\" src=\"https:\/\/exceladvisor.org\/wp-content\/uploads\/2023\/08\/Inserer-une-case-a-cocher-pour-creer-un-modele-de-carte-thermique-Excel-dynamique-e1463472556186.png\" sizes=\"\" srcset=\"\" alt=\"Inserisci una casella di controllo per creare un modello dinamico di mappa termica Excel\"><\/figure><\/div><p> Ora hai una mappa termica dinamica che puoi controllare con una casella di controllo. <\/p><div class=\"wp-block-image\"><figure class=\"aligncenter\"><img decoding=\"async\" src=\"https:\/\/exceladvisor.org\/wp-content\/uploads\/2023\/08\/carte-thermique-dynamique-finale-dans-Excel-a-laide-dune-case-a-cocher-1.gif\" sizes=\"\" srcset=\"\" alt=\"mappa termica dinamica finale in Excel utilizzando una casella di controllo\"><\/figure><\/div><p> E se vuoi nascondere i numeri quando selezioni la casella selezionata, devi creare una regola di formattazione condizionale separata. Ecco come farlo:<\/p><ol><li> Aprire la finestra di dialogo Nuova regola di formattazione condizionale.<\/li><li> Seleziona &#8220;Utilizza una formula per selezionare la cella da formattare&#8221; e inserisci la formula seguente. <img decoding=\"async\" style=\"display: block; margin-left: auto; margin-right: auto;\" title=\"Formattazione personalizzata per creare un modello dinamico di Excel Heat Map\" src=\"https:\/\/exceladvisor.org\/wp-content\/uploads\/2023\/08\/Formatage-personnalise-pour-creer-un-modele-de-carte-thermique-Excel-dynamique.png\" sizes=\"\" srcset=\"\" alt=\"Use Conditional Formatting Pop Up Box To Create Excel Heat Map Template\"><ul><li> = <a href=\"https:\/\/exceladvisor.org\/it\/un\/\" target=\"_blank\" rel=\"noopener noreferrer\">SE<\/a> ($K$1=VERO,VERO,FALSO)<\/li><\/ul><\/li><li> Ora specifica la formattazione del numero personalizzata. <br><img decoding=\"async\" title=\"Formattazione personalizzata per creare un modello di mappa termica Excel utilizzando scale di colore\" src=\"https:\/\/exceladvisor.org\/wp-content\/uploads\/2023\/08\/Formatage-personnalise-pour-creer-un-modele-de-carte-thermique-Excel-a-laide-dechelles-de-couleurs.png\" sizes=\"\" srcset=\"\" alt=\"Custom Formatting To Create A Excel Heat Map Template Using Color Scales\"><\/li><\/ol><p> Dopo aver applicato tutte le personalizzazioni di cui sopra, otterrai una mappa termica dinamica.<\/p><h2 class=\"wp-block-heading\"> Maggiori informazioni<\/h2><p> Questi sono alcuni collegamenti per aiutarti a scegliere la tavolozza dei colori preferita.<\/p><ol><li> <a style=\"outline: none;\" href=\"http:\/\/hex.colorrrs.com\/\" target=\"_blank\" rel=\"nofollow noopener noreferrer\">Colori esagonali<\/a><\/li><li> <a style=\"outline: none;\" href=\"http:\/\/colorbrewer2.org\/\" target=\"_blank\" rel=\"nofollow noopener noreferrer\">Birra di colori<\/a><\/li><\/ol><h2 class=\"wp-block-heading\"> File di esempio<\/h2><p> <a style=\"outline: none;\" href=\"https:\/\/exceladvisor.org\/wp-content\/uploads\/2023\/11\/modele-de-carte-thermique-excel.xlsx\" rel=\"nofollow\">Scarica questo esempio qui<\/a> per saperne di pi\u00f9.<\/p><h2 class=\"wp-block-heading\"> Conclusione<\/h2><p> Immagina che se guardi un set di dati di grandi dimensioni, \u00e8 davvero difficile identificare i valori pi\u00f9 bassi o quelli pi\u00f9 alti, ma se hai una mappa termica, \u00e8 facile identificarli.<\/p><p> \u00c8 possibile utilizzare diversi schemi di colori per illustrare una mappa termica. E, se riesci a fare il possibile, una mappa di calore dinamica \u00e8 la soluzione migliore. Spero che questi suggerimenti ti aiutino a migliorare con Excel e ora dico una cosa.<\/p><p> <strong>Pensi che una mappa termica possa esserti utile nel tuo lavoro?<\/strong><\/p><p> Condividi i tuoi pensieri con me nella sezione commenti, mi piacerebbe sentire la tua opinione. E non dimenticare di condividere questo suggerimento con i tuoi amici.<\/p><div class=\"gb-container gb-container-a61970aa gb-container-mt\"> <a class=\"gb-button gb-button-b4293c6c gb-button-text gb-button-mt-button\" href=\"https:\/\/exceladvisor.org\/it\/grafici-excel\/\">Tipi di grafici Excel<\/a><h2 class=\"gb-headline gb-headline-5bf2e581 gb-headline-text gb-headline-mt-heading\"> Tutorial correlati <\/h2><div class=\"gb-grid-wrapper gb-grid-wrapper-9b70abf1 gb-grid-wrapper-mt-grid\"><div class=\"gb-grid-column gb-grid-column-97a95c29\"><div class=\"gb-container gb-container-97a95c29\"><ul><li> <a href=\"https:\/\/exceladvisor.org\/it\/grafica-della-cialda\/\">CARTONCINO GOFFRATO<\/a><\/li><li> <a href=\"https:\/\/exceladvisor.org\/it\/grafico-a-imbuto\/\">Grafico a imbuto<\/a><\/li><li> <a href=\"https:\/\/exceladvisor.org\/it\/diagramma-di-gantt\/\">diagramma di Gantt<\/a><\/li><li> <a href=\"https:\/\/exceladvisor.org\/it\/grafico-del-tornado\/\">Grafico del tornado<\/a><\/li><li> <a href=\"https:\/\/exceladvisor.org\/it\/grafica-avanzata\/\">Grafici Excel avanzati<\/a> <\/li><\/ul><\/div><\/div><div class=\"gb-grid-column gb-grid-column-0636840f\"><div class=\"gb-container gb-container-0636840f\"><\/div><\/div><\/div><\/div>","protected":false},"excerpt":{"rendered":"","protected":false},"author":1,"featured_media":0,"parent":0,"menu_order":0,"comment_status":"open","ping_status":"closed","template":"","meta":{"ub_ctt_via":"","footnotes":""},"class_list":["post-1720","page","type-page","status-publish","hentry"],"featured_image_src":null,"yoast_head":"<!-- This site is optimized with the Yoast SEO plugin v25.4 - https:\/\/yoast.com\/wordpress\/plugins\/seo\/ -->\n<title>Come creare una mappa termica in Excel? (modello 2023)<\/title>\n<meta name=\"description\" content=\"Fondamentalmente, una mappa termica \u00e8 una presentazione di dati con colori basati sul valore. E, riguardo\" \/>\n<meta name=\"robots\" content=\"index, follow, max-snippet:-1, max-image-preview:large, max-video-preview:-1\" \/>\n<link rel=\"canonical\" href=\"https:\/\/exceladvisor.org\/it\/mappa-di-calore\/\" \/>\n<meta property=\"og:locale\" content=\"it_IT\" \/>\n<meta property=\"og:type\" content=\"article\" \/>\n<meta property=\"og:title\" content=\"Come creare una mappa termica in Excel? (modello 2023)\" \/>\n<meta property=\"og:description\" content=\"Fondamentalmente, una mappa termica \u00e8 una presentazione di dati con colori basati sul valore. E, riguardo\" \/>\n<meta property=\"og:url\" content=\"https:\/\/exceladvisor.org\/it\/mappa-di-calore\/\" \/>\n<meta property=\"og:site_name\" content=\"Excel Advisor\" \/>\n<meta property=\"article:modified_time\" content=\"2023-12-10T06:22:50+00:00\" \/>\n<meta property=\"og:image\" content=\"https:\/\/exceladvisor.org\/wp-content\/uploads\/2023\/08\/une-carte-de-chaleur-simple-dans-excel-1.png\" \/>\n<meta name=\"twitter:card\" content=\"summary_large_image\" \/>\n<meta name=\"twitter:label1\" content=\"Tempo di lettura stimato\" \/>\n\t<meta name=\"twitter:data1\" content=\"5 minuti\" \/>\n<script type=\"application\/ld+json\" class=\"yoast-schema-graph\">{\"@context\":\"https:\/\/schema.org\",\"@graph\":[{\"@type\":\"WebPage\",\"@id\":\"https:\/\/exceladvisor.org\/it\/mappa-di-calore\/\",\"url\":\"https:\/\/exceladvisor.org\/it\/mappa-di-calore\/\",\"name\":\"Come creare una mappa termica in Excel? (modello 2023)\",\"isPartOf\":{\"@id\":\"https:\/\/exceladvisor.org\/it\/#website\"},\"primaryImageOfPage\":{\"@id\":\"https:\/\/exceladvisor.org\/it\/mappa-di-calore\/#primaryimage\"},\"image\":{\"@id\":\"https:\/\/exceladvisor.org\/it\/mappa-di-calore\/#primaryimage\"},\"thumbnailUrl\":\"https:\/\/exceladvisor.org\/wp-content\/uploads\/2023\/08\/une-carte-de-chaleur-simple-dans-excel-1.png\",\"datePublished\":\"2023-11-09T19:39:46+00:00\",\"dateModified\":\"2023-12-10T06:22:50+00:00\",\"description\":\"Fondamentalmente, una mappa termica \u00e8 una presentazione di dati con colori basati sul valore. E, riguardo\",\"breadcrumb\":{\"@id\":\"https:\/\/exceladvisor.org\/it\/mappa-di-calore\/#breadcrumb\"},\"inLanguage\":\"it-IT\",\"potentialAction\":[{\"@type\":\"ReadAction\",\"target\":[\"https:\/\/exceladvisor.org\/it\/mappa-di-calore\/\"]}]},{\"@type\":\"ImageObject\",\"inLanguage\":\"it-IT\",\"@id\":\"https:\/\/exceladvisor.org\/it\/mappa-di-calore\/#primaryimage\",\"url\":\"https:\/\/exceladvisor.org\/wp-content\/uploads\/2023\/08\/une-carte-de-chaleur-simple-dans-excel-1.png\",\"contentUrl\":\"https:\/\/exceladvisor.org\/wp-content\/uploads\/2023\/08\/une-carte-de-chaleur-simple-dans-excel-1.png\"},{\"@type\":\"BreadcrumbList\",\"@id\":\"https:\/\/exceladvisor.org\/it\/mappa-di-calore\/#breadcrumb\",\"itemListElement\":[{\"@type\":\"ListItem\",\"position\":1,\"name\":\"Home\",\"item\":\"https:\/\/exceladvisor.org\/it\/\"},{\"@type\":\"ListItem\",\"position\":2,\"name\":\"Come creare una mappa termica in excel?\"}]},{\"@type\":\"WebSite\",\"@id\":\"https:\/\/exceladvisor.org\/it\/#website\",\"url\":\"https:\/\/exceladvisor.org\/it\/\",\"name\":\"Excel Advisor\",\"description\":\"Tips, Tricks, and Time-Saving Hacks\",\"publisher\":{\"@id\":\"https:\/\/exceladvisor.org\/it\/#organization\"},\"potentialAction\":[{\"@type\":\"SearchAction\",\"target\":{\"@type\":\"EntryPoint\",\"urlTemplate\":\"https:\/\/exceladvisor.org\/it\/?s={search_term_string}\"},\"query-input\":{\"@type\":\"PropertyValueSpecification\",\"valueRequired\":true,\"valueName\":\"search_term_string\"}}],\"inLanguage\":\"it-IT\"},{\"@type\":\"Organization\",\"@id\":\"https:\/\/exceladvisor.org\/it\/#organization\",\"name\":\"Excel Advisor\",\"url\":\"https:\/\/exceladvisor.org\/it\/\",\"logo\":{\"@type\":\"ImageObject\",\"inLanguage\":\"it-IT\",\"@id\":\"https:\/\/exceladvisor.org\/it\/#\/schema\/logo\/image\/\",\"url\":\"https:\/\/exceladvisor.org\/it\/wp-content\/uploads\/2023\/12\/exceladvisor.org_.png\",\"contentUrl\":\"https:\/\/exceladvisor.org\/it\/wp-content\/uploads\/2023\/12\/exceladvisor.org_.png\",\"width\":105,\"height\":36,\"caption\":\"Excel Advisor\"},\"image\":{\"@id\":\"https:\/\/exceladvisor.org\/it\/#\/schema\/logo\/image\/\"}}]}<\/script>\n<!-- \/ Yoast SEO plugin. -->","yoast_head_json":{"title":"Come creare una mappa termica in Excel? (modello 2023)","description":"Fondamentalmente, una mappa termica \u00e8 una presentazione di dati con colori basati sul valore. E, riguardo","robots":{"index":"index","follow":"follow","max-snippet":"max-snippet:-1","max-image-preview":"max-image-preview:large","max-video-preview":"max-video-preview:-1"},"canonical":"https:\/\/exceladvisor.org\/it\/mappa-di-calore\/","og_locale":"it_IT","og_type":"article","og_title":"Come creare una mappa termica in Excel? (modello 2023)","og_description":"Fondamentalmente, una mappa termica \u00e8 una presentazione di dati con colori basati sul valore. E, riguardo","og_url":"https:\/\/exceladvisor.org\/it\/mappa-di-calore\/","og_site_name":"Excel Advisor","article_modified_time":"2023-12-10T06:22:50+00:00","og_image":[{"url":"https:\/\/exceladvisor.org\/wp-content\/uploads\/2023\/08\/une-carte-de-chaleur-simple-dans-excel-1.png","type":"","width":"","height":""}],"twitter_card":"summary_large_image","twitter_misc":{"Tempo di lettura stimato":"5 minuti"},"schema":{"@context":"https:\/\/schema.org","@graph":[{"@type":"WebPage","@id":"https:\/\/exceladvisor.org\/it\/mappa-di-calore\/","url":"https:\/\/exceladvisor.org\/it\/mappa-di-calore\/","name":"Come creare una mappa termica in Excel? (modello 2023)","isPartOf":{"@id":"https:\/\/exceladvisor.org\/it\/#website"},"primaryImageOfPage":{"@id":"https:\/\/exceladvisor.org\/it\/mappa-di-calore\/#primaryimage"},"image":{"@id":"https:\/\/exceladvisor.org\/it\/mappa-di-calore\/#primaryimage"},"thumbnailUrl":"https:\/\/exceladvisor.org\/wp-content\/uploads\/2023\/08\/une-carte-de-chaleur-simple-dans-excel-1.png","datePublished":"2023-11-09T19:39:46+00:00","dateModified":"2023-12-10T06:22:50+00:00","description":"Fondamentalmente, una mappa termica \u00e8 una presentazione di dati con colori basati sul valore. E, riguardo","breadcrumb":{"@id":"https:\/\/exceladvisor.org\/it\/mappa-di-calore\/#breadcrumb"},"inLanguage":"it-IT","potentialAction":[{"@type":"ReadAction","target":["https:\/\/exceladvisor.org\/it\/mappa-di-calore\/"]}]},{"@type":"ImageObject","inLanguage":"it-IT","@id":"https:\/\/exceladvisor.org\/it\/mappa-di-calore\/#primaryimage","url":"https:\/\/exceladvisor.org\/wp-content\/uploads\/2023\/08\/une-carte-de-chaleur-simple-dans-excel-1.png","contentUrl":"https:\/\/exceladvisor.org\/wp-content\/uploads\/2023\/08\/une-carte-de-chaleur-simple-dans-excel-1.png"},{"@type":"BreadcrumbList","@id":"https:\/\/exceladvisor.org\/it\/mappa-di-calore\/#breadcrumb","itemListElement":[{"@type":"ListItem","position":1,"name":"Home","item":"https:\/\/exceladvisor.org\/it\/"},{"@type":"ListItem","position":2,"name":"Come creare una mappa termica in excel?"}]},{"@type":"WebSite","@id":"https:\/\/exceladvisor.org\/it\/#website","url":"https:\/\/exceladvisor.org\/it\/","name":"Excel Advisor","description":"Tips, Tricks, and Time-Saving Hacks","publisher":{"@id":"https:\/\/exceladvisor.org\/it\/#organization"},"potentialAction":[{"@type":"SearchAction","target":{"@type":"EntryPoint","urlTemplate":"https:\/\/exceladvisor.org\/it\/?s={search_term_string}"},"query-input":{"@type":"PropertyValueSpecification","valueRequired":true,"valueName":"search_term_string"}}],"inLanguage":"it-IT"},{"@type":"Organization","@id":"https:\/\/exceladvisor.org\/it\/#organization","name":"Excel Advisor","url":"https:\/\/exceladvisor.org\/it\/","logo":{"@type":"ImageObject","inLanguage":"it-IT","@id":"https:\/\/exceladvisor.org\/it\/#\/schema\/logo\/image\/","url":"https:\/\/exceladvisor.org\/it\/wp-content\/uploads\/2023\/12\/exceladvisor.org_.png","contentUrl":"https:\/\/exceladvisor.org\/it\/wp-content\/uploads\/2023\/12\/exceladvisor.org_.png","width":105,"height":36,"caption":"Excel Advisor"},"image":{"@id":"https:\/\/exceladvisor.org\/it\/#\/schema\/logo\/image\/"}}]}},"yoast_meta":{"yoast_wpseo_title":"","yoast_wpseo_metadesc":"","yoast_wpseo_canonical":""},"_links":{"self":[{"href":"https:\/\/exceladvisor.org\/it\/wp-json\/wp\/v2\/pages\/1720","targetHints":{"allow":["GET"]}}],"collection":[{"href":"https:\/\/exceladvisor.org\/it\/wp-json\/wp\/v2\/pages"}],"about":[{"href":"https:\/\/exceladvisor.org\/it\/wp-json\/wp\/v2\/types\/page"}],"author":[{"embeddable":true,"href":"https:\/\/exceladvisor.org\/it\/wp-json\/wp\/v2\/users\/1"}],"replies":[{"embeddable":true,"href":"https:\/\/exceladvisor.org\/it\/wp-json\/wp\/v2\/comments?post=1720"}],"version-history":[{"count":1,"href":"https:\/\/exceladvisor.org\/it\/wp-json\/wp\/v2\/pages\/1720\/revisions"}],"predecessor-version":[{"id":2447,"href":"https:\/\/exceladvisor.org\/it\/wp-json\/wp\/v2\/pages\/1720\/revisions\/2447"}],"wp:attachment":[{"href":"https:\/\/exceladvisor.org\/it\/wp-json\/wp\/v2\/media?parent=1720"}],"curies":[{"name":"wp","href":"https:\/\/api.w.org\/{rel}","templated":true}]}}