{"id":1722,"date":"2023-11-09T19:18:18","date_gmt":"2023-11-09T19:18:18","guid":{"rendered":"https:\/\/exceladvisor.org\/it\/sommario-anno-2\/"},"modified":"2023-12-10T06:25:48","modified_gmt":"2023-12-10T06:25:48","slug":"sommario-anno-2","status":"publish","type":"page","link":"https:\/\/exceladvisor.org\/it\/sommario-anno-2\/","title":{"rendered":"Come sommare i valori in base all&#39;anno?"},"content":{"rendered":"<div class=\"excel-prima-del-contenuto\" id=\"excel-1277656057\"><script type=\"text\/javascript\">\r\n\tatOptions = {\r\n\t\t'key' : 'c1158f160081d6540a8409e6925dab94',\r\n\t\t'format' : 'iframe',\r\n\t\t'height' : 250,\r\n\t\t'width' : 300,\r\n\t\t'params' : {}\r\n\t};\r\n<\/script>\r\n<script type=\"text\/javascript\" src=\"\/\/www.highperformanceformat.com\/c1158f160081d6540a8409e6925dab94\/invoke.js\"><\/script><\/div> <p>Per sommare valori, in base a un anno specifico, in Excel, abbiamo indicato due metodi da seguire. Il primo metodo utilizza una colonna helper in cui \u00e8 necessario aggiungere una colonna con il numero dell&#8217;anno e sommare i valori in base al mese di quella colonna.<\/p><p> Il secondo metodo utilizza un approccio diverso. Per creare una tabella estraendo i mesi dalla colonna della data, somma i valori basati sull&#8217;anno da quella tabella.<\/p><p> In questo tutorial impareremo entrambi i metodi per aggiungere valori in base a un anno.<\/p><h2 class=\"wp-block-heading\"> SOMMA.SE anno con una colonna ausiliaria<\/h2><ol><li> Innanzitutto, aggiungi una nuova colonna e inserisci la funzione ANNO per ottenere il numero dell&#8217;anno dalle date. <br><img loading=\"lazy\" decoding=\"async\" title=\"1 anno in carica\" src=\"https:\/\/exceladvisor.org\/wp-content\/uploads\/2023\/08\/1-an-de-fonction.png\" sizes=\"auto, \" srcset=\"\" alt=\"year-function\" width=\"436\" height=\"327\"><\/li><li> Ora vai alla colonna successiva e inserisci l\u00ec la funzione SOMMA.FS.<\/li><li> Nella funzione SOMMA.SE, fare riferimento alla colonna dell&#8217;anno per l&#8217;argomento intervallo. <br><img loading=\"lazy\" decoding=\"async\" title=\"Colonna 2-anno-di-riferimento-in-sumif\" src=\"https:\/\/exceladvisor.org\/wp-content\/uploads\/2023\/08\/2-referez-vous-a-la-colonne-de-lannee-dans-sumif.png\" sizes=\"auto, \" srcset=\"\" alt=\"refer-year-column-in-sumif\" width=\"546\" height=\"256\"><\/li><li> Quindi, nell&#8217;argomento criteri, inserisci l&#8217;anno che desideri utilizzare per aggiungere i valori. <br><img loading=\"lazy\" decoding=\"async\" title=\"3-anno-in-argomentazione\" src=\"https:\/\/exceladvisor.org\/wp-content\/uploads\/2023\/08\/3-entrer-lannee-en-argument.png\" sizes=\"auto, \" srcset=\"\" alt=\"enter-year-in-argument\" width=\"544\" height=\"260\"><\/li><li> Alla fine, fai riferimento alla colonna quantit\u00e0 per sum_range, inserisci le parentesi di chiusura e premi Invio per ottenere il risultato. <br><img loading=\"lazy\" decoding=\"async\" title=\"Colonna con 4 quantit\u00e0 di riferimento\" src=\"https:\/\/exceladvisor.org\/wp-content\/uploads\/2023\/08\/4-colonne-de-quantite-de-reference.png\" sizes=\"auto, \" srcset=\"\" alt=\"refer-quantity-column\" width=\"549\" height=\"263\"><\/li><\/ol><p> Una volta premuto invio, c&#8217;\u00e8 la somma dei valori per l&#8217;anno 2021, come hai menzionato nei criteri. <\/p><div class=\"wp-block-image\"><figure class=\"aligncenter size-full is-resized\"><img loading=\"lazy\" decoding=\"async\" class=\"wp-image-77859\" src=\"https:\/\/exceladvisor.org\/wp-content\/uploads\/2023\/08\/5-valeurs-de-somme-pour-lannee-en-argument.png\" sizes=\"auto, \" srcset=\"\" alt=\"valori-somma-per-anno-in-argomentazione\" width=\"509\" height=\"432\"><\/figure><\/div><p class=\"formula\"> =SOMMA.SE(C1:C16,2021;B1:B16)<\/p><h2 class=\"wp-block-heading\"> Utilizzare SUMPRODUCT per aggiungere valori in base all&#8217;anno<\/h2><p> Creare una formula utilizzando SUMPRODUCT \u00e8 molto pi\u00f9 potente. Con questa formula non \u00e8 necessario aggiungere una colonna helper.<\/p><ol><li> Per prima cosa inserisci la funzione SUMPRODUCT e inserisci il doppio segno meno \u201c-\u201c.<\/li><li> Successivamente, inserisci la funzione anno e fai riferimento all&#8217;intero intervallo in cui sono presenti le date.<\/li><li> Successivamente, utilizza un segno di uguale e inserisci il valore dell&#8217;anno che desideri utilizzare per la somma.<\/li><li> Da qui in allegato c&#8217;\u00e8 l&#8217;anno tra parentesi.<\/li><li> Ora, nel secondo argomento di SUMPRODUCT, fai riferimento all&#8217;intervallo in cui hai i valori che desideri aggiungere.<\/li><li> Alla fine, premi Invio per ottenere il risultato. <\/li><\/ol><div class=\"wp-block-image\"><figure class=\"aligncenter size-full is-resized\"><img loading=\"lazy\" decoding=\"async\" class=\"wp-image-77860\" src=\"https:\/\/exceladvisor.org\/wp-content\/uploads\/2023\/08\/6-sommeproduit-a-somme-basee-sur-lannee.png\" sizes=\"auto, \" srcset=\"\" alt=\"somma prodotta alla somma in base all'anno\" width=\"539\" height=\"430\"><\/figure><\/div><pre class=\"wp-block-code\"> <code class=\"language-excel-formula\" lang=\"excel-formula\">=SUMPRODUCT(--(YEAR(A2:A16)=2021),B2:B16)<\/code><\/pre><p> Per comprendere questa formula \u00e8 necessario dividerla in tre parti. <\/p><div class=\"wp-block-image\"><figure class=\"aligncenter size-full is-resized\"><img loading=\"lazy\" decoding=\"async\" class=\"wp-image-77861\" src=\"https:\/\/exceladvisor.org\/wp-content\/uploads\/2023\/08\/7-comprendre-la-formule-du-produit-somme.png\" sizes=\"auto, \" srcset=\"\" alt=\"comprendere la formula del prodotto della somma\" width=\"558\" height=\"279\"><\/figure><\/div><p> Nella prima parte hai la funzione anno con la condizione di verificare l&#8217;anno 2021 nella funzione data. Questa condizione restituisce un array di VERO e FALSO a seconda dell&#8217;anno presente nella data. Se una data ha l&#8217;anno 2021, restituisce TRUE, altrimenti FALSE. <\/p><div class=\"wp-block-image\"><figure class=\"aligncenter size-full is-resized\"><img loading=\"lazy\" decoding=\"async\" class=\"wp-image-77862\" src=\"https:\/\/exceladvisor.org\/wp-content\/uploads\/2023\/08\/Condition-de-fonctionnement-de-8-ans-en-premiere-partie.png\" sizes=\"auto, \" srcset=\"\" alt=\"anno-funzione-condizione-nella-prima-parte\" width=\"576\" height=\"355\"><\/figure><\/div><p> Nella seconda parte ci sono due segni meno (\u2013) che convertono i valori VERO e FALSO rispettivamente in 1 e 0. <\/p><div class=\"wp-block-image\"><figure class=\"aligncenter size-full is-resized\"><img loading=\"lazy\" decoding=\"async\" class=\"wp-image-77863\" src=\"https:\/\/exceladvisor.org\/wp-content\/uploads\/2023\/08\/9-deuxieme-partie-a-deux-signes-moins.png\" sizes=\"auto, \" srcset=\"\" alt=\"la seconda parte ha due segni meno\" width=\"602\" height=\"344\"><\/figure><\/div><p> Nella terza parte hai le due tabelle, una con i valori 0 (per l&#8217;anno 2021) e 1 (per gli anni diversi dal 2021), e la seconda tabella con i valori somma dell&#8217;intervallo. SUMPRODUCT moltiplica tra loro i due array e somma questi valori.<\/p><p> Ora ecco una cosa che devi capire: quando moltiplichi zero con qualsiasi valore, restituisce 0. Quindi ti rimangono solo i valori in cui hai 1 nel primo array. <\/p><div class=\"wp-block-image\"><figure class=\"aligncenter size-full is-resized\"><img loading=\"lazy\" decoding=\"async\" class=\"wp-image-77864\" src=\"https:\/\/exceladvisor.org\/wp-content\/uploads\/2023\/08\/10-troisieme-partie-a-deux-fleches.png\" sizes=\"auto, \" srcset=\"\" alt=\"terza parte con due frecce\" width=\"474\" height=\"182\"><\/figure><\/div><div class=\"gb-container gb-container-52dfcee1 gb-container-sample-file\"><h2 class=\"gb-headline gb-headline-e289c143 gb-headline-text gb-headline-4f7959c2\"> Ottieni il file Excel<\/h2><p> <a class=\"gb-button gb-button-e88d6bee gb-button-text gb-button-button1\" href=\"https:\/\/exceladvisor.org\/wp-content\/uploads\/2023\/08\/annee-sumif.xlsx\" rel=\"nofollow\">Scaricamento<\/a><\/p><\/div><div class=\"gb-container gb-container-0df56012 gb-container-mt\"> <a class=\"gb-button gb-button-f9f432f4 gb-button-text gb-button-mt-button\" href=\"https:\/\/exceladvisor.org\/it\/formule\/\">Elenco delle formule di Excel<\/a><h2 class=\"gb-headline gb-headline-233444e8 gb-headline-text gb-headline-mt-heading\"> Formule correlate <\/h2><div class=\"gb-grid-wrapper gb-grid-wrapper-a16fa65c gb-grid-wrapper-mt-grid\"><div class=\"gb-grid-column gb-grid-column-50d07e0d\"><div class=\"gb-container gb-container-50d07e0d\"><ul><li> <a href=\"https:\/\/exceladvisor.org\/it\/somma-se-maggiore-di\/\">Somma maggiore dei valori utilizzando SOMMA.SE<\/a><\/li><li> <a href=\"https:\/\/exceladvisor.org\/it\/sutive-non-uguali\/\">Somma di valori non uguali (SUMIFS) in Excel<\/a><\/li><li> <a href=\"https:\/\/exceladvisor.org\/it\/sumif-sumif-o-logica\/\">SOMMA.SE\/SOMMA.FS con logica OR in Excel<\/a><\/li><li> <a href=\"https:\/\/exceladvisor.org\/it\/sumif-con-caratteri-jolly\/\">SOMMA.SE con caratteri jolly in Excel<\/a><\/li><li> <a href=\"https:\/\/exceladvisor.org\/it\/somma-di-valori-tra-due-date\/\">Intervallo di date SUMIFS (somma dei valori tra due array di date)<\/a><\/li><li> <a href=\"https:\/\/exceladvisor.org\/it\/sumif-vlookup\/\">Combina CERCA.VERT con SOMMA.SE<\/a><\/li><li> <a href=\"https:\/\/exceladvisor.org\/it\/somma-se-contiene\/\">Somma SE la cella contiene testo specifico (SOMMA.SE testo parziale)<\/a><\/li><li> <a href=\"https:\/\/exceladvisor.org\/it\/somma-per-data\/\">SOMMA.SE per data (somma dei valori in base a una data)<\/a> <\/li><\/ul><\/div><\/div><div class=\"gb-grid-column gb-grid-column-5b4a0cf9\"><div class=\"gb-container gb-container-5b4a0cf9\"><ul><li> <a href=\"https:\/\/exceladvisor.org\/it\/somma-se-non-vuota-2\/\">SOMMA.SE non vuota (somma valori per celle non vuote)<\/a><\/li><li> <a href=\"https:\/\/exceladvisor.org\/it\/somma-se-vuoto-2\/\">Utilizza SOMMA.SE per sommare valori vuoti o celle vuote<\/a><\/li><li> <a href=\"https:\/\/exceladvisor.org\/it\/somma-se-inferiore-a\/\">Somma di valori inferiori a un valore particolare (SOMMA.SE inferiore a)<\/a><\/li><li> <a href=\"https:\/\/exceladvisor.org\/it\/somma-se-maggiore-di-zero-2\/\">Somma di valori maggiori di zero (SOMMA.SE)<\/a><\/li><li> <a href=\"https:\/\/exceladvisor.org\/it\/importo-al-mese\/\">Somma dei valori in base al mese (SUMIF)<\/a><\/li><li> <a href=\"https:\/\/exceladvisor.org\/it\/somma-per-gruppo-2\/\">Somma dei valori per gruppo<\/a><\/li><\/ul><\/div><\/div><\/div><\/div>","protected":false},"excerpt":{"rendered":"","protected":false},"author":1,"featured_media":0,"parent":0,"menu_order":0,"comment_status":"open","ping_status":"closed","template":"","meta":{"ub_ctt_via":"","footnotes":""},"class_list":["post-1722","page","type-page","status-publish","hentry"],"featured_image_src":null,"yoast_head":"<!-- This site is optimized with the Yoast SEO plugin v25.4 - https:\/\/yoast.com\/wordpress\/plugins\/seo\/ -->\n<title>Come sommare i valori in base all&#039;anno? (Guida 2023)<\/title>\n<meta name=\"description\" content=\"In questo tutorial impareremo come scrivere una formula per aggiungere valori in base all&#039;anno. Per questo, noi\" \/>\n<meta name=\"robots\" content=\"index, follow, max-snippet:-1, max-image-preview:large, max-video-preview:-1\" \/>\n<link rel=\"canonical\" href=\"https:\/\/exceladvisor.org\/it\/sommario-anno-2\/\" \/>\n<meta property=\"og:locale\" content=\"it_IT\" \/>\n<meta property=\"og:type\" content=\"article\" \/>\n<meta property=\"og:title\" content=\"Come sommare i valori in base all&#039;anno? (Guida 2023)\" \/>\n<meta property=\"og:description\" content=\"In questo tutorial impareremo come scrivere una formula per aggiungere valori in base all&#039;anno. Per questo, noi\" \/>\n<meta property=\"og:url\" content=\"https:\/\/exceladvisor.org\/it\/sommario-anno-2\/\" \/>\n<meta property=\"og:site_name\" content=\"Excel Advisor\" \/>\n<meta property=\"article:modified_time\" content=\"2023-12-10T06:25:48+00:00\" \/>\n<meta property=\"og:image\" content=\"https:\/\/exceladvisor.org\/wp-content\/uploads\/2023\/08\/1-an-de-fonction.png\" \/>\n<meta name=\"twitter:card\" content=\"summary_large_image\" \/>\n<meta name=\"twitter:label1\" content=\"Tempo di lettura stimato\" \/>\n\t<meta name=\"twitter:data1\" content=\"3 minuti\" \/>\n<script type=\"application\/ld+json\" class=\"yoast-schema-graph\">{\"@context\":\"https:\/\/schema.org\",\"@graph\":[{\"@type\":\"WebPage\",\"@id\":\"https:\/\/exceladvisor.org\/it\/sommario-anno-2\/\",\"url\":\"https:\/\/exceladvisor.org\/it\/sommario-anno-2\/\",\"name\":\"Come sommare i valori in base all&#39;anno? (Guida 2023)\",\"isPartOf\":{\"@id\":\"https:\/\/exceladvisor.org\/it\/#website\"},\"primaryImageOfPage\":{\"@id\":\"https:\/\/exceladvisor.org\/it\/sommario-anno-2\/#primaryimage\"},\"image\":{\"@id\":\"https:\/\/exceladvisor.org\/it\/sommario-anno-2\/#primaryimage\"},\"thumbnailUrl\":\"https:\/\/exceladvisor.org\/wp-content\/uploads\/2023\/08\/1-an-de-fonction.png\",\"datePublished\":\"2023-11-09T19:18:18+00:00\",\"dateModified\":\"2023-12-10T06:25:48+00:00\",\"description\":\"In questo tutorial impareremo come scrivere una formula per aggiungere valori in base all&#39;anno. Per questo, noi\",\"breadcrumb\":{\"@id\":\"https:\/\/exceladvisor.org\/it\/sommario-anno-2\/#breadcrumb\"},\"inLanguage\":\"it-IT\",\"potentialAction\":[{\"@type\":\"ReadAction\",\"target\":[\"https:\/\/exceladvisor.org\/it\/sommario-anno-2\/\"]}]},{\"@type\":\"ImageObject\",\"inLanguage\":\"it-IT\",\"@id\":\"https:\/\/exceladvisor.org\/it\/sommario-anno-2\/#primaryimage\",\"url\":\"https:\/\/exceladvisor.org\/wp-content\/uploads\/2023\/08\/1-an-de-fonction.png\",\"contentUrl\":\"https:\/\/exceladvisor.org\/wp-content\/uploads\/2023\/08\/1-an-de-fonction.png\"},{\"@type\":\"BreadcrumbList\",\"@id\":\"https:\/\/exceladvisor.org\/it\/sommario-anno-2\/#breadcrumb\",\"itemListElement\":[{\"@type\":\"ListItem\",\"position\":1,\"name\":\"Home\",\"item\":\"https:\/\/exceladvisor.org\/it\/\"},{\"@type\":\"ListItem\",\"position\":2,\"name\":\"Come sommare i valori in base all&#39;anno?\"}]},{\"@type\":\"WebSite\",\"@id\":\"https:\/\/exceladvisor.org\/it\/#website\",\"url\":\"https:\/\/exceladvisor.org\/it\/\",\"name\":\"Excel Advisor\",\"description\":\"Tips, Tricks, and Time-Saving Hacks\",\"publisher\":{\"@id\":\"https:\/\/exceladvisor.org\/it\/#organization\"},\"potentialAction\":[{\"@type\":\"SearchAction\",\"target\":{\"@type\":\"EntryPoint\",\"urlTemplate\":\"https:\/\/exceladvisor.org\/it\/?s={search_term_string}\"},\"query-input\":{\"@type\":\"PropertyValueSpecification\",\"valueRequired\":true,\"valueName\":\"search_term_string\"}}],\"inLanguage\":\"it-IT\"},{\"@type\":\"Organization\",\"@id\":\"https:\/\/exceladvisor.org\/it\/#organization\",\"name\":\"Excel Advisor\",\"url\":\"https:\/\/exceladvisor.org\/it\/\",\"logo\":{\"@type\":\"ImageObject\",\"inLanguage\":\"it-IT\",\"@id\":\"https:\/\/exceladvisor.org\/it\/#\/schema\/logo\/image\/\",\"url\":\"https:\/\/exceladvisor.org\/it\/wp-content\/uploads\/2023\/12\/exceladvisor.org_.png\",\"contentUrl\":\"https:\/\/exceladvisor.org\/it\/wp-content\/uploads\/2023\/12\/exceladvisor.org_.png\",\"width\":105,\"height\":36,\"caption\":\"Excel Advisor\"},\"image\":{\"@id\":\"https:\/\/exceladvisor.org\/it\/#\/schema\/logo\/image\/\"}}]}<\/script>\n<!-- \/ Yoast SEO plugin. -->","yoast_head_json":{"title":"Come sommare i valori in base all&#39;anno? (Guida 2023)","description":"In questo tutorial impareremo come scrivere una formula per aggiungere valori in base all&#39;anno. Per questo, noi","robots":{"index":"index","follow":"follow","max-snippet":"max-snippet:-1","max-image-preview":"max-image-preview:large","max-video-preview":"max-video-preview:-1"},"canonical":"https:\/\/exceladvisor.org\/it\/sommario-anno-2\/","og_locale":"it_IT","og_type":"article","og_title":"Come sommare i valori in base all&#39;anno? (Guida 2023)","og_description":"In questo tutorial impareremo come scrivere una formula per aggiungere valori in base all&#39;anno. Per questo, noi","og_url":"https:\/\/exceladvisor.org\/it\/sommario-anno-2\/","og_site_name":"Excel Advisor","article_modified_time":"2023-12-10T06:25:48+00:00","og_image":[{"url":"https:\/\/exceladvisor.org\/wp-content\/uploads\/2023\/08\/1-an-de-fonction.png","type":"","width":"","height":""}],"twitter_card":"summary_large_image","twitter_misc":{"Tempo di lettura stimato":"3 minuti"},"schema":{"@context":"https:\/\/schema.org","@graph":[{"@type":"WebPage","@id":"https:\/\/exceladvisor.org\/it\/sommario-anno-2\/","url":"https:\/\/exceladvisor.org\/it\/sommario-anno-2\/","name":"Come sommare i valori in base all&#39;anno? (Guida 2023)","isPartOf":{"@id":"https:\/\/exceladvisor.org\/it\/#website"},"primaryImageOfPage":{"@id":"https:\/\/exceladvisor.org\/it\/sommario-anno-2\/#primaryimage"},"image":{"@id":"https:\/\/exceladvisor.org\/it\/sommario-anno-2\/#primaryimage"},"thumbnailUrl":"https:\/\/exceladvisor.org\/wp-content\/uploads\/2023\/08\/1-an-de-fonction.png","datePublished":"2023-11-09T19:18:18+00:00","dateModified":"2023-12-10T06:25:48+00:00","description":"In questo tutorial impareremo come scrivere una formula per aggiungere valori in base all&#39;anno. Per questo, noi","breadcrumb":{"@id":"https:\/\/exceladvisor.org\/it\/sommario-anno-2\/#breadcrumb"},"inLanguage":"it-IT","potentialAction":[{"@type":"ReadAction","target":["https:\/\/exceladvisor.org\/it\/sommario-anno-2\/"]}]},{"@type":"ImageObject","inLanguage":"it-IT","@id":"https:\/\/exceladvisor.org\/it\/sommario-anno-2\/#primaryimage","url":"https:\/\/exceladvisor.org\/wp-content\/uploads\/2023\/08\/1-an-de-fonction.png","contentUrl":"https:\/\/exceladvisor.org\/wp-content\/uploads\/2023\/08\/1-an-de-fonction.png"},{"@type":"BreadcrumbList","@id":"https:\/\/exceladvisor.org\/it\/sommario-anno-2\/#breadcrumb","itemListElement":[{"@type":"ListItem","position":1,"name":"Home","item":"https:\/\/exceladvisor.org\/it\/"},{"@type":"ListItem","position":2,"name":"Come sommare i valori in base all&#39;anno?"}]},{"@type":"WebSite","@id":"https:\/\/exceladvisor.org\/it\/#website","url":"https:\/\/exceladvisor.org\/it\/","name":"Excel Advisor","description":"Tips, Tricks, and Time-Saving Hacks","publisher":{"@id":"https:\/\/exceladvisor.org\/it\/#organization"},"potentialAction":[{"@type":"SearchAction","target":{"@type":"EntryPoint","urlTemplate":"https:\/\/exceladvisor.org\/it\/?s={search_term_string}"},"query-input":{"@type":"PropertyValueSpecification","valueRequired":true,"valueName":"search_term_string"}}],"inLanguage":"it-IT"},{"@type":"Organization","@id":"https:\/\/exceladvisor.org\/it\/#organization","name":"Excel Advisor","url":"https:\/\/exceladvisor.org\/it\/","logo":{"@type":"ImageObject","inLanguage":"it-IT","@id":"https:\/\/exceladvisor.org\/it\/#\/schema\/logo\/image\/","url":"https:\/\/exceladvisor.org\/it\/wp-content\/uploads\/2023\/12\/exceladvisor.org_.png","contentUrl":"https:\/\/exceladvisor.org\/it\/wp-content\/uploads\/2023\/12\/exceladvisor.org_.png","width":105,"height":36,"caption":"Excel Advisor"},"image":{"@id":"https:\/\/exceladvisor.org\/it\/#\/schema\/logo\/image\/"}}]}},"yoast_meta":{"yoast_wpseo_title":"","yoast_wpseo_metadesc":"","yoast_wpseo_canonical":""},"_links":{"self":[{"href":"https:\/\/exceladvisor.org\/it\/wp-json\/wp\/v2\/pages\/1722","targetHints":{"allow":["GET"]}}],"collection":[{"href":"https:\/\/exceladvisor.org\/it\/wp-json\/wp\/v2\/pages"}],"about":[{"href":"https:\/\/exceladvisor.org\/it\/wp-json\/wp\/v2\/types\/page"}],"author":[{"embeddable":true,"href":"https:\/\/exceladvisor.org\/it\/wp-json\/wp\/v2\/users\/1"}],"replies":[{"embeddable":true,"href":"https:\/\/exceladvisor.org\/it\/wp-json\/wp\/v2\/comments?post=1722"}],"version-history":[{"count":1,"href":"https:\/\/exceladvisor.org\/it\/wp-json\/wp\/v2\/pages\/1722\/revisions"}],"predecessor-version":[{"id":2716,"href":"https:\/\/exceladvisor.org\/it\/wp-json\/wp\/v2\/pages\/1722\/revisions\/2716"}],"wp:attachment":[{"href":"https:\/\/exceladvisor.org\/it\/wp-json\/wp\/v2\/media?parent=1722"}],"curies":[{"name":"wp","href":"https:\/\/api.w.org\/{rel}","templated":true}]}}