{"id":1723,"date":"2023-11-09T19:08:31","date_gmt":"2023-11-09T19:08:31","guid":{"rendered":"https:\/\/exceladvisor.org\/it\/corrispondenza-di-vsearch\/"},"modified":"2023-12-10T06:26:45","modified_gmt":"2023-12-10T06:26:45","slug":"corrispondenza-di-vsearch","status":"publish","type":"page","link":"https:\/\/exceladvisor.org\/it\/corrispondenza-di-vsearch\/","title":{"rendered":"Come utilizzare la combinazione cerca.vert corrispondenza?"},"content":{"rendered":"<div class=\"excel-prima-del-contenuto\" id=\"excel-810909797\"><script type=\"text\/javascript\">\r\n\tatOptions = {\r\n\t\t'key' : 'c1158f160081d6540a8409e6925dab94',\r\n\t\t'format' : 'iframe',\r\n\t\t'height' : 250,\r\n\t\t'width' : 300,\r\n\t\t'params' : {}\r\n\t};\r\n<\/script>\r\n<script type=\"text\/javascript\" src=\"\/\/www.highperformanceformat.com\/c1158f160081d6540a8409e6925dab94\/invoke.js\"><\/script><\/div> <p>La combinazione di CERCA.VERT e CORRISPONDENZA \u00e8 come un superpotere. Bene, come tutti sappiamo, CERCA.VERT \u00e8 una delle <a href=\"https:\/\/exceladvisor.org\/it\/funzioni-di-excel\/\">funzioni pi\u00f9 popolari<\/a> .<\/p><p> GIUSTO?<\/p><p> Questo pu\u00f2 aiutarti a trovare rapidamente un valore in una colonna. Ma quando lo usi sempre di pi\u00f9, ti renderai conto di alcuni problemi. E il <span style=\"color: #000000;\">problema pi\u00f9 grande \u00e8<\/span> che non \u00e8 dinamico.<\/p><p> In CERCA.VERT, col_index_no \u00e8 un valore statico, motivo per cui CERCA.VERT <strong><span style=\"color: #ff0000;\">non funziona come funzione dinamica<\/span><\/strong> . Ed \u00e8 qui che devi combinare CERCA.VERT con CORRISPONDENZA.<\/p><p> Se stai lavorando su dati <a href=\"https:\/\/exceladvisor.org\/it\/ricerca-bidirezionale\/\">a pi\u00f9 colonne<\/a> , \u00e8 una seccatura cambiarne il riferimento, devi farlo (cambiare il numero di colonna) manualmente.<\/p><p> Il modo migliore per risolvere questo problema \u00e8 utilizzare la funzione MATCH in CERCA.VERT per col_index_number. Oggi in questo articolo ti dir\u00f2 tutto ci\u00f2 che devi sapere per utilizzare questa formula combinata.<\/p><h2 id=\"h-problems-with-vlookup\" class=\"wp-block-heading\"> Problemi con CERCA.VERT<\/h2><p> Ho trovato i due motivi principali per creare una combinazione di queste due funzioni.<\/p><h3 id=\"h-1-static-reference\" class=\"wp-block-heading\"> 1. Riferimento statico<\/h3><p> Basta guardare la tabella dei dati qui sotto dove hai vendite di 12 mesi per quattro diversi dipendenti. <\/p><div class=\"wp-block-image\"><figure class=\"aligncenter\"><img decoding=\"async\" src=\"https:\/\/exceladvisor.org\/wp-content\/uploads\/2023\/08\/table-de-donnees-pour-utiliser-vlookup-et-faire-correspondre-min-1.png\" sizes=\"\" srcset=\"\" alt=\"tabella dati per utilizzare vlookup e match\"><\/figure><\/div><p> Supponiamo ora che tu voglia cercare i saldi &#8220;John&#8221; per il mese di febbraio. La formula dovrebbe essere questa.<\/p><pre class=\"wp-block-code\"> <code class=\"language-excel-formula\" lang=\"excel-formula\">=VLOOKUP(\"May\",A1:E13,2,0)<\/code><\/pre><p> E in questa formula hai menzionato 2 come col_index_num perch\u00e9 la vendita di John \u00e8 nella seconda colonna. <strong><span style=\"color: #000000;\">Ma cosa farai se il tuo capo ti dice<\/span><\/strong> di ottenere il valore delle vendite per &#8220;Peter&#8221;?<\/p><p> \u00c8 necessario modificare il valore in col_index_num perch\u00e9 non \u00e8 dinamico.<\/p><h3 id=\"h-2-add-or-delete-columns\" class=\"wp-block-heading\"> 2. Aggiungi o rimuovi colonne<\/h3><p> Ora pensa in modo diverso. Devi aggiungere una nuova colonna per un nuovo dipendente subito prima della colonna di John.<\/p><p> E qui il numero della colonna di John \u00e8 3 e il risultato della formula non \u00e8 corretto. <\/p><div class=\"wp-block-image\"><figure class=\"aligncenter\"><img decoding=\"async\" src=\"https:\/\/exceladvisor.org\/wp-content\/uploads\/2023\/08\/vlookup-et-match-static-col-index-num-min-1.png\" sizes=\"\" srcset=\"\" alt=\"vlookup e abbina il numero di indice delle colonne statiche\"><\/figure><\/div><p> Anche in questo caso, poich\u00e9 col_index_num \u00e8 un valore statico, devi modificarlo manualmente da 2 a 3 e di nuovo se hai bisogno di qualcos&#8217;altro.<\/p><p> A questo punto sai chiaramente una cosa di cui hai bisogno per rendere dinamico col_index_num. E per questo, la cosa migliore \u00e8 sostituirla con la funzione MATCH.<\/p><h2 id=\"h-why-match-function\" class=\"wp-block-heading\"> Perch\u00e9 abbinare la funzione<\/h2><p> Prima di combinare CERCA.VERT e CORRISPONDENZA, \u00e8 necessario comprendere la funzione di corrispondenza e come funziona. L&#8217;utilizzo di base di MATCH \u00e8 trovare il numero di cella del valore di ricerca in un intervallo.<\/p><p> Sintassi: MATCH(valore_ricerca,array_ricerca,[tipo_corrispondenza])<\/p><p> Ha principalmente tre argomenti, il valore di ricerca, un intervallo per cercare il valore e il tipo di corrispondenza per specificare una corrispondenza esatta o fuzzy.<\/p><p> Ad esempio, nei dati seguenti, sto cercando il nome &#8220;John&#8221; con la funzione di corrispondenza da una riga di intestazione. <\/p><div class=\"wp-block-image\"><figure class=\"aligncenter\"><img decoding=\"async\" src=\"https:\/\/exceladvisor.org\/wp-content\/uploads\/2023\/08\/comment-la-fonction-de-correspondance-fonctionne-dans-vlookup-et-la-fonction-de-correspondance-min-1.png\" sizes=\"\" srcset=\"\" alt=\"\"><\/figure><\/div><p> Inoltre, ha restituito 2 nel risultato perch\u00e9 il nome si trova nella seconda cella della riga.<\/p><h2 id=\"h-vlookup-and-match-together\" class=\"wp-block-heading\"> CERCA.VERT e ABBINA insieme<\/h2><p> Ora \u00e8 il momento di mettere insieme CERCA.VERT e ABBINA. Quindi, continuiamo con il nostro esempio precedente.<\/p><p> Per prima cosa creiamo una formula utilizzando entrambe le funzioni, poi capiremo come funzionano insieme.<\/p><p> Passaggi per creare questa formula combinata:<\/p><ul><li> Innanzitutto, in una cella inserisci il nome del mese e in un&#8217;altra cella inserisci il nome del dipendente.<\/li><li> Successivamente, inserisci la formula seguente nella terza cella. <\/li><\/ul><pre class=\"wp-block-code\"> <code class=\"language-excel-formula\" lang=\"excel-formula\">=VLOOKUP(C15,A1:E13,MATCH(C16,A1:E1,0),0)<\/code><\/pre><div class=\"wp-block-image\"><figure class=\"aligncenter\"><img decoding=\"async\" src=\"https:\/\/exceladvisor.org\/wp-content\/uploads\/2023\/08\/entrez-la-formule-vlookup-et-faites-correspondre-min-1.png\" sizes=\"\" srcset=\"\" alt=\"\"><\/figure><\/div><p> Nella formula sopra, hai utilizzato CERCA.VERT per trovare il mese MAGGIO e per l&#8217;argomento col_index_num hai utilizzato la funzione di corrispondenza anzich\u00e9 un valore statico.<\/p><p> E nella funzione di corrispondenza, hai utilizzato &#8220;John&#8221; (nome del dipendente) per il valore di ricerca. <\/p><div class=\"wp-block-image\"><figure class=\"aligncenter\"><img decoding=\"async\" src=\"https:\/\/exceladvisor.org\/wp-content\/uploads\/2023\/08\/reference-au-nom-de-lemploye-dans-vlookup-et-correspondance-min-1.png\" sizes=\"\" srcset=\"\" alt=\"riferimento al nome del dipendente in vlookup e nella corrispondenza\"><\/figure><\/div><p> Qui la funzione di corrispondenza ha restituito il numero di cellulare per &#8220;John&#8221; nella riga sopra. Successivamente, CERCA.VERT ha utilizzato questo numero di cella per restituire il valore. <\/p><div class=\"wp-block-image\"><figure class=\"aligncenter\"><img decoding=\"async\" src=\"https:\/\/exceladvisor.org\/wp-content\/uploads\/2023\/08\/numero-dindex-de-colonne-dynamique-avec-fonction-de-correspondance-1.gif\" sizes=\"\" srcset=\"\" alt=\"numero di indice di colonna dinamico con funzione di corrispondenza\"><\/figure><\/div><p> In termini semplici, la funzione CONFRONTA indica CERCA.VERT il numero di colonna per ottenere il valore.<\/p><h2 id=\"h-problems-solved\" class=\"wp-block-heading\"> Problemi risolti?<\/h2><p> Sopra hai appreso di due diversi problemi causati da <strong>col_index_num statico<\/strong> .<\/p><p> E, per questo, hai combinato CERCA.VERT e ABBINA. Ora dobbiamo verificare se questi problemi sono stati risolti o meno.<\/p><h3 id=\"h-1-static-reference-0\" class=\"wp-block-heading\"> 1. Riferimento statico<\/h3><p> Hai fatto riferimento al nome del dipendente nella funzione di corrispondenza per ottenere il numero di colonna per CERCA.VERT.<\/p><p> Quando modifichi il nome del dipendente nella cella, la funzione di corrispondenza modifica il numero di colonna. E quando devi ottenere il valore di un altro dipendente, devi modificare il nome del dipendente nella cella.<\/p><p> In questo modo hai un col_index_number dinamico. <\/p><div class=\"wp-block-image\"><figure class=\"aligncenter\"><img decoding=\"async\" src=\"https:\/\/exceladvisor.org\/wp-content\/uploads\/2023\/08\/reference-dynamique-pour-le-numero-de-colonne-en-combinant-vlookup-et-match-1.gif\" sizes=\"\" srcset=\"\" alt=\"\"><\/figure><\/div><p> Infine, non \u00e8 necessario modificare la formula ancora e ancora.<\/p><h3 id=\"h-2-add-or-delete-columns-0\" class=\"wp-block-heading\"> 2. Aggiungi o rimuovi colonne<\/h3><p> Prima di aggiungere una nuova colonna, i dati di John erano nella seconda colonna e la funzione di corrispondenza restituiva 2. E dopo aver inserito una nuova colonna, i dati di John erano nella terza colonna e la corrispondenza restituiva 3.<\/p><p> Quando aggiungi una nuova colonna per un nuovo dipendente, il valore della formula non viene modificato perch\u00e9 la funzione di corrispondenza ne aggiorna il valore. <\/p><div class=\"wp-block-image\"><figure class=\"aligncenter\"><img decoding=\"async\" src=\"https:\/\/exceladvisor.org\/wp-content\/uploads\/2023\/08\/pas-de-changement-de-valeur-avec-vlookup-et-correspondance-lors-de-la-saisie-dune-nouvelle-colonne-1.gif\" sizes=\"\" srcset=\"\" alt=\"\"><\/figure><\/div><p> In questo modo otterrai sempre il numero di colonna corretto anche quando inserisci\/elimini una colonna. La funzione MATCH restituir\u00e0 il numero di colonna corretto. <\/p><div class=\"gb-container gb-container-bafb25cc gb-container-download-2\"><div class=\"gb-grid-wrapper gb-grid-wrapper-91201309\"><div class=\"gb-grid-column gb-grid-column-15a917ef\"><div class=\"gb-container gb-container-15a917ef\"><h2 class=\"gb-headline gb-headline-f2deb261 gb-headline-text gb-headline-download-2\"> Ottieni il file Excel <\/h2><\/div><\/div><div class=\"gb-grid-column gb-grid-column-18357188\"><div class=\"gb-container gb-container-18357188\"><div class=\"gb-container gb-container-76cbe15e\"> <a class=\"gb-button gb-button-cb63d00a gb-button-text gb-button-download-2\" href=\"https:\/\/exceladvisor.org\/wp-content\/uploads\/2023\/08\/vlookup-et-correspondance.xlsx\" rel=\"nofollow\">Scaricamento<\/a><\/div><\/div><\/div><\/div><\/div><div class=\"gb-container gb-container-0df56012 gb-container-mt\"> <a class=\"gb-button gb-button-f9f432f4 gb-button-text gb-button-mt-button\" href=\"https:\/\/exceladvisor.org\/it\/formule\/\">Elenco delle formule di Excel<\/a><h2 class=\"gb-headline gb-headline-233444e8 gb-headline-text gb-headline-mt-heading\"> Formule correlate <\/h2><div class=\"gb-grid-wrapper gb-grid-wrapper-a16fa65c gb-grid-wrapper-mt-grid\"><div class=\"gb-grid-column gb-grid-column-50d07e0d\"><div class=\"gb-container gb-container-50d07e0d\"><ul><li> <a href=\"https:\/\/exceladvisor.org\/it\/iferror-vlookup\/\">SEERRORE con CERCA.VERT in Excel per sostituire #N\/D in Excel<\/a><\/li><li> <a href=\"https:\/\/exceladvisor.org\/it\/ricerca-bidirezionale\/\">Esegui una ricerca bidirezionale in Excel<\/a><\/li><li> <a href=\"https:\/\/exceladvisor.org\/it\/ricerca-inversa\/\">CERCA.VERT inversa (indietro: da destra a sinistra) in Excel<\/a><\/li><li> <a href=\"https:\/\/exceladvisor.org\/it\/vlookup-diversi-criteri\/\">CERCA.VERT con pi\u00f9 criteri in Excel<\/a><\/li><li> <a href=\"https:\/\/exceladvisor.org\/it\/caratteri-jolly-con-vlookup\/\">Caratteri jolly con CERCA.VERT in Excel<\/a><\/li><\/ul><\/div><\/div><\/div><\/div>","protected":false},"excerpt":{"rendered":"","protected":false},"author":1,"featured_media":0,"parent":0,"menu_order":0,"comment_status":"open","ping_status":"closed","template":"","meta":{"ub_ctt_via":"","footnotes":""},"class_list":["post-1723","page","type-page","status-publish","hentry"],"featured_image_src":null,"yoast_head":"<!-- This site is optimized with the Yoast SEO plugin v25.4 - https:\/\/yoast.com\/wordpress\/plugins\/seo\/ -->\n<title>Come utilizzare la combinazione CERCA.VERT in Excel?<\/title>\n<meta name=\"description\" content=\"In CERCA.VERT, col_index_no \u00e8 un valore statico, motivo per cui CERCA.VERT non funziona come funzione dinamica.\" \/>\n<meta name=\"robots\" content=\"index, follow, max-snippet:-1, max-image-preview:large, max-video-preview:-1\" \/>\n<link rel=\"canonical\" href=\"https:\/\/exceladvisor.org\/it\/corrispondenza-di-vsearch\/\" \/>\n<meta property=\"og:locale\" content=\"it_IT\" \/>\n<meta property=\"og:type\" content=\"article\" \/>\n<meta property=\"og:title\" content=\"Come utilizzare la combinazione CERCA.VERT in Excel?\" \/>\n<meta property=\"og:description\" content=\"In CERCA.VERT, col_index_no \u00e8 un valore statico, motivo per cui CERCA.VERT non funziona come funzione dinamica.\" \/>\n<meta property=\"og:url\" content=\"https:\/\/exceladvisor.org\/it\/corrispondenza-di-vsearch\/\" \/>\n<meta property=\"og:site_name\" content=\"Excel Advisor\" \/>\n<meta property=\"article:modified_time\" content=\"2023-12-10T06:26:45+00:00\" \/>\n<meta property=\"og:image\" content=\"https:\/\/exceladvisor.org\/wp-content\/uploads\/2023\/08\/table-de-donnees-pour-utiliser-vlookup-et-faire-correspondre-min-1.png\" \/>\n<meta name=\"twitter:card\" content=\"summary_large_image\" \/>\n<meta name=\"twitter:label1\" content=\"Tempo di lettura stimato\" \/>\n\t<meta name=\"twitter:data1\" content=\"4 minuti\" \/>\n<script type=\"application\/ld+json\" class=\"yoast-schema-graph\">{\"@context\":\"https:\/\/schema.org\",\"@graph\":[{\"@type\":\"WebPage\",\"@id\":\"https:\/\/exceladvisor.org\/it\/corrispondenza-di-vsearch\/\",\"url\":\"https:\/\/exceladvisor.org\/it\/corrispondenza-di-vsearch\/\",\"name\":\"Come utilizzare la combinazione CERCA.VERT in Excel?\",\"isPartOf\":{\"@id\":\"https:\/\/exceladvisor.org\/it\/#website\"},\"primaryImageOfPage\":{\"@id\":\"https:\/\/exceladvisor.org\/it\/corrispondenza-di-vsearch\/#primaryimage\"},\"image\":{\"@id\":\"https:\/\/exceladvisor.org\/it\/corrispondenza-di-vsearch\/#primaryimage\"},\"thumbnailUrl\":\"https:\/\/exceladvisor.org\/wp-content\/uploads\/2023\/08\/table-de-donnees-pour-utiliser-vlookup-et-faire-correspondre-min-1.png\",\"datePublished\":\"2023-11-09T19:08:31+00:00\",\"dateModified\":\"2023-12-10T06:26:45+00:00\",\"description\":\"In CERCA.VERT, col_index_no \u00e8 un valore statico, motivo per cui CERCA.VERT non funziona come funzione dinamica.\",\"breadcrumb\":{\"@id\":\"https:\/\/exceladvisor.org\/it\/corrispondenza-di-vsearch\/#breadcrumb\"},\"inLanguage\":\"it-IT\",\"potentialAction\":[{\"@type\":\"ReadAction\",\"target\":[\"https:\/\/exceladvisor.org\/it\/corrispondenza-di-vsearch\/\"]}]},{\"@type\":\"ImageObject\",\"inLanguage\":\"it-IT\",\"@id\":\"https:\/\/exceladvisor.org\/it\/corrispondenza-di-vsearch\/#primaryimage\",\"url\":\"https:\/\/exceladvisor.org\/wp-content\/uploads\/2023\/08\/table-de-donnees-pour-utiliser-vlookup-et-faire-correspondre-min-1.png\",\"contentUrl\":\"https:\/\/exceladvisor.org\/wp-content\/uploads\/2023\/08\/table-de-donnees-pour-utiliser-vlookup-et-faire-correspondre-min-1.png\"},{\"@type\":\"BreadcrumbList\",\"@id\":\"https:\/\/exceladvisor.org\/it\/corrispondenza-di-vsearch\/#breadcrumb\",\"itemListElement\":[{\"@type\":\"ListItem\",\"position\":1,\"name\":\"Home\",\"item\":\"https:\/\/exceladvisor.org\/it\/\"},{\"@type\":\"ListItem\",\"position\":2,\"name\":\"Come utilizzare la combinazione cerca.vert corrispondenza?\"}]},{\"@type\":\"WebSite\",\"@id\":\"https:\/\/exceladvisor.org\/it\/#website\",\"url\":\"https:\/\/exceladvisor.org\/it\/\",\"name\":\"Excel Advisor\",\"description\":\"Tips, Tricks, and Time-Saving Hacks\",\"publisher\":{\"@id\":\"https:\/\/exceladvisor.org\/it\/#organization\"},\"potentialAction\":[{\"@type\":\"SearchAction\",\"target\":{\"@type\":\"EntryPoint\",\"urlTemplate\":\"https:\/\/exceladvisor.org\/it\/?s={search_term_string}\"},\"query-input\":{\"@type\":\"PropertyValueSpecification\",\"valueRequired\":true,\"valueName\":\"search_term_string\"}}],\"inLanguage\":\"it-IT\"},{\"@type\":\"Organization\",\"@id\":\"https:\/\/exceladvisor.org\/it\/#organization\",\"name\":\"Excel Advisor\",\"url\":\"https:\/\/exceladvisor.org\/it\/\",\"logo\":{\"@type\":\"ImageObject\",\"inLanguage\":\"it-IT\",\"@id\":\"https:\/\/exceladvisor.org\/it\/#\/schema\/logo\/image\/\",\"url\":\"https:\/\/exceladvisor.org\/it\/wp-content\/uploads\/2023\/12\/exceladvisor.org_.png\",\"contentUrl\":\"https:\/\/exceladvisor.org\/it\/wp-content\/uploads\/2023\/12\/exceladvisor.org_.png\",\"width\":105,\"height\":36,\"caption\":\"Excel Advisor\"},\"image\":{\"@id\":\"https:\/\/exceladvisor.org\/it\/#\/schema\/logo\/image\/\"}}]}<\/script>\n<!-- \/ Yoast SEO plugin. -->","yoast_head_json":{"title":"Come utilizzare la combinazione CERCA.VERT in Excel?","description":"In CERCA.VERT, col_index_no \u00e8 un valore statico, motivo per cui CERCA.VERT non funziona come funzione dinamica.","robots":{"index":"index","follow":"follow","max-snippet":"max-snippet:-1","max-image-preview":"max-image-preview:large","max-video-preview":"max-video-preview:-1"},"canonical":"https:\/\/exceladvisor.org\/it\/corrispondenza-di-vsearch\/","og_locale":"it_IT","og_type":"article","og_title":"Come utilizzare la combinazione CERCA.VERT in Excel?","og_description":"In CERCA.VERT, col_index_no \u00e8 un valore statico, motivo per cui CERCA.VERT non funziona come funzione dinamica.","og_url":"https:\/\/exceladvisor.org\/it\/corrispondenza-di-vsearch\/","og_site_name":"Excel Advisor","article_modified_time":"2023-12-10T06:26:45+00:00","og_image":[{"url":"https:\/\/exceladvisor.org\/wp-content\/uploads\/2023\/08\/table-de-donnees-pour-utiliser-vlookup-et-faire-correspondre-min-1.png","type":"","width":"","height":""}],"twitter_card":"summary_large_image","twitter_misc":{"Tempo di lettura stimato":"4 minuti"},"schema":{"@context":"https:\/\/schema.org","@graph":[{"@type":"WebPage","@id":"https:\/\/exceladvisor.org\/it\/corrispondenza-di-vsearch\/","url":"https:\/\/exceladvisor.org\/it\/corrispondenza-di-vsearch\/","name":"Come utilizzare la combinazione CERCA.VERT in Excel?","isPartOf":{"@id":"https:\/\/exceladvisor.org\/it\/#website"},"primaryImageOfPage":{"@id":"https:\/\/exceladvisor.org\/it\/corrispondenza-di-vsearch\/#primaryimage"},"image":{"@id":"https:\/\/exceladvisor.org\/it\/corrispondenza-di-vsearch\/#primaryimage"},"thumbnailUrl":"https:\/\/exceladvisor.org\/wp-content\/uploads\/2023\/08\/table-de-donnees-pour-utiliser-vlookup-et-faire-correspondre-min-1.png","datePublished":"2023-11-09T19:08:31+00:00","dateModified":"2023-12-10T06:26:45+00:00","description":"In CERCA.VERT, col_index_no \u00e8 un valore statico, motivo per cui CERCA.VERT non funziona come funzione dinamica.","breadcrumb":{"@id":"https:\/\/exceladvisor.org\/it\/corrispondenza-di-vsearch\/#breadcrumb"},"inLanguage":"it-IT","potentialAction":[{"@type":"ReadAction","target":["https:\/\/exceladvisor.org\/it\/corrispondenza-di-vsearch\/"]}]},{"@type":"ImageObject","inLanguage":"it-IT","@id":"https:\/\/exceladvisor.org\/it\/corrispondenza-di-vsearch\/#primaryimage","url":"https:\/\/exceladvisor.org\/wp-content\/uploads\/2023\/08\/table-de-donnees-pour-utiliser-vlookup-et-faire-correspondre-min-1.png","contentUrl":"https:\/\/exceladvisor.org\/wp-content\/uploads\/2023\/08\/table-de-donnees-pour-utiliser-vlookup-et-faire-correspondre-min-1.png"},{"@type":"BreadcrumbList","@id":"https:\/\/exceladvisor.org\/it\/corrispondenza-di-vsearch\/#breadcrumb","itemListElement":[{"@type":"ListItem","position":1,"name":"Home","item":"https:\/\/exceladvisor.org\/it\/"},{"@type":"ListItem","position":2,"name":"Come utilizzare la combinazione cerca.vert corrispondenza?"}]},{"@type":"WebSite","@id":"https:\/\/exceladvisor.org\/it\/#website","url":"https:\/\/exceladvisor.org\/it\/","name":"Excel Advisor","description":"Tips, Tricks, and Time-Saving Hacks","publisher":{"@id":"https:\/\/exceladvisor.org\/it\/#organization"},"potentialAction":[{"@type":"SearchAction","target":{"@type":"EntryPoint","urlTemplate":"https:\/\/exceladvisor.org\/it\/?s={search_term_string}"},"query-input":{"@type":"PropertyValueSpecification","valueRequired":true,"valueName":"search_term_string"}}],"inLanguage":"it-IT"},{"@type":"Organization","@id":"https:\/\/exceladvisor.org\/it\/#organization","name":"Excel Advisor","url":"https:\/\/exceladvisor.org\/it\/","logo":{"@type":"ImageObject","inLanguage":"it-IT","@id":"https:\/\/exceladvisor.org\/it\/#\/schema\/logo\/image\/","url":"https:\/\/exceladvisor.org\/it\/wp-content\/uploads\/2023\/12\/exceladvisor.org_.png","contentUrl":"https:\/\/exceladvisor.org\/it\/wp-content\/uploads\/2023\/12\/exceladvisor.org_.png","width":105,"height":36,"caption":"Excel Advisor"},"image":{"@id":"https:\/\/exceladvisor.org\/it\/#\/schema\/logo\/image\/"}}]}},"yoast_meta":{"yoast_wpseo_title":"","yoast_wpseo_metadesc":"","yoast_wpseo_canonical":""},"_links":{"self":[{"href":"https:\/\/exceladvisor.org\/it\/wp-json\/wp\/v2\/pages\/1723","targetHints":{"allow":["GET"]}}],"collection":[{"href":"https:\/\/exceladvisor.org\/it\/wp-json\/wp\/v2\/pages"}],"about":[{"href":"https:\/\/exceladvisor.org\/it\/wp-json\/wp\/v2\/types\/page"}],"author":[{"embeddable":true,"href":"https:\/\/exceladvisor.org\/it\/wp-json\/wp\/v2\/users\/1"}],"replies":[{"embeddable":true,"href":"https:\/\/exceladvisor.org\/it\/wp-json\/wp\/v2\/comments?post=1723"}],"version-history":[{"count":1,"href":"https:\/\/exceladvisor.org\/it\/wp-json\/wp\/v2\/pages\/1723\/revisions"}],"predecessor-version":[{"id":2831,"href":"https:\/\/exceladvisor.org\/it\/wp-json\/wp\/v2\/pages\/1723\/revisions\/2831"}],"wp:attachment":[{"href":"https:\/\/exceladvisor.org\/it\/wp-json\/wp\/v2\/media?parent=1723"}],"curies":[{"name":"wp","href":"https:\/\/api.w.org\/{rel}","templated":true}]}}