{"id":1724,"date":"2023-11-09T17:38:58","date_gmt":"2023-11-09T17:38:58","guid":{"rendered":"https:\/\/exceladvisor.org\/it\/rimuovere-gli-spazi-aggiuntivi\/"},"modified":"2023-12-10T06:25:06","modified_gmt":"2023-12-10T06:25:06","slug":"rimuovere-gli-spazi-aggiuntivi","status":"publish","type":"page","link":"https:\/\/exceladvisor.org\/it\/rimuovere-gli-spazi-aggiuntivi\/","title":{"rendered":"Come rimuovere gli spazi extra in excel?"},"content":{"rendered":"<div class=\"excel-prima-del-contenuto\" id=\"excel-656623051\"><script type=\"text\/javascript\">\r\n\tatOptions = {\r\n\t\t'key' : 'c1158f160081d6540a8409e6925dab94',\r\n\t\t'format' : 'iframe',\r\n\t\t'height' : 250,\r\n\t\t'width' : 300,\r\n\t\t'params' : {}\r\n\t};\r\n<\/script>\r\n<script type=\"text\/javascript\" src=\"\/\/www.highperformanceformat.com\/c1158f160081d6540a8409e6925dab94\/invoke.js\"><\/script><\/div> <p>La pulizia dei dati \u00e8 un nostro diritto di nascita, ma a volte non siamo in grado di accedervi.<\/p><p> A volte non siamo in grado di utilizzare i nostri dati come vorremmo. E uno dei motivi principali che rendono i nostri dati inutilizzabili \u00e8&#8230;<\/p><p> Quindi, se vuoi usarlo, dobbiamo eliminarli tutti. Se ci pensi, la maggior parte delle volte quando ricevi dati da sistemi ERP o hai formule che non sono scritte correttamente, ottieni questi spazi bianchi indesiderati.<\/p><p> Pertanto, ogni volta che lavori sui tuoi dati, devi prima verificarli.<\/p><p> E nel post di oggi ti mostrer\u00f2 i 4 metodi esatti per rimuovere tutti quegli spazi indesiderati ed extra.<\/p><p> Assicurati di <a href=\"https:\/\/exceladvisor.org\/wp-content\/uploads\/2023\/11\/supprimer-les-donnees-des-espaces.xlsx\" rel=\"nofollow\">SCARICARE questo FILE DI ESEMPIO<\/a> da qui per seguirlo. Cominciamo ora. <\/p><h2 id=\"1-remove-extra-spaces-using-trim-function-trailing-and-leading\" class=\"wp-block-heading\"> 1. Rimuovere gli spazi aggiuntivi utilizzando la funzione TRIM [Trailing and Leading].<\/h2><p> A volte si ottengono spazi finali e iniziali nei dati e sembra molto brutto.<\/p><p> Ma abbiamo un metodo molto semplice e facile per rimuovere questa spazzatura e hai solo bisogno di una funzione per gestirla.<\/p><p> \u00c8 TRIM.<\/p><p> Rimuove tutti gli spazi indesiderati da una stringa di testo eccetto gli spazi tra due parole, guarda l&#8217;esempio qui sotto. <\/p><div class=\"wp-block-image\"><figure class=\"aligncenter\"><img decoding=\"async\" src=\"https:\/\/exceladvisor.org\/wp-content\/uploads\/2023\/08\/supprimer-les-espaces-supplementaires-dune-cellule-dans-Excel-a-laide-de-la-fonction-trim.png\" sizes=\"\" srcset=\"\" alt=\"rimuovi gli spazi aggiuntivi da una cella in Excel utilizzando la funzione di ritaglio\"><\/figure><\/div><p> Come puoi vedere, abbiamo utilizzato TRIM per rimuovere tutti gli spazi finali e iniziali indesiderati dalla cella.<\/p><p> Ci sono 70 caratteri nella cella e quando hai utilizzato TRIM, il numero di caratteri \u00e8 stato ridotto a 41, il che significa che sono stati rimossi tutti i 29 spazi dalla cella.<\/p><h2 id=\"2-combine-clean-and-trim-to-remove-extra-space-of-line-break\" class=\"wp-block-heading\"> 2. Combina Pulisci e Taglia per rimuovere lo spazio extra dall&#8217;interruzione di riga<\/h2><p> Esiste anche un&#8217;altra possibilit\u00e0 che si verifichi un&#8217;interruzione di riga in una stringa di testo. In questa situazione, \u00e8 necessario utilizzare la combinazione CLEAN e TRIM in cui la funzione CLEAN pu\u00f2 rimuovere tutti i caratteri non stampabili che includono anche l&#8217;interruzione di riga. <\/p><div class=\"wp-block-image\"><figure class=\"aligncenter\"><img decoding=\"async\" src=\"https:\/\/exceladvisor.org\/wp-content\/uploads\/2023\/08\/supprimer-les-espaces-supplementaires-dune-cellule-dans-Excel-en-utilisant-la-fonction-propre.png\" sizes=\"\" srcset=\"\" alt=\"rimuovi gli spazi aggiuntivi da una cella in Excel utilizzando la funzione clean\"><\/figure><\/div><h3 id=\"how-it-works\" class=\"wp-block-heading\"> Come funziona<\/h3><p> Innanzitutto, CLEAN rimuove tutti i caratteri non stampabili dalla stringa di testo, quindi TRIM rimuove tutti gli spazi indesiderati dalla stringa di testo diversi dallo spazio tra due parole. <\/p><h2 id=\"3-using-clean-trim-and-substitute-to-remove-all-the-spaces-from-a-cell\" class=\"wp-block-heading\"> 3. Utilizzo di Pulisci, Taglia e Sostituisci per rimuovere tutti gli spazi da una cella<\/h2><p> Qui abbiamo un diverso tipo di problema con questi spazi bianchi.<\/p><p> A volte vuoi rimuovere tutti i tipi di spazi da una cella. Ma la pulizia e la rifinitura non possono eliminare tutti i tipi di spazi.<\/p><p> Ad esempio, se in una cella \u00e8 presente uno spazio unificatore, non sarai in grado di gestirlo utilizzando queste due funzioni. E per questo problema \u00e8 necessario combinare CLEAN e TRIM con SUBSTITUTE.<\/p><p> Lascia che ti mostri un esempio. Nell&#8217;esempio seguente, abbiamo un elenco di numeri di cellulare in un foglio di calcolo e questi numeri sono circondati da spazi bianchi indesiderati.<\/p><p> Abbiamo solo bisogno di un numero di cellulare di 10 cifre. <\/p><div class=\"wp-block-image\"><figure class=\"aligncenter\"><img decoding=\"async\" src=\"https:\/\/exceladvisor.org\/wp-content\/uploads\/2023\/08\/supprimer-les-espaces-supplementaires-dune-cellule-dans-Excel-a-laide-de-trim-clean-substitut.png\" sizes=\"\" srcset=\"\" alt=\"rimuovere gli spazi aggiuntivi da una cella in Excel utilizzando un sostituto pulito\"><\/figure><\/div><h3 id=\"how-it-works-1\" class=\"wp-block-heading\"> Come funziona<\/h3><p> SOSTITUISCI ti aiuta a trovare un carattere specifico o un insieme di caratteri in una stringa di testo e a sostituirlo con altri caratteri o con un singolo carattere.<\/p><h2 id=\"4-using-find-and-replace-option-to-remove-all-the-spaces\" class=\"wp-block-heading\"> 4. Utilizzare l&#8217;opzione Trova e sostituisci per rimuovere tutti gli spazi<\/h2><p> Ho un&#8217;altra opzione per risolvere il problema menzionato sopra e non \u00e8 necessario utilizzare una formula per questo. Puoi utilizzare <a href=\"https:\/\/exceladvisor.org\/it\/trovare-sostituire\/\" data-wpil=\"url\">TROVA e SOSTITUISCI<\/a> per sostituire gli spazi bianchi in una cella, ecco i passaggi: <\/p><div class=\"wp-block-image\"><figure class=\"aligncenter\"><img decoding=\"async\" src=\"https:\/\/exceladvisor.org\/wp-content\/uploads\/2023\/08\/supprimer-les-espaces-supplementaires-dune-cellule-dans-Excel-a-laide-de-loption-de-remplacement-de-recherche.gif\" sizes=\"\" srcset=\"\" alt=\"rimuovere gli spazi aggiuntivi da una cella in Excel utilizzando l'opzione di sostituzione della ricerca\"><\/figure><\/div><ol><li> Seleziona la cella o l&#8217;intervallo di celle da cui desideri rimuovere lo spazio vuoto.<\/li><li> Utilizza il tasto di scelta rapida: <strong>Ctrl + H<\/strong> per abilitare l&#8217;opzione Trova e sostituisci.<\/li><li> Nella barra di input &#8220;trova cosa&#8221;, inserisci uno spazio vuoto utilizzando la barra spaziatrice e &#8220;Sostituisci con&#8221; dovrebbe rimanere vuoto.<\/li><li> Fai clic sul pulsante Sostituisci tutto, riceverai un messaggio pop-up relativo al numero di spazi vuoti sostituiti.<\/li><\/ol><p class=\"qt-tip\"> <strong><span style=\"color: #ff0000;\">Avviso:<\/span><\/strong> utilizza questo metodo solo quando hai confermato di rimuovere tutti i tipi di spazi dalle celle selezionate. <\/p><div class=\"gb-container gb-container-bafb25cc gb-container-download-2\"><div class=\"gb-grid-wrapper gb-grid-wrapper-91201309\"><div class=\"gb-grid-column gb-grid-column-15a917ef\"><div class=\"gb-container gb-container-15a917ef\"><h2 class=\"gb-headline gb-headline-f2deb261 gb-headline-text gb-headline-download-2\"> Ottieni il file Excel <\/h2><\/div><\/div><div class=\"gb-grid-column gb-grid-column-18357188\"><div class=\"gb-container gb-container-18357188\"><div class=\"gb-container gb-container-76cbe15e\"> <a class=\"gb-button gb-button-cb63d00a gb-button-text gb-button-download-2\" href=\"https:\/\/exceladvisor.org\/wp-content\/uploads\/2023\/11\/suppression-des-espaces-supplementaires.xlsx\" rel=\"nofollow\">Scaricamento<\/a><\/div><\/div><\/div><\/div><\/div><h2 id=\"conclusion\" class=\"wp-block-heading\"> Conclusione<\/h2><p> Gli spazi extra sono sempre irritanti. Ma ora hai 4 metodi diversi per rimuoverli e puoi scegliere quello che ritieni perfetto per te.<\/p><p> Spero che questo ti aiuti a giocare bene con i tuoi dati e ora devi dirmi una cosa.<\/p><p> <em>Conosci un altro modo per affrontare questo problema?<\/em><\/p><p> Per favore condividi con me nella casella dei commenti, mi piacerebbe sentire la tua opinione e non dimenticare di condividere questo suggerimento con i tuoi amici.<\/p><div class=\"gb-container gb-container-4db6181c gb-container-mt\"> <a class=\"gb-button gb-button-c5897111 gb-button-text gb-button-mt-button\" href=\"https:\/\/exceladvisor.org\/it\/vba\/\">Cos&#8217;\u00e8 VBA<\/a><\/div>","protected":false},"excerpt":{"rendered":"","protected":false},"author":1,"featured_media":0,"parent":0,"menu_order":0,"comment_status":"open","ping_status":"closed","template":"","meta":{"ub_ctt_via":"","footnotes":""},"class_list":["post-1724","page","type-page","status-publish","hentry"],"featured_image_src":null,"yoast_head":"<!-- This site is optimized with the Yoast SEO plugin v25.4 - https:\/\/yoast.com\/wordpress\/plugins\/seo\/ -->\n<title>Come rimuovere gli spazi extra in Excel?<\/title>\n<meta name=\"description\" content=\"Ottieni questi spazi bianchi indesiderati. E nel post di oggi ti mostrer\u00f2 4 metodi per rimuovere gli spazi...\" \/>\n<meta name=\"robots\" content=\"index, follow, max-snippet:-1, max-image-preview:large, max-video-preview:-1\" \/>\n<link rel=\"canonical\" href=\"https:\/\/exceladvisor.org\/it\/rimuovere-gli-spazi-aggiuntivi\/\" \/>\n<meta property=\"og:locale\" content=\"it_IT\" \/>\n<meta property=\"og:type\" content=\"article\" \/>\n<meta property=\"og:title\" content=\"Come rimuovere gli spazi extra in Excel?\" \/>\n<meta property=\"og:description\" content=\"Ottieni questi spazi bianchi indesiderati. E nel post di oggi ti mostrer\u00f2 4 metodi per rimuovere gli spazi...\" \/>\n<meta property=\"og:url\" content=\"https:\/\/exceladvisor.org\/it\/rimuovere-gli-spazi-aggiuntivi\/\" \/>\n<meta property=\"og:site_name\" content=\"Excel Advisor\" \/>\n<meta property=\"article:modified_time\" content=\"2023-12-10T06:25:06+00:00\" \/>\n<meta property=\"og:image\" content=\"https:\/\/exceladvisor.org\/wp-content\/uploads\/2023\/08\/supprimer-les-espaces-supplementaires-dune-cellule-dans-Excel-a-laide-de-la-fonction-trim.png\" \/>\n<meta name=\"twitter:card\" content=\"summary_large_image\" \/>\n<meta name=\"twitter:label1\" content=\"Tempo di lettura stimato\" \/>\n\t<meta name=\"twitter:data1\" content=\"3 minuti\" \/>\n<script type=\"application\/ld+json\" class=\"yoast-schema-graph\">{\"@context\":\"https:\/\/schema.org\",\"@graph\":[{\"@type\":\"WebPage\",\"@id\":\"https:\/\/exceladvisor.org\/it\/rimuovere-gli-spazi-aggiuntivi\/\",\"url\":\"https:\/\/exceladvisor.org\/it\/rimuovere-gli-spazi-aggiuntivi\/\",\"name\":\"Come rimuovere gli spazi extra in Excel?\",\"isPartOf\":{\"@id\":\"https:\/\/exceladvisor.org\/it\/#website\"},\"primaryImageOfPage\":{\"@id\":\"https:\/\/exceladvisor.org\/it\/rimuovere-gli-spazi-aggiuntivi\/#primaryimage\"},\"image\":{\"@id\":\"https:\/\/exceladvisor.org\/it\/rimuovere-gli-spazi-aggiuntivi\/#primaryimage\"},\"thumbnailUrl\":\"https:\/\/exceladvisor.org\/wp-content\/uploads\/2023\/08\/supprimer-les-espaces-supplementaires-dune-cellule-dans-Excel-a-laide-de-la-fonction-trim.png\",\"datePublished\":\"2023-11-09T17:38:58+00:00\",\"dateModified\":\"2023-12-10T06:25:06+00:00\",\"description\":\"Ottieni questi spazi bianchi indesiderati. E nel post di oggi ti mostrer\u00f2 4 metodi per rimuovere gli spazi...\",\"breadcrumb\":{\"@id\":\"https:\/\/exceladvisor.org\/it\/rimuovere-gli-spazi-aggiuntivi\/#breadcrumb\"},\"inLanguage\":\"it-IT\",\"potentialAction\":[{\"@type\":\"ReadAction\",\"target\":[\"https:\/\/exceladvisor.org\/it\/rimuovere-gli-spazi-aggiuntivi\/\"]}]},{\"@type\":\"ImageObject\",\"inLanguage\":\"it-IT\",\"@id\":\"https:\/\/exceladvisor.org\/it\/rimuovere-gli-spazi-aggiuntivi\/#primaryimage\",\"url\":\"https:\/\/exceladvisor.org\/wp-content\/uploads\/2023\/08\/supprimer-les-espaces-supplementaires-dune-cellule-dans-Excel-a-laide-de-la-fonction-trim.png\",\"contentUrl\":\"https:\/\/exceladvisor.org\/wp-content\/uploads\/2023\/08\/supprimer-les-espaces-supplementaires-dune-cellule-dans-Excel-a-laide-de-la-fonction-trim.png\"},{\"@type\":\"BreadcrumbList\",\"@id\":\"https:\/\/exceladvisor.org\/it\/rimuovere-gli-spazi-aggiuntivi\/#breadcrumb\",\"itemListElement\":[{\"@type\":\"ListItem\",\"position\":1,\"name\":\"Home\",\"item\":\"https:\/\/exceladvisor.org\/it\/\"},{\"@type\":\"ListItem\",\"position\":2,\"name\":\"Come rimuovere gli spazi extra in excel?\"}]},{\"@type\":\"WebSite\",\"@id\":\"https:\/\/exceladvisor.org\/it\/#website\",\"url\":\"https:\/\/exceladvisor.org\/it\/\",\"name\":\"Excel Advisor\",\"description\":\"Tips, Tricks, and Time-Saving Hacks\",\"publisher\":{\"@id\":\"https:\/\/exceladvisor.org\/it\/#organization\"},\"potentialAction\":[{\"@type\":\"SearchAction\",\"target\":{\"@type\":\"EntryPoint\",\"urlTemplate\":\"https:\/\/exceladvisor.org\/it\/?s={search_term_string}\"},\"query-input\":{\"@type\":\"PropertyValueSpecification\",\"valueRequired\":true,\"valueName\":\"search_term_string\"}}],\"inLanguage\":\"it-IT\"},{\"@type\":\"Organization\",\"@id\":\"https:\/\/exceladvisor.org\/it\/#organization\",\"name\":\"Excel Advisor\",\"url\":\"https:\/\/exceladvisor.org\/it\/\",\"logo\":{\"@type\":\"ImageObject\",\"inLanguage\":\"it-IT\",\"@id\":\"https:\/\/exceladvisor.org\/it\/#\/schema\/logo\/image\/\",\"url\":\"https:\/\/exceladvisor.org\/it\/wp-content\/uploads\/2023\/12\/exceladvisor.org_.png\",\"contentUrl\":\"https:\/\/exceladvisor.org\/it\/wp-content\/uploads\/2023\/12\/exceladvisor.org_.png\",\"width\":105,\"height\":36,\"caption\":\"Excel Advisor\"},\"image\":{\"@id\":\"https:\/\/exceladvisor.org\/it\/#\/schema\/logo\/image\/\"}}]}<\/script>\n<!-- \/ Yoast SEO plugin. -->","yoast_head_json":{"title":"Come rimuovere gli spazi extra in Excel?","description":"Ottieni questi spazi bianchi indesiderati. E nel post di oggi ti mostrer\u00f2 4 metodi per rimuovere gli spazi...","robots":{"index":"index","follow":"follow","max-snippet":"max-snippet:-1","max-image-preview":"max-image-preview:large","max-video-preview":"max-video-preview:-1"},"canonical":"https:\/\/exceladvisor.org\/it\/rimuovere-gli-spazi-aggiuntivi\/","og_locale":"it_IT","og_type":"article","og_title":"Come rimuovere gli spazi extra in Excel?","og_description":"Ottieni questi spazi bianchi indesiderati. E nel post di oggi ti mostrer\u00f2 4 metodi per rimuovere gli spazi...","og_url":"https:\/\/exceladvisor.org\/it\/rimuovere-gli-spazi-aggiuntivi\/","og_site_name":"Excel Advisor","article_modified_time":"2023-12-10T06:25:06+00:00","og_image":[{"url":"https:\/\/exceladvisor.org\/wp-content\/uploads\/2023\/08\/supprimer-les-espaces-supplementaires-dune-cellule-dans-Excel-a-laide-de-la-fonction-trim.png","type":"","width":"","height":""}],"twitter_card":"summary_large_image","twitter_misc":{"Tempo di lettura stimato":"3 minuti"},"schema":{"@context":"https:\/\/schema.org","@graph":[{"@type":"WebPage","@id":"https:\/\/exceladvisor.org\/it\/rimuovere-gli-spazi-aggiuntivi\/","url":"https:\/\/exceladvisor.org\/it\/rimuovere-gli-spazi-aggiuntivi\/","name":"Come rimuovere gli spazi extra in Excel?","isPartOf":{"@id":"https:\/\/exceladvisor.org\/it\/#website"},"primaryImageOfPage":{"@id":"https:\/\/exceladvisor.org\/it\/rimuovere-gli-spazi-aggiuntivi\/#primaryimage"},"image":{"@id":"https:\/\/exceladvisor.org\/it\/rimuovere-gli-spazi-aggiuntivi\/#primaryimage"},"thumbnailUrl":"https:\/\/exceladvisor.org\/wp-content\/uploads\/2023\/08\/supprimer-les-espaces-supplementaires-dune-cellule-dans-Excel-a-laide-de-la-fonction-trim.png","datePublished":"2023-11-09T17:38:58+00:00","dateModified":"2023-12-10T06:25:06+00:00","description":"Ottieni questi spazi bianchi indesiderati. E nel post di oggi ti mostrer\u00f2 4 metodi per rimuovere gli spazi...","breadcrumb":{"@id":"https:\/\/exceladvisor.org\/it\/rimuovere-gli-spazi-aggiuntivi\/#breadcrumb"},"inLanguage":"it-IT","potentialAction":[{"@type":"ReadAction","target":["https:\/\/exceladvisor.org\/it\/rimuovere-gli-spazi-aggiuntivi\/"]}]},{"@type":"ImageObject","inLanguage":"it-IT","@id":"https:\/\/exceladvisor.org\/it\/rimuovere-gli-spazi-aggiuntivi\/#primaryimage","url":"https:\/\/exceladvisor.org\/wp-content\/uploads\/2023\/08\/supprimer-les-espaces-supplementaires-dune-cellule-dans-Excel-a-laide-de-la-fonction-trim.png","contentUrl":"https:\/\/exceladvisor.org\/wp-content\/uploads\/2023\/08\/supprimer-les-espaces-supplementaires-dune-cellule-dans-Excel-a-laide-de-la-fonction-trim.png"},{"@type":"BreadcrumbList","@id":"https:\/\/exceladvisor.org\/it\/rimuovere-gli-spazi-aggiuntivi\/#breadcrumb","itemListElement":[{"@type":"ListItem","position":1,"name":"Home","item":"https:\/\/exceladvisor.org\/it\/"},{"@type":"ListItem","position":2,"name":"Come rimuovere gli spazi extra in excel?"}]},{"@type":"WebSite","@id":"https:\/\/exceladvisor.org\/it\/#website","url":"https:\/\/exceladvisor.org\/it\/","name":"Excel Advisor","description":"Tips, Tricks, and Time-Saving Hacks","publisher":{"@id":"https:\/\/exceladvisor.org\/it\/#organization"},"potentialAction":[{"@type":"SearchAction","target":{"@type":"EntryPoint","urlTemplate":"https:\/\/exceladvisor.org\/it\/?s={search_term_string}"},"query-input":{"@type":"PropertyValueSpecification","valueRequired":true,"valueName":"search_term_string"}}],"inLanguage":"it-IT"},{"@type":"Organization","@id":"https:\/\/exceladvisor.org\/it\/#organization","name":"Excel Advisor","url":"https:\/\/exceladvisor.org\/it\/","logo":{"@type":"ImageObject","inLanguage":"it-IT","@id":"https:\/\/exceladvisor.org\/it\/#\/schema\/logo\/image\/","url":"https:\/\/exceladvisor.org\/it\/wp-content\/uploads\/2023\/12\/exceladvisor.org_.png","contentUrl":"https:\/\/exceladvisor.org\/it\/wp-content\/uploads\/2023\/12\/exceladvisor.org_.png","width":105,"height":36,"caption":"Excel Advisor"},"image":{"@id":"https:\/\/exceladvisor.org\/it\/#\/schema\/logo\/image\/"}}]}},"yoast_meta":{"yoast_wpseo_title":"","yoast_wpseo_metadesc":"","yoast_wpseo_canonical":""},"_links":{"self":[{"href":"https:\/\/exceladvisor.org\/it\/wp-json\/wp\/v2\/pages\/1724","targetHints":{"allow":["GET"]}}],"collection":[{"href":"https:\/\/exceladvisor.org\/it\/wp-json\/wp\/v2\/pages"}],"about":[{"href":"https:\/\/exceladvisor.org\/it\/wp-json\/wp\/v2\/types\/page"}],"author":[{"embeddable":true,"href":"https:\/\/exceladvisor.org\/it\/wp-json\/wp\/v2\/users\/1"}],"replies":[{"embeddable":true,"href":"https:\/\/exceladvisor.org\/it\/wp-json\/wp\/v2\/comments?post=1724"}],"version-history":[{"count":1,"href":"https:\/\/exceladvisor.org\/it\/wp-json\/wp\/v2\/pages\/1724\/revisions"}],"predecessor-version":[{"id":2635,"href":"https:\/\/exceladvisor.org\/it\/wp-json\/wp\/v2\/pages\/1724\/revisions\/2635"}],"wp:attachment":[{"href":"https:\/\/exceladvisor.org\/it\/wp-json\/wp\/v2\/media?parent=1724"}],"curies":[{"name":"wp","href":"https:\/\/api.w.org\/{rel}","templated":true}]}}