{"id":1727,"date":"2023-11-08T22:28:31","date_gmt":"2023-11-08T22:28:31","guid":{"rendered":"https:\/\/exceladvisor.org\/it\/xcerca-tutte-le-corrispondenze-2\/"},"modified":"2023-12-10T06:28:18","modified_gmt":"2023-12-10T06:28:18","slug":"xcerca-tutte-le-corrispondenze-2","status":"publish","type":"page","link":"https:\/\/exceladvisor.org\/it\/xcerca-tutte-le-corrispondenze-2\/","title":{"rendered":"Possiamo restituire tutte le corrispondenze in xlookup?"},"content":{"rendered":"<div class=\"excel-prima-del-contenuto\" id=\"excel-894753682\"><script type=\"text\/javascript\">\r\n\tatOptions = {\r\n\t\t'key' : 'c1158f160081d6540a8409e6925dab94',\r\n\t\t'format' : 'iframe',\r\n\t\t'height' : 250,\r\n\t\t'width' : 300,\r\n\t\t'params' : {}\r\n\t};\r\n<\/script>\r\n<script type=\"text\/javascript\" src=\"\/\/www.highperformanceformat.com\/c1158f160081d6540a8409e6925dab94\/invoke.js\"><\/script><\/div> <p><strong>Risposta breve: non \u00e8 possibile.<\/strong> Ma non preoccuparti perch\u00e9 c&#8217;\u00e8 una funzione migliore per ottenere ci\u00f2 che desideri. S\u00ec, tutte le partite. E la funzione \u00e8 FILTRO. <\/p><div class=\"wp-block-image\"><figure class=\"aligncenter size-full is-resized\"><img loading=\"lazy\" decoding=\"async\" class=\"wp-image-85877\" src=\"https:\/\/exceladvisor.org\/wp-content\/uploads\/2023\/08\/1-xlookup-renvoie-toutes-les-correspondances.png\" sizes=\"auto, \" srcset=\"\" alt=\"xlookup-restituisce-tutte-le-corrispondenze\" width=\"718\" height=\"458\"><\/figure><\/div><p> Nell&#8217;esempio sopra, abbiamo tutti i dati corrispondenti a EST nella colonna della zona.<\/p><h2 class=\"wp-block-heading\"> La formula<\/h2><p> Quindi, ecco come utilizzare questa funzione per ottenere tutte le corrispondenze:<\/p><ol><li> Per prima cosa inserisci la funzione FILTRO in una cella. <br><img loading=\"lazy\" decoding=\"async\" title=\"2 funzioni di filtro per abbinare i dati\" src=\"https:\/\/exceladvisor.org\/wp-content\/uploads\/2023\/08\/2-fonction-de-filtrage-pour-faire-correspondre-les-donnees.png\" sizes=\"auto, \" srcset=\"\" alt=\"filter-function-to-match-data\" width=\"647\" height=\"266\"><\/li><li> Successivamente, nell&#8217;argomento array, seleziona l&#8217;intero intervallo di dati. <br><img loading=\"lazy\" decoding=\"async\" title=\"3-seleziona-intervallo\" src=\"https:\/\/exceladvisor.org\/wp-content\/uploads\/2023\/08\/3-selectionner-la-gamme-2.png\" sizes=\"auto, \" srcset=\"\" alt=\"select-the-range\" width=\"606\" height=\"353\"><\/li><li> Quindi, nell&#8217;argomento include, seleziona la colonna da cui vuoi controllare tutti i valori corrispondenti. <br><img loading=\"lazy\" decoding=\"async\" title=\"4 colonne-da-cui-vuoi-controllare-la-corrispondenza\" src=\"https:\/\/exceladvisor.org\/wp-content\/uploads\/2023\/08\/4-colonnes-a-partir-desquelles-vous-voulez-verifier-les-correspondances.png\" sizes=\"auto, \" srcset=\"\" alt=\"column-from-which-want-to-check-matches\" width=\"615\" height=\"124\"><\/li><li> Nello stesso argomento, dopo questo intervallo di colonne, inserisci il segno uguale (=) e il valore per verificare le corrispondenze. Anche in questo caso, utilizzare le virgolette doppie per specificare il testo. <br><img loading=\"lazy\" decoding=\"async\" title=\"5-inserisci-segno-uguale-per-corrispondere-valori\" src=\"https:\/\/exceladvisor.org\/wp-content\/uploads\/2023\/08\/5-entrez-le-signe-egal-pour-faire-correspondre-les-valeurs.png\" sizes=\"auto, \" srcset=\"\" alt=\"enter-equal-sign-to-match-values\" width=\"593\" height=\"235\"><\/li><li> Chiudi la funzione e premi Invio per ottenere il risultato.<\/li><\/ol><p> E nel momento in cui premi Invio, verr\u00e0 restituito un array con tutte le corrispondenze in cui il valore della casella \u00e8 &#8220;Est&#8221;. <\/p><div class=\"wp-block-image\"><figure class=\"aligncenter size-full is-resized\"><img loading=\"lazy\" decoding=\"async\" class=\"wp-image-85882\" src=\"https:\/\/exceladvisor.org\/wp-content\/uploads\/2023\/08\/6-tableaux-avec-toutes-les-correspondances.png\" sizes=\"auto, \" srcset=\"\" alt=\"tabella con tutte le corrispondenze\" width=\"724\" height=\"311\"><\/figure><\/div><p> S\u00ec, FILTER \u00e8 una funzione di matrice dinamica in cui non \u00e8 necessario utilizzare CTRL+MAIUSC+INVIO per ottenere il risultato.<\/p><p> Otterr\u00e0 automaticamente la risposta in un intervallo basato sulla sua dimensione. Quindi devi assicurarti che l&#8217;area in cui entri nella funzione abbia abbastanza spazio per ottenere tutte le corrispondenze per te.<\/p><p> Se \u00e8 presente un valore ovunque nell&#8217;intervallo che dovrebbe essere utilizzato dall&#8217;array restituito dalla funzione FILTER, otterrai <a href=\"https:\/\/exceladvisor.org\/it\/errore-di-fuoriuscita\/\">#SPILL! Errore<\/a> . <\/p><div class=\"wp-block-image\"><figure class=\"aligncenter size-full is-resized\"><img loading=\"lazy\" decoding=\"async\" class=\"wp-image-85883\" src=\"https:\/\/exceladvisor.org\/wp-content\/uploads\/2023\/08\/7-filtre-est-une-fonction-dynamique.png\" sizes=\"auto, \" srcset=\"\" alt=\"il filtro \u00e8 una funzione dinamica\" width=\"722\" height=\"314\"><\/figure><\/div><div class=\"wp-block-group download-box is-layout-constrained\"><div class=\"wp-block-group__inner-container\"><h2 class=\"wp-block-heading\"> Scarica un file di esempio <\/h2><ul id=\"ub_styled_list-783c7262-bbc4-413a-8992-98444db87668\" class=\"ub_styled_list\"><li class=\"ub_styled_list_item\"> <a href=\"https:\/\/exceladvisor.org\/wp-content\/uploads\/2023\/08\/xlookup-toutes-les-correspondances.xlsx\" rel=\"nofollow\">Esempio di file<\/a><\/li><\/ul><\/div><\/div>","protected":false},"excerpt":{"rendered":"","protected":false},"author":1,"featured_media":0,"parent":0,"menu_order":0,"comment_status":"open","ping_status":"closed","template":"","meta":{"ub_ctt_via":"","footnotes":""},"class_list":["post-1727","page","type-page","status-publish","hentry"],"featured_image_src":null,"yoast_head":"<!-- This site is optimized with the Yoast SEO plugin v25.4 - https:\/\/yoast.com\/wordpress\/plugins\/seo\/ -->\n<title>Possiamo restituire tutte le corrispondenze in XLOOKUP?<\/title>\n<meta name=\"description\" content=\"Questo tutorial ti insegner\u00e0 come scrivere una formula Excel per vedere se CERCAX pu\u00f2 restituire tutte le corrispondenze o meno.\" \/>\n<meta name=\"robots\" content=\"index, follow, max-snippet:-1, max-image-preview:large, max-video-preview:-1\" \/>\n<link rel=\"canonical\" href=\"https:\/\/exceladvisor.org\/it\/xcerca-tutte-le-corrispondenze-2\/\" \/>\n<meta property=\"og:locale\" content=\"it_IT\" \/>\n<meta property=\"og:type\" content=\"article\" \/>\n<meta property=\"og:title\" content=\"Possiamo restituire tutte le corrispondenze in XLOOKUP?\" \/>\n<meta property=\"og:description\" content=\"Questo tutorial ti insegner\u00e0 come scrivere una formula Excel per vedere se CERCAX pu\u00f2 restituire tutte le corrispondenze o meno.\" \/>\n<meta property=\"og:url\" content=\"https:\/\/exceladvisor.org\/it\/xcerca-tutte-le-corrispondenze-2\/\" \/>\n<meta property=\"og:site_name\" content=\"Excel Advisor\" \/>\n<meta property=\"article:modified_time\" content=\"2023-12-10T06:28:18+00:00\" \/>\n<meta property=\"og:image\" content=\"https:\/\/exceladvisor.org\/wp-content\/uploads\/2023\/08\/1-xlookup-renvoie-toutes-les-correspondances.png\" \/>\n<meta name=\"twitter:card\" content=\"summary_large_image\" \/>\n<meta name=\"twitter:label1\" content=\"Tempo di lettura stimato\" \/>\n\t<meta name=\"twitter:data1\" content=\"1 minuto\" \/>\n<script type=\"application\/ld+json\" class=\"yoast-schema-graph\">{\"@context\":\"https:\/\/schema.org\",\"@graph\":[{\"@type\":\"WebPage\",\"@id\":\"https:\/\/exceladvisor.org\/it\/xcerca-tutte-le-corrispondenze-2\/\",\"url\":\"https:\/\/exceladvisor.org\/it\/xcerca-tutte-le-corrispondenze-2\/\",\"name\":\"Possiamo restituire tutte le corrispondenze in XLOOKUP?\",\"isPartOf\":{\"@id\":\"https:\/\/exceladvisor.org\/it\/#website\"},\"primaryImageOfPage\":{\"@id\":\"https:\/\/exceladvisor.org\/it\/xcerca-tutte-le-corrispondenze-2\/#primaryimage\"},\"image\":{\"@id\":\"https:\/\/exceladvisor.org\/it\/xcerca-tutte-le-corrispondenze-2\/#primaryimage\"},\"thumbnailUrl\":\"https:\/\/exceladvisor.org\/wp-content\/uploads\/2023\/08\/1-xlookup-renvoie-toutes-les-correspondances.png\",\"datePublished\":\"2023-11-08T22:28:31+00:00\",\"dateModified\":\"2023-12-10T06:28:18+00:00\",\"description\":\"Questo tutorial ti insegner\u00e0 come scrivere una formula Excel per vedere se CERCAX pu\u00f2 restituire tutte le corrispondenze o meno.\",\"breadcrumb\":{\"@id\":\"https:\/\/exceladvisor.org\/it\/xcerca-tutte-le-corrispondenze-2\/#breadcrumb\"},\"inLanguage\":\"it-IT\",\"potentialAction\":[{\"@type\":\"ReadAction\",\"target\":[\"https:\/\/exceladvisor.org\/it\/xcerca-tutte-le-corrispondenze-2\/\"]}]},{\"@type\":\"ImageObject\",\"inLanguage\":\"it-IT\",\"@id\":\"https:\/\/exceladvisor.org\/it\/xcerca-tutte-le-corrispondenze-2\/#primaryimage\",\"url\":\"https:\/\/exceladvisor.org\/wp-content\/uploads\/2023\/08\/1-xlookup-renvoie-toutes-les-correspondances.png\",\"contentUrl\":\"https:\/\/exceladvisor.org\/wp-content\/uploads\/2023\/08\/1-xlookup-renvoie-toutes-les-correspondances.png\"},{\"@type\":\"BreadcrumbList\",\"@id\":\"https:\/\/exceladvisor.org\/it\/xcerca-tutte-le-corrispondenze-2\/#breadcrumb\",\"itemListElement\":[{\"@type\":\"ListItem\",\"position\":1,\"name\":\"Home\",\"item\":\"https:\/\/exceladvisor.org\/it\/\"},{\"@type\":\"ListItem\",\"position\":2,\"name\":\"Possiamo restituire tutte le corrispondenze in xlookup?\"}]},{\"@type\":\"WebSite\",\"@id\":\"https:\/\/exceladvisor.org\/it\/#website\",\"url\":\"https:\/\/exceladvisor.org\/it\/\",\"name\":\"Excel Advisor\",\"description\":\"Tips, Tricks, and Time-Saving Hacks\",\"publisher\":{\"@id\":\"https:\/\/exceladvisor.org\/it\/#organization\"},\"potentialAction\":[{\"@type\":\"SearchAction\",\"target\":{\"@type\":\"EntryPoint\",\"urlTemplate\":\"https:\/\/exceladvisor.org\/it\/?s={search_term_string}\"},\"query-input\":{\"@type\":\"PropertyValueSpecification\",\"valueRequired\":true,\"valueName\":\"search_term_string\"}}],\"inLanguage\":\"it-IT\"},{\"@type\":\"Organization\",\"@id\":\"https:\/\/exceladvisor.org\/it\/#organization\",\"name\":\"Excel Advisor\",\"url\":\"https:\/\/exceladvisor.org\/it\/\",\"logo\":{\"@type\":\"ImageObject\",\"inLanguage\":\"it-IT\",\"@id\":\"https:\/\/exceladvisor.org\/it\/#\/schema\/logo\/image\/\",\"url\":\"https:\/\/exceladvisor.org\/it\/wp-content\/uploads\/2023\/12\/exceladvisor.org_.png\",\"contentUrl\":\"https:\/\/exceladvisor.org\/it\/wp-content\/uploads\/2023\/12\/exceladvisor.org_.png\",\"width\":105,\"height\":36,\"caption\":\"Excel Advisor\"},\"image\":{\"@id\":\"https:\/\/exceladvisor.org\/it\/#\/schema\/logo\/image\/\"}}]}<\/script>\n<!-- \/ Yoast SEO plugin. -->","yoast_head_json":{"title":"Possiamo restituire tutte le corrispondenze in XLOOKUP?","description":"Questo tutorial ti insegner\u00e0 come scrivere una formula Excel per vedere se CERCAX pu\u00f2 restituire tutte le corrispondenze o meno.","robots":{"index":"index","follow":"follow","max-snippet":"max-snippet:-1","max-image-preview":"max-image-preview:large","max-video-preview":"max-video-preview:-1"},"canonical":"https:\/\/exceladvisor.org\/it\/xcerca-tutte-le-corrispondenze-2\/","og_locale":"it_IT","og_type":"article","og_title":"Possiamo restituire tutte le corrispondenze in XLOOKUP?","og_description":"Questo tutorial ti insegner\u00e0 come scrivere una formula Excel per vedere se CERCAX pu\u00f2 restituire tutte le corrispondenze o meno.","og_url":"https:\/\/exceladvisor.org\/it\/xcerca-tutte-le-corrispondenze-2\/","og_site_name":"Excel Advisor","article_modified_time":"2023-12-10T06:28:18+00:00","og_image":[{"url":"https:\/\/exceladvisor.org\/wp-content\/uploads\/2023\/08\/1-xlookup-renvoie-toutes-les-correspondances.png","type":"","width":"","height":""}],"twitter_card":"summary_large_image","twitter_misc":{"Tempo di lettura stimato":"1 minuto"},"schema":{"@context":"https:\/\/schema.org","@graph":[{"@type":"WebPage","@id":"https:\/\/exceladvisor.org\/it\/xcerca-tutte-le-corrispondenze-2\/","url":"https:\/\/exceladvisor.org\/it\/xcerca-tutte-le-corrispondenze-2\/","name":"Possiamo restituire tutte le corrispondenze in XLOOKUP?","isPartOf":{"@id":"https:\/\/exceladvisor.org\/it\/#website"},"primaryImageOfPage":{"@id":"https:\/\/exceladvisor.org\/it\/xcerca-tutte-le-corrispondenze-2\/#primaryimage"},"image":{"@id":"https:\/\/exceladvisor.org\/it\/xcerca-tutte-le-corrispondenze-2\/#primaryimage"},"thumbnailUrl":"https:\/\/exceladvisor.org\/wp-content\/uploads\/2023\/08\/1-xlookup-renvoie-toutes-les-correspondances.png","datePublished":"2023-11-08T22:28:31+00:00","dateModified":"2023-12-10T06:28:18+00:00","description":"Questo tutorial ti insegner\u00e0 come scrivere una formula Excel per vedere se CERCAX pu\u00f2 restituire tutte le corrispondenze o meno.","breadcrumb":{"@id":"https:\/\/exceladvisor.org\/it\/xcerca-tutte-le-corrispondenze-2\/#breadcrumb"},"inLanguage":"it-IT","potentialAction":[{"@type":"ReadAction","target":["https:\/\/exceladvisor.org\/it\/xcerca-tutte-le-corrispondenze-2\/"]}]},{"@type":"ImageObject","inLanguage":"it-IT","@id":"https:\/\/exceladvisor.org\/it\/xcerca-tutte-le-corrispondenze-2\/#primaryimage","url":"https:\/\/exceladvisor.org\/wp-content\/uploads\/2023\/08\/1-xlookup-renvoie-toutes-les-correspondances.png","contentUrl":"https:\/\/exceladvisor.org\/wp-content\/uploads\/2023\/08\/1-xlookup-renvoie-toutes-les-correspondances.png"},{"@type":"BreadcrumbList","@id":"https:\/\/exceladvisor.org\/it\/xcerca-tutte-le-corrispondenze-2\/#breadcrumb","itemListElement":[{"@type":"ListItem","position":1,"name":"Home","item":"https:\/\/exceladvisor.org\/it\/"},{"@type":"ListItem","position":2,"name":"Possiamo restituire tutte le corrispondenze in xlookup?"}]},{"@type":"WebSite","@id":"https:\/\/exceladvisor.org\/it\/#website","url":"https:\/\/exceladvisor.org\/it\/","name":"Excel Advisor","description":"Tips, Tricks, and Time-Saving Hacks","publisher":{"@id":"https:\/\/exceladvisor.org\/it\/#organization"},"potentialAction":[{"@type":"SearchAction","target":{"@type":"EntryPoint","urlTemplate":"https:\/\/exceladvisor.org\/it\/?s={search_term_string}"},"query-input":{"@type":"PropertyValueSpecification","valueRequired":true,"valueName":"search_term_string"}}],"inLanguage":"it-IT"},{"@type":"Organization","@id":"https:\/\/exceladvisor.org\/it\/#organization","name":"Excel Advisor","url":"https:\/\/exceladvisor.org\/it\/","logo":{"@type":"ImageObject","inLanguage":"it-IT","@id":"https:\/\/exceladvisor.org\/it\/#\/schema\/logo\/image\/","url":"https:\/\/exceladvisor.org\/it\/wp-content\/uploads\/2023\/12\/exceladvisor.org_.png","contentUrl":"https:\/\/exceladvisor.org\/it\/wp-content\/uploads\/2023\/12\/exceladvisor.org_.png","width":105,"height":36,"caption":"Excel Advisor"},"image":{"@id":"https:\/\/exceladvisor.org\/it\/#\/schema\/logo\/image\/"}}]}},"yoast_meta":{"yoast_wpseo_title":"","yoast_wpseo_metadesc":"","yoast_wpseo_canonical":""},"_links":{"self":[{"href":"https:\/\/exceladvisor.org\/it\/wp-json\/wp\/v2\/pages\/1727","targetHints":{"allow":["GET"]}}],"collection":[{"href":"https:\/\/exceladvisor.org\/it\/wp-json\/wp\/v2\/pages"}],"about":[{"href":"https:\/\/exceladvisor.org\/it\/wp-json\/wp\/v2\/types\/page"}],"author":[{"embeddable":true,"href":"https:\/\/exceladvisor.org\/it\/wp-json\/wp\/v2\/users\/1"}],"replies":[{"embeddable":true,"href":"https:\/\/exceladvisor.org\/it\/wp-json\/wp\/v2\/comments?post=1727"}],"version-history":[{"count":1,"href":"https:\/\/exceladvisor.org\/it\/wp-json\/wp\/v2\/pages\/1727\/revisions"}],"predecessor-version":[{"id":2941,"href":"https:\/\/exceladvisor.org\/it\/wp-json\/wp\/v2\/pages\/1727\/revisions\/2941"}],"wp:attachment":[{"href":"https:\/\/exceladvisor.org\/it\/wp-json\/wp\/v2\/media?parent=1727"}],"curies":[{"name":"wp","href":"https:\/\/api.w.org\/{rel}","templated":true}]}}