{"id":1728,"date":"2023-11-08T21:51:25","date_gmt":"2023-11-08T21:51:25","guid":{"rendered":"https:\/\/exceladvisor.org\/it\/errore-di-divisione\/"},"modified":"2023-12-10T06:22:45","modified_gmt":"2023-12-10T06:22:45","slug":"errore-di-divisione","status":"publish","type":"page","link":"https:\/\/exceladvisor.org\/it\/errore-di-divisione\/","title":{"rendered":"Come correggere l&#39;errore #div\/0 in excel?"},"content":{"rendered":"<div class=\"excel-prima-del-contenuto\" id=\"excel-155946782\"><script type=\"text\/javascript\">\r\n\tatOptions = {\r\n\t\t'key' : 'c1158f160081d6540a8409e6925dab94',\r\n\t\t'format' : 'iframe',\r\n\t\t'height' : 250,\r\n\t\t'width' : 300,\r\n\t\t'params' : {}\r\n\t};\r\n<\/script>\r\n<script type=\"text\/javascript\" src=\"\/\/www.highperformanceformat.com\/c1158f160081d6540a8409e6925dab94\/invoke.js\"><\/script><\/div> <p>In Excel, il valore #DIV\/0! Si verifica un errore quando si tenta di dividere un numero per zero o si dispone di un valore equivalente a zero, che potrebbe essere un valore vuoto. Ecco perch\u00e9 ottieni il segno #DVI\/0! che indica che stai cercando di dividere un valore per uno zero.<\/p><p> Nell&#8217;esempio seguente, vedi che abbiamo un valore numerico nella cella A1 e quindi abbiamo uno zero nella cella B1. Ora quando inserisci una formula nella cella C1. Ottieni questo errore. <\/p><div class=\"wp-block-image\"><figure class=\"aligncenter size-full is-resized\"><img loading=\"lazy\" decoding=\"async\" class=\"wp-image-70613\" src=\"https:\/\/exceladvisor.org\/wp-content\/uploads\/2023\/08\/1-diviser-les-cellules.png\" sizes=\"auto, \" srcset=\"\" alt=\"cellule divise\" width=\"413\" height=\"307\"><\/figure><\/div><h2 id=\"h-div-0-with-a-blank-cell\" class=\"wp-block-heading\"> #DIV\/0! Con una cella vuota<\/h2><p> A parte questo, se usi un riferimento di cella nella formula e una delle celle ha gi\u00e0 un #DIV\/0! riceverai nuovamente questo errore nel risultato. <\/p><div class=\"wp-block-image\"><figure class=\"aligncenter size-full is-resized\"><img loading=\"lazy\" decoding=\"async\" class=\"wp-image-70614\" src=\"https:\/\/exceladvisor.org\/wp-content\/uploads\/2023\/08\/erreur-2-div0.png\" sizes=\"auto, \" srcset=\"\" alt=\"#div0-errore\" width=\"402\" height=\"319\"><\/figure><\/div><h2 id=\"h-div-0-error-with-an-average\" class=\"wp-block-heading\"> #DIV\/0! Errore con una media<\/h2><p> Se utilizzi una funzione di media per calcolare la media di un valore numerico e uno di questi valori \u00e8 un #DIV\/0! Errore, riceverai nuovamente l&#8217;errore nel risultato. Anche con altre funzioni di media come MEDIA.AVERAGEA, AVERAGEIF e AVERAGEIFS incontrerai lo stesso problema. <\/p><div class=\"wp-block-image\"><figure class=\"aligncenter size-full is-resized\"><img loading=\"lazy\" decoding=\"async\" class=\"wp-image-70615\" src=\"https:\/\/exceladvisor.org\/wp-content\/uploads\/2023\/08\/erreur-3-div0-avec-moyenne.png\" sizes=\"auto, \" srcset=\"\" alt=\"#div0-errore-con-media\" width=\"401\" height=\"366\"><\/figure><\/div><h2 id=\"h-how-to-fix-div-0-divide-by-zero-error\" class=\"wp-block-heading\"> Come correggere #DIV\/0! (Diviso per zero) Errore<\/h2><p> Il modo migliore per correggere questo errore \u00e8 racchiudere la formula originale con la funzione SEERRORE per creare una condizione se si verifica un errore.<\/p><ol type=\"1\"><li> Innanzitutto, se tutto, inserisci SEERRORE nella cella C1 e inserisci le parentesi iniziali.<\/li><li> Successivamente, nell&#8217;argomento valore, utilizza la formula di divisione.<\/li><li> Adesso inserisci una virgola e in value_if_error inserisci il valore che vuoi ottenere se #DIV\/0! Errore o qualsiasi altro errore.<\/li><li> Alla fine, aggiungi le parentesi di chiusura e premi Invio. <\/li><\/ol><div class=\"wp-block-image\"><figure class=\"aligncenter size-full is-resized\"><img loading=\"lazy\" decoding=\"async\" class=\"wp-image-70616\" src=\"https:\/\/exceladvisor.org\/wp-content\/uploads\/2023\/08\/4-corriger-lerreur.png\" sizes=\"auto, \" srcset=\"\" alt=\"correggere l'errore\" width=\"537\" height=\"280\"><\/figure><\/div><pre class=\"wp-block-code\"> <code class=\"language-excel-formula\" lang=\"excel-formula\">=IFERROR(A1\/B1,\"There's an Error\")<\/code><\/pre><p> Questa \u00e8 una delle soluzioni per assicurarti di avere un risultato pi\u00f9 leggibile quando provi a dividere un numero per zero (#DIV\/0!).<\/p><h2 id=\"h-using-if-to-fix-div-0-error\" class=\"wp-block-heading\"> Usa IF per correggere #DIV\/0! Errore<\/h2><p> Ma a parte questo puoi anche usare la condizione IF per creare un test se c&#8217;\u00e8 un errore e quindi sostituire quel valore di errore con qualcos&#8217;altro. <\/p><div class=\"wp-block-image\"><figure class=\"aligncenter size-full is-resized\"><img loading=\"lazy\" decoding=\"async\" class=\"wp-image-70617\" src=\"https:\/\/exceladvisor.org\/wp-content\/uploads\/2023\/08\/5-utiliser-if-pour-corriger-lerreur.png\" sizes=\"auto, \" srcset=\"\" alt=\"usa-se-per-correggere-errore\" width=\"598\" height=\"244\"><\/figure><\/div><p> Nell&#8217;esempio precedente, abbiamo utilizzato la funzione SE e ISERROR per creare la condizione. Nella formula, per prima cosa abbiamo utilizzato la funzione SE e nel primo argomento SE abbiamo utilizzato VAL.ERRORE per verificare se sono presenti errori nel calcolo.<\/p><p> E se c&#8217;\u00e8 un errore restituir\u00e0 il valore che abbiamo specificato e se non ci sono errori divider\u00e0 nuovamente il valore di A1 per i valori della cella B1. <\/p><div class=\"gb-container gb-container-bafb25cc gb-container-download-2\"><div class=\"gb-grid-wrapper gb-grid-wrapper-91201309 gb-grid-wrapper-download-2\"><div class=\"gb-grid-column gb-grid-column-15a917ef\"><div class=\"gb-container gb-container-15a917ef\"><h2 class=\"gb-headline gb-headline-f2deb261 gb-headline-text\"> Ottieni il file Excel <\/h2><\/div><\/div><div class=\"gb-grid-column gb-grid-column-18357188\"><div class=\"gb-container gb-container-18357188\"><div class=\"gb-container gb-container-76cbe15e\"> <a class=\"gb-button gb-button-509e8e50 gb-button-text gb-button-download-2\" href=\"https:\/\/exceladvisor.org\/wp-content\/uploads\/2023\/08\/erreur-div0.xlsx\" rel=\"nofollow\">Scaricamento<\/a><\/div><\/div><\/div><\/div><\/div><div class=\"gb-container gb-container-0df56012 gb-container-mt\"> <a class=\"gb-button gb-button-f9f432f4 gb-button-text gb-button-mt-button\" href=\"https:\/\/exceladvisor.org\/it\/formule\/\">Elenco delle formule di Excel<\/a><h2 class=\"gb-headline gb-headline-233444e8 gb-headline-text gb-headline-mt-heading\"> Formule correlate <\/h2><div class=\"gb-grid-wrapper gb-grid-wrapper-a16fa65c gb-grid-wrapper-mt-grid\"><div class=\"gb-grid-column gb-grid-column-50d07e0d\"><div class=\"gb-container gb-container-50d07e0d\"><ul><li> <a href=\"https:\/\/exceladvisor.org\/it\/errore-di-fuoriuscita\/\">#DIFFUSIONE! Errore<\/a><\/li><li> <a href=\"https:\/\/exceladvisor.org\/it\/errore-di-valore\/\">#VALORE Errore<\/a><\/li><li> <a href=\"https:\/\/exceladvisor.org\/it\/ignorare-gli-errori\/\">Ignora tutti gli errori in Excel<\/a> <\/li><\/ul><\/div><\/div><div class=\"gb-grid-column gb-grid-column-5b4a0cf9\"><div class=\"gb-container gb-container-5b4a0cf9\"><ul><li> <a href=\"https:\/\/exceladvisor.org\/it\/nessun-errore\/\">#N\/D Errore in Excel<\/a><\/li><li> <a href=\"https:\/\/exceladvisor.org\/it\/errore-di-riferimento\/\">#RIF! Errore in Excel<\/a><\/li><\/ul><\/div><\/div><\/div><\/div>","protected":false},"excerpt":{"rendered":"","protected":false},"author":1,"featured_media":0,"parent":0,"menu_order":0,"comment_status":"open","ping_status":"closed","template":"","meta":{"ub_ctt_via":"","footnotes":""},"class_list":["post-1728","page","type-page","status-publish","hentry"],"featured_image_src":null,"yoast_head":"<!-- This site is optimized with the Yoast SEO plugin v25.4 - https:\/\/yoast.com\/wordpress\/plugins\/seo\/ -->\n<title>Come correggere l&#039;errore #DIV\/0 in Excel? (Tutorial 2023)<\/title>\n<meta name=\"description\" content=\"In questo tutorial sulla formula, impareremo come correggere in dettaglio l&#039;errore #DIV\/0 in Excel utilizzando un metodo facile da seguire.\" \/>\n<meta name=\"robots\" content=\"index, follow, max-snippet:-1, max-image-preview:large, max-video-preview:-1\" \/>\n<link rel=\"canonical\" href=\"https:\/\/exceladvisor.org\/it\/errore-di-divisione\/\" \/>\n<meta property=\"og:locale\" content=\"it_IT\" \/>\n<meta property=\"og:type\" content=\"article\" \/>\n<meta property=\"og:title\" content=\"Come correggere l&#039;errore #DIV\/0 in Excel? (Tutorial 2023)\" \/>\n<meta property=\"og:description\" content=\"In questo tutorial sulla formula, impareremo come correggere in dettaglio l&#039;errore #DIV\/0 in Excel utilizzando un metodo facile da seguire.\" \/>\n<meta property=\"og:url\" content=\"https:\/\/exceladvisor.org\/it\/errore-di-divisione\/\" \/>\n<meta property=\"og:site_name\" content=\"Excel Advisor\" \/>\n<meta property=\"article:modified_time\" content=\"2023-12-10T06:22:45+00:00\" \/>\n<meta property=\"og:image\" content=\"https:\/\/exceladvisor.org\/wp-content\/uploads\/2023\/08\/1-diviser-les-cellules.png\" \/>\n<meta name=\"twitter:card\" content=\"summary_large_image\" \/>\n<meta name=\"twitter:label1\" content=\"Tempo di lettura stimato\" \/>\n\t<meta name=\"twitter:data1\" content=\"2 minuti\" \/>\n<script type=\"application\/ld+json\" class=\"yoast-schema-graph\">{\"@context\":\"https:\/\/schema.org\",\"@graph\":[{\"@type\":\"WebPage\",\"@id\":\"https:\/\/exceladvisor.org\/it\/errore-di-divisione\/\",\"url\":\"https:\/\/exceladvisor.org\/it\/errore-di-divisione\/\",\"name\":\"Come correggere l&#39;errore #DIV\/0 in Excel? (Tutorial 2023)\",\"isPartOf\":{\"@id\":\"https:\/\/exceladvisor.org\/it\/#website\"},\"primaryImageOfPage\":{\"@id\":\"https:\/\/exceladvisor.org\/it\/errore-di-divisione\/#primaryimage\"},\"image\":{\"@id\":\"https:\/\/exceladvisor.org\/it\/errore-di-divisione\/#primaryimage\"},\"thumbnailUrl\":\"https:\/\/exceladvisor.org\/wp-content\/uploads\/2023\/08\/1-diviser-les-cellules.png\",\"datePublished\":\"2023-11-08T21:51:25+00:00\",\"dateModified\":\"2023-12-10T06:22:45+00:00\",\"description\":\"In questo tutorial sulla formula, impareremo come correggere in dettaglio l&#39;errore #DIV\/0 in Excel utilizzando un metodo facile da seguire.\",\"breadcrumb\":{\"@id\":\"https:\/\/exceladvisor.org\/it\/errore-di-divisione\/#breadcrumb\"},\"inLanguage\":\"it-IT\",\"potentialAction\":[{\"@type\":\"ReadAction\",\"target\":[\"https:\/\/exceladvisor.org\/it\/errore-di-divisione\/\"]}]},{\"@type\":\"ImageObject\",\"inLanguage\":\"it-IT\",\"@id\":\"https:\/\/exceladvisor.org\/it\/errore-di-divisione\/#primaryimage\",\"url\":\"https:\/\/exceladvisor.org\/wp-content\/uploads\/2023\/08\/1-diviser-les-cellules.png\",\"contentUrl\":\"https:\/\/exceladvisor.org\/wp-content\/uploads\/2023\/08\/1-diviser-les-cellules.png\"},{\"@type\":\"BreadcrumbList\",\"@id\":\"https:\/\/exceladvisor.org\/it\/errore-di-divisione\/#breadcrumb\",\"itemListElement\":[{\"@type\":\"ListItem\",\"position\":1,\"name\":\"Home\",\"item\":\"https:\/\/exceladvisor.org\/it\/\"},{\"@type\":\"ListItem\",\"position\":2,\"name\":\"Come correggere l&#39;errore #div\/0 in excel?\"}]},{\"@type\":\"WebSite\",\"@id\":\"https:\/\/exceladvisor.org\/it\/#website\",\"url\":\"https:\/\/exceladvisor.org\/it\/\",\"name\":\"Excel Advisor\",\"description\":\"Tips, Tricks, and Time-Saving Hacks\",\"publisher\":{\"@id\":\"https:\/\/exceladvisor.org\/it\/#organization\"},\"potentialAction\":[{\"@type\":\"SearchAction\",\"target\":{\"@type\":\"EntryPoint\",\"urlTemplate\":\"https:\/\/exceladvisor.org\/it\/?s={search_term_string}\"},\"query-input\":{\"@type\":\"PropertyValueSpecification\",\"valueRequired\":true,\"valueName\":\"search_term_string\"}}],\"inLanguage\":\"it-IT\"},{\"@type\":\"Organization\",\"@id\":\"https:\/\/exceladvisor.org\/it\/#organization\",\"name\":\"Excel Advisor\",\"url\":\"https:\/\/exceladvisor.org\/it\/\",\"logo\":{\"@type\":\"ImageObject\",\"inLanguage\":\"it-IT\",\"@id\":\"https:\/\/exceladvisor.org\/it\/#\/schema\/logo\/image\/\",\"url\":\"https:\/\/exceladvisor.org\/it\/wp-content\/uploads\/2023\/12\/exceladvisor.org_.png\",\"contentUrl\":\"https:\/\/exceladvisor.org\/it\/wp-content\/uploads\/2023\/12\/exceladvisor.org_.png\",\"width\":105,\"height\":36,\"caption\":\"Excel Advisor\"},\"image\":{\"@id\":\"https:\/\/exceladvisor.org\/it\/#\/schema\/logo\/image\/\"}}]}<\/script>\n<!-- \/ Yoast SEO plugin. -->","yoast_head_json":{"title":"Come correggere l&#39;errore #DIV\/0 in Excel? (Tutorial 2023)","description":"In questo tutorial sulla formula, impareremo come correggere in dettaglio l&#39;errore #DIV\/0 in Excel utilizzando un metodo facile da seguire.","robots":{"index":"index","follow":"follow","max-snippet":"max-snippet:-1","max-image-preview":"max-image-preview:large","max-video-preview":"max-video-preview:-1"},"canonical":"https:\/\/exceladvisor.org\/it\/errore-di-divisione\/","og_locale":"it_IT","og_type":"article","og_title":"Come correggere l&#39;errore #DIV\/0 in Excel? (Tutorial 2023)","og_description":"In questo tutorial sulla formula, impareremo come correggere in dettaglio l&#39;errore #DIV\/0 in Excel utilizzando un metodo facile da seguire.","og_url":"https:\/\/exceladvisor.org\/it\/errore-di-divisione\/","og_site_name":"Excel Advisor","article_modified_time":"2023-12-10T06:22:45+00:00","og_image":[{"url":"https:\/\/exceladvisor.org\/wp-content\/uploads\/2023\/08\/1-diviser-les-cellules.png","type":"","width":"","height":""}],"twitter_card":"summary_large_image","twitter_misc":{"Tempo di lettura stimato":"2 minuti"},"schema":{"@context":"https:\/\/schema.org","@graph":[{"@type":"WebPage","@id":"https:\/\/exceladvisor.org\/it\/errore-di-divisione\/","url":"https:\/\/exceladvisor.org\/it\/errore-di-divisione\/","name":"Come correggere l&#39;errore #DIV\/0 in Excel? (Tutorial 2023)","isPartOf":{"@id":"https:\/\/exceladvisor.org\/it\/#website"},"primaryImageOfPage":{"@id":"https:\/\/exceladvisor.org\/it\/errore-di-divisione\/#primaryimage"},"image":{"@id":"https:\/\/exceladvisor.org\/it\/errore-di-divisione\/#primaryimage"},"thumbnailUrl":"https:\/\/exceladvisor.org\/wp-content\/uploads\/2023\/08\/1-diviser-les-cellules.png","datePublished":"2023-11-08T21:51:25+00:00","dateModified":"2023-12-10T06:22:45+00:00","description":"In questo tutorial sulla formula, impareremo come correggere in dettaglio l&#39;errore #DIV\/0 in Excel utilizzando un metodo facile da seguire.","breadcrumb":{"@id":"https:\/\/exceladvisor.org\/it\/errore-di-divisione\/#breadcrumb"},"inLanguage":"it-IT","potentialAction":[{"@type":"ReadAction","target":["https:\/\/exceladvisor.org\/it\/errore-di-divisione\/"]}]},{"@type":"ImageObject","inLanguage":"it-IT","@id":"https:\/\/exceladvisor.org\/it\/errore-di-divisione\/#primaryimage","url":"https:\/\/exceladvisor.org\/wp-content\/uploads\/2023\/08\/1-diviser-les-cellules.png","contentUrl":"https:\/\/exceladvisor.org\/wp-content\/uploads\/2023\/08\/1-diviser-les-cellules.png"},{"@type":"BreadcrumbList","@id":"https:\/\/exceladvisor.org\/it\/errore-di-divisione\/#breadcrumb","itemListElement":[{"@type":"ListItem","position":1,"name":"Home","item":"https:\/\/exceladvisor.org\/it\/"},{"@type":"ListItem","position":2,"name":"Come correggere l&#39;errore #div\/0 in excel?"}]},{"@type":"WebSite","@id":"https:\/\/exceladvisor.org\/it\/#website","url":"https:\/\/exceladvisor.org\/it\/","name":"Excel Advisor","description":"Tips, Tricks, and Time-Saving Hacks","publisher":{"@id":"https:\/\/exceladvisor.org\/it\/#organization"},"potentialAction":[{"@type":"SearchAction","target":{"@type":"EntryPoint","urlTemplate":"https:\/\/exceladvisor.org\/it\/?s={search_term_string}"},"query-input":{"@type":"PropertyValueSpecification","valueRequired":true,"valueName":"search_term_string"}}],"inLanguage":"it-IT"},{"@type":"Organization","@id":"https:\/\/exceladvisor.org\/it\/#organization","name":"Excel Advisor","url":"https:\/\/exceladvisor.org\/it\/","logo":{"@type":"ImageObject","inLanguage":"it-IT","@id":"https:\/\/exceladvisor.org\/it\/#\/schema\/logo\/image\/","url":"https:\/\/exceladvisor.org\/it\/wp-content\/uploads\/2023\/12\/exceladvisor.org_.png","contentUrl":"https:\/\/exceladvisor.org\/it\/wp-content\/uploads\/2023\/12\/exceladvisor.org_.png","width":105,"height":36,"caption":"Excel Advisor"},"image":{"@id":"https:\/\/exceladvisor.org\/it\/#\/schema\/logo\/image\/"}}]}},"yoast_meta":{"yoast_wpseo_title":"","yoast_wpseo_metadesc":"","yoast_wpseo_canonical":""},"_links":{"self":[{"href":"https:\/\/exceladvisor.org\/it\/wp-json\/wp\/v2\/pages\/1728","targetHints":{"allow":["GET"]}}],"collection":[{"href":"https:\/\/exceladvisor.org\/it\/wp-json\/wp\/v2\/pages"}],"about":[{"href":"https:\/\/exceladvisor.org\/it\/wp-json\/wp\/v2\/types\/page"}],"author":[{"embeddable":true,"href":"https:\/\/exceladvisor.org\/it\/wp-json\/wp\/v2\/users\/1"}],"replies":[{"embeddable":true,"href":"https:\/\/exceladvisor.org\/it\/wp-json\/wp\/v2\/comments?post=1728"}],"version-history":[{"count":1,"href":"https:\/\/exceladvisor.org\/it\/wp-json\/wp\/v2\/pages\/1728\/revisions"}],"predecessor-version":[{"id":2438,"href":"https:\/\/exceladvisor.org\/it\/wp-json\/wp\/v2\/pages\/1728\/revisions\/2438"}],"wp:attachment":[{"href":"https:\/\/exceladvisor.org\/it\/wp-json\/wp\/v2\/media?parent=1728"}],"curies":[{"name":"wp","href":"https:\/\/api.w.org\/{rel}","templated":true}]}}