{"id":1729,"date":"2023-11-08T21:48:39","date_gmt":"2023-11-08T21:48:39","guid":{"rendered":"https:\/\/exceladvisor.org\/it\/caso-di-sentenza\/"},"modified":"2023-12-10T06:21:31","modified_gmt":"2023-12-10T06:21:31","slug":"caso-di-sentenza","status":"publish","type":"page","link":"https:\/\/exceladvisor.org\/it\/caso-di-sentenza\/","title":{"rendered":"Come cambiare il caso di una frase in excel?"},"content":{"rendered":"<div class=\"excel-prima-del-contenuto\" id=\"excel-2966332484\"><script type=\"text\/javascript\">\r\n\tatOptions = {\r\n\t\t'key' : 'c1158f160081d6540a8409e6925dab94',\r\n\t\t'format' : 'iframe',\r\n\t\t'height' : 250,\r\n\t\t'width' : 300,\r\n\t\t'params' : {}\r\n\t};\r\n<\/script>\r\n<script type=\"text\/javascript\" src=\"\/\/www.highperformanceformat.com\/c1158f160081d6540a8409e6925dab94\/invoke.js\"><\/script><\/div> <p>In Excel abbiamo tre funzioni specifiche per convertire il testo da un caso all&#8217;altro. Mentre c&#8217;\u00e8 un altro caso in cui non abbiamo n\u00e9 funzioni n\u00e9 altre opzioni.<\/p><p> Questa \u00e8 \u21e2 <strong>Frase del caso<\/strong><\/p><h2 class=\"wp-block-heading\"> <strong>Che cos&#8217;\u00e8 un caso di sanzione?<\/strong><\/h2><p> Nel caso di una frase, per un&#8217;intera frase, la prima lettera della prima parola deve essere maiuscola e il resto delle lettere della prima parola e tutte le altre parole devono essere minuscole. <\/p><div class=\"wp-block-image\"><figure class=\"aligncenter\"><img decoding=\"async\" src=\"https:\/\/exceladvisor.org\/wp-content\/uploads\/2023\/08\/le-cas-de-la-phrase-dans-Excel-est-different-des-autres-cas-1.png\" sizes=\"\" srcset=\"\" alt=\"Il caso della frase in Excel \u00e8 diverso dagli altri casi\"><\/figure><\/div><p> Ora il fatto \u00e8. Come convertire il testo normale in una frase in Excel se non abbiamo una funzione o un&#8217;opzione speciale?<\/p><p> La risposta \u00e8 semplice. Possiamo creare una formula combinando altre funzioni di testo. Quindi oggi, in questo articolo, vorrei condividere con te una semplice formula che puoi utilizzare per convertire maiuscole e minuscole normali in maiuscole e minuscole in Excel.<\/p><p> Andiamo avanti e <a href=\"https:\/\/exceladvisor.org\/wp-content\/uploads\/2023\/11\/phrase-cas-2.xlsx\" rel=\"nofollow\">scarichiamo questo file da qui<\/a> per proseguire.<\/p><h2 id=\"convert-to-sentence-case-in-excel\" class=\"wp-block-heading\"> Converti in maiuscole e minuscole in Excel<\/h2><p> Per creare una formula per i casi di frase, dobbiamo utilizzare cinque diverse funzioni di testo. Lascia il testo nella cella A1, quindi la formula sar\u00e0:<\/p><pre class=\"wp-block-code\"> <code class=\"language-excel-formula\" lang=\"excel-formula\">=UPPER(LEFT(A1,1))&amp;LOWER(RIGHT(A1,LEN(A1)-1))<\/code><\/pre><h3 id=\"how-it-works\" class=\"wp-block-heading\"> Come funziona<\/h3><p> Per comprendere questa formula dobbiamo dividerla in due parti. <\/p><div class=\"wp-block-image\"><figure class=\"aligncenter\"><img decoding=\"async\" src=\"https:\/\/exceladvisor.org\/wp-content\/uploads\/2023\/08\/formule-pour-convertir-le-cas-de-la-phrase-dans-excel-1.png\" sizes=\"\" srcset=\"\" alt=\"\"><\/figure><\/div><p> Nella prima parte, la funzione sinistra restituisce il primo carattere, poi la funzione superiore lo converte in maiuscolo. <\/p><div class=\"wp-block-image\"><figure class=\"aligncenter\"><img decoding=\"async\" src=\"https:\/\/exceladvisor.org\/wp-content\/uploads\/2023\/08\/formule-pour-convertir-le-cas-de-la-phrase-dans-excel-partie-1-1.png\" sizes=\"\" srcset=\"\" alt=\"\"><\/figure><\/div><p> Nella seconda parte, convertiremo il resto del testo in minuscolo perch\u00e9 abbiamo bisogno che il resto delle lettere sia in minuscolo per la maiuscola della frase. <\/p><div class=\"wp-block-image\"><figure class=\"aligncenter\"><img decoding=\"async\" src=\"https:\/\/exceladvisor.org\/wp-content\/uploads\/2023\/08\/formule-pour-convertir-le-cas-de-la-phrase-dans-excel-partie-2-1.png\" sizes=\"\" srcset=\"\" alt=\"\"><\/figure><\/div><p> E infine, questa combinazione restituisce il testo in maiuscole e minuscole. <\/p><div class=\"wp-block-image\"><figure class=\"aligncenter\"><img decoding=\"async\" src=\"https:\/\/exceladvisor.org\/wp-content\/uploads\/2023\/08\/formule-pour-convertir-le-cas-de-la-phrase-dans-excel-partie-3-1.png\" sizes=\"\" srcset=\"\" alt=\"\"><\/figure><\/div><p> S\u00ec \u00e8 quello.<\/p><h2 id=\"convert-to-sentence-case-for-more-than-one-sentence\" class=\"wp-block-heading\"> Converti in caso di frase per pi\u00f9 di una frase<\/h2><p> La formula che abbiamo imparato sopra \u00e8 semplice e facile da applicare. Ma hai in mente lo stesso pensiero che ho io in questo momento?<\/p><p> Cosa faremo se in una cella c&#8217;\u00e8 pi\u00f9 di una frase? \u00c8 pazzesco: e sai, in questa situazione di cui sopra, la formula \u00e8 inutile, non possiamo usarla.<\/p><p> Abbiamo bisogno di una formula diversa che possa convertire il testo in maiuscolo\/minuscolo quando abbiamo pi\u00f9 di una frase. <\/p><pre class=\"wp-block-code\"> <code class=\"language-excel-formula\" lang=\"excel-formula\">=SUBSTITUTE(SUBSTITUTE(PROPER(SUBSTITUTE(SUBSTITUTE(LOWER(C12),\". \",\"9z9\"),\" \",\"zxz\")),\"9Z9\",\". \"),\"zxz\",\" \")<\/code><\/pre><div class=\"wp-block-image\"><figure class=\"aligncenter size-full\"><img decoding=\"async\" class=\"wp-image-14007\" src=\"https:\/\/exceladvisor.org\/wp-content\/uploads\/2023\/08\/cas-de-phrase-dans-excel-plusieurs-textes-1.png\" sizes=\"\" srcset=\"\" alt=\"frase-caso-in-testo-multiplo-di-excel\"><\/figure><\/div><h3 id=\"how-it-works\" class=\"wp-block-heading\"> Come funziona<\/h3><p> Allora vuoi sapere come funziona questa formula? GIUSTO?<\/p><p> Beh, devi mantenere i nervi saldi e restare con me per un minuto. Dobbiamo dividere questa formula in tre parti diverse come ho fatto di seguito.<\/p><p> Nella prima parte, con la funzione minuscolo e due funzioni di sostituzione, abbiamo convertito il testo in minuscolo e sostituito tutti gli spazi all&#8217;interno delle parole con &#8220;zxz&#8221; e lo spazio e il punto tra due frasi con &#8220;9z9&#8221;. <\/p><div class=\"wp-block-image\"><figure class=\"aligncenter\"><img decoding=\"async\" src=\"https:\/\/exceladvisor.org\/wp-content\/uploads\/2023\/08\/cas-de-phrase-dans-excel-plusieurs-textes-partie-1-1.png\" sizes=\"\" srcset=\"\" alt=\"\"><\/figure><\/div><p> A questo punto non abbiamo spazi nel nostro testo.<\/p><p> Fin qui tutto bene.<\/p><p> Nella seconda parte abbiamo convertito l&#8217;intero testo nel caso appropriato utilizzando l&#8217;apposita funzione. <\/p><div class=\"wp-block-image\"><figure class=\"aligncenter\"><img decoding=\"async\" src=\"https:\/\/exceladvisor.org\/wp-content\/uploads\/2023\/08\/cas-de-phrase-dans-excel-partie-de-texte-multiple-2-2-1.png\" sizes=\"\" srcset=\"\" alt=\"\"><\/figure><\/div><p> Un segreto che devi imparare: ogni volta che converti un testo in lettere maiuscole e minuscole e in quel testo \u00e8 presente un numero, la funzione tratter\u00e0 quel testo come parole separate. Guarda l&#8217;esempio qui sotto. <\/p><div class=\"wp-block-image\"><figure class=\"aligncenter\"><img decoding=\"async\" src=\"https:\/\/exceladvisor.org\/wp-content\/uploads\/2023\/08\/cas-de-phrase-dans-excel-plusieurs-textes-1.png\" sizes=\"\" srcset=\"\" alt=\"\"><\/figure><\/div><p> Nella terza parte abbiamo utilizzato nuovamente due funzioni di sostituzione per sostituire &#8220;zxz&#8221; con uno spazio e &#8220;9z9&#8221; con un punto e uno spazio. <\/p><div class=\"wp-block-image\"><figure class=\"aligncenter\"><img decoding=\"async\" src=\"https:\/\/exceladvisor.org\/wp-content\/uploads\/2023\/08\/cas-de-phrase-dans-excel-plusieurs-textes-partie-3-1.png\" sizes=\"\" srcset=\"\" alt=\"\"><\/figure><\/div><p> In questo modo abbiamo convertito il nostro testo a pi\u00f9 frasi in un vero e proprio testo della frase. <\/p><div class=\"gb-container gb-container-bafb25cc gb-container-download-2\"><div class=\"gb-grid-wrapper gb-grid-wrapper-91201309\"><div class=\"gb-grid-column gb-grid-column-15a917ef\"><div class=\"gb-container gb-container-15a917ef\"><h2 class=\"gb-headline gb-headline-f2deb261 gb-headline-text gb-headline-download-2\"> Ottieni il file Excel <\/h2><\/div><\/div><div class=\"gb-grid-column gb-grid-column-18357188\"><div class=\"gb-container gb-container-18357188\"><div class=\"gb-container gb-container-76cbe15e\"> <a class=\"gb-button gb-button-cb63d00a gb-button-text gb-button-download-2\" href=\"https:\/\/exceladvisor.org\/wp-content\/uploads\/2023\/11\/phrase-cas-2.xlsx\" rel=\"nofollow\">Scaricamento<\/a><\/div><\/div><\/div><\/div><\/div><h2 id=\"conclusion\" class=\"wp-block-heading\"> Conclusione<\/h2><p> A volte utilizziamo Excel per digitare qualche tipo di testo ed \u00e8 probabile che lo digitiamo nel caso sbagliato. E, se sai come convertire il testo in maiuscole e minuscole, puoi correggere facilmente il tuo testo.<\/p><p> Se in una frase \u00e8 presente un punto interrogativo anzich\u00e9 un punto, puoi utilizzare il punto interrogativo nella formula e il resto della formula sar\u00e0 lo stesso. Spero che questo suggerimento sulla formula ti aiuti nel tuo lavoro. Ora dimmi una cosa.<\/p><p> Hai un altro metodo per eseguire questa conversione del testo?<\/p><p> Condividi i tuoi pensieri con me nella sezione commenti, mi piacerebbe sentire la tua opinione. E non dimenticare di condividere questo suggerimento con i tuoi amici.<\/p><div class=\"gb-container gb-container-0df56012 gb-container-mt\"> <a class=\"gb-button gb-button-f9f432f4 gb-button-text gb-button-mt-button\" href=\"https:\/\/exceladvisor.org\/it\/formule\/\">Elenco delle formule di Excel<\/a><h2 class=\"gb-headline gb-headline-233444e8 gb-headline-text gb-headline-mt-heading\"> Formule correlate <\/h2><div class=\"gb-grid-wrapper gb-grid-wrapper-a16fa65c gb-grid-wrapper-mt-grid\"><div class=\"gb-grid-column gb-grid-column-50d07e0d\"><div class=\"gb-container gb-container-50d07e0d\"><ul><li> <a href=\"https:\/\/exceladvisor.org\/it\/maiuscola-la-prima-lettera\/\">Rendere maiuscola la prima lettera in Excel<\/a><\/li><li> <a href=\"https:\/\/exceladvisor.org\/it\/colonna-in-riga\/\">Cambia colonna in riga (viceversa) in Excel<\/a><\/li><li> <a href=\"https:\/\/exceladvisor.org\/it\/restituisce-i-nomi-tra-una-virgola-e-laltra\/\">Restituisci il nome e il cognome e aggiungi un comando<\/a><\/li><li> <a href=\"https:\/\/exceladvisor.org\/it\/cambiare-maiuscoleminuscole-nel-testo\/\">Cambia maiuscole e minuscole nel testo (maiuscolo, minuscolo, corretto)<\/a> <\/li><\/ul><\/div><\/div><div class=\"gb-grid-column gb-grid-column-5b4a0cf9\"><div class=\"gb-container gb-container-5b4a0cf9\"><\/div><\/div><\/div><\/div>","protected":false},"excerpt":{"rendered":"","protected":false},"author":1,"featured_media":0,"parent":0,"menu_order":0,"comment_status":"open","ping_status":"closed","template":"","meta":{"ub_ctt_via":"","footnotes":""},"class_list":["post-1729","page","type-page","status-publish","hentry"],"featured_image_src":null,"yoast_head":"<!-- This site is optimized with the Yoast SEO plugin v25.4 - https:\/\/yoast.com\/wordpress\/plugins\/seo\/ -->\n<title>\u25b7 Come modificare il caso di una frase in Excel?<\/title>\n<meta name=\"description\" content=\"Forse ti starai chiedendo: quale caso di frase \u00e8 effettivamente? In caso di testo, la prima lettera della prima parola deve essere maiuscola\" \/>\n<meta name=\"robots\" content=\"index, follow, max-snippet:-1, max-image-preview:large, max-video-preview:-1\" \/>\n<link rel=\"canonical\" href=\"https:\/\/exceladvisor.org\/it\/caso-di-sentenza\/\" \/>\n<meta property=\"og:locale\" content=\"it_IT\" \/>\n<meta property=\"og:type\" content=\"article\" \/>\n<meta property=\"og:title\" content=\"\u25b7 Come modificare il caso di una frase in Excel?\" \/>\n<meta property=\"og:description\" content=\"Forse ti starai chiedendo: quale caso di frase \u00e8 effettivamente? In caso di testo, la prima lettera della prima parola deve essere maiuscola\" \/>\n<meta property=\"og:url\" content=\"https:\/\/exceladvisor.org\/it\/caso-di-sentenza\/\" \/>\n<meta property=\"og:site_name\" content=\"Excel Advisor\" \/>\n<meta property=\"article:modified_time\" content=\"2023-12-10T06:21:31+00:00\" \/>\n<meta property=\"og:image\" content=\"https:\/\/exceladvisor.org\/wp-content\/uploads\/2023\/08\/le-cas-de-la-phrase-dans-Excel-est-different-des-autres-cas-1.png\" \/>\n<meta name=\"twitter:card\" content=\"summary_large_image\" \/>\n<meta name=\"twitter:label1\" content=\"Tempo di lettura stimato\" \/>\n\t<meta name=\"twitter:data1\" content=\"3 minuti\" \/>\n<script type=\"application\/ld+json\" class=\"yoast-schema-graph\">{\"@context\":\"https:\/\/schema.org\",\"@graph\":[{\"@type\":\"WebPage\",\"@id\":\"https:\/\/exceladvisor.org\/it\/caso-di-sentenza\/\",\"url\":\"https:\/\/exceladvisor.org\/it\/caso-di-sentenza\/\",\"name\":\"\u25b7 Come modificare il caso di una frase in Excel?\",\"isPartOf\":{\"@id\":\"https:\/\/exceladvisor.org\/it\/#website\"},\"primaryImageOfPage\":{\"@id\":\"https:\/\/exceladvisor.org\/it\/caso-di-sentenza\/#primaryimage\"},\"image\":{\"@id\":\"https:\/\/exceladvisor.org\/it\/caso-di-sentenza\/#primaryimage\"},\"thumbnailUrl\":\"https:\/\/exceladvisor.org\/wp-content\/uploads\/2023\/08\/le-cas-de-la-phrase-dans-Excel-est-different-des-autres-cas-1.png\",\"datePublished\":\"2023-11-08T21:48:39+00:00\",\"dateModified\":\"2023-12-10T06:21:31+00:00\",\"description\":\"Forse ti starai chiedendo: quale caso di frase \u00e8 effettivamente? In caso di testo, la prima lettera della prima parola deve essere maiuscola\",\"breadcrumb\":{\"@id\":\"https:\/\/exceladvisor.org\/it\/caso-di-sentenza\/#breadcrumb\"},\"inLanguage\":\"it-IT\",\"potentialAction\":[{\"@type\":\"ReadAction\",\"target\":[\"https:\/\/exceladvisor.org\/it\/caso-di-sentenza\/\"]}]},{\"@type\":\"ImageObject\",\"inLanguage\":\"it-IT\",\"@id\":\"https:\/\/exceladvisor.org\/it\/caso-di-sentenza\/#primaryimage\",\"url\":\"https:\/\/exceladvisor.org\/wp-content\/uploads\/2023\/08\/le-cas-de-la-phrase-dans-Excel-est-different-des-autres-cas-1.png\",\"contentUrl\":\"https:\/\/exceladvisor.org\/wp-content\/uploads\/2023\/08\/le-cas-de-la-phrase-dans-Excel-est-different-des-autres-cas-1.png\"},{\"@type\":\"BreadcrumbList\",\"@id\":\"https:\/\/exceladvisor.org\/it\/caso-di-sentenza\/#breadcrumb\",\"itemListElement\":[{\"@type\":\"ListItem\",\"position\":1,\"name\":\"Home\",\"item\":\"https:\/\/exceladvisor.org\/it\/\"},{\"@type\":\"ListItem\",\"position\":2,\"name\":\"Come cambiare il caso di una frase in excel?\"}]},{\"@type\":\"WebSite\",\"@id\":\"https:\/\/exceladvisor.org\/it\/#website\",\"url\":\"https:\/\/exceladvisor.org\/it\/\",\"name\":\"Excel Advisor\",\"description\":\"Tips, Tricks, and Time-Saving Hacks\",\"publisher\":{\"@id\":\"https:\/\/exceladvisor.org\/it\/#organization\"},\"potentialAction\":[{\"@type\":\"SearchAction\",\"target\":{\"@type\":\"EntryPoint\",\"urlTemplate\":\"https:\/\/exceladvisor.org\/it\/?s={search_term_string}\"},\"query-input\":{\"@type\":\"PropertyValueSpecification\",\"valueRequired\":true,\"valueName\":\"search_term_string\"}}],\"inLanguage\":\"it-IT\"},{\"@type\":\"Organization\",\"@id\":\"https:\/\/exceladvisor.org\/it\/#organization\",\"name\":\"Excel Advisor\",\"url\":\"https:\/\/exceladvisor.org\/it\/\",\"logo\":{\"@type\":\"ImageObject\",\"inLanguage\":\"it-IT\",\"@id\":\"https:\/\/exceladvisor.org\/it\/#\/schema\/logo\/image\/\",\"url\":\"https:\/\/exceladvisor.org\/it\/wp-content\/uploads\/2023\/12\/exceladvisor.org_.png\",\"contentUrl\":\"https:\/\/exceladvisor.org\/it\/wp-content\/uploads\/2023\/12\/exceladvisor.org_.png\",\"width\":105,\"height\":36,\"caption\":\"Excel Advisor\"},\"image\":{\"@id\":\"https:\/\/exceladvisor.org\/it\/#\/schema\/logo\/image\/\"}}]}<\/script>\n<!-- \/ Yoast SEO plugin. -->","yoast_head_json":{"title":"\u25b7 Come modificare il caso di una frase in Excel?","description":"Forse ti starai chiedendo: quale caso di frase \u00e8 effettivamente? In caso di testo, la prima lettera della prima parola deve essere maiuscola","robots":{"index":"index","follow":"follow","max-snippet":"max-snippet:-1","max-image-preview":"max-image-preview:large","max-video-preview":"max-video-preview:-1"},"canonical":"https:\/\/exceladvisor.org\/it\/caso-di-sentenza\/","og_locale":"it_IT","og_type":"article","og_title":"\u25b7 Come modificare il caso di una frase in Excel?","og_description":"Forse ti starai chiedendo: quale caso di frase \u00e8 effettivamente? In caso di testo, la prima lettera della prima parola deve essere maiuscola","og_url":"https:\/\/exceladvisor.org\/it\/caso-di-sentenza\/","og_site_name":"Excel Advisor","article_modified_time":"2023-12-10T06:21:31+00:00","og_image":[{"url":"https:\/\/exceladvisor.org\/wp-content\/uploads\/2023\/08\/le-cas-de-la-phrase-dans-Excel-est-different-des-autres-cas-1.png","type":"","width":"","height":""}],"twitter_card":"summary_large_image","twitter_misc":{"Tempo di lettura stimato":"3 minuti"},"schema":{"@context":"https:\/\/schema.org","@graph":[{"@type":"WebPage","@id":"https:\/\/exceladvisor.org\/it\/caso-di-sentenza\/","url":"https:\/\/exceladvisor.org\/it\/caso-di-sentenza\/","name":"\u25b7 Come modificare il caso di una frase in Excel?","isPartOf":{"@id":"https:\/\/exceladvisor.org\/it\/#website"},"primaryImageOfPage":{"@id":"https:\/\/exceladvisor.org\/it\/caso-di-sentenza\/#primaryimage"},"image":{"@id":"https:\/\/exceladvisor.org\/it\/caso-di-sentenza\/#primaryimage"},"thumbnailUrl":"https:\/\/exceladvisor.org\/wp-content\/uploads\/2023\/08\/le-cas-de-la-phrase-dans-Excel-est-different-des-autres-cas-1.png","datePublished":"2023-11-08T21:48:39+00:00","dateModified":"2023-12-10T06:21:31+00:00","description":"Forse ti starai chiedendo: quale caso di frase \u00e8 effettivamente? In caso di testo, la prima lettera della prima parola deve essere maiuscola","breadcrumb":{"@id":"https:\/\/exceladvisor.org\/it\/caso-di-sentenza\/#breadcrumb"},"inLanguage":"it-IT","potentialAction":[{"@type":"ReadAction","target":["https:\/\/exceladvisor.org\/it\/caso-di-sentenza\/"]}]},{"@type":"ImageObject","inLanguage":"it-IT","@id":"https:\/\/exceladvisor.org\/it\/caso-di-sentenza\/#primaryimage","url":"https:\/\/exceladvisor.org\/wp-content\/uploads\/2023\/08\/le-cas-de-la-phrase-dans-Excel-est-different-des-autres-cas-1.png","contentUrl":"https:\/\/exceladvisor.org\/wp-content\/uploads\/2023\/08\/le-cas-de-la-phrase-dans-Excel-est-different-des-autres-cas-1.png"},{"@type":"BreadcrumbList","@id":"https:\/\/exceladvisor.org\/it\/caso-di-sentenza\/#breadcrumb","itemListElement":[{"@type":"ListItem","position":1,"name":"Home","item":"https:\/\/exceladvisor.org\/it\/"},{"@type":"ListItem","position":2,"name":"Come cambiare il caso di una frase in excel?"}]},{"@type":"WebSite","@id":"https:\/\/exceladvisor.org\/it\/#website","url":"https:\/\/exceladvisor.org\/it\/","name":"Excel Advisor","description":"Tips, Tricks, and Time-Saving Hacks","publisher":{"@id":"https:\/\/exceladvisor.org\/it\/#organization"},"potentialAction":[{"@type":"SearchAction","target":{"@type":"EntryPoint","urlTemplate":"https:\/\/exceladvisor.org\/it\/?s={search_term_string}"},"query-input":{"@type":"PropertyValueSpecification","valueRequired":true,"valueName":"search_term_string"}}],"inLanguage":"it-IT"},{"@type":"Organization","@id":"https:\/\/exceladvisor.org\/it\/#organization","name":"Excel Advisor","url":"https:\/\/exceladvisor.org\/it\/","logo":{"@type":"ImageObject","inLanguage":"it-IT","@id":"https:\/\/exceladvisor.org\/it\/#\/schema\/logo\/image\/","url":"https:\/\/exceladvisor.org\/it\/wp-content\/uploads\/2023\/12\/exceladvisor.org_.png","contentUrl":"https:\/\/exceladvisor.org\/it\/wp-content\/uploads\/2023\/12\/exceladvisor.org_.png","width":105,"height":36,"caption":"Excel Advisor"},"image":{"@id":"https:\/\/exceladvisor.org\/it\/#\/schema\/logo\/image\/"}}]}},"yoast_meta":{"yoast_wpseo_title":"","yoast_wpseo_metadesc":"","yoast_wpseo_canonical":""},"_links":{"self":[{"href":"https:\/\/exceladvisor.org\/it\/wp-json\/wp\/v2\/pages\/1729","targetHints":{"allow":["GET"]}}],"collection":[{"href":"https:\/\/exceladvisor.org\/it\/wp-json\/wp\/v2\/pages"}],"about":[{"href":"https:\/\/exceladvisor.org\/it\/wp-json\/wp\/v2\/types\/page"}],"author":[{"embeddable":true,"href":"https:\/\/exceladvisor.org\/it\/wp-json\/wp\/v2\/users\/1"}],"replies":[{"embeddable":true,"href":"https:\/\/exceladvisor.org\/it\/wp-json\/wp\/v2\/comments?post=1729"}],"version-history":[{"count":1,"href":"https:\/\/exceladvisor.org\/it\/wp-json\/wp\/v2\/pages\/1729\/revisions"}],"predecessor-version":[{"id":2365,"href":"https:\/\/exceladvisor.org\/it\/wp-json\/wp\/v2\/pages\/1729\/revisions\/2365"}],"wp:attachment":[{"href":"https:\/\/exceladvisor.org\/it\/wp-json\/wp\/v2\/media?parent=1729"}],"curies":[{"name":"wp","href":"https:\/\/api.w.org\/{rel}","templated":true}]}}