{"id":1730,"date":"2023-11-08T21:24:45","date_gmt":"2023-11-08T21:24:45","guid":{"rendered":"https:\/\/exceladvisor.org\/it\/data-se\/"},"modified":"2023-12-10T06:26:55","modified_gmt":"2023-12-10T06:26:55","slug":"data-se","status":"publish","type":"page","link":"https:\/\/exceladvisor.org\/it\/data-se\/","title":{"rendered":"Come utilizzare la funzione data.se in excel?"},"content":{"rendered":"<div class=\"excel-prima-del-contenuto\" id=\"excel-376242122\"><script type=\"text\/javascript\">\r\n\tatOptions = {\r\n\t\t'key' : 'c1158f160081d6540a8409e6925dab94',\r\n\t\t'format' : 'iframe',\r\n\t\t'height' : 250,\r\n\t\t'width' : 300,\r\n\t\t'params' : {}\r\n\t};\r\n<\/script>\r\n<script type=\"text\/javascript\" src=\"\/\/www.highperformanceformat.com\/c1158f160081d6540a8409e6925dab94\/invoke.js\"><\/script><\/div> <p>Prova a digitare &#8220;DATEDIF&#8221; in una cella del tuo foglio di calcolo, non troverai nulla con quel nome. <\/p><div class=\"wp-block-image\"><figure class=\"aligncenter\"><img decoding=\"async\" src=\"https:\/\/exceladvisor.org\/wp-content\/uploads\/2023\/08\/essayez-de-taper-datedif-dans-une-cellule.png\" sizes=\"\" srcset=\"\" alt=\"prova a digitare dateif in una cella\"><\/figure><\/div><p> Anche se guardi il sistema di aiuto, non \u00e8 elencato nulla con quel nome. <\/p><div class=\"wp-block-image\"><figure class=\"aligncenter\"><img decoding=\"async\" src=\"https:\/\/exceladvisor.org\/wp-content\/uploads\/2023\/08\/essayez-de-rechercher-datedif-dans-la-selection-daide.png\" sizes=\"\" srcset=\"\" alt=\"prova a cercare datedif nella selezione della guida\"><\/figure><\/div><p> Ma se torni al sistema della Guida di Excel 2000, troverai la funzione DATEDIF documentata l\u00ec. Ebbene, \u00e8 un mistero il motivo per cui Microsoft debba nascondere la funzione DATEDIF dall&#8217;elenco <a href=\"https:\/\/exceladvisor.org\/it\/funzioni-di-excel\/\">delle funzioni<\/a> .<\/p><p> Secondo me, DATEDIF \u00e8 la funzione migliore per ottenere la differenza tra due date. E uno dei suoi migliori esempi \u00e8 calcolato in et\u00e0.<\/p><p> Ora la domanda \u00e8: se questa funzione non c&#8217;\u00e8, come possiamo utilizzarla in tutte le nuove versioni di Excel?<\/p><p> E la risposta \u00e8: possiamo usarlo come usiamo tutte le funzioni di Excel. L&#8217;unica differenza \u00e8 che quando provi a inserirlo, Excel non ne visualizza gli argomenti di sintassi. Quindi oggi, in questo articolo, vorrei condividere con voi tutti i dettagli sulla funzione DATEDIF.<\/p><h2 id=\"tab-con-1\" class=\"wp-block-heading\"> Sintassi<\/h2><p> DATEDIF(Data1,Data2,Intervallo)<\/p><ul><li> <strong>Data1:<\/strong> la data dalla quale desideri iniziare a calcolare l&#8217;intervallo. In termini semplici, questa \u00e8 la data di inizio dell&#8217;intervallo.<\/li><li> <strong>Data2:<\/strong> la data in cui si desidera calcolare l&#8217;intervallo. In termini semplici, questa \u00e8 la data di fine dell&#8217;intervallo.<\/li><li> <strong>Intervallo:<\/strong> Rappresenta l&#8217;unione del tempo, che ritorner\u00e0 dalla funzione. Abbiamo sei stringhe di testo specifiche per rappresentare diverse unit\u00e0 di tempo.<\/li><\/ul><h2 id=\"tab-con-2\" class=\"wp-block-heading\"> Utilizza intervalli diversi<\/h2><p> Hai 6 tipi distinti di intervalli per calcolare la differenza tra due date.<\/p><h3 id=\"tab-con-3\" class=\"wp-block-heading\"> 1. &#8220;y&#8221; per anni<\/h3><p> Restituir\u00e0 gli anni interi tra la data di inizio e la data di fine ignorando i mesi e i giorni in eccesso. <\/p><div class=\"wp-block-image\"><figure class=\"aligncenter\"><img decoding=\"async\" src=\"https:\/\/exceladvisor.org\/wp-content\/uploads\/2023\/08\/en-utilisant-lintervalle-y-dans-datedif-pour-obtenir-des-annees.png\" sizes=\"\" srcset=\"\" alt=\"utilizzando l'intervallo y in datedif per ottenere gli anni\"><\/figure><\/div><p> Nell&#8217;esempio sopra, hai calcolato l&#8217;intervallo tra due date utilizzando &#8220;y&#8221;. Se controlli la differenza tra queste due date \u00e8 maggiore di 25 anni (37 giorni in pi\u00f9). Ma restitu\u00ec solo gli anni compiuti, cio\u00e8 25.<\/p><h3 id=\"tab-con-4\" class=\"wp-block-heading\"> 2. \u201cm\u201d per mesi<\/h3><p> Restituir\u00e0 il numero di mesi completi tra la data di inizio e la data di fine ignorando i giorni in eccesso. <\/p><div class=\"wp-block-image\"><figure class=\"aligncenter\"><img decoding=\"async\" src=\"https:\/\/exceladvisor.org\/wp-content\/uploads\/2023\/08\/en-utilisant-lintervalle-m-dans-datedif-pour-obtenir-les-mois-1.png\" sizes=\"\" srcset=\"\" alt=\"utilizzando l'intervallo m in datedif per ottenere i mesi\"><\/figure><\/div><p> Il risultato ha restituito 301 mesi, ovvero il totale dei mesi interi ignorando l&#8217;eccesso di 7 giorni.<\/p><h3 id=\"tab-con-5\" class=\"wp-block-heading\"> 3. \u201cd\u201d per giorni<\/h3><p> Restituir\u00e0 il numero totale di giorni tra la data di inizio e la data di fine. Poich\u00e9 i giorni sono le unit\u00e0 pi\u00f9 piccole tra due date, ecco perch\u00e9 qui otterrai il numero totale di giorni. <\/p><div class=\"wp-block-image\"><figure class=\"aligncenter\"><img decoding=\"async\" src=\"https:\/\/exceladvisor.org\/wp-content\/uploads\/2023\/08\/en-utilisant-d-intervalle-dans-datedif-pour-obtenir-des-jours.png\" sizes=\"\" srcset=\"\" alt=\"utilizzando l'intervallo d in datedif per ottenere i giorni\"><\/figure><\/div><p> Nell&#8217;esempio sopra, abbiamo il numero totale di giorni tra le date di inizio e di fine.<\/p><h3 id=\"tab-con-6\" class=\"wp-block-heading\"> 4. &#8220;ym&#8221; per mesi nel corso degli anni<\/h3><p> Restituir\u00e0 i numeri dei mesi interi nel corso degli anni interi. In termini semplici, se si ha un intervallo totale di 25 anni, 1 mese e 7 giorni tra due date, nel risultato verr\u00e0 restituito 1 mese. <\/p><div class=\"wp-block-image\"><figure class=\"aligncenter\"><img decoding=\"async\" src=\"https:\/\/exceladvisor.org\/wp-content\/uploads\/2023\/08\/en-utilisant-lintervalle-ym-dans-datedif-pour-obtenir-des-mois-sur-des-annees.png\" sizes=\"\" srcset=\"\" alt=\"utilizzando l'intervallo ym in datedif per ottenere mesi su anni\"><\/figure><\/div><p> Nell&#8217;esempio sopra, abbiamo calcolato il numero di mesi interi rimanenti dopo anni concorrenti tra la data di inizio e la data di fine.<\/p><h3 id=\"tab-con-7\" class=\"wp-block-heading\"> 5. &#8220;yd&#8221; per giorni su anni<\/h3><p> Restituir\u00e0 il numero di giorni nel corso degli anni completati. In termini semplici, se si dispone di un intervallo totale di 25 anni e 37 giorni tra due date, il risultato restituir\u00e0 37 giorni. <\/p><div class=\"wp-block-image\"><figure class=\"aligncenter\"><img decoding=\"async\" src=\"https:\/\/exceladvisor.org\/wp-content\/uploads\/2023\/08\/en-utilisant-lintervalle-yd-dans-datedif-pour-obtenir-des-jours-sur-des-annees.png\" sizes=\"\" srcset=\"\" alt=\"utilizzando l'intervallo yd in datedif per ottenere giorni su anni\"><\/figure><\/div><p> Nell&#8217;esempio sopra, hai calcolato il numero di giorni rimanenti dopo gli anni interi tra la data di inizio e la data di fine.<\/p><h3 id=\"tab-con-8\" class=\"wp-block-heading\"> 6. \u201cmd\u201d per giorni su mesi<\/h3><p> Restituir\u00e0 il numero di giorni in eccesso durante l&#8217;intero mese. In termini semplici, se si dispone di un intervallo totale di 301 mesi e 7 giorni tra due date, nel risultato verranno restituiti 7 giorni. <\/p><div class=\"wp-block-image\"><figure class=\"aligncenter\"><img decoding=\"async\" src=\"https:\/\/exceladvisor.org\/wp-content\/uploads\/2023\/08\/en-utilisant-lintervalle-md-dans-datedif-pour-obtenir-des-jours-sur-des-mois.png\" sizes=\"\" srcset=\"\" alt=\"utilizzando l'intervallo md in datedif per ottenere i giorni dai mesi\"><\/figure><\/div><p> Nell&#8217;esempio sopra, abbiamo calcolato il numero di giorni rimanenti dopo i mesi interi tra la data di inizio e la data di fine. <\/p><div class=\"gb-container gb-container-bafb25cc gb-container-download-2\"><div class=\"gb-grid-wrapper gb-grid-wrapper-91201309\"><div class=\"gb-grid-column gb-grid-column-15a917ef\"><div class=\"gb-container gb-container-15a917ef\"><h2 class=\"gb-headline gb-headline-f2deb261 gb-headline-text gb-headline-download-2\"> Ottieni il file Excel <\/h2><\/div><\/div><div class=\"gb-grid-column gb-grid-column-18357188\"><div class=\"gb-container gb-container-18357188\"><div class=\"gb-container gb-container-76cbe15e\"> <a class=\"gb-button gb-button-cb63d00a gb-button-text gb-button-download-2\" href=\"https:\/\/exceladvisor.org\/wp-content\/uploads\/2023\/11\/date-si-2.xlsx\" rel=\"nofollow\">Scaricamento<\/a> <\/div><\/div><\/div><\/div><\/div><h2 id=\"steps-to-calculate-age-in-excel-using-datedif\" class=\"wp-block-heading\"> ESEMPIO: Calcola l&#8217;et\u00e0 in Excel utilizzando DATEDIF<\/h2><p> Qui devi calcolare l&#8217;et\u00e0 in un formato in cui puoi visualizzare separatamente anni, mesi e giorni. Ad esempio, 26 anni, 8 mesi e 17 giorni. E per questo dobbiamo combinare DATEDIF tre volte. <\/p><div class=\"wp-block-image\"><figure class=\"aligncenter\"><img decoding=\"async\" src=\"https:\/\/exceladvisor.org\/wp-content\/uploads\/2023\/08\/calculer-lage-dans-excel-en-utilisant-la-fonction-datedif-et-la-date-de-naissance.gif\" sizes=\"\" srcset=\"\" alt=\"calcolare l'et\u00e0 in Excel utilizzando la funzione dateif e la data di nascita\"><\/figure><\/div><p> Ecco i passaggi.<\/p><h3 id=\"1-calculate-completed-years-of-a-person-s-age\" class=\"wp-block-heading\"> 1. Calcola gli anni compiuti dell&#8217;et\u00e0 di una persona<\/h3><p> Innanzitutto, \u00e8 necessario calcolare il totale degli anni completati tra la data di nascita e la data odierna. E, per questo, la formula sar\u00e0:<\/p><pre class=\"wp-block-code\"> <code class=\"language-excel-formula\" lang=\"excel-formula\">=DATEDIF(Date-of-Birth,TODAY(),\"y\")<\/code><\/pre><p> Verranno restituiti gli anni completati tra due date. <\/p><div class=\"wp-block-image\"><figure class=\"aligncenter\"><img decoding=\"async\" src=\"https:\/\/exceladvisor.org\/wp-content\/uploads\/2023\/08\/calculer-lage-dans-Excel-en-utilisant-la-fonction-datedif-en-utilisant-la-date-de-naissance-obtenir-les-annees-revolues.png\" sizes=\"\" srcset=\"\" alt=\"calcolare l'et\u00e0 in Excel utilizzando la funzione datedif utilizzando la data di nascita per ottenere gli anni completati\"><\/figure><\/div><h3 id=\"2-calculate-completed-months-of-a-person-s-age-after-completed-years\" class=\"wp-block-heading\"> 2. Calcolare i mesi compiuti dell&#8217;et\u00e0 di una persona dopo gli anni compiuti<\/h3><p> La prossima cosa \u00e8 calcolare i mesi completati. Ci\u00f2 significa che se la tua et\u00e0 \u00e8 26 anni, 5 mesi e 19 giorni, dobbiamo recuperare 5 mesi.<\/p><p> \u00c8 possibile utilizzare la formula seguente:<\/p><pre class=\"wp-block-code\"> <code class=\"language-excel-formula\" lang=\"excel-formula\">=DATEDIF(Date-of-Birth,TODAY(),\"my\")<\/code><\/pre><p> Verranno restituiti i mesi completati tra la data di nascita e la data odierna dopo gli anni completati. <\/p><div class=\"wp-block-image\"><figure class=\"aligncenter\"><img decoding=\"async\" src=\"https:\/\/exceladvisor.org\/wp-content\/uploads\/2023\/08\/calculer-lage-dans-excel-en-utilisant-la-fonction-datedif-en-utilisant-la-date-de-naissance-obtenir-les-mois-termines-2.png\" sizes=\"\" srcset=\"\" alt=\"calcolare l'et\u00e0 in Excel utilizzando la funzione datedif utilizzando la data di nascita per ottenere mesi interi\"><\/figure><\/div><h3 id=\"3-calculate-completed-days-of-a-person-s-age-after-completed-years-and-months\" class=\"wp-block-heading\"> 3. Giorni interi pari all&#8217;et\u00e0 di una persona dopo anni e mesi interi<\/h3><p> Alla fine, devi calcolare i giorni rimanenti dopo aver completato anni e mesi. Ecco la formula:<\/p><pre class=\"wp-block-code\"> <code class=\"language-excel-formula\" lang=\"excel-formula\">=DATEDIF(Date-of-Birth,TODAY(),\"md\")<\/code><\/pre><p> Ci\u00f2 restituir\u00e0 il resto dei giorni tra la data di nascita e la data odierna dopo aver completato gli anni e i mesi. <\/p><div class=\"wp-block-image\"><figure class=\"aligncenter\"><img decoding=\"async\" src=\"https:\/\/exceladvisor.org\/wp-content\/uploads\/2023\/08\/calculer-lage-dans-Excel-en-utilisant-la-fonction-datedif-en-utilisant-la-date-de-naissance-obtenir-les-jours-complets.png\" sizes=\"\" srcset=\"\" alt=\"calcolare l'et\u00e0 in Excel utilizzando la funzione datedif utilizzando la data di nascita per ottenere giorni interi\"><\/figure><\/div><h3 id=\"4-combine-all-three-formulas-to-get-actual-age\" class=\"wp-block-heading\"> 4. Combina le tre formule per ottenere l&#8217;et\u00e0 reale<\/h3><p> Ora \u00e8 il momento di combinare tutto questo per creare un&#8217;et\u00e0 precisa. Inserisci la formula seguente in una cella del foglio di calcolo e sostituisci Data di nascita con la tua data di nascita effettiva. <\/p><pre class=\"wp-block-code\"> <code class=\"language-excel-formula\" lang=\"excel-formula\">=\"You age is \"&amp; DATEDIF(Date-of-Birth,TODAY(),\"y\") &amp;\" Year(s), \"&amp; DATEDIF(Date-of-Birth,TODAY(),\"ym\")&amp; \" Month(s) &amp; \"&amp; DATEDIF(Date-of-Birth,TODAY(),\"md\")&amp; \" Day(s).\"<\/code><\/pre><div class=\"wp-block-image\"><figure class=\"aligncenter\"><img decoding=\"async\" src=\"https:\/\/exceladvisor.org\/wp-content\/uploads\/2023\/08\/calculer-lage-dans-Excel-en-utilisant-la-fonction-datedif-en-utilisant-la-formule-combinee-de-date-de-naissance.png\" sizes=\"\" srcset=\"\" alt=\"\"><\/figure><\/div><p> \u00c8 tutto. <\/p><div class=\"gb-container gb-container-887766f9 gb-container-download-2\"><div class=\"gb-grid-wrapper gb-grid-wrapper-49604f3e\"><div class=\"gb-grid-column gb-grid-column-6b9b731e\"><div class=\"gb-container gb-container-6b9b731e\"><h2 class=\"gb-headline gb-headline-f2537129 gb-headline-text gb-headline-download-2\"> Ottieni il file Excel <\/h2><\/div><\/div><div class=\"gb-grid-column gb-grid-column-ba062c0c\"><div class=\"gb-container gb-container-ba062c0c\"><div class=\"gb-container gb-container-863eb8a3\"> <a class=\"gb-button gb-button-d43e2cad gb-button-text gb-button-download-2\" href=\"https:\/\/exceladvisor.org\/wp-content\/uploads\/2023\/11\/calculer-lage-2.xlsx\" rel=\"nofollow\">Scaricamento<\/a><\/div><\/div><\/div><\/div><\/div><h2 class=\"wp-block-heading\"> Punti importanti<\/h2><ul><li> Ignorer\u00e0 l&#8217;ora nella data.<\/li><li> La data di fine (Data2) deve essere successiva alla data di inizio (Data1).<\/li><\/ul><div class=\"gb-container gb-container-0df56012 gb-container-mt\"> <a class=\"gb-button gb-button-f9f432f4 gb-button-text gb-button-mt-button\" href=\"https:\/\/exceladvisor.org\/it\/formule\/\">Elenco delle formule di Excel<\/a><h2 class=\"gb-headline gb-headline-233444e8 gb-headline-text gb-headline-mt-heading\"> Formule correlate <\/h2><div class=\"gb-grid-wrapper gb-grid-wrapper-a16fa65c gb-grid-wrapper-mt-grid\"><div class=\"gb-grid-column gb-grid-column-50d07e0d\"><div class=\"gb-container gb-container-50d07e0d\"><ul><li> <a href=\"https:\/\/exceladvisor.org\/it\/confrontare-due-date\/\">Confronta due date in Excel<\/a><\/li><li> <a href=\"https:\/\/exceladvisor.org\/it\/convertire-la-data-in-numero\/\">Converti la data in numero in Excel<\/a><\/li><li> <a href=\"https:\/\/exceladvisor.org\/it\/testo-fino-ad-oggi\/\">Converti il testo aggiornato in Excel<\/a><\/li><li> <a href=\"https:\/\/exceladvisor.org\/it\/intervallo-di-date\/\">Crea un intervallo di date in Excel<\/a><\/li><li> <a href=\"https:\/\/exceladvisor.org\/it\/formati-di-data-personalizzati\/\">Formati di data personalizzati in Excel<\/a> <\/li><\/ul><\/div><\/div><div class=\"gb-grid-column gb-grid-column-5b4a0cf9\"><div class=\"gb-container gb-container-5b4a0cf9\"><\/div><\/div><\/div><\/div>","protected":false},"excerpt":{"rendered":"","protected":false},"author":1,"featured_media":0,"parent":0,"menu_order":0,"comment_status":"open","ping_status":"closed","template":"","meta":{"ub_ctt_via":"","footnotes":""},"class_list":["post-1730","page","type-page","status-publish","hentry"],"featured_image_src":null,"yoast_head":"<!-- This site is optimized with the Yoast SEO plugin v25.4 - https:\/\/yoast.com\/wordpress\/plugins\/seo\/ -->\n<title>\u25b7 Come utilizzare la funzione DATA.SE in Excel?<\/title>\n<meta name=\"description\" content=\"L&#039;utilizzo della funzione DataSE in Excel \u00e8 il modo migliore per calcolare i giorni tra due date. Puoi anche usare\" \/>\n<meta name=\"robots\" content=\"index, follow, max-snippet:-1, max-image-preview:large, max-video-preview:-1\" \/>\n<link rel=\"canonical\" href=\"https:\/\/exceladvisor.org\/it\/data-se\/\" \/>\n<meta property=\"og:locale\" content=\"it_IT\" \/>\n<meta property=\"og:type\" content=\"article\" \/>\n<meta property=\"og:title\" content=\"\u25b7 Come utilizzare la funzione DATA.SE in Excel?\" \/>\n<meta property=\"og:description\" content=\"L&#039;utilizzo della funzione DataSE in Excel \u00e8 il modo migliore per calcolare i giorni tra due date. Puoi anche usare\" \/>\n<meta property=\"og:url\" content=\"https:\/\/exceladvisor.org\/it\/data-se\/\" \/>\n<meta property=\"og:site_name\" content=\"Excel Advisor\" \/>\n<meta property=\"article:modified_time\" content=\"2023-12-10T06:26:55+00:00\" \/>\n<meta property=\"og:image\" content=\"https:\/\/exceladvisor.org\/wp-content\/uploads\/2023\/08\/essayez-de-taper-datedif-dans-une-cellule.png\" \/>\n<meta name=\"twitter:card\" content=\"summary_large_image\" \/>\n<meta name=\"twitter:label1\" content=\"Tempo di lettura stimato\" \/>\n\t<meta name=\"twitter:data1\" content=\"4 minuti\" \/>\n<script type=\"application\/ld+json\" class=\"yoast-schema-graph\">{\"@context\":\"https:\/\/schema.org\",\"@graph\":[{\"@type\":\"WebPage\",\"@id\":\"https:\/\/exceladvisor.org\/it\/data-se\/\",\"url\":\"https:\/\/exceladvisor.org\/it\/data-se\/\",\"name\":\"\u25b7 Come utilizzare la funzione DATA.SE in Excel?\",\"isPartOf\":{\"@id\":\"https:\/\/exceladvisor.org\/it\/#website\"},\"primaryImageOfPage\":{\"@id\":\"https:\/\/exceladvisor.org\/it\/data-se\/#primaryimage\"},\"image\":{\"@id\":\"https:\/\/exceladvisor.org\/it\/data-se\/#primaryimage\"},\"thumbnailUrl\":\"https:\/\/exceladvisor.org\/wp-content\/uploads\/2023\/08\/essayez-de-taper-datedif-dans-une-cellule.png\",\"datePublished\":\"2023-11-08T21:24:45+00:00\",\"dateModified\":\"2023-12-10T06:26:55+00:00\",\"description\":\"L&#39;utilizzo della funzione DataSE in Excel \u00e8 il modo migliore per calcolare i giorni tra due date. Puoi anche usare\",\"breadcrumb\":{\"@id\":\"https:\/\/exceladvisor.org\/it\/data-se\/#breadcrumb\"},\"inLanguage\":\"it-IT\",\"potentialAction\":[{\"@type\":\"ReadAction\",\"target\":[\"https:\/\/exceladvisor.org\/it\/data-se\/\"]}]},{\"@type\":\"ImageObject\",\"inLanguage\":\"it-IT\",\"@id\":\"https:\/\/exceladvisor.org\/it\/data-se\/#primaryimage\",\"url\":\"https:\/\/exceladvisor.org\/wp-content\/uploads\/2023\/08\/essayez-de-taper-datedif-dans-une-cellule.png\",\"contentUrl\":\"https:\/\/exceladvisor.org\/wp-content\/uploads\/2023\/08\/essayez-de-taper-datedif-dans-une-cellule.png\"},{\"@type\":\"BreadcrumbList\",\"@id\":\"https:\/\/exceladvisor.org\/it\/data-se\/#breadcrumb\",\"itemListElement\":[{\"@type\":\"ListItem\",\"position\":1,\"name\":\"Home\",\"item\":\"https:\/\/exceladvisor.org\/it\/\"},{\"@type\":\"ListItem\",\"position\":2,\"name\":\"Come utilizzare la funzione data.se in excel?\"}]},{\"@type\":\"WebSite\",\"@id\":\"https:\/\/exceladvisor.org\/it\/#website\",\"url\":\"https:\/\/exceladvisor.org\/it\/\",\"name\":\"Excel Advisor\",\"description\":\"Tips, Tricks, and Time-Saving Hacks\",\"publisher\":{\"@id\":\"https:\/\/exceladvisor.org\/it\/#organization\"},\"potentialAction\":[{\"@type\":\"SearchAction\",\"target\":{\"@type\":\"EntryPoint\",\"urlTemplate\":\"https:\/\/exceladvisor.org\/it\/?s={search_term_string}\"},\"query-input\":{\"@type\":\"PropertyValueSpecification\",\"valueRequired\":true,\"valueName\":\"search_term_string\"}}],\"inLanguage\":\"it-IT\"},{\"@type\":\"Organization\",\"@id\":\"https:\/\/exceladvisor.org\/it\/#organization\",\"name\":\"Excel Advisor\",\"url\":\"https:\/\/exceladvisor.org\/it\/\",\"logo\":{\"@type\":\"ImageObject\",\"inLanguage\":\"it-IT\",\"@id\":\"https:\/\/exceladvisor.org\/it\/#\/schema\/logo\/image\/\",\"url\":\"https:\/\/exceladvisor.org\/it\/wp-content\/uploads\/2023\/12\/exceladvisor.org_.png\",\"contentUrl\":\"https:\/\/exceladvisor.org\/it\/wp-content\/uploads\/2023\/12\/exceladvisor.org_.png\",\"width\":105,\"height\":36,\"caption\":\"Excel Advisor\"},\"image\":{\"@id\":\"https:\/\/exceladvisor.org\/it\/#\/schema\/logo\/image\/\"}}]}<\/script>\n<!-- \/ Yoast SEO plugin. -->","yoast_head_json":{"title":"\u25b7 Come utilizzare la funzione DATA.SE in Excel?","description":"L&#39;utilizzo della funzione DataSE in Excel \u00e8 il modo migliore per calcolare i giorni tra due date. Puoi anche usare","robots":{"index":"index","follow":"follow","max-snippet":"max-snippet:-1","max-image-preview":"max-image-preview:large","max-video-preview":"max-video-preview:-1"},"canonical":"https:\/\/exceladvisor.org\/it\/data-se\/","og_locale":"it_IT","og_type":"article","og_title":"\u25b7 Come utilizzare la funzione DATA.SE in Excel?","og_description":"L&#39;utilizzo della funzione DataSE in Excel \u00e8 il modo migliore per calcolare i giorni tra due date. Puoi anche usare","og_url":"https:\/\/exceladvisor.org\/it\/data-se\/","og_site_name":"Excel Advisor","article_modified_time":"2023-12-10T06:26:55+00:00","og_image":[{"url":"https:\/\/exceladvisor.org\/wp-content\/uploads\/2023\/08\/essayez-de-taper-datedif-dans-une-cellule.png","type":"","width":"","height":""}],"twitter_card":"summary_large_image","twitter_misc":{"Tempo di lettura stimato":"4 minuti"},"schema":{"@context":"https:\/\/schema.org","@graph":[{"@type":"WebPage","@id":"https:\/\/exceladvisor.org\/it\/data-se\/","url":"https:\/\/exceladvisor.org\/it\/data-se\/","name":"\u25b7 Come utilizzare la funzione DATA.SE in Excel?","isPartOf":{"@id":"https:\/\/exceladvisor.org\/it\/#website"},"primaryImageOfPage":{"@id":"https:\/\/exceladvisor.org\/it\/data-se\/#primaryimage"},"image":{"@id":"https:\/\/exceladvisor.org\/it\/data-se\/#primaryimage"},"thumbnailUrl":"https:\/\/exceladvisor.org\/wp-content\/uploads\/2023\/08\/essayez-de-taper-datedif-dans-une-cellule.png","datePublished":"2023-11-08T21:24:45+00:00","dateModified":"2023-12-10T06:26:55+00:00","description":"L&#39;utilizzo della funzione DataSE in Excel \u00e8 il modo migliore per calcolare i giorni tra due date. Puoi anche usare","breadcrumb":{"@id":"https:\/\/exceladvisor.org\/it\/data-se\/#breadcrumb"},"inLanguage":"it-IT","potentialAction":[{"@type":"ReadAction","target":["https:\/\/exceladvisor.org\/it\/data-se\/"]}]},{"@type":"ImageObject","inLanguage":"it-IT","@id":"https:\/\/exceladvisor.org\/it\/data-se\/#primaryimage","url":"https:\/\/exceladvisor.org\/wp-content\/uploads\/2023\/08\/essayez-de-taper-datedif-dans-une-cellule.png","contentUrl":"https:\/\/exceladvisor.org\/wp-content\/uploads\/2023\/08\/essayez-de-taper-datedif-dans-une-cellule.png"},{"@type":"BreadcrumbList","@id":"https:\/\/exceladvisor.org\/it\/data-se\/#breadcrumb","itemListElement":[{"@type":"ListItem","position":1,"name":"Home","item":"https:\/\/exceladvisor.org\/it\/"},{"@type":"ListItem","position":2,"name":"Come utilizzare la funzione data.se in excel?"}]},{"@type":"WebSite","@id":"https:\/\/exceladvisor.org\/it\/#website","url":"https:\/\/exceladvisor.org\/it\/","name":"Excel Advisor","description":"Tips, Tricks, and Time-Saving Hacks","publisher":{"@id":"https:\/\/exceladvisor.org\/it\/#organization"},"potentialAction":[{"@type":"SearchAction","target":{"@type":"EntryPoint","urlTemplate":"https:\/\/exceladvisor.org\/it\/?s={search_term_string}"},"query-input":{"@type":"PropertyValueSpecification","valueRequired":true,"valueName":"search_term_string"}}],"inLanguage":"it-IT"},{"@type":"Organization","@id":"https:\/\/exceladvisor.org\/it\/#organization","name":"Excel Advisor","url":"https:\/\/exceladvisor.org\/it\/","logo":{"@type":"ImageObject","inLanguage":"it-IT","@id":"https:\/\/exceladvisor.org\/it\/#\/schema\/logo\/image\/","url":"https:\/\/exceladvisor.org\/it\/wp-content\/uploads\/2023\/12\/exceladvisor.org_.png","contentUrl":"https:\/\/exceladvisor.org\/it\/wp-content\/uploads\/2023\/12\/exceladvisor.org_.png","width":105,"height":36,"caption":"Excel Advisor"},"image":{"@id":"https:\/\/exceladvisor.org\/it\/#\/schema\/logo\/image\/"}}]}},"yoast_meta":{"yoast_wpseo_title":"","yoast_wpseo_metadesc":"","yoast_wpseo_canonical":""},"_links":{"self":[{"href":"https:\/\/exceladvisor.org\/it\/wp-json\/wp\/v2\/pages\/1730","targetHints":{"allow":["GET"]}}],"collection":[{"href":"https:\/\/exceladvisor.org\/it\/wp-json\/wp\/v2\/pages"}],"about":[{"href":"https:\/\/exceladvisor.org\/it\/wp-json\/wp\/v2\/types\/page"}],"author":[{"embeddable":true,"href":"https:\/\/exceladvisor.org\/it\/wp-json\/wp\/v2\/users\/1"}],"replies":[{"embeddable":true,"href":"https:\/\/exceladvisor.org\/it\/wp-json\/wp\/v2\/comments?post=1730"}],"version-history":[{"count":1,"href":"https:\/\/exceladvisor.org\/it\/wp-json\/wp\/v2\/pages\/1730\/revisions"}],"predecessor-version":[{"id":2852,"href":"https:\/\/exceladvisor.org\/it\/wp-json\/wp\/v2\/pages\/1730\/revisions\/2852"}],"wp:attachment":[{"href":"https:\/\/exceladvisor.org\/it\/wp-json\/wp\/v2\/media?parent=1730"}],"curies":[{"name":"wp","href":"https:\/\/api.w.org\/{rel}","templated":true}]}}