{"id":1737,"date":"2023-11-08T13:20:18","date_gmt":"2023-11-08T13:20:18","guid":{"rendered":"https:\/\/exceladvisor.org\/it\/rapporto-delle-vendite\/"},"modified":"2023-12-10T06:28:07","modified_gmt":"2023-12-10T06:28:07","slug":"rapporto-delle-vendite","status":"publish","type":"page","link":"https:\/\/exceladvisor.org\/it\/rapporto-delle-vendite\/","title":{"rendered":"Modello di report sulle vendite in excel"},"content":{"rendered":"<div class=\"excel-prima-del-contenuto\" id=\"excel-2930791900\"><script type=\"text\/javascript\">\r\n\tatOptions = {\r\n\t\t'key' : 'c1158f160081d6540a8409e6925dab94',\r\n\t\t'format' : 'iframe',\r\n\t\t'height' : 250,\r\n\t\t'width' : 300,\r\n\t\t'params' : {}\r\n\t};\r\n<\/script>\r\n<script type=\"text\/javascript\" src=\"\/\/www.highperformanceformat.com\/c1158f160081d6540a8409e6925dab94\/invoke.js\"><\/script><\/div> <div class=\"wp-block-image\"><figure class=\"aligncenter\">Uno dei primi modelli che ho creato in Excel riguardava un report giornaliero sulle vendite. E cos\u00ec facendo, ho imparato una cosa: serve un formato che sia veloce e facile da usare.<\/figure><\/div><p> <em>Oggi vorrei condividere con voi uno dei miei design preferiti che condividevo con il mio capo. Sono abbastanza sicuro che questo modello di vendita giornaliero far\u00e0 sorridere il tuo capo, anche se le vendite sono in calo. E tu conosci il meglio?<\/em><\/p><p> Questo \u00e8 un modello di una pagina con un formato di facile comprensione. Ma prima di scaricarlo, lascia che ti dica come usarlo e quali sono le caratteristiche di questo modello.<\/p><h2 id=\"tab-con-1\" class=\"wp-block-heading\"> Caratteristiche<\/h2><p> Alcune funzionalit\u00e0 chiave rendono questo modello facile da usare. Quindi continua a leggere per avere una visione dettagliata di queste funzionalit\u00e0.<\/p><h3 class=\"wp-block-heading\"> 1. Vendite giornaliere rispetto all&#8217;obiettivo mensile<\/h3><p> Per monitorare la performance giornaliera hai un grafico e in questo grafico puoi ottenere la performance giornaliera rispetto al target. Per confrontare le vendite giornaliere con l&#8217;obiettivo, abbiamo una linea obiettivo in questo grafico. <\/p><div class=\"wp-block-image\"><figure class=\"aligncenter\"><img decoding=\"async\" src=\"https:\/\/exceladvisor.org\/wp-content\/uploads\/2023\/08\/tableau-des-ventes-par-jour-dans-le-modele-de-rapport-des-ventes-quotidiennes-1.png\" sizes=\"\" srcset=\"\" alt=\"grafico delle vendite al giorno nel modello di rapporto sulle vendite giornaliere\"><\/figure><\/div><p> Quando inserisci il tuo obiettivo mensile, questo modello lo converte in una media giornaliera. E questo obiettivo sar\u00e0 un punto di riferimento per le tue prestazioni quotidiane. Una piccola finestra di messaggio in alto ti ricorder\u00e0 la media giornaliera di cui hai bisogno durante tutto il mese.<\/p><h3 class=\"wp-block-heading\"> 2. Obiettivo totale rispetto al raggiungimento effettivo [percentuale]<\/h3><p> Accanto al nostro grafico delle vendite giornaliere, c&#8217;\u00e8 un <a style=\"outline: none;\" href=\"https:\/\/exceladvisor.org\/it\/tavolo-termometro\/\">grafico del termometro<\/a> che mostra la percentuale totale raggiunta. <\/p><div class=\"wp-block-image\"><figure class=\"aligncenter\"><img decoding=\"async\" src=\"https:\/\/exceladvisor.org\/wp-content\/uploads\/2023\/08\/tableau-des-realisations-totales-dans-le-modele-de-rapport-des-ventes-quotidiennes-1.png\" sizes=\"\" srcset=\"\" alt=\"tabella dei risultati totali nel modello di rapporto sulle vendite giornaliere\"><\/figure><\/div><p> Questo semplice grafico ti aiuter\u00e0 a tenere traccia di ci\u00f2 che hai realizzato dall&#8217;inizio del mese.<\/p><h3 class=\"wp-block-heading\"> 3. Vendite effettuate<\/h3><p> La prima casella nella sezione fornir\u00e0 una rapida panoramica delle vendite effettuate rispetto all&#8217;obiettivo totale. <\/p><div class=\"wp-block-image\"><figure class=\"aligncenter\"><img decoding=\"async\" src=\"https:\/\/exceladvisor.org\/wp-content\/uploads\/2023\/08\/note-liminaire-sur-la-realisation-du-montant-dans-le-modele-de-rapport-de-vente-quotidien.png\" sizes=\"\" srcset=\"\" alt=\"Nota chiave sul raggiungimento dell'importo nel modello di rapporto sulle vendite giornaliere\"><\/figure><\/div><h3 class=\"wp-block-heading\"> 4. Media giornaliera per raggiungere l&#8217;obiettivo<\/h3><p> Il riquadro successivo ti avvisa della media giornaliera che devi gestire per il resto dei giorni del mese.<\/p><p> Questo numero cambier\u00e0 ogni giorno in base alle tue prestazioni nel corso del mese. <\/p><div class=\"wp-block-image\"><figure class=\"aligncenter\"><img decoding=\"async\" src=\"https:\/\/exceladvisor.org\/wp-content\/uploads\/2023\/08\/moyenne-requise-dans-le-modele-de-rapport-de-ventes-quotidien-1.png\" sizes=\"\" srcset=\"\" alt=\"media richiesta nel modello di report sulle vendite giornaliere\"><\/figure><\/div><p> Se la tua vendita giornaliera \u00e8 inferiore all&#8217;obiettivo giornaliero previsto, questa cifra aumenter\u00e0 o viceversa.<\/p><h3 class=\"wp-block-heading\"> 5. Giorni rimanenti nel mese<\/h3><p> Questa casella ti mostrer\u00e0 i giorni rimanenti del mese, che \u00e8 un fattore determinante per il tuo rendimento. <\/p><div class=\"wp-block-image\"><figure class=\"aligncenter\"><img decoding=\"async\" src=\"https:\/\/exceladvisor.org\/wp-content\/uploads\/2023\/08\/jours-restants-dans-le-mois-dans-le-modele-de-rapport-des-ventes-quotidiennes-1.png\" sizes=\"\" srcset=\"\" alt=\"giorni rimasti in mesi nel modello di report sulle vendite giornaliere\"><\/figure><\/div><p> Il calcolo in questi giorni \u00e8 dinamico.<\/p><h3 class=\"wp-block-heading\"> 6. Sezione Osservazioni Speciali<\/h3><p> Abbiamo anche una casella speciale per note e commenti. Puoi utilizzare questa sezione per aggiungere note speciali. <\/p><div class=\"wp-block-image\"><figure class=\"aligncenter\"><img decoding=\"async\" src=\"https:\/\/exceladvisor.org\/wp-content\/uploads\/2023\/08\/autres-remarques-dans-le-modele-de-rapport-de-ventes-quotidien-1.png\" sizes=\"\" srcset=\"\" alt=\"altre note nel modello di rapporto sulle vendite giornaliere\"><\/figure><\/div><p> Raccoglievo feedback dal mio team di vendita prima di inviare questo rapporto al mio capo. Puoi questa sezione a modo tuo.<\/p><h2 id=\"tab-con-3\" class=\"wp-block-heading\"> Dati in ingresso<\/h2><p> Come ti ho detto, preparare questo modello \u00e8 molto semplice, tutto quello che devi fare \u00e8 inserire i seguenti dati.<\/p><h3 class=\"wp-block-heading\"> 1. Mese corrente<\/h3><p> Prima di iniziare a monitorare le vendite giornaliere, assicurati di selezionare il mese corrente. Selezionare il mese corrente \u00e8 importante poich\u00e9 ci\u00f2 definir\u00e0 il numero totale di giorni. Supponiamo che tu abbia selezionato &#8220;Settembre&#8221;, il numero totale di giorni del mese sar\u00e0 30 e se selezioni &#8220;Ottobre&#8221;, sar\u00e0 &#8220;31&#8221;.<\/p><p> Per fare ci\u00f2 \u00e8 sufficiente utilizzare questo menu a discesa per selezionare il mese corrente. <\/p><div class=\"wp-block-image\"><figure class=\"aligncenter\"><img decoding=\"async\" src=\"https:\/\/exceladvisor.org\/wp-content\/uploads\/2023\/08\/deroulant-pour-selectionner-le-mois-dans-le-modele-de-rapport-des-ventes-quotidiennes-1.png\" sizes=\"\" srcset=\"\" alt=\"elenco a discesa per selezionare il mese nel modello di report sulle vendite giornaliere\"><\/figure><\/div><h3 class=\"wp-block-heading\"> 2. Obiettivi mensili<\/h3><p> Una volta selezionato il mese corrente, la prossima cosa da inserire \u00e8 il tuo obiettivo mensile. Esiste un collegamento diretto tra il tuo obiettivo mensile e il numero totale di giorni del mese.<\/p><p> Non appena inserisci il tuo obiettivo mensile, calcola la media giornaliera di cui abbiamo bisogno per raggiungere l&#8217;obiettivo totale.<\/p><p> Se hai un obiettivo mensile di $ 50.000 e i giorni del mese sono 31, la media giornaliera sar\u00e0 di $ 1.613 al giorno.<\/p><p> Quindi, inserisci semplicemente il tuo obiettivo mensile nella cella A34. <\/p><div class=\"wp-block-image\"><figure class=\"aligncenter\"><img decoding=\"async\" src=\"https:\/\/exceladvisor.org\/wp-content\/uploads\/2023\/08\/objectif-mensuel-dans-le-modele-de-rapport-de-ventes-quotidien-1.png\" sizes=\"\" srcset=\"\" alt=\"obiettivo mensile nel modello di rapporto sulle vendite giornaliere\"><\/figure><\/div><p> Conosci il meglio di questo format di vendita? Basta poco per inserire i dati.<\/p><h3 class=\"wp-block-heading\"> 3. Vendite giornaliere<\/h3><p> Ora ecco la cosa principale di cui hai bisogno per accedere a &#8220;Day Wise Sale&#8221;. Nella tabella sottostante puoi inserire le tue vendite su base giornaliera. E, una volta fatto ci\u00f2, il calcolo verr\u00e0 aggiornato in tutto il modello. <\/p><div class=\"wp-block-image\"><figure class=\"aligncenter\"><img decoding=\"async\" src=\"https:\/\/exceladvisor.org\/wp-content\/uploads\/2023\/08\/entree-des-ventes-par-jour-dans-le-modele-de-rapport-des-ventes-quotidiennes-1.png\" sizes=\"\" srcset=\"\" alt=\"inserimento delle vendite giornaliere nel modello di report sulle vendite giornaliere\"><\/figure><\/div><p> Questa \u00e8 l&#8217;unica cosa che devi fare ogni giorno perch\u00e9 le altre sono voci una tantum.<\/p><p> Se hai selezionato un mese di 30 giorni, dovrai inserire solo le vendite per 30 giorni. E, per 31 giorni, vendite d&#8217;ingresso per 31 giorni. Questo modello di report sulle vendite giornaliere \u00e8 completamente dinamico. Non \u00e8 necessario che tu apporti alcuna modifica. Ma se vuoi comunque personalizzarlo, seguimi.<\/p><h2 id=\"tab-con-6\" class=\"wp-block-heading\"> Personalizzazione<\/h2><p> Prima di personalizzare questo modello, assicurati di sbloccare il foglio di calcolo. E qui ho alcuni punti essenziali per te se desideri personalizzare questo modello di report sulle vendite giornaliere.<\/p><h3 class=\"wp-block-heading\"> 1. Cambia il formato della valuta<\/h3><p> Ho utilizzato i dollari come formato valuta in questo modello. Ma se vuoi cambiare questo formato, apporta semplicemente questa piccola modifica.<\/p><ul><li> Vai alla cella A40, dove ho incollato il formato $. <\/li><\/ul><figure class=\"wp-block-image\"><img decoding=\"async\" src=\"https:\/\/exceladvisor.org\/wp-content\/uploads\/2023\/08\/changer-le-format-de-la-devise-dans-le-modele-de-rapport-des-ventes-quotidiennes-1.png\" sizes=\"\" srcset=\"\" alt=\"modificare il formato della valuta nel modello di report sulle vendite giornaliere\"><\/figure><ul><li> Cambia semplicemente il formato del dollaro in quello che desideri.<\/li><\/ul><p> Assicurati di mantenere il formato della cella A40 come testo.<\/p><h3 class=\"wp-block-heading\"> 2. Modifica i messaggi di apertura<\/h3><p> Per cambiare alcuni messaggi chiave, cambia semplicemente AG26:AG37 con questo. Questo intervallo di celle contiene tutti i messaggi utilizzati in questo modello. Nascondo i messaggi cambiando il colore del carattere in bianco, assicurandomi di renderlo visibile.<\/p><h2 id=\"tab-con-4\" class=\"wp-block-heading\"> [Scaricamento]<\/h2><p> <a style=\"outline: none;\" href=\"https:\/\/exceladvisor.org\/wp-content\/uploads\/2023\/11\/modele-de-rapport-de-vente-quotidien-v2023.xlsx\" rel=\"nofollow\">Scarica questo modello da qui<\/a> per provarlo tu stesso.<\/p><h3 id=\"tab-con-2\" class=\"wp-block-heading\"> Conclusione<\/h3><p> Questo modello di report sulle vendite giornaliere dar\u00e0 al tuo capo una rapida impressione delle vendite giornaliere. \u00c8 un dato di fatto che chiunque pu\u00f2 capire questo formato in pochi secondi, ma il fatto \u00e8 che \u00e8 semplicissimo da preparare.<\/p><p> Non dimenticare di condividere questo modello con i tuoi amici.<\/p><h2 class=\"wp-block-heading\"> Pi\u00f9 modelli<\/h2><ul><li> <a style=\"outline: none;\" href=\"https:\/\/exceladvisor.org\/it\/modello-di-gestione-dellinventario-moduli-utente-excel-vba\/\">Monitoraggio dell&#8217;inventario in Excel<\/a><\/li><li> <a style=\"outline: none;\" href=\"https:\/\/exceladvisor.org\/it\/diagramma-di-gantt\/\">Modello di diagramma di Gantt in Excel<\/a><\/li><li> <a style=\"outline: none;\" href=\"https:\/\/exceladvisor.org\/it\/monitoraggio-delle-spese\/\" data-wpil=\"url\">Modello di monitoraggio delle spese mensili in Excel<\/a><\/li><\/ul>","protected":false},"excerpt":{"rendered":"","protected":false},"author":1,"featured_media":0,"parent":0,"menu_order":0,"comment_status":"open","ping_status":"closed","template":"","meta":{"ub_ctt_via":"","footnotes":""},"class_list":["post-1737","page","type-page","status-publish","hentry"],"featured_image_src":null,"yoast_head":"<!-- This site is optimized with the Yoast SEO plugin v25.4 - https:\/\/yoast.com\/wordpress\/plugins\/seo\/ -->\n<title>\u25b7 Modello di report sulle vendite in Excel (gratuito 2023)<\/title>\n<meta name=\"description\" content=\"Sono molto felice di darti questo modello di rapporto sulle vendite giornaliere. Conosci la parte migliore, \u00e8 un modello\" \/>\n<meta name=\"robots\" content=\"index, follow, max-snippet:-1, max-image-preview:large, max-video-preview:-1\" \/>\n<link rel=\"canonical\" href=\"https:\/\/exceladvisor.org\/it\/rapporto-delle-vendite\/\" \/>\n<meta property=\"og:locale\" content=\"it_IT\" \/>\n<meta property=\"og:type\" content=\"article\" \/>\n<meta property=\"og:title\" content=\"\u25b7 Modello di report sulle vendite in Excel (gratuito 2023)\" \/>\n<meta property=\"og:description\" content=\"Sono molto felice di darti questo modello di rapporto sulle vendite giornaliere. Conosci la parte migliore, \u00e8 un modello\" \/>\n<meta property=\"og:url\" content=\"https:\/\/exceladvisor.org\/it\/rapporto-delle-vendite\/\" \/>\n<meta property=\"og:site_name\" content=\"Excel Advisor\" \/>\n<meta property=\"article:modified_time\" content=\"2023-12-10T06:28:07+00:00\" \/>\n<meta property=\"og:image\" content=\"https:\/\/exceladvisor.org\/wp-content\/uploads\/2023\/08\/tableau-des-ventes-par-jour-dans-le-modele-de-rapport-des-ventes-quotidiennes-1.png\" \/>\n<meta name=\"twitter:card\" content=\"summary_large_image\" \/>\n<meta name=\"twitter:label1\" content=\"Tempo di lettura stimato\" \/>\n\t<meta name=\"twitter:data1\" content=\"4 minuti\" \/>\n<script type=\"application\/ld+json\" class=\"yoast-schema-graph\">{\"@context\":\"https:\/\/schema.org\",\"@graph\":[{\"@type\":\"WebPage\",\"@id\":\"https:\/\/exceladvisor.org\/it\/rapporto-delle-vendite\/\",\"url\":\"https:\/\/exceladvisor.org\/it\/rapporto-delle-vendite\/\",\"name\":\"\u25b7 Modello di report sulle vendite in Excel (gratuito 2023)\",\"isPartOf\":{\"@id\":\"https:\/\/exceladvisor.org\/it\/#website\"},\"primaryImageOfPage\":{\"@id\":\"https:\/\/exceladvisor.org\/it\/rapporto-delle-vendite\/#primaryimage\"},\"image\":{\"@id\":\"https:\/\/exceladvisor.org\/it\/rapporto-delle-vendite\/#primaryimage\"},\"thumbnailUrl\":\"https:\/\/exceladvisor.org\/wp-content\/uploads\/2023\/08\/tableau-des-ventes-par-jour-dans-le-modele-de-rapport-des-ventes-quotidiennes-1.png\",\"datePublished\":\"2023-11-08T13:20:18+00:00\",\"dateModified\":\"2023-12-10T06:28:07+00:00\",\"description\":\"Sono molto felice di darti questo modello di rapporto sulle vendite giornaliere. Conosci la parte migliore, \u00e8 un modello\",\"breadcrumb\":{\"@id\":\"https:\/\/exceladvisor.org\/it\/rapporto-delle-vendite\/#breadcrumb\"},\"inLanguage\":\"it-IT\",\"potentialAction\":[{\"@type\":\"ReadAction\",\"target\":[\"https:\/\/exceladvisor.org\/it\/rapporto-delle-vendite\/\"]}]},{\"@type\":\"ImageObject\",\"inLanguage\":\"it-IT\",\"@id\":\"https:\/\/exceladvisor.org\/it\/rapporto-delle-vendite\/#primaryimage\",\"url\":\"https:\/\/exceladvisor.org\/wp-content\/uploads\/2023\/08\/tableau-des-ventes-par-jour-dans-le-modele-de-rapport-des-ventes-quotidiennes-1.png\",\"contentUrl\":\"https:\/\/exceladvisor.org\/wp-content\/uploads\/2023\/08\/tableau-des-ventes-par-jour-dans-le-modele-de-rapport-des-ventes-quotidiennes-1.png\"},{\"@type\":\"BreadcrumbList\",\"@id\":\"https:\/\/exceladvisor.org\/it\/rapporto-delle-vendite\/#breadcrumb\",\"itemListElement\":[{\"@type\":\"ListItem\",\"position\":1,\"name\":\"Home\",\"item\":\"https:\/\/exceladvisor.org\/it\/\"},{\"@type\":\"ListItem\",\"position\":2,\"name\":\"Modello di report sulle vendite in excel\"}]},{\"@type\":\"WebSite\",\"@id\":\"https:\/\/exceladvisor.org\/it\/#website\",\"url\":\"https:\/\/exceladvisor.org\/it\/\",\"name\":\"Excel Advisor\",\"description\":\"Tips, Tricks, and Time-Saving Hacks\",\"publisher\":{\"@id\":\"https:\/\/exceladvisor.org\/it\/#organization\"},\"potentialAction\":[{\"@type\":\"SearchAction\",\"target\":{\"@type\":\"EntryPoint\",\"urlTemplate\":\"https:\/\/exceladvisor.org\/it\/?s={search_term_string}\"},\"query-input\":{\"@type\":\"PropertyValueSpecification\",\"valueRequired\":true,\"valueName\":\"search_term_string\"}}],\"inLanguage\":\"it-IT\"},{\"@type\":\"Organization\",\"@id\":\"https:\/\/exceladvisor.org\/it\/#organization\",\"name\":\"Excel Advisor\",\"url\":\"https:\/\/exceladvisor.org\/it\/\",\"logo\":{\"@type\":\"ImageObject\",\"inLanguage\":\"it-IT\",\"@id\":\"https:\/\/exceladvisor.org\/it\/#\/schema\/logo\/image\/\",\"url\":\"https:\/\/exceladvisor.org\/it\/wp-content\/uploads\/2023\/12\/exceladvisor.org_.png\",\"contentUrl\":\"https:\/\/exceladvisor.org\/it\/wp-content\/uploads\/2023\/12\/exceladvisor.org_.png\",\"width\":105,\"height\":36,\"caption\":\"Excel Advisor\"},\"image\":{\"@id\":\"https:\/\/exceladvisor.org\/it\/#\/schema\/logo\/image\/\"}}]}<\/script>\n<!-- \/ Yoast SEO plugin. -->","yoast_head_json":{"title":"\u25b7 Modello di report sulle vendite in Excel (gratuito 2023)","description":"Sono molto felice di darti questo modello di rapporto sulle vendite giornaliere. Conosci la parte migliore, \u00e8 un modello","robots":{"index":"index","follow":"follow","max-snippet":"max-snippet:-1","max-image-preview":"max-image-preview:large","max-video-preview":"max-video-preview:-1"},"canonical":"https:\/\/exceladvisor.org\/it\/rapporto-delle-vendite\/","og_locale":"it_IT","og_type":"article","og_title":"\u25b7 Modello di report sulle vendite in Excel (gratuito 2023)","og_description":"Sono molto felice di darti questo modello di rapporto sulle vendite giornaliere. Conosci la parte migliore, \u00e8 un modello","og_url":"https:\/\/exceladvisor.org\/it\/rapporto-delle-vendite\/","og_site_name":"Excel Advisor","article_modified_time":"2023-12-10T06:28:07+00:00","og_image":[{"url":"https:\/\/exceladvisor.org\/wp-content\/uploads\/2023\/08\/tableau-des-ventes-par-jour-dans-le-modele-de-rapport-des-ventes-quotidiennes-1.png","type":"","width":"","height":""}],"twitter_card":"summary_large_image","twitter_misc":{"Tempo di lettura stimato":"4 minuti"},"schema":{"@context":"https:\/\/schema.org","@graph":[{"@type":"WebPage","@id":"https:\/\/exceladvisor.org\/it\/rapporto-delle-vendite\/","url":"https:\/\/exceladvisor.org\/it\/rapporto-delle-vendite\/","name":"\u25b7 Modello di report sulle vendite in Excel (gratuito 2023)","isPartOf":{"@id":"https:\/\/exceladvisor.org\/it\/#website"},"primaryImageOfPage":{"@id":"https:\/\/exceladvisor.org\/it\/rapporto-delle-vendite\/#primaryimage"},"image":{"@id":"https:\/\/exceladvisor.org\/it\/rapporto-delle-vendite\/#primaryimage"},"thumbnailUrl":"https:\/\/exceladvisor.org\/wp-content\/uploads\/2023\/08\/tableau-des-ventes-par-jour-dans-le-modele-de-rapport-des-ventes-quotidiennes-1.png","datePublished":"2023-11-08T13:20:18+00:00","dateModified":"2023-12-10T06:28:07+00:00","description":"Sono molto felice di darti questo modello di rapporto sulle vendite giornaliere. Conosci la parte migliore, \u00e8 un modello","breadcrumb":{"@id":"https:\/\/exceladvisor.org\/it\/rapporto-delle-vendite\/#breadcrumb"},"inLanguage":"it-IT","potentialAction":[{"@type":"ReadAction","target":["https:\/\/exceladvisor.org\/it\/rapporto-delle-vendite\/"]}]},{"@type":"ImageObject","inLanguage":"it-IT","@id":"https:\/\/exceladvisor.org\/it\/rapporto-delle-vendite\/#primaryimage","url":"https:\/\/exceladvisor.org\/wp-content\/uploads\/2023\/08\/tableau-des-ventes-par-jour-dans-le-modele-de-rapport-des-ventes-quotidiennes-1.png","contentUrl":"https:\/\/exceladvisor.org\/wp-content\/uploads\/2023\/08\/tableau-des-ventes-par-jour-dans-le-modele-de-rapport-des-ventes-quotidiennes-1.png"},{"@type":"BreadcrumbList","@id":"https:\/\/exceladvisor.org\/it\/rapporto-delle-vendite\/#breadcrumb","itemListElement":[{"@type":"ListItem","position":1,"name":"Home","item":"https:\/\/exceladvisor.org\/it\/"},{"@type":"ListItem","position":2,"name":"Modello di report sulle vendite in excel"}]},{"@type":"WebSite","@id":"https:\/\/exceladvisor.org\/it\/#website","url":"https:\/\/exceladvisor.org\/it\/","name":"Excel Advisor","description":"Tips, Tricks, and Time-Saving Hacks","publisher":{"@id":"https:\/\/exceladvisor.org\/it\/#organization"},"potentialAction":[{"@type":"SearchAction","target":{"@type":"EntryPoint","urlTemplate":"https:\/\/exceladvisor.org\/it\/?s={search_term_string}"},"query-input":{"@type":"PropertyValueSpecification","valueRequired":true,"valueName":"search_term_string"}}],"inLanguage":"it-IT"},{"@type":"Organization","@id":"https:\/\/exceladvisor.org\/it\/#organization","name":"Excel Advisor","url":"https:\/\/exceladvisor.org\/it\/","logo":{"@type":"ImageObject","inLanguage":"it-IT","@id":"https:\/\/exceladvisor.org\/it\/#\/schema\/logo\/image\/","url":"https:\/\/exceladvisor.org\/it\/wp-content\/uploads\/2023\/12\/exceladvisor.org_.png","contentUrl":"https:\/\/exceladvisor.org\/it\/wp-content\/uploads\/2023\/12\/exceladvisor.org_.png","width":105,"height":36,"caption":"Excel Advisor"},"image":{"@id":"https:\/\/exceladvisor.org\/it\/#\/schema\/logo\/image\/"}}]}},"yoast_meta":{"yoast_wpseo_title":"","yoast_wpseo_metadesc":"","yoast_wpseo_canonical":""},"_links":{"self":[{"href":"https:\/\/exceladvisor.org\/it\/wp-json\/wp\/v2\/pages\/1737","targetHints":{"allow":["GET"]}}],"collection":[{"href":"https:\/\/exceladvisor.org\/it\/wp-json\/wp\/v2\/pages"}],"about":[{"href":"https:\/\/exceladvisor.org\/it\/wp-json\/wp\/v2\/types\/page"}],"author":[{"embeddable":true,"href":"https:\/\/exceladvisor.org\/it\/wp-json\/wp\/v2\/users\/1"}],"replies":[{"embeddable":true,"href":"https:\/\/exceladvisor.org\/it\/wp-json\/wp\/v2\/comments?post=1737"}],"version-history":[{"count":1,"href":"https:\/\/exceladvisor.org\/it\/wp-json\/wp\/v2\/pages\/1737\/revisions"}],"predecessor-version":[{"id":2931,"href":"https:\/\/exceladvisor.org\/it\/wp-json\/wp\/v2\/pages\/1737\/revisions\/2931"}],"wp:attachment":[{"href":"https:\/\/exceladvisor.org\/it\/wp-json\/wp\/v2\/media?parent=1737"}],"curies":[{"name":"wp","href":"https:\/\/api.w.org\/{rel}","templated":true}]}}