{"id":1739,"date":"2023-11-08T12:16:26","date_gmt":"2023-11-08T12:16:26","guid":{"rendered":"https:\/\/exceladvisor.org\/it\/elenco-dinamico\/"},"modified":"2023-12-10T06:23:03","modified_gmt":"2023-12-10T06:23:03","slug":"elenco-dinamico","status":"publish","type":"page","link":"https:\/\/exceladvisor.org\/it\/elenco-dinamico\/","title":{"rendered":"Come creare un elenco a discesa dinamico in excel?"},"content":{"rendered":"<div class=\"excel-prima-del-contenuto\" id=\"excel-871366104\"><script type=\"text\/javascript\">\r\n\tatOptions = {\r\n\t\t'key' : 'c1158f160081d6540a8409e6925dab94',\r\n\t\t'format' : 'iframe',\r\n\t\t'height' : 250,\r\n\t\t'width' : 300,\r\n\t\t'params' : {}\r\n\t};\r\n<\/script>\r\n<script type=\"text\/javascript\" src=\"\/\/www.highperformanceformat.com\/c1158f160081d6540a8409e6925dab94\/invoke.js\"><\/script><\/div> <p>Una lista \u00e8 uno strumento potente. Pu\u00f2 aiutarti a rendere l&#8217;immissione dei dati semplice e veloce. Puoi utilizzare un elenco a discesa con dashboard, grafici o anche con dati normali.<\/p><p> Durante l&#8217;utilizzo, una cosa mi ha sempre fatto impazzire, devi aggiornare la sua origine dati ogni volta che aggiungi una nuova voce. Pi\u00f9 dati aggiungi, pi\u00f9 frequentemente dovrai aggiornarli.<\/p><p> La soluzione migliore \u00e8 utilizzare un elenco <span style=\"background-color: #ffff00;\"><strong><span style=\"color: #000000;\">dinamico<\/span><\/strong><\/span> in cui non \u00e8 necessario aggiornare ripetutamente l&#8217;origine dati. Ma prima, lascia che ti mostri un esempio che spiega perch\u00e9 il tuo menu a discesa dovrebbe essere dinamico. Nell&#8217;esempio seguente abbiamo due diversi menu a discesa in cui abbiamo utilizzato la stessa origine dati. <\/p><div class=\"wp-block-image\"><figure class=\"aligncenter\"><img decoding=\"async\" src=\"https:\/\/exceladvisor.org\/wp-content\/uploads\/2023\/08\/Difference-entre-la-liste-deroulante-dynamique-dans-Excel-et-la-liste-deroulante-normale-1.gif\" sizes=\"\" srcset=\"\" alt=\"Differenza tra l'elenco a discesa dinamico in Excel e l'elenco a discesa normale\"><\/figure><\/div><p> Quando aggiungi una nuova voce nell&#8217;elenco di origine, tale voce viene automaticamente aggiornata nel secondo elenco a discesa.<\/p><p> Tuttavia, non vi \u00e8 alcuna modifica nel normale elenco a discesa. Inoltre, se desideri aggiornare l&#8217;elenco, devi aggiornare l&#8217;intervallo dell&#8217;origine dati.<\/p><p class=\"mynote\"> Se utilizzi Excel 2007 o versioni successive, puoi utilizzare una tabella Excel mentre, se utilizzi ancora Excel 2003, puoi utilizzare un intervallo denominato.<\/p><h2 class=\"wp-block-heading\"> 1. Utilizzo della tabella Excel per creare un elenco a discesa dinamico<\/h2><p> Il metodo migliore per creare un elenco a discesa dinamico consiste nell&#8217;utilizzare una tabella Excel per i dati di origine. <\/p><div class=\"wp-block-image\"><figure class=\"aligncenter\"><img decoding=\"async\" src=\"https:\/\/exceladvisor.org\/wp-content\/uploads\/2023\/08\/liste-a-utiliser-pour-creer-une-liste-deroulante-dynamique-dans-Excel-1.png\" sizes=\"\" srcset=\"\" alt=\"elenco da utilizzare per creare un elenco a discesa dinamico in Excel.\"><\/figure><\/div><p> Ecco i semplici passaggi per creare un elenco a discesa dinamico in Excel.<\/p><ul><li> Per prima cosa, cambia il tuo intervallo normale in un array.<ul><li> Seleziona la tua lista.<\/li><li> Andare a \u279c Inserisci tabella \u279c Tabelle \u279c Tabella.<\/li><li> Fare clic su OK. <\/li><\/ul><\/li><\/ul><div class=\"wp-block-image\"><figure class=\"aligncenter\"><img decoding=\"async\" src=\"https:\/\/exceladvisor.org\/wp-content\/uploads\/2023\/08\/appliquer-un-tableau-pour-creer-une-liste-deroulante-dynamique-dans-Excel-1.png\" sizes=\"\" srcset=\"\" alt=\"applicare una tabella per creare un elenco a discesa dinamico in Excel\"><\/figure><\/div><ul><li> Ora il passaggio successivo \u00e8 fare riferimento all&#8217;origine dati dell&#8217;intervallo della tabella e per questo dobbiamo utilizzare la formula seguente. <\/li><\/ul><div class=\"wp-block-image\"><figure class=\"aligncenter\"><img decoding=\"async\" src=\"https:\/\/exceladvisor.org\/wp-content\/uploads\/2023\/08\/utiliser-la-fonction-indirecte-pour-faire-reference-a-la-plage-de-la-table-pour-creer-une-liste-deroulante-dynamique-1.png\" sizes=\"\" srcset=\"\" alt=\"utilizzare la funzione indiretta per fare riferimento all'intervallo di tabelle per creare un elenco a discesa dinamico\"><\/figure><\/div><p> =INDIRETTO(&#8220;Tabella5[Mese]&#8221;)<\/p><ul><li> Alla fine, fare clic su OK.<\/li><\/ul><p> Ora hai un elenco dinamico che si aggiorner\u00e0 istantaneamente quando aggiorni l&#8217;elenco delle fonti.<\/p><p class=\"myalert\"> Se provi a fare riferimento direttamente all&#8217;intervallo della tabella come origine, verr\u00e0 restituito un errore come quello seguente. <\/p><div class=\"wp-block-image\"><figure class=\"aligncenter\"><img decoding=\"async\" src=\"https:\/\/exceladvisor.org\/wp-content\/uploads\/2023\/08\/erreur-lors-de-la-reference-a-la-plage-du-tableau-pour-creer-une-liste-deroulante-dynamique-1.png\" sizes=\"\" srcset=\"\" alt=\"errore quando si fa riferimento all'intervallo dell'array per creare un menu a discesa dinamico\"><\/figure><\/div><h2 class=\"wp-block-heading\"> 2. Intervallo dinamico per un elenco a discesa con funzione OFFSET<\/h2><p> Se stai ancora utilizzando Excel 2003 o versioni precedenti, puoi utilizzare la funzione di spostamento per creare un intervallo dinamico, quindi puoi utilizzare questo intervallo dinamico per creare un elenco a discesa. Ecco i semplici passaggi per creare un elenco a discesa utilizzando la gamma dinamica.<\/p><ul><li> Andare su Formule \u279c Nomi definiti \u279c Gestione nomi \u279c Fare clic su Nuovo.<\/li><li> Nella casella di input del nome, inserisci un nome per l&#8217;intervallo denominato (qui utilizzo &#8220;monthList2003&#8221;).<\/li><li> Immettere la formula seguente in &#8220;Si riferisce a&#8221; e fare clic su OK. <\/li><\/ul><div class=\"wp-block-image\"><figure class=\"aligncenter\"><img decoding=\"async\" src=\"https:\/\/exceladvisor.org\/wp-content\/uploads\/2023\/08\/creer-une-plage-dynamique-pour-creer-une-liste-deroulante-pour-Excel-2003-1.png\" sizes=\"\" srcset=\"\" alt=\"crea un intervallo dinamico per creare un elenco a discesa per Excel 2003\"><\/figure><\/div><ul><li> Ora disponi di un intervallo dinamico &#8220;monthList2003&#8221; e puoi utilizzare questo nome di intervallo per creare un elenco a discesa dinamico. <\/li><\/ul><div class=\"wp-block-image\"><figure class=\"aligncenter\"><img decoding=\"async\" src=\"https:\/\/exceladvisor.org\/wp-content\/uploads\/2023\/08\/utiliser-la-plage-dynamique-pour-creer-une-liste-deroulante-dynamique-pour-2003-1.png\" sizes=\"\" srcset=\"\" alt=\"utilizzare la gamma dinamica per creare un menu a discesa dinamico per il 2003\"><\/figure><\/div><h3 class=\"wp-block-heading\"> Come funziona<\/h3><p> La formula che abbiamo utilizzato per creare un intervallo dinamico conter\u00e0 i valori nell&#8217;elenco ed espander\u00e0 di conseguenza l&#8217;intervallo di origine. Ci\u00f2 render\u00e0 dinamico il tuo menu a discesa.<\/p><p> <a href=\"https:\/\/exceladvisor.org\/wp-content\/uploads\/2023\/11\/liste-deroulante-dynamique-dans-excel.xlsx\" rel=\"nofollow\"><em>file di esempio<\/em><\/a><\/p><div class=\"gb-container gb-container-4db6181c gb-container-mt\"> <a class=\"gb-button gb-button-c5897111 gb-button-text gb-button-mt-button\" href=\"https:\/\/exceladvisor.org\/it\/eccellere-in-anticipo\/\">Esercitazioni avanzate su Excel<\/a><h2 class=\"gb-headline gb-headline-665e5f6b gb-headline-text gb-headline-mt-heading\"> Tutorial correlati <\/h2><div class=\"gb-grid-wrapper gb-grid-wrapper-a20baf7c gb-grid-wrapper-mt-grid\"><div class=\"gb-grid-column gb-grid-column-65ddf67e\"><div class=\"gb-container gb-container-65ddf67e\"><ul><li> <a href=\"https:\/\/exceladvisor.org\/it\/intervallo-di-date-di-convalida-dei-dati\/\">Convalida dei dati con intervallo di date<\/a><\/li><li> <a href=\"https:\/\/exceladvisor.org\/it\/elenco-a-discesa-dipendente\/\">Elenco a discesa dipendente in Excel<\/a><\/li><li> <a href=\"https:\/\/exceladvisor.org\/it\/si-no-elenco-a-discesa\/\">Crea un elenco a discesa S\u00ec &#8211; No in Excel<\/a><\/li><li> <a href=\"https:\/\/exceladvisor.org\/it\/rimuovere-lelenco-a-discesa\/\">Rimuovi l&#8217;elenco a discesa (convalida dei dati) in Excel<\/a><\/li><\/ul><\/div><\/div><\/div><\/div>","protected":false},"excerpt":{"rendered":"","protected":false},"author":1,"featured_media":0,"parent":0,"menu_order":0,"comment_status":"open","ping_status":"closed","template":"","meta":{"ub_ctt_via":"","footnotes":""},"class_list":["post-1739","page","type-page","status-publish","hentry"],"featured_image_src":null,"yoast_head":"<!-- This site is optimized with the Yoast SEO plugin v25.4 - https:\/\/yoast.com\/wordpress\/plugins\/seo\/ -->\n<title>Come creare un elenco dinamico in Excel? (Tutorial 2023)<\/title>\n<meta name=\"description\" content=\"Un elenco a discesa \u00e8 uno strumento potente. Ma durante l&#039;utilizzo una cosa mi ha sempre fatto impazzire, ho bisogno di aggiornare la sua fonte\" \/>\n<meta name=\"robots\" content=\"index, follow, max-snippet:-1, max-image-preview:large, max-video-preview:-1\" \/>\n<link rel=\"canonical\" href=\"https:\/\/exceladvisor.org\/it\/elenco-dinamico\/\" \/>\n<meta property=\"og:locale\" content=\"it_IT\" \/>\n<meta property=\"og:type\" content=\"article\" \/>\n<meta property=\"og:title\" content=\"Come creare un elenco dinamico in Excel? (Tutorial 2023)\" \/>\n<meta property=\"og:description\" content=\"Un elenco a discesa \u00e8 uno strumento potente. Ma durante l&#039;utilizzo una cosa mi ha sempre fatto impazzire, ho bisogno di aggiornare la sua fonte\" \/>\n<meta property=\"og:url\" content=\"https:\/\/exceladvisor.org\/it\/elenco-dinamico\/\" \/>\n<meta property=\"og:site_name\" content=\"Excel Advisor\" \/>\n<meta property=\"article:modified_time\" content=\"2023-12-10T06:23:03+00:00\" \/>\n<meta property=\"og:image\" content=\"https:\/\/exceladvisor.org\/wp-content\/uploads\/2023\/08\/Difference-entre-la-liste-deroulante-dynamique-dans-Excel-et-la-liste-deroulante-normale-1.gif\" \/>\n<meta name=\"twitter:card\" content=\"summary_large_image\" \/>\n<meta name=\"twitter:label1\" content=\"Tempo di lettura stimato\" \/>\n\t<meta name=\"twitter:data1\" content=\"2 minuti\" \/>\n<script type=\"application\/ld+json\" class=\"yoast-schema-graph\">{\"@context\":\"https:\/\/schema.org\",\"@graph\":[{\"@type\":\"WebPage\",\"@id\":\"https:\/\/exceladvisor.org\/it\/elenco-dinamico\/\",\"url\":\"https:\/\/exceladvisor.org\/it\/elenco-dinamico\/\",\"name\":\"Come creare un elenco dinamico in Excel? (Tutorial 2023)\",\"isPartOf\":{\"@id\":\"https:\/\/exceladvisor.org\/it\/#website\"},\"primaryImageOfPage\":{\"@id\":\"https:\/\/exceladvisor.org\/it\/elenco-dinamico\/#primaryimage\"},\"image\":{\"@id\":\"https:\/\/exceladvisor.org\/it\/elenco-dinamico\/#primaryimage\"},\"thumbnailUrl\":\"https:\/\/exceladvisor.org\/wp-content\/uploads\/2023\/08\/Difference-entre-la-liste-deroulante-dynamique-dans-Excel-et-la-liste-deroulante-normale-1.gif\",\"datePublished\":\"2023-11-08T12:16:26+00:00\",\"dateModified\":\"2023-12-10T06:23:03+00:00\",\"description\":\"Un elenco a discesa \u00e8 uno strumento potente. Ma durante l&#39;utilizzo una cosa mi ha sempre fatto impazzire, ho bisogno di aggiornare la sua fonte\",\"breadcrumb\":{\"@id\":\"https:\/\/exceladvisor.org\/it\/elenco-dinamico\/#breadcrumb\"},\"inLanguage\":\"it-IT\",\"potentialAction\":[{\"@type\":\"ReadAction\",\"target\":[\"https:\/\/exceladvisor.org\/it\/elenco-dinamico\/\"]}]},{\"@type\":\"ImageObject\",\"inLanguage\":\"it-IT\",\"@id\":\"https:\/\/exceladvisor.org\/it\/elenco-dinamico\/#primaryimage\",\"url\":\"https:\/\/exceladvisor.org\/wp-content\/uploads\/2023\/08\/Difference-entre-la-liste-deroulante-dynamique-dans-Excel-et-la-liste-deroulante-normale-1.gif\",\"contentUrl\":\"https:\/\/exceladvisor.org\/wp-content\/uploads\/2023\/08\/Difference-entre-la-liste-deroulante-dynamique-dans-Excel-et-la-liste-deroulante-normale-1.gif\"},{\"@type\":\"BreadcrumbList\",\"@id\":\"https:\/\/exceladvisor.org\/it\/elenco-dinamico\/#breadcrumb\",\"itemListElement\":[{\"@type\":\"ListItem\",\"position\":1,\"name\":\"Home\",\"item\":\"https:\/\/exceladvisor.org\/it\/\"},{\"@type\":\"ListItem\",\"position\":2,\"name\":\"Come creare un elenco a discesa dinamico in excel?\"}]},{\"@type\":\"WebSite\",\"@id\":\"https:\/\/exceladvisor.org\/it\/#website\",\"url\":\"https:\/\/exceladvisor.org\/it\/\",\"name\":\"Excel Advisor\",\"description\":\"Tips, Tricks, and Time-Saving Hacks\",\"publisher\":{\"@id\":\"https:\/\/exceladvisor.org\/it\/#organization\"},\"potentialAction\":[{\"@type\":\"SearchAction\",\"target\":{\"@type\":\"EntryPoint\",\"urlTemplate\":\"https:\/\/exceladvisor.org\/it\/?s={search_term_string}\"},\"query-input\":{\"@type\":\"PropertyValueSpecification\",\"valueRequired\":true,\"valueName\":\"search_term_string\"}}],\"inLanguage\":\"it-IT\"},{\"@type\":\"Organization\",\"@id\":\"https:\/\/exceladvisor.org\/it\/#organization\",\"name\":\"Excel Advisor\",\"url\":\"https:\/\/exceladvisor.org\/it\/\",\"logo\":{\"@type\":\"ImageObject\",\"inLanguage\":\"it-IT\",\"@id\":\"https:\/\/exceladvisor.org\/it\/#\/schema\/logo\/image\/\",\"url\":\"https:\/\/exceladvisor.org\/it\/wp-content\/uploads\/2023\/12\/exceladvisor.org_.png\",\"contentUrl\":\"https:\/\/exceladvisor.org\/it\/wp-content\/uploads\/2023\/12\/exceladvisor.org_.png\",\"width\":105,\"height\":36,\"caption\":\"Excel Advisor\"},\"image\":{\"@id\":\"https:\/\/exceladvisor.org\/it\/#\/schema\/logo\/image\/\"}}]}<\/script>\n<!-- \/ Yoast SEO plugin. -->","yoast_head_json":{"title":"Come creare un elenco dinamico in Excel? (Tutorial 2023)","description":"Un elenco a discesa \u00e8 uno strumento potente. Ma durante l&#39;utilizzo una cosa mi ha sempre fatto impazzire, ho bisogno di aggiornare la sua fonte","robots":{"index":"index","follow":"follow","max-snippet":"max-snippet:-1","max-image-preview":"max-image-preview:large","max-video-preview":"max-video-preview:-1"},"canonical":"https:\/\/exceladvisor.org\/it\/elenco-dinamico\/","og_locale":"it_IT","og_type":"article","og_title":"Come creare un elenco dinamico in Excel? (Tutorial 2023)","og_description":"Un elenco a discesa \u00e8 uno strumento potente. Ma durante l&#39;utilizzo una cosa mi ha sempre fatto impazzire, ho bisogno di aggiornare la sua fonte","og_url":"https:\/\/exceladvisor.org\/it\/elenco-dinamico\/","og_site_name":"Excel Advisor","article_modified_time":"2023-12-10T06:23:03+00:00","og_image":[{"url":"https:\/\/exceladvisor.org\/wp-content\/uploads\/2023\/08\/Difference-entre-la-liste-deroulante-dynamique-dans-Excel-et-la-liste-deroulante-normale-1.gif","type":"","width":"","height":""}],"twitter_card":"summary_large_image","twitter_misc":{"Tempo di lettura stimato":"2 minuti"},"schema":{"@context":"https:\/\/schema.org","@graph":[{"@type":"WebPage","@id":"https:\/\/exceladvisor.org\/it\/elenco-dinamico\/","url":"https:\/\/exceladvisor.org\/it\/elenco-dinamico\/","name":"Come creare un elenco dinamico in Excel? (Tutorial 2023)","isPartOf":{"@id":"https:\/\/exceladvisor.org\/it\/#website"},"primaryImageOfPage":{"@id":"https:\/\/exceladvisor.org\/it\/elenco-dinamico\/#primaryimage"},"image":{"@id":"https:\/\/exceladvisor.org\/it\/elenco-dinamico\/#primaryimage"},"thumbnailUrl":"https:\/\/exceladvisor.org\/wp-content\/uploads\/2023\/08\/Difference-entre-la-liste-deroulante-dynamique-dans-Excel-et-la-liste-deroulante-normale-1.gif","datePublished":"2023-11-08T12:16:26+00:00","dateModified":"2023-12-10T06:23:03+00:00","description":"Un elenco a discesa \u00e8 uno strumento potente. Ma durante l&#39;utilizzo una cosa mi ha sempre fatto impazzire, ho bisogno di aggiornare la sua fonte","breadcrumb":{"@id":"https:\/\/exceladvisor.org\/it\/elenco-dinamico\/#breadcrumb"},"inLanguage":"it-IT","potentialAction":[{"@type":"ReadAction","target":["https:\/\/exceladvisor.org\/it\/elenco-dinamico\/"]}]},{"@type":"ImageObject","inLanguage":"it-IT","@id":"https:\/\/exceladvisor.org\/it\/elenco-dinamico\/#primaryimage","url":"https:\/\/exceladvisor.org\/wp-content\/uploads\/2023\/08\/Difference-entre-la-liste-deroulante-dynamique-dans-Excel-et-la-liste-deroulante-normale-1.gif","contentUrl":"https:\/\/exceladvisor.org\/wp-content\/uploads\/2023\/08\/Difference-entre-la-liste-deroulante-dynamique-dans-Excel-et-la-liste-deroulante-normale-1.gif"},{"@type":"BreadcrumbList","@id":"https:\/\/exceladvisor.org\/it\/elenco-dinamico\/#breadcrumb","itemListElement":[{"@type":"ListItem","position":1,"name":"Home","item":"https:\/\/exceladvisor.org\/it\/"},{"@type":"ListItem","position":2,"name":"Come creare un elenco a discesa dinamico in excel?"}]},{"@type":"WebSite","@id":"https:\/\/exceladvisor.org\/it\/#website","url":"https:\/\/exceladvisor.org\/it\/","name":"Excel Advisor","description":"Tips, Tricks, and Time-Saving Hacks","publisher":{"@id":"https:\/\/exceladvisor.org\/it\/#organization"},"potentialAction":[{"@type":"SearchAction","target":{"@type":"EntryPoint","urlTemplate":"https:\/\/exceladvisor.org\/it\/?s={search_term_string}"},"query-input":{"@type":"PropertyValueSpecification","valueRequired":true,"valueName":"search_term_string"}}],"inLanguage":"it-IT"},{"@type":"Organization","@id":"https:\/\/exceladvisor.org\/it\/#organization","name":"Excel Advisor","url":"https:\/\/exceladvisor.org\/it\/","logo":{"@type":"ImageObject","inLanguage":"it-IT","@id":"https:\/\/exceladvisor.org\/it\/#\/schema\/logo\/image\/","url":"https:\/\/exceladvisor.org\/it\/wp-content\/uploads\/2023\/12\/exceladvisor.org_.png","contentUrl":"https:\/\/exceladvisor.org\/it\/wp-content\/uploads\/2023\/12\/exceladvisor.org_.png","width":105,"height":36,"caption":"Excel Advisor"},"image":{"@id":"https:\/\/exceladvisor.org\/it\/#\/schema\/logo\/image\/"}}]}},"yoast_meta":{"yoast_wpseo_title":"","yoast_wpseo_metadesc":"","yoast_wpseo_canonical":""},"_links":{"self":[{"href":"https:\/\/exceladvisor.org\/it\/wp-json\/wp\/v2\/pages\/1739","targetHints":{"allow":["GET"]}}],"collection":[{"href":"https:\/\/exceladvisor.org\/it\/wp-json\/wp\/v2\/pages"}],"about":[{"href":"https:\/\/exceladvisor.org\/it\/wp-json\/wp\/v2\/types\/page"}],"author":[{"embeddable":true,"href":"https:\/\/exceladvisor.org\/it\/wp-json\/wp\/v2\/users\/1"}],"replies":[{"embeddable":true,"href":"https:\/\/exceladvisor.org\/it\/wp-json\/wp\/v2\/comments?post=1739"}],"version-history":[{"count":1,"href":"https:\/\/exceladvisor.org\/it\/wp-json\/wp\/v2\/pages\/1739\/revisions"}],"predecessor-version":[{"id":2474,"href":"https:\/\/exceladvisor.org\/it\/wp-json\/wp\/v2\/pages\/1739\/revisions\/2474"}],"wp:attachment":[{"href":"https:\/\/exceladvisor.org\/it\/wp-json\/wp\/v2\/media?parent=1739"}],"curies":[{"name":"wp","href":"https:\/\/api.w.org\/{rel}","templated":true}]}}