{"id":1740,"date":"2023-11-08T10:24:09","date_gmt":"2023-11-08T10:24:09","guid":{"rendered":"https:\/\/exceladvisor.org\/it\/elenco-a-discesa-dipendente\/"},"modified":"2023-12-10T06:23:04","modified_gmt":"2023-12-10T06:23:04","slug":"elenco-a-discesa-dipendente","status":"publish","type":"page","link":"https:\/\/exceladvisor.org\/it\/elenco-a-discesa-dipendente\/","title":{"rendered":"Come creare un elenco a discesa dipendente in excel?"},"content":{"rendered":"<div class=\"excel-prima-del-contenuto\" id=\"excel-3613531983\"><script type=\"text\/javascript\">\r\n\tatOptions = {\r\n\t\t'key' : 'c1158f160081d6540a8409e6925dab94',\r\n\t\t'format' : 'iframe',\r\n\t\t'height' : 250,\r\n\t\t'width' : 300,\r\n\t\t'params' : {}\r\n\t};\r\n<\/script>\r\n<script type=\"text\/javascript\" src=\"\/\/www.highperformanceformat.com\/c1158f160081d6540a8409e6925dab94\/invoke.js\"><\/script><\/div> <p>Il menu a discesa dipendente prevede la visualizzazione dei valori in un menu a discesa in base alla selezione del valore in un altro menu a discesa.<\/p><p> Oggi in questo articolo vorrei condividere con te un semplice processo in 7 passaggi per creare questo elenco a discesa. Ma prima lascia che ti dica perch\u00e9 questo \u00e8 importante. Nell&#8217;esempio seguente sono presenti due elenchi a discesa. Il menu a discesa delle dimensioni dipende dal menu a discesa del prodotto. <\/p><div class=\"wp-block-image\"><figure class=\"aligncenter\"><img decoding=\"async\" src=\"https:\/\/exceladvisor.org\/wp-content\/uploads\/2023\/08\/liste-deroulante-dependante-a-deux-niveaux-1.gif\" sizes=\"\" srcset=\"\" alt=\"elenco a discesa dipendente a due livelli\"><\/figure><\/div><p> Se selezioni carta bianca nella cella del prodotto, l&#8217;elenco a discesa delle dimensioni mostrer\u00e0 piccolo e medio. Ma se selezioni la carta grigia, la sua dimensione sar\u00e0 media e grande.<\/p><p> Quindi qui l&#8217;idea di base per creare un menu a discesa dipendente \u00e8 ottenere la dimensione corretta in base al nome del prodotto. Iniziamo.<\/p><h2 class=\"wp-block-heading\"> Passaggi per creare un elenco a discesa dipendente in Excel<\/h2><p> Per creare un menu a discesa dipendente, dobbiamo utilizzare <a style=\"outline: none;\" href=\"http:\/\/www.exceltrick.com\/how_to\/named-range-in-excel\/\" target=\"_blank\" rel=\"noopener\">intervalli denominati<\/a> e funzioni indirette.<\/p><ul><li> Innanzitutto, devi creare intervalli denominati per gli elenchi a discesa. Per fare ci\u00f2, seleziona l&#8217;elenco dei prodotti. Vai a -&gt; Formule -&gt; Nomi definiti -&gt; Crea da selezione. <\/li><\/ul><div class=\"wp-block-image\"><figure class=\"aligncenter\"><img decoding=\"async\" src=\"https:\/\/exceladvisor.org\/wp-content\/uploads\/2023\/08\/comment-creer-une-liste-deroulante-dependante-dans-Excel-creer-une-plage-nommee-1.png\" sizes=\"\" srcset=\"\" alt=\"come creare un elenco a discesa dipendente in Excel creare un intervallo denominato\"><\/figure><\/div><ul><li> Otterrai una finestra pop-up. Segno di spunta &#8220;Linea superiore&#8221;<\/li><li><\/li><li> e fare clic su OK. <\/li><\/ul><div class=\"wp-block-image\"><figure class=\"aligncenter\"><img decoding=\"async\" src=\"https:\/\/exceladvisor.org\/wp-content\/uploads\/2023\/08\/comment-creer-une-liste-deroulante-dependante-dans-Excel-creer-une-plage-nommee-cliquez-sur-OK-1.png\" sizes=\"\" srcset=\"\" alt=\"come creare un elenco a discesa dipendente in Excel creare un intervallo denominato fare clic su OK\"><\/figure><\/div><ul><li> Utilizzando gli stessi passaggi, crea altri due intervalli denominati per le dimensioni. Uno \u00e8 per la carta bianca e il secondo \u00e8 per la carta grigia. <\/li><\/ul><div class=\"wp-block-image\"><figure class=\"aligncenter\"><img decoding=\"async\" src=\"https:\/\/exceladvisor.org\/wp-content\/uploads\/2023\/08\/comment-creer-une-liste-deroulante-dependante-dans-Excel-trois-plages-nommees-1.png\" sizes=\"\" srcset=\"\" alt=\"come creare un elenco a discesa dipendente in Excel con tre intervalli denominati\"><\/figure><\/div><p> Suggerimento: utilizzando questo metodo per creare un intervallo denominato, il valore nella prima cella verr\u00e0 considerato il nome e il resto dei valori come intervallo. A questo scopo \u00e8 anche possibile utilizzare un intervallo denominato dinamico.<\/p><ul><li> Ora seleziona la cella in cui desideri aggiungere il menu a discesa del prodotto e vai a -&gt; Dati -&gt; Strumenti dati -&gt; Convalida dati. <\/li><\/ul><div class=\"wp-block-image\"><figure class=\"aligncenter\"><img decoding=\"async\" src=\"https:\/\/exceladvisor.org\/wp-content\/uploads\/2023\/08\/comment-creer-une-liste-deroulante-dependante-dans-Excel-creer-une-liste-deroulante-pour-les-produits-1.png\" sizes=\"\" srcset=\"\" alt=\"come creare un elenco a discesa dipendente in Excel creare un elenco a discesa per i prodotti\"><\/figure><\/div><ul><li> Nella finestra Convalida dati, seleziona &#8220;Elenco&#8221; e in &#8220;Origine&#8221;, inserisci la formula seguente, quindi fai clic su OK. <\/li><\/ul><div class=\"wp-block-image\"><figure class=\"aligncenter\"><img decoding=\"async\" src=\"https:\/\/exceladvisor.org\/wp-content\/uploads\/2023\/08\/comment-creer-une-liste-deroulante-dependante-dans-la-fenetre-deroulante-Excel-1.png\" sizes=\"\" srcset=\"\" alt=\"come creare un elenco a discesa dipendente nella finestra a discesa di Excel\"><\/figure><\/div><p> =Indiretto(\u201cProdotto\u201d)<\/p><ul><li> Seleziona la cella in cui desideri aggiungere un elenco a discesa delle dimensioni. Vai a -&gt; Dati -&gt; Strumenti dati -&gt; Convalida dati.<\/li><li> Nella finestra di convalida dei dati, seleziona &#8220;Elenco&#8221; e in &#8220;Origine&#8221;, inserisci la formula seguente e fai clic su OK. <\/li><\/ul><div class=\"wp-block-image\"><figure class=\"aligncenter\"><img decoding=\"async\" src=\"https:\/\/exceladvisor.org\/wp-content\/uploads\/2023\/08\/comment-creer-une-liste-deroulante-dependante-dans-la-fenetre-deroulante-Excel-1.png\" sizes=\"\" srcset=\"\" alt=\"come creare un elenco a discesa dipendente nella finestra a discesa di Excel\"><\/figure><\/div><p> =Indiretto(&#8220;A5&#8221;)<\/p><p> Finalmente, il tuo menu a discesa dipendente \u00e8 pronto. <\/p><div class=\"wp-block-image\"><figure class=\"aligncenter\"><img decoding=\"async\" src=\"https:\/\/exceladvisor.org\/wp-content\/uploads\/2023\/08\/liste-deroulante-dependante-a-deux-niveaux-1.gif\" sizes=\"\" srcset=\"\" alt=\"elenco a discesa dipendente a due livelli\"><\/figure><\/div><h3 class=\"wp-block-heading\"> Come funziona<\/h3><p> Innanzitutto, hai creato tre intervalli denominati. Successivamente, abbiamo utilizzato un intervallo denominato per creare un elenco a discesa di prodotti. Successivamente per il secondo menu a discesa hai utilizzato la funzione indiretta e hai fatto riferimento al valore nella cella del prodotto.<\/p><p> Se noti, le nostre gamme di taglie hanno un nome uguale ai valori che abbiamo nel menu a discesa dei prodotti.<\/p><p> Quando selezioniamo &#8220;WhitePaperSheet&#8221; nella cella del prodotto e poi nella cella delle dimensioni, la funzione indiretta far\u00e0 riferimento all&#8217;intervallo denominato &#8220;WhitePaperSheet&#8221; e quando selezioni &#8220;GreyPaperSheet&#8221;, far\u00e0 riferimento all&#8217;intervallo denominato &#8220;GreyPaperSheet&#8221;.<\/p><h2 class=\"wp-block-heading\"> Elenco a discesa dipendente a tre livelli<\/h2><p> Nell&#8217;esempio precedente, hai creato un elenco a discesa dipendente a due livelli. Ma a volte \u00e8 necessario creare un elenco con dipendenze a tre livelli. Per fare ci\u00f2 \u00e8 sufficiente creare un terzo elenco a discesa che dipende dalla selezione del secondo elenco a discesa.<\/p><p> Diciamo che vogliamo aggiungere un elenco a discesa con le dimensioni &#8220;Lunghezza x Larghezza&#8221; per i fogli di carta. <\/p><div class=\"wp-block-image\"><figure class=\"aligncenter\"><img decoding=\"async\" src=\"https:\/\/exceladvisor.org\/wp-content\/uploads\/2023\/08\/comment-creer-une-liste-deroulante-dependante-dans-Excel-avec-des-donnees-a-trois-niveaux-1.png\" sizes=\"\" srcset=\"\" alt=\"come creare un elenco a discesa dipendente in Excel con dati a tre livelli\"><\/figure><\/div><p> E, per questo, \u00e8 necessario creare un terzo elenco a discesa che visualizzer\u00e0 &#8220;Lunghezza X Larghezza&#8221; in base alla dimensione selezionata.<\/p><p> Ecco i passaggi:<\/p><ul><li> Crea altri tre intervalli denominati utilizzando lo stesso metodo utilizzato sopra. <\/li><\/ul><div class=\"wp-block-image\"><figure class=\"aligncenter\"><img decoding=\"async\" src=\"https:\/\/exceladvisor.org\/wp-content\/uploads\/2023\/08\/comment-creer-une-liste-deroulante-dependante-dans-Excel-avec-de-nouvelles-plages-nommees-de-donnees-a-trois-niveaux-1.png\" sizes=\"\" srcset=\"\" alt=\"come creare un elenco a discesa dipendente in Excel con nuovi intervalli denominati di dati a tre livelli\"><\/figure><\/div><ul><li> Seleziona la cella in cui desideri inserire il terzo elenco a discesa.<\/li><li> Apri le opzioni a discesa e inserisci la seguente formula nell&#8217;origine. <\/li><\/ul><div class=\"wp-block-image\"><figure class=\"aligncenter\"><img decoding=\"async\" src=\"https:\/\/exceladvisor.org\/wp-content\/uploads\/2023\/08\/comment-creer-une-liste-deroulante-dependante-dans-Excel-avec-une-liste-deroulante-a-trois-niveaux-1.png\" sizes=\"\" srcset=\"\" alt=\"come creare un elenco a discesa dipendente in Excel con un elenco a discesa a tre livelli\"><\/figure><\/div><p> =Indiretto(\u201cC5\u201d)<\/p><ul><li> Fare clic su OK.<\/li><\/ul><p> Ora il tuo elenco a discesa a tre livelli \u00e8 pronto <\/p><div class=\"wp-block-image\"><figure class=\"aligncenter\"><img decoding=\"async\" src=\"https:\/\/exceladvisor.org\/wp-content\/uploads\/2023\/08\/liste-deroulante-dependante-a-trois-niveaux-dans-Excel-pret.gif\" sizes=\"\" srcset=\"\" alt=\"elenco a discesa dipendente a tre livelli in Excel pronto\"><\/figure><\/div><p> <a href=\"https:\/\/exceladvisor.org\/wp-content\/uploads\/2023\/11\/liste-deroulante-dependante-a-trois-niveaux.xlsx\" target=\"_blank\" rel=\"noreferrer noopener nofollow\"><em>Scarica un file di esempio<\/em><\/a><\/p><div class=\"gb-container gb-container-4db6181c gb-container-mt\"> <a class=\"gb-button gb-button-c5897111 gb-button-text gb-button-mt-button\" href=\"https:\/\/exceladvisor.org\/it\/eccellere-in-anticipo\/\">Esercitazioni avanzate su Excel<\/a><h2 class=\"gb-headline gb-headline-665e5f6b gb-headline-text gb-headline-mt-heading\"> Tutorial correlati <\/h2><div class=\"gb-grid-wrapper gb-grid-wrapper-a20baf7c gb-grid-wrapper-mt-grid\"><div class=\"gb-grid-column gb-grid-column-65ddf67e\"><div class=\"gb-container gb-container-65ddf67e\"><ul><li> <a href=\"https:\/\/exceladvisor.org\/it\/intervallo-di-date-di-convalida-dei-dati\/\">Convalida dei dati con intervallo di date<\/a><\/li><li> <a href=\"https:\/\/exceladvisor.org\/it\/elenco-dinamico\/\">Elenco a discesa dinamico in Excel<\/a><\/li><li> <a href=\"https:\/\/exceladvisor.org\/it\/si-no-elenco-a-discesa\/\">Crea un elenco a discesa S\u00ec &#8211; No in Excel<\/a><\/li><li> <a href=\"https:\/\/exceladvisor.org\/it\/rimuovere-lelenco-a-discesa\/\">Rimuovi l&#8217;elenco a discesa (convalida dei dati) in Excel<\/a> <\/li><\/ul><\/div><\/div><div class=\"gb-grid-column gb-grid-column-50067b57\"><div class=\"gb-container gb-container-50067b57\"><\/div><\/div><\/div><\/div>","protected":false},"excerpt":{"rendered":"","protected":false},"author":1,"featured_media":0,"parent":0,"menu_order":0,"comment_status":"open","ping_status":"closed","template":"","meta":{"ub_ctt_via":"","footnotes":""},"class_list":["post-1740","page","type-page","status-publish","hentry"],"featured_image_src":null,"yoast_head":"<!-- This site is optimized with the Yoast SEO plugin v25.4 - https:\/\/yoast.com\/wordpress\/plugins\/seo\/ -->\n<title>\u25b7 Come creare un elenco a discesa dipendente in Excel?<\/title>\n<meta name=\"description\" content=\"Un elenco a discesa dipendente \u00e8 molto utile. In questo articolo imparerai come creare un elenco a discesa dipendente in Excel di\" \/>\n<meta name=\"robots\" content=\"index, follow, max-snippet:-1, max-image-preview:large, max-video-preview:-1\" \/>\n<link rel=\"canonical\" href=\"https:\/\/exceladvisor.org\/it\/elenco-a-discesa-dipendente\/\" \/>\n<meta property=\"og:locale\" content=\"it_IT\" \/>\n<meta property=\"og:type\" content=\"article\" \/>\n<meta property=\"og:title\" content=\"\u25b7 Come creare un elenco a discesa dipendente in Excel?\" \/>\n<meta property=\"og:description\" content=\"Un elenco a discesa dipendente \u00e8 molto utile. In questo articolo imparerai come creare un elenco a discesa dipendente in Excel di\" \/>\n<meta property=\"og:url\" content=\"https:\/\/exceladvisor.org\/it\/elenco-a-discesa-dipendente\/\" \/>\n<meta property=\"og:site_name\" content=\"Excel Advisor\" \/>\n<meta property=\"article:modified_time\" content=\"2023-12-10T06:23:04+00:00\" \/>\n<meta property=\"og:image\" content=\"https:\/\/exceladvisor.org\/wp-content\/uploads\/2023\/08\/liste-deroulante-dependante-a-deux-niveaux-1.gif\" \/>\n<meta name=\"twitter:card\" content=\"summary_large_image\" \/>\n<meta name=\"twitter:label1\" content=\"Tempo di lettura stimato\" \/>\n\t<meta name=\"twitter:data1\" content=\"3 minuti\" \/>\n<script type=\"application\/ld+json\" class=\"yoast-schema-graph\">{\"@context\":\"https:\/\/schema.org\",\"@graph\":[{\"@type\":\"WebPage\",\"@id\":\"https:\/\/exceladvisor.org\/it\/elenco-a-discesa-dipendente\/\",\"url\":\"https:\/\/exceladvisor.org\/it\/elenco-a-discesa-dipendente\/\",\"name\":\"\u25b7 Come creare un elenco a discesa dipendente in Excel?\",\"isPartOf\":{\"@id\":\"https:\/\/exceladvisor.org\/it\/#website\"},\"primaryImageOfPage\":{\"@id\":\"https:\/\/exceladvisor.org\/it\/elenco-a-discesa-dipendente\/#primaryimage\"},\"image\":{\"@id\":\"https:\/\/exceladvisor.org\/it\/elenco-a-discesa-dipendente\/#primaryimage\"},\"thumbnailUrl\":\"https:\/\/exceladvisor.org\/wp-content\/uploads\/2023\/08\/liste-deroulante-dependante-a-deux-niveaux-1.gif\",\"datePublished\":\"2023-11-08T10:24:09+00:00\",\"dateModified\":\"2023-12-10T06:23:04+00:00\",\"description\":\"Un elenco a discesa dipendente \u00e8 molto utile. In questo articolo imparerai come creare un elenco a discesa dipendente in Excel di\",\"breadcrumb\":{\"@id\":\"https:\/\/exceladvisor.org\/it\/elenco-a-discesa-dipendente\/#breadcrumb\"},\"inLanguage\":\"it-IT\",\"potentialAction\":[{\"@type\":\"ReadAction\",\"target\":[\"https:\/\/exceladvisor.org\/it\/elenco-a-discesa-dipendente\/\"]}]},{\"@type\":\"ImageObject\",\"inLanguage\":\"it-IT\",\"@id\":\"https:\/\/exceladvisor.org\/it\/elenco-a-discesa-dipendente\/#primaryimage\",\"url\":\"https:\/\/exceladvisor.org\/wp-content\/uploads\/2023\/08\/liste-deroulante-dependante-a-deux-niveaux-1.gif\",\"contentUrl\":\"https:\/\/exceladvisor.org\/wp-content\/uploads\/2023\/08\/liste-deroulante-dependante-a-deux-niveaux-1.gif\"},{\"@type\":\"BreadcrumbList\",\"@id\":\"https:\/\/exceladvisor.org\/it\/elenco-a-discesa-dipendente\/#breadcrumb\",\"itemListElement\":[{\"@type\":\"ListItem\",\"position\":1,\"name\":\"Home\",\"item\":\"https:\/\/exceladvisor.org\/it\/\"},{\"@type\":\"ListItem\",\"position\":2,\"name\":\"Come creare un elenco a discesa dipendente in excel?\"}]},{\"@type\":\"WebSite\",\"@id\":\"https:\/\/exceladvisor.org\/it\/#website\",\"url\":\"https:\/\/exceladvisor.org\/it\/\",\"name\":\"Excel Advisor\",\"description\":\"Tips, Tricks, and Time-Saving Hacks\",\"publisher\":{\"@id\":\"https:\/\/exceladvisor.org\/it\/#organization\"},\"potentialAction\":[{\"@type\":\"SearchAction\",\"target\":{\"@type\":\"EntryPoint\",\"urlTemplate\":\"https:\/\/exceladvisor.org\/it\/?s={search_term_string}\"},\"query-input\":{\"@type\":\"PropertyValueSpecification\",\"valueRequired\":true,\"valueName\":\"search_term_string\"}}],\"inLanguage\":\"it-IT\"},{\"@type\":\"Organization\",\"@id\":\"https:\/\/exceladvisor.org\/it\/#organization\",\"name\":\"Excel Advisor\",\"url\":\"https:\/\/exceladvisor.org\/it\/\",\"logo\":{\"@type\":\"ImageObject\",\"inLanguage\":\"it-IT\",\"@id\":\"https:\/\/exceladvisor.org\/it\/#\/schema\/logo\/image\/\",\"url\":\"https:\/\/exceladvisor.org\/it\/wp-content\/uploads\/2023\/12\/exceladvisor.org_.png\",\"contentUrl\":\"https:\/\/exceladvisor.org\/it\/wp-content\/uploads\/2023\/12\/exceladvisor.org_.png\",\"width\":105,\"height\":36,\"caption\":\"Excel Advisor\"},\"image\":{\"@id\":\"https:\/\/exceladvisor.org\/it\/#\/schema\/logo\/image\/\"}}]}<\/script>\n<!-- \/ Yoast SEO plugin. -->","yoast_head_json":{"title":"\u25b7 Come creare un elenco a discesa dipendente in Excel?","description":"Un elenco a discesa dipendente \u00e8 molto utile. In questo articolo imparerai come creare un elenco a discesa dipendente in Excel di","robots":{"index":"index","follow":"follow","max-snippet":"max-snippet:-1","max-image-preview":"max-image-preview:large","max-video-preview":"max-video-preview:-1"},"canonical":"https:\/\/exceladvisor.org\/it\/elenco-a-discesa-dipendente\/","og_locale":"it_IT","og_type":"article","og_title":"\u25b7 Come creare un elenco a discesa dipendente in Excel?","og_description":"Un elenco a discesa dipendente \u00e8 molto utile. In questo articolo imparerai come creare un elenco a discesa dipendente in Excel di","og_url":"https:\/\/exceladvisor.org\/it\/elenco-a-discesa-dipendente\/","og_site_name":"Excel Advisor","article_modified_time":"2023-12-10T06:23:04+00:00","og_image":[{"url":"https:\/\/exceladvisor.org\/wp-content\/uploads\/2023\/08\/liste-deroulante-dependante-a-deux-niveaux-1.gif","type":"","width":"","height":""}],"twitter_card":"summary_large_image","twitter_misc":{"Tempo di lettura stimato":"3 minuti"},"schema":{"@context":"https:\/\/schema.org","@graph":[{"@type":"WebPage","@id":"https:\/\/exceladvisor.org\/it\/elenco-a-discesa-dipendente\/","url":"https:\/\/exceladvisor.org\/it\/elenco-a-discesa-dipendente\/","name":"\u25b7 Come creare un elenco a discesa dipendente in Excel?","isPartOf":{"@id":"https:\/\/exceladvisor.org\/it\/#website"},"primaryImageOfPage":{"@id":"https:\/\/exceladvisor.org\/it\/elenco-a-discesa-dipendente\/#primaryimage"},"image":{"@id":"https:\/\/exceladvisor.org\/it\/elenco-a-discesa-dipendente\/#primaryimage"},"thumbnailUrl":"https:\/\/exceladvisor.org\/wp-content\/uploads\/2023\/08\/liste-deroulante-dependante-a-deux-niveaux-1.gif","datePublished":"2023-11-08T10:24:09+00:00","dateModified":"2023-12-10T06:23:04+00:00","description":"Un elenco a discesa dipendente \u00e8 molto utile. In questo articolo imparerai come creare un elenco a discesa dipendente in Excel di","breadcrumb":{"@id":"https:\/\/exceladvisor.org\/it\/elenco-a-discesa-dipendente\/#breadcrumb"},"inLanguage":"it-IT","potentialAction":[{"@type":"ReadAction","target":["https:\/\/exceladvisor.org\/it\/elenco-a-discesa-dipendente\/"]}]},{"@type":"ImageObject","inLanguage":"it-IT","@id":"https:\/\/exceladvisor.org\/it\/elenco-a-discesa-dipendente\/#primaryimage","url":"https:\/\/exceladvisor.org\/wp-content\/uploads\/2023\/08\/liste-deroulante-dependante-a-deux-niveaux-1.gif","contentUrl":"https:\/\/exceladvisor.org\/wp-content\/uploads\/2023\/08\/liste-deroulante-dependante-a-deux-niveaux-1.gif"},{"@type":"BreadcrumbList","@id":"https:\/\/exceladvisor.org\/it\/elenco-a-discesa-dipendente\/#breadcrumb","itemListElement":[{"@type":"ListItem","position":1,"name":"Home","item":"https:\/\/exceladvisor.org\/it\/"},{"@type":"ListItem","position":2,"name":"Come creare un elenco a discesa dipendente in excel?"}]},{"@type":"WebSite","@id":"https:\/\/exceladvisor.org\/it\/#website","url":"https:\/\/exceladvisor.org\/it\/","name":"Excel Advisor","description":"Tips, Tricks, and Time-Saving Hacks","publisher":{"@id":"https:\/\/exceladvisor.org\/it\/#organization"},"potentialAction":[{"@type":"SearchAction","target":{"@type":"EntryPoint","urlTemplate":"https:\/\/exceladvisor.org\/it\/?s={search_term_string}"},"query-input":{"@type":"PropertyValueSpecification","valueRequired":true,"valueName":"search_term_string"}}],"inLanguage":"it-IT"},{"@type":"Organization","@id":"https:\/\/exceladvisor.org\/it\/#organization","name":"Excel Advisor","url":"https:\/\/exceladvisor.org\/it\/","logo":{"@type":"ImageObject","inLanguage":"it-IT","@id":"https:\/\/exceladvisor.org\/it\/#\/schema\/logo\/image\/","url":"https:\/\/exceladvisor.org\/it\/wp-content\/uploads\/2023\/12\/exceladvisor.org_.png","contentUrl":"https:\/\/exceladvisor.org\/it\/wp-content\/uploads\/2023\/12\/exceladvisor.org_.png","width":105,"height":36,"caption":"Excel Advisor"},"image":{"@id":"https:\/\/exceladvisor.org\/it\/#\/schema\/logo\/image\/"}}]}},"yoast_meta":{"yoast_wpseo_title":"","yoast_wpseo_metadesc":"","yoast_wpseo_canonical":""},"_links":{"self":[{"href":"https:\/\/exceladvisor.org\/it\/wp-json\/wp\/v2\/pages\/1740","targetHints":{"allow":["GET"]}}],"collection":[{"href":"https:\/\/exceladvisor.org\/it\/wp-json\/wp\/v2\/pages"}],"about":[{"href":"https:\/\/exceladvisor.org\/it\/wp-json\/wp\/v2\/types\/page"}],"author":[{"embeddable":true,"href":"https:\/\/exceladvisor.org\/it\/wp-json\/wp\/v2\/users\/1"}],"replies":[{"embeddable":true,"href":"https:\/\/exceladvisor.org\/it\/wp-json\/wp\/v2\/comments?post=1740"}],"version-history":[{"count":1,"href":"https:\/\/exceladvisor.org\/it\/wp-json\/wp\/v2\/pages\/1740\/revisions"}],"predecessor-version":[{"id":2476,"href":"https:\/\/exceladvisor.org\/it\/wp-json\/wp\/v2\/pages\/1740\/revisions\/2476"}],"wp:attachment":[{"href":"https:\/\/exceladvisor.org\/it\/wp-json\/wp\/v2\/media?parent=1740"}],"curies":[{"name":"wp","href":"https:\/\/api.w.org\/{rel}","templated":true}]}}