{"id":1743,"date":"2023-11-07T22:26:40","date_gmt":"2023-11-07T22:26:40","guid":{"rendered":"https:\/\/exceladvisor.org\/it\/caratteri-jolly-2\/"},"modified":"2023-12-10T06:19:27","modified_gmt":"2023-12-10T06:19:27","slug":"caratteri-jolly-2","status":"publish","type":"page","link":"https:\/\/exceladvisor.org\/it\/caratteri-jolly-2\/","title":{"rendered":"Caratteri jolly di excel \u2013 asterisco*, punto interrogativo?"},"content":{"rendered":"<div class=\"excel-prima-del-contenuto\" id=\"excel-2487862787\"><script type=\"text\/javascript\">\r\n\tatOptions = {\r\n\t\t'key' : 'c1158f160081d6540a8409e6925dab94',\r\n\t\t'format' : 'iframe',\r\n\t\t'height' : 250,\r\n\t\t'width' : 300,\r\n\t\t'params' : {}\r\n\t};\r\n<\/script>\r\n<script type=\"text\/javascript\" src=\"\/\/www.highperformanceformat.com\/c1158f160081d6540a8409e6925dab94\/invoke.js\"><\/script><\/div> <p>A volte lavorare con i dati non \u00e8 cos\u00ec semplice, a volte ci troviamo ad affrontare problemi complessi.<\/p><div class=\"gb-container gb-container-ab70ac7a\"><p> Supponiamo di voler cercare il testo &#8220;Delhi&#8221; dai dati. Ma in questi dati c\u2019\u00e8 la parola \u201cNuova Delhi\u201d e non \u201cDelhi\u201d. Ora in questa situazione non puoi abbinare o cercare. In questo caso \u00e8 necessario un modo che consenta di utilizzare solo il valore disponibile o il valore parziale (Delhi) per abbinare o cercare il valore effettivo (Nuova Delhi).<\/p><p> Bene, i caratteri jolly di Excel sono pensati per questo. Questi caratteri jolly ti consentono di cercare\/trovare testo con una corrispondenza parziale. In Excel, il vantaggio pi\u00f9 grande di questi caratteri \u00e8 nelle funzioni di ricerca e di testo. Ci\u00f2 offre maggiore flessibilit\u00e0 quando il valore \u00e8 sconosciuto o parzialmente disponibile.<\/p><\/div><p> Quindi oggi in questo articolo vorrei raccontarvi cosa sono i caratteri jolly, come usarli, le loro tipologie ed esempi per utilizzarli con diverse funzioni. Iniziamo.<\/p><h2 id=\"tab-con-3\" class=\"wp-block-heading\"> Cosa sono i caratteri jolly di Excel<\/h2><p> I caratteri jolly di Excel sono tipi speciali di caratteri che rappresentano uno o pi\u00f9 altri caratteri. Viene utilizzato nelle espressioni regolari, sostituendole con caratteri sconosciuti. In poche parole, quando non sei sicuro del carattere esatto da utilizzare, puoi utilizzare un carattere jolly l\u00ec.<\/p><h2 id=\"tab-con-1\" class=\"wp-block-heading\"> Tipi di caratteri jolly di Excel<\/h2><p> In Excel hai 3 diversi caratteri jolly <strong><span style=\"background-color: #fff44f;\">Asterisco, Punto interrogativo e Tilde<\/span><\/strong> . E ognuno di essi ha il suo significato e utilizzo.<\/p><p> In seguito, discuteremo ciascuno di questi personaggi in dettaglio in modo che tu possa usarli in diverse situazioni.<\/p><h3 id=\"tab-con-5\" class=\"wp-block-heading\"> 1. Asterisco(*)<\/h3><p> L&#8217;asterisco \u00e8 uno dei caratteri jolly pi\u00f9 popolari. Pu\u00f2 trovare un numero qualsiasi di caratteri (in sequenza) da un testo. Ad esempio, se usi Pi*, ti verranno fornite parole come Pivot, Immagine, Picnic, ecc.<\/p><p> Se noti, tutte queste parole hanno Pi all&#8217;inizio e poi caratteri diversi. Capiamo come funziona con un esempio. Di seguito sono riportati i dati in cui sono presenti i nomi delle citt\u00e0 e la loro classificazione in una singola cella. <\/p><div class=\"wp-block-image\"><figure class=\"aligncenter\"><img decoding=\"async\" src=\"https:\/\/exceladvisor.org\/wp-content\/uploads\/2023\/08\/donnees-de-ville-a-utiliser-avec-des-caracteres-generiques-asterisque-dans-Excel.png\" sizes=\"\" srcset=\"\" alt=\"dati della citt\u00e0 da utilizzare con i caratteri jolly asterisco in Excel1\"><\/figure><\/div><p> Ora da qui devi contare il numero di citt\u00e0 in ciascuna classificazione. e per questo puoi usare un asterisco con CONTA.SE.<\/p><p> =COUNTIF(Citt\u00e0,Classificazione&amp;\u201d*\u201d) <\/p><div class=\"wp-block-image\"><figure class=\"aligncenter\"><img decoding=\"async\" src=\"https:\/\/exceladvisor.org\/wp-content\/uploads\/2023\/08\/formule-a-utiliser-avec-les-caracteres-generiques-asterisque-dans-Excel.png\" sizes=\"\" srcset=\"\" alt=\"formula da utilizzare con i caratteri jolly asterisco in Excel\"><\/figure><\/div><p> In questa formula hai combinato il testo di classificazione delle celle con un asterisco. Pertanto la formula corrisponde solo al testo di classificazione nella cella e l&#8217;asterisco funziona come il resto dei caratteri. E alla fine ottieni il conteggio delle citt\u00e0 in base alla classificazione.<\/p><h3 class=\"wp-block-heading\"> 2. Punto interrogativo<\/h3><p> Con un punto interrogativo puoi sostituire un singolo carattere in un testo. In poche parole, ti aiuta a essere pi\u00f9 preciso, utilizzando comunque la corrispondenza parziale. Ad esempio, se utilizzi c?amps, verranno restituiti campioni e scimpanz\u00e9 dai dati.<\/p><h3 class=\"wp-block-heading\"> 3. Tilde (~)<\/h3><p> Il vero utilizzo di una tilde \u00e8 annullare l&#8217;effetto di un carattere jolly. Ad esempio, supponiamo di voler trovare l&#8217;espressione esatta pivot*. Se usi pivot* come stringa, ti dar\u00e0 qualsiasi parola che abbia campi all&#8217;inizio (come una tabella pivot o una tabella pivot).<\/p><p> Nello specifico per la stringa pivot*, dovresti usare ~. Quindi il tuo canale sarebbe pivot~*. Qui, ~ garantisce che Excel legga il carattere successivo cos\u00ec com&#8217;\u00e8, non come carattere jolly.<\/p><h2 id=\"tab-con-2\" class=\"wp-block-heading\"> Caratteri jolly con funzioni Excel<\/h2><p> Possiamo utilizzare facilmente i tre caratteri jolly con tutte le <a style=\"outline: none;\" href=\"https:\/\/exceladvisor.org\/it\/funzioni-di-excel\/\">funzioni principali<\/a> . Funzioni come CERCA.VERT, CERCA.ORIZZ, SOMMA.SE, SOMMA.SE, CONTA.SE, CONTA.SE, RICERCA, TROVA e <a href=\"https:\/\/exceladvisor.org\/it\/ricerca-inversa\/\">RICERCA inversa<\/a> .<\/p><p> Puoi estendere questo elenco con qualsiasi funzione utilizzata per trovare la corrispondenza di un valore, per effettuare ricerche o per trovare testo. Prima condivider\u00f2 con te alcuni esempi con funzioni + opzioni trova e sostituisci + formattazione condizionale + con numeri.<\/p><h3 class=\"wp-block-heading\"> 1. Con SOMMA.SE<\/h3><p> Di seguito sono riportati i dati in cui sono presenti i numeri delle fatture e il loro importo. Inoltre, dobbiamo sommare gli importi in cui i numeri della fattura iniziano con &#8220;Prodotto-A&#8221;. <\/p><div class=\"wp-block-image\"><figure class=\"aligncenter\"><img decoding=\"async\" src=\"https:\/\/exceladvisor.org\/wp-content\/uploads\/2023\/08\/donnees-pour-utiliser-des-caracteres-generiques-avec-sumif-excel.png\" sizes=\"\" srcset=\"\" alt=\"dati per utilizzare i caratteri jolly con sumif excel\"><\/figure><\/div><p> Per fare ci\u00f2 possiamo usare SOMMA.SE con caratteri jolly. E la formula sar\u00e0:<\/p><p> =SOMMA.SE(F2:F11,\u201dProdotto-A*\u201d,G2:G11) <\/p><div class=\"wp-block-image\"><figure class=\"aligncenter\"><img decoding=\"async\" src=\"https:\/\/exceladvisor.org\/wp-content\/uploads\/2023\/08\/formule-pour-utiliser-des-caracteres-generiques-avec-sumif-excel.png\" sizes=\"\" srcset=\"\" alt=\"formula per utilizzare i caratteri jolly con sumif excel\"><\/figure><\/div><p> Nell&#8217;esempio sopra abbiamo utilizzato un asterisco con i criteri alla fine. Come abbiamo appreso, un asterisco pu\u00f2 trovare testo parziale con un numero qualsiasi di caratteri di sequenza.<\/p><p> E qui lo abbiamo usato con &#8220;Prodotto-A&#8221;. Quindi corrisponder\u00e0 ai valori in cui &#8220;Prodotto-A&#8221; \u00e8 all&#8217;inizio del valore.<\/p><h3 id=\"tab-con-7\" class=\"wp-block-heading\"> 2. <a href=\"https:\/\/exceladvisor.org\/it\/caratteri-jolly-con-vlookup\/\">Con VOOKUP<\/a><\/h3><p> Supponiamo che tu abbia un elenco di studenti con i loro nomi completi e voti. Ora vuoi utilizzare CERCA.VERT per ottenere segni in un altro elenco in cui hai solo i loro nomi. <\/p><div class=\"wp-block-image\"><figure class=\"aligncenter\"><img decoding=\"async\" src=\"https:\/\/exceladvisor.org\/wp-content\/uploads\/2023\/08\/utilisation-de-caracteres-generiques-Excel-avec-des-donnees-vlookup.png\" sizes=\"\" srcset=\"\" alt=\"\"><\/figure><\/div><p> E per questo la formula sar\u00e0:<\/p><p> = <a href=\"https:\/\/exceladvisor.org\/it\/funzioni-di-ricerca-excel\/\" target=\"_blank\" rel=\"noopener\">CERCA.VERT<\/a> (nome&amp;\u201d*\u201d,tabella_marks,2,0) <\/p><div class=\"wp-block-image\"><figure class=\"aligncenter\"><img decoding=\"async\" src=\"https:\/\/exceladvisor.org\/wp-content\/uploads\/2023\/08\/utilisation-de-caracteres-generiques-Excel-avec-la-formule-vlookup.png\" sizes=\"\" srcset=\"\" alt=\"\"><\/figure><\/div><p> Nell&#8217;esempio sopra, hai utilizzato vlookup con un asterisco per ottenere voti utilizzando solo il nome.<\/p><h3 id=\"tab-con-8\" class=\"wp-block-heading\"> 3. Trovare e sostituire<\/h3><p> L&#8217;uso dei caratteri jolly con Trova e sostituisci pu\u00f2 fare miracoli per i tuoi dati. <\/p><div class=\"wp-block-image\"><figure class=\"aligncenter\"><img decoding=\"async\" src=\"https:\/\/exceladvisor.org\/wp-content\/uploads\/2023\/08\/utiliser-des-caracteres-generiques-Excel-avec-les-options-de-remplacement-de-recherche.gif\" sizes=\"\" srcset=\"\" alt=\"utilizzare i caratteri jolly di Excel con le opzioni di sostituzione della ricerca\"><\/figure><\/div><p> Nell&#8217;esempio sopra, hai la parola &#8220;Exceladvisor&#8221; che ha caratteri diversi tra loro.<\/p><p> E vuoi sostituire questi caratteri con un singolo spazio. Puoi farlo anche utilizzando l&#8217;opzione di sostituzione, ma in questo caso devi sostituire ciascun carattere uno per uno. Ma puoi usare un punto interrogativo (?) per sostituire tutti gli altri caratteri con uno spazio.<\/p><p> Trova &#8220;Excel?Advisor&#8221; e modificalo in &#8220;Excel Advisor&#8221; per rimuovere tutti i caratteri indesiderati.<\/p><h3 id=\"tab-con-9\" class=\"wp-block-heading\"> 4. Nella formattazione condizionale<\/h3><p> Puoi anche utilizzare questi caratteri jolly con la formattazione condizionale. Diciamo che in un elenco vuoi evidenziare i nomi delle citt\u00e0 che iniziano con la lettera A.<\/p><ul><li> Innanzitutto, seleziona la prima voce nell&#8217;elenco, quindi vai su Home \u2192 Stili \u2192 Formattazione condizionale.<\/li><li> Ora, fai clic sull&#8217;opzione &#8220;Nuova regola&#8221; e seleziona &#8220;Utilizza una formula per determinare quali celle formattare&#8221;.<\/li><li> Nella casella di immissione della formula, inserisci =SE(COUNTIF(E2,&#8221;A*&#8221;),VERO,FALSO).<\/li><li> Imposta la formattazione desiderata che desideri utilizzare per l&#8217;evidenziazione. <\/li><\/ul><div class=\"wp-block-image\"><figure class=\"aligncenter\"><img decoding=\"async\" src=\"https:\/\/exceladvisor.org\/wp-content\/uploads\/2023\/08\/Caracteres-generiques-dans-Excel-8-1.png\" sizes=\"\" srcset=\"\" alt=\"\"><\/figure><\/div><ul><li> Ora ho utilizzato la formattazione condizionale nella prima cella dell&#8217;elenco e devo applicarla all&#8217;intero elenco.<\/li><li> Seleziona la prima cella a cui hai applicato la regola di formattazione.<\/li><li> Vai a Home \u2192 Appunti \u2192 Copia formato.<\/li><li> Seleziona l&#8217;intero elenco e tutti i nomi che iniziano con la lettera A verranno evidenziati. <\/li><\/ul><div class=\"wp-block-image\"><figure class=\"aligncenter\"><img decoding=\"async\" src=\"https:\/\/exceladvisor.org\/wp-content\/uploads\/2023\/08\/Caracteres-generiques-dans-Excel-9-1.png\" sizes=\"\" srcset=\"\" alt=\"\"><\/figure><\/div><h3 id=\"tab-con-10\" class=\"wp-block-heading\"> 5. Filtra i valori<\/h3><p> I caratteri jolly funzionano come per magia nei filtri. Supponiamo che tu abbia un elenco di citt\u00e0 e desideri filtrare i nomi delle citt\u00e0 che iniziano con A, B, C o qualsiasi altra lettera. Puoi usare A* o B* o C* per questo. <\/p><div class=\"wp-block-image\"><figure class=\"aligncenter\"><img decoding=\"async\" src=\"https:\/\/exceladvisor.org\/wp-content\/uploads\/2023\/08\/utiliser-des-caracteres-generiques-Excel-avec-des-filtres.gif\" sizes=\"\" srcset=\"\" alt=\"utilizzare i caratteri jolly di Excel con i filtri\"><\/figure><\/div><p> Questo ti dar\u00e0 il nome esatto delle citt\u00e0 che iniziano con quella lettera. Inoltre, se desideri cercare un carattere che termina con una lettera specifica, puoi utilizzarlo prima di quella lettera (*A, *B,*C, ecc.).<\/p><h3 id=\"tab-con-11\" class=\"wp-block-heading\"> 6. Con i numeri<\/h3><p> Puoi utilizzare questi caratteri jolly con i numeri, ma devi convertirli in testo. <\/p><div class=\"wp-block-image\"><figure class=\"aligncenter\"><img decoding=\"async\" src=\"https:\/\/exceladvisor.org\/wp-content\/uploads\/2023\/08\/utiliser-des-caracteres-generiques-dans-Excel-lorsque-vous-navez-que-des-chiffres.png\" sizes=\"\" srcset=\"\" alt=\"usa i caratteri jolly in Excel quando hai solo numeri\"><\/figure><\/div><p> Nell&#8217;esempio sopra, hai utilizzato la funzione di corrispondenza e la funzione di testo per eseguire una corrispondenza parziale. La funzione di testo restituisce un array convertendo l&#8217;intero intervallo in testo e dopo questa funzione di corrispondenza cerca un valore che inizi da 98.<\/p><h2 id=\"tab-con-4\" class=\"wp-block-heading\"> File di esempio<\/h2><p> <a style=\"outline: none;\" href=\"https:\/\/exceladvisor.org\/wp-content\/uploads\/2023\/11\/caracteres-generiques.xlsx\" rel=\"nofollow\">Scarica questo file di esempio qui<\/a> per saperne di pi\u00f9.<\/p><h2 id=\"tab-con-12\" class=\"wp-block-heading\"> Conclusione<\/h2><p> Con i caratteri jolly puoi migliorare la potenza delle funzioni quando i tuoi dati non sono nel formato corretto.<\/p><p> Questi caratteri ti aiutano a trovare o ad abbinare un valore utilizzando la corrispondenza parziale che ti d\u00e0 la possibilit\u00e0 di gestire valori di testo irregolari. E la parte migliore \u00e8 che hai tre personaggi diversi da usare.<\/p><p> <strong>Hai mai usato questi caratteri jolly prima?<\/strong><\/p><p> Condividi i tuoi pensieri con me nella sezione commenti, mi piacerebbe sentire la tua opinione. E non dimenticare di condividere questo suggerimento con i tuoi amici.<\/p><div class=\"gb-container gb-container-0df56012 gb-container-mt\"> <a class=\"gb-button gb-button-f9f432f4 gb-button-text gb-button-mt-button\" href=\"https:\/\/exceladvisor.org\/it\/formule\/\">Elenco delle formule di Excel<\/a><h2 class=\"gb-headline gb-headline-233444e8 gb-headline-text gb-headline-mt-heading\"> Formule correlate <\/h2><div class=\"gb-grid-wrapper gb-grid-wrapper-a16fa65c gb-grid-wrapper-mt-grid\"><div class=\"gb-grid-column gb-grid-column-50d07e0d\"><div class=\"gb-container gb-container-50d07e0d\"><ul><li> <a href=\"https:\/\/exceladvisor.org\/it\/riferimento-3d\/\">Riferimento 3D in Excel<\/a><\/li><li> <a href=\"https:\/\/exceladvisor.org\/it\/nascondi-la-formula\/\">Nascondi la formula in Excel<\/a><\/li><li> <a href=\"https:\/\/exceladvisor.org\/it\/r1c1\/\">Stile di riferimento R1C1 in Excel<\/a><\/li><\/ul><\/div><\/div><\/div><\/div>","protected":false},"excerpt":{"rendered":"","protected":false},"author":1,"featured_media":0,"parent":0,"menu_order":0,"comment_status":"open","ping_status":"closed","template":"","meta":{"ub_ctt_via":"","footnotes":""},"class_list":["post-1743","page","type-page","status-publish","hentry"],"featured_image_src":null,"yoast_head":"<!-- This site is optimized with the Yoast SEO plugin v25.4 - https:\/\/yoast.com\/wordpress\/plugins\/seo\/ -->\n<title>Caratteri jolly di Excel: asterisco*, punto interrogativo?<\/title>\n<meta name=\"description\" content=\"Scopri come utilizzare i caratteri jolly in Excel per trovare testo con una corrispondenza parziale.\" \/>\n<meta name=\"robots\" content=\"index, follow, max-snippet:-1, max-image-preview:large, max-video-preview:-1\" \/>\n<link rel=\"canonical\" href=\"https:\/\/exceladvisor.org\/it\/caratteri-jolly-2\/\" \/>\n<meta property=\"og:locale\" content=\"it_IT\" \/>\n<meta property=\"og:type\" content=\"article\" \/>\n<meta property=\"og:title\" content=\"Caratteri jolly di Excel: asterisco*, punto interrogativo?\" \/>\n<meta property=\"og:description\" content=\"Scopri come utilizzare i caratteri jolly in Excel per trovare testo con una corrispondenza parziale.\" \/>\n<meta property=\"og:url\" content=\"https:\/\/exceladvisor.org\/it\/caratteri-jolly-2\/\" \/>\n<meta property=\"og:site_name\" content=\"Excel Advisor\" \/>\n<meta property=\"article:modified_time\" content=\"2023-12-10T06:19:27+00:00\" \/>\n<meta property=\"og:image\" content=\"https:\/\/exceladvisor.org\/wp-content\/uploads\/2023\/08\/donnees-de-ville-a-utiliser-avec-des-caracteres-generiques-asterisque-dans-Excel.png\" \/>\n<meta name=\"twitter:card\" content=\"summary_large_image\" \/>\n<meta name=\"twitter:label1\" content=\"Tempo di lettura stimato\" \/>\n\t<meta name=\"twitter:data1\" content=\"6 minuti\" \/>\n<script type=\"application\/ld+json\" class=\"yoast-schema-graph\">{\"@context\":\"https:\/\/schema.org\",\"@graph\":[{\"@type\":\"WebPage\",\"@id\":\"https:\/\/exceladvisor.org\/it\/caratteri-jolly-2\/\",\"url\":\"https:\/\/exceladvisor.org\/it\/caratteri-jolly-2\/\",\"name\":\"Caratteri jolly di Excel: asterisco*, punto interrogativo?\",\"isPartOf\":{\"@id\":\"https:\/\/exceladvisor.org\/it\/#website\"},\"primaryImageOfPage\":{\"@id\":\"https:\/\/exceladvisor.org\/it\/caratteri-jolly-2\/#primaryimage\"},\"image\":{\"@id\":\"https:\/\/exceladvisor.org\/it\/caratteri-jolly-2\/#primaryimage\"},\"thumbnailUrl\":\"https:\/\/exceladvisor.org\/wp-content\/uploads\/2023\/08\/donnees-de-ville-a-utiliser-avec-des-caracteres-generiques-asterisque-dans-Excel.png\",\"datePublished\":\"2023-11-07T22:26:40+00:00\",\"dateModified\":\"2023-12-10T06:19:27+00:00\",\"description\":\"Scopri come utilizzare i caratteri jolly in Excel per trovare testo con una corrispondenza parziale.\",\"breadcrumb\":{\"@id\":\"https:\/\/exceladvisor.org\/it\/caratteri-jolly-2\/#breadcrumb\"},\"inLanguage\":\"it-IT\",\"potentialAction\":[{\"@type\":\"ReadAction\",\"target\":[\"https:\/\/exceladvisor.org\/it\/caratteri-jolly-2\/\"]}]},{\"@type\":\"ImageObject\",\"inLanguage\":\"it-IT\",\"@id\":\"https:\/\/exceladvisor.org\/it\/caratteri-jolly-2\/#primaryimage\",\"url\":\"https:\/\/exceladvisor.org\/wp-content\/uploads\/2023\/08\/donnees-de-ville-a-utiliser-avec-des-caracteres-generiques-asterisque-dans-Excel.png\",\"contentUrl\":\"https:\/\/exceladvisor.org\/wp-content\/uploads\/2023\/08\/donnees-de-ville-a-utiliser-avec-des-caracteres-generiques-asterisque-dans-Excel.png\"},{\"@type\":\"BreadcrumbList\",\"@id\":\"https:\/\/exceladvisor.org\/it\/caratteri-jolly-2\/#breadcrumb\",\"itemListElement\":[{\"@type\":\"ListItem\",\"position\":1,\"name\":\"Home\",\"item\":\"https:\/\/exceladvisor.org\/it\/\"},{\"@type\":\"ListItem\",\"position\":2,\"name\":\"Caratteri jolly di excel \u2013 asterisco*, punto interrogativo?\"}]},{\"@type\":\"WebSite\",\"@id\":\"https:\/\/exceladvisor.org\/it\/#website\",\"url\":\"https:\/\/exceladvisor.org\/it\/\",\"name\":\"Excel Advisor\",\"description\":\"Tips, Tricks, and Time-Saving Hacks\",\"publisher\":{\"@id\":\"https:\/\/exceladvisor.org\/it\/#organization\"},\"potentialAction\":[{\"@type\":\"SearchAction\",\"target\":{\"@type\":\"EntryPoint\",\"urlTemplate\":\"https:\/\/exceladvisor.org\/it\/?s={search_term_string}\"},\"query-input\":{\"@type\":\"PropertyValueSpecification\",\"valueRequired\":true,\"valueName\":\"search_term_string\"}}],\"inLanguage\":\"it-IT\"},{\"@type\":\"Organization\",\"@id\":\"https:\/\/exceladvisor.org\/it\/#organization\",\"name\":\"Excel Advisor\",\"url\":\"https:\/\/exceladvisor.org\/it\/\",\"logo\":{\"@type\":\"ImageObject\",\"inLanguage\":\"it-IT\",\"@id\":\"https:\/\/exceladvisor.org\/it\/#\/schema\/logo\/image\/\",\"url\":\"https:\/\/exceladvisor.org\/it\/wp-content\/uploads\/2023\/12\/exceladvisor.org_.png\",\"contentUrl\":\"https:\/\/exceladvisor.org\/it\/wp-content\/uploads\/2023\/12\/exceladvisor.org_.png\",\"width\":105,\"height\":36,\"caption\":\"Excel Advisor\"},\"image\":{\"@id\":\"https:\/\/exceladvisor.org\/it\/#\/schema\/logo\/image\/\"}}]}<\/script>\n<!-- \/ Yoast SEO plugin. -->","yoast_head_json":{"title":"Caratteri jolly di Excel: asterisco*, punto interrogativo?","description":"Scopri come utilizzare i caratteri jolly in Excel per trovare testo con una corrispondenza parziale.","robots":{"index":"index","follow":"follow","max-snippet":"max-snippet:-1","max-image-preview":"max-image-preview:large","max-video-preview":"max-video-preview:-1"},"canonical":"https:\/\/exceladvisor.org\/it\/caratteri-jolly-2\/","og_locale":"it_IT","og_type":"article","og_title":"Caratteri jolly di Excel: asterisco*, punto interrogativo?","og_description":"Scopri come utilizzare i caratteri jolly in Excel per trovare testo con una corrispondenza parziale.","og_url":"https:\/\/exceladvisor.org\/it\/caratteri-jolly-2\/","og_site_name":"Excel Advisor","article_modified_time":"2023-12-10T06:19:27+00:00","og_image":[{"url":"https:\/\/exceladvisor.org\/wp-content\/uploads\/2023\/08\/donnees-de-ville-a-utiliser-avec-des-caracteres-generiques-asterisque-dans-Excel.png","type":"","width":"","height":""}],"twitter_card":"summary_large_image","twitter_misc":{"Tempo di lettura stimato":"6 minuti"},"schema":{"@context":"https:\/\/schema.org","@graph":[{"@type":"WebPage","@id":"https:\/\/exceladvisor.org\/it\/caratteri-jolly-2\/","url":"https:\/\/exceladvisor.org\/it\/caratteri-jolly-2\/","name":"Caratteri jolly di Excel: asterisco*, punto interrogativo?","isPartOf":{"@id":"https:\/\/exceladvisor.org\/it\/#website"},"primaryImageOfPage":{"@id":"https:\/\/exceladvisor.org\/it\/caratteri-jolly-2\/#primaryimage"},"image":{"@id":"https:\/\/exceladvisor.org\/it\/caratteri-jolly-2\/#primaryimage"},"thumbnailUrl":"https:\/\/exceladvisor.org\/wp-content\/uploads\/2023\/08\/donnees-de-ville-a-utiliser-avec-des-caracteres-generiques-asterisque-dans-Excel.png","datePublished":"2023-11-07T22:26:40+00:00","dateModified":"2023-12-10T06:19:27+00:00","description":"Scopri come utilizzare i caratteri jolly in Excel per trovare testo con una corrispondenza parziale.","breadcrumb":{"@id":"https:\/\/exceladvisor.org\/it\/caratteri-jolly-2\/#breadcrumb"},"inLanguage":"it-IT","potentialAction":[{"@type":"ReadAction","target":["https:\/\/exceladvisor.org\/it\/caratteri-jolly-2\/"]}]},{"@type":"ImageObject","inLanguage":"it-IT","@id":"https:\/\/exceladvisor.org\/it\/caratteri-jolly-2\/#primaryimage","url":"https:\/\/exceladvisor.org\/wp-content\/uploads\/2023\/08\/donnees-de-ville-a-utiliser-avec-des-caracteres-generiques-asterisque-dans-Excel.png","contentUrl":"https:\/\/exceladvisor.org\/wp-content\/uploads\/2023\/08\/donnees-de-ville-a-utiliser-avec-des-caracteres-generiques-asterisque-dans-Excel.png"},{"@type":"BreadcrumbList","@id":"https:\/\/exceladvisor.org\/it\/caratteri-jolly-2\/#breadcrumb","itemListElement":[{"@type":"ListItem","position":1,"name":"Home","item":"https:\/\/exceladvisor.org\/it\/"},{"@type":"ListItem","position":2,"name":"Caratteri jolly di excel \u2013 asterisco*, punto interrogativo?"}]},{"@type":"WebSite","@id":"https:\/\/exceladvisor.org\/it\/#website","url":"https:\/\/exceladvisor.org\/it\/","name":"Excel Advisor","description":"Tips, Tricks, and Time-Saving Hacks","publisher":{"@id":"https:\/\/exceladvisor.org\/it\/#organization"},"potentialAction":[{"@type":"SearchAction","target":{"@type":"EntryPoint","urlTemplate":"https:\/\/exceladvisor.org\/it\/?s={search_term_string}"},"query-input":{"@type":"PropertyValueSpecification","valueRequired":true,"valueName":"search_term_string"}}],"inLanguage":"it-IT"},{"@type":"Organization","@id":"https:\/\/exceladvisor.org\/it\/#organization","name":"Excel Advisor","url":"https:\/\/exceladvisor.org\/it\/","logo":{"@type":"ImageObject","inLanguage":"it-IT","@id":"https:\/\/exceladvisor.org\/it\/#\/schema\/logo\/image\/","url":"https:\/\/exceladvisor.org\/it\/wp-content\/uploads\/2023\/12\/exceladvisor.org_.png","contentUrl":"https:\/\/exceladvisor.org\/it\/wp-content\/uploads\/2023\/12\/exceladvisor.org_.png","width":105,"height":36,"caption":"Excel Advisor"},"image":{"@id":"https:\/\/exceladvisor.org\/it\/#\/schema\/logo\/image\/"}}]}},"yoast_meta":{"yoast_wpseo_title":"","yoast_wpseo_metadesc":"","yoast_wpseo_canonical":""},"_links":{"self":[{"href":"https:\/\/exceladvisor.org\/it\/wp-json\/wp\/v2\/pages\/1743","targetHints":{"allow":["GET"]}}],"collection":[{"href":"https:\/\/exceladvisor.org\/it\/wp-json\/wp\/v2\/pages"}],"about":[{"href":"https:\/\/exceladvisor.org\/it\/wp-json\/wp\/v2\/types\/page"}],"author":[{"embeddable":true,"href":"https:\/\/exceladvisor.org\/it\/wp-json\/wp\/v2\/users\/1"}],"replies":[{"embeddable":true,"href":"https:\/\/exceladvisor.org\/it\/wp-json\/wp\/v2\/comments?post=1743"}],"version-history":[{"count":1,"href":"https:\/\/exceladvisor.org\/it\/wp-json\/wp\/v2\/pages\/1743\/revisions"}],"predecessor-version":[{"id":2244,"href":"https:\/\/exceladvisor.org\/it\/wp-json\/wp\/v2\/pages\/1743\/revisions\/2244"}],"wp:attachment":[{"href":"https:\/\/exceladvisor.org\/it\/wp-json\/wp\/v2\/media?parent=1743"}],"curies":[{"name":"wp","href":"https:\/\/api.w.org\/{rel}","templated":true}]}}