{"id":1748,"date":"2023-11-07T15:27:39","date_gmt":"2023-11-07T15:27:39","guid":{"rendered":"https:\/\/exceladvisor.org\/it\/scale-di-colori\/"},"modified":"2023-12-10T06:20:40","modified_gmt":"2023-12-10T06:20:40","slug":"scale-di-colori","status":"publish","type":"page","link":"https:\/\/exceladvisor.org\/it\/scale-di-colori\/","title":{"rendered":"Come applicare le scale di colori in excel?"},"content":{"rendered":"<div class=\"excel-prima-del-contenuto\" id=\"excel-1560968100\"><script type=\"text\/javascript\">\r\n\tatOptions = {\r\n\t\t'key' : 'c1158f160081d6540a8409e6925dab94',\r\n\t\t'format' : 'iframe',\r\n\t\t'height' : 250,\r\n\t\t'width' : 300,\r\n\t\t'params' : {}\r\n\t};\r\n<\/script>\r\n<script type=\"text\/javascript\" src=\"\/\/www.highperformanceformat.com\/c1158f160081d6540a8409e6925dab94\/invoke.js\"><\/script><\/div> <h2 class=\"wp-block-heading\">Cos&#8217;\u00e8 la scala dei colori?<\/h2><p> Scala colori \u00e8 un&#8217;opzione di formattazione condizionale che puoi applicare a un intervallo di celle per evidenziarle con sfumature di colore in base al valore di una cella particolare. Ad esempio, le celle con valori pi\u00f9 alti diventeranno verdi e quelle inferiori diventeranno rosse.<\/p><p> In Excel esistono due modi per utilizzare le scale di colori.<\/p><ul><li> Scale di colori predefinite<\/li><li> Scale di colori personalizzate<\/li><\/ul><p> E in questo tutorial discuteremo entrambi i modi in dettaglio.<\/p><h2 class=\"wp-block-heading\"> Passaggi per applicare la scala di colori in Excel<\/h2><ol type=\"1\"><li> Seleziona l&#8217;intervallo a cui desideri applicarlo.<\/li><li> Vai su Home, quindi fai clic su Formattazione condizionale.<\/li><li> Vai su Scale di colore e posiziona il cursore sulla scala di colori che desideri applicare.<\/li><li> Alla fine, clicca sulla scala di colori che desideri applicare. <\/li><\/ol><div class=\"wp-block-image\"><figure class=\"aligncenter size-full is-resized\"><img loading=\"lazy\" decoding=\"async\" class=\"wp-image-91264\" src=\"https:\/\/exceladvisor.org\/wp-content\/uploads\/2023\/08\/1-appliquer-une-echelle-de-couleurs-dans-Excel-avec-une-mise-en-forme-conditionnelle.png\" sizes=\"auto, \" srcset=\"\" alt=\"applicare la scala di colori in Excel con formattazione condizionale\" width=\"637\" height=\"481\"><\/figure><\/div><p> Sono disponibili 12 scale di colori predefinite che \u00e8 possibile utilizzare qui. Ognuna di queste scale di colori \u00e8 unica. E le scale di colori che abbiamo applicato hanno tre colori; verde, giallo e rosso, ovvero verde per valori pi\u00f9 alti, giallo per valori medi e rosso per valori pi\u00f9 bassi.<\/p><p class=\"qt-tip\"> <strong>Nota<\/strong> : se desideri nascondere i numeri dalle scale di colore, apri le opzioni Formato celle (Ctrl + 1) e fai clic su Personalizzato e inserisci ;;;; nella barra di immissione, quindi fare clic su OK.<\/p><h2 class=\"wp-block-heading\"> Crea una scala di colori personalizzata<\/h2><p> Oltre alle scale predefinite, puoi creare una regola personalizzata per applicare la scala di colori a un intervallo di celle. Per fare ci\u00f2, \u00e8 necessario fare clic su &#8220;Altre regole&#8221; nelle opzioni della scala di colori. <\/p><div class=\"wp-block-image\"><figure class=\"aligncenter size-full is-resized\"><img loading=\"lazy\" decoding=\"async\" class=\"wp-image-91265\" src=\"https:\/\/exceladvisor.org\/wp-content\/uploads\/2023\/08\/2-echelles-de-couleurs-personnalisees-avec-mise-en-forme-conditionnelle.png\" sizes=\"auto, \" srcset=\"\" alt=\"scala di colori personalizzata con formattazione condizionale\" width=\"371\" height=\"441\"><\/figure><\/div><p> Quando fai clic su di esso, viene visualizzata una nuova finestra di dialogo in cui puoi creare una scala di colori personalizzata. <\/p><div class=\"wp-block-image\"><figure class=\"aligncenter size-full is-resized\"><img loading=\"lazy\" decoding=\"async\" class=\"wp-image-91266\" src=\"https:\/\/exceladvisor.org\/wp-content\/uploads\/2023\/08\/3-creer-une-echelle-de-couleurs-personnalisee-nouvelle-mise-en-forme-conditionnelle-de-la-boite-de-dialogue.png\" sizes=\"auto, \" srcset=\"\" alt=\"crea-scala-colore-personalizzata-nuova-dialogo-formattazione-condizionale\" width=\"538\" height=\"430\"><\/figure><\/div><p> Puoi scegliere &#8220;Stile formato&#8221; in questa finestra di dialogo per applicare una scala a 2 colori o una scala a 3 colori. <\/p><div class=\"wp-block-image\"><figure class=\"aligncenter size-full is-resized\"><img loading=\"lazy\" decoding=\"async\" class=\"wp-image-91267\" src=\"https:\/\/exceladvisor.org\/wp-content\/uploads\/2023\/08\/Boite-de-dialogue-de-style-a-4-formats-pour-appliquer-une-mise-en-forme-conditionnelle.png\" sizes=\"auto, \" srcset=\"\" alt=\"finestra di dialogo stile formato per applicare la formattazione condizionale\" width=\"285\" height=\"137\"><\/figure><\/div><p> Dopo aver selezionato la scala che desideri applicare, hai cinque modi per creare una regola:<\/p><h3 class=\"wp-block-heading\"> 1. Valore pi\u00f9 basso\/pi\u00f9 alto<\/h3><p> Questo \u00e8 il modo predefinito per creare una regola e le regole predefinite si basano su questo. Prende il valore inferiore e il valore superiore dell&#8217;intervallo selezionato e crea una regola basata su quello.<\/p><h3 class=\"wp-block-heading\"> 2. Percentuale<\/h3><p> Con percentuale \u00e8 possibile specificare la percentuale per i valori basso, medio e alto (scala 3) o per i valori basso e alto (scala 2). Ad esempio, se si specifica il 10% nella percentuale pi\u00f9 bassa, verr\u00e0 applicata la tonalit\u00e0 pi\u00f9 scura del colore inferiore ai valori pi\u00f9 bassi del 10%. E se utilizzi l&#8217;80% della percentuale pi\u00f9 alta, applicher\u00e0 la tonalit\u00e0 pi\u00f9 scura del colore pi\u00f9 alto al 20% superiore. <\/p><div class=\"wp-block-image\"><figure class=\"aligncenter size-full is-resized\"><img loading=\"lazy\" decoding=\"async\" class=\"wp-image-91268\" src=\"https:\/\/exceladvisor.org\/wp-content\/uploads\/2023\/08\/Mise-en-forme-conditionnelle-de-lechelle-de-couleurs-a-5-.png\" sizes=\"auto, \" srcset=\"\" alt=\"formattazione condizionale della scala di colori in percentuale\" width=\"670\" height=\"513\"><\/figure><\/div><h3 class=\"wp-block-heading\"> 3. Percentile<\/h3><p> Il percentile funziona in modo diverso per l&#8217;applicazione delle scale di colore. Nell&#8217;esempio seguente abbiamo utilizzato 80 per il valore pi\u00f9 alto, ovvero il 20\u00b0 percentile superiore. Ci\u00f2 creer\u00e0 un gruppo di valori superiori e la stessa tonalit\u00e0 di colore verr\u00e0 applicata a tutte queste celle. <\/p><div class=\"wp-block-image\"><figure class=\"aligncenter size-full is-resized\"><img loading=\"lazy\" decoding=\"async\" class=\"wp-image-91269\" src=\"https:\/\/exceladvisor.org\/wp-content\/uploads\/2023\/08\/Mise-en-forme-conditionnelle-de-lechelle-de-couleurs-a-6-centiles.png\" sizes=\"auto, \" srcset=\"\" alt=\"formattazione condizionale-scala-colore-percentile\" width=\"739\" height=\"529\"><\/figure><\/div><p> Lo stesso vale per il percentile pi\u00f9 basso e il decimo percentile pi\u00f9 basso. Tutti i valori in questo gruppo di valori otterranno il colore esatto specificato nel colore minimo.<\/p><p> <em><strong>Link rapidi per saperne di pi\u00f9<\/strong> \u2013 <a href=\"https:\/\/www.reddit.com\/r\/sheets\/comments\/pss0rd\/conditional_formatting_percent_vs_percentile\/\" target=\"_blank\" rel=\"noreferrer noopener nofollow\">Link<\/a><\/em><\/p><h3 class=\"wp-block-heading\"> 4.Numero<\/h3><p> Con 0number \u00e8 possibile impostare un numero personalizzato digitandolo. Questa opzione \u00e8 ideale quando si utilizzano numeri secondo uno standard. Supponiamo che tu voglia applicare un colore basato su 0 e 100 come valori minimo e massimo. <\/p><div class=\"wp-block-image\"><figure class=\"aligncenter size-full is-resized\"><img loading=\"lazy\" decoding=\"async\" class=\"wp-image-91270\" src=\"https:\/\/exceladvisor.org\/wp-content\/uploads\/2023\/08\/Mise-en-forme-conditionnelle-de-lechelle-de-couleurs-a-7-chiffres.png\" sizes=\"auto, \" srcset=\"\" alt=\"numero-scala-colore-formattazione condizionale\" width=\"682\" height=\"522\"><\/figure><\/div><h3 class=\"wp-block-heading\"> 5. Forma<\/h3><p> A volte potrebbe essere necessario ottenere il valore utilizzando una formula. Supponiamo che tu voglia applicare la scala di colori a una colonna, ma desideri ottenere i valori minimo, mediano e massimo da un&#8217;altra colonna. <\/p><div class=\"wp-block-image\"><figure class=\"aligncenter size-full is-resized\"><img loading=\"lazy\" decoding=\"async\" class=\"wp-image-91271\" src=\"https:\/\/exceladvisor.org\/wp-content\/uploads\/2023\/08\/Mise-en-forme-conditionnelle-de-lechelle-de-couleurs-a-8-formules.png\" sizes=\"auto, \" srcset=\"\" alt=\"formattazione condizionale-formula-scala-colore\" width=\"709\" height=\"454\"><\/figure><\/div><h2 class=\"wp-block-heading\"> Creazione di una scala di colori con pi\u00f9 di 3 colori<\/h2><p> Non abbiamo la possibilit\u00e0 di creare una scala di 4 o pi\u00f9 colori; in questo caso puoi creare cinque regole condizionali. Di seguito abbiamo una scala di 5 colori in cui abbiamo utilizzato cinque diversi righelli. <\/p><div class=\"wp-block-image\"><figure class=\"aligncenter size-full is-resized\"><img loading=\"lazy\" decoding=\"async\" class=\"wp-image-91272\" src=\"https:\/\/exceladvisor.org\/wp-content\/uploads\/2023\/08\/9-autres-echelles-de-couleurs-mise-en-forme-conditionnelle.png\" sizes=\"auto, \" srcset=\"\" alt=\"pi\u00f9 scale di colore-formattazione condizionale\" width=\"634\" height=\"307\"><\/figure><\/div><p> Ognuna di queste cinque regole utilizza cinque condizioni diverse. <\/p><div class=\"wp-block-image\"><figure class=\"aligncenter size-full is-resized\"><img loading=\"lazy\" decoding=\"async\" class=\"wp-image-91273\" src=\"https:\/\/exceladvisor.org\/wp-content\/uploads\/2023\/08\/10-echelles-de-couleurs-a-cinq-regles-de-mise-en-forme-conditionnelle.png\" sizes=\"auto, \" srcset=\"\" alt=\"cinque regole-scala-colore-formattazione condizionale\" width=\"597\" height=\"261\"><\/figure><\/div><p> Queste cinque formule calcolano cinque diversi blocchi di numeri nell&#8217;intervallo.<\/p><ol type=\"1\"><li> Sotto i 2000<\/li><li> Dal 2000 al 3999<\/li><li> Da 4000 a 5999<\/li><li> Da 6000 a 7999<\/li><li> Oltre 8000<\/li><\/ol><p> E per ogni formula c&#8217;\u00e8 un colore definito da applicare. <\/p><div class=\"gb-container gb-container-52dfcee1 gb-container-sample-file\"><h2 class=\"gb-headline gb-headline-e289c143 gb-headline-text gb-headline-4f7959c2\"> Ottieni il file Excel<\/h2> <a class=\"gb-button gb-button-e88d6bee gb-button-text gb-button-button1\" href=\"https:\/\/exceladvisor.org\/wp-content\/uploads\/2023\/11\/echelles-de-couleurs-2.xlsx\" rel=\"nofollow\">Scaricamento<\/a><\/div><div class=\"gb-container gb-container-6076ba72 gb-container-mt\"> <a class=\"gb-button gb-button-76e6a499 gb-button-text gb-button-mt-button\" href=\"https:\/\/exceladvisor.org\/it\/nozioni-di-base-su-excel\/\">Impara le basi di Excel<\/a><h2 class=\"gb-headline gb-headline-a9e9e206 gb-headline-text gb-headline-mt-heading\"> Ulteriori informazioni sulla <a href=\"https:\/\/exceladvisor.org\/it\/formattazione-condizionale\/\">formattazione condizionale<\/a> <\/h2><div class=\"gb-grid-wrapper gb-grid-wrapper-790317cb gb-grid-wrapper-mt-grid\"><div class=\"gb-grid-column gb-grid-column-a9845ede\"><div class=\"gb-container gb-container-a9845ede\"><ul><li> <a href=\"https:\/\/exceladvisor.org\/it\/applicare-la-formattazione-condizionale\/\">Applicare la formattazione condizionale a una tabella pivot<\/a><\/li><li> <a href=\"https:\/\/exceladvisor.org\/it\/ritirare\/\">Rimuovi la formattazione condizionale<\/a><\/li><li> <a href=\"https:\/\/exceladvisor.org\/it\/celle-vuote\/\">Applica la formattazione condizionale su celle vuote in Excel<\/a><\/li><li> <a href=\"https:\/\/exceladvisor.org\/it\/confrontare-le-colonne\/\">Confronta due colonne utilizzando la formattazione condizionale<\/a><\/li><li> <a href=\"https:\/\/exceladvisor.org\/it\/unaltra-cella\/\">Applica la formattazione condizionale in base a un&#8217;altra cella<\/a><\/li><\/ul><\/div><\/div><\/div><\/div>","protected":false},"excerpt":{"rendered":"","protected":false},"author":1,"featured_media":0,"parent":0,"menu_order":0,"comment_status":"open","ping_status":"closed","template":"","meta":{"ub_ctt_via":"","footnotes":""},"class_list":["post-1748","page","type-page","status-publish","hentry"],"featured_image_src":null,"yoast_head":"<!-- This site is optimized with the Yoast SEO plugin v25.4 - https:\/\/yoast.com\/wordpress\/plugins\/seo\/ -->\n<title>Come applicare le scale di colori in Excel?<\/title>\n<meta name=\"robots\" content=\"index, follow, max-snippet:-1, max-image-preview:large, max-video-preview:-1\" \/>\n<link rel=\"canonical\" href=\"https:\/\/exceladvisor.org\/it\/scale-di-colori\/\" \/>\n<meta property=\"og:locale\" content=\"it_IT\" \/>\n<meta property=\"og:type\" content=\"article\" \/>\n<meta property=\"og:title\" content=\"Come applicare le scale di colori in Excel?\" \/>\n<meta property=\"og:url\" content=\"https:\/\/exceladvisor.org\/it\/scale-di-colori\/\" \/>\n<meta property=\"og:site_name\" content=\"Excel Advisor\" \/>\n<meta property=\"article:modified_time\" content=\"2023-12-10T06:20:40+00:00\" \/>\n<meta property=\"og:image\" content=\"https:\/\/exceladvisor.org\/wp-content\/uploads\/2023\/08\/1-appliquer-une-echelle-de-couleurs-dans-Excel-avec-une-mise-en-forme-conditionnelle.png\" \/>\n<meta name=\"twitter:card\" content=\"summary_large_image\" \/>\n<meta name=\"twitter:label1\" content=\"Tempo di lettura stimato\" \/>\n\t<meta name=\"twitter:data1\" content=\"3 minuti\" \/>\n<script type=\"application\/ld+json\" class=\"yoast-schema-graph\">{\"@context\":\"https:\/\/schema.org\",\"@graph\":[{\"@type\":\"WebPage\",\"@id\":\"https:\/\/exceladvisor.org\/it\/scale-di-colori\/\",\"url\":\"https:\/\/exceladvisor.org\/it\/scale-di-colori\/\",\"name\":\"Come applicare le scale di colori in Excel?\",\"isPartOf\":{\"@id\":\"https:\/\/exceladvisor.org\/it\/#website\"},\"primaryImageOfPage\":{\"@id\":\"https:\/\/exceladvisor.org\/it\/scale-di-colori\/#primaryimage\"},\"image\":{\"@id\":\"https:\/\/exceladvisor.org\/it\/scale-di-colori\/#primaryimage\"},\"thumbnailUrl\":\"https:\/\/exceladvisor.org\/wp-content\/uploads\/2023\/08\/1-appliquer-une-echelle-de-couleurs-dans-Excel-avec-une-mise-en-forme-conditionnelle.png\",\"datePublished\":\"2023-11-07T15:27:39+00:00\",\"dateModified\":\"2023-12-10T06:20:40+00:00\",\"breadcrumb\":{\"@id\":\"https:\/\/exceladvisor.org\/it\/scale-di-colori\/#breadcrumb\"},\"inLanguage\":\"it-IT\",\"potentialAction\":[{\"@type\":\"ReadAction\",\"target\":[\"https:\/\/exceladvisor.org\/it\/scale-di-colori\/\"]}]},{\"@type\":\"ImageObject\",\"inLanguage\":\"it-IT\",\"@id\":\"https:\/\/exceladvisor.org\/it\/scale-di-colori\/#primaryimage\",\"url\":\"https:\/\/exceladvisor.org\/wp-content\/uploads\/2023\/08\/1-appliquer-une-echelle-de-couleurs-dans-Excel-avec-une-mise-en-forme-conditionnelle.png\",\"contentUrl\":\"https:\/\/exceladvisor.org\/wp-content\/uploads\/2023\/08\/1-appliquer-une-echelle-de-couleurs-dans-Excel-avec-une-mise-en-forme-conditionnelle.png\"},{\"@type\":\"BreadcrumbList\",\"@id\":\"https:\/\/exceladvisor.org\/it\/scale-di-colori\/#breadcrumb\",\"itemListElement\":[{\"@type\":\"ListItem\",\"position\":1,\"name\":\"Home\",\"item\":\"https:\/\/exceladvisor.org\/it\/\"},{\"@type\":\"ListItem\",\"position\":2,\"name\":\"Come applicare le scale di colori in excel?\"}]},{\"@type\":\"WebSite\",\"@id\":\"https:\/\/exceladvisor.org\/it\/#website\",\"url\":\"https:\/\/exceladvisor.org\/it\/\",\"name\":\"Excel Advisor\",\"description\":\"Tips, Tricks, and Time-Saving Hacks\",\"publisher\":{\"@id\":\"https:\/\/exceladvisor.org\/it\/#organization\"},\"potentialAction\":[{\"@type\":\"SearchAction\",\"target\":{\"@type\":\"EntryPoint\",\"urlTemplate\":\"https:\/\/exceladvisor.org\/it\/?s={search_term_string}\"},\"query-input\":{\"@type\":\"PropertyValueSpecification\",\"valueRequired\":true,\"valueName\":\"search_term_string\"}}],\"inLanguage\":\"it-IT\"},{\"@type\":\"Organization\",\"@id\":\"https:\/\/exceladvisor.org\/it\/#organization\",\"name\":\"Excel Advisor\",\"url\":\"https:\/\/exceladvisor.org\/it\/\",\"logo\":{\"@type\":\"ImageObject\",\"inLanguage\":\"it-IT\",\"@id\":\"https:\/\/exceladvisor.org\/it\/#\/schema\/logo\/image\/\",\"url\":\"https:\/\/exceladvisor.org\/it\/wp-content\/uploads\/2023\/12\/exceladvisor.org_.png\",\"contentUrl\":\"https:\/\/exceladvisor.org\/it\/wp-content\/uploads\/2023\/12\/exceladvisor.org_.png\",\"width\":105,\"height\":36,\"caption\":\"Excel Advisor\"},\"image\":{\"@id\":\"https:\/\/exceladvisor.org\/it\/#\/schema\/logo\/image\/\"}}]}<\/script>\n<!-- \/ Yoast SEO plugin. -->","yoast_head_json":{"title":"Come applicare le scale di colori in Excel?","robots":{"index":"index","follow":"follow","max-snippet":"max-snippet:-1","max-image-preview":"max-image-preview:large","max-video-preview":"max-video-preview:-1"},"canonical":"https:\/\/exceladvisor.org\/it\/scale-di-colori\/","og_locale":"it_IT","og_type":"article","og_title":"Come applicare le scale di colori in Excel?","og_url":"https:\/\/exceladvisor.org\/it\/scale-di-colori\/","og_site_name":"Excel Advisor","article_modified_time":"2023-12-10T06:20:40+00:00","og_image":[{"url":"https:\/\/exceladvisor.org\/wp-content\/uploads\/2023\/08\/1-appliquer-une-echelle-de-couleurs-dans-Excel-avec-une-mise-en-forme-conditionnelle.png","type":"","width":"","height":""}],"twitter_card":"summary_large_image","twitter_misc":{"Tempo di lettura stimato":"3 minuti"},"schema":{"@context":"https:\/\/schema.org","@graph":[{"@type":"WebPage","@id":"https:\/\/exceladvisor.org\/it\/scale-di-colori\/","url":"https:\/\/exceladvisor.org\/it\/scale-di-colori\/","name":"Come applicare le scale di colori in Excel?","isPartOf":{"@id":"https:\/\/exceladvisor.org\/it\/#website"},"primaryImageOfPage":{"@id":"https:\/\/exceladvisor.org\/it\/scale-di-colori\/#primaryimage"},"image":{"@id":"https:\/\/exceladvisor.org\/it\/scale-di-colori\/#primaryimage"},"thumbnailUrl":"https:\/\/exceladvisor.org\/wp-content\/uploads\/2023\/08\/1-appliquer-une-echelle-de-couleurs-dans-Excel-avec-une-mise-en-forme-conditionnelle.png","datePublished":"2023-11-07T15:27:39+00:00","dateModified":"2023-12-10T06:20:40+00:00","breadcrumb":{"@id":"https:\/\/exceladvisor.org\/it\/scale-di-colori\/#breadcrumb"},"inLanguage":"it-IT","potentialAction":[{"@type":"ReadAction","target":["https:\/\/exceladvisor.org\/it\/scale-di-colori\/"]}]},{"@type":"ImageObject","inLanguage":"it-IT","@id":"https:\/\/exceladvisor.org\/it\/scale-di-colori\/#primaryimage","url":"https:\/\/exceladvisor.org\/wp-content\/uploads\/2023\/08\/1-appliquer-une-echelle-de-couleurs-dans-Excel-avec-une-mise-en-forme-conditionnelle.png","contentUrl":"https:\/\/exceladvisor.org\/wp-content\/uploads\/2023\/08\/1-appliquer-une-echelle-de-couleurs-dans-Excel-avec-une-mise-en-forme-conditionnelle.png"},{"@type":"BreadcrumbList","@id":"https:\/\/exceladvisor.org\/it\/scale-di-colori\/#breadcrumb","itemListElement":[{"@type":"ListItem","position":1,"name":"Home","item":"https:\/\/exceladvisor.org\/it\/"},{"@type":"ListItem","position":2,"name":"Come applicare le scale di colori in excel?"}]},{"@type":"WebSite","@id":"https:\/\/exceladvisor.org\/it\/#website","url":"https:\/\/exceladvisor.org\/it\/","name":"Excel Advisor","description":"Tips, Tricks, and Time-Saving Hacks","publisher":{"@id":"https:\/\/exceladvisor.org\/it\/#organization"},"potentialAction":[{"@type":"SearchAction","target":{"@type":"EntryPoint","urlTemplate":"https:\/\/exceladvisor.org\/it\/?s={search_term_string}"},"query-input":{"@type":"PropertyValueSpecification","valueRequired":true,"valueName":"search_term_string"}}],"inLanguage":"it-IT"},{"@type":"Organization","@id":"https:\/\/exceladvisor.org\/it\/#organization","name":"Excel Advisor","url":"https:\/\/exceladvisor.org\/it\/","logo":{"@type":"ImageObject","inLanguage":"it-IT","@id":"https:\/\/exceladvisor.org\/it\/#\/schema\/logo\/image\/","url":"https:\/\/exceladvisor.org\/it\/wp-content\/uploads\/2023\/12\/exceladvisor.org_.png","contentUrl":"https:\/\/exceladvisor.org\/it\/wp-content\/uploads\/2023\/12\/exceladvisor.org_.png","width":105,"height":36,"caption":"Excel Advisor"},"image":{"@id":"https:\/\/exceladvisor.org\/it\/#\/schema\/logo\/image\/"}}]}},"yoast_meta":{"yoast_wpseo_title":"","yoast_wpseo_metadesc":"","yoast_wpseo_canonical":""},"_links":{"self":[{"href":"https:\/\/exceladvisor.org\/it\/wp-json\/wp\/v2\/pages\/1748","targetHints":{"allow":["GET"]}}],"collection":[{"href":"https:\/\/exceladvisor.org\/it\/wp-json\/wp\/v2\/pages"}],"about":[{"href":"https:\/\/exceladvisor.org\/it\/wp-json\/wp\/v2\/types\/page"}],"author":[{"embeddable":true,"href":"https:\/\/exceladvisor.org\/it\/wp-json\/wp\/v2\/users\/1"}],"replies":[{"embeddable":true,"href":"https:\/\/exceladvisor.org\/it\/wp-json\/wp\/v2\/comments?post=1748"}],"version-history":[{"count":1,"href":"https:\/\/exceladvisor.org\/it\/wp-json\/wp\/v2\/pages\/1748\/revisions"}],"predecessor-version":[{"id":2317,"href":"https:\/\/exceladvisor.org\/it\/wp-json\/wp\/v2\/pages\/1748\/revisions\/2317"}],"wp:attachment":[{"href":"https:\/\/exceladvisor.org\/it\/wp-json\/wp\/v2\/media?parent=1748"}],"curies":[{"name":"wp","href":"https:\/\/api.w.org\/{rel}","templated":true}]}}