{"id":1749,"date":"2023-11-07T15:19:24","date_gmt":"2023-11-07T15:19:24","guid":{"rendered":"https:\/\/exceladvisor.org\/it\/barre-dati\/"},"modified":"2023-12-10T06:19:39","modified_gmt":"2023-12-10T06:19:39","slug":"barre-dati","status":"publish","type":"page","link":"https:\/\/exceladvisor.org\/it\/barre-dati\/","title":{"rendered":"Come aggiungere barre dati in excel?"},"content":{"rendered":"<div class=\"excel-prima-del-contenuto\" id=\"excel-2956625666\"><script type=\"text\/javascript\">\r\n\tatOptions = {\r\n\t\t'key' : 'c1158f160081d6540a8409e6925dab94',\r\n\t\t'format' : 'iframe',\r\n\t\t'height' : 250,\r\n\t\t'width' : 300,\r\n\t\t'params' : {}\r\n\t};\r\n<\/script>\r\n<script type=\"text\/javascript\" src=\"\/\/www.highperformanceformat.com\/c1158f160081d6540a8409e6925dab94\/invoke.js\"><\/script><\/div> <p>In Excel puoi aggiungere barre dati a una o pi\u00f9 celle utilizzando la formattazione condizionale. Con la formattazione condizionale, hai due opzioni per aggiungerli:<\/p><ul><li> Barre dati predefinite<\/li><li> Barre dati personalizzate<\/li><\/ul><p> In questo tutorial esamineremo entrambi i metodi e impareremo come utilizzarli per analizzare rapidamente i dati.<\/p><h2 class=\"wp-block-heading\"> Passaggi per aggiungere barre dati in Excel dalla formattazione condizionale<\/h2><ol type=\"1\"><li> Innanzitutto, seleziona i dati che desideri aggiungere alla barra dei dati.<\/li><li> Vai alla home page e fai clic sul menu a discesa Formattazione condizionale.<\/li><li> Da l\u00ec, vai all&#8217;opzione Barra dati.<\/li><li> Infine, fai clic sullo stile della barra dati che desideri applicare. <\/li><\/ol><div class=\"wp-block-image\"><figure class=\"aligncenter size-full is-resized\"><img loading=\"lazy\" decoding=\"async\" class=\"wp-image-91289\" src=\"https:\/\/exceladvisor.org\/wp-content\/uploads\/2023\/08\/1-barres-de-donnees-dans-Excel-a-partir-de-la-mise-en-forme-conditionnelle.png\" sizes=\"auto, \" srcset=\"\" alt=\"barre-dati-in-excel-dalla formattazione condizionale\" width=\"672\" height=\"494\"><\/figure><\/div><p> E nel momento in cui fai clic sulla nuova barra dati che desideri applicare ai dati; lo otterrai immediatamente. Queste regole predefinite della barra dati sono abbastanza facili da applicare.<\/p><p> Quando ne selezioni uno, prende i valori pi\u00f9 alti dei dati selezionati e aggiunge una barra dati completa. E poi usa questo valore per aggiungere barre al resto delle celle. <\/p><div class=\"wp-block-image\"><figure class=\"aligncenter size-full is-resized\"><img loading=\"lazy\" decoding=\"async\" class=\"wp-image-91290\" src=\"https:\/\/exceladvisor.org\/wp-content\/uploads\/2023\/08\/2-valeurs-les-plus-elevees-de-la-mise-en-forme-conditionnelle-des-donnees-selectionnees.png\" sizes=\"auto, \" srcset=\"\" alt=\"valori-massimi-dei-dati-selezionati-formattazione-condizionale\" width=\"327\" height=\"290\"><\/figure><\/div><p> Sono disponibili 12 barre dati che \u00e8 possibile applicare rapidamente ai dati.<\/p><h2 class=\"wp-block-heading\"> Aggiungi barre dati con impostazioni personalizzate (pi\u00f9 regole)<\/h2><p> Innanzitutto, vai su Home &gt; Formattazione condizionale &gt; Barre dati &gt; Altre regole. <\/p><div class=\"wp-block-image\"><figure class=\"aligncenter size-full is-resized\"><img loading=\"lazy\" decoding=\"async\" class=\"wp-image-91291\" src=\"https:\/\/exceladvisor.org\/wp-content\/uploads\/2023\/08\/3-barres-de-donnees-avec-mise-en-forme-conditionnelle-des-parametres-personnalises.png\" sizes=\"auto, \" srcset=\"\" alt=\"barre-dati-con-parametri-personalizzati-formattazione-condizionale\" width=\"368\" height=\"402\"><\/figure><\/div><p> Dopo aver fatto clic su di esso, verr\u00e0 visualizzata una finestra di dialogo per utilizzare le impostazioni personalizzate per aggiungere barre dati. <\/p><div class=\"wp-block-image\"><figure class=\"aligncenter size-full is-resized\"><img loading=\"lazy\" decoding=\"async\" class=\"wp-image-91292\" src=\"https:\/\/exceladvisor.org\/wp-content\/uploads\/2023\/08\/4-utiliser-les-parametres-personnalises-pour-ajouter-la-mise-en-forme-conditionnelle-des-barres-de-donnees.png\" sizes=\"auto, \" srcset=\"\" alt=\"utilizzare-parametri-personalizzati-per-aggiungere-formattazione-condizionale-della-barra-dati\" width=\"557\" height=\"539\"><\/figure><\/div><p> In questa finestra di dialogo sono disponibili molte opzioni per creare una regola della barra dati personalizzata. Ad esempio, puoi modificare la modalit\u00e0 di applicazione delle barre dati dal menu a discesa &#8220;Tipo&#8221;. <\/p><div class=\"wp-block-image\"><figure class=\"aligncenter size-full is-resized\"><img loading=\"lazy\" decoding=\"async\" class=\"wp-image-91293\" src=\"https:\/\/exceladvisor.org\/wp-content\/uploads\/2023\/08\/5-changer-la-facon-dont-vous-appliquez-la-mise-en-forme-conditionnelle-des-barres-de-donnees.png\" sizes=\"auto, \" srcset=\"\" alt=\"modifica come applicare la formattazione condizionale della barra dati\" width=\"585\" height=\"149\"><\/figure><\/div><h3 class=\"wp-block-heading\"> 1. Il pi\u00f9 basso e il pi\u00f9 alto<\/h3><p> Con questa opzione, Excel prender\u00e0 il numero pi\u00f9 basso e quello pi\u00f9 alto dai dati stessi. Come puoi vedere nell&#8217;esempio seguente, il numero pi\u00f9 basso nei dati non ha una barra dati e il numero pi\u00f9 alto nei dati ha una barra dati completa. <\/p><div class=\"wp-block-image\"><figure class=\"aligncenter size-full is-resized\"><img loading=\"lazy\" decoding=\"async\" class=\"wp-image-91294\" src=\"https:\/\/exceladvisor.org\/wp-content\/uploads\/2023\/08\/6-nombre-le-plus-eleve-dans-la-mise-en-forme-conditionnelle-des-donnees.png\" sizes=\"auto, \" srcset=\"\" alt=\"numero pi\u00f9 alto nella formattazione condizionale dei dati\" width=\"664\" height=\"320\"><\/figure><\/div><h3 class=\"wp-block-heading\"> 2.Numeri<\/h3><p> Con l&#8217;opzione Numeri puoi impostare tu stesso il numero pi\u00f9 basso e quello pi\u00f9 alto. E terr\u00e0 conto di questo intervallo di numeri per aggiungere la barra dei dati.<\/p><p> Nell&#8217;esempio seguente, il numero pi\u00f9 basso \u00e8 0 e il numero pi\u00f9 alto \u00e8 4000, motivo per cui tutte le barre dei dati sono notevolmente piccole rispetto alla larghezza della cella. <\/p><div class=\"wp-block-image\"><figure class=\"aligncenter size-full is-resized\"><img loading=\"lazy\" decoding=\"async\" class=\"wp-image-91295\" src=\"https:\/\/exceladvisor.org\/wp-content\/uploads\/2023\/08\/Mise-en-forme-conditionnelle-des-barres-de-donnees-a-7-chiffres.png\" sizes=\"auto, \" srcset=\"\" alt=\"numeri-barre-dati-formattazione-condizionale\" width=\"705\" height=\"337\"><\/figure><\/div><h3 class=\"wp-block-heading\"> 3. Percentuale<\/h3><p> Con la percentuale \u00e8 possibile impostare il valore equivalente pi\u00f9 basso e quello pi\u00f9 alto di una percentuale. Nell&#8217;esempio seguente abbiamo il 20% per il minimo e l&#8217;80% per il massimo. <\/p><div class=\"wp-block-image\"><figure class=\"aligncenter size-full is-resized\"><img loading=\"lazy\" decoding=\"async\" class=\"wp-image-91296\" src=\"https:\/\/exceladvisor.org\/wp-content\/uploads\/2023\/08\/Mise-en-forme-conditionnelle-de-8-barres-de-donnees-de-pourcentage.png\" sizes=\"auto, \" srcset=\"\" alt=\"formattazione condizionale delle barre dei dati percentuali\" width=\"740\" height=\"349\"><\/figure><\/div><p> La somma totale dei valori \u00e8 14733 e il 20% \u00e8 2946,6. Ora, se vedi i due valori pi\u00f9 bassi, 1161 e 1201, ovvero 2362, questi coprono la maggior parte del 20% inferiore della moneta. Ecco perch\u00e9 non hai una barra in queste due celle.<\/p><p> Quando si utilizza l&#8217;80% per il massimo, ci\u00f2 significa anche prendere in considerazione il 20% pi\u00f9 alto dei valori. E i primi due valori sono 1874 e 1651, e il totale per entrambi \u00e8 3525, e 3525 \u00e8 maggiore del 20% della somma dei valori.<\/p><p> Questo \u00e8 il motivo per cui hai una barra continua sulla cella con 1874 e la cella con il valore 1651 ha una barra notevolmente pi\u00f9 ampia rispetto agli altri valori.<\/p><h3 class=\"wp-block-heading\"> 4. Percentile<\/h3><p> Con percentile puoi creare un gruppo di valori superiori e inferiori e avere una barra dati esatta. Mettere&#8217; <\/p><div class=\"wp-block-image\"><figure class=\"aligncenter size-full is-resized\"><img loading=\"lazy\" decoding=\"async\" class=\"wp-image-91297\" src=\"https:\/\/exceladvisor.org\/wp-content\/uploads\/2023\/08\/Mise-en-forme-conditionnelle-des-barres-de-donnees-a-9-centiles.png\" sizes=\"auto, \" srcset=\"\" alt=\"formattazione condizionale delle barre dei dati percentili\" width=\"695\" height=\"378\"><\/figure><\/div><p> Supponiamo di specificare il 70\u00b0 percentile per la parte superiore, ovvero i primi 30 valori percentili. I nostri dati hanno dieci valori e i primi 30 percentili saranno i primi 3. Ed \u00e8 per questo che puoi vedere nei dati che le celle con i primi tre valori hanno barre dati a larghezza intera.<\/p><p> Per il minimo abbiamo utilizzato 30 con una media di 30 percentili dei valori inferiori. E poich\u00e9 abbiamo dieci valori nei dati, gli ultimi 30 valori percentili saranno 3. Ed \u00e8 per questo che gli ultimi tre valori non hanno una barra dati.<\/p><p> E altre celle hanno barre dati basate su valori.<\/p><h3 class=\"wp-block-heading\"> 5. Forma<\/h3><p> Puoi anche utilizzare una formula per impostare il numero minimo e massimo delle barre dati. Di solito non \u00e8 necessario farlo nella maggior parte dei casi, ma ci sono situazioni specifiche in cui \u00e8 necessario farlo. <\/p><div class=\"wp-block-image\"><figure class=\"aligncenter size-full is-resized\"><img loading=\"lazy\" decoding=\"async\" class=\"wp-image-91298\" src=\"https:\/\/exceladvisor.org\/wp-content\/uploads\/2023\/08\/10-barres-de-donnees-de-formule-mise-en-forme-conditionnelle.png\" sizes=\"auto, \" srcset=\"\" alt=\"formattazione condizionale della formula della barra dati\" width=\"732\" height=\"398\"><\/figure><\/div><p> Puoi vedere nell&#8217;esempio sopra; abbiamo utilizzato le funzioni MIN e MAX per creare formule per ottenere i valori minimo e massimo della colonna B per applicare le barre dati sulla colonna A.<\/p><h3 class=\"wp-block-heading\"> 6. Automatico<\/h3><p> Usiamo lo stesso metodo applicando le barre dati con le regole predefinite.<\/p><h2 class=\"wp-block-heading\"> Formattazione personalizzata per la barra dati<\/h2><p> Hai anche opzioni per modificare la formattazione delle barre dati secondo necessit\u00e0. <\/p><div class=\"wp-block-image\"><figure class=\"aligncenter size-full is-resized\"><img loading=\"lazy\" decoding=\"async\" class=\"wp-image-91299\" src=\"https:\/\/exceladvisor.org\/wp-content\/uploads\/2023\/08\/11-mises-en-forme-personnalisees-des-barres-de-donnees-mise-en-forme-conditionnelle.png\" sizes=\"auto, \" srcset=\"\" alt=\"formattazione-personalizzata-barre-dati-formattazione-condizionale\" width=\"514\" height=\"174\"><\/figure><\/div><ol type=\"1\"><li> \u00c8 possibile modificare il tipo di colore da solido a sfumato e da sfumato a solido.<\/li><li> C&#8217;\u00e8 un&#8217;opzione per aggiungere un bordo attorno alla barra.<\/li><li> E puoi cambiare la direzione della barra da sinistra a destra o da destra a sinistra.<\/li><\/ol><p> E se in qualche modo vuoi mostrare solo le barre e nascondere i numeri, puoi selezionare la casella &#8220;Mostra solo barre&#8221;. <\/p><div class=\"wp-block-image\"><figure class=\"aligncenter size-full is-resized\"><img loading=\"lazy\" decoding=\"async\" class=\"wp-image-91300\" src=\"https:\/\/exceladvisor.org\/wp-content\/uploads\/2023\/08\/12-masquer-les-nombres-barres-de-donnees-mise-en-forme-conditionnelle.png\" sizes=\"auto, \" srcset=\"\" alt=\"nascondi-numeri-barre-dati-formattazione-condizionale\" width=\"697\" height=\"341\"><\/figure><\/div><div class=\"gb-container gb-container-52dfcee1 gb-container-sample-file\"><h2 class=\"gb-headline gb-headline-e289c143 gb-headline-text gb-headline-4f7959c2\"> Ottieni il file Excel<\/h2> <a class=\"gb-button gb-button-e88d6bee gb-button-text gb-button-button1\" href=\"https:\/\/exceladvisor.org\/wp-content\/uploads\/2023\/11\/barre-de-donnees.xlsx\" rel=\"nofollow\">Scaricamento<\/a><\/div><div class=\"gb-container gb-container-6076ba72 gb-container-mt\"> <a class=\"gb-button gb-button-76e6a499 gb-button-text gb-button-mt-button\" href=\"https:\/\/exceladvisor.org\/it\/nozioni-di-base-su-excel\/\">Impara le basi di Excel<\/a><h2 class=\"gb-headline gb-headline-a9e9e206 gb-headline-text gb-headline-mt-heading\"> Ulteriori informazioni sulla <a href=\"https:\/\/exceladvisor.org\/it\/formattazione-condizionale\/\">formattazione condizionale<\/a> <\/h2><div class=\"gb-grid-wrapper gb-grid-wrapper-790317cb gb-grid-wrapper-mt-grid\"><div class=\"gb-grid-column gb-grid-column-a9845ede\"><div class=\"gb-container gb-container-a9845ede\"><ul><li> <a href=\"https:\/\/exceladvisor.org\/it\/applicare-la-formattazione-condizionale\/\">Applicare la formattazione condizionale a una tabella pivot<\/a><\/li><li> <a href=\"https:\/\/exceladvisor.org\/it\/ritirare\/\">Rimuovi la formattazione condizionale<\/a><\/li><li> <a href=\"https:\/\/exceladvisor.org\/it\/celle-vuote\/\">Applica la formattazione condizionale su celle vuote in Excel<\/a><\/li><li> <a href=\"https:\/\/exceladvisor.org\/it\/confrontare-le-colonne\/\">Confronta due colonne utilizzando la formattazione condizionale<\/a><\/li><li> <a href=\"https:\/\/exceladvisor.org\/it\/unaltra-cella\/\">Applica la formattazione condizionale in base a un&#8217;altra cella<\/a><\/li><\/ul><\/div><\/div><\/div><\/div>","protected":false},"excerpt":{"rendered":"","protected":false},"author":1,"featured_media":0,"parent":0,"menu_order":0,"comment_status":"open","ping_status":"closed","template":"","meta":{"ub_ctt_via":"","footnotes":""},"class_list":["post-1749","page","type-page","status-publish","hentry"],"featured_image_src":null,"yoast_head":"<!-- This site is optimized with the Yoast SEO plugin v25.4 - https:\/\/yoast.com\/wordpress\/plugins\/seo\/ -->\n<title>\u25b7 Come aggiungere barre dati in Excel? (2023)<\/title>\n<meta name=\"robots\" content=\"index, follow, max-snippet:-1, max-image-preview:large, max-video-preview:-1\" \/>\n<link rel=\"canonical\" href=\"https:\/\/exceladvisor.org\/it\/barre-dati\/\" \/>\n<meta property=\"og:locale\" content=\"it_IT\" \/>\n<meta property=\"og:type\" content=\"article\" \/>\n<meta property=\"og:title\" content=\"\u25b7 Come aggiungere barre dati in Excel? (2023)\" \/>\n<meta property=\"og:url\" content=\"https:\/\/exceladvisor.org\/it\/barre-dati\/\" \/>\n<meta property=\"og:site_name\" content=\"Excel Advisor\" \/>\n<meta property=\"article:modified_time\" content=\"2023-12-10T06:19:39+00:00\" \/>\n<meta property=\"og:image\" content=\"https:\/\/exceladvisor.org\/wp-content\/uploads\/2023\/08\/1-barres-de-donnees-dans-Excel-a-partir-de-la-mise-en-forme-conditionnelle.png\" \/>\n<meta name=\"twitter:card\" content=\"summary_large_image\" \/>\n<meta name=\"twitter:label1\" content=\"Tempo di lettura stimato\" \/>\n\t<meta name=\"twitter:data1\" content=\"4 minuti\" \/>\n<script type=\"application\/ld+json\" class=\"yoast-schema-graph\">{\"@context\":\"https:\/\/schema.org\",\"@graph\":[{\"@type\":\"WebPage\",\"@id\":\"https:\/\/exceladvisor.org\/it\/barre-dati\/\",\"url\":\"https:\/\/exceladvisor.org\/it\/barre-dati\/\",\"name\":\"\u25b7 Come aggiungere barre dati in Excel? (2023)\",\"isPartOf\":{\"@id\":\"https:\/\/exceladvisor.org\/it\/#website\"},\"primaryImageOfPage\":{\"@id\":\"https:\/\/exceladvisor.org\/it\/barre-dati\/#primaryimage\"},\"image\":{\"@id\":\"https:\/\/exceladvisor.org\/it\/barre-dati\/#primaryimage\"},\"thumbnailUrl\":\"https:\/\/exceladvisor.org\/wp-content\/uploads\/2023\/08\/1-barres-de-donnees-dans-Excel-a-partir-de-la-mise-en-forme-conditionnelle.png\",\"datePublished\":\"2023-11-07T15:19:24+00:00\",\"dateModified\":\"2023-12-10T06:19:39+00:00\",\"breadcrumb\":{\"@id\":\"https:\/\/exceladvisor.org\/it\/barre-dati\/#breadcrumb\"},\"inLanguage\":\"it-IT\",\"potentialAction\":[{\"@type\":\"ReadAction\",\"target\":[\"https:\/\/exceladvisor.org\/it\/barre-dati\/\"]}]},{\"@type\":\"ImageObject\",\"inLanguage\":\"it-IT\",\"@id\":\"https:\/\/exceladvisor.org\/it\/barre-dati\/#primaryimage\",\"url\":\"https:\/\/exceladvisor.org\/wp-content\/uploads\/2023\/08\/1-barres-de-donnees-dans-Excel-a-partir-de-la-mise-en-forme-conditionnelle.png\",\"contentUrl\":\"https:\/\/exceladvisor.org\/wp-content\/uploads\/2023\/08\/1-barres-de-donnees-dans-Excel-a-partir-de-la-mise-en-forme-conditionnelle.png\"},{\"@type\":\"BreadcrumbList\",\"@id\":\"https:\/\/exceladvisor.org\/it\/barre-dati\/#breadcrumb\",\"itemListElement\":[{\"@type\":\"ListItem\",\"position\":1,\"name\":\"Home\",\"item\":\"https:\/\/exceladvisor.org\/it\/\"},{\"@type\":\"ListItem\",\"position\":2,\"name\":\"Come aggiungere barre dati in excel?\"}]},{\"@type\":\"WebSite\",\"@id\":\"https:\/\/exceladvisor.org\/it\/#website\",\"url\":\"https:\/\/exceladvisor.org\/it\/\",\"name\":\"Excel Advisor\",\"description\":\"Tips, Tricks, and Time-Saving Hacks\",\"publisher\":{\"@id\":\"https:\/\/exceladvisor.org\/it\/#organization\"},\"potentialAction\":[{\"@type\":\"SearchAction\",\"target\":{\"@type\":\"EntryPoint\",\"urlTemplate\":\"https:\/\/exceladvisor.org\/it\/?s={search_term_string}\"},\"query-input\":{\"@type\":\"PropertyValueSpecification\",\"valueRequired\":true,\"valueName\":\"search_term_string\"}}],\"inLanguage\":\"it-IT\"},{\"@type\":\"Organization\",\"@id\":\"https:\/\/exceladvisor.org\/it\/#organization\",\"name\":\"Excel Advisor\",\"url\":\"https:\/\/exceladvisor.org\/it\/\",\"logo\":{\"@type\":\"ImageObject\",\"inLanguage\":\"it-IT\",\"@id\":\"https:\/\/exceladvisor.org\/it\/#\/schema\/logo\/image\/\",\"url\":\"https:\/\/exceladvisor.org\/it\/wp-content\/uploads\/2023\/12\/exceladvisor.org_.png\",\"contentUrl\":\"https:\/\/exceladvisor.org\/it\/wp-content\/uploads\/2023\/12\/exceladvisor.org_.png\",\"width\":105,\"height\":36,\"caption\":\"Excel Advisor\"},\"image\":{\"@id\":\"https:\/\/exceladvisor.org\/it\/#\/schema\/logo\/image\/\"}}]}<\/script>\n<!-- \/ Yoast SEO plugin. -->","yoast_head_json":{"title":"\u25b7 Come aggiungere barre dati in Excel? (2023)","robots":{"index":"index","follow":"follow","max-snippet":"max-snippet:-1","max-image-preview":"max-image-preview:large","max-video-preview":"max-video-preview:-1"},"canonical":"https:\/\/exceladvisor.org\/it\/barre-dati\/","og_locale":"it_IT","og_type":"article","og_title":"\u25b7 Come aggiungere barre dati in Excel? (2023)","og_url":"https:\/\/exceladvisor.org\/it\/barre-dati\/","og_site_name":"Excel Advisor","article_modified_time":"2023-12-10T06:19:39+00:00","og_image":[{"url":"https:\/\/exceladvisor.org\/wp-content\/uploads\/2023\/08\/1-barres-de-donnees-dans-Excel-a-partir-de-la-mise-en-forme-conditionnelle.png","type":"","width":"","height":""}],"twitter_card":"summary_large_image","twitter_misc":{"Tempo di lettura stimato":"4 minuti"},"schema":{"@context":"https:\/\/schema.org","@graph":[{"@type":"WebPage","@id":"https:\/\/exceladvisor.org\/it\/barre-dati\/","url":"https:\/\/exceladvisor.org\/it\/barre-dati\/","name":"\u25b7 Come aggiungere barre dati in Excel? (2023)","isPartOf":{"@id":"https:\/\/exceladvisor.org\/it\/#website"},"primaryImageOfPage":{"@id":"https:\/\/exceladvisor.org\/it\/barre-dati\/#primaryimage"},"image":{"@id":"https:\/\/exceladvisor.org\/it\/barre-dati\/#primaryimage"},"thumbnailUrl":"https:\/\/exceladvisor.org\/wp-content\/uploads\/2023\/08\/1-barres-de-donnees-dans-Excel-a-partir-de-la-mise-en-forme-conditionnelle.png","datePublished":"2023-11-07T15:19:24+00:00","dateModified":"2023-12-10T06:19:39+00:00","breadcrumb":{"@id":"https:\/\/exceladvisor.org\/it\/barre-dati\/#breadcrumb"},"inLanguage":"it-IT","potentialAction":[{"@type":"ReadAction","target":["https:\/\/exceladvisor.org\/it\/barre-dati\/"]}]},{"@type":"ImageObject","inLanguage":"it-IT","@id":"https:\/\/exceladvisor.org\/it\/barre-dati\/#primaryimage","url":"https:\/\/exceladvisor.org\/wp-content\/uploads\/2023\/08\/1-barres-de-donnees-dans-Excel-a-partir-de-la-mise-en-forme-conditionnelle.png","contentUrl":"https:\/\/exceladvisor.org\/wp-content\/uploads\/2023\/08\/1-barres-de-donnees-dans-Excel-a-partir-de-la-mise-en-forme-conditionnelle.png"},{"@type":"BreadcrumbList","@id":"https:\/\/exceladvisor.org\/it\/barre-dati\/#breadcrumb","itemListElement":[{"@type":"ListItem","position":1,"name":"Home","item":"https:\/\/exceladvisor.org\/it\/"},{"@type":"ListItem","position":2,"name":"Come aggiungere barre dati in excel?"}]},{"@type":"WebSite","@id":"https:\/\/exceladvisor.org\/it\/#website","url":"https:\/\/exceladvisor.org\/it\/","name":"Excel Advisor","description":"Tips, Tricks, and Time-Saving Hacks","publisher":{"@id":"https:\/\/exceladvisor.org\/it\/#organization"},"potentialAction":[{"@type":"SearchAction","target":{"@type":"EntryPoint","urlTemplate":"https:\/\/exceladvisor.org\/it\/?s={search_term_string}"},"query-input":{"@type":"PropertyValueSpecification","valueRequired":true,"valueName":"search_term_string"}}],"inLanguage":"it-IT"},{"@type":"Organization","@id":"https:\/\/exceladvisor.org\/it\/#organization","name":"Excel Advisor","url":"https:\/\/exceladvisor.org\/it\/","logo":{"@type":"ImageObject","inLanguage":"it-IT","@id":"https:\/\/exceladvisor.org\/it\/#\/schema\/logo\/image\/","url":"https:\/\/exceladvisor.org\/it\/wp-content\/uploads\/2023\/12\/exceladvisor.org_.png","contentUrl":"https:\/\/exceladvisor.org\/it\/wp-content\/uploads\/2023\/12\/exceladvisor.org_.png","width":105,"height":36,"caption":"Excel Advisor"},"image":{"@id":"https:\/\/exceladvisor.org\/it\/#\/schema\/logo\/image\/"}}]}},"yoast_meta":{"yoast_wpseo_title":"","yoast_wpseo_metadesc":"","yoast_wpseo_canonical":""},"_links":{"self":[{"href":"https:\/\/exceladvisor.org\/it\/wp-json\/wp\/v2\/pages\/1749","targetHints":{"allow":["GET"]}}],"collection":[{"href":"https:\/\/exceladvisor.org\/it\/wp-json\/wp\/v2\/pages"}],"about":[{"href":"https:\/\/exceladvisor.org\/it\/wp-json\/wp\/v2\/types\/page"}],"author":[{"embeddable":true,"href":"https:\/\/exceladvisor.org\/it\/wp-json\/wp\/v2\/users\/1"}],"replies":[{"embeddable":true,"href":"https:\/\/exceladvisor.org\/it\/wp-json\/wp\/v2\/comments?post=1749"}],"version-history":[{"count":1,"href":"https:\/\/exceladvisor.org\/it\/wp-json\/wp\/v2\/pages\/1749\/revisions"}],"predecessor-version":[{"id":2256,"href":"https:\/\/exceladvisor.org\/it\/wp-json\/wp\/v2\/pages\/1749\/revisions\/2256"}],"wp:attachment":[{"href":"https:\/\/exceladvisor.org\/it\/wp-json\/wp\/v2\/media?parent=1749"}],"curies":[{"name":"wp","href":"https:\/\/api.w.org\/{rel}","templated":true}]}}