{"id":1750,"date":"2023-11-07T14:55:12","date_gmt":"2023-11-07T14:55:12","guid":{"rendered":"https:\/\/exceladvisor.org\/it\/trovare-duplicati-2\/"},"modified":"2023-12-10T06:26:02","modified_gmt":"2023-12-10T06:26:02","slug":"trovare-duplicati-2","status":"publish","type":"page","link":"https:\/\/exceladvisor.org\/it\/trovare-duplicati-2\/","title":{"rendered":"Come trovare ed evidenziare i duplicati?"},"content":{"rendered":"<div class=\"excel-prima-del-contenuto\" id=\"excel-3376400767\"><script type=\"text\/javascript\">\r\n\tatOptions = {\r\n\t\t'key' : 'c1158f160081d6540a8409e6925dab94',\r\n\t\t'format' : 'iframe',\r\n\t\t'height' : 250,\r\n\t\t'width' : 300,\r\n\t\t'params' : {}\r\n\t};\r\n<\/script>\r\n<script type=\"text\/javascript\" src=\"\/\/www.highperformanceformat.com\/c1158f160081d6540a8409e6925dab94\/invoke.js\"><\/script><\/div> <p>L&#8217;utilizzo della formattazione condizionale \u00e8 il modo migliore per evidenziare rapidamente i valori duplicati in Excel. E in questo tutorial impareremo questi passaggi in dettaglio.<\/p><h2 id=\"0-steps-to-highlight-the-duplicates\" class=\"wp-block-heading\"> Passaggi per evidenziare i duplicati<\/h2><ol><li> Seleziona l&#8217;intervallo di celle in cui sono presenti i dati. <br><img loading=\"lazy\" decoding=\"async\" title=\"1-seleziona-intervallo-trova-ed-evidenzia-duplicati\" src=\"https:\/\/exceladvisor.org\/wp-content\/uploads\/2023\/08\/1-selectionnez-la-gamme-trouver-et-mettre-en-surbrillance-les-doublons.png\" sizes=\"auto, \" srcset=\"\" alt=\"1-select-the-range-find-and-highlight-duplicates\" width=\"488\" height=\"168\"><\/li><li> Successivamente, vai su Home &gt; Formattazione condizionale &gt; Regole di evidenziazione delle celle &gt; Valori duplicati. <br><img loading=\"lazy\" decoding=\"async\" title=\"2-vai-a-casa-trova-e-duplica-i-duplicati\" src=\"https:\/\/exceladvisor.org\/wp-content\/uploads\/2023\/08\/2-aller-a-laccueil-trouver-et-mettre-en-surbrillance-les-doublons.png\" sizes=\"auto, \" srcset=\"\" alt=\"2-go-to-home-find-and-highlight-duplicates\" width=\"339\" height=\"392\"><\/li><li> Ora hai una finestra di dialogo per specificare il colore che desideri applicare alle celle con valori duplicati. <br><img loading=\"lazy\" decoding=\"async\" title=\"3-una-finestra-di-dialogo-per-specificare-il-colore-trova-ed-evidenzia-duplicati\" src=\"https:\/\/exceladvisor.org\/wp-content\/uploads\/2023\/08\/3-une-boite-de-dialogue-pour-specifier-la-couleur-trouver-et-mettre-en-evidence-les-doublons.png\" sizes=\"auto, \" srcset=\"\" alt=\"3-a-dialog-box-to-specify-the-color-find-and-highlight-duplicates\" width=\"579\" height=\"210\"><\/li><li> E nel momento in cui fai clic su OK, tutte le celle vengono evidenziate in rosso. <br><img loading=\"lazy\" decoding=\"async\" title=\"4 celle tutte evidenziate, trova ed evidenzia duplicati\" src=\"https:\/\/exceladvisor.org\/wp-content\/uploads\/2023\/08\/4-toutes-les-cellules-en-surbrillance-trouvent-et-mettent-en-surbrillance-les-doublons.png\" sizes=\"auto, \" srcset=\"\" alt=\"4-all-the-cells-highlighted-find-and-highlight-duplicates\" width=\"494\" height=\"171\"><\/li><\/ol><p> Come ho detto, questo \u00e8 il modo pi\u00f9 veloce per evidenziare e trovare valori duplicati in un intervallo di celle. Questa \u00e8 la regola predefinita nella formattazione condizionale che puoi utilizzare. Dalla stessa opzione puoi anche trovare valori univoci. Puoi modificarlo dal menu a discesa. <\/p><div class=\"wp-block-image\"><figure class=\"aligncenter size-full is-resized\"><img loading=\"lazy\" decoding=\"async\" class=\"wp-image-91375\" src=\"https:\/\/exceladvisor.org\/wp-content\/uploads\/2023\/08\/5-regles-predefinies-pour-trouver-et-mettre-en-evidence-les-doublons.png\" sizes=\"auto, \" srcset=\"\" alt=\"regola predefinita per trovare ed evidenziare i duplicati\" width=\"378\" height=\"121\"><\/figure><\/div><p> E puoi anche utilizzare la diversa formattazione, se lo desideri. Sono disponibili sei formattazioni predefinite che \u00e8 possibile utilizzare oppure \u00e8 possibile scegliere la formattazione dall&#8217;opzione di formattazione personalizzata. <\/p><div class=\"wp-block-image\"><figure class=\"aligncenter size-full is-resized\"><img loading=\"lazy\" decoding=\"async\" class=\"wp-image-91376\" src=\"https:\/\/exceladvisor.org\/wp-content\/uploads\/2023\/08\/6-options-de-formatage-personnalisees-pour-trouver-et-mettre-en-surbrillance-les-doublons.png\" sizes=\"auto, \" srcset=\"\" alt=\"opzione-formattazione-personalizzata-trova-ed-evidenzia-duplicati\" width=\"443\" height=\"251\"><\/figure><\/div><h2 id=\"1-highlighting-triplicates-with-conditional-formatting\" class=\"wp-block-heading\"> Evidenziazione delle triple copie con formattazione condizionale<\/h2><p> Puoi anche utilizzare valori di evidenziazione tripli, non solo tripli ma qualsiasi valore presente pi\u00f9 di 3 volte nei dati. Non abbiamo una regola predefinita, ma possiamo creare una regola personalizzata utilizzando una formula.<\/p><ol type=\"1\"><li> Seleziona i dati da cui desideri evidenziare i valori.<\/li><li> Vai a Home &gt; Formattazione condizionale &gt; Nuova regola.<\/li><li> E quindi fare clic su &#8220;Utilizza una formula per determinare quali celle formattare&#8221;.<\/li><li> Inserisci la formula (=COUNTIF($A$1:$E$7,A1)&gt;2) e fai clic sul pulsante di formattazione per applicare la formattazione della cella.<\/li><li> Alla fine, premi Invio per applicare la regola. <\/li><\/ol><div class=\"wp-block-image\"><figure class=\"aligncenter size-full is-resized\"><img loading=\"lazy\" decoding=\"async\" class=\"wp-image-91377\" src=\"https:\/\/exceladvisor.org\/wp-content\/uploads\/2023\/08\/7-surlignage-en-trois-exemplaires-avec-mise-en-forme-conditionnelle.png\" sizes=\"auto, \" srcset=\"\" alt=\"evidenziazione tripla con formattazione condizionale\" width=\"543\" height=\"357\"><\/figure><\/div><p> E nel momento in cui premi Invio, vengono evidenziati tutti i luoghi in cui sei stato pi\u00f9 di due volte. <\/p><div class=\"wp-block-image\"><figure class=\"aligncenter size-full is-resized\"><img loading=\"lazy\" decoding=\"async\" class=\"wp-image-91378\" src=\"https:\/\/exceladvisor.org\/wp-content\/uploads\/2023\/08\/8-se-sont-produites-plus-de-deux-fois-trouver-et-mettre-en-evidence-les-doublons.png\" sizes=\"auto, \" srcset=\"\" alt=\"produce pi\u00f9 di due volte trova ed evidenzia duplicati\" width=\"584\" height=\"202\"><\/figure><\/div><p> Nell&#8217;esempio sopra, puoi vedere che abbiamo tutti i valori la cui occorrenza \u00e8 maggiore di 2 nell&#8217;intero set di dati. E la formula che abbiamo usato \u00e8 piuttosto semplice.<\/p><pre class=\"wp-block-code\"> <code class=\"language-excel-formula\" lang=\"excel-formula\">=COUNTIF($A$1:$E$7,A1)&gt;2<\/code><\/pre><p> In questa formula, abbiamo utilizzato CONTA.SE per contare il valore di ciascuna cella nell&#8217;intero intervallo. E se il numero di valori \u00e8 maggiore di 2, restituisce TRUE nel risultato. E quando \u00e8 vero, applica la regola della formattazione condizionale.<\/p><p> Ecco un altro esempio in cui abbiamo utilizzato un riferimento di cella alla cella G3. Ora la regola \u00e8 dinamica e quando modifichi il valore nella cella, utilizza quel numero per verificare la presenza del valore nell&#8217;intervallo. <\/p><div class=\"wp-block-image\"><figure class=\"aligncenter size-full is-resized\"><img loading=\"lazy\" decoding=\"async\" class=\"wp-image-91379\" src=\"https:\/\/exceladvisor.org\/wp-content\/uploads\/2023\/08\/9-tester-loccurrence-pour-trouver-et-mettre-en-evidence-les-doublons.png\" sizes=\"auto, \" srcset=\"\" alt=\"testare l'occorrenza per trovare ed evidenziare i duplicati\" width=\"643\" height=\"421\"><\/figure><\/div><p> L&#8217;aspetto migliore dell&#8217;utilizzo della formattazione condizionale per trovare ed evidenziare i duplicati \u00e8 che \u00e8 rapido e predefinito. Non \u00e8 necessario fare alcuno sforzo aggiuntivo per usarlo. <\/p><div class=\"gb-container gb-container-52dfcee1 gb-container-sample-file\"><h2 id=\"2-get-the-excel-file\" class=\"gb-headline gb-headline-e289c143 gb-headline-text gb-headline-4f7959c2\"> Ottieni il file Excel<\/h2> <a class=\"gb-button gb-button-e88d6bee gb-button-text gb-button-button1\" href=\"https:\/\/exceladvisor.org\/wp-content\/uploads\/2023\/08\/trouver-des-doublons.xlsx\" rel=\"nofollow\">Scaricamento<\/a><\/div><div class=\"gb-container gb-container-6076ba72 gb-container-mt\"> <a class=\"gb-button gb-button-76e6a499 gb-button-text gb-button-mt-button\" href=\"https:\/\/exceladvisor.org\/it\/nozioni-di-base-su-excel\/\">Impara le basi di Excel<\/a><h2 class=\"gb-headline gb-headline-a9e9e206 gb-headline-text gb-headline-mt-heading\"> Ulteriori informazioni sulla <a href=\"https:\/\/exceladvisor.org\/it\/formattazione-condizionale\/\">formattazione condizionale<\/a> <\/h2><div class=\"gb-grid-wrapper gb-grid-wrapper-790317cb gb-grid-wrapper-mt-grid\"><div class=\"gb-grid-column gb-grid-column-a9845ede\"><div class=\"gb-container gb-container-a9845ede\"><ul><li> <a href=\"https:\/\/exceladvisor.org\/it\/applicare-la-formattazione-condizionale\/\">Applicare la formattazione condizionale a una tabella pivot<\/a><\/li><li> <a href=\"https:\/\/exceladvisor.org\/it\/ritirare\/\">Rimuovi la formattazione condizionale<\/a><\/li><li> <a href=\"https:\/\/exceladvisor.org\/it\/celle-vuote\/\">Applica la formattazione condizionale su celle vuote in Excel<\/a><\/li><li> <a href=\"https:\/\/exceladvisor.org\/it\/confrontare-le-colonne\/\">Confronta due colonne utilizzando la formattazione condizionale<\/a><\/li><li> <a href=\"https:\/\/exceladvisor.org\/it\/unaltra-cella\/\">Applica la formattazione condizionale in base a un&#8217;altra cella<\/a> <\/li><\/ul><\/div><\/div><div class=\"gb-grid-column gb-grid-column-ec8ff319\"><div class=\"gb-container gb-container-ec8ff319\"><\/div><\/div><\/div><\/div>","protected":false},"excerpt":{"rendered":"","protected":false},"author":1,"featured_media":0,"parent":0,"menu_order":0,"comment_status":"open","ping_status":"closed","template":"","meta":{"ub_ctt_via":"","footnotes":""},"class_list":["post-1750","page","type-page","status-publish","hentry"],"featured_image_src":null,"yoast_head":"<!-- This site is optimized with the Yoast SEO plugin v25.4 - https:\/\/yoast.com\/wordpress\/plugins\/seo\/ -->\n<title>Come trovare ed evidenziare i duplicati in Excel?<\/title>\n<meta name=\"description\" content=\"Il modo migliore per identificare valori duplicati da un intervallo di celle \u00e8 utilizzare la formattazione condizionale.\" \/>\n<meta name=\"robots\" content=\"index, follow, max-snippet:-1, max-image-preview:large, max-video-preview:-1\" \/>\n<link rel=\"canonical\" href=\"https:\/\/exceladvisor.org\/it\/trovare-duplicati-2\/\" \/>\n<meta property=\"og:locale\" content=\"it_IT\" \/>\n<meta property=\"og:type\" content=\"article\" \/>\n<meta property=\"og:title\" content=\"Come trovare ed evidenziare i duplicati in Excel?\" \/>\n<meta property=\"og:description\" content=\"Il modo migliore per identificare valori duplicati da un intervallo di celle \u00e8 utilizzare la formattazione condizionale.\" \/>\n<meta property=\"og:url\" content=\"https:\/\/exceladvisor.org\/it\/trovare-duplicati-2\/\" \/>\n<meta property=\"og:site_name\" content=\"Excel Advisor\" \/>\n<meta property=\"article:modified_time\" content=\"2023-12-10T06:26:02+00:00\" \/>\n<meta property=\"og:image\" content=\"https:\/\/exceladvisor.org\/wp-content\/uploads\/2023\/08\/1-selectionnez-la-gamme-trouver-et-mettre-en-surbrillance-les-doublons.png\" \/>\n<meta name=\"twitter:card\" content=\"summary_large_image\" \/>\n<meta name=\"twitter:label1\" content=\"Tempo di lettura stimato\" \/>\n\t<meta name=\"twitter:data1\" content=\"2 minuti\" \/>\n<script type=\"application\/ld+json\" class=\"yoast-schema-graph\">{\"@context\":\"https:\/\/schema.org\",\"@graph\":[{\"@type\":\"WebPage\",\"@id\":\"https:\/\/exceladvisor.org\/it\/trovare-duplicati-2\/\",\"url\":\"https:\/\/exceladvisor.org\/it\/trovare-duplicati-2\/\",\"name\":\"Come trovare ed evidenziare i duplicati in Excel?\",\"isPartOf\":{\"@id\":\"https:\/\/exceladvisor.org\/it\/#website\"},\"primaryImageOfPage\":{\"@id\":\"https:\/\/exceladvisor.org\/it\/trovare-duplicati-2\/#primaryimage\"},\"image\":{\"@id\":\"https:\/\/exceladvisor.org\/it\/trovare-duplicati-2\/#primaryimage\"},\"thumbnailUrl\":\"https:\/\/exceladvisor.org\/wp-content\/uploads\/2023\/08\/1-selectionnez-la-gamme-trouver-et-mettre-en-surbrillance-les-doublons.png\",\"datePublished\":\"2023-11-07T14:55:12+00:00\",\"dateModified\":\"2023-12-10T06:26:02+00:00\",\"description\":\"Il modo migliore per identificare valori duplicati da un intervallo di celle \u00e8 utilizzare la formattazione condizionale.\",\"breadcrumb\":{\"@id\":\"https:\/\/exceladvisor.org\/it\/trovare-duplicati-2\/#breadcrumb\"},\"inLanguage\":\"it-IT\",\"potentialAction\":[{\"@type\":\"ReadAction\",\"target\":[\"https:\/\/exceladvisor.org\/it\/trovare-duplicati-2\/\"]}]},{\"@type\":\"ImageObject\",\"inLanguage\":\"it-IT\",\"@id\":\"https:\/\/exceladvisor.org\/it\/trovare-duplicati-2\/#primaryimage\",\"url\":\"https:\/\/exceladvisor.org\/wp-content\/uploads\/2023\/08\/1-selectionnez-la-gamme-trouver-et-mettre-en-surbrillance-les-doublons.png\",\"contentUrl\":\"https:\/\/exceladvisor.org\/wp-content\/uploads\/2023\/08\/1-selectionnez-la-gamme-trouver-et-mettre-en-surbrillance-les-doublons.png\"},{\"@type\":\"BreadcrumbList\",\"@id\":\"https:\/\/exceladvisor.org\/it\/trovare-duplicati-2\/#breadcrumb\",\"itemListElement\":[{\"@type\":\"ListItem\",\"position\":1,\"name\":\"Home\",\"item\":\"https:\/\/exceladvisor.org\/it\/\"},{\"@type\":\"ListItem\",\"position\":2,\"name\":\"Come trovare ed evidenziare i duplicati?\"}]},{\"@type\":\"WebSite\",\"@id\":\"https:\/\/exceladvisor.org\/it\/#website\",\"url\":\"https:\/\/exceladvisor.org\/it\/\",\"name\":\"Excel Advisor\",\"description\":\"Tips, Tricks, and Time-Saving Hacks\",\"publisher\":{\"@id\":\"https:\/\/exceladvisor.org\/it\/#organization\"},\"potentialAction\":[{\"@type\":\"SearchAction\",\"target\":{\"@type\":\"EntryPoint\",\"urlTemplate\":\"https:\/\/exceladvisor.org\/it\/?s={search_term_string}\"},\"query-input\":{\"@type\":\"PropertyValueSpecification\",\"valueRequired\":true,\"valueName\":\"search_term_string\"}}],\"inLanguage\":\"it-IT\"},{\"@type\":\"Organization\",\"@id\":\"https:\/\/exceladvisor.org\/it\/#organization\",\"name\":\"Excel Advisor\",\"url\":\"https:\/\/exceladvisor.org\/it\/\",\"logo\":{\"@type\":\"ImageObject\",\"inLanguage\":\"it-IT\",\"@id\":\"https:\/\/exceladvisor.org\/it\/#\/schema\/logo\/image\/\",\"url\":\"https:\/\/exceladvisor.org\/it\/wp-content\/uploads\/2023\/12\/exceladvisor.org_.png\",\"contentUrl\":\"https:\/\/exceladvisor.org\/it\/wp-content\/uploads\/2023\/12\/exceladvisor.org_.png\",\"width\":105,\"height\":36,\"caption\":\"Excel Advisor\"},\"image\":{\"@id\":\"https:\/\/exceladvisor.org\/it\/#\/schema\/logo\/image\/\"}}]}<\/script>\n<!-- \/ Yoast SEO plugin. -->","yoast_head_json":{"title":"Come trovare ed evidenziare i duplicati in Excel?","description":"Il modo migliore per identificare valori duplicati da un intervallo di celle \u00e8 utilizzare la formattazione condizionale.","robots":{"index":"index","follow":"follow","max-snippet":"max-snippet:-1","max-image-preview":"max-image-preview:large","max-video-preview":"max-video-preview:-1"},"canonical":"https:\/\/exceladvisor.org\/it\/trovare-duplicati-2\/","og_locale":"it_IT","og_type":"article","og_title":"Come trovare ed evidenziare i duplicati in Excel?","og_description":"Il modo migliore per identificare valori duplicati da un intervallo di celle \u00e8 utilizzare la formattazione condizionale.","og_url":"https:\/\/exceladvisor.org\/it\/trovare-duplicati-2\/","og_site_name":"Excel Advisor","article_modified_time":"2023-12-10T06:26:02+00:00","og_image":[{"url":"https:\/\/exceladvisor.org\/wp-content\/uploads\/2023\/08\/1-selectionnez-la-gamme-trouver-et-mettre-en-surbrillance-les-doublons.png","type":"","width":"","height":""}],"twitter_card":"summary_large_image","twitter_misc":{"Tempo di lettura stimato":"2 minuti"},"schema":{"@context":"https:\/\/schema.org","@graph":[{"@type":"WebPage","@id":"https:\/\/exceladvisor.org\/it\/trovare-duplicati-2\/","url":"https:\/\/exceladvisor.org\/it\/trovare-duplicati-2\/","name":"Come trovare ed evidenziare i duplicati in Excel?","isPartOf":{"@id":"https:\/\/exceladvisor.org\/it\/#website"},"primaryImageOfPage":{"@id":"https:\/\/exceladvisor.org\/it\/trovare-duplicati-2\/#primaryimage"},"image":{"@id":"https:\/\/exceladvisor.org\/it\/trovare-duplicati-2\/#primaryimage"},"thumbnailUrl":"https:\/\/exceladvisor.org\/wp-content\/uploads\/2023\/08\/1-selectionnez-la-gamme-trouver-et-mettre-en-surbrillance-les-doublons.png","datePublished":"2023-11-07T14:55:12+00:00","dateModified":"2023-12-10T06:26:02+00:00","description":"Il modo migliore per identificare valori duplicati da un intervallo di celle \u00e8 utilizzare la formattazione condizionale.","breadcrumb":{"@id":"https:\/\/exceladvisor.org\/it\/trovare-duplicati-2\/#breadcrumb"},"inLanguage":"it-IT","potentialAction":[{"@type":"ReadAction","target":["https:\/\/exceladvisor.org\/it\/trovare-duplicati-2\/"]}]},{"@type":"ImageObject","inLanguage":"it-IT","@id":"https:\/\/exceladvisor.org\/it\/trovare-duplicati-2\/#primaryimage","url":"https:\/\/exceladvisor.org\/wp-content\/uploads\/2023\/08\/1-selectionnez-la-gamme-trouver-et-mettre-en-surbrillance-les-doublons.png","contentUrl":"https:\/\/exceladvisor.org\/wp-content\/uploads\/2023\/08\/1-selectionnez-la-gamme-trouver-et-mettre-en-surbrillance-les-doublons.png"},{"@type":"BreadcrumbList","@id":"https:\/\/exceladvisor.org\/it\/trovare-duplicati-2\/#breadcrumb","itemListElement":[{"@type":"ListItem","position":1,"name":"Home","item":"https:\/\/exceladvisor.org\/it\/"},{"@type":"ListItem","position":2,"name":"Come trovare ed evidenziare i duplicati?"}]},{"@type":"WebSite","@id":"https:\/\/exceladvisor.org\/it\/#website","url":"https:\/\/exceladvisor.org\/it\/","name":"Excel Advisor","description":"Tips, Tricks, and Time-Saving Hacks","publisher":{"@id":"https:\/\/exceladvisor.org\/it\/#organization"},"potentialAction":[{"@type":"SearchAction","target":{"@type":"EntryPoint","urlTemplate":"https:\/\/exceladvisor.org\/it\/?s={search_term_string}"},"query-input":{"@type":"PropertyValueSpecification","valueRequired":true,"valueName":"search_term_string"}}],"inLanguage":"it-IT"},{"@type":"Organization","@id":"https:\/\/exceladvisor.org\/it\/#organization","name":"Excel Advisor","url":"https:\/\/exceladvisor.org\/it\/","logo":{"@type":"ImageObject","inLanguage":"it-IT","@id":"https:\/\/exceladvisor.org\/it\/#\/schema\/logo\/image\/","url":"https:\/\/exceladvisor.org\/it\/wp-content\/uploads\/2023\/12\/exceladvisor.org_.png","contentUrl":"https:\/\/exceladvisor.org\/it\/wp-content\/uploads\/2023\/12\/exceladvisor.org_.png","width":105,"height":36,"caption":"Excel Advisor"},"image":{"@id":"https:\/\/exceladvisor.org\/it\/#\/schema\/logo\/image\/"}}]}},"yoast_meta":{"yoast_wpseo_title":"","yoast_wpseo_metadesc":"","yoast_wpseo_canonical":""},"_links":{"self":[{"href":"https:\/\/exceladvisor.org\/it\/wp-json\/wp\/v2\/pages\/1750","targetHints":{"allow":["GET"]}}],"collection":[{"href":"https:\/\/exceladvisor.org\/it\/wp-json\/wp\/v2\/pages"}],"about":[{"href":"https:\/\/exceladvisor.org\/it\/wp-json\/wp\/v2\/types\/page"}],"author":[{"embeddable":true,"href":"https:\/\/exceladvisor.org\/it\/wp-json\/wp\/v2\/users\/1"}],"replies":[{"embeddable":true,"href":"https:\/\/exceladvisor.org\/it\/wp-json\/wp\/v2\/comments?post=1750"}],"version-history":[{"count":1,"href":"https:\/\/exceladvisor.org\/it\/wp-json\/wp\/v2\/pages\/1750\/revisions"}],"predecessor-version":[{"id":2744,"href":"https:\/\/exceladvisor.org\/it\/wp-json\/wp\/v2\/pages\/1750\/revisions\/2744"}],"wp:attachment":[{"href":"https:\/\/exceladvisor.org\/it\/wp-json\/wp\/v2\/media?parent=1750"}],"curies":[{"name":"wp","href":"https:\/\/api.w.org\/{rel}","templated":true}]}}