{"id":1756,"date":"2023-11-06T22:52:07","date_gmt":"2023-11-06T22:52:07","guid":{"rendered":"https:\/\/exceladvisor.org\/it\/errore-di-fuoriuscita\/"},"modified":"2023-12-10T06:25:27","modified_gmt":"2023-12-10T06:25:27","slug":"errore-di-fuoriuscita","status":"publish","type":"page","link":"https:\/\/exceladvisor.org\/it\/errore-di-fuoriuscita\/","title":{"rendered":"Come risolvere lo #spread! errore in excel?"},"content":{"rendered":"<div class=\"excel-prima-del-contenuto\" id=\"excel-1452689027\"><script type=\"text\/javascript\">\r\n\tatOptions = {\r\n\t\t'key' : 'c1158f160081d6540a8409e6925dab94',\r\n\t\t'format' : 'iframe',\r\n\t\t'height' : 250,\r\n\t\t'width' : 300,\r\n\t\t'params' : {}\r\n\t};\r\n<\/script>\r\n<script type=\"text\/javascript\" src=\"\/\/www.highperformanceformat.com\/c1158f160081d6540a8409e6925dab94\/invoke.js\"><\/script><\/div> <h2 id=\"h-spill-range-is-not-blank\" class=\"wp-block-heading\">L&#8217;intervallo di fuoriuscita non \u00e8 vuoto<\/h2><p> In Excel otterrai il #SPILL! errore quando si utilizza una funzione dinamica che restituisce il risultato in un intervallo di pi\u00f9 celle, ma quell&#8217;intervallo contiene gi\u00e0 valori e ora questa funzione dinamica non pu\u00f2 sovrascrivere i valori per restituire il risultato in quell&#8217;intervallo. Ora per ottenere il risultato \u00e8 necessario cancellare i valori dall&#8217;intervallo. <\/p><div class=\"wp-block-image\"><figure class=\"aligncenter size-full is-resized\"><img loading=\"lazy\" decoding=\"async\" class=\"wp-image-72518\" src=\"https:\/\/exceladvisor.org\/wp-content\/uploads\/2023\/08\/1-plage-de-deversement.png\" sizes=\"auto, \" srcset=\"\" alt=\"intervallo di scarico\" width=\"462\" height=\"317\"><\/figure><\/div><p> Nell&#8217;esempio sopra, puoi vedere che stiamo utilizzando la funzione RANDARRAY che restituisce valori casuali in un intervallo specifico di celle da te definito. E nella funzione definisco cinque righe e cinque colonne per i valori dei risultati, ovvero l&#8217;intervallo A1:E5.<\/p><p> Ora, come puoi vedere nella cella B3, ho gi\u00e0 un valore l\u00ec e questo \u00e8 il motivo per cui questa formula dinamica non pu\u00f2 espandere il suo risultato e restituisce #SPILL! Errore. <\/p><div class=\"wp-block-image\"><figure class=\"aligncenter size-full is-resized\"><img loading=\"lazy\" decoding=\"async\" class=\"wp-image-72519\" src=\"https:\/\/exceladvisor.org\/wp-content\/uploads\/2023\/08\/2-valeur-dans-la-plage-de-deversement.png\" sizes=\"auto, \" srcset=\"\" alt=\"intervallo di valori di fuoriuscita\" width=\"395\" height=\"414\"><\/figure><\/div><p> Per risolvere questo problema, \u00e8 necessario rimuovere il valore dalla cella B3 e la funzione dinamica (RANDARRAY) si espande e restituisce il risultato nell&#8217;intervallo A1:E5 ovvero cinque righe e cinque colonne.<\/p><h2 id=\"h-spill-range-error-in-a-table\" class=\"wp-block-heading\"> Errore di intervallo di fuoriuscita in un array<\/h2><p> Se stai utilizzando array dinamici, in questo caso c&#8217;\u00e8 la possibilit\u00e0 che tu riceva lo #SPILL! errore. Il motivo \u00e8 che <strong><mark class=\"has-inline-color\" style=\"background-color: #fdde6c;\">le tabelle non supportano ancora le formule dinamiche<\/mark><\/strong> . <\/p><div class=\"wp-block-image\"><figure class=\"aligncenter size-full is-resized\"><img loading=\"lazy\" decoding=\"async\" class=\"wp-image-72520\" src=\"https:\/\/exceladvisor.org\/wp-content\/uploads\/2023\/08\/3-erreur-de-plage-de-deversement-dans-le-tableau.png\" sizes=\"auto, \" srcset=\"\" alt=\"errore-intervallo-di-sversamento-nella-tabella\" width=\"501\" height=\"466\"><\/figure><\/div><p> Nell&#8217;esempio sopra abbiamo la Tabella1 in cui stiamo cercando di ottenere il numero casuale in una colonna e dieci righe ma poich\u00e9 stiamo utilizzando la tabella ha restituito un errore di overflow.<\/p><p> Secondo Microsoft non esiste ancora il supporto per le funzioni dinamiche sulle tabelle Excel. La soluzione \u00e8 convertire la tabella in un intervallo normale o spostare la formula in un intervallo normale.<\/p><p class=\"myalert\"> E quando converti la tua tabella in un intervallo normale, assicurati di eliminare e reinserire la formula, altrimenti ti mostrer\u00e0 sempre l&#8217;errore per tutti i valori diversi dall&#8217;ultimo valore. <\/p><div class=\"wp-block-image\"><figure class=\"aligncenter size-full is-resized\"><img loading=\"lazy\" decoding=\"async\" class=\"wp-image-72521\" src=\"https:\/\/exceladvisor.org\/wp-content\/uploads\/2023\/08\/4-supprimer-et-saisir-a-nouveau-la-formule.png\" sizes=\"auto, \" srcset=\"\" alt=\"eliminare e reinserire la formula\" width=\"387\" height=\"550\"><\/figure><\/div><p> Quando converti la tabella in un intervallo normale, Excel tenta di estendere la formula dinamica ad altre celle, ma quelle celle presentano ancora l&#8217;errore di fuoriuscita (diverso dall&#8217;ultima cella con la formula) ed \u00e8 per questo che la formula dinamica non sar\u00e0 in grado di farlo ottieni il risultato per te.<\/p><h2 id=\"h-spill-error-problem-with-vlookup\" class=\"wp-block-heading\"> #DIFFUSIONE! Problema di errore con CERCA.VERT<\/h2><p> Pu\u00f2 succedere che venga visualizzato l&#8217;errore di sversamento con CERCA.VERT. Bene, non \u00e8 comune ottenere questo <a href=\"https:\/\/exceladvisor.org\/it\/iferror-vlookup\/\">errore con VLOOKUP<\/a> , ma c&#8217;\u00e8 una possibilit\u00e0 che lo ottenga. Per capirlo, devi capire la situazione e come stai usando la formula nel modo sbagliato. <\/p><div class=\"wp-block-image\"><figure class=\"aligncenter size-full is-resized\"><img loading=\"lazy\" decoding=\"async\" class=\"wp-image-72522\" src=\"https:\/\/exceladvisor.org\/wp-content\/uploads\/2023\/08\/5-erreur-de-deversement-avec-vlookup.png\" sizes=\"auto, \" srcset=\"\" alt=\"errore-fuoriuscita-con-vlookup\" width=\"410\" height=\"395\"><\/figure><\/div><p> Nella formula sopra, nel valore di ricerca invece di fare riferimento a una singola cella, ho fatto riferimento all&#8217;intera colonna, rendendola una formula dinamica.<\/p><p> Ora, poich\u00e9 ho fatto riferimento all&#8217;intera colonna in cui ho un totale di 1048576 celle, e con la formula dinamica Excel restituir\u00e0 1048576 risultati. Corretto?<\/p><p><mark class=\"has-inline-color\" style=\"background-color: #fdde6c;\"> <strong>Ora il problema \u00e8<\/strong><\/mark> per ottenere i risultati 1048576 devo avere 1048576 celle, ma mi manca una cella perch\u00e9 la mia formula inizia da D2. <\/p><div class=\"wp-block-image\"><figure class=\"aligncenter size-full is-resized\"><img loading=\"lazy\" decoding=\"async\" class=\"wp-image-72523\" src=\"https:\/\/exceladvisor.org\/wp-content\/uploads\/2023\/08\/6-formule-de-recherche-v.png\" sizes=\"auto, \" srcset=\"\" alt=\"vlookup-formula\" width=\"447\" height=\"414\"><\/figure><\/div><p> E quando utilizzo la stessa formula dalla prima cella di una colonna, ottengo tutte le formule in modo accurato.<\/p><h2 id=\"h-merge-cell-can-also-cause-a-spill-error\" class=\"wp-block-heading\"> Anche l&#8217;unione delle celle pu\u00f2 causare una #SPILL! Errore<\/h2><p> Se hai una cella unita nell&#8217;intervallo di fuoriuscita mentre inserisci una formula dinamica, anche in questo caso otterrai l&#8217;errore di fuoriuscita nel risultato. <\/p><div class=\"wp-block-image\"><figure class=\"aligncenter size-full is-resized\"><img loading=\"lazy\" decoding=\"async\" class=\"wp-image-72524\" src=\"https:\/\/exceladvisor.org\/wp-content\/uploads\/2023\/08\/7-cellule-de-fusion-provoque-une-erreur-de-debordement.png\" sizes=\"auto, \" srcset=\"\" alt=\"l'unione delle celle causa errori di fuoriuscita\" width=\"465\" height=\"357\"><\/figure><\/div><p> Nell&#8217;esempio sopra abbiamo una cella unita per l&#8217;intervallo B2:C3 e quando proviamo a inserire RANDARRAY nella cella A1 restituisce l&#8217;errore di trasferimento nella cella A1 perch\u00e9 non \u00e8 possibile riscrivere un risultato in una cella unita.<\/p><h2 id=\"h-selecting-obstructing-cells-to-fix-the-spill-error\" class=\"wp-block-heading\"> Selezione delle cellule ostruenti per riparare lo #SPILL! Errore<\/h2><p> Quando fai clic sulla cella in cui hai lo #SPILL! errore, viene visualizzato un menu a discesa in cui sono disponibili alcune opzioni per gestirlo. <\/p><div class=\"wp-block-image\"><figure class=\"aligncenter size-full is-resized\"><img loading=\"lazy\" decoding=\"async\" class=\"wp-image-72525\" src=\"https:\/\/exceladvisor.org\/wp-content\/uploads\/2023\/08\/8-cellules-obstruantes-selectionnees.png\" sizes=\"auto, \" srcset=\"\" alt=\"selezionare-cellule-ostruenti\" width=\"389\" height=\"377\"><\/figure><\/div><p> In terza posizione, viene visualizzata un&#8217;opzione per selezionare le celle che ostruiscono, ovvero le celle che bloccano il risultato. E nel momento in cui fai clic su questa opzione, verranno selezionate tutte le celle che hanno un valore. <\/p><div class=\"wp-block-image\"><figure class=\"aligncenter size-full is-resized\"><img loading=\"lazy\" decoding=\"async\" class=\"wp-image-72526\" src=\"https:\/\/exceladvisor.org\/wp-content\/uploads\/2023\/08\/9-cellules-ont-deja-une-valeur.png\" sizes=\"auto, \" srcset=\"\" alt=\"valori-gi\u00e0-della-cella\" width=\"429\" height=\"212\"><\/figure><\/div><p> Se hai pi\u00f9 celle, selezioner\u00e0 tutte quelle celle e potrai rimuovere i valori da quelle celle per ottenere il risultato entro l&#8217;intervallo definito nella formula. <\/p><div class=\"wp-block-image\"><figure class=\"aligncenter size-full is-resized\"><img loading=\"lazy\" decoding=\"async\" class=\"wp-image-72527\" src=\"https:\/\/exceladvisor.org\/wp-content\/uploads\/2023\/08\/10-cellules-multiples-ayant-une-valeur.png\" sizes=\"auto, \" srcset=\"\" alt=\"diverse celle con un valore\" width=\"476\" height=\"204\"><\/figure><\/div><h2 id=\"h-use-for-implicit-intersection\" class=\"wp-block-heading\"> Utilizzare @ per l&#8217;intersezione implicita<\/h2><p> Quando si utilizza una funzione dinamica che utilizza un intervallo di overflow (risultato restituito in pi\u00f9 celle), per evitare #SPILL! errore, puoi utilizzare l&#8217;operatore @ all&#8217;inizio della formula per fare in modo che la formula restituisca i risultati in una singola cella anzich\u00e9 in un array per pi\u00f9 celle. <\/p><div class=\"wp-block-image\"><figure class=\"aligncenter size-full is-resized\"><img loading=\"lazy\" decoding=\"async\" class=\"wp-image-72528\" src=\"https:\/\/exceladvisor.org\/wp-content\/uploads\/2023\/08\/11-utilisation-pour-intersection-implicite.png\" sizes=\"auto, \" srcset=\"\" alt=\"utilizzare-@-per-intersezione-implicita\" width=\"497\" height=\"328\"><\/figure><\/div><div class=\"gb-container gb-container-52dfcee1 gb-container-sample-file\"><h2 class=\"gb-headline gb-headline-e289c143 gb-headline-text gb-headline-4f7959c2\"> Ottieni il file Excel<\/h2> <a class=\"gb-button gb-button-e88d6bee gb-button-text gb-button-button1\" href=\"https:\/\/exceladvisor.org\/wp-content\/uploads\/2023\/11\/erreur-de-deversement-2.xlsx\" rel=\"nofollow\">Scaricamento<\/a><\/div><div class=\"gb-container gb-container-0df56012 gb-container-mt\"> <a class=\"gb-button gb-button-f9f432f4 gb-button-text gb-button-mt-button\" href=\"https:\/\/exceladvisor.org\/it\/formule\/\">Elenco delle formule di Excel<\/a><h2 class=\"gb-headline gb-headline-233444e8 gb-headline-text gb-headline-mt-heading\"> Formule correlate <\/h2><div class=\"gb-grid-wrapper gb-grid-wrapper-a16fa65c gb-grid-wrapper-mt-grid\"><div class=\"gb-grid-column gb-grid-column-50d07e0d\"><div class=\"gb-container gb-container-50d07e0d\"><ul><li> <a href=\"https:\/\/exceladvisor.org\/it\/errore-di-divisione\/\">Errore #DIV\/0<\/a><\/li><li> <a href=\"https:\/\/exceladvisor.org\/it\/errore-di-valore\/\">#VALORE Errore<\/a><\/li><li> <a href=\"https:\/\/exceladvisor.org\/it\/ignorare-gli-errori\/\">Ignora tutti gli errori in Excel<\/a> <\/li><\/ul><\/div><\/div><div class=\"gb-grid-column gb-grid-column-5b4a0cf9\"><div class=\"gb-container gb-container-5b4a0cf9\"><ul><li> <a href=\"https:\/\/exceladvisor.org\/it\/nessun-errore\/\">#N\/D Errore in Excel<\/a><\/li><li> <a href=\"https:\/\/exceladvisor.org\/it\/errore-di-riferimento\/\">#RIF! Errore in Excel<\/a><\/li><\/ul><\/div><\/div><\/div><\/div>","protected":false},"excerpt":{"rendered":"","protected":false},"author":1,"featured_media":0,"parent":0,"menu_order":0,"comment_status":"open","ping_status":"closed","template":"","meta":{"ub_ctt_via":"","footnotes":""},"class_list":["post-1756","page","type-page","status-publish","hentry"],"featured_image_src":null,"yoast_head":"<!-- This site is optimized with the Yoast SEO plugin v25.4 - https:\/\/yoast.com\/wordpress\/plugins\/seo\/ -->\n<title>Come risolvere lo #SPREAD! Errore in Excel? (Tutorial 2023)<\/title>\n<meta name=\"description\" content=\"Ci sono molti motivi per cui si ottiene uno #SPILL! errore nel risultato di una funzione dinamica e in questo tutorial noi\" \/>\n<meta name=\"robots\" content=\"index, follow, max-snippet:-1, max-image-preview:large, max-video-preview:-1\" \/>\n<link rel=\"canonical\" href=\"https:\/\/exceladvisor.org\/it\/errore-di-fuoriuscita\/\" \/>\n<meta property=\"og:locale\" content=\"it_IT\" \/>\n<meta property=\"og:type\" content=\"article\" \/>\n<meta property=\"og:title\" content=\"Come risolvere lo #SPREAD! Errore in Excel? (Tutorial 2023)\" \/>\n<meta property=\"og:description\" content=\"Ci sono molti motivi per cui si ottiene uno #SPILL! errore nel risultato di una funzione dinamica e in questo tutorial noi\" \/>\n<meta property=\"og:url\" content=\"https:\/\/exceladvisor.org\/it\/errore-di-fuoriuscita\/\" \/>\n<meta property=\"og:site_name\" content=\"Excel Advisor\" \/>\n<meta property=\"article:modified_time\" content=\"2023-12-10T06:25:27+00:00\" \/>\n<meta property=\"og:image\" content=\"https:\/\/exceladvisor.org\/wp-content\/uploads\/2023\/08\/1-plage-de-deversement.png\" \/>\n<meta name=\"twitter:card\" content=\"summary_large_image\" \/>\n<meta name=\"twitter:label1\" content=\"Tempo di lettura stimato\" \/>\n\t<meta name=\"twitter:data1\" content=\"4 minuti\" \/>\n<script type=\"application\/ld+json\" class=\"yoast-schema-graph\">{\"@context\":\"https:\/\/schema.org\",\"@graph\":[{\"@type\":\"WebPage\",\"@id\":\"https:\/\/exceladvisor.org\/it\/errore-di-fuoriuscita\/\",\"url\":\"https:\/\/exceladvisor.org\/it\/errore-di-fuoriuscita\/\",\"name\":\"Come risolvere lo #SPREAD! Errore in Excel? (Tutorial 2023)\",\"isPartOf\":{\"@id\":\"https:\/\/exceladvisor.org\/it\/#website\"},\"primaryImageOfPage\":{\"@id\":\"https:\/\/exceladvisor.org\/it\/errore-di-fuoriuscita\/#primaryimage\"},\"image\":{\"@id\":\"https:\/\/exceladvisor.org\/it\/errore-di-fuoriuscita\/#primaryimage\"},\"thumbnailUrl\":\"https:\/\/exceladvisor.org\/wp-content\/uploads\/2023\/08\/1-plage-de-deversement.png\",\"datePublished\":\"2023-11-06T22:52:07+00:00\",\"dateModified\":\"2023-12-10T06:25:27+00:00\",\"description\":\"Ci sono molti motivi per cui si ottiene uno #SPILL! errore nel risultato di una funzione dinamica e in questo tutorial noi\",\"breadcrumb\":{\"@id\":\"https:\/\/exceladvisor.org\/it\/errore-di-fuoriuscita\/#breadcrumb\"},\"inLanguage\":\"it-IT\",\"potentialAction\":[{\"@type\":\"ReadAction\",\"target\":[\"https:\/\/exceladvisor.org\/it\/errore-di-fuoriuscita\/\"]}]},{\"@type\":\"ImageObject\",\"inLanguage\":\"it-IT\",\"@id\":\"https:\/\/exceladvisor.org\/it\/errore-di-fuoriuscita\/#primaryimage\",\"url\":\"https:\/\/exceladvisor.org\/wp-content\/uploads\/2023\/08\/1-plage-de-deversement.png\",\"contentUrl\":\"https:\/\/exceladvisor.org\/wp-content\/uploads\/2023\/08\/1-plage-de-deversement.png\"},{\"@type\":\"BreadcrumbList\",\"@id\":\"https:\/\/exceladvisor.org\/it\/errore-di-fuoriuscita\/#breadcrumb\",\"itemListElement\":[{\"@type\":\"ListItem\",\"position\":1,\"name\":\"Home\",\"item\":\"https:\/\/exceladvisor.org\/it\/\"},{\"@type\":\"ListItem\",\"position\":2,\"name\":\"Come risolvere lo #spread! errore in excel?\"}]},{\"@type\":\"WebSite\",\"@id\":\"https:\/\/exceladvisor.org\/it\/#website\",\"url\":\"https:\/\/exceladvisor.org\/it\/\",\"name\":\"Excel Advisor\",\"description\":\"Tips, Tricks, and Time-Saving Hacks\",\"publisher\":{\"@id\":\"https:\/\/exceladvisor.org\/it\/#organization\"},\"potentialAction\":[{\"@type\":\"SearchAction\",\"target\":{\"@type\":\"EntryPoint\",\"urlTemplate\":\"https:\/\/exceladvisor.org\/it\/?s={search_term_string}\"},\"query-input\":{\"@type\":\"PropertyValueSpecification\",\"valueRequired\":true,\"valueName\":\"search_term_string\"}}],\"inLanguage\":\"it-IT\"},{\"@type\":\"Organization\",\"@id\":\"https:\/\/exceladvisor.org\/it\/#organization\",\"name\":\"Excel Advisor\",\"url\":\"https:\/\/exceladvisor.org\/it\/\",\"logo\":{\"@type\":\"ImageObject\",\"inLanguage\":\"it-IT\",\"@id\":\"https:\/\/exceladvisor.org\/it\/#\/schema\/logo\/image\/\",\"url\":\"https:\/\/exceladvisor.org\/it\/wp-content\/uploads\/2023\/12\/exceladvisor.org_.png\",\"contentUrl\":\"https:\/\/exceladvisor.org\/it\/wp-content\/uploads\/2023\/12\/exceladvisor.org_.png\",\"width\":105,\"height\":36,\"caption\":\"Excel Advisor\"},\"image\":{\"@id\":\"https:\/\/exceladvisor.org\/it\/#\/schema\/logo\/image\/\"}}]}<\/script>\n<!-- \/ Yoast SEO plugin. -->","yoast_head_json":{"title":"Come risolvere lo #SPREAD! Errore in Excel? (Tutorial 2023)","description":"Ci sono molti motivi per cui si ottiene uno #SPILL! errore nel risultato di una funzione dinamica e in questo tutorial noi","robots":{"index":"index","follow":"follow","max-snippet":"max-snippet:-1","max-image-preview":"max-image-preview:large","max-video-preview":"max-video-preview:-1"},"canonical":"https:\/\/exceladvisor.org\/it\/errore-di-fuoriuscita\/","og_locale":"it_IT","og_type":"article","og_title":"Come risolvere lo #SPREAD! Errore in Excel? (Tutorial 2023)","og_description":"Ci sono molti motivi per cui si ottiene uno #SPILL! errore nel risultato di una funzione dinamica e in questo tutorial noi","og_url":"https:\/\/exceladvisor.org\/it\/errore-di-fuoriuscita\/","og_site_name":"Excel Advisor","article_modified_time":"2023-12-10T06:25:27+00:00","og_image":[{"url":"https:\/\/exceladvisor.org\/wp-content\/uploads\/2023\/08\/1-plage-de-deversement.png","type":"","width":"","height":""}],"twitter_card":"summary_large_image","twitter_misc":{"Tempo di lettura stimato":"4 minuti"},"schema":{"@context":"https:\/\/schema.org","@graph":[{"@type":"WebPage","@id":"https:\/\/exceladvisor.org\/it\/errore-di-fuoriuscita\/","url":"https:\/\/exceladvisor.org\/it\/errore-di-fuoriuscita\/","name":"Come risolvere lo #SPREAD! Errore in Excel? (Tutorial 2023)","isPartOf":{"@id":"https:\/\/exceladvisor.org\/it\/#website"},"primaryImageOfPage":{"@id":"https:\/\/exceladvisor.org\/it\/errore-di-fuoriuscita\/#primaryimage"},"image":{"@id":"https:\/\/exceladvisor.org\/it\/errore-di-fuoriuscita\/#primaryimage"},"thumbnailUrl":"https:\/\/exceladvisor.org\/wp-content\/uploads\/2023\/08\/1-plage-de-deversement.png","datePublished":"2023-11-06T22:52:07+00:00","dateModified":"2023-12-10T06:25:27+00:00","description":"Ci sono molti motivi per cui si ottiene uno #SPILL! errore nel risultato di una funzione dinamica e in questo tutorial noi","breadcrumb":{"@id":"https:\/\/exceladvisor.org\/it\/errore-di-fuoriuscita\/#breadcrumb"},"inLanguage":"it-IT","potentialAction":[{"@type":"ReadAction","target":["https:\/\/exceladvisor.org\/it\/errore-di-fuoriuscita\/"]}]},{"@type":"ImageObject","inLanguage":"it-IT","@id":"https:\/\/exceladvisor.org\/it\/errore-di-fuoriuscita\/#primaryimage","url":"https:\/\/exceladvisor.org\/wp-content\/uploads\/2023\/08\/1-plage-de-deversement.png","contentUrl":"https:\/\/exceladvisor.org\/wp-content\/uploads\/2023\/08\/1-plage-de-deversement.png"},{"@type":"BreadcrumbList","@id":"https:\/\/exceladvisor.org\/it\/errore-di-fuoriuscita\/#breadcrumb","itemListElement":[{"@type":"ListItem","position":1,"name":"Home","item":"https:\/\/exceladvisor.org\/it\/"},{"@type":"ListItem","position":2,"name":"Come risolvere lo #spread! errore in excel?"}]},{"@type":"WebSite","@id":"https:\/\/exceladvisor.org\/it\/#website","url":"https:\/\/exceladvisor.org\/it\/","name":"Excel Advisor","description":"Tips, Tricks, and Time-Saving Hacks","publisher":{"@id":"https:\/\/exceladvisor.org\/it\/#organization"},"potentialAction":[{"@type":"SearchAction","target":{"@type":"EntryPoint","urlTemplate":"https:\/\/exceladvisor.org\/it\/?s={search_term_string}"},"query-input":{"@type":"PropertyValueSpecification","valueRequired":true,"valueName":"search_term_string"}}],"inLanguage":"it-IT"},{"@type":"Organization","@id":"https:\/\/exceladvisor.org\/it\/#organization","name":"Excel Advisor","url":"https:\/\/exceladvisor.org\/it\/","logo":{"@type":"ImageObject","inLanguage":"it-IT","@id":"https:\/\/exceladvisor.org\/it\/#\/schema\/logo\/image\/","url":"https:\/\/exceladvisor.org\/it\/wp-content\/uploads\/2023\/12\/exceladvisor.org_.png","contentUrl":"https:\/\/exceladvisor.org\/it\/wp-content\/uploads\/2023\/12\/exceladvisor.org_.png","width":105,"height":36,"caption":"Excel Advisor"},"image":{"@id":"https:\/\/exceladvisor.org\/it\/#\/schema\/logo\/image\/"}}]}},"yoast_meta":{"yoast_wpseo_title":"","yoast_wpseo_metadesc":"","yoast_wpseo_canonical":""},"_links":{"self":[{"href":"https:\/\/exceladvisor.org\/it\/wp-json\/wp\/v2\/pages\/1756","targetHints":{"allow":["GET"]}}],"collection":[{"href":"https:\/\/exceladvisor.org\/it\/wp-json\/wp\/v2\/pages"}],"about":[{"href":"https:\/\/exceladvisor.org\/it\/wp-json\/wp\/v2\/types\/page"}],"author":[{"embeddable":true,"href":"https:\/\/exceladvisor.org\/it\/wp-json\/wp\/v2\/users\/1"}],"replies":[{"embeddable":true,"href":"https:\/\/exceladvisor.org\/it\/wp-json\/wp\/v2\/comments?post=1756"}],"version-history":[{"count":1,"href":"https:\/\/exceladvisor.org\/it\/wp-json\/wp\/v2\/pages\/1756\/revisions"}],"predecessor-version":[{"id":2676,"href":"https:\/\/exceladvisor.org\/it\/wp-json\/wp\/v2\/pages\/1756\/revisions\/2676"}],"wp:attachment":[{"href":"https:\/\/exceladvisor.org\/it\/wp-json\/wp\/v2\/media?parent=1756"}],"curies":[{"name":"wp","href":"https:\/\/api.w.org\/{rel}","templated":true}]}}