{"id":1757,"date":"2023-11-06T22:45:58","date_gmt":"2023-11-06T22:45:58","guid":{"rendered":"https:\/\/exceladvisor.org\/it\/calcolare-la-differenza-oraria\/"},"modified":"2023-12-10T06:21:18","modified_gmt":"2023-12-10T06:21:18","slug":"calcolare-la-differenza-oraria","status":"publish","type":"page","link":"https:\/\/exceladvisor.org\/it\/calcolare-la-differenza-oraria\/","title":{"rendered":"Come calcolare la differenza oraria tra due ore?"},"content":{"rendered":"<div class=\"excel-prima-del-contenuto\" id=\"excel-1718833454\"><script type=\"text\/javascript\">\r\n\tatOptions = {\r\n\t\t'key' : 'c1158f160081d6540a8409e6925dab94',\r\n\t\t'format' : 'iframe',\r\n\t\t'height' : 250,\r\n\t\t'width' : 300,\r\n\t\t'params' : {}\r\n\t};\r\n<\/script>\r\n<script type=\"text\/javascript\" src=\"\/\/www.highperformanceformat.com\/c1158f160081d6540a8409e6925dab94\/invoke.js\"><\/script><\/div> <p>Se lavori con dati in cui sono presenti valori temporali, i suggerimenti che condivider\u00f2 oggi potrebbero esserti utili. Ora ascolta.<\/p><p> In Excel <a href=\"https:\/\/exceladvisor.org\/it\/funzioni-di-excel\/\">ci sono molte funzioni<\/a> per gestire data e ora. Ma non esiste una funzione specifica che puoi utilizzare per ottenere la differenza tra i valori temporali.<\/p><p> Come sai, un valore temporale \u00e8 un valore numerico formattato come tempo, ma quando sottrai un valore da un altro, restituisce un numero decimale e devi formattarlo nuovamente come tempo.<\/p><p> Ma ecco il dolore:<\/p><p> Quando si formatta questo valore del risultato, vengono visualizzati questi valori in ore e minuti (a partire dalle 00:00) invece di visualizzare la differenza effettiva in ore e minuti.<\/p><p> Quindi, se hai una differenza di 5 ore e 30 minuti, verr\u00e0 visualizzato come 05:00. Non devi pi\u00f9 preoccuparti.<\/p><h2 id=\"tab-con-0\" class=\"wp-block-heading\"> 1. Ottieni la differenza in ore e minuti<\/h2><p> Questo \u00e8 uno dei modi pi\u00f9 comuni per ottenere la differenza tra due tempi. Supponiamo di avere un&#8217;ora di inizio e di fine (come di seguito) in cui \u00e8 necessario ottenere la differenza tra i due. <\/p><div class=\"wp-block-image\"><figure class=\"aligncenter\"><img decoding=\"async\" src=\"https:\/\/exceladvisor.org\/wp-content\/uploads\/2023\/08\/calculer-la-difference-de-temps-entre-le-debut-et-la-fin-min.png\" sizes=\"\" srcset=\"\" alt=\"calcolare la differenza oraria tra inizio e fine\"><\/figure><\/div><ol><li> Innanzitutto, puoi semplicemente sottrarre l&#8217;ora di fine dall&#8217;ora di inizio e otterrai qualcosa come di seguito. <br><img decoding=\"async\" title=\"calcolare-differenza-di-tempo-dedurre-inizio-fine-min\" src=\"https:\/\/exceladvisor.org\/wp-content\/uploads\/2023\/08\/calculer-le-decalage-horaire-deduire-debut-fin-min-1.png\" sizes=\"\" srcset=\"\" alt=\"calculate time difference deduct start end\"><\/li><li> Ora devi convertire questo tempo in ore e minuti.<\/li><li> Per fare ci\u00f2, seleziona la cella e apri le opzioni di formato (Ctrl + 1).<\/li><li> Successivamente, seleziona la categoria &#8220;Ora&#8221; e seleziona il secondo formato ora. <br><img decoding=\"async\" title=\"calcola-la-differenza-ora-formato-in-ore-e-minuti-min\" src=\"https:\/\/exceladvisor.org\/wp-content\/uploads\/2023\/08\/calculer-le-format-de-difference-de-temps-en-heure-et-miutes-min.png\" sizes=\"\" srcset=\"\" alt=\"calculate time difference format into hour and minutes\"><\/li><li> Alla fine, fare clic su OK. <br><img decoding=\"async\" title=\"calcolare-il-turno-ore-minuti-min\" src=\"https:\/\/exceladvisor.org\/wp-content\/uploads\/2023\/08\/calculer-le-decalage-horaire-heures-miutes-min.png\" sizes=\"\" srcset=\"\" alt=\"calculate time difference hours minutes\"><\/li><\/ol><p> Una volta fatto ci\u00f2, convertir\u00e0 (Formatta) questa differenza oraria in ore e minuti invece del normale formato orario.<\/p><h2 id=\"tab-con-1\" class=\"wp-block-heading\"> 2. Sii diverso nelle ore e nei numeri<\/h2><p> Questo non \u00e8 un modo comune per ottenere la differenza oraria, ma \u00e8 comunque utile e importante. Supponiamo che tu voglia ottenere la differenza tra l&#8217;ora di inizio e l&#8217;ora di fine in ore, ma non in numeri normali.<\/p><p> Ad esempio, se la differenza tra l&#8217;ora di inizio e l&#8217;ora di fine \u00e8 4 ore e 30 minuti, dovrebbe essere 4,5 ore. Ecco la formula che dovresti usare. <\/p><pre class=\"wp-block-code\"> <code class=\"language-excel-formula\" lang=\"excel-formula\">=(end_time-start_time)*24<\/code><\/pre><div class=\"wp-block-image\"><figure class=\"aligncenter\"><img decoding=\"async\" src=\"https:\/\/exceladvisor.org\/wp-content\/uploads\/2023\/08\/calculer-le-decalage-horaire-en-nombre-dheures-min.png\" sizes=\"\" srcset=\"\" alt=\"calcolare la differenza oraria in numero di ore\"><\/figure><\/div><p> Una volta inserita questa formula, restituisce le ore come cifre e i minuti (se presenti) come decimali.<\/p><h3 class=\"wp-block-heading\"> Come funziona questa formula?<\/h3><p> Come ho detto prima, Excel memorizza la data e l&#8217;ora in numeri e quando sottrai l&#8217;ora di fine dall&#8217;ora di inizio, restituisce una cifra decimale. E quando lo moltiplichi per 24 (il numero totale di ore in un giorno), converte quel decimale nel numero di ore e minuti.<\/p><h2 id=\"tab-con-2\" class=\"wp-block-heading\"> 3. Sii diverso nelle ore completate<\/h2><p> Puoi anche calcolare le ore completate tra due orari con questa semplice formula. <\/p><pre class=\"wp-block-code\"> <code class=\"language-excel-formula\" lang=\"excel-formula\">=INT((end_time-start_time)*24)<\/code><\/pre><p class=\"has-text-align-center\"><img loading=\"lazy\" decoding=\"async\" src=\"https:\/\/exceladvisor.org\/wp-content\/uploads\/2023\/08\/calculer-le-decalage-horaire-heures-completes-min-1.png\" sizes=\"auto, \" srcset=\"\" alt=\"calcolare la differenza oraria per ore intere\" width=\"476\" height=\"125\" data-id=\"20762\"><\/p><h3 class=\"wp-block-heading\"> Come funziona questa formula?<\/h3><p> Questa formula \u00e8 la stessa formula utilizzata nel secondo metodo, l&#8217;unica differenza \u00e8 che l&#8217;abbiamo racchiusa in INT.<\/p><p> La funzione INT restituisce la cifra decimale della parte intera arrotondandola per difetto. Puoi saperne di pi\u00f9 qui. Quindi quando inserisci questa formula, prima di tutto restituisce un numero decimale per le ore, poi INT rimuove la parte frazionaria e ti restituisce le ore completate.<\/p><h2 id=\"tab-con-3\" class=\"wp-block-heading\"> 4. Ottieni la differenza in pochi minuti<\/h2><p> Ci sono momenti in cui \u00e8 necessario tenere traccia della differenza oraria in minuti anzich\u00e9 in ore e in questo caso il modo migliore \u00e8 utilizzare la formula seguente. <\/p><pre class=\"wp-block-code\"> <code class=\"language-excel-formula\" lang=\"excel-formula\">=(end_time-start_time)*1440<\/code><\/pre><div class=\"wp-block-image\"><figure class=\"aligncenter\"><img decoding=\"async\" src=\"https:\/\/exceladvisor.org\/wp-content\/uploads\/2023\/08\/calculer-le-decalage-horaire-en-minutes-min.png\" sizes=\"\" srcset=\"\" alt=\"calcolare la differenza oraria in minuti\"><\/figure><\/div><p> In questa formula, dopo aver sottratto l&#8217;ora di inizio dall&#8217;ora di fine, la moltiplichiamo per 1440, che \u00e8 il numero totale di minuti a nostra disposizione in 24 ore. E quando inserisci questa formula, ottieni la differenza tra due valori in pochi minuti.<\/p><p class=\"qt-tip\"> <strong><span style=\"color: #000000;\">Suggerimento<\/span><\/strong> <span style=\"color: #000000;\">:<\/span> se in qualche modo nei valori temporali sono presenti secondi, utilizzare la formula seguente per ottenere il numero totale di minuti completi tra l&#8217;ora di inizio e l&#8217;ora di fine.<\/p><h2 id=\"tab-con-4\" class=\"wp-block-heading\"> 5. Ottieni la differenza in pochi secondi<\/h2><p> Come i minuti, anche la differenza pu\u00f2 essere ottenuta in secondi. Tutto quello che devi fare \u00e8 utilizzare la seguente formula. <\/p><pre class=\"wp-block-code\"> <code class=\"language-excel-formula\" lang=\"excel-formula\">=(end_time-start_time)*86400<\/code><\/pre><div class=\"wp-block-image\"><figure class=\"aligncenter\"><img decoding=\"async\" src=\"https:\/\/exceladvisor.org\/wp-content\/uploads\/2023\/08\/calculer-la-difference-de-temps-en-secondes-min.png\" sizes=\"\" srcset=\"\" alt=\"calcolare la differenza oraria in secondi\"><\/figure><\/div><p> Qui 86400 \u00e8 il secondo totale in 24 ore e quando inserisci questa formula restituir\u00e0 la differenza tra l&#8217;ora di inizio e quella di fine in secondi.<\/p><h2 id=\"tab-con-5\" class=\"wp-block-heading\"> 6. Calcolare la differenza come valore negativo<\/h2><p> In tutti gli esempi precedenti, l&#8217;ora di fine \u00e8 maggiore (successiva) dell&#8217;ora di inizio.<\/p><p> Supponiamo che tu abbia due valori temporali in cui l&#8217;ora di fine \u00e8 prima dell&#8217;ora di inizio. In termini semplici, se l&#8217;ora di inizio \u00e8 alle 23:00 del giorno 1 e l&#8217;ora di fine \u00e8 alle 5:00 del giorno 2.<\/p><p> L&#8217;ora di fine \u00e8 in realt\u00e0 inferiore all&#8217;ora di inizio e la semplice formula di sottrazione non funzioner\u00e0 e restituir\u00e0 un valore negativo che far\u00e0 s\u00ec che Excel visualizzi una stringa hash (ad esempio, ad esempio ########). <\/p><div class=\"wp-block-image\"><figure class=\"aligncenter\"><img decoding=\"async\" src=\"https:\/\/exceladvisor.org\/wp-content\/uploads\/2023\/08\/calculer-lerreur-de-difference-de-temps-min.png\" sizes=\"\" srcset=\"\" alt=\"calcolare l'errore della differenza oraria\"><\/figure><\/div><p> Non preoccuparti, puoi usare una formula migliore per questo. La formula sar\u00e0 quindi: <\/p><pre class=\"wp-block-code\"> <code class=\"language-excel-formula\" lang=\"excel-formula\">=IF(end&gt;start, end-start, 1-start+end)<\/code><\/pre><p class=\"has-text-align-center\"><img loading=\"lazy\" decoding=\"async\" src=\"https:\/\/exceladvisor.org\/wp-content\/uploads\/2023\/08\/calculer-la-difference-de-temps-valeur-negative-min.png\" sizes=\"auto, \" srcset=\"\" alt=\"calcolare il valore negativo della differenza oraria\" width=\"474\" height=\"124\" data-id=\"20771\"><\/p><h3 class=\"wp-block-heading\"> Come funziona questa formula?<\/h3><p> In questa formula hai una condizione se l&#8217;ora di fine \u00e8 maggiore dell&#8217;ora di inizio, allora dedurr\u00e0 semplicemente l&#8217;ora di fine dall&#8217;ora di inizio, altrimenti prima detrarr\u00e0 l&#8217;ora di inizio di 1, quindi la aggiunger\u00e0 all&#8217;ora di fine.<\/p><p> Sottraendo l&#8217;ora di inizio da 1 otterrai il tempo totale per il giorno 1 e quando lo aggiungi all&#8217;ora di fine otterrai il tempo totale per il giorno 1 e il giorno 2, che \u00e8 la differenza totale. <\/p><div class=\"gb-container gb-container-52dfcee1 gb-container-sample-file\"><h2 class=\"gb-headline gb-headline-e289c143 gb-headline-text gb-headline-4f7959c2\"> Ottieni il file Excel<\/h2><p> <a class=\"gb-button gb-button-e88d6bee gb-button-text gb-button-button1\" href=\"https:\/\/exceladvisor.org\/wp-content\/uploads\/2023\/11\/decalage-horaire-2.xlsx\" rel=\"nofollow\">Scaricamento<\/a><\/p><\/div><h2 class=\"wp-block-heading\"> Conclusione<\/h2><p> Per gli utenti di Excel che gestiscono dati temporali, \u00e8 molto importante conoscere diversi metodi per ottenere la differenza tra due orari.<\/p><p> E tutti i metodi che abbiamo usato sopra possono essere utilizzati in diverse situazioni e sono sicuro che li hai trovati tutti utili.<\/p><p> Ma devi dirmi una cosa.<\/p><p> <em>Conosci un altro metodo che puoi utilizzare per ottenere la differenza tra l&#8217;ora di inizio e l&#8217;ora di fine?<\/em><\/p><p> Condividi i tuoi pensieri con me nella sezione commenti, mi piacerebbe sentire la tua opinione e assicurarmi di condividere questo suggerimento con i tuoi amici. <\/p><div class=\"wp-block-group more-tutorials is-layout-flow\"><div class=\"wp-block-group__inner-container\"><h2 class=\"wp-block-heading\"> Pi\u00f9 formule <\/h2><div class=\"wp-block-columns is-layout-flex wp-container-135\"><div class=\"wp-block-column is-layout-flow\"><ul><li> <a href=\"https:\/\/exceladvisor.org\/it\/aggiungere-ore-nel-tempo\/\">Aggiungi ore all&#8217;ora in Excel<\/a><\/li><li> <a href=\"https:\/\/exceladvisor.org\/it\/aggiungere-minuti-al-tempo\/\">Aggiungi minuti all&#8217;ora in Excel<\/a><\/li><li> <a href=\"https:\/\/exceladvisor.org\/it\/modificare-il-formato-dellora\/\">Cambia il formato dell&#8217;ora in Excel<\/a><\/li><li> <a href=\"https:\/\/exceladvisor.org\/it\/leva-militare\/\">Tempo militare (ottieni e sottrai) in Excel<\/a><\/li><li> <a href=\"https:\/\/exceladvisor.org\/it\/data-e-ora-separate-2\/\">Data e ora separate in Excel<\/a><\/li><\/ul><\/div><\/div><\/div><\/div>","protected":false},"excerpt":{"rendered":"","protected":false},"author":1,"featured_media":0,"parent":0,"menu_order":0,"comment_status":"open","ping_status":"closed","template":"","meta":{"ub_ctt_via":"","footnotes":""},"class_list":["post-1757","page","type-page","status-publish","hentry"],"featured_image_src":null,"yoast_head":"<!-- This site is optimized with the Yoast SEO plugin v25.4 - https:\/\/yoast.com\/wordpress\/plugins\/seo\/ -->\n<title>Calcolare la differenza oraria tra due ore in Excel?<\/title>\n<meta name=\"description\" content=\"Se lavori con dati in cui hai valori temporali, i suggerimenti che condivider\u00f2 oggi potrebbero esserti utili...\" \/>\n<meta name=\"robots\" content=\"index, follow, max-snippet:-1, max-image-preview:large, max-video-preview:-1\" \/>\n<link rel=\"canonical\" href=\"https:\/\/exceladvisor.org\/it\/calcolare-la-differenza-oraria\/\" \/>\n<meta property=\"og:locale\" content=\"it_IT\" \/>\n<meta property=\"og:type\" content=\"article\" \/>\n<meta property=\"og:title\" content=\"Calcolare la differenza oraria tra due ore in Excel?\" \/>\n<meta property=\"og:description\" content=\"Se lavori con dati in cui hai valori temporali, i suggerimenti che condivider\u00f2 oggi potrebbero esserti utili...\" \/>\n<meta property=\"og:url\" content=\"https:\/\/exceladvisor.org\/it\/calcolare-la-differenza-oraria\/\" \/>\n<meta property=\"og:site_name\" content=\"Excel Advisor\" \/>\n<meta property=\"article:modified_time\" content=\"2023-12-10T06:21:18+00:00\" \/>\n<meta property=\"og:image\" content=\"https:\/\/exceladvisor.org\/wp-content\/uploads\/2023\/08\/calculer-la-difference-de-temps-entre-le-debut-et-la-fin-min.png\" \/>\n<meta name=\"twitter:card\" content=\"summary_large_image\" \/>\n<meta name=\"twitter:label1\" content=\"Tempo di lettura stimato\" \/>\n\t<meta name=\"twitter:data1\" content=\"5 minuti\" \/>\n<script type=\"application\/ld+json\" class=\"yoast-schema-graph\">{\"@context\":\"https:\/\/schema.org\",\"@graph\":[{\"@type\":\"WebPage\",\"@id\":\"https:\/\/exceladvisor.org\/it\/calcolare-la-differenza-oraria\/\",\"url\":\"https:\/\/exceladvisor.org\/it\/calcolare-la-differenza-oraria\/\",\"name\":\"Calcolare la differenza oraria tra due ore in Excel?\",\"isPartOf\":{\"@id\":\"https:\/\/exceladvisor.org\/it\/#website\"},\"primaryImageOfPage\":{\"@id\":\"https:\/\/exceladvisor.org\/it\/calcolare-la-differenza-oraria\/#primaryimage\"},\"image\":{\"@id\":\"https:\/\/exceladvisor.org\/it\/calcolare-la-differenza-oraria\/#primaryimage\"},\"thumbnailUrl\":\"https:\/\/exceladvisor.org\/wp-content\/uploads\/2023\/08\/calculer-la-difference-de-temps-entre-le-debut-et-la-fin-min.png\",\"datePublished\":\"2023-11-06T22:45:58+00:00\",\"dateModified\":\"2023-12-10T06:21:18+00:00\",\"description\":\"Se lavori con dati in cui hai valori temporali, i suggerimenti che condivider\u00f2 oggi potrebbero esserti utili...\",\"breadcrumb\":{\"@id\":\"https:\/\/exceladvisor.org\/it\/calcolare-la-differenza-oraria\/#breadcrumb\"},\"inLanguage\":\"it-IT\",\"potentialAction\":[{\"@type\":\"ReadAction\",\"target\":[\"https:\/\/exceladvisor.org\/it\/calcolare-la-differenza-oraria\/\"]}]},{\"@type\":\"ImageObject\",\"inLanguage\":\"it-IT\",\"@id\":\"https:\/\/exceladvisor.org\/it\/calcolare-la-differenza-oraria\/#primaryimage\",\"url\":\"https:\/\/exceladvisor.org\/wp-content\/uploads\/2023\/08\/calculer-la-difference-de-temps-entre-le-debut-et-la-fin-min.png\",\"contentUrl\":\"https:\/\/exceladvisor.org\/wp-content\/uploads\/2023\/08\/calculer-la-difference-de-temps-entre-le-debut-et-la-fin-min.png\"},{\"@type\":\"BreadcrumbList\",\"@id\":\"https:\/\/exceladvisor.org\/it\/calcolare-la-differenza-oraria\/#breadcrumb\",\"itemListElement\":[{\"@type\":\"ListItem\",\"position\":1,\"name\":\"Home\",\"item\":\"https:\/\/exceladvisor.org\/it\/\"},{\"@type\":\"ListItem\",\"position\":2,\"name\":\"Come calcolare la differenza oraria tra due ore?\"}]},{\"@type\":\"WebSite\",\"@id\":\"https:\/\/exceladvisor.org\/it\/#website\",\"url\":\"https:\/\/exceladvisor.org\/it\/\",\"name\":\"Excel Advisor\",\"description\":\"Tips, Tricks, and Time-Saving Hacks\",\"publisher\":{\"@id\":\"https:\/\/exceladvisor.org\/it\/#organization\"},\"potentialAction\":[{\"@type\":\"SearchAction\",\"target\":{\"@type\":\"EntryPoint\",\"urlTemplate\":\"https:\/\/exceladvisor.org\/it\/?s={search_term_string}\"},\"query-input\":{\"@type\":\"PropertyValueSpecification\",\"valueRequired\":true,\"valueName\":\"search_term_string\"}}],\"inLanguage\":\"it-IT\"},{\"@type\":\"Organization\",\"@id\":\"https:\/\/exceladvisor.org\/it\/#organization\",\"name\":\"Excel Advisor\",\"url\":\"https:\/\/exceladvisor.org\/it\/\",\"logo\":{\"@type\":\"ImageObject\",\"inLanguage\":\"it-IT\",\"@id\":\"https:\/\/exceladvisor.org\/it\/#\/schema\/logo\/image\/\",\"url\":\"https:\/\/exceladvisor.org\/it\/wp-content\/uploads\/2023\/12\/exceladvisor.org_.png\",\"contentUrl\":\"https:\/\/exceladvisor.org\/it\/wp-content\/uploads\/2023\/12\/exceladvisor.org_.png\",\"width\":105,\"height\":36,\"caption\":\"Excel Advisor\"},\"image\":{\"@id\":\"https:\/\/exceladvisor.org\/it\/#\/schema\/logo\/image\/\"}}]}<\/script>\n<!-- \/ Yoast SEO plugin. -->","yoast_head_json":{"title":"Calcolare la differenza oraria tra due ore in Excel?","description":"Se lavori con dati in cui hai valori temporali, i suggerimenti che condivider\u00f2 oggi potrebbero esserti utili...","robots":{"index":"index","follow":"follow","max-snippet":"max-snippet:-1","max-image-preview":"max-image-preview:large","max-video-preview":"max-video-preview:-1"},"canonical":"https:\/\/exceladvisor.org\/it\/calcolare-la-differenza-oraria\/","og_locale":"it_IT","og_type":"article","og_title":"Calcolare la differenza oraria tra due ore in Excel?","og_description":"Se lavori con dati in cui hai valori temporali, i suggerimenti che condivider\u00f2 oggi potrebbero esserti utili...","og_url":"https:\/\/exceladvisor.org\/it\/calcolare-la-differenza-oraria\/","og_site_name":"Excel Advisor","article_modified_time":"2023-12-10T06:21:18+00:00","og_image":[{"url":"https:\/\/exceladvisor.org\/wp-content\/uploads\/2023\/08\/calculer-la-difference-de-temps-entre-le-debut-et-la-fin-min.png","type":"","width":"","height":""}],"twitter_card":"summary_large_image","twitter_misc":{"Tempo di lettura stimato":"5 minuti"},"schema":{"@context":"https:\/\/schema.org","@graph":[{"@type":"WebPage","@id":"https:\/\/exceladvisor.org\/it\/calcolare-la-differenza-oraria\/","url":"https:\/\/exceladvisor.org\/it\/calcolare-la-differenza-oraria\/","name":"Calcolare la differenza oraria tra due ore in Excel?","isPartOf":{"@id":"https:\/\/exceladvisor.org\/it\/#website"},"primaryImageOfPage":{"@id":"https:\/\/exceladvisor.org\/it\/calcolare-la-differenza-oraria\/#primaryimage"},"image":{"@id":"https:\/\/exceladvisor.org\/it\/calcolare-la-differenza-oraria\/#primaryimage"},"thumbnailUrl":"https:\/\/exceladvisor.org\/wp-content\/uploads\/2023\/08\/calculer-la-difference-de-temps-entre-le-debut-et-la-fin-min.png","datePublished":"2023-11-06T22:45:58+00:00","dateModified":"2023-12-10T06:21:18+00:00","description":"Se lavori con dati in cui hai valori temporali, i suggerimenti che condivider\u00f2 oggi potrebbero esserti utili...","breadcrumb":{"@id":"https:\/\/exceladvisor.org\/it\/calcolare-la-differenza-oraria\/#breadcrumb"},"inLanguage":"it-IT","potentialAction":[{"@type":"ReadAction","target":["https:\/\/exceladvisor.org\/it\/calcolare-la-differenza-oraria\/"]}]},{"@type":"ImageObject","inLanguage":"it-IT","@id":"https:\/\/exceladvisor.org\/it\/calcolare-la-differenza-oraria\/#primaryimage","url":"https:\/\/exceladvisor.org\/wp-content\/uploads\/2023\/08\/calculer-la-difference-de-temps-entre-le-debut-et-la-fin-min.png","contentUrl":"https:\/\/exceladvisor.org\/wp-content\/uploads\/2023\/08\/calculer-la-difference-de-temps-entre-le-debut-et-la-fin-min.png"},{"@type":"BreadcrumbList","@id":"https:\/\/exceladvisor.org\/it\/calcolare-la-differenza-oraria\/#breadcrumb","itemListElement":[{"@type":"ListItem","position":1,"name":"Home","item":"https:\/\/exceladvisor.org\/it\/"},{"@type":"ListItem","position":2,"name":"Come calcolare la differenza oraria tra due ore?"}]},{"@type":"WebSite","@id":"https:\/\/exceladvisor.org\/it\/#website","url":"https:\/\/exceladvisor.org\/it\/","name":"Excel Advisor","description":"Tips, Tricks, and Time-Saving Hacks","publisher":{"@id":"https:\/\/exceladvisor.org\/it\/#organization"},"potentialAction":[{"@type":"SearchAction","target":{"@type":"EntryPoint","urlTemplate":"https:\/\/exceladvisor.org\/it\/?s={search_term_string}"},"query-input":{"@type":"PropertyValueSpecification","valueRequired":true,"valueName":"search_term_string"}}],"inLanguage":"it-IT"},{"@type":"Organization","@id":"https:\/\/exceladvisor.org\/it\/#organization","name":"Excel Advisor","url":"https:\/\/exceladvisor.org\/it\/","logo":{"@type":"ImageObject","inLanguage":"it-IT","@id":"https:\/\/exceladvisor.org\/it\/#\/schema\/logo\/image\/","url":"https:\/\/exceladvisor.org\/it\/wp-content\/uploads\/2023\/12\/exceladvisor.org_.png","contentUrl":"https:\/\/exceladvisor.org\/it\/wp-content\/uploads\/2023\/12\/exceladvisor.org_.png","width":105,"height":36,"caption":"Excel Advisor"},"image":{"@id":"https:\/\/exceladvisor.org\/it\/#\/schema\/logo\/image\/"}}]}},"yoast_meta":{"yoast_wpseo_title":"","yoast_wpseo_metadesc":"","yoast_wpseo_canonical":""},"_links":{"self":[{"href":"https:\/\/exceladvisor.org\/it\/wp-json\/wp\/v2\/pages\/1757","targetHints":{"allow":["GET"]}}],"collection":[{"href":"https:\/\/exceladvisor.org\/it\/wp-json\/wp\/v2\/pages"}],"about":[{"href":"https:\/\/exceladvisor.org\/it\/wp-json\/wp\/v2\/types\/page"}],"author":[{"embeddable":true,"href":"https:\/\/exceladvisor.org\/it\/wp-json\/wp\/v2\/users\/1"}],"replies":[{"embeddable":true,"href":"https:\/\/exceladvisor.org\/it\/wp-json\/wp\/v2\/comments?post=1757"}],"version-history":[{"count":1,"href":"https:\/\/exceladvisor.org\/it\/wp-json\/wp\/v2\/pages\/1757\/revisions"}],"predecessor-version":[{"id":2352,"href":"https:\/\/exceladvisor.org\/it\/wp-json\/wp\/v2\/pages\/1757\/revisions\/2352"}],"wp:attachment":[{"href":"https:\/\/exceladvisor.org\/it\/wp-json\/wp\/v2\/media?parent=1757"}],"curies":[{"name":"wp","href":"https:\/\/api.w.org\/{rel}","templated":true}]}}