{"id":1759,"date":"2023-11-06T17:36:48","date_gmt":"2023-11-06T17:36:48","guid":{"rendered":"https:\/\/exceladvisor.org\/it\/non-funziona\/"},"modified":"2023-12-10T06:28:28","modified_gmt":"2023-12-10T06:28:28","slug":"non-funziona","status":"publish","type":"page","link":"https:\/\/exceladvisor.org\/it\/non-funziona\/","title":{"rendered":"Quando funziona la formattazione condizionale?"},"content":{"rendered":"<div class=\"excel-prima-del-contenuto\" id=\"excel-796903564\"><script type=\"text\/javascript\">\r\n\tatOptions = {\r\n\t\t'key' : 'c1158f160081d6540a8409e6925dab94',\r\n\t\t'format' : 'iframe',\r\n\t\t'height' : 250,\r\n\t\t'width' : 300,\r\n\t\t'params' : {}\r\n\t};\r\n<\/script>\r\n<script type=\"text\/javascript\" src=\"\/\/www.highperformanceformat.com\/c1158f160081d6540a8409e6925dab94\/invoke.js\"><\/script><\/div> <p>In Excel, quando usi la formattazione condizionale, \u00e8 probabile che la applichi, ma non funziona. E in questa situazione, devi risolvere i problemi relativi alla formattazione che hai utilizzato.<\/p><p> Quando si applica la formattazione condizionale predefinita, potresti non riscontrare problemi, ma quando si utilizzano formule personalizzate, esiste una possibilit\u00e0.<\/p><h2 class=\"wp-block-heading\"> Riferimento errato<\/h2><p> Quando applichi la formattazione condizionale utilizzando la formula, potresti fare riferimento per errore a una cella diversa. Vedi l&#8217;esempio seguente: L&#8217;intervallo in cui desidero applicare la regola di formattazione condizionale \u00e8 A2:A12. <\/p><div class=\"wp-block-image\"><figure class=\"aligncenter size-full is-resized\"><img loading=\"lazy\" decoding=\"async\" class=\"wp-image-90934\" src=\"https:\/\/exceladvisor.org\/wp-content\/uploads\/2023\/08\/1-reference-erronee.png\" sizes=\"auto, \" srcset=\"\" alt=\"riferimento errato\" width=\"674\" height=\"419\"><\/figure><\/div><p> E la formula dovrebbe fare riferimento alla cella A2 anzich\u00e9 A1. E poich\u00e9 ho fatto riferimento ad A1 nella formula, la regola \u00e8 stata applicata in modo errato.<\/p><p> Puoi vedere che la condizione sta verificando se il valore \u00e8 maggiore di 1200 o meno, e nella cella ha evidenziato la cella anche quando il valore non \u00e8 maggiore di 1200. Tutto questo a causa del riferimento sbagliato.<\/p><p> Quando si lavora con la formattazione condizionale, uno dei motivi principali per cui non funziona \u00e8 un cattivo riferimento.<\/p><h2 class=\"wp-block-heading\"> Il risultato della condizione deve essere VERO o FALSO<\/h2><p> Quando utilizzi una formula nella formattazione condizionale, il risultato di quella formula deve essere VERO o FALSO. Quindi funzioner\u00e0 solo la formattazione condizionale. Il risultato deve essere sempre VERO o FALSO se si utilizzano OPERATORI LOGICI.<\/p><h2 class=\"wp-block-heading\"> Quando si copia e incolla la formattazione condizionale<\/h2><p> Se hai il riferimento assoluto nella formula e provi a copiare e incollare la formattazione condizionale in una nuova cella o intervallo di celle, il formato verr\u00e0 applicato con la condizione sbagliata. <\/p><div class=\"wp-block-image\"><figure class=\"aligncenter size-full is-resized\"><img loading=\"lazy\" decoding=\"async\" class=\"wp-image-90935\" src=\"https:\/\/exceladvisor.org\/wp-content\/uploads\/2023\/08\/2-copier-et-coller-la-mise-en-forme-conditionnelle.png\" sizes=\"auto, \" srcset=\"\" alt=\"formattazione condizionale copia-incolla\" width=\"614\" height=\"381\"><\/figure><\/div><p> Nell&#8217;esempio sopra, il nostro riferimento \u00e8 assoluto; puoi vedere i simboli del dollaro. E quando provi a copiare e incollare questa formattazione condizionale in una nuova posizione, far\u00e0 sempre riferimento alla cella A2.<\/p><h2 class=\"wp-block-heading\"> Quando i numeri sono formattati come testo<\/h2><p> Se utilizzi una regola di formattazione condizionale in cui la regola deve verificare una condizione per un numero, tali numeri avranno un formato testo. In questo caso, questa regola di formattazione condizionale non funzioner\u00e0 correttamente. <\/p><div class=\"wp-block-image\"><figure class=\"aligncenter size-full is-resized\"><img loading=\"lazy\" decoding=\"async\" class=\"wp-image-90936\" src=\"https:\/\/exceladvisor.org\/wp-content\/uploads\/2023\/08\/3-lorsque-les-nombres-sont-formates-en-tant-que-texte.png\" sizes=\"auto, \" srcset=\"\" alt=\"quando-i-numeri-sono-formattati-in-testo\" width=\"668\" height=\"494\"><\/figure><\/div><p> Nell&#8217;esempio sopra, le colonne A e B hanno la stessa regola di formattazione condizionale, che verifica i numeri maggiori di 1200. Ma nella colonna B, il numero viene inserito come testo e il formato delle regole evidenzia tutti i numeri.<\/p><p> Rispetto a questo, nella colonna A, dove i numeri sono memorizzati come numeri, la formattazione condizionale funziona bene. <\/p><div class=\"gb-container gb-container-52dfcee1 gb-container-sample-file\"><h2 class=\"gb-headline gb-headline-e289c143 gb-headline-text gb-headline-4f7959c2\"> Ottieni il file Excel<\/h2> <a class=\"gb-button gb-button-e88d6bee gb-button-text gb-button-button1\" href=\"https:\/\/exceladvisor.org\/wp-content\/uploads\/2023\/08\/la-mise-en-forme-conditionnelle-ne-fonctionne-pas.xlsx\" rel=\"nofollow\">Scaricamento<\/a><\/div><div class=\"gb-container gb-container-6076ba72 gb-container-mt\"> <a class=\"gb-button gb-button-76e6a499 gb-button-text gb-button-mt-button\" href=\"https:\/\/exceladvisor.org\/it\/nozioni-di-base-su-excel\/\">Impara le basi di Excel<\/a><h2 class=\"gb-headline gb-headline-a9e9e206 gb-headline-text gb-headline-mt-heading\"> Ulteriori informazioni sulla <a href=\"https:\/\/exceladvisor.org\/it\/formattazione-condizionale\/\">formattazione condizionale<\/a> <\/h2><div class=\"gb-grid-wrapper gb-grid-wrapper-790317cb gb-grid-wrapper-mt-grid\"><div class=\"gb-grid-column gb-grid-column-a9845ede\"><div class=\"gb-container gb-container-a9845ede\"><ul><li> <a href=\"https:\/\/exceladvisor.org\/it\/applicare-la-formattazione-condizionale\/\">Applicare la formattazione condizionale a una tabella pivot<\/a><\/li><li> <a href=\"https:\/\/exceladvisor.org\/it\/ritirare\/\">Rimuovi la formattazione condizionale<\/a><\/li><li> <a href=\"https:\/\/exceladvisor.org\/it\/celle-vuote\/\">Applica la formattazione condizionale su celle vuote in Excel<\/a><\/li><li> <a href=\"https:\/\/exceladvisor.org\/it\/confrontare-le-colonne\/\">Confronta due colonne utilizzando la formattazione condizionale<\/a> <\/li><\/ul><\/div><\/div><div class=\"gb-grid-column gb-grid-column-ec8ff319\"><div class=\"gb-container gb-container-ec8ff319\"><\/div><\/div><\/div><\/div>","protected":false},"excerpt":{"rendered":"","protected":false},"author":1,"featured_media":0,"parent":0,"menu_order":0,"comment_status":"open","ping_status":"closed","template":"","meta":{"ub_ctt_via":"","footnotes":""},"class_list":["post-1759","page","type-page","status-publish","hentry"],"featured_image_src":null,"yoast_head":"<!-- This site is optimized with the Yoast SEO plugin v25.4 - https:\/\/yoast.com\/wordpress\/plugins\/seo\/ -->\n<title>Quando la formattazione condizionale non funziona in Excel?<\/title>\n<meta name=\"description\" content=\"Questo tutorial ti aiuta a determinare se la formattazione condizionale funziona nel tuo file Excel. Controlliamo questo...\" \/>\n<meta name=\"robots\" content=\"index, follow, max-snippet:-1, max-image-preview:large, max-video-preview:-1\" \/>\n<link rel=\"canonical\" href=\"https:\/\/exceladvisor.org\/it\/non-funziona\/\" \/>\n<meta property=\"og:locale\" content=\"it_IT\" \/>\n<meta property=\"og:type\" content=\"article\" \/>\n<meta property=\"og:title\" content=\"Quando la formattazione condizionale non funziona in Excel?\" \/>\n<meta property=\"og:description\" content=\"Questo tutorial ti aiuta a determinare se la formattazione condizionale funziona nel tuo file Excel. Controlliamo questo...\" \/>\n<meta property=\"og:url\" content=\"https:\/\/exceladvisor.org\/it\/non-funziona\/\" \/>\n<meta property=\"og:site_name\" content=\"Excel Advisor\" \/>\n<meta property=\"article:modified_time\" content=\"2023-12-10T06:28:28+00:00\" \/>\n<meta property=\"og:image\" content=\"https:\/\/exceladvisor.org\/wp-content\/uploads\/2023\/08\/1-reference-erronee.png\" \/>\n<meta name=\"twitter:card\" content=\"summary_large_image\" \/>\n<meta name=\"twitter:label1\" content=\"Tempo di lettura stimato\" \/>\n\t<meta name=\"twitter:data1\" content=\"2 minuti\" \/>\n<script type=\"application\/ld+json\" class=\"yoast-schema-graph\">{\"@context\":\"https:\/\/schema.org\",\"@graph\":[{\"@type\":\"WebPage\",\"@id\":\"https:\/\/exceladvisor.org\/it\/non-funziona\/\",\"url\":\"https:\/\/exceladvisor.org\/it\/non-funziona\/\",\"name\":\"Quando la formattazione condizionale non funziona in Excel?\",\"isPartOf\":{\"@id\":\"https:\/\/exceladvisor.org\/it\/#website\"},\"primaryImageOfPage\":{\"@id\":\"https:\/\/exceladvisor.org\/it\/non-funziona\/#primaryimage\"},\"image\":{\"@id\":\"https:\/\/exceladvisor.org\/it\/non-funziona\/#primaryimage\"},\"thumbnailUrl\":\"https:\/\/exceladvisor.org\/wp-content\/uploads\/2023\/08\/1-reference-erronee.png\",\"datePublished\":\"2023-11-06T17:36:48+00:00\",\"dateModified\":\"2023-12-10T06:28:28+00:00\",\"description\":\"Questo tutorial ti aiuta a determinare se la formattazione condizionale funziona nel tuo file Excel. Controlliamo questo...\",\"breadcrumb\":{\"@id\":\"https:\/\/exceladvisor.org\/it\/non-funziona\/#breadcrumb\"},\"inLanguage\":\"it-IT\",\"potentialAction\":[{\"@type\":\"ReadAction\",\"target\":[\"https:\/\/exceladvisor.org\/it\/non-funziona\/\"]}]},{\"@type\":\"ImageObject\",\"inLanguage\":\"it-IT\",\"@id\":\"https:\/\/exceladvisor.org\/it\/non-funziona\/#primaryimage\",\"url\":\"https:\/\/exceladvisor.org\/wp-content\/uploads\/2023\/08\/1-reference-erronee.png\",\"contentUrl\":\"https:\/\/exceladvisor.org\/wp-content\/uploads\/2023\/08\/1-reference-erronee.png\"},{\"@type\":\"BreadcrumbList\",\"@id\":\"https:\/\/exceladvisor.org\/it\/non-funziona\/#breadcrumb\",\"itemListElement\":[{\"@type\":\"ListItem\",\"position\":1,\"name\":\"Home\",\"item\":\"https:\/\/exceladvisor.org\/it\/\"},{\"@type\":\"ListItem\",\"position\":2,\"name\":\"Quando funziona la formattazione condizionale?\"}]},{\"@type\":\"WebSite\",\"@id\":\"https:\/\/exceladvisor.org\/it\/#website\",\"url\":\"https:\/\/exceladvisor.org\/it\/\",\"name\":\"Excel Advisor\",\"description\":\"Tips, Tricks, and Time-Saving Hacks\",\"publisher\":{\"@id\":\"https:\/\/exceladvisor.org\/it\/#organization\"},\"potentialAction\":[{\"@type\":\"SearchAction\",\"target\":{\"@type\":\"EntryPoint\",\"urlTemplate\":\"https:\/\/exceladvisor.org\/it\/?s={search_term_string}\"},\"query-input\":{\"@type\":\"PropertyValueSpecification\",\"valueRequired\":true,\"valueName\":\"search_term_string\"}}],\"inLanguage\":\"it-IT\"},{\"@type\":\"Organization\",\"@id\":\"https:\/\/exceladvisor.org\/it\/#organization\",\"name\":\"Excel Advisor\",\"url\":\"https:\/\/exceladvisor.org\/it\/\",\"logo\":{\"@type\":\"ImageObject\",\"inLanguage\":\"it-IT\",\"@id\":\"https:\/\/exceladvisor.org\/it\/#\/schema\/logo\/image\/\",\"url\":\"https:\/\/exceladvisor.org\/it\/wp-content\/uploads\/2023\/12\/exceladvisor.org_.png\",\"contentUrl\":\"https:\/\/exceladvisor.org\/it\/wp-content\/uploads\/2023\/12\/exceladvisor.org_.png\",\"width\":105,\"height\":36,\"caption\":\"Excel Advisor\"},\"image\":{\"@id\":\"https:\/\/exceladvisor.org\/it\/#\/schema\/logo\/image\/\"}}]}<\/script>\n<!-- \/ Yoast SEO plugin. -->","yoast_head_json":{"title":"Quando la formattazione condizionale non funziona in Excel?","description":"Questo tutorial ti aiuta a determinare se la formattazione condizionale funziona nel tuo file Excel. Controlliamo questo...","robots":{"index":"index","follow":"follow","max-snippet":"max-snippet:-1","max-image-preview":"max-image-preview:large","max-video-preview":"max-video-preview:-1"},"canonical":"https:\/\/exceladvisor.org\/it\/non-funziona\/","og_locale":"it_IT","og_type":"article","og_title":"Quando la formattazione condizionale non funziona in Excel?","og_description":"Questo tutorial ti aiuta a determinare se la formattazione condizionale funziona nel tuo file Excel. Controlliamo questo...","og_url":"https:\/\/exceladvisor.org\/it\/non-funziona\/","og_site_name":"Excel Advisor","article_modified_time":"2023-12-10T06:28:28+00:00","og_image":[{"url":"https:\/\/exceladvisor.org\/wp-content\/uploads\/2023\/08\/1-reference-erronee.png","type":"","width":"","height":""}],"twitter_card":"summary_large_image","twitter_misc":{"Tempo di lettura stimato":"2 minuti"},"schema":{"@context":"https:\/\/schema.org","@graph":[{"@type":"WebPage","@id":"https:\/\/exceladvisor.org\/it\/non-funziona\/","url":"https:\/\/exceladvisor.org\/it\/non-funziona\/","name":"Quando la formattazione condizionale non funziona in Excel?","isPartOf":{"@id":"https:\/\/exceladvisor.org\/it\/#website"},"primaryImageOfPage":{"@id":"https:\/\/exceladvisor.org\/it\/non-funziona\/#primaryimage"},"image":{"@id":"https:\/\/exceladvisor.org\/it\/non-funziona\/#primaryimage"},"thumbnailUrl":"https:\/\/exceladvisor.org\/wp-content\/uploads\/2023\/08\/1-reference-erronee.png","datePublished":"2023-11-06T17:36:48+00:00","dateModified":"2023-12-10T06:28:28+00:00","description":"Questo tutorial ti aiuta a determinare se la formattazione condizionale funziona nel tuo file Excel. Controlliamo questo...","breadcrumb":{"@id":"https:\/\/exceladvisor.org\/it\/non-funziona\/#breadcrumb"},"inLanguage":"it-IT","potentialAction":[{"@type":"ReadAction","target":["https:\/\/exceladvisor.org\/it\/non-funziona\/"]}]},{"@type":"ImageObject","inLanguage":"it-IT","@id":"https:\/\/exceladvisor.org\/it\/non-funziona\/#primaryimage","url":"https:\/\/exceladvisor.org\/wp-content\/uploads\/2023\/08\/1-reference-erronee.png","contentUrl":"https:\/\/exceladvisor.org\/wp-content\/uploads\/2023\/08\/1-reference-erronee.png"},{"@type":"BreadcrumbList","@id":"https:\/\/exceladvisor.org\/it\/non-funziona\/#breadcrumb","itemListElement":[{"@type":"ListItem","position":1,"name":"Home","item":"https:\/\/exceladvisor.org\/it\/"},{"@type":"ListItem","position":2,"name":"Quando funziona la formattazione condizionale?"}]},{"@type":"WebSite","@id":"https:\/\/exceladvisor.org\/it\/#website","url":"https:\/\/exceladvisor.org\/it\/","name":"Excel Advisor","description":"Tips, Tricks, and Time-Saving Hacks","publisher":{"@id":"https:\/\/exceladvisor.org\/it\/#organization"},"potentialAction":[{"@type":"SearchAction","target":{"@type":"EntryPoint","urlTemplate":"https:\/\/exceladvisor.org\/it\/?s={search_term_string}"},"query-input":{"@type":"PropertyValueSpecification","valueRequired":true,"valueName":"search_term_string"}}],"inLanguage":"it-IT"},{"@type":"Organization","@id":"https:\/\/exceladvisor.org\/it\/#organization","name":"Excel Advisor","url":"https:\/\/exceladvisor.org\/it\/","logo":{"@type":"ImageObject","inLanguage":"it-IT","@id":"https:\/\/exceladvisor.org\/it\/#\/schema\/logo\/image\/","url":"https:\/\/exceladvisor.org\/it\/wp-content\/uploads\/2023\/12\/exceladvisor.org_.png","contentUrl":"https:\/\/exceladvisor.org\/it\/wp-content\/uploads\/2023\/12\/exceladvisor.org_.png","width":105,"height":36,"caption":"Excel Advisor"},"image":{"@id":"https:\/\/exceladvisor.org\/it\/#\/schema\/logo\/image\/"}}]}},"yoast_meta":{"yoast_wpseo_title":"","yoast_wpseo_metadesc":"","yoast_wpseo_canonical":""},"_links":{"self":[{"href":"https:\/\/exceladvisor.org\/it\/wp-json\/wp\/v2\/pages\/1759","targetHints":{"allow":["GET"]}}],"collection":[{"href":"https:\/\/exceladvisor.org\/it\/wp-json\/wp\/v2\/pages"}],"about":[{"href":"https:\/\/exceladvisor.org\/it\/wp-json\/wp\/v2\/types\/page"}],"author":[{"embeddable":true,"href":"https:\/\/exceladvisor.org\/it\/wp-json\/wp\/v2\/users\/1"}],"replies":[{"embeddable":true,"href":"https:\/\/exceladvisor.org\/it\/wp-json\/wp\/v2\/comments?post=1759"}],"version-history":[{"count":1,"href":"https:\/\/exceladvisor.org\/it\/wp-json\/wp\/v2\/pages\/1759\/revisions"}],"predecessor-version":[{"id":2951,"href":"https:\/\/exceladvisor.org\/it\/wp-json\/wp\/v2\/pages\/1759\/revisions\/2951"}],"wp:attachment":[{"href":"https:\/\/exceladvisor.org\/it\/wp-json\/wp\/v2\/media?parent=1759"}],"curies":[{"name":"wp","href":"https:\/\/api.w.org\/{rel}","templated":true}]}}