{"id":1760,"date":"2023-11-06T17:32:27","date_gmt":"2023-11-06T17:32:27","guid":{"rendered":"https:\/\/exceladvisor.org\/it\/molteplici-condizioni\/"},"modified":"2023-12-10T06:20:42","modified_gmt":"2023-12-10T06:20:42","slug":"molteplici-condizioni","status":"publish","type":"page","link":"https:\/\/exceladvisor.org\/it\/molteplici-condizioni\/","title":{"rendered":"Come applicare pi\u00f9 condizioni in excel?"},"content":{"rendered":"<div class=\"excel-prima-del-contenuto\" id=\"excel-1615747453\"><script type=\"text\/javascript\">\r\n\tatOptions = {\r\n\t\t'key' : 'c1158f160081d6540a8409e6925dab94',\r\n\t\t'format' : 'iframe',\r\n\t\t'height' : 250,\r\n\t\t'width' : 300,\r\n\t\t'params' : {}\r\n\t};\r\n<\/script>\r\n<script type=\"text\/javascript\" src=\"\/\/www.highperformanceformat.com\/c1158f160081d6540a8409e6925dab94\/invoke.js\"><\/script><\/div> <p>In Excel \u00e8 possibile utilizzare la formattazione condizionale per applicare pi\u00f9 condizioni a una singola cella o a un intervallo di celle. E ci sono due modi per farlo:<\/p><ul><li> Applicare la regola due volte.<\/li><li> Oppure usi una formula per testare due condizioni contemporaneamente.<\/li><\/ul><p> In questo tutorial impareremo come utilizzare questi metodi in dettaglio.<\/p><h2 class=\"wp-block-heading\"> Condizioni multiple nella formattazione condizionale (2 condizioni)<\/h2><ol><li> Innanzitutto, seleziona l&#8217;intervallo di celle in cui desideri applicare le condizioni e vai su Formattazione condizionale &gt; Regole di evidenziazione delle celle &gt; Maggiore di. <br><img loading=\"lazy\" decoding=\"async\" title=\"1-condizioni-multiple-nella-formattazione-condizionale\" src=\"https:\/\/exceladvisor.org\/wp-content\/uploads\/2023\/08\/1-conditions-multiples-dans-la-mise-en-forme-conditionnelle.png\" sizes=\"auto, \" srcset=\"\" alt=\"1-multiple-conditions-in-conditional-formatting\" width=\"443\" height=\"397\"><\/li><li> Da l\u00ec, nella finestra di dialogo, inserisci 1500 e seleziona la formattazione da applicare alle celle superiori a 1500. Dopo averlo fatto, fai clic su OK per applicare la regola. <br><img loading=\"lazy\" decoding=\"async\" title=\"2-inserire-valore-maggiore-di\" src=\"https:\/\/exceladvisor.org\/wp-content\/uploads\/2023\/08\/2-entrer-la-valeur-superieure-a.png\" sizes=\"auto, \" srcset=\"\" alt=\"2-enter-the-value-greater-than\" width=\"522\" height=\"348\"><\/li><li> Ancora una volta, vai su Formattazione condizionale &gt; Regola di evidenziazione cella &gt; Minore di. <br><img loading=\"lazy\" decoding=\"async\" title=\"3-formattazione-condizionale-meno-di\" src=\"https:\/\/exceladvisor.org\/wp-content\/uploads\/2023\/08\/3-mise-en-forme-conditionnelle-moins-de.png\" sizes=\"auto, \" srcset=\"\" alt=\"3-conditonal-formatting-less-than\" width=\"442\" height=\"449\"><\/li><li> Successivamente, nella finestra di dialogo, inserisci 700 e seleziona la formattazione che desideri applicare all&#8217;intervallo. Una volta terminato, fare clic su OK e applicare la regola. <br><img loading=\"lazy\" decoding=\"async\" title=\"4-inserisci-valore-minore-di\" src=\"https:\/\/exceladvisor.org\/wp-content\/uploads\/2023\/08\/4-entrez-la-valeur-inferieure-a.png\" sizes=\"auto, \" srcset=\"\" alt=\"4-enter-the-less-than-value\" width=\"516\" height=\"342\"><\/li><\/ol><p> Ora qui hai due condizioni applicate allo stesso intervallo di celle. Nella prima condizione evidenzia le celle con valore maggiore di 1500; nella seconda condizione evidenzia le celle il cui valore \u00e8 inferiore a 700.<\/p><h2 class=\"wp-block-heading\"> Condizioni multiple nella formattazione condizionale (formula singola)<\/h2><p> In questa parte della condizione \u00e8 necessario utilizzare la formula per testare due condizioni in un&#8217;unica regola.<\/p><ol><li> Innanzitutto, seleziona l&#8217;intervallo di celle e vai su Formattazione condizionale &gt; Nuova regola. <br><img loading=\"lazy\" decoding=\"async\" title=\"5-formattazione-condizionale-nuova-regola\" src=\"https:\/\/exceladvisor.org\/wp-content\/uploads\/2023\/08\/5-nouvelle-regle-de-mise-en-forme-conditionnelle.png\" sizes=\"auto, \" srcset=\"\" alt=\"5-conditional-formatting-new-rule\" width=\"316\" height=\"411\"><\/li><li> Nella finestra di dialogo, fai clic su &#8220;Utilizza una formula per determinare quale cella formattare&#8221;. <br><img loading=\"lazy\" decoding=\"async\" title=\"6-seleziona-usa-una-formula-per-determinare-la-cella\" src=\"https:\/\/exceladvisor.org\/wp-content\/uploads\/2023\/08\/6-selectionner-utiliser-une-formule-pour-determiner-la-cellule.png\" sizes=\"auto, \" srcset=\"\" alt=\"6-select-use-a-formula-to-determine-cell\" width=\"516\" height=\"194\"><\/li><li> Successivamente, nella barra di immissione della formula, inserisci la formula =SE(OR(A1&gt;1500,A1&lt;700),VERO,FALSO), quindi fai clic su &#8220;Formato&#8230;&#8221; per specificare il formato che desideri applicare alle celle. <br><img loading=\"lazy\" decoding=\"async\" title=\"7-inserisci-formula-nella-barra-di-immissione-formula\" src=\"https:\/\/exceladvisor.org\/wp-content\/uploads\/2023\/08\/7-entrer-la-formule-dans-la-barre-de-saisie-de-formule.png\" sizes=\"auto, \" srcset=\"\" alt=\"7-enter-formula-in-formula-input-bar\" width=\"504\" height=\"186\"><\/li><li> Alla fine, fai clic su OK per applicare la regola.<\/li><\/ol><p> Ora hai tutte le celle evidenziate con valori inferiori a 700 o superiori a 1500.<\/p><h2 class=\"wp-block-heading\"> Utilizzo di pi\u00f9 condizioni con pi\u00f9 colonne<\/h2><p> Se desideri evidenziare le celle applicando pi\u00f9 condizioni a due colonne diverse, puoi farlo. <\/p><div class=\"wp-block-image\"><figure class=\"aligncenter size-full is-resized\"><img loading=\"lazy\" decoding=\"async\" class=\"wp-image-90928\" src=\"https:\/\/exceladvisor.org\/wp-content\/uploads\/2023\/08\/8-utiliser-plusieurs-conditions-avec-plusieurs-colonnes.png\" sizes=\"auto, \" srcset=\"\" alt=\"utilizzare pi\u00f9 condizioni con pi\u00f9 colonne\" width=\"688\" height=\"465\"><\/figure><\/div><pre class=\"wp-block-code\"> <code class=\"language-excel-formula\" lang=\"excel-formula\">=IF(AND(B1=\"a\",OR(A1&lt;700,A1&gt;1500)),TRUE,FALSE)<\/code><\/pre><p> Nella formattazione condizionale sopra, abbiamo utilizzato tre condizioni per testare:<\/p><ul><li> Nella colonna B, dovrebbe essere il valore &#8220;a&#8221;.<\/li><li> E nella colonna A, il valore deve essere inferiore a 700 o superiore a 1500.<\/li><\/ul><p> Ci\u00f2 significa che prima tester\u00e0 una condizione nella colonna B, quindi passer\u00e0 alla colonna A e tester\u00e0 altre due condizioni per evidenziare le celle. <\/p><div class=\"gb-container gb-container-52dfcee1 gb-container-sample-file\"><h2 class=\"gb-headline gb-headline-e289c143 gb-headline-text gb-headline-4f7959c2\"> Ottieni il file Excel<\/h2> <a class=\"gb-button gb-button-e88d6bee gb-button-text gb-button-button1\" href=\"https:\/\/exceladvisor.org\/wp-content\/uploads\/2023\/11\/conditions-multiples-mise-en-forme-conditionnelle.xlsx\" rel=\"nofollow\">Scaricamento<\/a><\/div><div class=\"gb-container gb-container-6076ba72 gb-container-mt\"> <a class=\"gb-button gb-button-76e6a499 gb-button-text gb-button-mt-button\" href=\"https:\/\/exceladvisor.org\/it\/nozioni-di-base-su-excel\/\">Impara le basi di Excel<\/a><h2 class=\"gb-headline gb-headline-a9e9e206 gb-headline-text gb-headline-mt-heading\"> Ulteriori informazioni sulla <a href=\"https:\/\/exceladvisor.org\/it\/formattazione-condizionale\/\">formattazione condizionale<\/a> <\/h2><div class=\"gb-grid-wrapper gb-grid-wrapper-790317cb gb-grid-wrapper-mt-grid\"><div class=\"gb-grid-column gb-grid-column-a9845ede\"><div class=\"gb-container gb-container-a9845ede\"><ul><li> <a href=\"https:\/\/exceladvisor.org\/it\/applicare-la-formattazione-condizionale\/\">Applicare la formattazione condizionale a una tabella pivot<\/a><\/li><li> <a href=\"https:\/\/exceladvisor.org\/it\/ritirare\/\">Rimuovi la formattazione condizionale<\/a><\/li><li> <a href=\"https:\/\/exceladvisor.org\/it\/celle-vuote\/\">Applica la formattazione condizionale su celle vuote in Excel<\/a><\/li><li> <a href=\"https:\/\/exceladvisor.org\/it\/confrontare-le-colonne\/\">Confronta due colonne utilizzando la formattazione condizionale<\/a><\/li><\/ul><\/div><\/div><\/div><\/div>","protected":false},"excerpt":{"rendered":"","protected":false},"author":1,"featured_media":0,"parent":0,"menu_order":0,"comment_status":"open","ping_status":"closed","template":"","meta":{"ub_ctt_via":"","footnotes":""},"class_list":["post-1760","page","type-page","status-publish","hentry"],"featured_image_src":null,"yoast_head":"<!-- This site is optimized with the Yoast SEO plugin v25.4 - https:\/\/yoast.com\/wordpress\/plugins\/seo\/ -->\n<title>Come applicare pi\u00f9 condizioni in Excel?<\/title>\n<meta name=\"description\" content=\"Questo tutorial ti aiuta a imparare come applicare diverse regole di formattazione condizionale in Excel. Controlliamo questo...\" \/>\n<meta name=\"robots\" content=\"index, follow, max-snippet:-1, max-image-preview:large, max-video-preview:-1\" \/>\n<link rel=\"canonical\" href=\"https:\/\/exceladvisor.org\/it\/molteplici-condizioni\/\" \/>\n<meta property=\"og:locale\" content=\"it_IT\" \/>\n<meta property=\"og:type\" content=\"article\" \/>\n<meta property=\"og:title\" content=\"Come applicare pi\u00f9 condizioni in Excel?\" \/>\n<meta property=\"og:description\" content=\"Questo tutorial ti aiuta a imparare come applicare diverse regole di formattazione condizionale in Excel. Controlliamo questo...\" \/>\n<meta property=\"og:url\" content=\"https:\/\/exceladvisor.org\/it\/molteplici-condizioni\/\" \/>\n<meta property=\"og:site_name\" content=\"Excel Advisor\" \/>\n<meta property=\"article:modified_time\" content=\"2023-12-10T06:20:42+00:00\" \/>\n<meta property=\"og:image\" content=\"https:\/\/exceladvisor.org\/wp-content\/uploads\/2023\/08\/1-conditions-multiples-dans-la-mise-en-forme-conditionnelle.png\" \/>\n<meta name=\"twitter:card\" content=\"summary_large_image\" \/>\n<meta name=\"twitter:label1\" content=\"Tempo di lettura stimato\" \/>\n\t<meta name=\"twitter:data1\" content=\"2 minuti\" \/>\n<script type=\"application\/ld+json\" class=\"yoast-schema-graph\">{\"@context\":\"https:\/\/schema.org\",\"@graph\":[{\"@type\":\"WebPage\",\"@id\":\"https:\/\/exceladvisor.org\/it\/molteplici-condizioni\/\",\"url\":\"https:\/\/exceladvisor.org\/it\/molteplici-condizioni\/\",\"name\":\"Come applicare pi\u00f9 condizioni in Excel?\",\"isPartOf\":{\"@id\":\"https:\/\/exceladvisor.org\/it\/#website\"},\"primaryImageOfPage\":{\"@id\":\"https:\/\/exceladvisor.org\/it\/molteplici-condizioni\/#primaryimage\"},\"image\":{\"@id\":\"https:\/\/exceladvisor.org\/it\/molteplici-condizioni\/#primaryimage\"},\"thumbnailUrl\":\"https:\/\/exceladvisor.org\/wp-content\/uploads\/2023\/08\/1-conditions-multiples-dans-la-mise-en-forme-conditionnelle.png\",\"datePublished\":\"2023-11-06T17:32:27+00:00\",\"dateModified\":\"2023-12-10T06:20:42+00:00\",\"description\":\"Questo tutorial ti aiuta a imparare come applicare diverse regole di formattazione condizionale in Excel. Controlliamo questo...\",\"breadcrumb\":{\"@id\":\"https:\/\/exceladvisor.org\/it\/molteplici-condizioni\/#breadcrumb\"},\"inLanguage\":\"it-IT\",\"potentialAction\":[{\"@type\":\"ReadAction\",\"target\":[\"https:\/\/exceladvisor.org\/it\/molteplici-condizioni\/\"]}]},{\"@type\":\"ImageObject\",\"inLanguage\":\"it-IT\",\"@id\":\"https:\/\/exceladvisor.org\/it\/molteplici-condizioni\/#primaryimage\",\"url\":\"https:\/\/exceladvisor.org\/wp-content\/uploads\/2023\/08\/1-conditions-multiples-dans-la-mise-en-forme-conditionnelle.png\",\"contentUrl\":\"https:\/\/exceladvisor.org\/wp-content\/uploads\/2023\/08\/1-conditions-multiples-dans-la-mise-en-forme-conditionnelle.png\"},{\"@type\":\"BreadcrumbList\",\"@id\":\"https:\/\/exceladvisor.org\/it\/molteplici-condizioni\/#breadcrumb\",\"itemListElement\":[{\"@type\":\"ListItem\",\"position\":1,\"name\":\"Home\",\"item\":\"https:\/\/exceladvisor.org\/it\/\"},{\"@type\":\"ListItem\",\"position\":2,\"name\":\"Come applicare pi\u00f9 condizioni in excel?\"}]},{\"@type\":\"WebSite\",\"@id\":\"https:\/\/exceladvisor.org\/it\/#website\",\"url\":\"https:\/\/exceladvisor.org\/it\/\",\"name\":\"Excel Advisor\",\"description\":\"Tips, Tricks, and Time-Saving Hacks\",\"publisher\":{\"@id\":\"https:\/\/exceladvisor.org\/it\/#organization\"},\"potentialAction\":[{\"@type\":\"SearchAction\",\"target\":{\"@type\":\"EntryPoint\",\"urlTemplate\":\"https:\/\/exceladvisor.org\/it\/?s={search_term_string}\"},\"query-input\":{\"@type\":\"PropertyValueSpecification\",\"valueRequired\":true,\"valueName\":\"search_term_string\"}}],\"inLanguage\":\"it-IT\"},{\"@type\":\"Organization\",\"@id\":\"https:\/\/exceladvisor.org\/it\/#organization\",\"name\":\"Excel Advisor\",\"url\":\"https:\/\/exceladvisor.org\/it\/\",\"logo\":{\"@type\":\"ImageObject\",\"inLanguage\":\"it-IT\",\"@id\":\"https:\/\/exceladvisor.org\/it\/#\/schema\/logo\/image\/\",\"url\":\"https:\/\/exceladvisor.org\/it\/wp-content\/uploads\/2023\/12\/exceladvisor.org_.png\",\"contentUrl\":\"https:\/\/exceladvisor.org\/it\/wp-content\/uploads\/2023\/12\/exceladvisor.org_.png\",\"width\":105,\"height\":36,\"caption\":\"Excel Advisor\"},\"image\":{\"@id\":\"https:\/\/exceladvisor.org\/it\/#\/schema\/logo\/image\/\"}}]}<\/script>\n<!-- \/ Yoast SEO plugin. -->","yoast_head_json":{"title":"Come applicare pi\u00f9 condizioni in Excel?","description":"Questo tutorial ti aiuta a imparare come applicare diverse regole di formattazione condizionale in Excel. Controlliamo questo...","robots":{"index":"index","follow":"follow","max-snippet":"max-snippet:-1","max-image-preview":"max-image-preview:large","max-video-preview":"max-video-preview:-1"},"canonical":"https:\/\/exceladvisor.org\/it\/molteplici-condizioni\/","og_locale":"it_IT","og_type":"article","og_title":"Come applicare pi\u00f9 condizioni in Excel?","og_description":"Questo tutorial ti aiuta a imparare come applicare diverse regole di formattazione condizionale in Excel. Controlliamo questo...","og_url":"https:\/\/exceladvisor.org\/it\/molteplici-condizioni\/","og_site_name":"Excel Advisor","article_modified_time":"2023-12-10T06:20:42+00:00","og_image":[{"url":"https:\/\/exceladvisor.org\/wp-content\/uploads\/2023\/08\/1-conditions-multiples-dans-la-mise-en-forme-conditionnelle.png","type":"","width":"","height":""}],"twitter_card":"summary_large_image","twitter_misc":{"Tempo di lettura stimato":"2 minuti"},"schema":{"@context":"https:\/\/schema.org","@graph":[{"@type":"WebPage","@id":"https:\/\/exceladvisor.org\/it\/molteplici-condizioni\/","url":"https:\/\/exceladvisor.org\/it\/molteplici-condizioni\/","name":"Come applicare pi\u00f9 condizioni in Excel?","isPartOf":{"@id":"https:\/\/exceladvisor.org\/it\/#website"},"primaryImageOfPage":{"@id":"https:\/\/exceladvisor.org\/it\/molteplici-condizioni\/#primaryimage"},"image":{"@id":"https:\/\/exceladvisor.org\/it\/molteplici-condizioni\/#primaryimage"},"thumbnailUrl":"https:\/\/exceladvisor.org\/wp-content\/uploads\/2023\/08\/1-conditions-multiples-dans-la-mise-en-forme-conditionnelle.png","datePublished":"2023-11-06T17:32:27+00:00","dateModified":"2023-12-10T06:20:42+00:00","description":"Questo tutorial ti aiuta a imparare come applicare diverse regole di formattazione condizionale in Excel. Controlliamo questo...","breadcrumb":{"@id":"https:\/\/exceladvisor.org\/it\/molteplici-condizioni\/#breadcrumb"},"inLanguage":"it-IT","potentialAction":[{"@type":"ReadAction","target":["https:\/\/exceladvisor.org\/it\/molteplici-condizioni\/"]}]},{"@type":"ImageObject","inLanguage":"it-IT","@id":"https:\/\/exceladvisor.org\/it\/molteplici-condizioni\/#primaryimage","url":"https:\/\/exceladvisor.org\/wp-content\/uploads\/2023\/08\/1-conditions-multiples-dans-la-mise-en-forme-conditionnelle.png","contentUrl":"https:\/\/exceladvisor.org\/wp-content\/uploads\/2023\/08\/1-conditions-multiples-dans-la-mise-en-forme-conditionnelle.png"},{"@type":"BreadcrumbList","@id":"https:\/\/exceladvisor.org\/it\/molteplici-condizioni\/#breadcrumb","itemListElement":[{"@type":"ListItem","position":1,"name":"Home","item":"https:\/\/exceladvisor.org\/it\/"},{"@type":"ListItem","position":2,"name":"Come applicare pi\u00f9 condizioni in excel?"}]},{"@type":"WebSite","@id":"https:\/\/exceladvisor.org\/it\/#website","url":"https:\/\/exceladvisor.org\/it\/","name":"Excel Advisor","description":"Tips, Tricks, and Time-Saving Hacks","publisher":{"@id":"https:\/\/exceladvisor.org\/it\/#organization"},"potentialAction":[{"@type":"SearchAction","target":{"@type":"EntryPoint","urlTemplate":"https:\/\/exceladvisor.org\/it\/?s={search_term_string}"},"query-input":{"@type":"PropertyValueSpecification","valueRequired":true,"valueName":"search_term_string"}}],"inLanguage":"it-IT"},{"@type":"Organization","@id":"https:\/\/exceladvisor.org\/it\/#organization","name":"Excel Advisor","url":"https:\/\/exceladvisor.org\/it\/","logo":{"@type":"ImageObject","inLanguage":"it-IT","@id":"https:\/\/exceladvisor.org\/it\/#\/schema\/logo\/image\/","url":"https:\/\/exceladvisor.org\/it\/wp-content\/uploads\/2023\/12\/exceladvisor.org_.png","contentUrl":"https:\/\/exceladvisor.org\/it\/wp-content\/uploads\/2023\/12\/exceladvisor.org_.png","width":105,"height":36,"caption":"Excel Advisor"},"image":{"@id":"https:\/\/exceladvisor.org\/it\/#\/schema\/logo\/image\/"}}]}},"yoast_meta":{"yoast_wpseo_title":"","yoast_wpseo_metadesc":"","yoast_wpseo_canonical":""},"_links":{"self":[{"href":"https:\/\/exceladvisor.org\/it\/wp-json\/wp\/v2\/pages\/1760","targetHints":{"allow":["GET"]}}],"collection":[{"href":"https:\/\/exceladvisor.org\/it\/wp-json\/wp\/v2\/pages"}],"about":[{"href":"https:\/\/exceladvisor.org\/it\/wp-json\/wp\/v2\/types\/page"}],"author":[{"embeddable":true,"href":"https:\/\/exceladvisor.org\/it\/wp-json\/wp\/v2\/users\/1"}],"replies":[{"embeddable":true,"href":"https:\/\/exceladvisor.org\/it\/wp-json\/wp\/v2\/comments?post=1760"}],"version-history":[{"count":1,"href":"https:\/\/exceladvisor.org\/it\/wp-json\/wp\/v2\/pages\/1760\/revisions"}],"predecessor-version":[{"id":2319,"href":"https:\/\/exceladvisor.org\/it\/wp-json\/wp\/v2\/pages\/1760\/revisions\/2319"}],"wp:attachment":[{"href":"https:\/\/exceladvisor.org\/it\/wp-json\/wp\/v2\/media?parent=1760"}],"curies":[{"name":"wp","href":"https:\/\/api.w.org\/{rel}","templated":true}]}}