{"id":1762,"date":"2023-11-06T11:11:53","date_gmt":"2023-11-06T11:11:53","guid":{"rendered":"https:\/\/exceladvisor.org\/it\/formato-automatico\/"},"modified":"2023-12-10T06:26:40","modified_gmt":"2023-12-10T06:26:40","slug":"formato-automatico","status":"publish","type":"page","link":"https:\/\/exceladvisor.org\/it\/formato-automatico\/","title":{"rendered":"Come utilizzare l&#39;opzione formato automatico in excel?"},"content":{"rendered":"<div class=\"excel-prima-del-contenuto\" id=\"excel-1858038566\"><script type=\"text\/javascript\">\r\n\tatOptions = {\r\n\t\t'key' : 'c1158f160081d6540a8409e6925dab94',\r\n\t\t'format' : 'iframe',\r\n\t\t'height' : 250,\r\n\t\t'width' : 300,\r\n\t\t'params' : {}\r\n\t};\r\n<\/script>\r\n<script type=\"text\/javascript\" src=\"\/\/www.highperformanceformat.com\/c1158f160081d6540a8409e6925dab94\/invoke.js\"><\/script><\/div> <p>La formattazione \u00e8 un compito noioso. \u00c8 davvero difficile formattare i tuoi dati ogni volta che li presenti a qualcuno. Ma \u00e8 l&#8217;unica cosa che rende i tuoi dati pi\u00f9 completi e facili da utilizzare.<\/p><p> Sarebbe fantastico se avessi un&#8217;opzione che puoi utilizzare per formattare i tuoi dati senza perdere molto tempo. Quindi, quando si tratta di Excel, hai un&#8217;opzione straordinaria che pu\u00f2 aiutarti a formattare i tuoi dati in pochissimo tempo.<\/p><p> Il suo nome \u00e8 FORMATO AUTOMATICO. Nel formato automatico, hai diversi formati predefiniti che puoi applicare immediatamente ai tuoi dati.<\/p><p> Tutto quello che devi fare \u00e8 selezionare un formato e fare clic su OK per applicarlo. \u00c8 semplice e facile. In tutti i formati predefiniti sono presenti tutti i componenti importanti della formattazione, come:<\/p><ul><li> Formattazione dei numeri<\/li><li> <a href=\"https:\/\/exceladvisor.org\/it\/confine\/\">frontiere<\/a><\/li><li> <a href=\"https:\/\/exceladvisor.org\/it\/carattere-predefinito\/\">Stile carattere<\/a><\/li><li> Modelli e <a href=\"https:\/\/exceladvisor.org\/it\/colore-delle-cellule\/\">colori di sfondo<\/a><\/li><li> Allineamento del testo<\/li><li> <a href=\"https:\/\/exceladvisor.org\/it\/larghezza-della-colonna\/\">Dimensioni di colonne e righe<\/a><\/li><\/ul><p> In questo articolo imparerai questa fantastica opzione che pu\u00f2 aiutarti a risparmiare molto tempo nei prossimi giorni.<\/p><p class=\"qt-tip\"> <strong>Nota rapida<\/strong> : questo \u00e8 uno di quei <a style=\"outline: none;\" href=\"https:\/\/exceladvisor.org\/it\/consiglio\/\" data-wpil=\"url\" data-wpel-link=\"internal\">trucchi di Excel<\/a> che possono aiutare a migliorare <a href=\"https:\/\/exceladvisor.org\/it\/eccellere-nelle-competenze\/\" data-wpel-link=\"internal\">le competenze di base di Excel<\/a> . Quindi iniziamo\u2026<\/p><h2 class=\"wp-block-heading\"> Dove posso trovare l&#8217;opzione FORMATO AUTOMATICO?<\/h2><p> Se controlli la versione di Excel 2003, l&#8217;opzione di formattazione automatica \u00e8 presente nel menu. Tuttavia, con la versione 2007 della barra multifunzione, questa opzione non \u00e8 pi\u00f9 disponibile in nessuna scheda.<\/p><p> Ci\u00f2 non significa che non puoi usarlo nelle versioni precedenti. \u00c8 ancora l\u00ec, ma nascosto. Pertanto, per utilizzarlo nelle versioni di Excel come 2007, 2010, 2013 e 2016, \u00e8 necessario aggiungerlo alla barra di accesso rapido di Excel. Questa \u00e8 una configurazione una tantum, quindi non \u00e8 necessario ripeterla pi\u00f9 e pi\u00f9 volte.<\/p><h2 id=\"tab-con-2\" class=\"wp-block-heading\"> Aggiungi la formattazione automatica alla barra di accesso rapido<\/h2><p> Per aggiungere la formattazione automatica alla <a style=\"outline: none;\" href=\"https:\/\/exceladvisor.org\/it\/barra-di-accesso-rapido\/\" data-wpel-link=\"internal\">barra di accesso rapido,<\/a> segui questi passaggi.<\/p><ul><li> Innanzitutto, vai alla barra di accesso rapido e fai clic sulla piccola freccia rivolta verso il basso all&#8217;estremit\u00e0 della barra degli strumenti. <\/li><\/ul><div class=\"wp-block-image\"><figure class=\"aligncenter\"><img decoding=\"async\" src=\"https:\/\/exceladvisor.org\/wp-content\/uploads\/2023\/08\/cliquez-sur-la-liste-deroulante-pour-activer-le-format-automatique-dans-Excel-min-1.png\" sizes=\"\" srcset=\"\" alt=\"fare clic sulla casella a discesa per abilitare la formattazione automatica in Excel\"><\/figure><\/div><ul><li> E, quando fai clic su di esso, otterrai un menu a discesa. <\/li><\/ul><div class=\"wp-block-image\"><figure class=\"aligncenter\"><img decoding=\"async\" src=\"https:\/\/exceladvisor.org\/wp-content\/uploads\/2023\/08\/cliquez-sur-plus-de-commandes-pour-activer-le-format-automatique-dans-excel-min-1.png\" sizes=\"\" srcset=\"\" alt=\"fare clic su pi\u00f9 comandi per abilitare la formattazione automatica in Excel\"><\/figure><\/div><ul><li> In questo menu, fai clic su \u201cAltri ordini\u201d. <\/li><\/ul><div class=\"wp-block-image\"><figure class=\"aligncenter\"><img decoding=\"async\" src=\"https:\/\/exceladvisor.org\/wp-content\/uploads\/2023\/08\/cliquez-sur-plus-de-commandes-pour-activer-le-format-automatique-dans-excel-min-1.png\" sizes=\"\" srcset=\"\" alt=\"fare clic su pi\u00f9 comandi per abilitare la formattazione automatica in Excel\"><\/figure><\/div><ul><li> Dopo aver fatto clic su di esso, si aprir\u00e0 &#8220;Personalizza barra degli strumenti di accesso rapido&#8221; nelle opzioni di Excel.<\/li><li> Da l\u00ec, fai clic sul menu a discesa \u201cScegli comandi da\u201d e seleziona \u201cComandi non nella barra multifunzione\u201d. <\/li><\/ul><div class=\"wp-block-image\"><figure class=\"aligncenter\"><img decoding=\"async\" src=\"https:\/\/exceladvisor.org\/wp-content\/uploads\/2023\/08\/selectionnez-les-commandes-qui-ne-se-trouvent-pas-dans-le-ruban-pour-ajouter-le-format-automatique-dans-la-barre-doutils-dacces-rapide-dExcel-min-1.png\" sizes=\"\" srcset=\"\" alt=\"seleziona i comandi non presenti sulla barra multifunzione per aggiungere il formato automatico alla barra di accesso rapido di Excel\"><\/figure><\/div><ul><li> Successivamente, vai all&#8217;elenco dei comandi che hai appena sotto questo elenco a discesa.<\/li><li> Inoltre, seleziona l&#8217;opzione &#8220;Formattazione automatica&#8221; e aggiungila alla barra di accesso rapido. <\/li><\/ul><div class=\"wp-block-image\"><figure class=\"aligncenter\"><img decoding=\"async\" src=\"https:\/\/exceladvisor.org\/wp-content\/uploads\/2023\/08\/selectionner-a-partir-de-la-commande-de-format-automatique-dans-Excel-pour-ajouter-a-la-barre-doutils-dacces-rapide-min-1.png\" sizes=\"\" srcset=\"\" alt=\"seleziona dal comando di formattazione automatica in Excel per aggiungerlo alla barra di accesso rapido\"><\/figure><\/div><ul><li> Fare clic su OK. <\/li><\/ul><div class=\"wp-block-image\"><figure class=\"aligncenter\"><img decoding=\"async\" src=\"https:\/\/exceladvisor.org\/wp-content\/uploads\/2023\/08\/bouton-de-formatage-automatique-dans-la-barre-doutils-dacces-rapide-dExcel-min-1.png\" sizes=\"\" srcset=\"\" alt=\"pulsante di formattazione automatica nella barra di accesso rapido di Excel\"><\/figure><\/div><p> Ora hai l&#8217;icona della formattazione automatica nella barra di accesso rapido.<\/p><h2 id=\"tab-con-3\" class=\"wp-block-heading\"> Come utilizzare il formato automatico?<\/h2><p> Applicare formati con un&#8217;opzione di formattazione automatica \u00e8 semplicissimo. Supponiamo che tu voglia formattare la tabella dati seguente. <\/p><div class=\"wp-block-image\"><figure class=\"aligncenter\"><img decoding=\"async\" src=\"https:\/\/exceladvisor.org\/wp-content\/uploads\/2023\/08\/table-de-donnees-pour-utiliser-le-format-automatique-dans-excel-min-1.png\" sizes=\"\" srcset=\"\" alt=\"tabella dati per utilizzare il formato automatico in Excel\"><\/figure><\/div><p> <a style=\"outline: none;\" href=\"https:\/\/exceladvisor.org\/wp-content\/uploads\/2023\/08\/formatage-automatique-des-donnees.xlsx\" rel=\"nofollow\">Scarica questo file da qui<\/a> per seguire e segui i passaggi seguenti per formattare la tabella.<\/p><ul><li> Seleziona una delle celle nei tuoi dati. <\/li><\/ul><div class=\"wp-block-image\"><figure class=\"aligncenter\"><img decoding=\"async\" src=\"https:\/\/exceladvisor.org\/wp-content\/uploads\/2023\/08\/selectionnez-nimporte-quelle-cellule-des-donnees-pour-appliquer-le-formatage-avec-le-format-automatique-dans-Excel-min-1.png\" sizes=\"\" srcset=\"\" alt=\"seleziona qualsiasi cella nei dati per applicare la formattazione con formattazione automatica in Excel\"><\/figure><\/div><ul><li> Vai alla barra di accesso rapido e fai clic sul pulsante Formattazione automatica. <\/li><\/ul><div class=\"wp-block-image\"><figure class=\"aligncenter\"><img decoding=\"async\" src=\"https:\/\/exceladvisor.org\/wp-content\/uploads\/2023\/08\/cliquez-sur-le-bouton-de-formatage-automatique-pour-ajouter-un-formatage-sur-la-table-de-donnees-min-1.png\" sizes=\"\" srcset=\"\" alt=\"fare clic sul pulsante di formattazione automatica per aggiungere la formattazione alla tabella dati\"><\/figure><\/div><ul><li> Ora hai una finestra in cui hai diversi formati di dati.<\/li><li> Selezionane uno e fai clic su OK. <\/li><\/ul><div class=\"wp-block-image\"><figure class=\"aligncenter\"><img decoding=\"async\" src=\"https:\/\/exceladvisor.org\/wp-content\/uploads\/2023\/08\/selectionnez-le-format-et-cliquez-sur-OK-pour-appliquer-le-formatage-avec-le-format-automatique-dans-Excel-min-1.png\" sizes=\"\" srcset=\"\" alt=\"selezionare il formato e fare clic su OK per applicare la formattazione con formattazione automatica in Excel\"><\/figure><\/div><ul><li> Dopo aver fatto clic su OK, verr\u00e0 immediatamente applicato il formato scelto ai dati. <\/li><\/ul><div class=\"wp-block-image\"><figure class=\"aligncenter\"><img decoding=\"async\" src=\"https:\/\/exceladvisor.org\/wp-content\/uploads\/2023\/08\/tableau-formate-avec-format-automatique-dans-excel-min-1.png\" sizes=\"\" srcset=\"\" alt=\"tabella formattata con formattazione automatica in excel\"><\/figure><\/div><h2 id=\"tab-con-4\" class=\"wp-block-heading\"> Come cambiare un formato in formato automatico?<\/h2><p> Come ho detto sopra, tutti i formati in Auto Format sono una combinazione di 6 diversi componenti. E puoi anche aggiungere o rimuovere questi componenti da ciascun formato prima di applicarli.<\/p><p> Supponiamo che tu voglia aggiungere formattazione alla tabella dati di seguito, ma senza modificarne lo stile del carattere e la larghezza della colonna. \u00c8 necessario applicare il formato seguendo i passaggi seguenti.<\/p><ul><li> Seleziona i tuoi dati e fai clic sul pulsante di formattazione automatica.<\/li><li> Selezionare un formato da applicare e fare clic sul pulsante &#8220;Opzioni&#8221;.<\/li><li> Nelle opzioni, deseleziona &#8220;Carattere&#8221; e &#8220;Larghezza\/Altezza&#8221;. <\/li><\/ul><div class=\"wp-block-image\"><figure class=\"aligncenter\"><img decoding=\"async\" src=\"https:\/\/exceladvisor.org\/wp-content\/uploads\/2023\/08\/modifier-le-format-au-format-automatique-dans-excel-min-1.png\" sizes=\"\" srcset=\"\" alt=\"cambia il formato in formato automatico in Excel\"><\/figure><\/div><ul><li> E fare clic su OK. <\/li><\/ul><div class=\"wp-block-image\"><figure class=\"aligncenter\"><img decoding=\"async\" src=\"https:\/\/exceladvisor.org\/wp-content\/uploads\/2023\/08\/format-sans-style-de-police-et-largeur-avec-format-automatique-min-1.png\" sizes=\"\" srcset=\"\" alt=\"formato senza stile carattere e larghezza con formattazione automatica\"><\/figure><\/div><p> Ora entrambi i componenti non sono presenti nella formattazione.<\/p><h2 id=\"tab-con-5\" class=\"wp-block-heading\"> Rimozione della formattazione<\/h2><p> Bene, per rimuovere la formattazione dei dati, il modo migliore \u00e8 utilizzare il tasto di scelta rapida Alt + H + E + F. Ma puoi anche utilizzare l&#8217;opzione di formattazione automatica per rimuovere la formattazione dai tuoi dati.<\/p><ul><li> Seleziona tutti i tuoi dati e apri il formato automatico.<\/li><li> Vai all&#8217;ultimo nell&#8217;elenco dei formati in cui hai un formato &#8220;Nessuno&#8221;. <\/li><\/ul><div class=\"wp-block-image\"><figure class=\"aligncenter\"><img decoding=\"async\" src=\"https:\/\/exceladvisor.org\/wp-content\/uploads\/2023\/08\/supprimer-le-format-avec-le-format-automatique-min-1.png\" sizes=\"\" srcset=\"\" alt=\"rimuovi il formato con la formattazione automatica\"><\/figure><\/div><ul><li> Selezionalo e fai clic su OK.<\/li><\/ul><h2 id=\"tab-con-6\" class=\"wp-block-heading\"> Punti importanti<\/h2><ol><li> La formattazione automatica non \u00e8 in grado di riconoscere se hai gi\u00e0 formattato i tuoi dati. Ignorer\u00e0 e applicher\u00e0 la nuova formattazione in base al formato selezionato.<\/li><li> Sono necessarie almeno 2 celle per applicare la formattazione con l&#8217;opzione di formattazione automatica.<\/li><\/ol><div class=\"gb-container gb-container-4db6181c gb-container-mt\"> <a class=\"gb-button gb-button-c5897111 gb-button-text gb-button-mt-button\" href=\"https:\/\/exceladvisor.org\/it\/eccellere-in-anticipo\/\">Esercitazioni avanzate su Excel<\/a><h2 class=\"gb-headline gb-headline-665e5f6b gb-headline-text gb-headline-mt-heading\"> Tutorial correlati <\/h2><div class=\"gb-grid-wrapper gb-grid-wrapper-a20baf7c gb-grid-wrapper-mt-grid\"><div class=\"gb-grid-column gb-grid-column-65ddf67e\"><div class=\"gb-container gb-container-65ddf67e\"><ul><li> <a href=\"https:\/\/exceladvisor.org\/it\/formule-1\/\" data-wpil=\"url\">Formule in formattazione condizionale<\/a><\/li><li> <a href=\"https:\/\/exceladvisor.org\/it\/evidenziare-le-linee-alternate\/\">Evidenzia le righe alternative in Excel con il campione di colore<\/a><\/li><li> <a href=\"https:\/\/exceladvisor.org\/it\/giochi-di-icone\/\" data-wpil=\"url\">Utilizza set di icone in Excel (formattazione condizionale)<\/a><\/li><li> <a href=\"https:\/\/exceladvisor.org\/it\/i-migliori-caratteri\/\">I migliori caratteri per Microsoft Excel<\/a><\/li><li> <a href=\"https:\/\/exceladvisor.org\/it\/nascondere-gli-zeri\/\">Nascondi valori zero in Excel<\/a> <\/li><\/ul><\/div><\/div><div class=\"gb-grid-column gb-grid-column-50067b57\"><div class=\"gb-container gb-container-50067b57\"><\/div><\/div><\/div><\/div>","protected":false},"excerpt":{"rendered":"","protected":false},"author":1,"featured_media":0,"parent":0,"menu_order":0,"comment_status":"open","ping_status":"closed","template":"","meta":{"ub_ctt_via":"","footnotes":""},"class_list":["post-1762","page","type-page","status-publish","hentry"],"featured_image_src":null,"yoast_head":"<!-- This site is optimized with the Yoast SEO plugin v25.4 - https:\/\/yoast.com\/wordpress\/plugins\/seo\/ -->\n<title>Formato Excel automatico | Opzione di formattazione per risparmiare tempo<\/title>\n<meta name=\"description\" content=\"Se non vuoi dedicare tempo e sforzi alla formattazione dei dati, puoi utilizzare l&#039;opzione di formattazione automatica che offre 16 formati diversi.\" \/>\n<meta name=\"robots\" content=\"index, follow, max-snippet:-1, max-image-preview:large, max-video-preview:-1\" \/>\n<link rel=\"canonical\" href=\"https:\/\/exceladvisor.org\/it\/formato-automatico\/\" \/>\n<meta property=\"og:locale\" content=\"it_IT\" \/>\n<meta property=\"og:type\" content=\"article\" \/>\n<meta property=\"og:title\" content=\"Formato Excel automatico | Opzione di formattazione per risparmiare tempo\" \/>\n<meta property=\"og:description\" content=\"Se non vuoi dedicare tempo e sforzi alla formattazione dei dati, puoi utilizzare l&#039;opzione di formattazione automatica che offre 16 formati diversi.\" \/>\n<meta property=\"og:url\" content=\"https:\/\/exceladvisor.org\/it\/formato-automatico\/\" \/>\n<meta property=\"og:site_name\" content=\"Excel Advisor\" \/>\n<meta property=\"article:modified_time\" content=\"2023-12-10T06:26:40+00:00\" \/>\n<meta property=\"og:image\" content=\"https:\/\/exceladvisor.org\/wp-content\/uploads\/2023\/08\/cliquez-sur-la-liste-deroulante-pour-activer-le-format-automatique-dans-Excel-min-1.png\" \/>\n<meta name=\"twitter:card\" content=\"summary_large_image\" \/>\n<meta name=\"twitter:label1\" content=\"Tempo di lettura stimato\" \/>\n\t<meta name=\"twitter:data1\" content=\"4 minuti\" \/>\n<script type=\"application\/ld+json\" class=\"yoast-schema-graph\">{\"@context\":\"https:\/\/schema.org\",\"@graph\":[{\"@type\":\"WebPage\",\"@id\":\"https:\/\/exceladvisor.org\/it\/formato-automatico\/\",\"url\":\"https:\/\/exceladvisor.org\/it\/formato-automatico\/\",\"name\":\"Formato Excel automatico | Opzione di formattazione per risparmiare tempo\",\"isPartOf\":{\"@id\":\"https:\/\/exceladvisor.org\/it\/#website\"},\"primaryImageOfPage\":{\"@id\":\"https:\/\/exceladvisor.org\/it\/formato-automatico\/#primaryimage\"},\"image\":{\"@id\":\"https:\/\/exceladvisor.org\/it\/formato-automatico\/#primaryimage\"},\"thumbnailUrl\":\"https:\/\/exceladvisor.org\/wp-content\/uploads\/2023\/08\/cliquez-sur-la-liste-deroulante-pour-activer-le-format-automatique-dans-Excel-min-1.png\",\"datePublished\":\"2023-11-06T11:11:53+00:00\",\"dateModified\":\"2023-12-10T06:26:40+00:00\",\"description\":\"Se non vuoi dedicare tempo e sforzi alla formattazione dei dati, puoi utilizzare l&#39;opzione di formattazione automatica che offre 16 formati diversi.\",\"breadcrumb\":{\"@id\":\"https:\/\/exceladvisor.org\/it\/formato-automatico\/#breadcrumb\"},\"inLanguage\":\"it-IT\",\"potentialAction\":[{\"@type\":\"ReadAction\",\"target\":[\"https:\/\/exceladvisor.org\/it\/formato-automatico\/\"]}]},{\"@type\":\"ImageObject\",\"inLanguage\":\"it-IT\",\"@id\":\"https:\/\/exceladvisor.org\/it\/formato-automatico\/#primaryimage\",\"url\":\"https:\/\/exceladvisor.org\/wp-content\/uploads\/2023\/08\/cliquez-sur-la-liste-deroulante-pour-activer-le-format-automatique-dans-Excel-min-1.png\",\"contentUrl\":\"https:\/\/exceladvisor.org\/wp-content\/uploads\/2023\/08\/cliquez-sur-la-liste-deroulante-pour-activer-le-format-automatique-dans-Excel-min-1.png\"},{\"@type\":\"BreadcrumbList\",\"@id\":\"https:\/\/exceladvisor.org\/it\/formato-automatico\/#breadcrumb\",\"itemListElement\":[{\"@type\":\"ListItem\",\"position\":1,\"name\":\"Home\",\"item\":\"https:\/\/exceladvisor.org\/it\/\"},{\"@type\":\"ListItem\",\"position\":2,\"name\":\"Come utilizzare l&#39;opzione formato automatico in excel?\"}]},{\"@type\":\"WebSite\",\"@id\":\"https:\/\/exceladvisor.org\/it\/#website\",\"url\":\"https:\/\/exceladvisor.org\/it\/\",\"name\":\"Excel Advisor\",\"description\":\"Tips, Tricks, and Time-Saving Hacks\",\"publisher\":{\"@id\":\"https:\/\/exceladvisor.org\/it\/#organization\"},\"potentialAction\":[{\"@type\":\"SearchAction\",\"target\":{\"@type\":\"EntryPoint\",\"urlTemplate\":\"https:\/\/exceladvisor.org\/it\/?s={search_term_string}\"},\"query-input\":{\"@type\":\"PropertyValueSpecification\",\"valueRequired\":true,\"valueName\":\"search_term_string\"}}],\"inLanguage\":\"it-IT\"},{\"@type\":\"Organization\",\"@id\":\"https:\/\/exceladvisor.org\/it\/#organization\",\"name\":\"Excel Advisor\",\"url\":\"https:\/\/exceladvisor.org\/it\/\",\"logo\":{\"@type\":\"ImageObject\",\"inLanguage\":\"it-IT\",\"@id\":\"https:\/\/exceladvisor.org\/it\/#\/schema\/logo\/image\/\",\"url\":\"https:\/\/exceladvisor.org\/it\/wp-content\/uploads\/2023\/12\/exceladvisor.org_.png\",\"contentUrl\":\"https:\/\/exceladvisor.org\/it\/wp-content\/uploads\/2023\/12\/exceladvisor.org_.png\",\"width\":105,\"height\":36,\"caption\":\"Excel Advisor\"},\"image\":{\"@id\":\"https:\/\/exceladvisor.org\/it\/#\/schema\/logo\/image\/\"}}]}<\/script>\n<!-- \/ Yoast SEO plugin. -->","yoast_head_json":{"title":"Formato Excel automatico | Opzione di formattazione per risparmiare tempo","description":"Se non vuoi dedicare tempo e sforzi alla formattazione dei dati, puoi utilizzare l&#39;opzione di formattazione automatica che offre 16 formati diversi.","robots":{"index":"index","follow":"follow","max-snippet":"max-snippet:-1","max-image-preview":"max-image-preview:large","max-video-preview":"max-video-preview:-1"},"canonical":"https:\/\/exceladvisor.org\/it\/formato-automatico\/","og_locale":"it_IT","og_type":"article","og_title":"Formato Excel automatico | Opzione di formattazione per risparmiare tempo","og_description":"Se non vuoi dedicare tempo e sforzi alla formattazione dei dati, puoi utilizzare l&#39;opzione di formattazione automatica che offre 16 formati diversi.","og_url":"https:\/\/exceladvisor.org\/it\/formato-automatico\/","og_site_name":"Excel Advisor","article_modified_time":"2023-12-10T06:26:40+00:00","og_image":[{"url":"https:\/\/exceladvisor.org\/wp-content\/uploads\/2023\/08\/cliquez-sur-la-liste-deroulante-pour-activer-le-format-automatique-dans-Excel-min-1.png","type":"","width":"","height":""}],"twitter_card":"summary_large_image","twitter_misc":{"Tempo di lettura stimato":"4 minuti"},"schema":{"@context":"https:\/\/schema.org","@graph":[{"@type":"WebPage","@id":"https:\/\/exceladvisor.org\/it\/formato-automatico\/","url":"https:\/\/exceladvisor.org\/it\/formato-automatico\/","name":"Formato Excel automatico | Opzione di formattazione per risparmiare tempo","isPartOf":{"@id":"https:\/\/exceladvisor.org\/it\/#website"},"primaryImageOfPage":{"@id":"https:\/\/exceladvisor.org\/it\/formato-automatico\/#primaryimage"},"image":{"@id":"https:\/\/exceladvisor.org\/it\/formato-automatico\/#primaryimage"},"thumbnailUrl":"https:\/\/exceladvisor.org\/wp-content\/uploads\/2023\/08\/cliquez-sur-la-liste-deroulante-pour-activer-le-format-automatique-dans-Excel-min-1.png","datePublished":"2023-11-06T11:11:53+00:00","dateModified":"2023-12-10T06:26:40+00:00","description":"Se non vuoi dedicare tempo e sforzi alla formattazione dei dati, puoi utilizzare l&#39;opzione di formattazione automatica che offre 16 formati diversi.","breadcrumb":{"@id":"https:\/\/exceladvisor.org\/it\/formato-automatico\/#breadcrumb"},"inLanguage":"it-IT","potentialAction":[{"@type":"ReadAction","target":["https:\/\/exceladvisor.org\/it\/formato-automatico\/"]}]},{"@type":"ImageObject","inLanguage":"it-IT","@id":"https:\/\/exceladvisor.org\/it\/formato-automatico\/#primaryimage","url":"https:\/\/exceladvisor.org\/wp-content\/uploads\/2023\/08\/cliquez-sur-la-liste-deroulante-pour-activer-le-format-automatique-dans-Excel-min-1.png","contentUrl":"https:\/\/exceladvisor.org\/wp-content\/uploads\/2023\/08\/cliquez-sur-la-liste-deroulante-pour-activer-le-format-automatique-dans-Excel-min-1.png"},{"@type":"BreadcrumbList","@id":"https:\/\/exceladvisor.org\/it\/formato-automatico\/#breadcrumb","itemListElement":[{"@type":"ListItem","position":1,"name":"Home","item":"https:\/\/exceladvisor.org\/it\/"},{"@type":"ListItem","position":2,"name":"Come utilizzare l&#39;opzione formato automatico in excel?"}]},{"@type":"WebSite","@id":"https:\/\/exceladvisor.org\/it\/#website","url":"https:\/\/exceladvisor.org\/it\/","name":"Excel Advisor","description":"Tips, Tricks, and Time-Saving Hacks","publisher":{"@id":"https:\/\/exceladvisor.org\/it\/#organization"},"potentialAction":[{"@type":"SearchAction","target":{"@type":"EntryPoint","urlTemplate":"https:\/\/exceladvisor.org\/it\/?s={search_term_string}"},"query-input":{"@type":"PropertyValueSpecification","valueRequired":true,"valueName":"search_term_string"}}],"inLanguage":"it-IT"},{"@type":"Organization","@id":"https:\/\/exceladvisor.org\/it\/#organization","name":"Excel Advisor","url":"https:\/\/exceladvisor.org\/it\/","logo":{"@type":"ImageObject","inLanguage":"it-IT","@id":"https:\/\/exceladvisor.org\/it\/#\/schema\/logo\/image\/","url":"https:\/\/exceladvisor.org\/it\/wp-content\/uploads\/2023\/12\/exceladvisor.org_.png","contentUrl":"https:\/\/exceladvisor.org\/it\/wp-content\/uploads\/2023\/12\/exceladvisor.org_.png","width":105,"height":36,"caption":"Excel Advisor"},"image":{"@id":"https:\/\/exceladvisor.org\/it\/#\/schema\/logo\/image\/"}}]}},"yoast_meta":{"yoast_wpseo_title":"","yoast_wpseo_metadesc":"","yoast_wpseo_canonical":""},"_links":{"self":[{"href":"https:\/\/exceladvisor.org\/it\/wp-json\/wp\/v2\/pages\/1762","targetHints":{"allow":["GET"]}}],"collection":[{"href":"https:\/\/exceladvisor.org\/it\/wp-json\/wp\/v2\/pages"}],"about":[{"href":"https:\/\/exceladvisor.org\/it\/wp-json\/wp\/v2\/types\/page"}],"author":[{"embeddable":true,"href":"https:\/\/exceladvisor.org\/it\/wp-json\/wp\/v2\/users\/1"}],"replies":[{"embeddable":true,"href":"https:\/\/exceladvisor.org\/it\/wp-json\/wp\/v2\/comments?post=1762"}],"version-history":[{"count":1,"href":"https:\/\/exceladvisor.org\/it\/wp-json\/wp\/v2\/pages\/1762\/revisions"}],"predecessor-version":[{"id":2822,"href":"https:\/\/exceladvisor.org\/it\/wp-json\/wp\/v2\/pages\/1762\/revisions\/2822"}],"wp:attachment":[{"href":"https:\/\/exceladvisor.org\/it\/wp-json\/wp\/v2\/media?parent=1762"}],"curies":[{"name":"wp","href":"https:\/\/api.w.org\/{rel}","templated":true}]}}