{"id":1763,"date":"2023-11-06T10:44:49","date_gmt":"2023-11-06T10:44:49","guid":{"rendered":"https:\/\/exceladvisor.org\/it\/tempo-medio-2\/"},"modified":"2023-12-10T06:21:22","modified_gmt":"2023-12-10T06:21:22","slug":"tempo-medio-2","status":"publish","type":"page","link":"https:\/\/exceladvisor.org\/it\/tempo-medio-2\/","title":{"rendered":"Come calcolare la media dei valori temporali?"},"content":{"rendered":"<div class=\"excel-prima-del-contenuto\" id=\"excel-4162647197\"><script type=\"text\/javascript\">\r\n\tatOptions = {\r\n\t\t'key' : 'c1158f160081d6540a8409e6925dab94',\r\n\t\t'format' : 'iframe',\r\n\t\t'height' : 250,\r\n\t\t'width' : 300,\r\n\t\t'params' : {}\r\n\t};\r\n<\/script>\r\n<script type=\"text\/javascript\" src=\"\/\/www.highperformanceformat.com\/c1158f160081d6540a8409e6925dab94\/invoke.js\"><\/script><\/div> <p>In questo tutorial impareremo come calcolare la media dei valori temporali presenti in un intervallo di celle.<\/p><h2 class=\"wp-block-heading\"> Formula del tempo medio<\/h2><p> Nell&#8217;esempio seguente, nella colonna A sono presenti tre valori temporali nell&#8217;intervallo A1:A3. Ora devi calcolare la media di questi valori temporali. <\/p><div class=\"wp-block-image\"><figure class=\"aligncenter size-full is-resized\"><img loading=\"lazy\" decoding=\"async\" class=\"wp-image-79293\" src=\"https:\/\/exceladvisor.org\/wp-content\/uploads\/2023\/08\/1-calculer-la-moyenne-des-valeurs-de-temps.png\" sizes=\"auto, \" srcset=\"\" alt=\"calcolare-la-media-dei-valori-temporali\" width=\"442\" height=\"364\"><\/figure><\/div><p> Per fare ci\u00f2, \u00e8 necessario utilizzare la funzione MEDIA.<\/p><ol type=\"1\"><li> Inserisci la funzione media in una cella utilizzando il segno uguale.<\/li><li> Quindi inserisci la funzione MEDIA e inizia le parentesi.<\/li><li> Fai riferimento all&#8217;intervallo in cui hai tempo.<\/li><li> Alla fine, inserisci le parentesi di chiusura e premi Invio per ottenere il risultato. <\/li><\/ol><div class=\"wp-block-image\"><figure class=\"aligncenter size-full is-resized\"><img loading=\"lazy\" decoding=\"async\" class=\"wp-image-79294\" src=\"https:\/\/exceladvisor.org\/wp-content\/uploads\/2023\/08\/2-moyenne-pour-trouver-la-moyenne-de-la-valeur-du-temps.png\" sizes=\"auto, \" srcset=\"\" alt=\"media per trovare il valore temporale medio\" width=\"560\" height=\"358\"><\/figure><\/div><pre class=\"wp-block-code\"> <code class=\"language-excel-formula\" lang=\"excel-formula\">=AVERAGE(A1:A3)<\/code><\/pre><p> Nella cella in cui desideri calcolare la media temporale, devi assicurarti di avere il formato dell&#8217;ora su quella cella. Anche se non cambi il formato, Excel \u00e8 abbastanza intelligente da cambiarlo per te quando inserisci la formula.<\/p><h2 class=\"wp-block-heading\"> Capire il tempo in Excel<\/h2><p> In Excel, <strong><mark class=\"has-inline-color\" style=\"background-color: #eedc82;\">quando inserisci un&#8217;ora in una cella, Excel le assegna automaticamente un formato<\/mark><\/strong> . Esistono due modi per formattare un valore temporale, uno nel formato 12 ore e l&#8217;altro nel formato 24 ore. Quando calcoli la media del tempo e hai un formato di 12 ore, devi stare un po&#8217; attento. <\/p><div class=\"wp-block-image\"><figure class=\"aligncenter size-full is-resized\"><img loading=\"lazy\" decoding=\"async\" class=\"wp-image-79295\" src=\"https:\/\/exceladvisor.org\/wp-content\/uploads\/2023\/08\/3-comprendre-le-temps-dans-excel.png\" sizes=\"auto, \" srcset=\"\" alt=\"comprendere il tempo in Excel\" width=\"325\" height=\"154\"><\/figure><\/div><p> Sopra abbiamo due orari diversi, uno \u00e8 alle 6:30 e il secondo \u00e8 alle 18:30. Questo \u00e8 il motivo per cui la media \u00e8 diversa con le due formule.<\/p><h2 class=\"wp-block-heading\"> Perch\u00e9 ricevo #DIV\/0! Errore durante la media del tempo<\/h2><p> Se i tuoi valori temporali sono memorizzati come testo nella cella, potresti incontrare <a href=\"https:\/\/exceladvisor.org\/it\/errore-di-divisione\/\">#DIV\/0! errore<\/a> . Di seguito abbiamo un elenco di valori temporali che vengono salvati come testo e durante la media riceviamo un errore. <\/p><div class=\"wp-block-image\"><figure class=\"aligncenter size-full is-resized\"><img loading=\"lazy\" decoding=\"async\" class=\"wp-image-79297\" src=\"https:\/\/exceladvisor.org\/wp-content\/uploads\/2023\/08\/Erreur-de-4-div-lors-de-la-moyenne-du-temps.png\" sizes=\"auto, \" srcset=\"\" alt=\"#div-errore-durante-il-tempo-medio\" width=\"346\" height=\"185\"><\/figure><\/div><p> Per risolvere questo problema, puoi utilizzare la seguente formula. <\/p><div class=\"wp-block-image\"><figure class=\"aligncenter size-full is-resized\"><img loading=\"lazy\" decoding=\"async\" class=\"wp-image-79298\" src=\"https:\/\/exceladvisor.org\/wp-content\/uploads\/2023\/08\/5-formule-pour-ignorer-lerreur-div.png\" sizes=\"auto, \" srcset=\"\" alt=\"formula-per-ignorare-#div-errore\" width=\"575\" height=\"368\"><\/figure><\/div><p> \u00c8 necessario inserire questa formula come formula di matrice utilizzando <strong><mark class=\"has-inline-color\" style=\"background-color: #eedc82;\">Ctrl + Maiusc + Invio<\/mark><\/strong> . <\/p><div class=\"gb-container gb-container-52dfcee1 gb-container-sample-file\"><h2 class=\"gb-headline gb-headline-e289c143 gb-headline-text gb-headline-4f7959c2\"> Ottieni il file Excel<\/h2><p> <a class=\"gb-button gb-button-e88d6bee gb-button-text gb-button-button1\" href=\"https:\/\/exceladvisor.org\/wp-content\/uploads\/2023\/11\/temps-moyen.xlsx\" rel=\"nofollow\">Scaricamento<\/a><\/p><\/div><div class=\"gb-container gb-container-0df56012 gb-container-mt\"> <a class=\"gb-button gb-button-f9f432f4 gb-button-text gb-button-mt-button\" href=\"https:\/\/exceladvisor.org\/it\/formule\/\">Elenco delle formule di Excel<\/a><h2 class=\"gb-headline gb-headline-233444e8 gb-headline-text gb-headline-mt-heading\"> Formule correlate <\/h2><div class=\"gb-grid-wrapper gb-grid-wrapper-a16fa65c gb-grid-wrapper-mt-grid\"><div class=\"gb-grid-column gb-grid-column-50d07e0d\"><div class=\"gb-container gb-container-50d07e0d\"><ul><li> <a href=\"https:\/\/exceladvisor.org\/it\/valori-massimi-medi\/\">Media dei 5 valori pi\u00f9 alti in Excel<\/a><\/li><li> <a href=\"https:\/\/exceladvisor.org\/it\/media-ponderata\/\">Calcola la media ponderata in Excel<\/a><\/li><li> <a href=\"https:\/\/exceladvisor.org\/it\/media-degli-errori-ignorati-2\/\">Media ma ignora gli errori (#N\/D e altri errori)<\/a><\/li><li> <a href=\"https:\/\/exceladvisor.org\/it\/la-media-esclude-gli-zeri-2\/\">Numero medio ma esclusi gli zeri<\/a><\/li><\/ul><\/div><\/div><\/div><\/div>","protected":false},"excerpt":{"rendered":"","protected":false},"author":1,"featured_media":0,"parent":0,"menu_order":0,"comment_status":"open","ping_status":"closed","template":"","meta":{"ub_ctt_via":"","footnotes":""},"class_list":["post-1763","page","type-page","status-publish","hentry"],"featured_image_src":null,"yoast_head":"<!-- This site is optimized with the Yoast SEO plugin v25.4 - https:\/\/yoast.com\/wordpress\/plugins\/seo\/ -->\n<title>Come calcolare la media dei valori temporali?<\/title>\n<meta name=\"description\" content=\"Questo tutorial ti insegner\u00e0 come scrivere una formula Excel per un valore temporale medio da un intervallo di celle. Controlliamo questo...\" \/>\n<meta name=\"robots\" content=\"index, follow, max-snippet:-1, max-image-preview:large, max-video-preview:-1\" \/>\n<link rel=\"canonical\" href=\"https:\/\/exceladvisor.org\/it\/tempo-medio-2\/\" \/>\n<meta property=\"og:locale\" content=\"it_IT\" \/>\n<meta property=\"og:type\" content=\"article\" \/>\n<meta property=\"og:title\" content=\"Come calcolare la media dei valori temporali?\" \/>\n<meta property=\"og:description\" content=\"Questo tutorial ti insegner\u00e0 come scrivere una formula Excel per un valore temporale medio da un intervallo di celle. Controlliamo questo...\" \/>\n<meta property=\"og:url\" content=\"https:\/\/exceladvisor.org\/it\/tempo-medio-2\/\" \/>\n<meta property=\"og:site_name\" content=\"Excel Advisor\" \/>\n<meta property=\"article:modified_time\" content=\"2023-12-10T06:21:22+00:00\" \/>\n<meta property=\"og:image\" content=\"https:\/\/exceladvisor.org\/wp-content\/uploads\/2023\/08\/1-calculer-la-moyenne-des-valeurs-de-temps.png\" \/>\n<meta name=\"twitter:card\" content=\"summary_large_image\" \/>\n<meta name=\"twitter:label1\" content=\"Tempo di lettura stimato\" \/>\n\t<meta name=\"twitter:data1\" content=\"2 minuti\" \/>\n<script type=\"application\/ld+json\" class=\"yoast-schema-graph\">{\"@context\":\"https:\/\/schema.org\",\"@graph\":[{\"@type\":\"WebPage\",\"@id\":\"https:\/\/exceladvisor.org\/it\/tempo-medio-2\/\",\"url\":\"https:\/\/exceladvisor.org\/it\/tempo-medio-2\/\",\"name\":\"Come calcolare la media dei valori temporali?\",\"isPartOf\":{\"@id\":\"https:\/\/exceladvisor.org\/it\/#website\"},\"primaryImageOfPage\":{\"@id\":\"https:\/\/exceladvisor.org\/it\/tempo-medio-2\/#primaryimage\"},\"image\":{\"@id\":\"https:\/\/exceladvisor.org\/it\/tempo-medio-2\/#primaryimage\"},\"thumbnailUrl\":\"https:\/\/exceladvisor.org\/wp-content\/uploads\/2023\/08\/1-calculer-la-moyenne-des-valeurs-de-temps.png\",\"datePublished\":\"2023-11-06T10:44:49+00:00\",\"dateModified\":\"2023-12-10T06:21:22+00:00\",\"description\":\"Questo tutorial ti insegner\u00e0 come scrivere una formula Excel per un valore temporale medio da un intervallo di celle. Controlliamo questo...\",\"breadcrumb\":{\"@id\":\"https:\/\/exceladvisor.org\/it\/tempo-medio-2\/#breadcrumb\"},\"inLanguage\":\"it-IT\",\"potentialAction\":[{\"@type\":\"ReadAction\",\"target\":[\"https:\/\/exceladvisor.org\/it\/tempo-medio-2\/\"]}]},{\"@type\":\"ImageObject\",\"inLanguage\":\"it-IT\",\"@id\":\"https:\/\/exceladvisor.org\/it\/tempo-medio-2\/#primaryimage\",\"url\":\"https:\/\/exceladvisor.org\/wp-content\/uploads\/2023\/08\/1-calculer-la-moyenne-des-valeurs-de-temps.png\",\"contentUrl\":\"https:\/\/exceladvisor.org\/wp-content\/uploads\/2023\/08\/1-calculer-la-moyenne-des-valeurs-de-temps.png\"},{\"@type\":\"BreadcrumbList\",\"@id\":\"https:\/\/exceladvisor.org\/it\/tempo-medio-2\/#breadcrumb\",\"itemListElement\":[{\"@type\":\"ListItem\",\"position\":1,\"name\":\"Home\",\"item\":\"https:\/\/exceladvisor.org\/it\/\"},{\"@type\":\"ListItem\",\"position\":2,\"name\":\"Come calcolare la media dei valori temporali?\"}]},{\"@type\":\"WebSite\",\"@id\":\"https:\/\/exceladvisor.org\/it\/#website\",\"url\":\"https:\/\/exceladvisor.org\/it\/\",\"name\":\"Excel Advisor\",\"description\":\"Tips, Tricks, and Time-Saving Hacks\",\"publisher\":{\"@id\":\"https:\/\/exceladvisor.org\/it\/#organization\"},\"potentialAction\":[{\"@type\":\"SearchAction\",\"target\":{\"@type\":\"EntryPoint\",\"urlTemplate\":\"https:\/\/exceladvisor.org\/it\/?s={search_term_string}\"},\"query-input\":{\"@type\":\"PropertyValueSpecification\",\"valueRequired\":true,\"valueName\":\"search_term_string\"}}],\"inLanguage\":\"it-IT\"},{\"@type\":\"Organization\",\"@id\":\"https:\/\/exceladvisor.org\/it\/#organization\",\"name\":\"Excel Advisor\",\"url\":\"https:\/\/exceladvisor.org\/it\/\",\"logo\":{\"@type\":\"ImageObject\",\"inLanguage\":\"it-IT\",\"@id\":\"https:\/\/exceladvisor.org\/it\/#\/schema\/logo\/image\/\",\"url\":\"https:\/\/exceladvisor.org\/it\/wp-content\/uploads\/2023\/12\/exceladvisor.org_.png\",\"contentUrl\":\"https:\/\/exceladvisor.org\/it\/wp-content\/uploads\/2023\/12\/exceladvisor.org_.png\",\"width\":105,\"height\":36,\"caption\":\"Excel Advisor\"},\"image\":{\"@id\":\"https:\/\/exceladvisor.org\/it\/#\/schema\/logo\/image\/\"}}]}<\/script>\n<!-- \/ Yoast SEO plugin. -->","yoast_head_json":{"title":"Come calcolare la media dei valori temporali?","description":"Questo tutorial ti insegner\u00e0 come scrivere una formula Excel per un valore temporale medio da un intervallo di celle. Controlliamo questo...","robots":{"index":"index","follow":"follow","max-snippet":"max-snippet:-1","max-image-preview":"max-image-preview:large","max-video-preview":"max-video-preview:-1"},"canonical":"https:\/\/exceladvisor.org\/it\/tempo-medio-2\/","og_locale":"it_IT","og_type":"article","og_title":"Come calcolare la media dei valori temporali?","og_description":"Questo tutorial ti insegner\u00e0 come scrivere una formula Excel per un valore temporale medio da un intervallo di celle. Controlliamo questo...","og_url":"https:\/\/exceladvisor.org\/it\/tempo-medio-2\/","og_site_name":"Excel Advisor","article_modified_time":"2023-12-10T06:21:22+00:00","og_image":[{"url":"https:\/\/exceladvisor.org\/wp-content\/uploads\/2023\/08\/1-calculer-la-moyenne-des-valeurs-de-temps.png","type":"","width":"","height":""}],"twitter_card":"summary_large_image","twitter_misc":{"Tempo di lettura stimato":"2 minuti"},"schema":{"@context":"https:\/\/schema.org","@graph":[{"@type":"WebPage","@id":"https:\/\/exceladvisor.org\/it\/tempo-medio-2\/","url":"https:\/\/exceladvisor.org\/it\/tempo-medio-2\/","name":"Come calcolare la media dei valori temporali?","isPartOf":{"@id":"https:\/\/exceladvisor.org\/it\/#website"},"primaryImageOfPage":{"@id":"https:\/\/exceladvisor.org\/it\/tempo-medio-2\/#primaryimage"},"image":{"@id":"https:\/\/exceladvisor.org\/it\/tempo-medio-2\/#primaryimage"},"thumbnailUrl":"https:\/\/exceladvisor.org\/wp-content\/uploads\/2023\/08\/1-calculer-la-moyenne-des-valeurs-de-temps.png","datePublished":"2023-11-06T10:44:49+00:00","dateModified":"2023-12-10T06:21:22+00:00","description":"Questo tutorial ti insegner\u00e0 come scrivere una formula Excel per un valore temporale medio da un intervallo di celle. Controlliamo questo...","breadcrumb":{"@id":"https:\/\/exceladvisor.org\/it\/tempo-medio-2\/#breadcrumb"},"inLanguage":"it-IT","potentialAction":[{"@type":"ReadAction","target":["https:\/\/exceladvisor.org\/it\/tempo-medio-2\/"]}]},{"@type":"ImageObject","inLanguage":"it-IT","@id":"https:\/\/exceladvisor.org\/it\/tempo-medio-2\/#primaryimage","url":"https:\/\/exceladvisor.org\/wp-content\/uploads\/2023\/08\/1-calculer-la-moyenne-des-valeurs-de-temps.png","contentUrl":"https:\/\/exceladvisor.org\/wp-content\/uploads\/2023\/08\/1-calculer-la-moyenne-des-valeurs-de-temps.png"},{"@type":"BreadcrumbList","@id":"https:\/\/exceladvisor.org\/it\/tempo-medio-2\/#breadcrumb","itemListElement":[{"@type":"ListItem","position":1,"name":"Home","item":"https:\/\/exceladvisor.org\/it\/"},{"@type":"ListItem","position":2,"name":"Come calcolare la media dei valori temporali?"}]},{"@type":"WebSite","@id":"https:\/\/exceladvisor.org\/it\/#website","url":"https:\/\/exceladvisor.org\/it\/","name":"Excel Advisor","description":"Tips, Tricks, and Time-Saving Hacks","publisher":{"@id":"https:\/\/exceladvisor.org\/it\/#organization"},"potentialAction":[{"@type":"SearchAction","target":{"@type":"EntryPoint","urlTemplate":"https:\/\/exceladvisor.org\/it\/?s={search_term_string}"},"query-input":{"@type":"PropertyValueSpecification","valueRequired":true,"valueName":"search_term_string"}}],"inLanguage":"it-IT"},{"@type":"Organization","@id":"https:\/\/exceladvisor.org\/it\/#organization","name":"Excel Advisor","url":"https:\/\/exceladvisor.org\/it\/","logo":{"@type":"ImageObject","inLanguage":"it-IT","@id":"https:\/\/exceladvisor.org\/it\/#\/schema\/logo\/image\/","url":"https:\/\/exceladvisor.org\/it\/wp-content\/uploads\/2023\/12\/exceladvisor.org_.png","contentUrl":"https:\/\/exceladvisor.org\/it\/wp-content\/uploads\/2023\/12\/exceladvisor.org_.png","width":105,"height":36,"caption":"Excel Advisor"},"image":{"@id":"https:\/\/exceladvisor.org\/it\/#\/schema\/logo\/image\/"}}]}},"yoast_meta":{"yoast_wpseo_title":"","yoast_wpseo_metadesc":"","yoast_wpseo_canonical":""},"_links":{"self":[{"href":"https:\/\/exceladvisor.org\/it\/wp-json\/wp\/v2\/pages\/1763","targetHints":{"allow":["GET"]}}],"collection":[{"href":"https:\/\/exceladvisor.org\/it\/wp-json\/wp\/v2\/pages"}],"about":[{"href":"https:\/\/exceladvisor.org\/it\/wp-json\/wp\/v2\/types\/page"}],"author":[{"embeddable":true,"href":"https:\/\/exceladvisor.org\/it\/wp-json\/wp\/v2\/users\/1"}],"replies":[{"embeddable":true,"href":"https:\/\/exceladvisor.org\/it\/wp-json\/wp\/v2\/comments?post=1763"}],"version-history":[{"count":1,"href":"https:\/\/exceladvisor.org\/it\/wp-json\/wp\/v2\/pages\/1763\/revisions"}],"predecessor-version":[{"id":2356,"href":"https:\/\/exceladvisor.org\/it\/wp-json\/wp\/v2\/pages\/1763\/revisions\/2356"}],"wp:attachment":[{"href":"https:\/\/exceladvisor.org\/it\/wp-json\/wp\/v2\/media?parent=1763"}],"curies":[{"name":"wp","href":"https:\/\/api.w.org\/{rel}","templated":true}]}}