{"id":1767,"date":"2023-11-06T00:38:47","date_gmt":"2023-11-06T00:38:47","guid":{"rendered":"https:\/\/exceladvisor.org\/it\/indiretto-con-vlookup-2\/"},"modified":"2023-12-10T06:27:58","modified_gmt":"2023-12-10T06:27:58","slug":"indiretto-con-vlookup-2","status":"publish","type":"page","link":"https:\/\/exceladvisor.org\/it\/indiretto-con-vlookup-2\/","title":{"rendered":"Indiretto con cerca.vert in excel"},"content":{"rendered":"<div class=\"excel-prima-del-contenuto\" id=\"excel-1081563851\"><script type=\"text\/javascript\">\r\n\tatOptions = {\r\n\t\t'key' : 'c1158f160081d6540a8409e6925dab94',\r\n\t\t'format' : 'iframe',\r\n\t\t'height' : 250,\r\n\t\t'width' : 300,\r\n\t\t'params' : {}\r\n\t};\r\n<\/script>\r\n<script type=\"text\/javascript\" src=\"\/\/www.highperformanceformat.com\/c1158f160081d6540a8409e6925dab94\/invoke.js\"><\/script><\/div> <p>Se desideri utilizzare CERCA.VERT e i dati che desideri cercare si trovano in fogli diversi, puoi combinarli con INDIRETTO. Ti aiuta a definire pi\u00f9 intervalli in un&#8217;unica formula. <\/p><div class=\"wp-block-image\"><figure class=\"aligncenter size-full is-resized\"><img loading=\"lazy\" decoding=\"async\" class=\"wp-image-85926\" src=\"https:\/\/exceladvisor.org\/wp-content\/uploads\/2023\/08\/1-indirect-avec-vlookup.png\" sizes=\"auto, \" srcset=\"\" alt=\"indiretto con vlookup\" width=\"576\" height=\"501\"><\/figure><\/div><p> Nell&#8217;esempio sopra, abbiamo dati mensili in tre diversi fogli di calcolo. Ma con un solo CERCA.VERT + INDIRETTO puoi ottenere la quantit\u00e0 di tutti i prodotti di tutti i mesi da pi\u00f9 fogli.<\/p><pre class=\"wp-block-code\"> <code class=\"language-excel-formula\" lang=\"excel-formula\">=VLOOKUP($A2,INDIRECT(\"'\"&amp;B$1&amp;\"'!\"&amp;\"A:B\"),2,FALSE)<\/code><\/pre><p> Per comprendere questa formula \u00e8 necessario dividerla in due parti:<\/p><p> Nella prima parte abbiamo la funzione INDIRETTO, che crea un riferimento al foglio utilizzando il nome della riga 1. Nell&#8217;esempio seguente, facciamo riferimento all&#8217;intervallo A:B del foglio Jan. <\/p><div class=\"wp-block-image\"><figure class=\"aligncenter size-full is-resized\"><img loading=\"lazy\" decoding=\"async\" class=\"wp-image-85927\" src=\"https:\/\/exceladvisor.org\/wp-content\/uploads\/2023\/08\/2-formule-divisee-en-deux-parties.png\" sizes=\"auto, \" srcset=\"\" alt=\"formula divisa in due parti\" width=\"706\" height=\"379\"><\/figure><\/div><p> Devi creare una struttura in INDIRETTO per fare riferimento al foglio con il nome e l&#8217;intervallo in cui hai i dati.<\/p><pre class=\"wp-block-code\"> <code class=\"language-excel-formula\" lang=\"excel-formula\">=INDIRECT(\"'\"&amp;B$1&amp;\"'!\"&amp;\"A:B\")<\/code><\/pre><p> Una volta spostata la formula nella colonna Feb, il riferimento in INDIRETTO si sposta nel foglio Feb. <\/p><div class=\"wp-block-image\"><figure class=\"aligncenter size-full is-resized\"><img loading=\"lazy\" decoding=\"async\" class=\"wp-image-85928\" src=\"https:\/\/exceladvisor.org\/wp-content\/uploads\/2023\/08\/3-reference-dans-les-changements-indirects.png\" sizes=\"auto, \" srcset=\"\" alt=\"riferimento nei cambiamenti indiretti\" width=\"642\" height=\"265\"><\/figure><\/div><p> Nella seconda parte, CERCA.VERT utilizza l&#8217;indirizzo dell&#8217;intervallo della tabella restituito da INDIRETTO e ottiene i suoi valori in base al col_index_num specificato nell&#8217;intervallo.<\/p><h2 class=\"wp-block-heading\"> Punto importante<\/h2><p> Nella formula sopra, \u00e8 necessaria la struttura corretta per fare riferimento a un intervallo con il nome del foglio. Se inserisci la struttura qui sotto in INDIRETTO:<\/p><pre class=\"wp-block-code\"> <code class=\"language-excel-formula\" lang=\"excel-formula\">\"'\"&amp;B$1&amp;\"'!\"&amp;\"A:B\"<\/code><\/pre><p> Torner\u00e0:<\/p><pre class=\"wp-block-code\"> <code class=\"language-excel-formula\" lang=\"excel-formula\">\"'Jan'!A:B\"<\/code><\/pre><h2 class=\"wp-block-heading\"> Metodo alternativo<\/h2><p> INDIRETTO \u00e8 una funzione volatile. Si aggiorna quando c&#8217;\u00e8 una modifica nel foglio di calcolo. Questo \u00e8 il motivo per cui puoi prendere in considerazione l&#8217;utilizzo di SCEGLI. Ad esempio, con SCEGLI puoi scrivere tre formule utilizzando CERCA.VERT. <\/p><pre class=\"wp-block-code\"> <code class=\"language-excel-formula\" lang=\"excel-formula\">=CHOOSE(B$1,VLOOKUP($A2,Jan!$A:$B,2,0),VLOOKUP($A2,Feb!$A:$B,2,0),VLOOKUP($A2,Mar!$A:$B,2,0))<\/code><\/pre><div class=\"wp-block-image\"><figure class=\"aligncenter size-full is-resized\"><img loading=\"lazy\" decoding=\"async\" class=\"wp-image-85929\" src=\"https:\/\/exceladvisor.org\/wp-content\/uploads\/2023\/08\/4-choisir-avec-vlookup.png\" sizes=\"auto, \" srcset=\"\" alt=\"scegli con vlookup\" width=\"752\" height=\"211\"><\/figure><\/div><p> In questa formula, come ho detto, abbiamo tre CERCA.VERT, e quando con SCEGLI puoi decidere di ottenere il risultato da uno qualsiasi dei CERCA.VERT <\/p><div class=\"wp-block-image\"><figure class=\"aligncenter size-full is-resized\"><img loading=\"lazy\" decoding=\"async\" class=\"wp-image-85930\" src=\"https:\/\/exceladvisor.org\/wp-content\/uploads\/2023\/08\/5-avec-choisir-obtenir-le-resultat-de-nimporte-quel-vlookup.png\" sizes=\"auto, \" srcset=\"\" alt=\"con-scegli-ottieni-risultato-da-qualsiasi-vlookup\" width=\"416\" height=\"157\"><\/figure><\/div><p> Nella SCEGLI abbiamo fatto riferimento al B1; Nella riga 1 hai i numeri di indice da utilizzare per ottenere il valore della formula da SELECT.<\/p><p> Ad esempio, quando hai 2, SCEGLI restituir\u00e0 il valore del secondo CERCA.VERT; dal terzo ce ne sono 3. <\/p><div class=\"wp-block-image\"><figure class=\"aligncenter size-full is-resized\"><img loading=\"lazy\" decoding=\"async\" class=\"wp-image-85931\" src=\"https:\/\/exceladvisor.org\/wp-content\/uploads\/2023\/08\/6-valeurs-vlookup-par-reference-choisie.png\" sizes=\"auto, \" srcset=\"\" alt=\"vlookup-value-by-choose-reference\" width=\"588\" height=\"339\"><\/figure><\/div><div class=\"wp-block-group download-box is-layout-constrained\"><div class=\"wp-block-group__inner-container\"><h2 class=\"wp-block-heading\"> Scarica un file di esempio <\/h2><ul id=\"ub_styled_list-e2b2c5eb-d85e-4189-8f42-829e40d51a0f\" class=\"ub_styled_list\"><li class=\"ub_styled_list_item\"> <a href=\"https:\/\/exceladvisor.org\/wp-content\/uploads\/2023\/08\/indirect-avec-vlookup.xlsx\" rel=\"nofollow\">Scaricamento<\/a><\/li><\/ul><\/div><\/div>","protected":false},"excerpt":{"rendered":"","protected":false},"author":1,"featured_media":0,"parent":0,"menu_order":0,"comment_status":"open","ping_status":"closed","template":"","meta":{"ub_ctt_via":"","footnotes":""},"class_list":["post-1767","page","type-page","status-publish","hentry"],"featured_image_src":null,"yoast_head":"<!-- This site is optimized with the Yoast SEO plugin v25.4 - https:\/\/yoast.com\/wordpress\/plugins\/seo\/ -->\n<title>Indiretto con CERCA.VERT in Excel \u2013 Excel Advisor<\/title>\n<meta name=\"description\" content=\"Questo tutorial ti aiuter\u00e0 a imparare come utilizzare INDIRETTO con CERCA.VERT quando desideri eseguire ricerche su fogli diversi.\" \/>\n<meta name=\"robots\" content=\"index, follow, max-snippet:-1, max-image-preview:large, max-video-preview:-1\" \/>\n<link rel=\"canonical\" href=\"https:\/\/exceladvisor.org\/it\/indiretto-con-vlookup-2\/\" \/>\n<meta property=\"og:locale\" content=\"it_IT\" \/>\n<meta property=\"og:type\" content=\"article\" \/>\n<meta property=\"og:title\" content=\"Indiretto con CERCA.VERT in Excel \u2013 Excel Advisor\" \/>\n<meta property=\"og:description\" content=\"Questo tutorial ti aiuter\u00e0 a imparare come utilizzare INDIRETTO con CERCA.VERT quando desideri eseguire ricerche su fogli diversi.\" \/>\n<meta property=\"og:url\" content=\"https:\/\/exceladvisor.org\/it\/indiretto-con-vlookup-2\/\" \/>\n<meta property=\"og:site_name\" content=\"Excel Advisor\" \/>\n<meta property=\"article:modified_time\" content=\"2023-12-10T06:27:58+00:00\" \/>\n<meta property=\"og:image\" content=\"https:\/\/exceladvisor.org\/wp-content\/uploads\/2023\/08\/1-indirect-avec-vlookup.png\" \/>\n<meta name=\"twitter:card\" content=\"summary_large_image\" \/>\n<meta name=\"twitter:label1\" content=\"Tempo di lettura stimato\" \/>\n\t<meta name=\"twitter:data1\" content=\"2 minuti\" \/>\n<script type=\"application\/ld+json\" class=\"yoast-schema-graph\">{\"@context\":\"https:\/\/schema.org\",\"@graph\":[{\"@type\":\"WebPage\",\"@id\":\"https:\/\/exceladvisor.org\/it\/indiretto-con-vlookup-2\/\",\"url\":\"https:\/\/exceladvisor.org\/it\/indiretto-con-vlookup-2\/\",\"name\":\"Indiretto con CERCA.VERT in Excel \u2013 Excel Advisor\",\"isPartOf\":{\"@id\":\"https:\/\/exceladvisor.org\/it\/#website\"},\"primaryImageOfPage\":{\"@id\":\"https:\/\/exceladvisor.org\/it\/indiretto-con-vlookup-2\/#primaryimage\"},\"image\":{\"@id\":\"https:\/\/exceladvisor.org\/it\/indiretto-con-vlookup-2\/#primaryimage\"},\"thumbnailUrl\":\"https:\/\/exceladvisor.org\/wp-content\/uploads\/2023\/08\/1-indirect-avec-vlookup.png\",\"datePublished\":\"2023-11-06T00:38:47+00:00\",\"dateModified\":\"2023-12-10T06:27:58+00:00\",\"description\":\"Questo tutorial ti aiuter\u00e0 a imparare come utilizzare INDIRETTO con CERCA.VERT quando desideri eseguire ricerche su fogli diversi.\",\"breadcrumb\":{\"@id\":\"https:\/\/exceladvisor.org\/it\/indiretto-con-vlookup-2\/#breadcrumb\"},\"inLanguage\":\"it-IT\",\"potentialAction\":[{\"@type\":\"ReadAction\",\"target\":[\"https:\/\/exceladvisor.org\/it\/indiretto-con-vlookup-2\/\"]}]},{\"@type\":\"ImageObject\",\"inLanguage\":\"it-IT\",\"@id\":\"https:\/\/exceladvisor.org\/it\/indiretto-con-vlookup-2\/#primaryimage\",\"url\":\"https:\/\/exceladvisor.org\/wp-content\/uploads\/2023\/08\/1-indirect-avec-vlookup.png\",\"contentUrl\":\"https:\/\/exceladvisor.org\/wp-content\/uploads\/2023\/08\/1-indirect-avec-vlookup.png\"},{\"@type\":\"BreadcrumbList\",\"@id\":\"https:\/\/exceladvisor.org\/it\/indiretto-con-vlookup-2\/#breadcrumb\",\"itemListElement\":[{\"@type\":\"ListItem\",\"position\":1,\"name\":\"Home\",\"item\":\"https:\/\/exceladvisor.org\/it\/\"},{\"@type\":\"ListItem\",\"position\":2,\"name\":\"Indiretto con cerca.vert in excel\"}]},{\"@type\":\"WebSite\",\"@id\":\"https:\/\/exceladvisor.org\/it\/#website\",\"url\":\"https:\/\/exceladvisor.org\/it\/\",\"name\":\"Excel Advisor\",\"description\":\"Tips, Tricks, and Time-Saving Hacks\",\"publisher\":{\"@id\":\"https:\/\/exceladvisor.org\/it\/#organization\"},\"potentialAction\":[{\"@type\":\"SearchAction\",\"target\":{\"@type\":\"EntryPoint\",\"urlTemplate\":\"https:\/\/exceladvisor.org\/it\/?s={search_term_string}\"},\"query-input\":{\"@type\":\"PropertyValueSpecification\",\"valueRequired\":true,\"valueName\":\"search_term_string\"}}],\"inLanguage\":\"it-IT\"},{\"@type\":\"Organization\",\"@id\":\"https:\/\/exceladvisor.org\/it\/#organization\",\"name\":\"Excel Advisor\",\"url\":\"https:\/\/exceladvisor.org\/it\/\",\"logo\":{\"@type\":\"ImageObject\",\"inLanguage\":\"it-IT\",\"@id\":\"https:\/\/exceladvisor.org\/it\/#\/schema\/logo\/image\/\",\"url\":\"https:\/\/exceladvisor.org\/it\/wp-content\/uploads\/2023\/12\/exceladvisor.org_.png\",\"contentUrl\":\"https:\/\/exceladvisor.org\/it\/wp-content\/uploads\/2023\/12\/exceladvisor.org_.png\",\"width\":105,\"height\":36,\"caption\":\"Excel Advisor\"},\"image\":{\"@id\":\"https:\/\/exceladvisor.org\/it\/#\/schema\/logo\/image\/\"}}]}<\/script>\n<!-- \/ Yoast SEO plugin. -->","yoast_head_json":{"title":"Indiretto con CERCA.VERT in Excel \u2013 Excel Advisor","description":"Questo tutorial ti aiuter\u00e0 a imparare come utilizzare INDIRETTO con CERCA.VERT quando desideri eseguire ricerche su fogli diversi.","robots":{"index":"index","follow":"follow","max-snippet":"max-snippet:-1","max-image-preview":"max-image-preview:large","max-video-preview":"max-video-preview:-1"},"canonical":"https:\/\/exceladvisor.org\/it\/indiretto-con-vlookup-2\/","og_locale":"it_IT","og_type":"article","og_title":"Indiretto con CERCA.VERT in Excel \u2013 Excel Advisor","og_description":"Questo tutorial ti aiuter\u00e0 a imparare come utilizzare INDIRETTO con CERCA.VERT quando desideri eseguire ricerche su fogli diversi.","og_url":"https:\/\/exceladvisor.org\/it\/indiretto-con-vlookup-2\/","og_site_name":"Excel Advisor","article_modified_time":"2023-12-10T06:27:58+00:00","og_image":[{"url":"https:\/\/exceladvisor.org\/wp-content\/uploads\/2023\/08\/1-indirect-avec-vlookup.png","type":"","width":"","height":""}],"twitter_card":"summary_large_image","twitter_misc":{"Tempo di lettura stimato":"2 minuti"},"schema":{"@context":"https:\/\/schema.org","@graph":[{"@type":"WebPage","@id":"https:\/\/exceladvisor.org\/it\/indiretto-con-vlookup-2\/","url":"https:\/\/exceladvisor.org\/it\/indiretto-con-vlookup-2\/","name":"Indiretto con CERCA.VERT in Excel \u2013 Excel Advisor","isPartOf":{"@id":"https:\/\/exceladvisor.org\/it\/#website"},"primaryImageOfPage":{"@id":"https:\/\/exceladvisor.org\/it\/indiretto-con-vlookup-2\/#primaryimage"},"image":{"@id":"https:\/\/exceladvisor.org\/it\/indiretto-con-vlookup-2\/#primaryimage"},"thumbnailUrl":"https:\/\/exceladvisor.org\/wp-content\/uploads\/2023\/08\/1-indirect-avec-vlookup.png","datePublished":"2023-11-06T00:38:47+00:00","dateModified":"2023-12-10T06:27:58+00:00","description":"Questo tutorial ti aiuter\u00e0 a imparare come utilizzare INDIRETTO con CERCA.VERT quando desideri eseguire ricerche su fogli diversi.","breadcrumb":{"@id":"https:\/\/exceladvisor.org\/it\/indiretto-con-vlookup-2\/#breadcrumb"},"inLanguage":"it-IT","potentialAction":[{"@type":"ReadAction","target":["https:\/\/exceladvisor.org\/it\/indiretto-con-vlookup-2\/"]}]},{"@type":"ImageObject","inLanguage":"it-IT","@id":"https:\/\/exceladvisor.org\/it\/indiretto-con-vlookup-2\/#primaryimage","url":"https:\/\/exceladvisor.org\/wp-content\/uploads\/2023\/08\/1-indirect-avec-vlookup.png","contentUrl":"https:\/\/exceladvisor.org\/wp-content\/uploads\/2023\/08\/1-indirect-avec-vlookup.png"},{"@type":"BreadcrumbList","@id":"https:\/\/exceladvisor.org\/it\/indiretto-con-vlookup-2\/#breadcrumb","itemListElement":[{"@type":"ListItem","position":1,"name":"Home","item":"https:\/\/exceladvisor.org\/it\/"},{"@type":"ListItem","position":2,"name":"Indiretto con cerca.vert in excel"}]},{"@type":"WebSite","@id":"https:\/\/exceladvisor.org\/it\/#website","url":"https:\/\/exceladvisor.org\/it\/","name":"Excel Advisor","description":"Tips, Tricks, and Time-Saving Hacks","publisher":{"@id":"https:\/\/exceladvisor.org\/it\/#organization"},"potentialAction":[{"@type":"SearchAction","target":{"@type":"EntryPoint","urlTemplate":"https:\/\/exceladvisor.org\/it\/?s={search_term_string}"},"query-input":{"@type":"PropertyValueSpecification","valueRequired":true,"valueName":"search_term_string"}}],"inLanguage":"it-IT"},{"@type":"Organization","@id":"https:\/\/exceladvisor.org\/it\/#organization","name":"Excel Advisor","url":"https:\/\/exceladvisor.org\/it\/","logo":{"@type":"ImageObject","inLanguage":"it-IT","@id":"https:\/\/exceladvisor.org\/it\/#\/schema\/logo\/image\/","url":"https:\/\/exceladvisor.org\/it\/wp-content\/uploads\/2023\/12\/exceladvisor.org_.png","contentUrl":"https:\/\/exceladvisor.org\/it\/wp-content\/uploads\/2023\/12\/exceladvisor.org_.png","width":105,"height":36,"caption":"Excel Advisor"},"image":{"@id":"https:\/\/exceladvisor.org\/it\/#\/schema\/logo\/image\/"}}]}},"yoast_meta":{"yoast_wpseo_title":"","yoast_wpseo_metadesc":"","yoast_wpseo_canonical":""},"_links":{"self":[{"href":"https:\/\/exceladvisor.org\/it\/wp-json\/wp\/v2\/pages\/1767","targetHints":{"allow":["GET"]}}],"collection":[{"href":"https:\/\/exceladvisor.org\/it\/wp-json\/wp\/v2\/pages"}],"about":[{"href":"https:\/\/exceladvisor.org\/it\/wp-json\/wp\/v2\/types\/page"}],"author":[{"embeddable":true,"href":"https:\/\/exceladvisor.org\/it\/wp-json\/wp\/v2\/users\/1"}],"replies":[{"embeddable":true,"href":"https:\/\/exceladvisor.org\/it\/wp-json\/wp\/v2\/comments?post=1767"}],"version-history":[{"count":1,"href":"https:\/\/exceladvisor.org\/it\/wp-json\/wp\/v2\/pages\/1767\/revisions"}],"predecessor-version":[{"id":2922,"href":"https:\/\/exceladvisor.org\/it\/wp-json\/wp\/v2\/pages\/1767\/revisions\/2922"}],"wp:attachment":[{"href":"https:\/\/exceladvisor.org\/it\/wp-json\/wp\/v2\/media?parent=1767"}],"curies":[{"name":"wp","href":"https:\/\/api.w.org\/{rel}","templated":true}]}}