{"id":1769,"date":"2023-11-06T00:19:21","date_gmt":"2023-11-06T00:19:21","guid":{"rendered":"https:\/\/exceladvisor.org\/it\/non-e-uguale\/"},"modified":"2023-12-10T06:26:40","modified_gmt":"2023-12-10T06:26:40","slug":"non-e-uguale","status":"publish","type":"page","link":"https:\/\/exceladvisor.org\/it\/non-e-uguale\/","title":{"rendered":"Come utilizzare l&#39;operatore non uguale in excel?"},"content":{"rendered":"<div class=\"excel-prima-del-contenuto\" id=\"excel-20105435\"><script type=\"text\/javascript\">\r\n\tatOptions = {\r\n\t\t'key' : 'c1158f160081d6540a8409e6925dab94',\r\n\t\t'format' : 'iframe',\r\n\t\t'height' : 250,\r\n\t\t'width' : 300,\r\n\t\t'params' : {}\r\n\t};\r\n<\/script>\r\n<script type=\"text\/javascript\" src=\"\/\/www.highperformanceformat.com\/c1158f160081d6540a8409e6925dab94\/invoke.js\"><\/script><\/div> <p>In Excel, se vuoi verificare se il valore di una cella non \u00e8 uguale a un altro valore, puoi utilizzare l&#8217;operatore diverso \u201c&lt;&gt;\u201d. Restituisce FALSE se il valore corrisponde e TRUE se non corrisponde. Puoi usarlo come formula oppure puoi usarlo anche con altre funzioni come SE, OR e AND.<\/p><p> Nell&#8217;esempio seguente, hai due valori nelle celle A1 e A2 e devi verificare se il valore 1 non \u00e8 uguale al valore 2. <\/p><div class=\"wp-block-image\"><figure class=\"aligncenter size-full is-resized\"><img loading=\"lazy\" decoding=\"async\" class=\"wp-image-69533\" src=\"https:\/\/exceladvisor.org\/wp-content\/uploads\/2023\/08\/1-deux-valeurs-dans-les-cellules.png\" sizes=\"auto, \" srcset=\"\" alt=\"due valori nelle celle\" width=\"363\" height=\"274\"><\/figure><\/div><h2 id=\"h-using-does-not-equals-operator\" class=\"wp-block-heading\"> Utilizzando l&#8217;operatore NOT EQUAL<\/h2><ol type=\"1\"><li> Innanzitutto, nella cella B1, inserisci l&#8217;operatore uguale.<\/li><li> Successivamente, fai riferimento alla cella A1 dove hai il primo valore.<\/li><li> Successivamente, inserisci l&#8217;operatore non &#8220;&lt;&gt;&#8221;.<\/li><li> Ora fai riferimento al secondo valore che abbiamo nella cella A2.<\/li><li> Alla fine, premere Invio per ottenere il valore. <\/li><\/ol><div class=\"wp-block-image\"><figure class=\"aligncenter size-full is-resized\"><img loading=\"lazy\" decoding=\"async\" class=\"wp-image-69534\" src=\"https:\/\/exceladvisor.org\/wp-content\/uploads\/2023\/08\/2-utiliser-loperateur-non-egal-a.png\" sizes=\"auto, \" srcset=\"\" alt=\"utilizzare-non-uguale-operatore\" width=\"379\" height=\"279\"><\/figure><\/div><p> Nel momento in cui premi Invio, restituisce TRUE nel risultato. Questo perch\u00e9 i due valori non sono uguali. Ora se inserisci &#8220;Excel&#8221; nella cella B1, il risultato che abbiamo nella cella A1 diventa FALSO. Il motivo perch\u00e9 abbiamo gli stessi valori in entrambe le celle. <\/p><div class=\"wp-block-image\"><figure class=\"aligncenter size-full is-resized\"><img loading=\"lazy\" decoding=\"async\" class=\"wp-image-69535\" src=\"https:\/\/exceladvisor.org\/wp-content\/uploads\/2023\/08\/3-changer-la-valeur-dans-la-cellule.png\" sizes=\"auto, \" srcset=\"\" alt=\"cambia valore nella cella\" width=\"403\" height=\"272\"><\/figure><\/div><h2 id=\"h-using-does-not-equal-with-or-and\" class=\"wp-block-heading\"> L&#8217;utilizzo NON \u00c8 UGUALE a OR \u2013 AND<\/h2><p> Come ho detto, puoi utilizzare l&#8217;operatore diverso anche con altre funzioni. Proviamo a usarlo con le funzioni AND e OR.<\/p><p> Con la funzione OR puoi testare due condizioni e restituir\u00e0 TRUE se una o entrambe le condizioni sono identiche. Nell&#8217;esempio seguente, abbiamo due condizioni da testare. Confronto dei valori delle celle A1 e A2, quindi B1 e B2. <\/p><div class=\"wp-block-image\"><figure class=\"aligncenter size-full is-resized\"><img loading=\"lazy\" decoding=\"async\" class=\"wp-image-69536\" src=\"https:\/\/exceladvisor.org\/wp-content\/uploads\/2023\/08\/4-operateur-non-egal-avec-ou.png\" sizes=\"auto, \" srcset=\"\" alt=\"operatore-non-uguale-con-o\" width=\"512\" height=\"269\"><\/figure><\/div><p> Ora, poich\u00e9 usiamo l&#8217;operatore non \u00e8 uguale in entrambe le condizioni, e nella prima condizione entrambi i valori non sono uguali, quindi restituisce TRUE. Ma dopo, nella seconda condizione, entrambi i valori sono gli stessi, quindi la condizione \u00e8 FALSA.<\/p><p> Ma nel risultato abbiamo VERO, perch\u00e9 come abbiamo visto, OR restituisce VERO se solo una condizione \u00e8 VERA.<\/p><p> Quindi utilizzare lo stesso con la funzione AND. AND restituisce VERO se tutte le condizioni specificate sono uguali e FALSO anche se una condizione tra tutte \u00e8 FALSA. <\/p><div class=\"wp-block-image\"><figure class=\"aligncenter size-full is-resized\"><img loading=\"lazy\" decoding=\"async\" class=\"wp-image-69537\" src=\"https:\/\/exceladvisor.org\/wp-content\/uploads\/2023\/08\/5-pas-egal-a-loperateur-avec-fin.png\" sizes=\"auto, \" srcset=\"\" alt=\"operatore-non-uguale-con-fine\" width=\"473\" height=\"271\"><\/figure><\/div><p> Nell&#8217;esempio sopra, ancora una volta abbiamo gli stessi valori, ma quando usi la funzione AND, restituisce FALSE nel risultato perch\u00e9 la seconda condizione (B1&lt;&gt;B2) non \u00e8 vera, entrambi i valori sono identici.<\/p><h2 id=\"h-use-does-not-equal-operator-with-if-function\" class=\"wp-block-heading\"> Utilizzo dell&#8217;operatore NOT EQUAL con la funzione SE<\/h2><p> \u00c8 inoltre possibile utilizzare l&#8217;operatore non \u00e8 uguale nella funzione SE. <\/p><div class=\"wp-block-image\"><figure class=\"aligncenter size-full is-resized\"><img loading=\"lazy\" decoding=\"async\" class=\"wp-image-69538\" src=\"https:\/\/exceladvisor.org\/wp-content\/uploads\/2023\/08\/6-pas-egal-a-loperateur-avec-si.png\" sizes=\"auto, \" srcset=\"\" alt=\"operatore-non-uguale-a-se\" width=\"538\" height=\"268\"><\/figure><\/div><ol type=\"1\"><li> Inserisci la funzione SE nella cella in cui desideri ottenere il risultato.<\/li><li> Successivamente, fai riferimento alla cella A1, quindi utilizza l&#8217;operatore diverso e fai riferimento alla cella A2.<\/li><li> Quindi utilizzare un valore per ottenere se la condizione \u00e8 VERA.<\/li><li> Alla fine, specificare il valore se la condizione \u00e8 FALSE.<\/li><\/ol><p> L&#8217;aspetto migliore dell&#8217;utilizzo di SE con la condizione &#8220;non \u00e8 uguale&#8221; \u00e8 che puoi restituire un valore specifico che ottieni se la condizione \u00e8 VERA o FALSA. <\/p><div class=\"gb-container gb-container-52dfcee1 gb-container-sample-file\"><h2 class=\"gb-headline gb-headline-e289c143 gb-headline-text gb-headline-4f7959c2\"> Ottieni il file Excel<\/h2> <a href=\"https:\/\/exceladvisor.org\/wp-content\/uploads\/2023\/11\/nest-pas-egal-a-2.xlsx\">Scaricamento<\/a><\/div><div class=\"gb-container gb-container-0df56012 gb-container-mt\"> <a class=\"gb-button gb-button-f9f432f4 gb-button-text gb-button-mt-button\" href=\"https:\/\/exceladvisor.org\/it\/formule\/\">Elenco delle formule di Excel<\/a><h2 class=\"gb-headline gb-headline-233444e8 gb-headline-text gb-headline-mt-heading\"> Formule correlate <\/h2><div class=\"gb-grid-wrapper gb-grid-wrapper-a16fa65c gb-grid-wrapper-mt-grid\"><div class=\"gb-grid-column gb-grid-column-50d07e0d\"><div class=\"gb-container gb-container-50d07e0d\"><ul><li> Calcola la radice cubica in Excel<\/li><li> <a href=\"https:\/\/exceladvisor.org\/it\/differenza-percentuale\/\">Calcola la varianza percentuale (differenza) in Excel<\/a><\/li><li> <a href=\"https:\/\/exceladvisor.org\/it\/radice-quadrata\/\">Calcola radice quadrata in Excel + Inserisci simbolo<\/a><\/li><li> <a href=\"https:\/\/exceladvisor.org\/it\/numero-quadrato\/\">Eleva un numero al quadrato in Excel<\/a><\/li><li> <a href=\"https:\/\/exceladvisor.org\/it\/aggiungi-sottrai-una-percentuale-da-un-numero\/\">Aggiungi-sottrai la percentuale di un numero<\/a> <\/li><\/ul><\/div><\/div><div class=\"gb-grid-column gb-grid-column-5b4a0cf9\"><div class=\"gb-container gb-container-5b4a0cf9\"><\/div><\/div><\/div><\/div>","protected":false},"excerpt":{"rendered":"","protected":false},"author":1,"featured_media":0,"parent":0,"menu_order":0,"comment_status":"open","ping_status":"closed","template":"","meta":{"ub_ctt_via":"","footnotes":""},"class_list":["post-1769","page","type-page","status-publish","hentry"],"featured_image_src":null,"yoast_head":"<!-- This site is optimized with the Yoast SEO plugin v25.4 - https:\/\/yoast.com\/wordpress\/plugins\/seo\/ -->\n<title>\u25b7 Come utilizzare l&#039;operatore non \u00e8 uguale in Excel?<\/title>\n<meta name=\"description\" content=\"In questo tutorial imparerai come creare una formula da utilizzare con l&#039;operatore non uguale in Excel. Questo operatore \u00e8...\" \/>\n<meta name=\"robots\" content=\"index, follow, max-snippet:-1, max-image-preview:large, max-video-preview:-1\" \/>\n<link rel=\"canonical\" href=\"https:\/\/exceladvisor.org\/it\/non-e-uguale\/\" \/>\n<meta property=\"og:locale\" content=\"it_IT\" \/>\n<meta property=\"og:type\" content=\"article\" \/>\n<meta property=\"og:title\" content=\"\u25b7 Come utilizzare l&#039;operatore non \u00e8 uguale in Excel?\" \/>\n<meta property=\"og:description\" content=\"In questo tutorial imparerai come creare una formula da utilizzare con l&#039;operatore non uguale in Excel. Questo operatore \u00e8...\" \/>\n<meta property=\"og:url\" content=\"https:\/\/exceladvisor.org\/it\/non-e-uguale\/\" \/>\n<meta property=\"og:site_name\" content=\"Excel Advisor\" \/>\n<meta property=\"article:modified_time\" content=\"2023-12-10T06:26:40+00:00\" \/>\n<meta property=\"og:image\" content=\"https:\/\/exceladvisor.org\/wp-content\/uploads\/2023\/08\/1-deux-valeurs-dans-les-cellules.png\" \/>\n<meta name=\"twitter:card\" content=\"summary_large_image\" \/>\n<meta name=\"twitter:label1\" content=\"Tempo di lettura stimato\" \/>\n\t<meta name=\"twitter:data1\" content=\"2 minuti\" \/>\n<script type=\"application\/ld+json\" class=\"yoast-schema-graph\">{\"@context\":\"https:\/\/schema.org\",\"@graph\":[{\"@type\":\"WebPage\",\"@id\":\"https:\/\/exceladvisor.org\/it\/non-e-uguale\/\",\"url\":\"https:\/\/exceladvisor.org\/it\/non-e-uguale\/\",\"name\":\"\u25b7 Come utilizzare l&#39;operatore non \u00e8 uguale in Excel?\",\"isPartOf\":{\"@id\":\"https:\/\/exceladvisor.org\/it\/#website\"},\"primaryImageOfPage\":{\"@id\":\"https:\/\/exceladvisor.org\/it\/non-e-uguale\/#primaryimage\"},\"image\":{\"@id\":\"https:\/\/exceladvisor.org\/it\/non-e-uguale\/#primaryimage\"},\"thumbnailUrl\":\"https:\/\/exceladvisor.org\/wp-content\/uploads\/2023\/08\/1-deux-valeurs-dans-les-cellules.png\",\"datePublished\":\"2023-11-06T00:19:21+00:00\",\"dateModified\":\"2023-12-10T06:26:40+00:00\",\"description\":\"In questo tutorial imparerai come creare una formula da utilizzare con l&#39;operatore non uguale in Excel. Questo operatore \u00e8...\",\"breadcrumb\":{\"@id\":\"https:\/\/exceladvisor.org\/it\/non-e-uguale\/#breadcrumb\"},\"inLanguage\":\"it-IT\",\"potentialAction\":[{\"@type\":\"ReadAction\",\"target\":[\"https:\/\/exceladvisor.org\/it\/non-e-uguale\/\"]}]},{\"@type\":\"ImageObject\",\"inLanguage\":\"it-IT\",\"@id\":\"https:\/\/exceladvisor.org\/it\/non-e-uguale\/#primaryimage\",\"url\":\"https:\/\/exceladvisor.org\/wp-content\/uploads\/2023\/08\/1-deux-valeurs-dans-les-cellules.png\",\"contentUrl\":\"https:\/\/exceladvisor.org\/wp-content\/uploads\/2023\/08\/1-deux-valeurs-dans-les-cellules.png\"},{\"@type\":\"BreadcrumbList\",\"@id\":\"https:\/\/exceladvisor.org\/it\/non-e-uguale\/#breadcrumb\",\"itemListElement\":[{\"@type\":\"ListItem\",\"position\":1,\"name\":\"Home\",\"item\":\"https:\/\/exceladvisor.org\/it\/\"},{\"@type\":\"ListItem\",\"position\":2,\"name\":\"Come utilizzare l&#39;operatore non uguale in excel?\"}]},{\"@type\":\"WebSite\",\"@id\":\"https:\/\/exceladvisor.org\/it\/#website\",\"url\":\"https:\/\/exceladvisor.org\/it\/\",\"name\":\"Excel Advisor\",\"description\":\"Tips, Tricks, and Time-Saving Hacks\",\"publisher\":{\"@id\":\"https:\/\/exceladvisor.org\/it\/#organization\"},\"potentialAction\":[{\"@type\":\"SearchAction\",\"target\":{\"@type\":\"EntryPoint\",\"urlTemplate\":\"https:\/\/exceladvisor.org\/it\/?s={search_term_string}\"},\"query-input\":{\"@type\":\"PropertyValueSpecification\",\"valueRequired\":true,\"valueName\":\"search_term_string\"}}],\"inLanguage\":\"it-IT\"},{\"@type\":\"Organization\",\"@id\":\"https:\/\/exceladvisor.org\/it\/#organization\",\"name\":\"Excel Advisor\",\"url\":\"https:\/\/exceladvisor.org\/it\/\",\"logo\":{\"@type\":\"ImageObject\",\"inLanguage\":\"it-IT\",\"@id\":\"https:\/\/exceladvisor.org\/it\/#\/schema\/logo\/image\/\",\"url\":\"https:\/\/exceladvisor.org\/it\/wp-content\/uploads\/2023\/12\/exceladvisor.org_.png\",\"contentUrl\":\"https:\/\/exceladvisor.org\/it\/wp-content\/uploads\/2023\/12\/exceladvisor.org_.png\",\"width\":105,\"height\":36,\"caption\":\"Excel Advisor\"},\"image\":{\"@id\":\"https:\/\/exceladvisor.org\/it\/#\/schema\/logo\/image\/\"}}]}<\/script>\n<!-- \/ Yoast SEO plugin. -->","yoast_head_json":{"title":"\u25b7 Come utilizzare l&#39;operatore non \u00e8 uguale in Excel?","description":"In questo tutorial imparerai come creare una formula da utilizzare con l&#39;operatore non uguale in Excel. Questo operatore \u00e8...","robots":{"index":"index","follow":"follow","max-snippet":"max-snippet:-1","max-image-preview":"max-image-preview:large","max-video-preview":"max-video-preview:-1"},"canonical":"https:\/\/exceladvisor.org\/it\/non-e-uguale\/","og_locale":"it_IT","og_type":"article","og_title":"\u25b7 Come utilizzare l&#39;operatore non \u00e8 uguale in Excel?","og_description":"In questo tutorial imparerai come creare una formula da utilizzare con l&#39;operatore non uguale in Excel. Questo operatore \u00e8...","og_url":"https:\/\/exceladvisor.org\/it\/non-e-uguale\/","og_site_name":"Excel Advisor","article_modified_time":"2023-12-10T06:26:40+00:00","og_image":[{"url":"https:\/\/exceladvisor.org\/wp-content\/uploads\/2023\/08\/1-deux-valeurs-dans-les-cellules.png","type":"","width":"","height":""}],"twitter_card":"summary_large_image","twitter_misc":{"Tempo di lettura stimato":"2 minuti"},"schema":{"@context":"https:\/\/schema.org","@graph":[{"@type":"WebPage","@id":"https:\/\/exceladvisor.org\/it\/non-e-uguale\/","url":"https:\/\/exceladvisor.org\/it\/non-e-uguale\/","name":"\u25b7 Come utilizzare l&#39;operatore non \u00e8 uguale in Excel?","isPartOf":{"@id":"https:\/\/exceladvisor.org\/it\/#website"},"primaryImageOfPage":{"@id":"https:\/\/exceladvisor.org\/it\/non-e-uguale\/#primaryimage"},"image":{"@id":"https:\/\/exceladvisor.org\/it\/non-e-uguale\/#primaryimage"},"thumbnailUrl":"https:\/\/exceladvisor.org\/wp-content\/uploads\/2023\/08\/1-deux-valeurs-dans-les-cellules.png","datePublished":"2023-11-06T00:19:21+00:00","dateModified":"2023-12-10T06:26:40+00:00","description":"In questo tutorial imparerai come creare una formula da utilizzare con l&#39;operatore non uguale in Excel. Questo operatore \u00e8...","breadcrumb":{"@id":"https:\/\/exceladvisor.org\/it\/non-e-uguale\/#breadcrumb"},"inLanguage":"it-IT","potentialAction":[{"@type":"ReadAction","target":["https:\/\/exceladvisor.org\/it\/non-e-uguale\/"]}]},{"@type":"ImageObject","inLanguage":"it-IT","@id":"https:\/\/exceladvisor.org\/it\/non-e-uguale\/#primaryimage","url":"https:\/\/exceladvisor.org\/wp-content\/uploads\/2023\/08\/1-deux-valeurs-dans-les-cellules.png","contentUrl":"https:\/\/exceladvisor.org\/wp-content\/uploads\/2023\/08\/1-deux-valeurs-dans-les-cellules.png"},{"@type":"BreadcrumbList","@id":"https:\/\/exceladvisor.org\/it\/non-e-uguale\/#breadcrumb","itemListElement":[{"@type":"ListItem","position":1,"name":"Home","item":"https:\/\/exceladvisor.org\/it\/"},{"@type":"ListItem","position":2,"name":"Come utilizzare l&#39;operatore non uguale in excel?"}]},{"@type":"WebSite","@id":"https:\/\/exceladvisor.org\/it\/#website","url":"https:\/\/exceladvisor.org\/it\/","name":"Excel Advisor","description":"Tips, Tricks, and Time-Saving Hacks","publisher":{"@id":"https:\/\/exceladvisor.org\/it\/#organization"},"potentialAction":[{"@type":"SearchAction","target":{"@type":"EntryPoint","urlTemplate":"https:\/\/exceladvisor.org\/it\/?s={search_term_string}"},"query-input":{"@type":"PropertyValueSpecification","valueRequired":true,"valueName":"search_term_string"}}],"inLanguage":"it-IT"},{"@type":"Organization","@id":"https:\/\/exceladvisor.org\/it\/#organization","name":"Excel Advisor","url":"https:\/\/exceladvisor.org\/it\/","logo":{"@type":"ImageObject","inLanguage":"it-IT","@id":"https:\/\/exceladvisor.org\/it\/#\/schema\/logo\/image\/","url":"https:\/\/exceladvisor.org\/it\/wp-content\/uploads\/2023\/12\/exceladvisor.org_.png","contentUrl":"https:\/\/exceladvisor.org\/it\/wp-content\/uploads\/2023\/12\/exceladvisor.org_.png","width":105,"height":36,"caption":"Excel Advisor"},"image":{"@id":"https:\/\/exceladvisor.org\/it\/#\/schema\/logo\/image\/"}}]}},"yoast_meta":{"yoast_wpseo_title":"","yoast_wpseo_metadesc":"","yoast_wpseo_canonical":""},"_links":{"self":[{"href":"https:\/\/exceladvisor.org\/it\/wp-json\/wp\/v2\/pages\/1769","targetHints":{"allow":["GET"]}}],"collection":[{"href":"https:\/\/exceladvisor.org\/it\/wp-json\/wp\/v2\/pages"}],"about":[{"href":"https:\/\/exceladvisor.org\/it\/wp-json\/wp\/v2\/types\/page"}],"author":[{"embeddable":true,"href":"https:\/\/exceladvisor.org\/it\/wp-json\/wp\/v2\/users\/1"}],"replies":[{"embeddable":true,"href":"https:\/\/exceladvisor.org\/it\/wp-json\/wp\/v2\/comments?post=1769"}],"version-history":[{"count":1,"href":"https:\/\/exceladvisor.org\/it\/wp-json\/wp\/v2\/pages\/1769\/revisions"}],"predecessor-version":[{"id":2820,"href":"https:\/\/exceladvisor.org\/it\/wp-json\/wp\/v2\/pages\/1769\/revisions\/2820"}],"wp:attachment":[{"href":"https:\/\/exceladvisor.org\/it\/wp-json\/wp\/v2\/media?parent=1769"}],"curies":[{"name":"wp","href":"https:\/\/api.w.org\/{rel}","templated":true}]}}