{"id":1772,"date":"2023-11-05T18:30:11","date_gmt":"2023-11-05T18:30:11","guid":{"rendered":"https:\/\/exceladvisor.org\/it\/se-o-1\/"},"modified":"2023-12-10T06:21:49","modified_gmt":"2023-12-10T06:21:49","slug":"se-o-1","status":"publish","type":"page","link":"https:\/\/exceladvisor.org\/it\/se-o-1\/","title":{"rendered":"Come combinare le funzioni se e or in excel"},"content":{"rendered":"<div class=\"excel-prima-del-contenuto\" id=\"excel-2680898928\"><script type=\"text\/javascript\">\r\n\tatOptions = {\r\n\t\t'key' : 'c1158f160081d6540a8409e6925dab94',\r\n\t\t'format' : 'iframe',\r\n\t\t'height' : 250,\r\n\t\t'width' : 300,\r\n\t\t'params' : {}\r\n\t};\r\n<\/script>\r\n<script type=\"text\/javascript\" src=\"\/\/www.highperformanceformat.com\/c1158f160081d6540a8409e6925dab94\/invoke.js\"><\/script><\/div> <p>La funzione SE \u00e8 una delle funzioni pi\u00f9 potenti di Excel. E la parte migliore \u00e8 che puoi combinare altre funzioni con IF per aumentarne la potenza.<\/p><p> La combinazione delle funzioni SE e OR \u00e8 una delle combinazioni di formule pi\u00f9 utili in Excel. In questo articolo ti mostrer\u00f2 perch\u00e9 dobbiamo combinare le funzioni IF e OR. E perch\u00e9 \u00e8 molto utile per te.<\/p><h2 id=\"1\" class=\"wp-block-heading\"> Introduzione rapida<\/h2><p> Sono sicuro che hai utilizzato entrambe queste funzioni, ma lascia che ti faccia una breve introduzione.<\/p><ul><li> <strong>SE<\/strong> \u2013 Utilizzare questa funzione per testare una condizione. Restituir\u00e0 un valore specifico se questa condizione \u00e8 vera o un altro valore specifico se questa condizione \u00e8 falsa.<\/li><li> <strong>OPPURE<\/strong> \u2013 Condizioni di test multiple. Restituir\u00e0 vero se una qualsiasi di queste condizioni \u00e8 vera e falso se tutte queste condizioni sono false.<\/li><\/ul><p> <em>Il punto cruciale di entrambe le funzioni \u00e8 che la funzione SE pu\u00f2 testare solo una condizione alla volta. Inoltre, la funzione OR pu\u00f2 verificare pi\u00f9 condizioni ma restituisce solo vero\/falso. E, se combiniamo queste due funzioni, possiamo testare pi\u00f9 condizioni con OR e restituire un valore specifico con IF.<\/em><\/p><h2 id=\"2\" class=\"wp-block-heading\"> Come funzionano le funzioni IF e OR?<\/h2><p> Nella sintassi della funzione SE, \u00e8 presente un argomento di test logico da utilizzare per specificare una condizione da testare.<\/p><p> SE ( <strong>test_logico<\/strong> , valore_se_vero, valore_se_falso)<\/p><p> E, quindi, restituisce un valore in base al risultato di tale condizione. Ora se usiamo la funzione OR per questo argomento e specifichiamo diverse condizioni per questo. <\/p><div class=\"wp-block-image\"><figure class=\"aligncenter\"><img loading=\"lazy\" decoding=\"async\" class=\"wp-image-9594\" src=\"https:\/\/exceladvisor.org\/wp-content\/uploads\/2023\/08\/comment-combiner-les-fonctions-if-et-or-et-remplacer-largument-logique-par-or-1.png\" sizes=\"auto, \" srcset=\"\" alt=\"come combinare le funzioni if e or e sostituire l'argomento logico con or\" width=\"488\" height=\"139\"><\/figure><\/div><p> Se una qualsiasi delle condizioni \u00e8 vera, OR restituir\u00e0 vero e IF restituir\u00e0 il valore specifico. E, se nessuna delle condizioni \u00e8 vera, OR con return FALSE IF restituir\u00e0 un altro valore specifico. In questo modo possiamo testare pi\u00f9 di un valore con la funzione SE. Passiamo ad alcuni esempi concreti.<\/p><h2 id=\"3\" class=\"wp-block-heading\"> Esempi<\/h2><p> Qui ho una tabella con <a href=\"https:\/\/exceladvisor.org\/it\/modello-di-gestione-dellinventario-moduli-utente-excel-vba\/\">i dettagli dell&#8217;inventario<\/a> di due magazzini. Ora voglio aggiornare lo stato nella tabella. <\/p><div class=\"wp-block-image\"><figure class=\"aligncenter\"><img loading=\"lazy\" decoding=\"async\" class=\"wp-image-9595\" src=\"https:\/\/exceladvisor.org\/wp-content\/uploads\/2023\/08\/comment-combiner-les-fonctions-if-et-or-pour-obtenir-le-statut-dans-la-table-des-stocks-1.png\" sizes=\"auto, \" srcset=\"\" alt=\"come combinare le funzioni if e\/o per ottenere lo stato nella tabella delle scorte\" width=\"502\" height=\"251\"><\/figure><\/div><p> Se non sono presenti scorte in entrambi i magazzini, lo stato dovrebbe essere &#8220;Esaurito&#8221;. E, se sono presenti scorte in uno qualsiasi dei magazzini, lo stato dovrebbe essere &#8220;In stock&#8221;. Quindi qui devo controllare due diverse condizioni \u201cMagazzino-1\u201d e \u201cMagazzino-2\u201d.<br> E la formula sar\u00e0. <\/p><pre class=\"wp-block-code\"> <code class=\"language-excel-formula\" lang=\"excel-formula\">=IF(OR(B2&gt;0,C2&gt;0),\"In-Stock\",\"Out of Stock\")<\/code><\/pre><div class=\"wp-block-image\"><figure class=\"aligncenter\"><img loading=\"lazy\" decoding=\"async\" class=\"wp-image-9596\" src=\"https:\/\/exceladvisor.org\/wp-content\/uploads\/2023\/08\/comment-combiner-les-fonctions-if-et-or-pour-obtenir-le-statut-dans-la-formule-dinsertion-de-la-table-de-stock-1.png\" sizes=\"auto, \" srcset=\"\" alt=\"come combinare le funzioni if e o per ottenere lo stato nella formula di inserimento della tabella azionaria\" width=\"544\" height=\"297\"><\/figure><\/div><p> Nella formula precedente, se \u00e8 presente un valore maggiore di zero in una qualsiasi delle celle (B2 e C2), la funzione OR restituir\u00e0 vero e IF restituir\u00e0 il valore &#8220;Disponibile&#8221;. Ma, se entrambe le celle hanno zero, OR restituir\u00e0 false e IF restituir\u00e0 il valore &#8220;Esaurito&#8221;. <\/p><div class=\"gb-container gb-container-bafb25cc gb-container-download-2\"><div class=\"gb-grid-wrapper gb-grid-wrapper-91201309\"><div class=\"gb-grid-column gb-grid-column-15a917ef\"><div class=\"gb-container gb-container-15a917ef\"><h2 class=\"gb-headline gb-headline-f2deb261 gb-headline-text gb-headline-download-2\"> Ottieni il file Excel <\/h2><\/div><\/div><div class=\"gb-grid-column gb-grid-column-18357188\"><div class=\"gb-container gb-container-18357188\"><div class=\"gb-container gb-container-76cbe15e\"> <a class=\"gb-button gb-button-cb63d00a gb-button-text gb-button-download-2\" href=\"https:\/\/exceladvisor.org\/wp-content\/uploads\/2023\/11\/comment-combiner-les-fonctions-if-et-or.xlsx\" rel=\"nofollow\">Scaricamento<\/a><\/div><\/div><\/div><\/div><\/div><h2 class=\"wp-block-heading\"> Ultime parole<\/h2><p> Entrambe le funzioni sono ugualmente utili ma quando le combini puoi usarle in modo pi\u00f9 efficace. Come ti ho detto, combinando le funzioni IF e OR puoi testare pi\u00f9 di una condizione. Puoi risolvere entrambi i tuoi problemi con questa combinazione di funzioni.<\/p><div class=\"gb-container gb-container-0df56012 gb-container-mt\"> <a class=\"gb-button gb-button-f9f432f4 gb-button-text gb-button-mt-button\" href=\"https:\/\/exceladvisor.org\/it\/formule\/\">Elenco delle formule di Excel<\/a><h2 class=\"gb-headline gb-headline-233444e8 gb-headline-text gb-headline-mt-heading\"> Formule correlate <\/h2><div class=\"gb-grid-wrapper gb-grid-wrapper-a16fa65c gb-grid-wrapper-mt-grid\"><div class=\"gb-grid-column gb-grid-column-50d07e0d\"><div class=\"gb-container gb-container-50d07e0d\"><ul><li> <a href=\"https:\/\/exceladvisor.org\/it\/se-zero-allora-vuoto\/\">Controlla IF 0 (zero), quindi vuoto in Excel<\/a><\/li><li> <a href=\"https:\/\/exceladvisor.org\/it\/controlla-se-esiste-un-valore-in-un-intervallo\/\">Controlla se esiste un valore in un intervallo in Excel<\/a><\/li><li> <a href=\"https:\/\/exceladvisor.org\/it\/se-e-1\/\">Combina le funzioni SE e AND in Excel<\/a><\/li><li> <a href=\"https:\/\/exceladvisor.org\/it\/se-la-cella-e-vuota\/\">SE la cella \u00e8 vuota (vuota) utilizzando SE + ISBLANK in Excel<\/a><\/li><li> <a href=\"https:\/\/exceladvisor.org\/it\/se-negativo-allora-zero\/\">SE negativo quindi zero (0) in Excel<\/a> <\/li><\/ul><\/div><\/div><div class=\"gb-grid-column gb-grid-column-5b4a0cf9\"><div class=\"gb-container gb-container-5b4a0cf9\"><\/div><\/div><\/div><\/div>","protected":false},"excerpt":{"rendered":"","protected":false},"author":1,"featured_media":0,"parent":0,"menu_order":0,"comment_status":"open","ping_status":"closed","template":"","meta":{"ub_ctt_via":"","footnotes":""},"class_list":["post-1772","page","type-page","status-publish","hentry"],"featured_image_src":null,"yoast_head":"<!-- This site is optimized with the Yoast SEO plugin v25.4 - https:\/\/yoast.com\/wordpress\/plugins\/seo\/ -->\n<title>Come combinare le funzioni SE e OR in Excel<\/title>\n<meta name=\"description\" content=\"In questo articolo imparerai come combinare le funzioni IF e OR. \u00c8 possibile utilizzare OR per testare pi\u00f9 condizioni.\" \/>\n<meta name=\"robots\" content=\"index, follow, max-snippet:-1, max-image-preview:large, max-video-preview:-1\" \/>\n<link rel=\"canonical\" href=\"https:\/\/exceladvisor.org\/it\/se-o-1\/\" \/>\n<meta property=\"og:locale\" content=\"it_IT\" \/>\n<meta property=\"og:type\" content=\"article\" \/>\n<meta property=\"og:title\" content=\"Come combinare le funzioni SE e OR in Excel\" \/>\n<meta property=\"og:description\" content=\"In questo articolo imparerai come combinare le funzioni IF e OR. \u00c8 possibile utilizzare OR per testare pi\u00f9 condizioni.\" \/>\n<meta property=\"og:url\" content=\"https:\/\/exceladvisor.org\/it\/se-o-1\/\" \/>\n<meta property=\"og:site_name\" content=\"Excel Advisor\" \/>\n<meta property=\"article:modified_time\" content=\"2023-12-10T06:21:49+00:00\" \/>\n<meta property=\"og:image\" content=\"https:\/\/exceladvisor.org\/wp-content\/uploads\/2023\/08\/comment-combiner-les-fonctions-if-et-or-et-remplacer-largument-logique-par-or-1.png\" \/>\n<meta name=\"twitter:card\" content=\"summary_large_image\" \/>\n<meta name=\"twitter:label1\" content=\"Tempo di lettura stimato\" \/>\n\t<meta name=\"twitter:data1\" content=\"3 minuti\" \/>\n<script type=\"application\/ld+json\" class=\"yoast-schema-graph\">{\"@context\":\"https:\/\/schema.org\",\"@graph\":[{\"@type\":\"WebPage\",\"@id\":\"https:\/\/exceladvisor.org\/it\/se-o-1\/\",\"url\":\"https:\/\/exceladvisor.org\/it\/se-o-1\/\",\"name\":\"Come combinare le funzioni SE e OR in Excel\",\"isPartOf\":{\"@id\":\"https:\/\/exceladvisor.org\/it\/#website\"},\"primaryImageOfPage\":{\"@id\":\"https:\/\/exceladvisor.org\/it\/se-o-1\/#primaryimage\"},\"image\":{\"@id\":\"https:\/\/exceladvisor.org\/it\/se-o-1\/#primaryimage\"},\"thumbnailUrl\":\"https:\/\/exceladvisor.org\/wp-content\/uploads\/2023\/08\/comment-combiner-les-fonctions-if-et-or-et-remplacer-largument-logique-par-or-1.png\",\"datePublished\":\"2023-11-05T18:30:11+00:00\",\"dateModified\":\"2023-12-10T06:21:49+00:00\",\"description\":\"In questo articolo imparerai come combinare le funzioni IF e OR. \u00c8 possibile utilizzare OR per testare pi\u00f9 condizioni.\",\"breadcrumb\":{\"@id\":\"https:\/\/exceladvisor.org\/it\/se-o-1\/#breadcrumb\"},\"inLanguage\":\"it-IT\",\"potentialAction\":[{\"@type\":\"ReadAction\",\"target\":[\"https:\/\/exceladvisor.org\/it\/se-o-1\/\"]}]},{\"@type\":\"ImageObject\",\"inLanguage\":\"it-IT\",\"@id\":\"https:\/\/exceladvisor.org\/it\/se-o-1\/#primaryimage\",\"url\":\"https:\/\/exceladvisor.org\/wp-content\/uploads\/2023\/08\/comment-combiner-les-fonctions-if-et-or-et-remplacer-largument-logique-par-or-1.png\",\"contentUrl\":\"https:\/\/exceladvisor.org\/wp-content\/uploads\/2023\/08\/comment-combiner-les-fonctions-if-et-or-et-remplacer-largument-logique-par-or-1.png\"},{\"@type\":\"BreadcrumbList\",\"@id\":\"https:\/\/exceladvisor.org\/it\/se-o-1\/#breadcrumb\",\"itemListElement\":[{\"@type\":\"ListItem\",\"position\":1,\"name\":\"Home\",\"item\":\"https:\/\/exceladvisor.org\/it\/\"},{\"@type\":\"ListItem\",\"position\":2,\"name\":\"Come combinare le funzioni se e or in excel\"}]},{\"@type\":\"WebSite\",\"@id\":\"https:\/\/exceladvisor.org\/it\/#website\",\"url\":\"https:\/\/exceladvisor.org\/it\/\",\"name\":\"Excel Advisor\",\"description\":\"Tips, Tricks, and Time-Saving Hacks\",\"publisher\":{\"@id\":\"https:\/\/exceladvisor.org\/it\/#organization\"},\"potentialAction\":[{\"@type\":\"SearchAction\",\"target\":{\"@type\":\"EntryPoint\",\"urlTemplate\":\"https:\/\/exceladvisor.org\/it\/?s={search_term_string}\"},\"query-input\":{\"@type\":\"PropertyValueSpecification\",\"valueRequired\":true,\"valueName\":\"search_term_string\"}}],\"inLanguage\":\"it-IT\"},{\"@type\":\"Organization\",\"@id\":\"https:\/\/exceladvisor.org\/it\/#organization\",\"name\":\"Excel Advisor\",\"url\":\"https:\/\/exceladvisor.org\/it\/\",\"logo\":{\"@type\":\"ImageObject\",\"inLanguage\":\"it-IT\",\"@id\":\"https:\/\/exceladvisor.org\/it\/#\/schema\/logo\/image\/\",\"url\":\"https:\/\/exceladvisor.org\/it\/wp-content\/uploads\/2023\/12\/exceladvisor.org_.png\",\"contentUrl\":\"https:\/\/exceladvisor.org\/it\/wp-content\/uploads\/2023\/12\/exceladvisor.org_.png\",\"width\":105,\"height\":36,\"caption\":\"Excel Advisor\"},\"image\":{\"@id\":\"https:\/\/exceladvisor.org\/it\/#\/schema\/logo\/image\/\"}}]}<\/script>\n<!-- \/ Yoast SEO plugin. -->","yoast_head_json":{"title":"Come combinare le funzioni SE e OR in Excel","description":"In questo articolo imparerai come combinare le funzioni IF e OR. \u00c8 possibile utilizzare OR per testare pi\u00f9 condizioni.","robots":{"index":"index","follow":"follow","max-snippet":"max-snippet:-1","max-image-preview":"max-image-preview:large","max-video-preview":"max-video-preview:-1"},"canonical":"https:\/\/exceladvisor.org\/it\/se-o-1\/","og_locale":"it_IT","og_type":"article","og_title":"Come combinare le funzioni SE e OR in Excel","og_description":"In questo articolo imparerai come combinare le funzioni IF e OR. \u00c8 possibile utilizzare OR per testare pi\u00f9 condizioni.","og_url":"https:\/\/exceladvisor.org\/it\/se-o-1\/","og_site_name":"Excel Advisor","article_modified_time":"2023-12-10T06:21:49+00:00","og_image":[{"url":"https:\/\/exceladvisor.org\/wp-content\/uploads\/2023\/08\/comment-combiner-les-fonctions-if-et-or-et-remplacer-largument-logique-par-or-1.png","type":"","width":"","height":""}],"twitter_card":"summary_large_image","twitter_misc":{"Tempo di lettura stimato":"3 minuti"},"schema":{"@context":"https:\/\/schema.org","@graph":[{"@type":"WebPage","@id":"https:\/\/exceladvisor.org\/it\/se-o-1\/","url":"https:\/\/exceladvisor.org\/it\/se-o-1\/","name":"Come combinare le funzioni SE e OR in Excel","isPartOf":{"@id":"https:\/\/exceladvisor.org\/it\/#website"},"primaryImageOfPage":{"@id":"https:\/\/exceladvisor.org\/it\/se-o-1\/#primaryimage"},"image":{"@id":"https:\/\/exceladvisor.org\/it\/se-o-1\/#primaryimage"},"thumbnailUrl":"https:\/\/exceladvisor.org\/wp-content\/uploads\/2023\/08\/comment-combiner-les-fonctions-if-et-or-et-remplacer-largument-logique-par-or-1.png","datePublished":"2023-11-05T18:30:11+00:00","dateModified":"2023-12-10T06:21:49+00:00","description":"In questo articolo imparerai come combinare le funzioni IF e OR. \u00c8 possibile utilizzare OR per testare pi\u00f9 condizioni.","breadcrumb":{"@id":"https:\/\/exceladvisor.org\/it\/se-o-1\/#breadcrumb"},"inLanguage":"it-IT","potentialAction":[{"@type":"ReadAction","target":["https:\/\/exceladvisor.org\/it\/se-o-1\/"]}]},{"@type":"ImageObject","inLanguage":"it-IT","@id":"https:\/\/exceladvisor.org\/it\/se-o-1\/#primaryimage","url":"https:\/\/exceladvisor.org\/wp-content\/uploads\/2023\/08\/comment-combiner-les-fonctions-if-et-or-et-remplacer-largument-logique-par-or-1.png","contentUrl":"https:\/\/exceladvisor.org\/wp-content\/uploads\/2023\/08\/comment-combiner-les-fonctions-if-et-or-et-remplacer-largument-logique-par-or-1.png"},{"@type":"BreadcrumbList","@id":"https:\/\/exceladvisor.org\/it\/se-o-1\/#breadcrumb","itemListElement":[{"@type":"ListItem","position":1,"name":"Home","item":"https:\/\/exceladvisor.org\/it\/"},{"@type":"ListItem","position":2,"name":"Come combinare le funzioni se e or in excel"}]},{"@type":"WebSite","@id":"https:\/\/exceladvisor.org\/it\/#website","url":"https:\/\/exceladvisor.org\/it\/","name":"Excel Advisor","description":"Tips, Tricks, and Time-Saving Hacks","publisher":{"@id":"https:\/\/exceladvisor.org\/it\/#organization"},"potentialAction":[{"@type":"SearchAction","target":{"@type":"EntryPoint","urlTemplate":"https:\/\/exceladvisor.org\/it\/?s={search_term_string}"},"query-input":{"@type":"PropertyValueSpecification","valueRequired":true,"valueName":"search_term_string"}}],"inLanguage":"it-IT"},{"@type":"Organization","@id":"https:\/\/exceladvisor.org\/it\/#organization","name":"Excel Advisor","url":"https:\/\/exceladvisor.org\/it\/","logo":{"@type":"ImageObject","inLanguage":"it-IT","@id":"https:\/\/exceladvisor.org\/it\/#\/schema\/logo\/image\/","url":"https:\/\/exceladvisor.org\/it\/wp-content\/uploads\/2023\/12\/exceladvisor.org_.png","contentUrl":"https:\/\/exceladvisor.org\/it\/wp-content\/uploads\/2023\/12\/exceladvisor.org_.png","width":105,"height":36,"caption":"Excel Advisor"},"image":{"@id":"https:\/\/exceladvisor.org\/it\/#\/schema\/logo\/image\/"}}]}},"yoast_meta":{"yoast_wpseo_title":"","yoast_wpseo_metadesc":"","yoast_wpseo_canonical":""},"_links":{"self":[{"href":"https:\/\/exceladvisor.org\/it\/wp-json\/wp\/v2\/pages\/1772","targetHints":{"allow":["GET"]}}],"collection":[{"href":"https:\/\/exceladvisor.org\/it\/wp-json\/wp\/v2\/pages"}],"about":[{"href":"https:\/\/exceladvisor.org\/it\/wp-json\/wp\/v2\/types\/page"}],"author":[{"embeddable":true,"href":"https:\/\/exceladvisor.org\/it\/wp-json\/wp\/v2\/users\/1"}],"replies":[{"embeddable":true,"href":"https:\/\/exceladvisor.org\/it\/wp-json\/wp\/v2\/comments?post=1772"}],"version-history":[{"count":1,"href":"https:\/\/exceladvisor.org\/it\/wp-json\/wp\/v2\/pages\/1772\/revisions"}],"predecessor-version":[{"id":2382,"href":"https:\/\/exceladvisor.org\/it\/wp-json\/wp\/v2\/pages\/1772\/revisions\/2382"}],"wp:attachment":[{"href":"https:\/\/exceladvisor.org\/it\/wp-json\/wp\/v2\/media?parent=1772"}],"curies":[{"name":"wp","href":"https:\/\/api.w.org\/{rel}","templated":true}]}}