{"id":1773,"date":"2023-11-05T18:13:15","date_gmt":"2023-11-05T18:13:15","guid":{"rendered":"https:\/\/exceladvisor.org\/it\/celle-vuote\/"},"modified":"2023-12-10T06:27:43","modified_gmt":"2023-12-10T06:27:43","slug":"celle-vuote","status":"publish","type":"page","link":"https:\/\/exceladvisor.org\/it\/celle-vuote\/","title":{"rendered":"Formattazione condizionale su celle vuote in excel"},"content":{"rendered":"<div class=\"excel-prima-del-contenuto\" id=\"excel-3666793200\"><script type=\"text\/javascript\">\r\n\tatOptions = {\r\n\t\t'key' : 'c1158f160081d6540a8409e6925dab94',\r\n\t\t'format' : 'iframe',\r\n\t\t'height' : 250,\r\n\t\t'width' : 300,\r\n\t\t'params' : {}\r\n\t};\r\n<\/script>\r\n<script type=\"text\/javascript\" src=\"\/\/www.highperformanceformat.com\/c1158f160081d6540a8409e6925dab94\/invoke.js\"><\/script><\/div> <p>In Excel \u00e8 possibile utilizzare la formattazione condizionale per evidenziare le celle vuote con un <a href=\"https:\/\/exceladvisor.org\/it\/colore-delle-cellule\/\">colore di cella<\/a> o un colore per il carattere del valore nel testo. Questo tutorial ci insegner\u00e0 come farlo con due metodi diversi.<\/p><p> Ad esempio, ecco alcune date; alcune celle sono vuote tra le date ed \u00e8 necessario evidenziare le celle vuote.<\/p><h2 class=\"wp-block-heading\"> Passaggi per utilizzare l&#8217;opzione cella vuota nella formattazione condizionale<\/h2><ol><li> Innanzitutto, seleziona l&#8217;intervallo in cui sono presenti i dati. <br><img loading=\"lazy\" decoding=\"async\" title=\"1-seleziona-intervallo\" src=\"https:\/\/exceladvisor.org\/wp-content\/uploads\/2023\/08\/1-selectionner-la-gamme.png\" sizes=\"auto, \" srcset=\"\" alt=\"1-select-the-range\" width=\"449\" height=\"303\"><\/li><li> Successivamente, vai alla scheda Home &gt; Formattazione condizionale &gt; Regole di evidenziazione cella &gt; Altre regole. <br><img loading=\"lazy\" decoding=\"async\" title=\"2-seleziona-pi\u00f9-regole\" src=\"https:\/\/exceladvisor.org\/wp-content\/uploads\/2023\/08\/2-selectionner-plus-de-regles.png\" sizes=\"auto, \" srcset=\"\" alt=\"2-select-more-rules\" width=\"490\" height=\"464\"><\/li><li> Seleziona Vuoto in &#8220;Formatta solo celle con&#8221; nella finestra di dialogo Nuova regola. <br><img loading=\"lazy\" decoding=\"async\" title=\"3-seleziona-opzione-vuoto\" src=\"https:\/\/exceladvisor.org\/wp-content\/uploads\/2023\/08\/3-selectionnez-loption-vide.png\" sizes=\"auto, \" srcset=\"\" alt=\"3-select-blank-option\" width=\"521\" height=\"190\"><\/li><li> Successivamente, fai clic sul pulsante \u201cFormato\u2026\u201d e specifica il formato che desideri applicare alla cella vuota. <br><img loading=\"lazy\" decoding=\"async\" title=\"4 clic sul pulsante di formattazione\" src=\"https:\/\/exceladvisor.org\/wp-content\/uploads\/2023\/08\/4-cliquez-sur-le-bouton-formater.png\" sizes=\"auto, \" srcset=\"\" alt=\"4-click-on-format-button\" width=\"516\" height=\"196\"><\/li><li> Alla fine, fare clic su OK per applicare.<\/li><\/ol><p> Dopo aver fatto clic su OK, tutte le celle vuote verranno evidenziate con il colore specificato. <\/p><div class=\"wp-block-image\"><figure class=\"aligncenter size-full is-resized\"><img loading=\"lazy\" decoding=\"async\" class=\"wp-image-90452\" src=\"https:\/\/exceladvisor.org\/wp-content\/uploads\/2023\/08\/5-cellules-vides-surlignees-en-couleur.png\" sizes=\"auto, \" srcset=\"\" alt=\"celle-vuote-evidenziate-con-colore\" width=\"437\" height=\"298\"><\/figure><\/div><p> Puoi utilizzare alcuni metodi per evidenziare le celle vuote, ma questa formattazione condizionale funziona meglio. Faccio qualche esempio per capire perch\u00e9 dico questo. <\/p><div class=\"wp-block-image\"><figure class=\"aligncenter size-full is-resized\"><img loading=\"lazy\" decoding=\"async\" class=\"wp-image-90453\" src=\"https:\/\/exceladvisor.org\/wp-content\/uploads\/2023\/08\/6-cellules-vides-en-surbrillance-avec-mise-en-forme.png\" sizes=\"auto, \" srcset=\"\" alt=\"evidenzia-celle-vuote-con-formattazione\" width=\"439\" height=\"334\"><\/figure><\/div><p> Nell&#8217;esempio sopra, la cella di selezione contiene alcuni spazi, ma la formattazione condizionale la considera comunque vuota.<\/p><h2 class=\"wp-block-heading\"> Utilizzo di una formula personalizzata nella formattazione condizionale per le celle vuote<\/h2><ol><li> Vai alla scheda Home &gt; Formattazione condizionale &gt; Nuova regola per utilizzare una formula personalizzata. <br><img loading=\"lazy\" decoding=\"async\" title=\"7-seleziona-una-nuova-regola-per-una-formula-personalizzata\" src=\"https:\/\/exceladvisor.org\/wp-content\/uploads\/2023\/08\/7-selectionnez-une-nouvelle-regle-pour-la-formule-personnalisee.png\" sizes=\"auto, \" srcset=\"\" alt=\"7-select-new-rule-for-custom-formula\" width=\"208\" height=\"374\"><\/li><li> Nella finestra di dialogo Nuova regola, fai clic su &#8220;Formula per determinare la cella da formattare&#8230;&#8221; e inserisci la formula =OR(A1=&#8221;&#8221;,A1=&#8221;&#8221;). <br><img loading=\"lazy\" decoding=\"async\" title=\"8 formule per determinare quale cella formattare\" src=\"https:\/\/exceladvisor.org\/wp-content\/uploads\/2023\/08\/8-formules-pour-determiner-quelle-cellule-formater.png\" sizes=\"auto, \" srcset=\"\" alt=\"8-formula-to-determine-which-cell-to-format\" width=\"530\" height=\"383\"><\/li><li> Ora fai clic sul pulsante \u201cFormato\u2026\u201d e specifica il formato da applicare alla cella vuota. <br><img loading=\"lazy\" decoding=\"async\" title=\"9-specificare-il-formato\" src=\"https:\/\/exceladvisor.org\/wp-content\/uploads\/2023\/08\/9-preciser-le-format.png\" sizes=\"auto, \" srcset=\"\" alt=\"9-specify-the-format\" width=\"517\" height=\"190\"><\/li><li> E quindi fare clic su OK per applicare.<\/li><\/ol><p> E dopo aver fatto clic su OK, ottieni tutte le celle evidenziate. <\/p><div class=\"wp-block-image\"><figure class=\"aligncenter size-full is-resized\"><img loading=\"lazy\" decoding=\"async\" class=\"wp-image-90457\" src=\"https:\/\/exceladvisor.org\/wp-content\/uploads\/2023\/08\/10-toutes-les-cellules-vides-en-surbrillance.png\" sizes=\"auto, \" srcset=\"\" alt=\"tutte le celle vuote sono evidenziate\" width=\"410\" height=\"311\"><\/figure><\/div><p> La formula che abbiamo utilizzato per testare due condizioni \u00e8 se una cella \u00e8 vuota e la seconda \u00e8 se la cella ha uno spazio.<\/p><p> <strong>Ma ti suggerisco di utilizzare il primo metodo.<\/strong> <\/p><div class=\"gb-container gb-container-52dfcee1 gb-container-sample-file\"><h2 class=\"gb-headline gb-headline-e289c143 gb-headline-text gb-headline-4f7959c2\"> Ottieni il file Excel<\/h2><p> <a class=\"gb-button gb-button-e88d6bee gb-button-text gb-button-button1\" href=\"https:\/\/exceladvisor.org\/wp-content\/uploads\/2023\/08\/mise-en-forme-conditionnelle-de-cellule-vide.xlsx\" rel=\"nofollow\">Scaricamento<\/a><\/p><\/div><div class=\"gb-container gb-container-6076ba72 gb-container-mt\"> <a class=\"gb-button gb-button-76e6a499 gb-button-text gb-button-mt-button\" href=\"https:\/\/exceladvisor.org\/it\/nozioni-di-base-su-excel\/\">Impara le basi di Excel<\/a><h2 class=\"gb-headline gb-headline-a9e9e206 gb-headline-text gb-headline-mt-heading\"> Ulteriori informazioni sulla <a href=\"https:\/\/exceladvisor.org\/it\/formattazione-condizionale\/\">formattazione condizionale<\/a> <\/h2><div class=\"gb-grid-wrapper gb-grid-wrapper-790317cb gb-grid-wrapper-mt-grid\"><div class=\"gb-grid-column gb-grid-column-a9845ede\"><div class=\"gb-container gb-container-a9845ede\"><ul><li> <a href=\"https:\/\/exceladvisor.org\/it\/applicare-la-formattazione-condizionale\/\">Applicare la formattazione condizionale a una tabella pivot<\/a><\/li><li> <a href=\"https:\/\/exceladvisor.org\/it\/ritirare\/\">Rimuovi la formattazione condizionale<\/a><\/li><li> <a href=\"https:\/\/exceladvisor.org\/it\/confrontare-le-colonne\/\">Confronta due colonne utilizzando la formattazione condizionale<\/a> <\/li><\/ul><\/div><\/div><div class=\"gb-grid-column gb-grid-column-ec8ff319\"><div class=\"gb-container gb-container-ec8ff319\"><ul><li> <a href=\"https:\/\/exceladvisor.org\/it\/non-funziona\/\">Perch\u00e9 la formattazione condizionale non funziona in Excel<\/a><\/li><li> <a href=\"https:\/\/exceladvisor.org\/it\/la-cella-contiene-testo\/\">Evidenzia se una cella contiene testo specifico<\/a><\/li><li> <a href=\"https:\/\/exceladvisor.org\/it\/in-base-alla-data-2\/\">Applicare la formattazione condizionale in base a una data<\/a><\/li><\/ul><\/div><\/div><\/div><\/div>","protected":false},"excerpt":{"rendered":"","protected":false},"author":1,"featured_media":0,"parent":0,"menu_order":0,"comment_status":"open","ping_status":"closed","template":"","meta":{"ub_ctt_via":"","footnotes":""},"class_list":["post-1773","page","type-page","status-publish","hentry"],"featured_image_src":null,"yoast_head":"<!-- This site is optimized with the Yoast SEO plugin v25.4 - https:\/\/yoast.com\/wordpress\/plugins\/seo\/ -->\n<title>Formattazione condizionale su celle vuote in Excel<\/title>\n<meta name=\"description\" content=\"Questo tutorial ti aiuta ad applicare la formattazione condizionale sulle celle vuote per farle risaltare. Controlliamo questo...\" \/>\n<meta name=\"robots\" content=\"index, follow, max-snippet:-1, max-image-preview:large, max-video-preview:-1\" \/>\n<link rel=\"canonical\" href=\"https:\/\/exceladvisor.org\/it\/celle-vuote\/\" \/>\n<meta property=\"og:locale\" content=\"it_IT\" \/>\n<meta property=\"og:type\" content=\"article\" \/>\n<meta property=\"og:title\" content=\"Formattazione condizionale su celle vuote in Excel\" \/>\n<meta property=\"og:description\" content=\"Questo tutorial ti aiuta ad applicare la formattazione condizionale sulle celle vuote per farle risaltare. Controlliamo questo...\" \/>\n<meta property=\"og:url\" content=\"https:\/\/exceladvisor.org\/it\/celle-vuote\/\" \/>\n<meta property=\"og:site_name\" content=\"Excel Advisor\" \/>\n<meta property=\"article:modified_time\" content=\"2023-12-10T06:27:43+00:00\" \/>\n<meta property=\"og:image\" content=\"https:\/\/exceladvisor.org\/wp-content\/uploads\/2023\/08\/1-selectionner-la-gamme.png\" \/>\n<meta name=\"twitter:card\" content=\"summary_large_image\" \/>\n<meta name=\"twitter:label1\" content=\"Tempo di lettura stimato\" \/>\n\t<meta name=\"twitter:data1\" content=\"2 minuti\" \/>\n<script type=\"application\/ld+json\" class=\"yoast-schema-graph\">{\"@context\":\"https:\/\/schema.org\",\"@graph\":[{\"@type\":\"WebPage\",\"@id\":\"https:\/\/exceladvisor.org\/it\/celle-vuote\/\",\"url\":\"https:\/\/exceladvisor.org\/it\/celle-vuote\/\",\"name\":\"Formattazione condizionale su celle vuote in Excel\",\"isPartOf\":{\"@id\":\"https:\/\/exceladvisor.org\/it\/#website\"},\"primaryImageOfPage\":{\"@id\":\"https:\/\/exceladvisor.org\/it\/celle-vuote\/#primaryimage\"},\"image\":{\"@id\":\"https:\/\/exceladvisor.org\/it\/celle-vuote\/#primaryimage\"},\"thumbnailUrl\":\"https:\/\/exceladvisor.org\/wp-content\/uploads\/2023\/08\/1-selectionner-la-gamme.png\",\"datePublished\":\"2023-11-05T18:13:15+00:00\",\"dateModified\":\"2023-12-10T06:27:43+00:00\",\"description\":\"Questo tutorial ti aiuta ad applicare la formattazione condizionale sulle celle vuote per farle risaltare. Controlliamo questo...\",\"breadcrumb\":{\"@id\":\"https:\/\/exceladvisor.org\/it\/celle-vuote\/#breadcrumb\"},\"inLanguage\":\"it-IT\",\"potentialAction\":[{\"@type\":\"ReadAction\",\"target\":[\"https:\/\/exceladvisor.org\/it\/celle-vuote\/\"]}]},{\"@type\":\"ImageObject\",\"inLanguage\":\"it-IT\",\"@id\":\"https:\/\/exceladvisor.org\/it\/celle-vuote\/#primaryimage\",\"url\":\"https:\/\/exceladvisor.org\/wp-content\/uploads\/2023\/08\/1-selectionner-la-gamme.png\",\"contentUrl\":\"https:\/\/exceladvisor.org\/wp-content\/uploads\/2023\/08\/1-selectionner-la-gamme.png\"},{\"@type\":\"BreadcrumbList\",\"@id\":\"https:\/\/exceladvisor.org\/it\/celle-vuote\/#breadcrumb\",\"itemListElement\":[{\"@type\":\"ListItem\",\"position\":1,\"name\":\"Home\",\"item\":\"https:\/\/exceladvisor.org\/it\/\"},{\"@type\":\"ListItem\",\"position\":2,\"name\":\"Formattazione condizionale su celle vuote in excel\"}]},{\"@type\":\"WebSite\",\"@id\":\"https:\/\/exceladvisor.org\/it\/#website\",\"url\":\"https:\/\/exceladvisor.org\/it\/\",\"name\":\"Excel Advisor\",\"description\":\"Tips, Tricks, and Time-Saving Hacks\",\"publisher\":{\"@id\":\"https:\/\/exceladvisor.org\/it\/#organization\"},\"potentialAction\":[{\"@type\":\"SearchAction\",\"target\":{\"@type\":\"EntryPoint\",\"urlTemplate\":\"https:\/\/exceladvisor.org\/it\/?s={search_term_string}\"},\"query-input\":{\"@type\":\"PropertyValueSpecification\",\"valueRequired\":true,\"valueName\":\"search_term_string\"}}],\"inLanguage\":\"it-IT\"},{\"@type\":\"Organization\",\"@id\":\"https:\/\/exceladvisor.org\/it\/#organization\",\"name\":\"Excel Advisor\",\"url\":\"https:\/\/exceladvisor.org\/it\/\",\"logo\":{\"@type\":\"ImageObject\",\"inLanguage\":\"it-IT\",\"@id\":\"https:\/\/exceladvisor.org\/it\/#\/schema\/logo\/image\/\",\"url\":\"https:\/\/exceladvisor.org\/it\/wp-content\/uploads\/2023\/12\/exceladvisor.org_.png\",\"contentUrl\":\"https:\/\/exceladvisor.org\/it\/wp-content\/uploads\/2023\/12\/exceladvisor.org_.png\",\"width\":105,\"height\":36,\"caption\":\"Excel Advisor\"},\"image\":{\"@id\":\"https:\/\/exceladvisor.org\/it\/#\/schema\/logo\/image\/\"}}]}<\/script>\n<!-- \/ Yoast SEO plugin. -->","yoast_head_json":{"title":"Formattazione condizionale su celle vuote in Excel","description":"Questo tutorial ti aiuta ad applicare la formattazione condizionale sulle celle vuote per farle risaltare. Controlliamo questo...","robots":{"index":"index","follow":"follow","max-snippet":"max-snippet:-1","max-image-preview":"max-image-preview:large","max-video-preview":"max-video-preview:-1"},"canonical":"https:\/\/exceladvisor.org\/it\/celle-vuote\/","og_locale":"it_IT","og_type":"article","og_title":"Formattazione condizionale su celle vuote in Excel","og_description":"Questo tutorial ti aiuta ad applicare la formattazione condizionale sulle celle vuote per farle risaltare. Controlliamo questo...","og_url":"https:\/\/exceladvisor.org\/it\/celle-vuote\/","og_site_name":"Excel Advisor","article_modified_time":"2023-12-10T06:27:43+00:00","og_image":[{"url":"https:\/\/exceladvisor.org\/wp-content\/uploads\/2023\/08\/1-selectionner-la-gamme.png","type":"","width":"","height":""}],"twitter_card":"summary_large_image","twitter_misc":{"Tempo di lettura stimato":"2 minuti"},"schema":{"@context":"https:\/\/schema.org","@graph":[{"@type":"WebPage","@id":"https:\/\/exceladvisor.org\/it\/celle-vuote\/","url":"https:\/\/exceladvisor.org\/it\/celle-vuote\/","name":"Formattazione condizionale su celle vuote in Excel","isPartOf":{"@id":"https:\/\/exceladvisor.org\/it\/#website"},"primaryImageOfPage":{"@id":"https:\/\/exceladvisor.org\/it\/celle-vuote\/#primaryimage"},"image":{"@id":"https:\/\/exceladvisor.org\/it\/celle-vuote\/#primaryimage"},"thumbnailUrl":"https:\/\/exceladvisor.org\/wp-content\/uploads\/2023\/08\/1-selectionner-la-gamme.png","datePublished":"2023-11-05T18:13:15+00:00","dateModified":"2023-12-10T06:27:43+00:00","description":"Questo tutorial ti aiuta ad applicare la formattazione condizionale sulle celle vuote per farle risaltare. Controlliamo questo...","breadcrumb":{"@id":"https:\/\/exceladvisor.org\/it\/celle-vuote\/#breadcrumb"},"inLanguage":"it-IT","potentialAction":[{"@type":"ReadAction","target":["https:\/\/exceladvisor.org\/it\/celle-vuote\/"]}]},{"@type":"ImageObject","inLanguage":"it-IT","@id":"https:\/\/exceladvisor.org\/it\/celle-vuote\/#primaryimage","url":"https:\/\/exceladvisor.org\/wp-content\/uploads\/2023\/08\/1-selectionner-la-gamme.png","contentUrl":"https:\/\/exceladvisor.org\/wp-content\/uploads\/2023\/08\/1-selectionner-la-gamme.png"},{"@type":"BreadcrumbList","@id":"https:\/\/exceladvisor.org\/it\/celle-vuote\/#breadcrumb","itemListElement":[{"@type":"ListItem","position":1,"name":"Home","item":"https:\/\/exceladvisor.org\/it\/"},{"@type":"ListItem","position":2,"name":"Formattazione condizionale su celle vuote in excel"}]},{"@type":"WebSite","@id":"https:\/\/exceladvisor.org\/it\/#website","url":"https:\/\/exceladvisor.org\/it\/","name":"Excel Advisor","description":"Tips, Tricks, and Time-Saving Hacks","publisher":{"@id":"https:\/\/exceladvisor.org\/it\/#organization"},"potentialAction":[{"@type":"SearchAction","target":{"@type":"EntryPoint","urlTemplate":"https:\/\/exceladvisor.org\/it\/?s={search_term_string}"},"query-input":{"@type":"PropertyValueSpecification","valueRequired":true,"valueName":"search_term_string"}}],"inLanguage":"it-IT"},{"@type":"Organization","@id":"https:\/\/exceladvisor.org\/it\/#organization","name":"Excel Advisor","url":"https:\/\/exceladvisor.org\/it\/","logo":{"@type":"ImageObject","inLanguage":"it-IT","@id":"https:\/\/exceladvisor.org\/it\/#\/schema\/logo\/image\/","url":"https:\/\/exceladvisor.org\/it\/wp-content\/uploads\/2023\/12\/exceladvisor.org_.png","contentUrl":"https:\/\/exceladvisor.org\/it\/wp-content\/uploads\/2023\/12\/exceladvisor.org_.png","width":105,"height":36,"caption":"Excel Advisor"},"image":{"@id":"https:\/\/exceladvisor.org\/it\/#\/schema\/logo\/image\/"}}]}},"yoast_meta":{"yoast_wpseo_title":"","yoast_wpseo_metadesc":"","yoast_wpseo_canonical":""},"_links":{"self":[{"href":"https:\/\/exceladvisor.org\/it\/wp-json\/wp\/v2\/pages\/1773","targetHints":{"allow":["GET"]}}],"collection":[{"href":"https:\/\/exceladvisor.org\/it\/wp-json\/wp\/v2\/pages"}],"about":[{"href":"https:\/\/exceladvisor.org\/it\/wp-json\/wp\/v2\/types\/page"}],"author":[{"embeddable":true,"href":"https:\/\/exceladvisor.org\/it\/wp-json\/wp\/v2\/users\/1"}],"replies":[{"embeddable":true,"href":"https:\/\/exceladvisor.org\/it\/wp-json\/wp\/v2\/comments?post=1773"}],"version-history":[{"count":1,"href":"https:\/\/exceladvisor.org\/it\/wp-json\/wp\/v2\/pages\/1773\/revisions"}],"predecessor-version":[{"id":2908,"href":"https:\/\/exceladvisor.org\/it\/wp-json\/wp\/v2\/pages\/1773\/revisions\/2908"}],"wp:attachment":[{"href":"https:\/\/exceladvisor.org\/it\/wp-json\/wp\/v2\/media?parent=1773"}],"curies":[{"name":"wp","href":"https:\/\/api.w.org\/{rel}","templated":true}]}}