{"id":1774,"date":"2023-11-05T17:50:26","date_gmt":"2023-11-05T17:50:26","guid":{"rendered":"https:\/\/exceladvisor.org\/it\/cercav-2\/"},"modified":"2023-12-10T06:23:12","modified_gmt":"2023-12-10T06:23:12","slug":"cercav-2","status":"publish","type":"page","link":"https:\/\/exceladvisor.org\/it\/cercav-2\/","title":{"rendered":"Come eseguire cerca.vert in power query in excel?"},"content":{"rendered":"<div class=\"excel-prima-del-contenuto\" id=\"excel-1454205493\"><script type=\"text\/javascript\">\r\n\tatOptions = {\r\n\t\t'key' : 'c1158f160081d6540a8409e6925dab94',\r\n\t\t'format' : 'iframe',\r\n\t\t'height' : 250,\r\n\t\t'width' : 300,\r\n\t\t'params' : {}\r\n\t};\r\n<\/script>\r\n<script type=\"text\/javascript\" src=\"\/\/www.highperformanceformat.com\/c1158f160081d6540a8409e6925dab94\/invoke.js\"><\/script><\/div> <p class=\"has-text-align-left\">CERCA.VERT \u00e8 una <a href=\"https:\/\/exceladvisor.org\/it\/funzioni-di-excel\/\">delle funzioni pi\u00f9 popolari di Excel<\/a> e su questo non ci sono dubbi. Lo sai dall&#8217;inizio del tuo viaggio in Excel. Ma oggi ho qualcosa di nuovo per te e devi impararlo adesso.<\/p><p> <strong>Ecco l&#8217;accordo:<\/strong><\/p><p> Puoi utilizzare POWER QUERY per abbinare due colonne e ottenere valori (utilizzando l&#8217;opzione di unione). S\u00ec, hai sentito bene, puoi eseguire CERCA.VERT in Power Query.<\/p><p> Come sai: \u201cCERCA.VERT corrisponde ai valori di una colonna, quindi restituisce i valori della stessa riga della colonna diversa o della stessa colonna. \u00bb<\/p><h2 class=\"wp-block-heading\"> Cominciamo dai dati<\/h2><p> Se guardate i dati qui sotto ( <a href=\"https:\/\/exceladvisor.org\/wp-content\/uploads\/2023\/11\/requete-de-puissance-vlookup-2.xlsx\" rel=\"nofollow\"><strong>CLICCA QUI PER SCARICARE<\/strong><\/a> ) dove abbiamo due diverse tabelle con il prezzo e la categoria del prodotto. <\/p><div class=\"wp-block-image\"><figure class=\"aligncenter\"><img decoding=\"async\" src=\"https:\/\/exceladvisor.org\/wp-content\/uploads\/2023\/08\/table-de-donnees-pour-utiliser-power-query-vlookup-1.png\" sizes=\"\" srcset=\"\" alt=\"tabella dati per utilizzare power query vlookup\"><\/figure><\/div><p> L&#8217;unica cosa comune in queste due tabelle sono gli ID prodotto. E qui voglio avere le categorie nella tabella delle quantit\u00e0.<\/p><h2 class=\"wp-block-heading\"> Perch\u00e9 Power Query invece di CERCA.VERT?<\/h2><p> Come puoi vedere, abbiamo gli ID prodotto come elemento comune in entrambe le tabelle.<\/p><p> obiettivo\u2026obiettivo\u2026obiettivo\u2026<\/p><p> Se desideri utilizzare CERCA.VERT, devi spostare la colonna ID prodotto prima della colonna Categoria nella TABELLA 2. <\/p><div class=\"wp-block-image\"><figure class=\"aligncenter\"><img decoding=\"async\" src=\"https:\/\/exceladvisor.org\/wp-content\/uploads\/2023\/08\/La-colonne-power-query-vlookup-doit-etre-decalee-1.png\" sizes=\"\" srcset=\"\" alt=\"La colonna vlookup della query di alimentazione deve essere compensata\"><\/figure><\/div><p> Altrimenti puoi usare <a style=\"outline: none;\" href=\"https:\/\/exceladvisor.org\/it\/ricerca-inversa\/\">INDEX MATCH<\/a> . Ma qui lo faremo con Power Query.<\/p><h2 class=\"wp-block-heading\"> Passaggi per eseguire CERCA.VERT con Power Query<\/h2><p> Usare Power Query per sostituire CERCA.VERT non \u00e8 solo facile ma veloce e la parte migliore \u00e8 che si tratta di una configurazione una tantum.<\/p><p> Funziona pi\u00f9 cos\u00ec:<\/p><ol><li> Creare query (connessioni) per entrambe le tabelle.<\/li><li> Scegli la colonna comune ad entrambe le tabelle.<\/li><li> Uniscili e ottieni la colonna desiderata.<\/li><\/ol><p> Ma procediamo passo dopo passo e assicuriamoci di <a href=\"https:\/\/exceladvisor.org\/wp-content\/uploads\/2023\/11\/requete-de-puissance-vlookup-2.xlsx\" rel=\"nofollow\">scaricare questo file di esempio da qui<\/a> per seguirlo.<\/p><ul><li> Innanzitutto, converti le due tabelle (TABELLA 1 e TABELLA 2) in tabelle Excel utilizzando Control + T o Inserisci \u279c Tabelle \u279c Tabella. <\/li><\/ul><div class=\"wp-block-image\"><figure class=\"aligncenter\"><img decoding=\"async\" src=\"https:\/\/exceladvisor.org\/wp-content\/uploads\/2023\/08\/appliquer-la-table-aux-donnees-pour-utiliser-power-query-vlookup-1.png\" sizes=\"\" srcset=\"\" alt=\"applica la tabella ai dati per utilizzare power query vlookup\"><\/figure><\/div><ul><li> Successivamente, \u00e8 necessario caricare i dati nell&#8217;editor di Power Query e, per farlo, andare alla scheda Dati \u279c Ottieni e trasforma dati \u279c Dalla tabella. <\/li><\/ul><div class=\"wp-block-image\"><figure class=\"aligncenter\"><img decoding=\"async\" src=\"https:\/\/exceladvisor.org\/wp-content\/uploads\/2023\/08\/power-query-vlookup-obtenir-les-donnees-de-la-table-1.png\" sizes=\"\" srcset=\"\" alt=\"power query vlookup ottiene i dati dalla tabella\"><\/figure><\/div><ul><li> Successivamente chiudi la query dalla scheda Home \u279c Chiudi e carica \u279c Solo login. (Ripetere i passaggi 2 e 3 per la seconda tabella). <\/li><\/ul><div class=\"wp-block-image\"><figure class=\"aligncenter\"><img decoding=\"async\" src=\"https:\/\/exceladvisor.org\/wp-content\/uploads\/2023\/08\/power-query-vlookup-cliquez-et-chargez-la-table-1.png\" sizes=\"\" srcset=\"\" alt=\"fare clic su power query vlookup e caricare la tabella\"><\/figure><\/div><ul><li> Ora da qui, fai clic con il pulsante destro del mouse sulla query e fai clic su &#8220;Unisci&#8221; oppure, se utilizzi Office 365 come me, \u00e8 presente nella scheda Dati \u279c Ottieni dati \u279c Combina query \u279c Unisci. <\/li><\/ul><div class=\"wp-block-image\"><figure class=\"aligncenter\"><img decoding=\"async\" src=\"https:\/\/exceladvisor.org\/wp-content\/uploads\/2023\/08\/power-query-vlookup-option-de-fusion-du-clic-droit-1.png\" sizes=\"\" srcset=\"\" alt=\"\"><\/figure><\/div><ul><li> Dopo aver fatto clic su &#8220;Unisci&#8221;, viene visualizzata la finestra di unione. <\/li><\/ul><div class=\"wp-block-image\"><figure class=\"aligncenter\"><img decoding=\"async\" src=\"https:\/\/exceladvisor.org\/wp-content\/uploads\/2023\/08\/fenetre-doption-de-fusion-power-query-vlookup-1.png\" sizes=\"\" srcset=\"\" alt=\"\"><\/figure><\/div><ul><li> Da questa finestra selezionare la \u201cTabella Quantit\u00e0\u201d nella sezione superiore e la \u201cTabella Categorie\u201d nella sezione inferiore.<\/li><li> Successivamente, seleziona la colonna comune a entrambe le tabelle (qui l&#8217;ID prodotto \u00e8 comune). <\/li><\/ul><div class=\"wp-block-image\"><figure class=\"aligncenter\"><img decoding=\"async\" src=\"https:\/\/exceladvisor.org\/wp-content\/uploads\/2023\/08\/requete-de-puissance-vlookup-selectionner-la-fenetre-de-fusion-de-colonnes-de-tables-1.png\" sizes=\"\" srcset=\"\" alt=\"\"><\/figure><\/div><ul><li> A questo punto hai una nuova tabella nell&#8217;editor di query avanzate.<\/li><li> Da l\u00ec, fai clic sul pulsante del filtro nell&#8217;ultima colonna della tabella e seleziona solo la categoria (deseleziona l&#8217;ID prodotto) e fai clic su OK. <\/li><\/ul><div class=\"wp-block-image\"><figure class=\"aligncenter\"><img decoding=\"async\" src=\"https:\/\/exceladvisor.org\/wp-content\/uploads\/2023\/08\/power-query-vlookup-selectionnez-la-categorie-de-produit-1.png\" sizes=\"\" srcset=\"\" alt=\"\"><\/figure><\/div><ul><li> Qui hai una nuova tabella con una colonna di categoria. <\/li><\/ul><div class=\"wp-block-image\"><figure class=\"aligncenter\"><img decoding=\"async\" src=\"https:\/\/exceladvisor.org\/wp-content\/uploads\/2023\/08\/power-query-vlookup-nouvelle-colonne-de-categorie-de-table-1.png\" sizes=\"\" srcset=\"\" alt=\"\"><\/figure><\/div><ul><li> Alla fine, fai clic su &#8220;Chiudi e carica&#8221; per caricare la tabella nel foglio di calcolo. <\/li><\/ul><div class=\"wp-block-image\"><figure class=\"aligncenter\"><img decoding=\"async\" src=\"https:\/\/exceladvisor.org\/wp-content\/uploads\/2023\/08\/cliquez-sur-fermer-et-chargez-obtenir-la-feuille-de-calcul-de-la-table-1.png\" sizes=\"\" srcset=\"\" alt=\"\"><\/figure><\/div><p> <strong>BOOM<\/strong> ! ora hai una nuova tabella con una colonna di categoria.<\/p><h2 class=\"wp-block-heading\"> Conclusione<\/h2><p> In una query avanzata tutto ci\u00f2 che devi fare \u00e8 creare la connessione per le tabelle e unire le query.<\/p><p> E la parte migliore \u00e8 che una volta aggiunti nuovi dati all&#8217;elenco delle quantit\u00e0, la nuova tabella verr\u00e0 aggiornata immediatamente. Spero che tu abbia trovato utile questo suggerimento per le query di potenza, ma ora dimmi una cosa.<\/p><p> Cosa ti sembra meglio? PowerQuery o CERCA.VERT?<\/p><p> Per favore condividi le tue opinioni con me nella sezione commenti.<\/p><p> Mi piacerebbe sentire la tua opinione e, per favore, non dimenticare di condividere questo post con i tuoi amici, sono sicuro che lo apprezzeranno e se vuoi sapere come utilizzare Power query in generale, assicurati di dare un&#8217;occhiata a questo <a style=\"outline: none;\" href=\"https:\/\/exceladvisor.org\/it\/richiesta-di-potenza\/\"><strong>Esercitazione su PowerQuery di Excel<\/strong><\/a> .<\/p><div class=\"gb-container gb-container-9e2850fe gb-container-mt\"> <a class=\"gb-button gb-button-71636faa gb-button-text gb-button-mt-button\" href=\"https:\/\/exceladvisor.org\/it\/richiesta-di-potenza\/\">PowerQuery in Excel (esercitazione)<\/a><h2 class=\"gb-headline gb-headline-c566b2ed gb-headline-text gb-headline-mt-heading\"> Tutorial correlati <\/h2><div class=\"gb-grid-wrapper gb-grid-wrapper-b15ed1bf gb-grid-wrapper-mt-grid\"><div class=\"gb-grid-column gb-grid-column-6e9de105\"><div class=\"gb-container gb-container-6e9de105\"><ul><li> Unisci [Combina] pi\u00f9 FILE Excel in UN UNICO NOTEBOOK<\/li><li> <a href=\"https:\/\/exceladvisor.org\/it\/dati-non-ruotati\/\">Rimuovere il pivot dei dati in Excel utilizzando Power Query<\/a><\/li><li> <a href=\"https:\/\/exceladvisor.org\/it\/catena\/\">Power Query: concatena valori (testo e numeri)<\/a><\/li><li> <a href=\"https:\/\/exceladvisor.org\/it\/differenza-di-date\/\">Power query: differenza di data<\/a><\/li><\/ul><\/div><\/div><\/div><\/div>","protected":false},"excerpt":{"rendered":"","protected":false},"author":1,"featured_media":0,"parent":0,"menu_order":0,"comment_status":"open","ping_status":"closed","template":"","meta":{"ub_ctt_via":"","footnotes":""},"class_list":["post-1774","page","type-page","status-publish","hentry"],"featured_image_src":null,"yoast_head":"<!-- This site is optimized with the Yoast SEO plugin v25.4 - https:\/\/yoast.com\/wordpress\/plugins\/seo\/ -->\n<title>Come eseguire CERCA.VERT in Power Query in Excel<\/title>\n<meta name=\"description\" content=\"L&#039;uso di Power Query per sostituire CERCA.VERT non \u00e8 solo semplice ma veloce ed \u00e8 una configurazione una tantum.\" \/>\n<meta name=\"robots\" content=\"index, follow, max-snippet:-1, max-image-preview:large, max-video-preview:-1\" \/>\n<link rel=\"canonical\" href=\"https:\/\/exceladvisor.org\/it\/cercav-2\/\" \/>\n<meta property=\"og:locale\" content=\"it_IT\" \/>\n<meta property=\"og:type\" content=\"article\" \/>\n<meta property=\"og:title\" content=\"Come eseguire CERCA.VERT in Power Query in Excel\" \/>\n<meta property=\"og:description\" content=\"L&#039;uso di Power Query per sostituire CERCA.VERT non \u00e8 solo semplice ma veloce ed \u00e8 una configurazione una tantum.\" \/>\n<meta property=\"og:url\" content=\"https:\/\/exceladvisor.org\/it\/cercav-2\/\" \/>\n<meta property=\"og:site_name\" content=\"Excel Advisor\" \/>\n<meta property=\"article:modified_time\" content=\"2023-12-10T06:23:12+00:00\" \/>\n<meta property=\"og:image\" content=\"https:\/\/exceladvisor.org\/wp-content\/uploads\/2023\/08\/table-de-donnees-pour-utiliser-power-query-vlookup-1.png\" \/>\n<meta name=\"twitter:card\" content=\"summary_large_image\" \/>\n<meta name=\"twitter:label1\" content=\"Tempo di lettura stimato\" \/>\n\t<meta name=\"twitter:data1\" content=\"3 minuti\" \/>\n<script type=\"application\/ld+json\" class=\"yoast-schema-graph\">{\"@context\":\"https:\/\/schema.org\",\"@graph\":[{\"@type\":\"WebPage\",\"@id\":\"https:\/\/exceladvisor.org\/it\/cercav-2\/\",\"url\":\"https:\/\/exceladvisor.org\/it\/cercav-2\/\",\"name\":\"Come eseguire CERCA.VERT in Power Query in Excel\",\"isPartOf\":{\"@id\":\"https:\/\/exceladvisor.org\/it\/#website\"},\"primaryImageOfPage\":{\"@id\":\"https:\/\/exceladvisor.org\/it\/cercav-2\/#primaryimage\"},\"image\":{\"@id\":\"https:\/\/exceladvisor.org\/it\/cercav-2\/#primaryimage\"},\"thumbnailUrl\":\"https:\/\/exceladvisor.org\/wp-content\/uploads\/2023\/08\/table-de-donnees-pour-utiliser-power-query-vlookup-1.png\",\"datePublished\":\"2023-11-05T17:50:26+00:00\",\"dateModified\":\"2023-12-10T06:23:12+00:00\",\"description\":\"L&#39;uso di Power Query per sostituire CERCA.VERT non \u00e8 solo semplice ma veloce ed \u00e8 una configurazione una tantum.\",\"breadcrumb\":{\"@id\":\"https:\/\/exceladvisor.org\/it\/cercav-2\/#breadcrumb\"},\"inLanguage\":\"it-IT\",\"potentialAction\":[{\"@type\":\"ReadAction\",\"target\":[\"https:\/\/exceladvisor.org\/it\/cercav-2\/\"]}]},{\"@type\":\"ImageObject\",\"inLanguage\":\"it-IT\",\"@id\":\"https:\/\/exceladvisor.org\/it\/cercav-2\/#primaryimage\",\"url\":\"https:\/\/exceladvisor.org\/wp-content\/uploads\/2023\/08\/table-de-donnees-pour-utiliser-power-query-vlookup-1.png\",\"contentUrl\":\"https:\/\/exceladvisor.org\/wp-content\/uploads\/2023\/08\/table-de-donnees-pour-utiliser-power-query-vlookup-1.png\"},{\"@type\":\"BreadcrumbList\",\"@id\":\"https:\/\/exceladvisor.org\/it\/cercav-2\/#breadcrumb\",\"itemListElement\":[{\"@type\":\"ListItem\",\"position\":1,\"name\":\"Home\",\"item\":\"https:\/\/exceladvisor.org\/it\/\"},{\"@type\":\"ListItem\",\"position\":2,\"name\":\"Come eseguire cerca.vert in power query in excel?\"}]},{\"@type\":\"WebSite\",\"@id\":\"https:\/\/exceladvisor.org\/it\/#website\",\"url\":\"https:\/\/exceladvisor.org\/it\/\",\"name\":\"Excel Advisor\",\"description\":\"Tips, Tricks, and Time-Saving Hacks\",\"publisher\":{\"@id\":\"https:\/\/exceladvisor.org\/it\/#organization\"},\"potentialAction\":[{\"@type\":\"SearchAction\",\"target\":{\"@type\":\"EntryPoint\",\"urlTemplate\":\"https:\/\/exceladvisor.org\/it\/?s={search_term_string}\"},\"query-input\":{\"@type\":\"PropertyValueSpecification\",\"valueRequired\":true,\"valueName\":\"search_term_string\"}}],\"inLanguage\":\"it-IT\"},{\"@type\":\"Organization\",\"@id\":\"https:\/\/exceladvisor.org\/it\/#organization\",\"name\":\"Excel Advisor\",\"url\":\"https:\/\/exceladvisor.org\/it\/\",\"logo\":{\"@type\":\"ImageObject\",\"inLanguage\":\"it-IT\",\"@id\":\"https:\/\/exceladvisor.org\/it\/#\/schema\/logo\/image\/\",\"url\":\"https:\/\/exceladvisor.org\/it\/wp-content\/uploads\/2023\/12\/exceladvisor.org_.png\",\"contentUrl\":\"https:\/\/exceladvisor.org\/it\/wp-content\/uploads\/2023\/12\/exceladvisor.org_.png\",\"width\":105,\"height\":36,\"caption\":\"Excel Advisor\"},\"image\":{\"@id\":\"https:\/\/exceladvisor.org\/it\/#\/schema\/logo\/image\/\"}}]}<\/script>\n<!-- \/ Yoast SEO plugin. -->","yoast_head_json":{"title":"Come eseguire CERCA.VERT in Power Query in Excel","description":"L&#39;uso di Power Query per sostituire CERCA.VERT non \u00e8 solo semplice ma veloce ed \u00e8 una configurazione una tantum.","robots":{"index":"index","follow":"follow","max-snippet":"max-snippet:-1","max-image-preview":"max-image-preview:large","max-video-preview":"max-video-preview:-1"},"canonical":"https:\/\/exceladvisor.org\/it\/cercav-2\/","og_locale":"it_IT","og_type":"article","og_title":"Come eseguire CERCA.VERT in Power Query in Excel","og_description":"L&#39;uso di Power Query per sostituire CERCA.VERT non \u00e8 solo semplice ma veloce ed \u00e8 una configurazione una tantum.","og_url":"https:\/\/exceladvisor.org\/it\/cercav-2\/","og_site_name":"Excel Advisor","article_modified_time":"2023-12-10T06:23:12+00:00","og_image":[{"url":"https:\/\/exceladvisor.org\/wp-content\/uploads\/2023\/08\/table-de-donnees-pour-utiliser-power-query-vlookup-1.png","type":"","width":"","height":""}],"twitter_card":"summary_large_image","twitter_misc":{"Tempo di lettura stimato":"3 minuti"},"schema":{"@context":"https:\/\/schema.org","@graph":[{"@type":"WebPage","@id":"https:\/\/exceladvisor.org\/it\/cercav-2\/","url":"https:\/\/exceladvisor.org\/it\/cercav-2\/","name":"Come eseguire CERCA.VERT in Power Query in Excel","isPartOf":{"@id":"https:\/\/exceladvisor.org\/it\/#website"},"primaryImageOfPage":{"@id":"https:\/\/exceladvisor.org\/it\/cercav-2\/#primaryimage"},"image":{"@id":"https:\/\/exceladvisor.org\/it\/cercav-2\/#primaryimage"},"thumbnailUrl":"https:\/\/exceladvisor.org\/wp-content\/uploads\/2023\/08\/table-de-donnees-pour-utiliser-power-query-vlookup-1.png","datePublished":"2023-11-05T17:50:26+00:00","dateModified":"2023-12-10T06:23:12+00:00","description":"L&#39;uso di Power Query per sostituire CERCA.VERT non \u00e8 solo semplice ma veloce ed \u00e8 una configurazione una tantum.","breadcrumb":{"@id":"https:\/\/exceladvisor.org\/it\/cercav-2\/#breadcrumb"},"inLanguage":"it-IT","potentialAction":[{"@type":"ReadAction","target":["https:\/\/exceladvisor.org\/it\/cercav-2\/"]}]},{"@type":"ImageObject","inLanguage":"it-IT","@id":"https:\/\/exceladvisor.org\/it\/cercav-2\/#primaryimage","url":"https:\/\/exceladvisor.org\/wp-content\/uploads\/2023\/08\/table-de-donnees-pour-utiliser-power-query-vlookup-1.png","contentUrl":"https:\/\/exceladvisor.org\/wp-content\/uploads\/2023\/08\/table-de-donnees-pour-utiliser-power-query-vlookup-1.png"},{"@type":"BreadcrumbList","@id":"https:\/\/exceladvisor.org\/it\/cercav-2\/#breadcrumb","itemListElement":[{"@type":"ListItem","position":1,"name":"Home","item":"https:\/\/exceladvisor.org\/it\/"},{"@type":"ListItem","position":2,"name":"Come eseguire cerca.vert in power query in excel?"}]},{"@type":"WebSite","@id":"https:\/\/exceladvisor.org\/it\/#website","url":"https:\/\/exceladvisor.org\/it\/","name":"Excel Advisor","description":"Tips, Tricks, and Time-Saving Hacks","publisher":{"@id":"https:\/\/exceladvisor.org\/it\/#organization"},"potentialAction":[{"@type":"SearchAction","target":{"@type":"EntryPoint","urlTemplate":"https:\/\/exceladvisor.org\/it\/?s={search_term_string}"},"query-input":{"@type":"PropertyValueSpecification","valueRequired":true,"valueName":"search_term_string"}}],"inLanguage":"it-IT"},{"@type":"Organization","@id":"https:\/\/exceladvisor.org\/it\/#organization","name":"Excel Advisor","url":"https:\/\/exceladvisor.org\/it\/","logo":{"@type":"ImageObject","inLanguage":"it-IT","@id":"https:\/\/exceladvisor.org\/it\/#\/schema\/logo\/image\/","url":"https:\/\/exceladvisor.org\/it\/wp-content\/uploads\/2023\/12\/exceladvisor.org_.png","contentUrl":"https:\/\/exceladvisor.org\/it\/wp-content\/uploads\/2023\/12\/exceladvisor.org_.png","width":105,"height":36,"caption":"Excel Advisor"},"image":{"@id":"https:\/\/exceladvisor.org\/it\/#\/schema\/logo\/image\/"}}]}},"yoast_meta":{"yoast_wpseo_title":"","yoast_wpseo_metadesc":"","yoast_wpseo_canonical":""},"_links":{"self":[{"href":"https:\/\/exceladvisor.org\/it\/wp-json\/wp\/v2\/pages\/1774","targetHints":{"allow":["GET"]}}],"collection":[{"href":"https:\/\/exceladvisor.org\/it\/wp-json\/wp\/v2\/pages"}],"about":[{"href":"https:\/\/exceladvisor.org\/it\/wp-json\/wp\/v2\/types\/page"}],"author":[{"embeddable":true,"href":"https:\/\/exceladvisor.org\/it\/wp-json\/wp\/v2\/users\/1"}],"replies":[{"embeddable":true,"href":"https:\/\/exceladvisor.org\/it\/wp-json\/wp\/v2\/comments?post=1774"}],"version-history":[{"count":1,"href":"https:\/\/exceladvisor.org\/it\/wp-json\/wp\/v2\/pages\/1774\/revisions"}],"predecessor-version":[{"id":2492,"href":"https:\/\/exceladvisor.org\/it\/wp-json\/wp\/v2\/pages\/1774\/revisions\/2492"}],"wp:attachment":[{"href":"https:\/\/exceladvisor.org\/it\/wp-json\/wp\/v2\/media?parent=1774"}],"curies":[{"name":"wp","href":"https:\/\/api.w.org\/{rel}","templated":true}]}}