{"id":1785,"date":"2023-11-05T01:44:39","date_gmt":"2023-11-05T01:44:39","guid":{"rendered":"https:\/\/exceladvisor.org\/it\/controlla-se-esiste-un-valore-in-un-intervallo\/"},"modified":"2023-12-10T06:27:00","modified_gmt":"2023-12-10T06:27:00","slug":"controlla-se-esiste-un-valore-in-un-intervallo","status":"publish","type":"page","link":"https:\/\/exceladvisor.org\/it\/controlla-se-esiste-un-valore-in-un-intervallo\/","title":{"rendered":"Come verificare se esiste un valore in un intervallo?"},"content":{"rendered":"<div class=\"excel-prima-del-contenuto\" id=\"excel-2640158678\"><script type=\"text\/javascript\">\r\n\tatOptions = {\r\n\t\t'key' : 'c1158f160081d6540a8409e6925dab94',\r\n\t\t'format' : 'iframe',\r\n\t\t'height' : 250,\r\n\t\t'width' : 300,\r\n\t\t'params' : {}\r\n\t};\r\n<\/script>\r\n<script type=\"text\/javascript\" src=\"\/\/www.highperformanceformat.com\/c1158f160081d6540a8409e6925dab94\/invoke.js\"><\/script><\/div> <p>In Excel, per verificare se un valore esiste o meno in un intervallo, \u00e8 possibile utilizzare la funzione CONTA.SE, insieme alla funzione SE. Con COUNTIF puoi controllare il valore e con IF puoi restituire un valore risultato da mostrare all&#8217;utente. cio\u00e8 s\u00ec o no, trovato o non trovato.<\/p><h2 id=\"h-check-for-a-value-in-a-range\" class=\"wp-block-heading\"> Trova un valore in un intervallo<\/h2><p> Nell&#8217;esempio seguente, hai un elenco di nomi in cui hai solo nomi e ora devi verificare se &#8220;GLEN&#8221; \u00e8 presente o meno. <\/p><div class=\"wp-block-image\"><figure class=\"aligncenter size-full is-resized\"><img loading=\"lazy\" decoding=\"async\" class=\"wp-image-67089\" src=\"https:\/\/exceladvisor.org\/wp-content\/uploads\/2023\/08\/1-liste-de-noms.png\" sizes=\"auto, \" srcset=\"\" alt=\"elenco dei nomi\" width=\"268\" height=\"296\"><\/figure><\/div><p> \u00c8 possibile utilizzare i seguenti passaggi:<\/p><ol><li> Innanzitutto, devi inserire la funzione SE nella cella B1. <br><img loading=\"lazy\" decoding=\"async\" title=\"2-inserisci-funzione-se\" src=\"https:\/\/exceladvisor.org\/wp-content\/uploads\/2023\/08\/2-entrez-la-fonction-if.png\" sizes=\"auto, \" srcset=\"\" alt=\"enter-the-if-function\" width=\"538\" height=\"173\"><\/li><li> Successivamente, nel primo argomento (test logico), \u00e8 necessario inserire l\u00ec la funzione CONTA.SE. <br><img loading=\"lazy\" decoding=\"async\" title=\"3-inserisci-account-se-funzione\" src=\"https:\/\/exceladvisor.org\/wp-content\/uploads\/2023\/08\/3-entrer-le-decompte-si-la-fonction.png\" sizes=\"auto, \" srcset=\"\" alt=\"enter-the-count-if-function\" width=\"481\" height=\"177\"><\/li><li> Ora nella funzione CONTA.SE, fai riferimento all&#8217;intervallo A1:A10. <br><img loading=\"lazy\" decoding=\"async\" title=\"4-fare-riferimento-a-un-intervallo\" src=\"https:\/\/exceladvisor.org\/wp-content\/uploads\/2023\/08\/4-font-reference-a-une-gamme.png\" sizes=\"auto, \" srcset=\"\" alt=\"refer-to-a-range\" width=\"533\" height=\"172\"><\/li><li> Quindi, nell&#8217;argomento criteri, inserisci &#8220;Glen&#8221; e chiudi le parentesi per la funzione CONTA.SE. <br><img loading=\"lazy\" decoding=\"async\" title=\"5-chiudete-le-pretesi\" src=\"https:\/\/exceladvisor.org\/wp-content\/uploads\/2023\/08\/5-fermer-les-parentheses.png\" sizes=\"auto, \" srcset=\"\" alt=\"close-the-prentheses\" width=\"534\" height=\"190\"><\/li><li> Inoltre, utilizzare un segno maggiore di e immettere uno zero. <br><img loading=\"lazy\" decoding=\"async\" title=\"6-usare-segno-maggiore-di-segno\" src=\"https:\/\/exceladvisor.org\/wp-content\/uploads\/2023\/08\/6-utiliser-le-signe-superieur-a.png\" sizes=\"auto, \" srcset=\"\" alt=\"use-greater-than-sign\" width=\"559\" height=\"192\"><\/li><li> Da l\u00ec, inserisci un comando per passare all&#8217;argomento successivo in IF e inserisci &#8220;S\u00ec&#8221; nel secondo argomento. <br><img loading=\"lazy\" decoding=\"async\" title=\"7-argomento-successivo-in-se\" src=\"https:\/\/exceladvisor.org\/wp-content\/uploads\/2023\/08\/7-argument-suivant-dans-if.png\" sizes=\"auto, \" srcset=\"\" alt=\"next-argument-in-if\" width=\"638\" height=\"177\"><\/li><li> Alla fine, inserisci una virgola e inserisci &#8220;No&#8221; nel terzo argomento e digita le parentesi di chiusura. <br><img loading=\"lazy\" decoding=\"async\" title=\"8-digitare-gli-scherzi-di-chiusura\" src=\"https:\/\/exceladvisor.org\/wp-content\/uploads\/2023\/08\/8-tapez-les-parentheses-finales.png\" sizes=\"auto, \" srcset=\"\" alt=\"type-the-closing-prantheses\" width=\"635\" height=\"188\"><\/li><\/ol><p> Nel momento in cui premi Invio, restituisce &#8220;S\u00ec&#8221; perch\u00e9 hai il valore nell&#8217;intervallo che hai cercato. <\/p><div class=\"wp-block-image\"><figure class=\"aligncenter size-full is-resized\"><img loading=\"lazy\" decoding=\"async\" class=\"wp-image-67097\" src=\"https:\/\/exceladvisor.org\/wp-content\/uploads\/2023\/08\/9-renvoie-la-valeur.png\" sizes=\"auto, \" srcset=\"\" alt=\"valore di ritorno\" width=\"530\" height=\"311\"><\/figure><\/div><pre class=\"wp-block-code\"> <code class=\"language-excel-formula\" lang=\"excel-formula\">=IF(COUNTIF(A1:A10,\"Glen\")&gt;0,\"Yes\",\"No\")<\/code><\/pre><p> <em>Vuoi saperne di pi\u00f9? Dai un&#8217;occhiata a questi corsi gratuiti: 50 formule Excel per diventare pi\u00f9 intelligente dei tuoi colleghi<\/em><\/p><h2 id=\"h-how-this-formula-works\" class=\"wp-block-heading\"> Come funziona questa formula?<\/h2><p> Questa formula ha due parti. <\/p><div class=\"wp-block-image\"><figure class=\"aligncenter size-full is-resized\"><img loading=\"lazy\" decoding=\"async\" class=\"wp-image-67098\" src=\"https:\/\/exceladvisor.org\/wp-content\/uploads\/2023\/08\/10-si-countif-formule.png\" sizes=\"auto, \" srcset=\"\" alt=\"formula se-conte-se\" width=\"583\" height=\"128\"><\/figure><\/div><p> Nella prima parte abbiamo COUNTIF, che conta le occorrenze del valore nell&#8217;intervallo. E nella seconda parte hai la funzione SE che accetta i valori della funzione CONTA.SE.<\/p><p> Pertanto, se CONTA.SE restituisce un valore maggiore di quello che indica che il valore \u00e8 compreso nell&#8217;intervallo, SE restituisce S\u00ec. E se CONTA.SE restituisce 0 significa che il valore non \u00e8 presente nell&#8217;intervallo e restituisce No.<\/p><h2 id=\"h-check-for-a-value-in-a-range-partially\" class=\"wp-block-heading\"> Cerca parzialmente un valore in un intervallo<\/h2><p> C&#8217;\u00e8 una situazione in cui vuoi controllare il valore parziale di un intervallo. In questo caso \u00e8 necessario utilizzare i caratteri jolly (asterisco *).<\/p><p> Nell&#8217;esempio seguente abbiamo lo stesso elenco di nomi ma ecco il nome completo. Ma dobbiamo ancora cercare il nome \u201cGlen\u201d. <\/p><div class=\"wp-block-image\"><figure class=\"aligncenter size-full is-resized\"><img loading=\"lazy\" decoding=\"async\" class=\"wp-image-67099\" src=\"https:\/\/exceladvisor.org\/wp-content\/uploads\/2023\/08\/11-verifier-la-valeur-dans-la-plage-partiellement.png\" sizes=\"auto, \" srcset=\"\" alt=\"controlla-valore-nell'intervallo-parzialmente\" width=\"407\" height=\"341\"><\/figure><\/div><p> Il valore che vuoi cercare dovrebbe essere circondato da un asterisco, che abbiamo usato nell&#8217;esempio sopra. Ci\u00f2 indica a Excel di controllare il valore &#8220;Glen&#8221; indipendentemente da cosa c&#8217;\u00e8 prima e dopo il valore.<\/p><pre class=\"wp-block-code\"> <code class=\"language-excel-formula\" lang=\"excel-formula\">=IF(COUNTIF(C1:C10,\"*\"&amp;\"Glen\"&amp;\"*\")&gt;0,\"Yes\",\"No\")<\/code><\/pre><div class=\"gb-container gb-container-52dfcee1 gb-container-sample-file\"><h2 class=\"gb-headline gb-headline-e289c143 gb-headline-text gb-headline-4f7959c2\"> Ottieni il file Excel<\/h2> <a class=\"gb-button gb-button-e88d6bee gb-button-text gb-button-button1\" href=\"https:\/\/exceladvisor.org\/wp-content\/uploads\/2023\/08\/2-verifier-si-la-valeur-existe-dans-une-plage.xlsx\" rel=\"nofollow\">Scaricamento<\/a><\/div><div class=\"gb-container gb-container-0df56012 gb-container-mt\"> <a class=\"gb-button gb-button-f9f432f4 gb-button-text gb-button-mt-button\" href=\"https:\/\/exceladvisor.org\/it\/formule\/\">Elenco delle formule di Excel<\/a><h2 class=\"gb-headline gb-headline-233444e8 gb-headline-text gb-headline-mt-heading\"> Formule correlate <\/h2><div class=\"gb-grid-wrapper gb-grid-wrapper-a16fa65c gb-grid-wrapper-mt-grid\"><div class=\"gb-grid-column gb-grid-column-50d07e0d\"><div class=\"gb-container gb-container-50d07e0d\"><ul><li> <a href=\"https:\/\/exceladvisor.org\/it\/se-zero-allora-vuoto\/\">Controlla IF 0 (zero), quindi vuoto in Excel<\/a><\/li><li> <a href=\"https:\/\/exceladvisor.org\/it\/se-e-1\/\">Combina le funzioni SE e AND in Excel<\/a><\/li><li> <a href=\"https:\/\/exceladvisor.org\/it\/se-o-1\/\">Combina le funzioni SE e OR in Excel<\/a><\/li><li> <a href=\"https:\/\/exceladvisor.org\/it\/se-la-cella-e-vuota\/\">SE la cella \u00e8 vuota (vuota) utilizzando SE + ISBLANK in Excel<\/a><\/li><li> <a href=\"https:\/\/exceladvisor.org\/it\/se-negativo-allora-zero\/\">SE negativo quindi zero (0) in Excel<\/a> <\/li><\/ul><\/div><\/div><div class=\"gb-grid-column gb-grid-column-5b4a0cf9\"><div class=\"gb-container gb-container-5b4a0cf9\"><\/div><\/div><\/div><\/div>","protected":false},"excerpt":{"rendered":"","protected":false},"author":1,"featured_media":0,"parent":0,"menu_order":0,"comment_status":"open","ping_status":"closed","template":"","meta":{"ub_ctt_via":"","footnotes":""},"class_list":["post-1785","page","type-page","status-publish","hentry"],"featured_image_src":null,"yoast_head":"<!-- This site is optimized with the Yoast SEO plugin v25.4 - https:\/\/yoast.com\/wordpress\/plugins\/seo\/ -->\n<title>\u25b7 Come verificare se esiste un valore in un intervallo?<\/title>\n<meta name=\"description\" content=\"In questo tutorial imparerai diversi modi per verificare se esiste un valore in un intervallo in Excel utilizzando due metodi\" \/>\n<meta name=\"robots\" content=\"index, follow, max-snippet:-1, max-image-preview:large, max-video-preview:-1\" \/>\n<link rel=\"canonical\" href=\"https:\/\/exceladvisor.org\/it\/controlla-se-esiste-un-valore-in-un-intervallo\/\" \/>\n<meta property=\"og:locale\" content=\"it_IT\" \/>\n<meta property=\"og:type\" content=\"article\" \/>\n<meta property=\"og:title\" content=\"\u25b7 Come verificare se esiste un valore in un intervallo?\" \/>\n<meta property=\"og:description\" content=\"In questo tutorial imparerai diversi modi per verificare se esiste un valore in un intervallo in Excel utilizzando due metodi\" \/>\n<meta property=\"og:url\" content=\"https:\/\/exceladvisor.org\/it\/controlla-se-esiste-un-valore-in-un-intervallo\/\" \/>\n<meta property=\"og:site_name\" content=\"Excel Advisor\" \/>\n<meta property=\"article:modified_time\" content=\"2023-12-10T06:27:00+00:00\" \/>\n<meta property=\"og:image\" content=\"https:\/\/exceladvisor.org\/wp-content\/uploads\/2023\/08\/1-liste-de-noms.png\" \/>\n<meta name=\"twitter:card\" content=\"summary_large_image\" \/>\n<meta name=\"twitter:label1\" content=\"Tempo di lettura stimato\" \/>\n\t<meta name=\"twitter:data1\" content=\"2 minuti\" \/>\n<script type=\"application\/ld+json\" class=\"yoast-schema-graph\">{\"@context\":\"https:\/\/schema.org\",\"@graph\":[{\"@type\":\"WebPage\",\"@id\":\"https:\/\/exceladvisor.org\/it\/controlla-se-esiste-un-valore-in-un-intervallo\/\",\"url\":\"https:\/\/exceladvisor.org\/it\/controlla-se-esiste-un-valore-in-un-intervallo\/\",\"name\":\"\u25b7 Come verificare se esiste un valore in un intervallo?\",\"isPartOf\":{\"@id\":\"https:\/\/exceladvisor.org\/it\/#website\"},\"primaryImageOfPage\":{\"@id\":\"https:\/\/exceladvisor.org\/it\/controlla-se-esiste-un-valore-in-un-intervallo\/#primaryimage\"},\"image\":{\"@id\":\"https:\/\/exceladvisor.org\/it\/controlla-se-esiste-un-valore-in-un-intervallo\/#primaryimage\"},\"thumbnailUrl\":\"https:\/\/exceladvisor.org\/wp-content\/uploads\/2023\/08\/1-liste-de-noms.png\",\"datePublished\":\"2023-11-05T01:44:39+00:00\",\"dateModified\":\"2023-12-10T06:27:00+00:00\",\"description\":\"In questo tutorial imparerai diversi modi per verificare se esiste un valore in un intervallo in Excel utilizzando due metodi\",\"breadcrumb\":{\"@id\":\"https:\/\/exceladvisor.org\/it\/controlla-se-esiste-un-valore-in-un-intervallo\/#breadcrumb\"},\"inLanguage\":\"it-IT\",\"potentialAction\":[{\"@type\":\"ReadAction\",\"target\":[\"https:\/\/exceladvisor.org\/it\/controlla-se-esiste-un-valore-in-un-intervallo\/\"]}]},{\"@type\":\"ImageObject\",\"inLanguage\":\"it-IT\",\"@id\":\"https:\/\/exceladvisor.org\/it\/controlla-se-esiste-un-valore-in-un-intervallo\/#primaryimage\",\"url\":\"https:\/\/exceladvisor.org\/wp-content\/uploads\/2023\/08\/1-liste-de-noms.png\",\"contentUrl\":\"https:\/\/exceladvisor.org\/wp-content\/uploads\/2023\/08\/1-liste-de-noms.png\"},{\"@type\":\"BreadcrumbList\",\"@id\":\"https:\/\/exceladvisor.org\/it\/controlla-se-esiste-un-valore-in-un-intervallo\/#breadcrumb\",\"itemListElement\":[{\"@type\":\"ListItem\",\"position\":1,\"name\":\"Home\",\"item\":\"https:\/\/exceladvisor.org\/it\/\"},{\"@type\":\"ListItem\",\"position\":2,\"name\":\"Come verificare se esiste un valore in un intervallo?\"}]},{\"@type\":\"WebSite\",\"@id\":\"https:\/\/exceladvisor.org\/it\/#website\",\"url\":\"https:\/\/exceladvisor.org\/it\/\",\"name\":\"Excel Advisor\",\"description\":\"Tips, Tricks, and Time-Saving Hacks\",\"publisher\":{\"@id\":\"https:\/\/exceladvisor.org\/it\/#organization\"},\"potentialAction\":[{\"@type\":\"SearchAction\",\"target\":{\"@type\":\"EntryPoint\",\"urlTemplate\":\"https:\/\/exceladvisor.org\/it\/?s={search_term_string}\"},\"query-input\":{\"@type\":\"PropertyValueSpecification\",\"valueRequired\":true,\"valueName\":\"search_term_string\"}}],\"inLanguage\":\"it-IT\"},{\"@type\":\"Organization\",\"@id\":\"https:\/\/exceladvisor.org\/it\/#organization\",\"name\":\"Excel Advisor\",\"url\":\"https:\/\/exceladvisor.org\/it\/\",\"logo\":{\"@type\":\"ImageObject\",\"inLanguage\":\"it-IT\",\"@id\":\"https:\/\/exceladvisor.org\/it\/#\/schema\/logo\/image\/\",\"url\":\"https:\/\/exceladvisor.org\/it\/wp-content\/uploads\/2023\/12\/exceladvisor.org_.png\",\"contentUrl\":\"https:\/\/exceladvisor.org\/it\/wp-content\/uploads\/2023\/12\/exceladvisor.org_.png\",\"width\":105,\"height\":36,\"caption\":\"Excel Advisor\"},\"image\":{\"@id\":\"https:\/\/exceladvisor.org\/it\/#\/schema\/logo\/image\/\"}}]}<\/script>\n<!-- \/ Yoast SEO plugin. -->","yoast_head_json":{"title":"\u25b7 Come verificare se esiste un valore in un intervallo?","description":"In questo tutorial imparerai diversi modi per verificare se esiste un valore in un intervallo in Excel utilizzando due metodi","robots":{"index":"index","follow":"follow","max-snippet":"max-snippet:-1","max-image-preview":"max-image-preview:large","max-video-preview":"max-video-preview:-1"},"canonical":"https:\/\/exceladvisor.org\/it\/controlla-se-esiste-un-valore-in-un-intervallo\/","og_locale":"it_IT","og_type":"article","og_title":"\u25b7 Come verificare se esiste un valore in un intervallo?","og_description":"In questo tutorial imparerai diversi modi per verificare se esiste un valore in un intervallo in Excel utilizzando due metodi","og_url":"https:\/\/exceladvisor.org\/it\/controlla-se-esiste-un-valore-in-un-intervallo\/","og_site_name":"Excel Advisor","article_modified_time":"2023-12-10T06:27:00+00:00","og_image":[{"url":"https:\/\/exceladvisor.org\/wp-content\/uploads\/2023\/08\/1-liste-de-noms.png","type":"","width":"","height":""}],"twitter_card":"summary_large_image","twitter_misc":{"Tempo di lettura stimato":"2 minuti"},"schema":{"@context":"https:\/\/schema.org","@graph":[{"@type":"WebPage","@id":"https:\/\/exceladvisor.org\/it\/controlla-se-esiste-un-valore-in-un-intervallo\/","url":"https:\/\/exceladvisor.org\/it\/controlla-se-esiste-un-valore-in-un-intervallo\/","name":"\u25b7 Come verificare se esiste un valore in un intervallo?","isPartOf":{"@id":"https:\/\/exceladvisor.org\/it\/#website"},"primaryImageOfPage":{"@id":"https:\/\/exceladvisor.org\/it\/controlla-se-esiste-un-valore-in-un-intervallo\/#primaryimage"},"image":{"@id":"https:\/\/exceladvisor.org\/it\/controlla-se-esiste-un-valore-in-un-intervallo\/#primaryimage"},"thumbnailUrl":"https:\/\/exceladvisor.org\/wp-content\/uploads\/2023\/08\/1-liste-de-noms.png","datePublished":"2023-11-05T01:44:39+00:00","dateModified":"2023-12-10T06:27:00+00:00","description":"In questo tutorial imparerai diversi modi per verificare se esiste un valore in un intervallo in Excel utilizzando due metodi","breadcrumb":{"@id":"https:\/\/exceladvisor.org\/it\/controlla-se-esiste-un-valore-in-un-intervallo\/#breadcrumb"},"inLanguage":"it-IT","potentialAction":[{"@type":"ReadAction","target":["https:\/\/exceladvisor.org\/it\/controlla-se-esiste-un-valore-in-un-intervallo\/"]}]},{"@type":"ImageObject","inLanguage":"it-IT","@id":"https:\/\/exceladvisor.org\/it\/controlla-se-esiste-un-valore-in-un-intervallo\/#primaryimage","url":"https:\/\/exceladvisor.org\/wp-content\/uploads\/2023\/08\/1-liste-de-noms.png","contentUrl":"https:\/\/exceladvisor.org\/wp-content\/uploads\/2023\/08\/1-liste-de-noms.png"},{"@type":"BreadcrumbList","@id":"https:\/\/exceladvisor.org\/it\/controlla-se-esiste-un-valore-in-un-intervallo\/#breadcrumb","itemListElement":[{"@type":"ListItem","position":1,"name":"Home","item":"https:\/\/exceladvisor.org\/it\/"},{"@type":"ListItem","position":2,"name":"Come verificare se esiste un valore in un intervallo?"}]},{"@type":"WebSite","@id":"https:\/\/exceladvisor.org\/it\/#website","url":"https:\/\/exceladvisor.org\/it\/","name":"Excel Advisor","description":"Tips, Tricks, and Time-Saving Hacks","publisher":{"@id":"https:\/\/exceladvisor.org\/it\/#organization"},"potentialAction":[{"@type":"SearchAction","target":{"@type":"EntryPoint","urlTemplate":"https:\/\/exceladvisor.org\/it\/?s={search_term_string}"},"query-input":{"@type":"PropertyValueSpecification","valueRequired":true,"valueName":"search_term_string"}}],"inLanguage":"it-IT"},{"@type":"Organization","@id":"https:\/\/exceladvisor.org\/it\/#organization","name":"Excel Advisor","url":"https:\/\/exceladvisor.org\/it\/","logo":{"@type":"ImageObject","inLanguage":"it-IT","@id":"https:\/\/exceladvisor.org\/it\/#\/schema\/logo\/image\/","url":"https:\/\/exceladvisor.org\/it\/wp-content\/uploads\/2023\/12\/exceladvisor.org_.png","contentUrl":"https:\/\/exceladvisor.org\/it\/wp-content\/uploads\/2023\/12\/exceladvisor.org_.png","width":105,"height":36,"caption":"Excel Advisor"},"image":{"@id":"https:\/\/exceladvisor.org\/it\/#\/schema\/logo\/image\/"}}]}},"yoast_meta":{"yoast_wpseo_title":"","yoast_wpseo_metadesc":"","yoast_wpseo_canonical":""},"_links":{"self":[{"href":"https:\/\/exceladvisor.org\/it\/wp-json\/wp\/v2\/pages\/1785","targetHints":{"allow":["GET"]}}],"collection":[{"href":"https:\/\/exceladvisor.org\/it\/wp-json\/wp\/v2\/pages"}],"about":[{"href":"https:\/\/exceladvisor.org\/it\/wp-json\/wp\/v2\/types\/page"}],"author":[{"embeddable":true,"href":"https:\/\/exceladvisor.org\/it\/wp-json\/wp\/v2\/users\/1"}],"replies":[{"embeddable":true,"href":"https:\/\/exceladvisor.org\/it\/wp-json\/wp\/v2\/comments?post=1785"}],"version-history":[{"count":1,"href":"https:\/\/exceladvisor.org\/it\/wp-json\/wp\/v2\/pages\/1785\/revisions"}],"predecessor-version":[{"id":2861,"href":"https:\/\/exceladvisor.org\/it\/wp-json\/wp\/v2\/pages\/1785\/revisions\/2861"}],"wp:attachment":[{"href":"https:\/\/exceladvisor.org\/it\/wp-json\/wp\/v2\/media?parent=1785"}],"curies":[{"name":"wp","href":"https:\/\/api.w.org\/{rel}","templated":true}]}}