{"id":1788,"date":"2023-11-04T19:19:59","date_gmt":"2023-11-04T19:19:59","guid":{"rendered":"https:\/\/exceladvisor.org\/it\/formule-1\/"},"modified":"2023-12-10T06:19:22","modified_gmt":"2023-12-10T06:19:22","slug":"formule-1","status":"publish","type":"page","link":"https:\/\/exceladvisor.org\/it\/formule-1\/","title":{"rendered":"7 formule di formattazione condizionale in excel"},"content":{"rendered":"<div class=\"excel-prima-del-contenuto\" id=\"excel-897495655\"><script type=\"text\/javascript\">\r\n\tatOptions = {\r\n\t\t'key' : 'c1158f160081d6540a8409e6925dab94',\r\n\t\t'format' : 'iframe',\r\n\t\t'height' : 250,\r\n\t\t'width' : 300,\r\n\t\t'params' : {}\r\n\t};\r\n<\/script>\r\n<script type=\"text\/javascript\" src=\"\/\/www.highperformanceformat.com\/c1158f160081d6540a8409e6925dab94\/invoke.js\"><\/script><\/div> <p>La parte migliore della formattazione condizionale \u00e8 che puoi utilizzare le formule al suo interno. E ha un senso molto semplice di lavorare con le formule.<\/p><p> La formula deve essere una formula logica e il risultato deve essere VERO o FALSO. Se la formula restituisce TRUE otterrai la formattazione, se FALSE niente. Il fatto \u00e8 che utilizzando le formule puoi ottenere il massimo dalla formattazione condizionale.<\/p><p> Si \u00e8 vero. Nell&#8217;esempio seguente, abbiamo utilizzato una formula in CF per verificare se il valore nella cella \u00e8 inferiore a 1000 o meno. <\/p><div class=\"wp-block-image\"><figure class=\"aligncenter\"><img decoding=\"async\" src=\"https:\/\/exceladvisor.org\/wp-content\/uploads\/2023\/08\/utiliser-des-formules-dans-la-mise-en-forme-conditionnelle-pour-verifier-si-la-valeur-est-superieure-1.png\" sizes=\"\" srcset=\"\" alt=\"utilizzare le formule nella formattazione condizionale per verificare se il valore \u00e8 maggiore\"><\/figure><\/div><p> E se questo valore \u00e8 inferiore a 1000 verr\u00e0 applicata la formattazione specificata, altrimenti no. Quindi, oggi in questo articolo, vorrei condividere con te semplici passaggi per applicare la formattazione condizionale utilizzando una formula. E alcuni degli esempi utili che puoi utilizzare nel tuo lavoro quotidiano.<\/p><h2 id=\"tab-con-1\" class=\"wp-block-heading\"> Passaggi per applicare la formattazione condizionale con le formule<\/h2><p> I passaggi per applicare CF con le formule sono abbastanza semplici:<\/p><ol><li> Seleziona l&#8217;intervallo a cui applicare la formattazione condizionale.<\/li><li> Aggiungi una formula al testo di una condizione.<\/li><li> Specificare un formato da applicare quando la condizione viene soddisfatta. <\/li><\/ol><div class=\"wp-block-image\"><figure class=\"aligncenter\"><img decoding=\"async\" src=\"https:\/\/exceladvisor.org\/wp-content\/uploads\/2023\/08\/comment-appliquer-une-mise-en-forme-conditionnelle-a-laide-dune-formule-1.png\" sizes=\"\" srcset=\"\" alt=\"come applicare la formattazione condizionale utilizzando una formula\"><\/figure><\/div><p> Per impararlo correttamente, assicurati di <a href=\"https:\/\/exceladvisor.org\/wp-content\/uploads\/2023\/08\/mise-en-forme-conditionnelle-avec-fichier-de-donnees-de-formules.xlsx\" rel=\"nofollow\">scaricare questo file di esempio da qui<\/a> e segui i passaggi dettagliati di seguito.<\/p><ul><li> Innanzitutto, seleziona l&#8217;intervallo in cui desideri applicare la formattazione condizionale. <\/li><\/ul><div class=\"wp-block-image\"><figure class=\"aligncenter\"><img decoding=\"async\" src=\"https:\/\/exceladvisor.org\/wp-content\/uploads\/2023\/08\/pour-appliquer-une-mise-en-forme-conditionnelle-a-laide-de-formules-selectionner-une-plage-1.png\" sizes=\"\" srcset=\"\" alt=\"Per applicare la formattazione condizionale utilizzando le formule, seleziona un intervallo\"><\/figure><\/div><ul><li> Successivamente, vai alla scheda Home \u279c Stili \u279c Formattazione condizionale \u279c Nuova regola \u279c Utilizza una formula per determinare quale cella formattare. <\/li><\/ul><div class=\"wp-block-image\"><figure class=\"aligncenter\"><img decoding=\"async\" src=\"https:\/\/exceladvisor.org\/wp-content\/uploads\/2023\/08\/pour-appliquer-une-mise-en-forme-conditionnelle-a-laide-de-formules-cliquez-sur-nouvelle-regle-1.png\" sizes=\"\" srcset=\"\" alt=\"Per applicare la formattazione condizionale utilizzando le formule, fare clic su Nuova regola\"><\/figure><\/div><ul><li> Ora, nella sezione \u201c <strong><span style=\"color: #000000;\">Formatta valori in cui la formula \u00e8 vera<\/span><\/strong> \u201d, inserisci la formula seguente.<\/li><\/ul><p> =E5&lt;1000 <\/p><div class=\"wp-block-image\"><figure class=\"aligncenter\"><img decoding=\"async\" src=\"https:\/\/exceladvisor.org\/wp-content\/uploads\/2023\/08\/pour-appliquer-une-mise-en-forme-conditionnelle-a-laide-de-formules-entrez-la-formule-1.png\" sizes=\"\" srcset=\"\" alt=\"Per applicare la formattazione condizionale utilizzando le formule, inserisci una formula\"><\/figure><\/div><ul><li> La prossima cosa \u00e8 specificare il formato da applicare e per questo fare clic sul pulsante Formato e selezionare il formato. <\/li><\/ul><div class=\"wp-block-image\"><figure class=\"aligncenter\"><img decoding=\"async\" src=\"https:\/\/exceladvisor.org\/wp-content\/uploads\/2023\/08\/pour-appliquer-une-mise-en-forme-conditionnelle-a-laide-de-formules-specifier-la-mise-en-forme-1.png\" sizes=\"\" srcset=\"\" alt=\"per applicare la formattazione condizionale utilizzando le formule specificare la formattazione\"><\/figure><\/div><ul><li> Alla fine, fare clic su OK.<\/li><\/ul><p> Quando si immette una formula nella finestra di dialogo CF, non \u00e8 possibile visualizzarne il risultato o se la formula \u00e8 valida o meno. Pertanto, la procedura migliore \u00e8 controllare questa formula prima di utilizzarla in CF inserendola in una cella.<\/p><h2 id=\"tab-con-3\" class=\"wp-block-heading\"> 1. Utilizza una formula basata su un&#8217;altra cella<\/h2><p> S\u00ec, puoi applicare la formattazione condizionale in base al valore di un&#8217;altra cella. Se guardi l&#8217;esempio qui sotto, aggiungiamo una formula semplice basata su un&#8217;altra cella. E se il valore di quella cella collegata soddisfa la condizione specificata, otterrai la formattazione condizionale. <\/p><div class=\"wp-block-image\"><figure class=\"aligncenter\"><img decoding=\"async\" src=\"https:\/\/exceladvisor.org\/wp-content\/uploads\/2023\/08\/appliquer-une-mise-en-forme-conditionnelle-avec-une-formule-en-utilisant-une-autre-cellule-2-1.png\" sizes=\"\" srcset=\"\" alt=\"applicare la formattazione condizionale con una formula utilizzando un'altra cella\"><\/figure><\/div><p> Quando il passaggio \u00e8 inferiore al 75%, verr\u00e0 evidenziato in rosso. <\/p><div class=\"wp-block-image\"><figure class=\"aligncenter\"><img decoding=\"async\" src=\"https:\/\/exceladvisor.org\/wp-content\/uploads\/2023\/08\/appliquer-une-mise-en-forme-conditionnelle-avec-une-formule-en-utilisant-une-autre-cellule-avec-un-pourcentage-75-1.png\" sizes=\"\" srcset=\"\" alt=\"applica la formattazione condizionale con una formula utilizzando un'altra cella con percentuale 75\"><\/figure><\/div><h2 id=\"tab-con-4\" class=\"wp-block-heading\"> 2. Formattazione condizionale con IF<\/h2><p> Ogni volta che penso alle condizioni, la prima cosa che mi viene in mente \u00e8 usare la funzione SE. E la parte migliore di questa funzione \u00e8 che si adatta perfettamente alla formattazione condizionale. Lascia che ti mostri un esempio: <\/p><div class=\"wp-block-image\"><figure class=\"aligncenter\"><img decoding=\"async\" src=\"https:\/\/exceladvisor.org\/wp-content\/uploads\/2023\/08\/utiliser-des-formules-pour-appliquer-une-mise-en-forme-conditionnelle-avec-if-1.png\" sizes=\"\" srcset=\"\" alt=\"utilizzare le formule per applicare la formattazione condizionale con if\"><\/figure><\/div><p> Qui abbiamo utilizzato IF per creare una condizione e la condizione \u00e8 quando il numero di &#8220;Fatto&#8221; nell&#8217;intervallo B3:B9 \u00e8 uguale al numero di attivit\u00e0 nell&#8217;intervallo A3:A9, quindi verr\u00e0 visualizzato lo stato finale. <\/p><div class=\"wp-block-image\"><figure class=\"aligncenter\"><img decoding=\"async\" src=\"https:\/\/exceladvisor.org\/wp-content\/uploads\/2023\/08\/cette-formule-en-formatage-conditionnel-formatera-la-cellule-lorsque-toutes-les-taches-seront-terminees-1.gif\" sizes=\"\" srcset=\"\" alt=\"questa formula nella formattazione condizionale formatter\u00e0 la cella una volta completate tutte le attivit\u00e0\"><\/figure><\/div><h2 id=\"tab-con-5\" class=\"wp-block-heading\"> 3. Formattazione condizionale con condizioni multiple<\/h2><p> Puoi creare pi\u00f9 condizioni di controllo da applicare al formato. Una volta soddisfatte tutte o parte delle condizioni, alla cella verr\u00e0 applicata la formattazione condizionale. Guarda l&#8217;esempio qui sotto in cui abbiamo utilizzato la temperatura media della mia citt\u00e0.<\/p><p> E abbiamo utilizzato una semplice combinazione SI-AND per evidenziare i mesi in cui la temperatura \u00e8 abbastanza gradevole. I mesi in cui la temperatura \u00e8 compresa tra 15 e 35 gradi Celsius saranno colorati. <\/p><div class=\"wp-block-image\"><figure class=\"aligncenter\"><img decoding=\"async\" src=\"https:\/\/exceladvisor.org\/wp-content\/uploads\/2023\/08\/utiliser-si-et-formule-dans-la-mise-en-forme-conditionnelle-pour-mettre-en-surbrillance-la-cellule-avec-des-tempratures-1.gif\" sizes=\"\" srcset=\"\" alt=\"usa if e la formula nella formattazione condizionale per evidenziare la cella con le temperature\"><\/figure><\/div><p> Allo stesso modo, puoi anche usare <a style=\"outline: none;\" href=\"https:\/\/exceladvisor.org\/it\/se-o-1\/\">if with o function<\/a> .<\/p><h2 id=\"tab-con-6\" class=\"wp-block-heading\"> 4. Evidenzia le righe alternative con formattazione condizionale<\/h2><p> Per evidenziare ciascuna riga alternativa, puoi utilizzare la seguente formula nCF.<\/p><p class=\"formula\"> =INT(MOD(RIGA(),2))<\/p><p> Usando questa formula, ogni riga con un numero dispari verr\u00e0 evidenziata. E, se vuoi fare il contrario, puoi usare la seguente formula. <\/p><div class=\"wp-block-image\"><figure class=\"aligncenter\"><img decoding=\"async\" src=\"https:\/\/exceladvisor.org\/wp-content\/uploads\/2023\/08\/tableau-avec-des-lignes-alternatives-en-surbrillance-utilisant-une-formule-dans-une-mise-en-forme-conditionnelle-1.png\" sizes=\"\" srcset=\"\" alt=\"tabella con righe alternate evidenziate utilizzando una formula in formattazione condizionale\"><\/figure><\/div><p class=\"formula\"> =INT(MOD(RIGA()+1,2))<\/p><p> Lo stesso tipo di formula pu\u00f2 essere utilizzata anche per le colonne (pari e dispari).<\/p><p class=\"formula\"> =INT(MOD(COLONNA(),2))<\/p><p> E anche per le colonne.<\/p><p class=\"formula\"> =INT(MOD(COLONNA()+1,2)) <\/p><div class=\"wp-block-image\"><figure class=\"aligncenter\"><img decoding=\"async\" src=\"https:\/\/exceladvisor.org\/wp-content\/uploads\/2023\/08\/utiliser-la-mise-en-forme-conditionnelle-mettre-en-surbrillance-la-colonne-alternative-1.gif\" sizes=\"\" srcset=\"\" alt=\"usa la formattazione condizionale evidenzia la colonna alternativa\"><\/figure><\/div><h2 id=\"tab-con-7\" class=\"wp-block-heading\"> 5. Evidenzia le celle con errori utilizzando CF<\/h2><p> Veniamo ora ad un altro esempio in cui controlleremo se una cella contiene un errore oppure no. Ci\u00f2 che dobbiamo fare \u00e8 semplicemente inserire una formula nella formattazione condizionale in grado di verificare la condizione e restituire il risultato come VERO o FALSO. Puoi anche controllare le celle per verificare la presenza di numeri, testo o alcuni valori specifici. <\/p><div class=\"wp-block-image\"><figure class=\"aligncenter\"><img decoding=\"async\" src=\"https:\/\/exceladvisor.org\/wp-content\/uploads\/2023\/08\/mettre-en-evidence-les-erreurs-des-cellules-a-laide-de-la-mise-en-forme-conditionnelle-1.png\" sizes=\"\" srcset=\"\" alt=\"evidenziare gli errori delle celle utilizzando la formattazione condizionale\"><\/figure><\/div><h2 id=\"tab-con-8\" class=\"wp-block-heading\"> 6. Crea una lista di controllo con formattazione condizionale<\/h2><p> Ora aggiungiamo un po&#8217; di creativit\u00e0 all&#8217;intelligenza. Hai gi\u00e0 imparato come utilizzare una formula basata su un&#8217;altra cella. Qui abbiamo <a href=\"https:\/\/exceladvisor.org\/it\/casella-di-controllo\/\">collegato una casella di controllo<\/a> con la cella B1 e ulteriormente collegato la B1 con la formula utilizzata nella formattazione condizionale per la cella A1. <\/p><div class=\"wp-block-image\"><figure class=\"aligncenter\"><img decoding=\"async\" src=\"https:\/\/exceladvisor.org\/wp-content\/uploads\/2023\/08\/liste-de-controle-utilisant-la-mise-en-forme-conditionnelle-et-la-case-a-cocher-1.png\" sizes=\"\" srcset=\"\" alt=\"elenco di controllo utilizzando la formattazione condizionale e la casella di controllo\"><\/figure><\/div><p> Ora, se selezioni la <a href=\"https:\/\/exceladvisor.org\/it\/casella-di-controllo\/\">casella<\/a> , il valore della cella B1 diventer\u00e0 TRUE e la cella A1 ricever\u00e0 la sua formattazione condizionale [ <a href=\"https:\/\/exceladvisor.org\/it\/asta\/\">barrato<\/a> ]. <\/p><div class=\"wp-block-image\"><figure class=\"aligncenter\"><img decoding=\"async\" src=\"https:\/\/exceladvisor.org\/wp-content\/uploads\/2023\/08\/une-liste-de-controle-dynamique-utilisant-des-formules-en-format-conditionnel-1.gif\" sizes=\"\" srcset=\"\" alt=\"una lista di controllo dinamica che utilizza formule in formato condizionale\"><\/figure><\/div><h2 id=\"tab-con-9\" class=\"wp-block-heading\"> Asporto<\/h2><ol><li> La tua formula deve essere una formula logica, che porta a un risultato VERO o FALSO.<\/li><li> Cerca di non sovraccaricare i tuoi dati con la formattazione condizionale.<\/li><li> Utilizzare sempre <a href=\"https:\/\/www.deskbright.com\/excel\/absolute-and-relative-cell-references\/\" target=\"_blank\" rel=\"noreferrer noopener\">riferimenti relativi e assoluti<\/a> in senso letterale.<\/li><\/ol><h2 id=\"tab-con-10\" class=\"wp-block-heading\"> File di esempio<\/h2><p> <a href=\"https:\/\/exceladvisor.org\/wp-content\/uploads\/2023\/08\/formules-dans-la-mise-en-forme-conditionnelle-2.xlsx\" rel=\"nofollow\">Scarica questo file di esempio qui<\/a> per saperne di pi\u00f9.<\/p><div class=\"gb-container gb-container-4db6181c gb-container-mt\"> <a class=\"gb-button gb-button-c5897111 gb-button-text gb-button-mt-button\" href=\"https:\/\/exceladvisor.org\/it\/eccellere-in-anticipo\/\">Esercitazioni avanzate su Excel<\/a><h2 class=\"gb-headline gb-headline-665e5f6b gb-headline-text gb-headline-mt-heading\"> Tutorial correlati <\/h2><div class=\"gb-grid-wrapper gb-grid-wrapper-a20baf7c gb-grid-wrapper-mt-grid\"><div class=\"gb-grid-column gb-grid-column-65ddf67e\"><div class=\"gb-container gb-container-65ddf67e\"><ul><li> <a href=\"https:\/\/exceladvisor.org\/it\/formato-automatico\/\">Opzione di formattazione automatica in Excel<\/a><\/li><li> <a href=\"https:\/\/exceladvisor.org\/it\/evidenziare-le-linee-alternate\/\">Evidenzia le righe alternative in Excel con il campione di colore<\/a><\/li><li> <a href=\"https:\/\/exceladvisor.org\/it\/giochi-di-icone\/\" data-wpil=\"url\">Utilizza set di icone in Excel (formattazione condizionale)<\/a> <\/li><\/ul><\/div><\/div><div class=\"gb-grid-column gb-grid-column-50067b57\"><div class=\"gb-container gb-container-50067b57\"><\/div><\/div><\/div><\/div>","protected":false},"excerpt":{"rendered":"","protected":false},"author":1,"featured_media":0,"parent":0,"menu_order":0,"comment_status":"open","ping_status":"closed","template":"","meta":{"ub_ctt_via":"","footnotes":""},"class_list":["post-1788","page","type-page","status-publish","hentry"],"featured_image_src":null,"yoast_head":"<!-- This site is optimized with the Yoast SEO plugin v25.4 - https:\/\/yoast.com\/wordpress\/plugins\/seo\/ -->\n<title>7 formule di formattazione condizionale in Excel (2023)<\/title>\n<meta name=\"description\" content=\"Regola n. 1: nella formattazione condizionale, la formula deve essere una formula logica e il risultato deve essere VERO o FALSO. In\" \/>\n<meta name=\"robots\" content=\"index, follow, max-snippet:-1, max-image-preview:large, max-video-preview:-1\" \/>\n<link rel=\"canonical\" href=\"https:\/\/exceladvisor.org\/it\/formule-1\/\" \/>\n<meta property=\"og:locale\" content=\"it_IT\" \/>\n<meta property=\"og:type\" content=\"article\" \/>\n<meta property=\"og:title\" content=\"7 formule di formattazione condizionale in Excel (2023)\" \/>\n<meta property=\"og:description\" content=\"Regola n. 1: nella formattazione condizionale, la formula deve essere una formula logica e il risultato deve essere VERO o FALSO. In\" \/>\n<meta property=\"og:url\" content=\"https:\/\/exceladvisor.org\/it\/formule-1\/\" \/>\n<meta property=\"og:site_name\" content=\"Excel Advisor\" \/>\n<meta property=\"article:modified_time\" content=\"2023-12-10T06:19:22+00:00\" \/>\n<meta property=\"og:image\" content=\"https:\/\/exceladvisor.org\/wp-content\/uploads\/2023\/08\/utiliser-des-formules-dans-la-mise-en-forme-conditionnelle-pour-verifier-si-la-valeur-est-superieure-1.png\" \/>\n<meta name=\"twitter:card\" content=\"summary_large_image\" \/>\n<meta name=\"twitter:label1\" content=\"Tempo di lettura stimato\" \/>\n\t<meta name=\"twitter:data1\" content=\"4 minuti\" \/>\n<script type=\"application\/ld+json\" class=\"yoast-schema-graph\">{\"@context\":\"https:\/\/schema.org\",\"@graph\":[{\"@type\":\"WebPage\",\"@id\":\"https:\/\/exceladvisor.org\/it\/formule-1\/\",\"url\":\"https:\/\/exceladvisor.org\/it\/formule-1\/\",\"name\":\"7 formule di formattazione condizionale in Excel (2023)\",\"isPartOf\":{\"@id\":\"https:\/\/exceladvisor.org\/it\/#website\"},\"primaryImageOfPage\":{\"@id\":\"https:\/\/exceladvisor.org\/it\/formule-1\/#primaryimage\"},\"image\":{\"@id\":\"https:\/\/exceladvisor.org\/it\/formule-1\/#primaryimage\"},\"thumbnailUrl\":\"https:\/\/exceladvisor.org\/wp-content\/uploads\/2023\/08\/utiliser-des-formules-dans-la-mise-en-forme-conditionnelle-pour-verifier-si-la-valeur-est-superieure-1.png\",\"datePublished\":\"2023-11-04T19:19:59+00:00\",\"dateModified\":\"2023-12-10T06:19:22+00:00\",\"description\":\"Regola n. 1: nella formattazione condizionale, la formula deve essere una formula logica e il risultato deve essere VERO o FALSO. In\",\"breadcrumb\":{\"@id\":\"https:\/\/exceladvisor.org\/it\/formule-1\/#breadcrumb\"},\"inLanguage\":\"it-IT\",\"potentialAction\":[{\"@type\":\"ReadAction\",\"target\":[\"https:\/\/exceladvisor.org\/it\/formule-1\/\"]}]},{\"@type\":\"ImageObject\",\"inLanguage\":\"it-IT\",\"@id\":\"https:\/\/exceladvisor.org\/it\/formule-1\/#primaryimage\",\"url\":\"https:\/\/exceladvisor.org\/wp-content\/uploads\/2023\/08\/utiliser-des-formules-dans-la-mise-en-forme-conditionnelle-pour-verifier-si-la-valeur-est-superieure-1.png\",\"contentUrl\":\"https:\/\/exceladvisor.org\/wp-content\/uploads\/2023\/08\/utiliser-des-formules-dans-la-mise-en-forme-conditionnelle-pour-verifier-si-la-valeur-est-superieure-1.png\"},{\"@type\":\"BreadcrumbList\",\"@id\":\"https:\/\/exceladvisor.org\/it\/formule-1\/#breadcrumb\",\"itemListElement\":[{\"@type\":\"ListItem\",\"position\":1,\"name\":\"Home\",\"item\":\"https:\/\/exceladvisor.org\/it\/\"},{\"@type\":\"ListItem\",\"position\":2,\"name\":\"7 formule di formattazione condizionale in excel\"}]},{\"@type\":\"WebSite\",\"@id\":\"https:\/\/exceladvisor.org\/it\/#website\",\"url\":\"https:\/\/exceladvisor.org\/it\/\",\"name\":\"Excel Advisor\",\"description\":\"Tips, Tricks, and Time-Saving Hacks\",\"publisher\":{\"@id\":\"https:\/\/exceladvisor.org\/it\/#organization\"},\"potentialAction\":[{\"@type\":\"SearchAction\",\"target\":{\"@type\":\"EntryPoint\",\"urlTemplate\":\"https:\/\/exceladvisor.org\/it\/?s={search_term_string}\"},\"query-input\":{\"@type\":\"PropertyValueSpecification\",\"valueRequired\":true,\"valueName\":\"search_term_string\"}}],\"inLanguage\":\"it-IT\"},{\"@type\":\"Organization\",\"@id\":\"https:\/\/exceladvisor.org\/it\/#organization\",\"name\":\"Excel Advisor\",\"url\":\"https:\/\/exceladvisor.org\/it\/\",\"logo\":{\"@type\":\"ImageObject\",\"inLanguage\":\"it-IT\",\"@id\":\"https:\/\/exceladvisor.org\/it\/#\/schema\/logo\/image\/\",\"url\":\"https:\/\/exceladvisor.org\/it\/wp-content\/uploads\/2023\/12\/exceladvisor.org_.png\",\"contentUrl\":\"https:\/\/exceladvisor.org\/it\/wp-content\/uploads\/2023\/12\/exceladvisor.org_.png\",\"width\":105,\"height\":36,\"caption\":\"Excel Advisor\"},\"image\":{\"@id\":\"https:\/\/exceladvisor.org\/it\/#\/schema\/logo\/image\/\"}}]}<\/script>\n<!-- \/ Yoast SEO plugin. -->","yoast_head_json":{"title":"7 formule di formattazione condizionale in Excel (2023)","description":"Regola n. 1: nella formattazione condizionale, la formula deve essere una formula logica e il risultato deve essere VERO o FALSO. In","robots":{"index":"index","follow":"follow","max-snippet":"max-snippet:-1","max-image-preview":"max-image-preview:large","max-video-preview":"max-video-preview:-1"},"canonical":"https:\/\/exceladvisor.org\/it\/formule-1\/","og_locale":"it_IT","og_type":"article","og_title":"7 formule di formattazione condizionale in Excel (2023)","og_description":"Regola n. 1: nella formattazione condizionale, la formula deve essere una formula logica e il risultato deve essere VERO o FALSO. In","og_url":"https:\/\/exceladvisor.org\/it\/formule-1\/","og_site_name":"Excel Advisor","article_modified_time":"2023-12-10T06:19:22+00:00","og_image":[{"url":"https:\/\/exceladvisor.org\/wp-content\/uploads\/2023\/08\/utiliser-des-formules-dans-la-mise-en-forme-conditionnelle-pour-verifier-si-la-valeur-est-superieure-1.png","type":"","width":"","height":""}],"twitter_card":"summary_large_image","twitter_misc":{"Tempo di lettura stimato":"4 minuti"},"schema":{"@context":"https:\/\/schema.org","@graph":[{"@type":"WebPage","@id":"https:\/\/exceladvisor.org\/it\/formule-1\/","url":"https:\/\/exceladvisor.org\/it\/formule-1\/","name":"7 formule di formattazione condizionale in Excel (2023)","isPartOf":{"@id":"https:\/\/exceladvisor.org\/it\/#website"},"primaryImageOfPage":{"@id":"https:\/\/exceladvisor.org\/it\/formule-1\/#primaryimage"},"image":{"@id":"https:\/\/exceladvisor.org\/it\/formule-1\/#primaryimage"},"thumbnailUrl":"https:\/\/exceladvisor.org\/wp-content\/uploads\/2023\/08\/utiliser-des-formules-dans-la-mise-en-forme-conditionnelle-pour-verifier-si-la-valeur-est-superieure-1.png","datePublished":"2023-11-04T19:19:59+00:00","dateModified":"2023-12-10T06:19:22+00:00","description":"Regola n. 1: nella formattazione condizionale, la formula deve essere una formula logica e il risultato deve essere VERO o FALSO. In","breadcrumb":{"@id":"https:\/\/exceladvisor.org\/it\/formule-1\/#breadcrumb"},"inLanguage":"it-IT","potentialAction":[{"@type":"ReadAction","target":["https:\/\/exceladvisor.org\/it\/formule-1\/"]}]},{"@type":"ImageObject","inLanguage":"it-IT","@id":"https:\/\/exceladvisor.org\/it\/formule-1\/#primaryimage","url":"https:\/\/exceladvisor.org\/wp-content\/uploads\/2023\/08\/utiliser-des-formules-dans-la-mise-en-forme-conditionnelle-pour-verifier-si-la-valeur-est-superieure-1.png","contentUrl":"https:\/\/exceladvisor.org\/wp-content\/uploads\/2023\/08\/utiliser-des-formules-dans-la-mise-en-forme-conditionnelle-pour-verifier-si-la-valeur-est-superieure-1.png"},{"@type":"BreadcrumbList","@id":"https:\/\/exceladvisor.org\/it\/formule-1\/#breadcrumb","itemListElement":[{"@type":"ListItem","position":1,"name":"Home","item":"https:\/\/exceladvisor.org\/it\/"},{"@type":"ListItem","position":2,"name":"7 formule di formattazione condizionale in excel"}]},{"@type":"WebSite","@id":"https:\/\/exceladvisor.org\/it\/#website","url":"https:\/\/exceladvisor.org\/it\/","name":"Excel Advisor","description":"Tips, Tricks, and Time-Saving Hacks","publisher":{"@id":"https:\/\/exceladvisor.org\/it\/#organization"},"potentialAction":[{"@type":"SearchAction","target":{"@type":"EntryPoint","urlTemplate":"https:\/\/exceladvisor.org\/it\/?s={search_term_string}"},"query-input":{"@type":"PropertyValueSpecification","valueRequired":true,"valueName":"search_term_string"}}],"inLanguage":"it-IT"},{"@type":"Organization","@id":"https:\/\/exceladvisor.org\/it\/#organization","name":"Excel Advisor","url":"https:\/\/exceladvisor.org\/it\/","logo":{"@type":"ImageObject","inLanguage":"it-IT","@id":"https:\/\/exceladvisor.org\/it\/#\/schema\/logo\/image\/","url":"https:\/\/exceladvisor.org\/it\/wp-content\/uploads\/2023\/12\/exceladvisor.org_.png","contentUrl":"https:\/\/exceladvisor.org\/it\/wp-content\/uploads\/2023\/12\/exceladvisor.org_.png","width":105,"height":36,"caption":"Excel Advisor"},"image":{"@id":"https:\/\/exceladvisor.org\/it\/#\/schema\/logo\/image\/"}}]}},"yoast_meta":{"yoast_wpseo_title":"","yoast_wpseo_metadesc":"","yoast_wpseo_canonical":""},"_links":{"self":[{"href":"https:\/\/exceladvisor.org\/it\/wp-json\/wp\/v2\/pages\/1788","targetHints":{"allow":["GET"]}}],"collection":[{"href":"https:\/\/exceladvisor.org\/it\/wp-json\/wp\/v2\/pages"}],"about":[{"href":"https:\/\/exceladvisor.org\/it\/wp-json\/wp\/v2\/types\/page"}],"author":[{"embeddable":true,"href":"https:\/\/exceladvisor.org\/it\/wp-json\/wp\/v2\/users\/1"}],"replies":[{"embeddable":true,"href":"https:\/\/exceladvisor.org\/it\/wp-json\/wp\/v2\/comments?post=1788"}],"version-history":[{"count":1,"href":"https:\/\/exceladvisor.org\/it\/wp-json\/wp\/v2\/pages\/1788\/revisions"}],"predecessor-version":[{"id":2238,"href":"https:\/\/exceladvisor.org\/it\/wp-json\/wp\/v2\/pages\/1788\/revisions\/2238"}],"wp:attachment":[{"href":"https:\/\/exceladvisor.org\/it\/wp-json\/wp\/v2\/media?parent=1788"}],"curies":[{"name":"wp","href":"https:\/\/api.w.org\/{rel}","templated":true}]}}