{"id":1789,"date":"2023-11-04T18:36:02","date_gmt":"2023-11-04T18:36:02","guid":{"rendered":"https:\/\/exceladvisor.org\/it\/dati-non-ruotati\/"},"modified":"2023-12-10T06:20:30","modified_gmt":"2023-12-10T06:20:30","slug":"dati-non-ruotati","status":"publish","type":"page","link":"https:\/\/exceladvisor.org\/it\/dati-non-ruotati\/","title":{"rendered":"Come annullare il pivot dei dati in excel utilizzando power query"},"content":{"rendered":"<div class=\"excel-prima-del-contenuto\" id=\"excel-479780105\"><script type=\"text\/javascript\">\r\n\tatOptions = {\r\n\t\t'key' : 'c1158f160081d6540a8409e6925dab94',\r\n\t\t'format' : 'iframe',\r\n\t\t'height' : 250,\r\n\t\t'width' : 300,\r\n\t\t'params' : {}\r\n\t};\r\n<\/script>\r\n<script type=\"text\/javascript\" src=\"\/\/www.highperformanceformat.com\/c1158f160081d6540a8409e6925dab94\/invoke.js\"><\/script><\/div> <p>I dati in formato tabella incrociata possono essere utilizzati come report perch\u00e9 sono facilmente comprensibili. Ma il problema arriva quando devi usarlo di pi\u00f9.<\/p><p> In questa situazione, devi impegnarti e dedicare il tuo tempo prezioso per renderlo riutilizzabile. Nell&#8217;esempio seguente \u00e8 possibile visualizzare i dati della tabella incrociata. Per renderlo riutilizzabile, il modo migliore \u00e8 SBLOCCARLO, s\u00ec, proprio come questo. <\/p><div class=\"wp-block-image\"><figure class=\"aligncenter\"><img decoding=\"async\" src=\"https:\/\/exceladvisor.org\/wp-content\/uploads\/2023\/08\/1-donnees-non-pivotees-avec-power-query-min-1.png\" sizes=\"\" srcset=\"\" alt=\"\"><\/figure><\/div><p> E per evitare di ruotare i dati, il modo migliore \u00e8 utilizzare POWER QUERY. Quindi, oggi in questo articolo, vorrei condividere con voi semplici passaggi per convertire i dati della tabella incrociata in una tabella utilizzando l&#8217;opzione unpivot di POWER QUERY.<\/p><h2 class=\"wp-block-heading\"> Passaggi per sbloccare i dati in Excel con Power Query<\/h2><p> Usare <strong><a style=\"outline: none;\" href=\"https:\/\/exceladvisor.org\/it\/richiesta-di-potenza\/\">Power Query<\/a><\/strong> per sbloccare una tabella di dati \u00e8 pura gioia. Rimarrai sorpreso da quanto sia facile. Ma prima di utilizzarlo \u00e8 necessario installare il componente aggiuntivo Power Query se si utilizza Excel 2013 o 2010 e in Excel 2016 \u00e8 gi\u00e0 presente come &#8220;Ottieni e trasforma&#8221;. Assicurati di <a href=\"https:\/\/exceladvisor.org\/wp-content\/uploads\/2023\/11\/non-pivoter-les-donnees-brutes.xlsx\" target=\"_blank\" rel=\"noreferrer noopener nofollow\">scaricare questo file di esempio<\/a> per seguirlo.<\/p><ul><li> Innanzitutto, seleziona i dati della tabella incrociata e vai alla scheda &#8220;Dati&#8221;. <\/li><\/ul><div class=\"wp-block-image\"><figure class=\"aligncenter\"><img decoding=\"async\" src=\"https:\/\/exceladvisor.org\/wp-content\/uploads\/2023\/08\/2-donnees-non-pivotees-avec-requete-de-puissance-selectionner-la-table-de-donnees-min-1.png\" sizes=\"\" srcset=\"\" alt=\"\"><\/figure><\/div><ul><li> Nella scheda dati, vai a Ottieni e trasforma \u2192 Da tabella. <\/li><\/ul><div class=\"wp-block-image\"><figure class=\"aligncenter\"><img decoding=\"async\" src=\"https:\/\/exceladvisor.org\/wp-content\/uploads\/2023\/08\/3-donnees-non-pivotees-avec-une-requete-de-puissance-cliquez-sur-le-tableau-min-1.png\" sizes=\"\" srcset=\"\" alt=\"\"><\/figure><\/div><ul><li> Quando fai clic su di esso, i dati della tabella incrociata verranno convertiti in una tabella Excel (se non lo \u00e8 gi\u00e0).<\/li><li> Inoltre, caricher\u00e0 immediatamente i dati nel potente editor di query. <\/li><\/ul><div class=\"wp-block-image\"><figure class=\"aligncenter\"><img decoding=\"async\" src=\"https:\/\/exceladvisor.org\/wp-content\/uploads\/2023\/08\/4-donnees-non-pivotees-avec-des-donnees-de-requete-de-puissance-dans-lediteur-min-1.png\" sizes=\"\" srcset=\"\" alt=\"\"><\/figure><\/div><ul><li> Da qui dobbiamo selezionare tutte le colonne che vogliamo annullare.<\/li><li> Per fare ci\u00f2, seleziona la colonna Jan, tieni premuto Shift e seleziona la colonna Dec.<\/li><li> Successivamente, fai clic destro su di esso e seleziona &#8220;Colonne Unpivot&#8221;. <\/li><\/ul><div class=\"wp-block-image\"><figure class=\"aligncenter\"><img decoding=\"async\" src=\"https:\/\/exceladvisor.org\/wp-content\/uploads\/2023\/08\/5-donnees-non-pivotees-avec-power-query-click-colonnes-non-pivotees-min-1.png\" sizes=\"\" srcset=\"\" alt=\"\"><\/figure><\/div><ul><li> Ora le 12 colonne non vengono ruotate in due colonne. Uno \u00e8 per il mese e l&#8217;altro \u00e8 per l&#8217;importo. <\/li><\/ul><div class=\"wp-block-image\"><figure class=\"aligncenter\"><img decoding=\"async\" src=\"https:\/\/exceladvisor.org\/wp-content\/uploads\/2023\/08\/6-donnees-non-pivotees-avec-requete-de-puissance-effectuee-min-1.png\" sizes=\"\" srcset=\"\" alt=\"\"><\/figure><\/div><ul><li> L&#8217;ultima cosa che devi fare \u00e8 rinominare le colonne.<\/li><li> Per fare ci\u00f2, fare clic con il tasto destro sulla colonna e rinominarla (per entrambi). <\/li><\/ul><div class=\"wp-block-image\"><figure class=\"aligncenter\"><img decoding=\"async\" src=\"https:\/\/exceladvisor.org\/wp-content\/uploads\/2023\/08\/7-donnees-non-pivotees-avec-power-query-renommer-la-colonne-min-1.png\" sizes=\"\" srcset=\"\" alt=\"\"><\/figure><\/div><ul><li> Alla fine clicca su <strong>\u201cChiudi e carica\u201d<\/strong> . <\/li><\/ul><div class=\"wp-block-image\"><figure class=\"aligncenter\"><img decoding=\"async\" src=\"https:\/\/exceladvisor.org\/wp-content\/uploads\/2023\/08\/8-donnees-non-pivotees-avec-fermeture-de-requete-de-puissance-et-charge-min-1.png\" sizes=\"\" srcset=\"\" alt=\"\"><\/figure><\/div><p> Ora i dati della tabella incrociata vengono convertiti in dati semplici e puoi utilizzarli per creare tabelle pivot e tutte le altre cose per ulteriori analisi e report sulle vendite. <\/p><div class=\"wp-block-image\"><figure class=\"aligncenter\"><img decoding=\"async\" src=\"https:\/\/exceladvisor.org\/wp-content\/uploads\/2023\/08\/9-donnees-non-pivotees-avec-power-query-nouvelles-donnees-dans-la-feuille-min-1.png\" sizes=\"\" srcset=\"\" alt=\"\"><\/figure><\/div><h2 class=\"wp-block-heading\"> Conclusione<\/h2><p> Come ho detto, usare PowerQuery \u00e8 divertente. Ci\u00f2 rende il tuo lavoro senza perno molto pi\u00f9 semplice da non dover sprecare tempo e fatica.<\/p><p> Altrimenti, se opti per i metodi manuali, non sai quante volte dovrai tagliare e incollare i tuoi dati. Anche se usi VBA, hai bisogno di tempo per scrivere il codice.<\/p><p> E PowerQuery \u00e8 abbastanza intelligente da comprendere la struttura dei tuoi dati.<\/p><p> Spero che tu abbia trovato utile questo metodo.<\/p><p> <em>Ora dimmi una cosa. Hai mai provato a disorientare qualsiasi tipo di dato? Che metodo hai utilizzato? E cosa ne pensi confrontando il tuo metodo con Power query? Condividi i tuoi pensieri con me nella sezione commenti, mi piacerebbe sentire la tua opinione.<\/em><\/p><p> E non dimenticare di condividere questo suggerimento con i tuoi amici.<\/p><div class=\"gb-container gb-container-9e2850fe gb-container-mt\"> <a class=\"gb-button gb-button-71636faa gb-button-text gb-button-mt-button\" href=\"https:\/\/exceladvisor.org\/it\/richiesta-di-potenza\/\">PowerQuery in Excel (esercitazione)<\/a><h2 class=\"gb-headline gb-headline-c566b2ed gb-headline-text gb-headline-mt-heading\"> Tutorial correlati <\/h2><div class=\"gb-grid-wrapper gb-grid-wrapper-b15ed1bf gb-grid-wrapper-mt-grid\"><div class=\"gb-grid-column gb-grid-column-6e9de105\"><div class=\"gb-container gb-container-6e9de105\"><ul><li> Unisci [Combina] pi\u00f9 FILE Excel in UN UNICO NOTEBOOK<\/li><li> <a href=\"https:\/\/exceladvisor.org\/it\/cercav-2\/\">Esegui CERCA.VERT in Power Query in Excel<\/a><\/li><li> <a href=\"https:\/\/exceladvisor.org\/it\/catena\/\">Power Query: concatena valori (testo e numeri)<\/a><\/li><li> <a href=\"https:\/\/exceladvisor.org\/it\/differenza-di-date\/\">Power query: differenza di data<\/a><\/li><\/ul><\/div><\/div><\/div><\/div>","protected":false},"excerpt":{"rendered":"","protected":false},"author":1,"featured_media":0,"parent":0,"menu_order":0,"comment_status":"open","ping_status":"closed","template":"","meta":{"ub_ctt_via":"","footnotes":""},"class_list":["post-1789","page","type-page","status-publish","hentry"],"featured_image_src":null,"yoast_head":"<!-- This site is optimized with the Yoast SEO plugin v25.4 - https:\/\/yoast.com\/wordpress\/plugins\/seo\/ -->\n<title>Come annullare il pivot dei dati utilizzando Power Query<\/title>\n<meta name=\"description\" content=\"Power Query \u00e8 il modo migliore per annullare il pivot dei dati in Excel. Bastano pochi clic per convertire...\" \/>\n<meta name=\"robots\" content=\"index, follow, max-snippet:-1, max-image-preview:large, max-video-preview:-1\" \/>\n<link rel=\"canonical\" href=\"https:\/\/exceladvisor.org\/it\/dati-non-ruotati\/\" \/>\n<meta property=\"og:locale\" content=\"it_IT\" \/>\n<meta property=\"og:type\" content=\"article\" \/>\n<meta property=\"og:title\" content=\"Come annullare il pivot dei dati utilizzando Power Query\" \/>\n<meta property=\"og:description\" content=\"Power Query \u00e8 il modo migliore per annullare il pivot dei dati in Excel. Bastano pochi clic per convertire...\" \/>\n<meta property=\"og:url\" content=\"https:\/\/exceladvisor.org\/it\/dati-non-ruotati\/\" \/>\n<meta property=\"og:site_name\" content=\"Excel Advisor\" \/>\n<meta property=\"article:modified_time\" content=\"2023-12-10T06:20:30+00:00\" \/>\n<meta property=\"og:image\" content=\"https:\/\/exceladvisor.org\/wp-content\/uploads\/2023\/08\/1-donnees-non-pivotees-avec-power-query-min-1.png\" \/>\n<meta name=\"twitter:card\" content=\"summary_large_image\" \/>\n<meta name=\"twitter:label1\" content=\"Tempo di lettura stimato\" \/>\n\t<meta name=\"twitter:data1\" content=\"2 minuti\" \/>\n<script type=\"application\/ld+json\" class=\"yoast-schema-graph\">{\"@context\":\"https:\/\/schema.org\",\"@graph\":[{\"@type\":\"WebPage\",\"@id\":\"https:\/\/exceladvisor.org\/it\/dati-non-ruotati\/\",\"url\":\"https:\/\/exceladvisor.org\/it\/dati-non-ruotati\/\",\"name\":\"Come annullare il pivot dei dati utilizzando Power Query\",\"isPartOf\":{\"@id\":\"https:\/\/exceladvisor.org\/it\/#website\"},\"primaryImageOfPage\":{\"@id\":\"https:\/\/exceladvisor.org\/it\/dati-non-ruotati\/#primaryimage\"},\"image\":{\"@id\":\"https:\/\/exceladvisor.org\/it\/dati-non-ruotati\/#primaryimage\"},\"thumbnailUrl\":\"https:\/\/exceladvisor.org\/wp-content\/uploads\/2023\/08\/1-donnees-non-pivotees-avec-power-query-min-1.png\",\"datePublished\":\"2023-11-04T18:36:02+00:00\",\"dateModified\":\"2023-12-10T06:20:30+00:00\",\"description\":\"Power Query \u00e8 il modo migliore per annullare il pivot dei dati in Excel. Bastano pochi clic per convertire...\",\"breadcrumb\":{\"@id\":\"https:\/\/exceladvisor.org\/it\/dati-non-ruotati\/#breadcrumb\"},\"inLanguage\":\"it-IT\",\"potentialAction\":[{\"@type\":\"ReadAction\",\"target\":[\"https:\/\/exceladvisor.org\/it\/dati-non-ruotati\/\"]}]},{\"@type\":\"ImageObject\",\"inLanguage\":\"it-IT\",\"@id\":\"https:\/\/exceladvisor.org\/it\/dati-non-ruotati\/#primaryimage\",\"url\":\"https:\/\/exceladvisor.org\/wp-content\/uploads\/2023\/08\/1-donnees-non-pivotees-avec-power-query-min-1.png\",\"contentUrl\":\"https:\/\/exceladvisor.org\/wp-content\/uploads\/2023\/08\/1-donnees-non-pivotees-avec-power-query-min-1.png\"},{\"@type\":\"BreadcrumbList\",\"@id\":\"https:\/\/exceladvisor.org\/it\/dati-non-ruotati\/#breadcrumb\",\"itemListElement\":[{\"@type\":\"ListItem\",\"position\":1,\"name\":\"Home\",\"item\":\"https:\/\/exceladvisor.org\/it\/\"},{\"@type\":\"ListItem\",\"position\":2,\"name\":\"Come annullare il pivot dei dati in excel utilizzando power query\"}]},{\"@type\":\"WebSite\",\"@id\":\"https:\/\/exceladvisor.org\/it\/#website\",\"url\":\"https:\/\/exceladvisor.org\/it\/\",\"name\":\"Excel Advisor\",\"description\":\"Tips, Tricks, and Time-Saving Hacks\",\"publisher\":{\"@id\":\"https:\/\/exceladvisor.org\/it\/#organization\"},\"potentialAction\":[{\"@type\":\"SearchAction\",\"target\":{\"@type\":\"EntryPoint\",\"urlTemplate\":\"https:\/\/exceladvisor.org\/it\/?s={search_term_string}\"},\"query-input\":{\"@type\":\"PropertyValueSpecification\",\"valueRequired\":true,\"valueName\":\"search_term_string\"}}],\"inLanguage\":\"it-IT\"},{\"@type\":\"Organization\",\"@id\":\"https:\/\/exceladvisor.org\/it\/#organization\",\"name\":\"Excel Advisor\",\"url\":\"https:\/\/exceladvisor.org\/it\/\",\"logo\":{\"@type\":\"ImageObject\",\"inLanguage\":\"it-IT\",\"@id\":\"https:\/\/exceladvisor.org\/it\/#\/schema\/logo\/image\/\",\"url\":\"https:\/\/exceladvisor.org\/it\/wp-content\/uploads\/2023\/12\/exceladvisor.org_.png\",\"contentUrl\":\"https:\/\/exceladvisor.org\/it\/wp-content\/uploads\/2023\/12\/exceladvisor.org_.png\",\"width\":105,\"height\":36,\"caption\":\"Excel Advisor\"},\"image\":{\"@id\":\"https:\/\/exceladvisor.org\/it\/#\/schema\/logo\/image\/\"}}]}<\/script>\n<!-- \/ Yoast SEO plugin. -->","yoast_head_json":{"title":"Come annullare il pivot dei dati utilizzando Power Query","description":"Power Query \u00e8 il modo migliore per annullare il pivot dei dati in Excel. Bastano pochi clic per convertire...","robots":{"index":"index","follow":"follow","max-snippet":"max-snippet:-1","max-image-preview":"max-image-preview:large","max-video-preview":"max-video-preview:-1"},"canonical":"https:\/\/exceladvisor.org\/it\/dati-non-ruotati\/","og_locale":"it_IT","og_type":"article","og_title":"Come annullare il pivot dei dati utilizzando Power Query","og_description":"Power Query \u00e8 il modo migliore per annullare il pivot dei dati in Excel. Bastano pochi clic per convertire...","og_url":"https:\/\/exceladvisor.org\/it\/dati-non-ruotati\/","og_site_name":"Excel Advisor","article_modified_time":"2023-12-10T06:20:30+00:00","og_image":[{"url":"https:\/\/exceladvisor.org\/wp-content\/uploads\/2023\/08\/1-donnees-non-pivotees-avec-power-query-min-1.png","type":"","width":"","height":""}],"twitter_card":"summary_large_image","twitter_misc":{"Tempo di lettura stimato":"2 minuti"},"schema":{"@context":"https:\/\/schema.org","@graph":[{"@type":"WebPage","@id":"https:\/\/exceladvisor.org\/it\/dati-non-ruotati\/","url":"https:\/\/exceladvisor.org\/it\/dati-non-ruotati\/","name":"Come annullare il pivot dei dati utilizzando Power Query","isPartOf":{"@id":"https:\/\/exceladvisor.org\/it\/#website"},"primaryImageOfPage":{"@id":"https:\/\/exceladvisor.org\/it\/dati-non-ruotati\/#primaryimage"},"image":{"@id":"https:\/\/exceladvisor.org\/it\/dati-non-ruotati\/#primaryimage"},"thumbnailUrl":"https:\/\/exceladvisor.org\/wp-content\/uploads\/2023\/08\/1-donnees-non-pivotees-avec-power-query-min-1.png","datePublished":"2023-11-04T18:36:02+00:00","dateModified":"2023-12-10T06:20:30+00:00","description":"Power Query \u00e8 il modo migliore per annullare il pivot dei dati in Excel. Bastano pochi clic per convertire...","breadcrumb":{"@id":"https:\/\/exceladvisor.org\/it\/dati-non-ruotati\/#breadcrumb"},"inLanguage":"it-IT","potentialAction":[{"@type":"ReadAction","target":["https:\/\/exceladvisor.org\/it\/dati-non-ruotati\/"]}]},{"@type":"ImageObject","inLanguage":"it-IT","@id":"https:\/\/exceladvisor.org\/it\/dati-non-ruotati\/#primaryimage","url":"https:\/\/exceladvisor.org\/wp-content\/uploads\/2023\/08\/1-donnees-non-pivotees-avec-power-query-min-1.png","contentUrl":"https:\/\/exceladvisor.org\/wp-content\/uploads\/2023\/08\/1-donnees-non-pivotees-avec-power-query-min-1.png"},{"@type":"BreadcrumbList","@id":"https:\/\/exceladvisor.org\/it\/dati-non-ruotati\/#breadcrumb","itemListElement":[{"@type":"ListItem","position":1,"name":"Home","item":"https:\/\/exceladvisor.org\/it\/"},{"@type":"ListItem","position":2,"name":"Come annullare il pivot dei dati in excel utilizzando power query"}]},{"@type":"WebSite","@id":"https:\/\/exceladvisor.org\/it\/#website","url":"https:\/\/exceladvisor.org\/it\/","name":"Excel Advisor","description":"Tips, Tricks, and Time-Saving Hacks","publisher":{"@id":"https:\/\/exceladvisor.org\/it\/#organization"},"potentialAction":[{"@type":"SearchAction","target":{"@type":"EntryPoint","urlTemplate":"https:\/\/exceladvisor.org\/it\/?s={search_term_string}"},"query-input":{"@type":"PropertyValueSpecification","valueRequired":true,"valueName":"search_term_string"}}],"inLanguage":"it-IT"},{"@type":"Organization","@id":"https:\/\/exceladvisor.org\/it\/#organization","name":"Excel Advisor","url":"https:\/\/exceladvisor.org\/it\/","logo":{"@type":"ImageObject","inLanguage":"it-IT","@id":"https:\/\/exceladvisor.org\/it\/#\/schema\/logo\/image\/","url":"https:\/\/exceladvisor.org\/it\/wp-content\/uploads\/2023\/12\/exceladvisor.org_.png","contentUrl":"https:\/\/exceladvisor.org\/it\/wp-content\/uploads\/2023\/12\/exceladvisor.org_.png","width":105,"height":36,"caption":"Excel Advisor"},"image":{"@id":"https:\/\/exceladvisor.org\/it\/#\/schema\/logo\/image\/"}}]}},"yoast_meta":{"yoast_wpseo_title":"","yoast_wpseo_metadesc":"","yoast_wpseo_canonical":""},"_links":{"self":[{"href":"https:\/\/exceladvisor.org\/it\/wp-json\/wp\/v2\/pages\/1789","targetHints":{"allow":["GET"]}}],"collection":[{"href":"https:\/\/exceladvisor.org\/it\/wp-json\/wp\/v2\/pages"}],"about":[{"href":"https:\/\/exceladvisor.org\/it\/wp-json\/wp\/v2\/types\/page"}],"author":[{"embeddable":true,"href":"https:\/\/exceladvisor.org\/it\/wp-json\/wp\/v2\/users\/1"}],"replies":[{"embeddable":true,"href":"https:\/\/exceladvisor.org\/it\/wp-json\/wp\/v2\/comments?post=1789"}],"version-history":[{"count":1,"href":"https:\/\/exceladvisor.org\/it\/wp-json\/wp\/v2\/pages\/1789\/revisions"}],"predecessor-version":[{"id":2307,"href":"https:\/\/exceladvisor.org\/it\/wp-json\/wp\/v2\/pages\/1789\/revisions\/2307"}],"wp:attachment":[{"href":"https:\/\/exceladvisor.org\/it\/wp-json\/wp\/v2\/media?parent=1789"}],"curies":[{"name":"wp","href":"https:\/\/api.w.org\/{rel}","templated":true}]}}