{"id":1798,"date":"2023-11-04T02:35:45","date_gmt":"2023-11-04T02:35:45","guid":{"rendered":"https:\/\/exceladvisor.org\/it\/filtro-orizzontale\/"},"modified":"2023-12-10T06:23:07","modified_gmt":"2023-12-10T06:23:07","slug":"filtro-orizzontale","status":"publish","type":"page","link":"https:\/\/exceladvisor.org\/it\/filtro-orizzontale\/","title":{"rendered":"Come creare un filtro orizzontale in excel?"},"content":{"rendered":"<div class=\"excel-prima-del-contenuto\" id=\"excel-4230606350\"><script type=\"text\/javascript\">\r\n\tatOptions = {\r\n\t\t'key' : 'c1158f160081d6540a8409e6925dab94',\r\n\t\t'format' : 'iframe',\r\n\t\t'height' : 250,\r\n\t\t'width' : 300,\r\n\t\t'params' : {}\r\n\t};\r\n<\/script>\r\n<script type=\"text\/javascript\" src=\"\/\/www.highperformanceformat.com\/c1158f160081d6540a8409e6925dab94\/invoke.js\"><\/script><\/div> <p>Per utilizzare un filtro orizzontalmente in Excel, \u00e8 necessario utilizzare la funzione FILTRO che consente di filtrare una tabella in base ai criteri specificati nella funzione. \u00c8 possibile specificare una tabella e quindi, utilizzando il nome della riga, specificare i criteri da filtrare.<\/p><p> Nell&#8217;esempio seguente, hai un piccolo set di dati in cui sono presenti il nome e l&#8217;et\u00e0 in forma orizzontale (le intestazioni sono in righe). Ora dobbiamo filtrare i dati in base all&#8217;et\u00e0 quando l&#8217;et\u00e0 \u00e8 superiore a 45 anni. <\/p><div class=\"wp-block-image\"><figure class=\"aligncenter size-full is-resized\"><img loading=\"lazy\" decoding=\"async\" class=\"wp-image-69883\" src=\"https:\/\/exceladvisor.org\/wp-content\/uploads\/2023\/08\/1-donnees-sous-forme-horizontale.png\" sizes=\"auto, \" srcset=\"\" alt=\"dati in forma orizzontale\" width=\"740\" height=\"390\"><\/figure><\/div><p> Qui abbiamo un nome e un&#8217;et\u00e0 totale di 40 persone, il che significa che l&#8217;intervallo che abbiamo con nome ed et\u00e0 \u00e8 A1:AO2. In quali celle A1 e B1 sono le intestazioni.<\/p><h2 class=\"wp-block-heading\"> Passaggi per applicare il filtro orizzontale in Excel<\/h2><ol type=\"1\"><li> Nella cella D2, inizia ad aggiungere la funzione di filtro.<\/li><li> Da qui, nel primo argomento, fare riferimento all&#8217;intervallo B2:AO2 dove abbiamo i dati effettivi che dobbiamo filtrare.<\/li><li> Ora nel secondo argomento fai riferimento all&#8217;intervallo in cui abbiamo il valore dell&#8217;et\u00e0.<\/li><li> Successivamente, inserisci maggiore di e uguale all&#8217;operatore.<\/li><li> Successivamente, inserisci i 45 che vogliamo utilizzare come criterio.<\/li><li> Nel terzo argomento puoi specificare un valore da utilizzare per le celle in cui non \u00e8 presente alcun valore.<\/li><li> Alla fine, inserisci le parentesi di chiusura e premi Invio per ottenere i dati filtrati. <\/li><\/ol><div class=\"wp-block-image\"><figure class=\"aligncenter size-full is-resized\"><img loading=\"lazy\" decoding=\"async\" class=\"wp-image-69884\" src=\"https:\/\/exceladvisor.org\/wp-content\/uploads\/2023\/08\/2-appliquer-le-filtre-horizontal.png\" sizes=\"auto, \" srcset=\"\" alt=\"applica-filtro-orizzontale\" width=\"734\" height=\"407\"><\/figure><\/div><p> Come puoi vedere, i dati sono filtrati rispetto ai dati originali che abbiamo in formato orizzontale.<\/p><pre class=\"wp-block-code\"> <code class=\"language-excel-formula\" lang=\"excel-formula\">=FILTER(B1:AO2,B2:AO2&gt;=45)<\/code><\/pre><h2 class=\"wp-block-heading\"> Come funziona questa formula?<\/h2><p> Prima di provare a comprendere questa formula, dobbiamo sapere che FILTRO \u00e8 una funzione DINAMICA che consente di lavorare con pi\u00f9 valori contemporaneamente in un&#8217;unica formula e quindi restituire valori in pi\u00f9 celle.<\/p><p> Separiamo ora questa funzione in due parti per capirlo: <\/p><div class=\"wp-block-image\"><figure class=\"aligncenter size-full is-resized\"><img loading=\"lazy\" decoding=\"async\" class=\"wp-image-69885\" src=\"https:\/\/exceladvisor.org\/wp-content\/uploads\/2023\/08\/3-comment-fonctionne-le-filtre-horizontal.png\" sizes=\"auto, \" srcset=\"\" alt=\"come-funziona-il-filtro-orizzontale\" width=\"713\" height=\"376\"><\/figure><\/div><p> Nella prima parte abbiamo fatto riferimento a tutta la gamma in cui abbiamo il nome e l&#8217;et\u00e0, ovvero B1:AO2. Quando fai riferimento ad esso, dice a Excel di prendere due tabelle diverse perch\u00e9 abbiamo le righe A e B.<\/p><p> Adesso nella seconda parte ci siamo riferiti solo alla colonna et\u00e0 e con quella abbiamo specificato una condizione da testare che sia uguale e maggiore di 45.<\/p><p> Ora tutta la magia di questa funzione \u00e8 in questa parte. Quando si specifica una condizione da filtrare, verifica ogni valore nella colonna et\u00e0. <\/p><div class=\"wp-block-image\"><figure class=\"aligncenter size-full is-resized\"><img loading=\"lazy\" decoding=\"async\" class=\"wp-image-69886\" src=\"https:\/\/exceladvisor.org\/wp-content\/uploads\/2023\/08\/4-tests-de-filtre-horizontaux-pour-chaque-valeur.png\" sizes=\"auto, \" srcset=\"\" alt=\"filtro-orizzontale-testa-ogni-valore\" width=\"771\" height=\"303\"><\/figure><\/div><p> Durante il test, trova solo tre valori maggiori o uguali a 45 nella colonna dell&#8217;et\u00e0. E questo dice alla funzione FILTER che ci sono tre valori che dobbiamo filtrare.<\/p><p> Come ho detto, questa \u00e8 una funzione dinamica quando si seleziona una qualsiasi delle celle dal set di dati filtrati evidenziato. <\/p><div class=\"wp-block-image\"><figure class=\"aligncenter size-full is-resized\"><img loading=\"lazy\" decoding=\"async\" class=\"wp-image-69887\" src=\"https:\/\/exceladvisor.org\/wp-content\/uploads\/2023\/08\/5-filtres-dynamiques-horizontaux.png\" sizes=\"auto, \" srcset=\"\" alt=\"filtro dinamico orizzontale\" width=\"667\" height=\"280\"><\/figure><\/div><p> Puoi anche andare oltre e trasporre i dati e filtrare i dati orizzontali e trasporli in dati verticali utilizzando la funzione di trasposizione. <\/p><div class=\"wp-block-image\"><figure class=\"aligncenter size-full is-resized\"><img loading=\"lazy\" decoding=\"async\" class=\"wp-image-69888\" src=\"https:\/\/exceladvisor.org\/wp-content\/uploads\/2023\/08\/6-donnees-de-filtrage-et-de-transponse.png\" sizes=\"auto, \" srcset=\"\" alt=\"filtrare e transporre i dati\" width=\"641\" height=\"442\"><\/figure><\/div><p> Devi solo racchiudere la funzione di filtro nella funzione di trasposizione. <\/p><div class=\"gb-container gb-container-52dfcee1 gb-container-sample-file\"><h2 class=\"gb-headline gb-headline-e289c143 gb-headline-text gb-headline-4f7959c2\"> Ottieni il file Excel<\/h2> <a class=\"gb-button gb-button-e88d6bee gb-button-text gb-button-button1\" href=\"https:\/\/exceladvisor.org\/wp-content\/uploads\/2023\/11\/filtre-horizontal-2.xlsx\" rel=\"nofollow\">Scaricamento<\/a><\/div><div class=\"gb-container gb-container-0df56012 gb-container-mt\"> <a class=\"gb-button gb-button-f9f432f4 gb-button-text gb-button-mt-button\" href=\"https:\/\/exceladvisor.org\/it\/formule\/\">Elenco delle formule di Excel<\/a><h2 class=\"gb-headline gb-headline-233444e8 gb-headline-text gb-headline-mt-heading\"> Formule correlate <\/h2><div class=\"gb-grid-wrapper gb-grid-wrapper-a16fa65c gb-grid-wrapper-mt-grid\"><div class=\"gb-grid-column gb-grid-column-50d07e0d\"><div class=\"gb-container gb-container-50d07e0d\"><ul><li> <a href=\"https:\/\/exceladvisor.org\/it\/stelle\/\">Crea un modello di valutazione a stelle in Excel<\/a><\/li><li> <a href=\"https:\/\/exceladvisor.org\/it\/ottenere-il-nome-del-file\/\">Ottieni il nome del file in Excel<\/a><\/li><li> <a href=\"https:\/\/exceladvisor.org\/it\/ottieni-il-nome-del-foglio\/\">Ottieni il nome del foglio in Excel<\/a><\/li><li> <a href=\"https:\/\/exceladvisor.org\/it\/generare-lettere-casuali\/\">Genera rapidamente lettere casuali in Excel<\/a><\/li><li> <a href=\"https:\/\/exceladvisor.org\/it\/randomizzare-lelenco\/\">Randomizza un elenco (ordinamento casuale) in Excel<\/a><\/li><\/ul><\/div><\/div><\/div><\/div>","protected":false},"excerpt":{"rendered":"","protected":false},"author":1,"featured_media":0,"parent":0,"menu_order":0,"comment_status":"open","ping_status":"closed","template":"","meta":{"ub_ctt_via":"","footnotes":""},"class_list":["post-1798","page","type-page","status-publish","hentry"],"featured_image_src":null,"yoast_head":"<!-- This site is optimized with the Yoast SEO plugin v25.4 - https:\/\/yoast.com\/wordpress\/plugins\/seo\/ -->\n<title>Come creare un filtro orizzontale in Excel? - Consulente Excel<\/title>\n<meta name=\"description\" content=\"In questo tutorial impareremo come creare una formula che possa aiutarti ad applicare un filtro orizzontale, utilizzeremo il\" \/>\n<meta name=\"robots\" content=\"index, follow, max-snippet:-1, max-image-preview:large, max-video-preview:-1\" \/>\n<link rel=\"canonical\" href=\"https:\/\/exceladvisor.org\/it\/filtro-orizzontale\/\" \/>\n<meta property=\"og:locale\" content=\"it_IT\" \/>\n<meta property=\"og:type\" content=\"article\" \/>\n<meta property=\"og:title\" content=\"Come creare un filtro orizzontale in Excel? - Consulente Excel\" \/>\n<meta property=\"og:description\" content=\"In questo tutorial impareremo come creare una formula che possa aiutarti ad applicare un filtro orizzontale, utilizzeremo il\" \/>\n<meta property=\"og:url\" content=\"https:\/\/exceladvisor.org\/it\/filtro-orizzontale\/\" \/>\n<meta property=\"og:site_name\" content=\"Excel Advisor\" \/>\n<meta property=\"article:modified_time\" content=\"2023-12-10T06:23:07+00:00\" \/>\n<meta property=\"og:image\" content=\"https:\/\/exceladvisor.org\/wp-content\/uploads\/2023\/08\/1-donnees-sous-forme-horizontale.png\" \/>\n<meta name=\"twitter:card\" content=\"summary_large_image\" \/>\n<meta name=\"twitter:label1\" content=\"Tempo di lettura stimato\" \/>\n\t<meta name=\"twitter:data1\" content=\"2 minuti\" \/>\n<script type=\"application\/ld+json\" class=\"yoast-schema-graph\">{\"@context\":\"https:\/\/schema.org\",\"@graph\":[{\"@type\":\"WebPage\",\"@id\":\"https:\/\/exceladvisor.org\/it\/filtro-orizzontale\/\",\"url\":\"https:\/\/exceladvisor.org\/it\/filtro-orizzontale\/\",\"name\":\"Come creare un filtro orizzontale in Excel? - Consulente Excel\",\"isPartOf\":{\"@id\":\"https:\/\/exceladvisor.org\/it\/#website\"},\"primaryImageOfPage\":{\"@id\":\"https:\/\/exceladvisor.org\/it\/filtro-orizzontale\/#primaryimage\"},\"image\":{\"@id\":\"https:\/\/exceladvisor.org\/it\/filtro-orizzontale\/#primaryimage\"},\"thumbnailUrl\":\"https:\/\/exceladvisor.org\/wp-content\/uploads\/2023\/08\/1-donnees-sous-forme-horizontale.png\",\"datePublished\":\"2023-11-04T02:35:45+00:00\",\"dateModified\":\"2023-12-10T06:23:07+00:00\",\"description\":\"In questo tutorial impareremo come creare una formula che possa aiutarti ad applicare un filtro orizzontale, utilizzeremo il\",\"breadcrumb\":{\"@id\":\"https:\/\/exceladvisor.org\/it\/filtro-orizzontale\/#breadcrumb\"},\"inLanguage\":\"it-IT\",\"potentialAction\":[{\"@type\":\"ReadAction\",\"target\":[\"https:\/\/exceladvisor.org\/it\/filtro-orizzontale\/\"]}]},{\"@type\":\"ImageObject\",\"inLanguage\":\"it-IT\",\"@id\":\"https:\/\/exceladvisor.org\/it\/filtro-orizzontale\/#primaryimage\",\"url\":\"https:\/\/exceladvisor.org\/wp-content\/uploads\/2023\/08\/1-donnees-sous-forme-horizontale.png\",\"contentUrl\":\"https:\/\/exceladvisor.org\/wp-content\/uploads\/2023\/08\/1-donnees-sous-forme-horizontale.png\"},{\"@type\":\"BreadcrumbList\",\"@id\":\"https:\/\/exceladvisor.org\/it\/filtro-orizzontale\/#breadcrumb\",\"itemListElement\":[{\"@type\":\"ListItem\",\"position\":1,\"name\":\"Home\",\"item\":\"https:\/\/exceladvisor.org\/it\/\"},{\"@type\":\"ListItem\",\"position\":2,\"name\":\"Come creare un filtro orizzontale in excel?\"}]},{\"@type\":\"WebSite\",\"@id\":\"https:\/\/exceladvisor.org\/it\/#website\",\"url\":\"https:\/\/exceladvisor.org\/it\/\",\"name\":\"Excel Advisor\",\"description\":\"Tips, Tricks, and Time-Saving Hacks\",\"publisher\":{\"@id\":\"https:\/\/exceladvisor.org\/it\/#organization\"},\"potentialAction\":[{\"@type\":\"SearchAction\",\"target\":{\"@type\":\"EntryPoint\",\"urlTemplate\":\"https:\/\/exceladvisor.org\/it\/?s={search_term_string}\"},\"query-input\":{\"@type\":\"PropertyValueSpecification\",\"valueRequired\":true,\"valueName\":\"search_term_string\"}}],\"inLanguage\":\"it-IT\"},{\"@type\":\"Organization\",\"@id\":\"https:\/\/exceladvisor.org\/it\/#organization\",\"name\":\"Excel Advisor\",\"url\":\"https:\/\/exceladvisor.org\/it\/\",\"logo\":{\"@type\":\"ImageObject\",\"inLanguage\":\"it-IT\",\"@id\":\"https:\/\/exceladvisor.org\/it\/#\/schema\/logo\/image\/\",\"url\":\"https:\/\/exceladvisor.org\/it\/wp-content\/uploads\/2023\/12\/exceladvisor.org_.png\",\"contentUrl\":\"https:\/\/exceladvisor.org\/it\/wp-content\/uploads\/2023\/12\/exceladvisor.org_.png\",\"width\":105,\"height\":36,\"caption\":\"Excel Advisor\"},\"image\":{\"@id\":\"https:\/\/exceladvisor.org\/it\/#\/schema\/logo\/image\/\"}}]}<\/script>\n<!-- \/ Yoast SEO plugin. -->","yoast_head_json":{"title":"Come creare un filtro orizzontale in Excel? - Consulente Excel","description":"In questo tutorial impareremo come creare una formula che possa aiutarti ad applicare un filtro orizzontale, utilizzeremo il","robots":{"index":"index","follow":"follow","max-snippet":"max-snippet:-1","max-image-preview":"max-image-preview:large","max-video-preview":"max-video-preview:-1"},"canonical":"https:\/\/exceladvisor.org\/it\/filtro-orizzontale\/","og_locale":"it_IT","og_type":"article","og_title":"Come creare un filtro orizzontale in Excel? - Consulente Excel","og_description":"In questo tutorial impareremo come creare una formula che possa aiutarti ad applicare un filtro orizzontale, utilizzeremo il","og_url":"https:\/\/exceladvisor.org\/it\/filtro-orizzontale\/","og_site_name":"Excel Advisor","article_modified_time":"2023-12-10T06:23:07+00:00","og_image":[{"url":"https:\/\/exceladvisor.org\/wp-content\/uploads\/2023\/08\/1-donnees-sous-forme-horizontale.png","type":"","width":"","height":""}],"twitter_card":"summary_large_image","twitter_misc":{"Tempo di lettura stimato":"2 minuti"},"schema":{"@context":"https:\/\/schema.org","@graph":[{"@type":"WebPage","@id":"https:\/\/exceladvisor.org\/it\/filtro-orizzontale\/","url":"https:\/\/exceladvisor.org\/it\/filtro-orizzontale\/","name":"Come creare un filtro orizzontale in Excel? - Consulente Excel","isPartOf":{"@id":"https:\/\/exceladvisor.org\/it\/#website"},"primaryImageOfPage":{"@id":"https:\/\/exceladvisor.org\/it\/filtro-orizzontale\/#primaryimage"},"image":{"@id":"https:\/\/exceladvisor.org\/it\/filtro-orizzontale\/#primaryimage"},"thumbnailUrl":"https:\/\/exceladvisor.org\/wp-content\/uploads\/2023\/08\/1-donnees-sous-forme-horizontale.png","datePublished":"2023-11-04T02:35:45+00:00","dateModified":"2023-12-10T06:23:07+00:00","description":"In questo tutorial impareremo come creare una formula che possa aiutarti ad applicare un filtro orizzontale, utilizzeremo il","breadcrumb":{"@id":"https:\/\/exceladvisor.org\/it\/filtro-orizzontale\/#breadcrumb"},"inLanguage":"it-IT","potentialAction":[{"@type":"ReadAction","target":["https:\/\/exceladvisor.org\/it\/filtro-orizzontale\/"]}]},{"@type":"ImageObject","inLanguage":"it-IT","@id":"https:\/\/exceladvisor.org\/it\/filtro-orizzontale\/#primaryimage","url":"https:\/\/exceladvisor.org\/wp-content\/uploads\/2023\/08\/1-donnees-sous-forme-horizontale.png","contentUrl":"https:\/\/exceladvisor.org\/wp-content\/uploads\/2023\/08\/1-donnees-sous-forme-horizontale.png"},{"@type":"BreadcrumbList","@id":"https:\/\/exceladvisor.org\/it\/filtro-orizzontale\/#breadcrumb","itemListElement":[{"@type":"ListItem","position":1,"name":"Home","item":"https:\/\/exceladvisor.org\/it\/"},{"@type":"ListItem","position":2,"name":"Come creare un filtro orizzontale in excel?"}]},{"@type":"WebSite","@id":"https:\/\/exceladvisor.org\/it\/#website","url":"https:\/\/exceladvisor.org\/it\/","name":"Excel Advisor","description":"Tips, Tricks, and Time-Saving Hacks","publisher":{"@id":"https:\/\/exceladvisor.org\/it\/#organization"},"potentialAction":[{"@type":"SearchAction","target":{"@type":"EntryPoint","urlTemplate":"https:\/\/exceladvisor.org\/it\/?s={search_term_string}"},"query-input":{"@type":"PropertyValueSpecification","valueRequired":true,"valueName":"search_term_string"}}],"inLanguage":"it-IT"},{"@type":"Organization","@id":"https:\/\/exceladvisor.org\/it\/#organization","name":"Excel Advisor","url":"https:\/\/exceladvisor.org\/it\/","logo":{"@type":"ImageObject","inLanguage":"it-IT","@id":"https:\/\/exceladvisor.org\/it\/#\/schema\/logo\/image\/","url":"https:\/\/exceladvisor.org\/it\/wp-content\/uploads\/2023\/12\/exceladvisor.org_.png","contentUrl":"https:\/\/exceladvisor.org\/it\/wp-content\/uploads\/2023\/12\/exceladvisor.org_.png","width":105,"height":36,"caption":"Excel Advisor"},"image":{"@id":"https:\/\/exceladvisor.org\/it\/#\/schema\/logo\/image\/"}}]}},"yoast_meta":{"yoast_wpseo_title":"","yoast_wpseo_metadesc":"","yoast_wpseo_canonical":""},"_links":{"self":[{"href":"https:\/\/exceladvisor.org\/it\/wp-json\/wp\/v2\/pages\/1798","targetHints":{"allow":["GET"]}}],"collection":[{"href":"https:\/\/exceladvisor.org\/it\/wp-json\/wp\/v2\/pages"}],"about":[{"href":"https:\/\/exceladvisor.org\/it\/wp-json\/wp\/v2\/types\/page"}],"author":[{"embeddable":true,"href":"https:\/\/exceladvisor.org\/it\/wp-json\/wp\/v2\/users\/1"}],"replies":[{"embeddable":true,"href":"https:\/\/exceladvisor.org\/it\/wp-json\/wp\/v2\/comments?post=1798"}],"version-history":[{"count":1,"href":"https:\/\/exceladvisor.org\/it\/wp-json\/wp\/v2\/pages\/1798\/revisions"}],"predecessor-version":[{"id":2483,"href":"https:\/\/exceladvisor.org\/it\/wp-json\/wp\/v2\/pages\/1798\/revisions\/2483"}],"wp:attachment":[{"href":"https:\/\/exceladvisor.org\/it\/wp-json\/wp\/v2\/media?parent=1798"}],"curies":[{"name":"wp","href":"https:\/\/api.w.org\/{rel}","templated":true}]}}