{"id":1800,"date":"2023-11-04T01:51:44","date_gmt":"2023-11-04T01:51:44","guid":{"rendered":"https:\/\/exceladvisor.org\/it\/mese-compreso-tra-due-date\/"},"modified":"2023-12-10T06:22:05","modified_gmt":"2023-12-10T06:22:05","slug":"mese-compreso-tra-due-date","status":"publish","type":"page","link":"https:\/\/exceladvisor.org\/it\/mese-compreso-tra-due-date\/","title":{"rendered":"Come contare i mesi tra due date in excel?"},"content":{"rendered":"<div class=\"excel-prima-del-contenuto\" id=\"excel-1135470265\"><script type=\"text\/javascript\">\r\n\tatOptions = {\r\n\t\t'key' : 'c1158f160081d6540a8409e6925dab94',\r\n\t\t'format' : 'iframe',\r\n\t\t'height' : 250,\r\n\t\t'width' : 300,\r\n\t\t'params' : {}\r\n\t};\r\n<\/script>\r\n<script type=\"text\/javascript\" src=\"\/\/www.highperformanceformat.com\/c1158f160081d6540a8409e6925dab94\/invoke.js\"><\/script><\/div> <p>In Excel, per ottenere il numero di mesi tra due date, il modo migliore \u00e8 utilizzare la funzione DATA.SE. In questa funzione \u00e8 necessario specificare la data di inizio e la data di fine. Successivamente, devi anche specificare l&#8217;unit\u00e0 in cui desideri ottenere il risultato.<\/p><p> Nell&#8217;esempio seguente, abbiamo due date nelle celle A2 e B2. <\/p><div class=\"wp-block-image\"><figure class=\"aligncenter size-full is-resized\"><img loading=\"lazy\" decoding=\"async\" class=\"wp-image-69850\" src=\"https:\/\/exceladvisor.org\/wp-content\/uploads\/2023\/08\/1-deux-dates-dans-les-cellules.png\" sizes=\"auto, \" srcset=\"\" alt=\"due appuntamenti nelle celle\" width=\"419\" height=\"319\"><\/figure><\/div><h2 class=\"wp-block-heading\"> Formula per ottenere i mesi tra due date (DATEDIF)<\/h2><ol type=\"1\"><li> Innanzitutto, nella cella C2, inserisci la funzione DATEDIF.<\/li><li> Successivamente, nel primo argomento, fai riferimento alla cella A2 dove hai la data di inizio.<\/li><li> Quindi nel secondo argomento fai riferimento a B2 dove hai la data di fine.<\/li><li> Ora, nel terzo argomento, inserisci \u201cm\u201d.<\/li><li> Alla fine, premi Invio per ottenere il risultato. <\/li><\/ol><div class=\"wp-block-image\"><figure class=\"aligncenter size-full is-resized\"><img loading=\"lazy\" decoding=\"async\" class=\"wp-image-69851\" src=\"https:\/\/exceladvisor.org\/wp-content\/uploads\/2023\/08\/2-dates-si-formule.png\" sizes=\"auto, \" srcset=\"\" alt=\"datato-formula\" width=\"463\" height=\"302\"><\/figure><\/div><p> Qui puoi vedere che il risultato \u00e8 11, il che \u00e8 corretto perch\u00e9 abbiamo 11 mesi tra marzo 2021 e febbraio 2022.<\/p><pre class=\"wp-block-code\"> <code class=\"language-excel-formula\" lang=\"excel-formula\">=DATEDIF(A2,B2,\"m\")<\/code><\/pre><p> Come hai visto quando inserisci la funzione DATA.SE, Excel non visualizza la funzione e non troverai questa funzione nell&#8217;elenco delle funzioni nell&#8217;elenco. Puoi saperne di pi\u00f9 su DATEDIF da qui. Puoi anche utilizzare DATEDIF per visualizzare mesi e giorni separatamente, ma in un&#8217;unica cella. <\/p><div class=\"wp-block-image\"><figure class=\"aligncenter size-full is-resized\"><img loading=\"lazy\" decoding=\"async\" class=\"wp-image-69852\" src=\"https:\/\/exceladvisor.org\/wp-content\/uploads\/2023\/08\/3-dates-pour-afficher-les-mois-jours-separement.png\" sizes=\"auto, \" srcset=\"\" alt=\"datato-per-visualizzare-mese-giorni-separatamente\" width=\"720\" height=\"355\"><\/figure><\/div><p> Nella formula sopra, abbiamo utilizzato DATEDIF due volte per ottenere i mesi, poi i giorni, quindi abbiamo concatenato le due formule per ottenere un risultato completo.<\/p><h2 class=\"wp-block-heading\"> Mese compreso tra due date utilizzando YEARFRAC<\/h2><p> Potrebbe esserci una situazione in cui dobbiamo contare i mesi tra 2 date, ma dobbiamo anche considerare i giorni che abbiamo dopo la fine del mese. In questo caso, il modo migliore \u00e8 utilizzare la funzione YEARFRAC.<\/p><p> In YEARFRAC \u00e8 necessario specificare la data di inizio nel primo argomento, quindi \u00e8 necessario specificare la data di fine nel secondo argomento. E poi usa il segno asterisco per moltiplicarlo per 12.<\/p><p> Ora, una volta premuto Invio, otterrai il numero totale di mesi tra queste due date come numeri interi e i giorni come decimali. <\/p><div class=\"wp-block-image\"><figure class=\"aligncenter size-full is-resized\"><img loading=\"lazy\" decoding=\"async\" class=\"wp-image-69853\" src=\"https:\/\/exceladvisor.org\/wp-content\/uploads\/2023\/08\/Fonction-frac-de-4-ans.png\" sizes=\"auto, \" srcset=\"\" alt=\"funzione frac anno\" width=\"495\" height=\"266\"><\/figure><\/div><p> Nell&#8217;esempio sopra, abbiamo il 1 marzo 2021 come data di inizio e il 23 febbraio 2022 come data di fine. Ora quando utilizzo YEARFRAC restituisce 11,73 dove 11 \u00e8 il numero di mesi e 0,73 \u00e8 il valore decimale che rappresenta i 23 giorni che abbiamo nel mese di febbraio.<\/p><p> Se vuoi arrotondare il risultato, puoi racchiudere questa formula con la funzione round. <\/p><div class=\"wp-block-image\"><figure class=\"aligncenter size-full is-resized\"><img loading=\"lazy\" decoding=\"async\" class=\"wp-image-69854\" src=\"https:\/\/exceladvisor.org\/wp-content\/uploads\/2023\/08\/5-tours-avec-fonction-yearfrac.png\" sizes=\"auto, \" srcset=\"\" alt=\"funzione round-with-yearfrac\" width=\"608\" height=\"287\"><\/figure><\/div><h2 class=\"wp-block-heading\"> Utilizzando la funzione ANNO + MESE per ottenere il mese tra due date<\/h2><p> Esiste un altro metodo che puoi utilizzare per ottenere il conteggio dei mesi tra due date. Combinando le funzioni ANNO e MESE, puoi creare la seguente formula che restituisce i mesi. <\/p><pre class=\"wp-block-code\"> <code class=\"language-excel-formula\" lang=\"excel-formula\">=(YEAR(B2)-YEAR(A2))*12+MONTH(B2)-MONTH(A2)<\/code><\/pre><div class=\"wp-block-image\"><figure class=\"aligncenter size-full is-resized\"><img loading=\"lazy\" decoding=\"async\" class=\"wp-image-69855\" src=\"https:\/\/exceladvisor.org\/wp-content\/uploads\/2023\/08\/Fonction-6-ans-plus-mois.png\" sizes=\"auto, \" srcset=\"\" alt=\"funzione anno pi\u00f9 mese\" width=\"672\" height=\"292\"><\/figure><\/div><p> Per comprendere questa funzione \u00e8 necessario dividerla in due parti:<\/p><p> Nella prima parte, dove abbiamo la funzione anno, prende l&#8217;anno della data di fine, poi l&#8217;anno della data di inizio, quindi lo moltiplica per dodici. Questa parte restituisce il numero di mesi tra le date. <\/p><div class=\"wp-block-image\"><figure class=\"aligncenter size-full is-resized\"><img loading=\"lazy\" decoding=\"async\" class=\"wp-image-69856\" src=\"https:\/\/exceladvisor.org\/wp-content\/uploads\/2023\/08\/7-premiere-partie-de-la-fonction.png\" sizes=\"auto, \" srcset=\"\" alt=\"prima parte della funzione\" width=\"583\" height=\"308\"><\/figure><\/div><p> Questa parte della formula fa la differenza solo quando hai date con anni diversi, entrambe le date hanno gli stessi anni, quindi questa parte non far\u00e0 alcuna differenza nel calcolo. Come puoi vedere abbiamo 2021 e 2022 e il risultato che d\u00e0 questa parte della formula \u00e8 12.<\/p><p> Nella seconda parte, sottraiamo il mese dalla data di fine dal mese dalla data di inizio. E questa parte ignora anche i giorni a cui abbiamo accesso. <\/p><div class=\"wp-block-image\"><figure class=\"aligncenter size-full is-resized\"><img loading=\"lazy\" decoding=\"async\" class=\"wp-image-69857\" src=\"https:\/\/exceladvisor.org\/wp-content\/uploads\/2023\/08\/8-deuxieme-partie-de-fonction.png\" sizes=\"auto, \" srcset=\"\" alt=\"seconda parte della funzione\" width=\"560\" height=\"318\"><\/figure><\/div><p> Pertanto, quando sottraiamo marzo (3) da febbraio (2), otteniamo -1 nel risultato.<\/p><p> Dopodich\u00e9 alla fine sottraiamo -1 dai 12 e otteniamo 11 che \u00e8 il numero totale di mesi che abbiamo tra le due date. Se mi chiedi quale metodo mi piace di pi\u00f9, direi DATEDIF che \u00e8 semplice da usare e di facile comprensione da parte dell&#8217;utente. <\/p><div class=\"gb-container gb-container-52dfcee1 gb-container-sample-file\"><h2 class=\"gb-headline gb-headline-e289c143 gb-headline-text gb-headline-4f7959c2\"> Ottieni il file Excel<\/h2><p> <a class=\"gb-button gb-button-e88d6bee gb-button-text gb-button-button1\" href=\"https:\/\/exceladvisor.org\/wp-content\/uploads\/2023\/08\/mois-entre-les-dates.xlsx\" rel=\"nofollow\">Scaricamento<\/a><\/p><\/div><div class=\"gb-container gb-container-0df56012 gb-container-mt\"> <a class=\"gb-button gb-button-f9f432f4 gb-button-text gb-button-mt-button\" href=\"https:\/\/exceladvisor.org\/it\/formule\/\">Elenco delle formule di Excel<\/a><h2 class=\"gb-headline gb-headline-233444e8 gb-headline-text gb-headline-mt-heading\"> Formule correlate <\/h2><div class=\"gb-grid-wrapper gb-grid-wrapper-a16fa65c gb-grid-wrapper-mt-grid\"><div class=\"gb-grid-column gb-grid-column-50d07e0d\"><div class=\"gb-container gb-container-50d07e0d\"><ul><li> <a href=\"https:\/\/exceladvisor.org\/it\/aggiungere-un-mese-a-una-data-2\/\">Aggiungi un mese a una data in Excel<\/a><\/li><li> <a href=\"https:\/\/exceladvisor.org\/it\/fine-del-mese\/\">Ottieni la data di fine del mese in Excel<\/a><\/li><li> <a href=\"https:\/\/exceladvisor.org\/it\/primo-giorno-del-mese-2\/\">Ottieni il primo giorno del mese in Excel (inizio del mese)<\/a><\/li><li> <a href=\"https:\/\/exceladvisor.org\/it\/nome-del-mese\/\">Ottieni il mese da una data in Excel (estratto)<\/a><\/li><li> <a href=\"https:\/\/exceladvisor.org\/it\/trimestre\/\">Ottieni un trimestre da una data [Fiscale + Calendario] in Excel<\/a> <\/li><\/ul><\/div><\/div><div class=\"gb-grid-column gb-grid-column-5b4a0cf9\"><div class=\"gb-container gb-container-5b4a0cf9\"><\/div><\/div><\/div><\/div>","protected":false},"excerpt":{"rendered":"","protected":false},"author":1,"featured_media":0,"parent":0,"menu_order":0,"comment_status":"open","ping_status":"closed","template":"","meta":{"ub_ctt_via":"","footnotes":""},"class_list":["post-1800","page","type-page","status-publish","hentry"],"featured_image_src":null,"yoast_head":"<!-- This site is optimized with the Yoast SEO plugin v25.4 - https:\/\/yoast.com\/wordpress\/plugins\/seo\/ -->\n<title>\u25b7 Come contare i mesi tra due date in Excel?<\/title>\n<meta name=\"description\" content=\"In questo tutorial impareremo come scrivere una formula per ottenere il numero di mesi che restano tra due date\" \/>\n<meta name=\"robots\" content=\"index, follow, max-snippet:-1, max-image-preview:large, max-video-preview:-1\" \/>\n<link rel=\"canonical\" href=\"https:\/\/exceladvisor.org\/it\/mese-compreso-tra-due-date\/\" \/>\n<meta property=\"og:locale\" content=\"it_IT\" \/>\n<meta property=\"og:type\" content=\"article\" \/>\n<meta property=\"og:title\" content=\"\u25b7 Come contare i mesi tra due date in Excel?\" \/>\n<meta property=\"og:description\" content=\"In questo tutorial impareremo come scrivere una formula per ottenere il numero di mesi che restano tra due date\" \/>\n<meta property=\"og:url\" content=\"https:\/\/exceladvisor.org\/it\/mese-compreso-tra-due-date\/\" \/>\n<meta property=\"og:site_name\" content=\"Excel Advisor\" \/>\n<meta property=\"article:modified_time\" content=\"2023-12-10T06:22:05+00:00\" \/>\n<meta property=\"og:image\" content=\"https:\/\/exceladvisor.org\/wp-content\/uploads\/2023\/08\/1-deux-dates-dans-les-cellules.png\" \/>\n<meta name=\"twitter:card\" content=\"summary_large_image\" \/>\n<meta name=\"twitter:label1\" content=\"Tempo di lettura stimato\" \/>\n\t<meta name=\"twitter:data1\" content=\"3 minuti\" \/>\n<script type=\"application\/ld+json\" class=\"yoast-schema-graph\">{\"@context\":\"https:\/\/schema.org\",\"@graph\":[{\"@type\":\"WebPage\",\"@id\":\"https:\/\/exceladvisor.org\/it\/mese-compreso-tra-due-date\/\",\"url\":\"https:\/\/exceladvisor.org\/it\/mese-compreso-tra-due-date\/\",\"name\":\"\u25b7 Come contare i mesi tra due date in Excel?\",\"isPartOf\":{\"@id\":\"https:\/\/exceladvisor.org\/it\/#website\"},\"primaryImageOfPage\":{\"@id\":\"https:\/\/exceladvisor.org\/it\/mese-compreso-tra-due-date\/#primaryimage\"},\"image\":{\"@id\":\"https:\/\/exceladvisor.org\/it\/mese-compreso-tra-due-date\/#primaryimage\"},\"thumbnailUrl\":\"https:\/\/exceladvisor.org\/wp-content\/uploads\/2023\/08\/1-deux-dates-dans-les-cellules.png\",\"datePublished\":\"2023-11-04T01:51:44+00:00\",\"dateModified\":\"2023-12-10T06:22:05+00:00\",\"description\":\"In questo tutorial impareremo come scrivere una formula per ottenere il numero di mesi che restano tra due date\",\"breadcrumb\":{\"@id\":\"https:\/\/exceladvisor.org\/it\/mese-compreso-tra-due-date\/#breadcrumb\"},\"inLanguage\":\"it-IT\",\"potentialAction\":[{\"@type\":\"ReadAction\",\"target\":[\"https:\/\/exceladvisor.org\/it\/mese-compreso-tra-due-date\/\"]}]},{\"@type\":\"ImageObject\",\"inLanguage\":\"it-IT\",\"@id\":\"https:\/\/exceladvisor.org\/it\/mese-compreso-tra-due-date\/#primaryimage\",\"url\":\"https:\/\/exceladvisor.org\/wp-content\/uploads\/2023\/08\/1-deux-dates-dans-les-cellules.png\",\"contentUrl\":\"https:\/\/exceladvisor.org\/wp-content\/uploads\/2023\/08\/1-deux-dates-dans-les-cellules.png\"},{\"@type\":\"BreadcrumbList\",\"@id\":\"https:\/\/exceladvisor.org\/it\/mese-compreso-tra-due-date\/#breadcrumb\",\"itemListElement\":[{\"@type\":\"ListItem\",\"position\":1,\"name\":\"Home\",\"item\":\"https:\/\/exceladvisor.org\/it\/\"},{\"@type\":\"ListItem\",\"position\":2,\"name\":\"Come contare i mesi tra due date in excel?\"}]},{\"@type\":\"WebSite\",\"@id\":\"https:\/\/exceladvisor.org\/it\/#website\",\"url\":\"https:\/\/exceladvisor.org\/it\/\",\"name\":\"Excel Advisor\",\"description\":\"Tips, Tricks, and Time-Saving Hacks\",\"publisher\":{\"@id\":\"https:\/\/exceladvisor.org\/it\/#organization\"},\"potentialAction\":[{\"@type\":\"SearchAction\",\"target\":{\"@type\":\"EntryPoint\",\"urlTemplate\":\"https:\/\/exceladvisor.org\/it\/?s={search_term_string}\"},\"query-input\":{\"@type\":\"PropertyValueSpecification\",\"valueRequired\":true,\"valueName\":\"search_term_string\"}}],\"inLanguage\":\"it-IT\"},{\"@type\":\"Organization\",\"@id\":\"https:\/\/exceladvisor.org\/it\/#organization\",\"name\":\"Excel Advisor\",\"url\":\"https:\/\/exceladvisor.org\/it\/\",\"logo\":{\"@type\":\"ImageObject\",\"inLanguage\":\"it-IT\",\"@id\":\"https:\/\/exceladvisor.org\/it\/#\/schema\/logo\/image\/\",\"url\":\"https:\/\/exceladvisor.org\/it\/wp-content\/uploads\/2023\/12\/exceladvisor.org_.png\",\"contentUrl\":\"https:\/\/exceladvisor.org\/it\/wp-content\/uploads\/2023\/12\/exceladvisor.org_.png\",\"width\":105,\"height\":36,\"caption\":\"Excel Advisor\"},\"image\":{\"@id\":\"https:\/\/exceladvisor.org\/it\/#\/schema\/logo\/image\/\"}}]}<\/script>\n<!-- \/ Yoast SEO plugin. -->","yoast_head_json":{"title":"\u25b7 Come contare i mesi tra due date in Excel?","description":"In questo tutorial impareremo come scrivere una formula per ottenere il numero di mesi che restano tra due date","robots":{"index":"index","follow":"follow","max-snippet":"max-snippet:-1","max-image-preview":"max-image-preview:large","max-video-preview":"max-video-preview:-1"},"canonical":"https:\/\/exceladvisor.org\/it\/mese-compreso-tra-due-date\/","og_locale":"it_IT","og_type":"article","og_title":"\u25b7 Come contare i mesi tra due date in Excel?","og_description":"In questo tutorial impareremo come scrivere una formula per ottenere il numero di mesi che restano tra due date","og_url":"https:\/\/exceladvisor.org\/it\/mese-compreso-tra-due-date\/","og_site_name":"Excel Advisor","article_modified_time":"2023-12-10T06:22:05+00:00","og_image":[{"url":"https:\/\/exceladvisor.org\/wp-content\/uploads\/2023\/08\/1-deux-dates-dans-les-cellules.png","type":"","width":"","height":""}],"twitter_card":"summary_large_image","twitter_misc":{"Tempo di lettura stimato":"3 minuti"},"schema":{"@context":"https:\/\/schema.org","@graph":[{"@type":"WebPage","@id":"https:\/\/exceladvisor.org\/it\/mese-compreso-tra-due-date\/","url":"https:\/\/exceladvisor.org\/it\/mese-compreso-tra-due-date\/","name":"\u25b7 Come contare i mesi tra due date in Excel?","isPartOf":{"@id":"https:\/\/exceladvisor.org\/it\/#website"},"primaryImageOfPage":{"@id":"https:\/\/exceladvisor.org\/it\/mese-compreso-tra-due-date\/#primaryimage"},"image":{"@id":"https:\/\/exceladvisor.org\/it\/mese-compreso-tra-due-date\/#primaryimage"},"thumbnailUrl":"https:\/\/exceladvisor.org\/wp-content\/uploads\/2023\/08\/1-deux-dates-dans-les-cellules.png","datePublished":"2023-11-04T01:51:44+00:00","dateModified":"2023-12-10T06:22:05+00:00","description":"In questo tutorial impareremo come scrivere una formula per ottenere il numero di mesi che restano tra due date","breadcrumb":{"@id":"https:\/\/exceladvisor.org\/it\/mese-compreso-tra-due-date\/#breadcrumb"},"inLanguage":"it-IT","potentialAction":[{"@type":"ReadAction","target":["https:\/\/exceladvisor.org\/it\/mese-compreso-tra-due-date\/"]}]},{"@type":"ImageObject","inLanguage":"it-IT","@id":"https:\/\/exceladvisor.org\/it\/mese-compreso-tra-due-date\/#primaryimage","url":"https:\/\/exceladvisor.org\/wp-content\/uploads\/2023\/08\/1-deux-dates-dans-les-cellules.png","contentUrl":"https:\/\/exceladvisor.org\/wp-content\/uploads\/2023\/08\/1-deux-dates-dans-les-cellules.png"},{"@type":"BreadcrumbList","@id":"https:\/\/exceladvisor.org\/it\/mese-compreso-tra-due-date\/#breadcrumb","itemListElement":[{"@type":"ListItem","position":1,"name":"Home","item":"https:\/\/exceladvisor.org\/it\/"},{"@type":"ListItem","position":2,"name":"Come contare i mesi tra due date in excel?"}]},{"@type":"WebSite","@id":"https:\/\/exceladvisor.org\/it\/#website","url":"https:\/\/exceladvisor.org\/it\/","name":"Excel Advisor","description":"Tips, Tricks, and Time-Saving Hacks","publisher":{"@id":"https:\/\/exceladvisor.org\/it\/#organization"},"potentialAction":[{"@type":"SearchAction","target":{"@type":"EntryPoint","urlTemplate":"https:\/\/exceladvisor.org\/it\/?s={search_term_string}"},"query-input":{"@type":"PropertyValueSpecification","valueRequired":true,"valueName":"search_term_string"}}],"inLanguage":"it-IT"},{"@type":"Organization","@id":"https:\/\/exceladvisor.org\/it\/#organization","name":"Excel Advisor","url":"https:\/\/exceladvisor.org\/it\/","logo":{"@type":"ImageObject","inLanguage":"it-IT","@id":"https:\/\/exceladvisor.org\/it\/#\/schema\/logo\/image\/","url":"https:\/\/exceladvisor.org\/it\/wp-content\/uploads\/2023\/12\/exceladvisor.org_.png","contentUrl":"https:\/\/exceladvisor.org\/it\/wp-content\/uploads\/2023\/12\/exceladvisor.org_.png","width":105,"height":36,"caption":"Excel Advisor"},"image":{"@id":"https:\/\/exceladvisor.org\/it\/#\/schema\/logo\/image\/"}}]}},"yoast_meta":{"yoast_wpseo_title":"","yoast_wpseo_metadesc":"","yoast_wpseo_canonical":""},"_links":{"self":[{"href":"https:\/\/exceladvisor.org\/it\/wp-json\/wp\/v2\/pages\/1800","targetHints":{"allow":["GET"]}}],"collection":[{"href":"https:\/\/exceladvisor.org\/it\/wp-json\/wp\/v2\/pages"}],"about":[{"href":"https:\/\/exceladvisor.org\/it\/wp-json\/wp\/v2\/types\/page"}],"author":[{"embeddable":true,"href":"https:\/\/exceladvisor.org\/it\/wp-json\/wp\/v2\/users\/1"}],"replies":[{"embeddable":true,"href":"https:\/\/exceladvisor.org\/it\/wp-json\/wp\/v2\/comments?post=1800"}],"version-history":[{"count":1,"href":"https:\/\/exceladvisor.org\/it\/wp-json\/wp\/v2\/pages\/1800\/revisions"}],"predecessor-version":[{"id":2398,"href":"https:\/\/exceladvisor.org\/it\/wp-json\/wp\/v2\/pages\/1800\/revisions\/2398"}],"wp:attachment":[{"href":"https:\/\/exceladvisor.org\/it\/wp-json\/wp\/v2\/media?parent=1800"}],"curies":[{"name":"wp","href":"https:\/\/api.w.org\/{rel}","templated":true}]}}