{"id":1803,"date":"2023-11-03T19:45:13","date_gmt":"2023-11-03T19:45:13","guid":{"rendered":"https:\/\/exceladvisor.org\/it\/ricaricare\/"},"modified":"2023-12-10T06:19:36","modified_gmt":"2023-12-10T06:19:36","slug":"ricaricare","status":"publish","type":"page","link":"https:\/\/exceladvisor.org\/it\/ricaricare\/","title":{"rendered":"Come aggiornare un foglio di calcolo in excel?"},"content":{"rendered":"<div class=\"excel-prima-del-contenuto\" id=\"excel-208070048\"><script type=\"text\/javascript\">\r\n\tatOptions = {\r\n\t\t'key' : 'c1158f160081d6540a8409e6925dab94',\r\n\t\t'format' : 'iframe',\r\n\t\t'height' : 250,\r\n\t\t'width' : 300,\r\n\t\t'params' : {}\r\n\t};\r\n<\/script>\r\n<script type=\"text\/javascript\" src=\"\/\/www.highperformanceformat.com\/c1158f160081d6540a8409e6925dab94\/invoke.js\"><\/script><\/div> <p>In Excel \u00e8 possibile aggiornare manualmente un foglio di calcolo. Di solito non \u00e8 necessario aggiornarlo manualmente perch\u00e9, per impostazione predefinita, \u00e8 selezionata l&#8217;opzione di aggiornamento &#8220;Automatico&#8221;. <\/p><div class=\"wp-block-image\"><figure class=\"aligncenter size-full is-resized\"><img loading=\"lazy\" decoding=\"async\" class=\"wp-image-92708\" src=\"https:\/\/exceladvisor.org\/wp-content\/uploads\/2023\/08\/1-referencer-une-fiche.png\" sizes=\"auto, \" srcset=\"\" alt=\"rinfrescare una foglia\" width=\"437\" height=\"315\"><\/figure><\/div><p> Ma ci sono modi che puoi utilizzare per aggiornare manualmente un foglio e in questo tutorial impareremo questi metodi. Nell&#8217;esempio seguente abbiamo utilizzato la funzione CASUALE, che cambia il suo valore quando aggiorni il foglio. <\/p><div class=\"wp-block-image\"><figure class=\"aligncenter size-full is-resized\"><img loading=\"lazy\" decoding=\"async\" class=\"wp-image-92709\" src=\"https:\/\/exceladvisor.org\/wp-content\/uploads\/2023\/08\/2-la-fonction-change-de-valeur-lorsque-la-feuille-est-actualisee-a-chaque-fois.png\" sizes=\"auto, \" srcset=\"\" alt=\"la funzione-cambia-valore-quando-il-foglio-si-aggiorna-ogni-volta\" width=\"486\" height=\"293\"><\/figure><\/div><h2 id=\"h-using-the-keyboard-shortcut\" class=\"wp-block-heading\"> Utilizzando la scorciatoia da tastiera<\/h2><p> Puoi utilizzare Maiusc+F9 (o Maiusc+Fn+F9) per aggiornare immediatamente un foglio. \u00c8 veloce e lo usi pi\u00f9 volte se necessario. <\/p><div class=\"wp-block-image\"><figure class=\"aligncenter size-full is-resized\"><img loading=\"lazy\" decoding=\"async\" class=\"wp-image-92710\" src=\"https:\/\/exceladvisor.org\/wp-content\/uploads\/2023\/08\/3-raccourcis-clavier-pour-referencer.png\" sizes=\"auto, \" srcset=\"\" alt=\"tasto di scelta rapida per referresh\" width=\"292\" height=\"94\"><\/figure><\/div><p> Puoi anche utilizzare il tasto F9, che calcoler\u00e0 l&#8217;intera cartella di lavoro anzich\u00e9 il foglio attivo. <\/p><div class=\"wp-block-image\"><figure class=\"aligncenter size-full is-resized\"><img loading=\"lazy\" decoding=\"async\" class=\"wp-image-92711\" src=\"https:\/\/exceladvisor.org\/wp-content\/uploads\/2023\/08\/4-f9-pour-calculer-le-classeur-entier.png\" sizes=\"auto, \" srcset=\"\" alt=\"f9-per-calcolare-l'intera cartella di lavoro\" width=\"104\" height=\"100\"><\/figure><\/div><h2 id=\"h-using-the-calculate-sheet-option\" class=\"wp-block-heading\"> Utilizzando l&#8217;opzione Calcola foglio<\/h2><ol type=\"1\"><li> Passare al foglio che si desidera aggiornare.<\/li><li> Apri la scheda Formula.<\/li><li> Vai al gruppo Opzioni di calcolo.<\/li><li> Fare clic sull&#8217;opzione &#8220;Calcola foglio&#8221;. <\/li><\/ol><div class=\"wp-block-image\"><figure class=\"aligncenter size-full is-resized\"><img loading=\"lazy\" decoding=\"async\" class=\"wp-image-92712\" src=\"https:\/\/exceladvisor.org\/wp-content\/uploads\/2023\/08\/5-option-de-feuille-de-calcul.png\" sizes=\"auto, \" srcset=\"\" alt=\"opzione foglio di calcolo\" width=\"660\" height=\"313\"><\/figure><\/div><p> Quando fai clic sull&#8217;opzione, si aggiorna il foglio attivo e tutte le formule vengono ricalcolate.<\/p><h2 id=\"h-using-a-vba-code-to-refresh-a-sheet\" class=\"wp-block-heading\"> Utilizza il codice VBA per aggiornare un foglio<\/h2><p> S\u00ec, puoi utilizzare a per aggiornare un foglio di calcolo. Tutto quello che devi fare \u00e8 aprire l&#8217;editor di Visual Basic, inserire un nuovo modulo e quindi incollare il codice seguente.<\/p><pre class=\"wp-block-code\"> <code class=\"language-visual-basic\" lang=\"visual-basic\"><strong>Sub<\/strong> Macro1() ActiveSheet.Calculate <strong>End<\/strong> <strong>Sub<\/strong><\/code><\/pre><p> E una volta incollato, puoi eseguire il codice per aggiornare il foglio di calcolo con un solo clic. <\/p><div class=\"wp-block-image\"><figure class=\"aligncenter size-full is-resized\"><img loading=\"lazy\" decoding=\"async\" class=\"wp-image-92713\" src=\"https:\/\/exceladvisor.org\/wp-content\/uploads\/2023\/08\/6-vba-pour-consulter-la-feuille.png\" sizes=\"auto, \" srcset=\"\" alt=\"vba-to-refresh-sheet\" width=\"688\" height=\"256\"><\/figure><\/div><p> Il codice che abbiamo sopra aggiorna il foglio attivo. Ma se vuoi aggiornare un foglio specifico, puoi scrivere un codice come quello qui sotto:<\/p><pre class=\"wp-block-code\"> <code class=\"language-visual-basic\" lang=\"visual-basic\">Sub <strong>Macro1<\/strong> () <strong>Sheets<\/strong> (\"Sheet1\").Calculate End Sub<\/code><\/pre><p> Ora il codice sopra aggiorna semplicemente il &#8220;Foglio1&#8221;; se vuoi cambiare il nome puoi cambiarlo direttamente dal codice stesso. <\/p><div class=\"gb-container gb-container-52dfcee1 gb-container-sample-file\"><h2 class=\"gb-headline gb-headline-e289c143 gb-headline-text gb-headline-4f7959c2\"> Ottieni il file Excel<\/h2> <a class=\"gb-button gb-button-e88d6bee gb-button-text gb-button-button1\" href=\"https:\/\/exceladvisor.org\/wp-content\/uploads\/2023\/11\/feuille-de-rafraichissement.xlsx\" rel=\"nofollow\">Scaricamento<\/a> <\/div><div class=\"gb-container gb-container-3044ba66 gb-container-mt\"><p class=\"gb-headline gb-headline-b5bb6270 gb-headline-text\"> <strong><a href=\"https:\/\/exceladvisor.org\/it\/nozioni-di-base-su-excel\/\">Nozioni di base su Excel<\/a><\/strong> \/ <strong><a href=\"https:\/\/exceladvisor.org\/it\/foglio-di-lavoro\/\" data-wpil=\"url\">Foglio di calcolo Excel<\/a><\/strong><\/p><h2 class=\"gb-headline gb-headline-819d540d gb-headline-text gb-headline-mt-heading\"> Altri tutorial <\/h2><div class=\"gb-grid-wrapper gb-grid-wrapper-7f3d805a gb-grid-wrapper-mt-grid\"><div class=\"gb-grid-column gb-grid-column-7495e031\"><div class=\"gb-container gb-container-7495e031\"><ul><li> <a href=\"https:\/\/exceladvisor.org\/it\/consolidare\/\">Consolidare i dati da pi\u00f9 fogli di calcolo<\/a><\/li><li> <a href=\"https:\/\/exceladvisor.org\/it\/rinominare\/\">Rinominare il foglio in Excel<\/a><\/li><li> <a href=\"https:\/\/exceladvisor.org\/it\/gruppo-1\/\">Fogli di lavoro di gruppo in Excel<\/a><\/li><li> <a href=\"https:\/\/exceladvisor.org\/it\/vedere-fianco-a-fianco\/\">Visualizza due fogli affiancati in Excel<\/a><\/li><li> <a href=\"https:\/\/exceladvisor.org\/it\/aggiungere\/\">Aggiungi un foglio di calcolo in Excel<\/a><\/li><\/ul><\/div><\/div><\/div><\/div>","protected":false},"excerpt":{"rendered":"","protected":false},"author":1,"featured_media":0,"parent":0,"menu_order":0,"comment_status":"open","ping_status":"closed","template":"","meta":{"ub_ctt_via":"","footnotes":""},"class_list":["post-1803","page","type-page","status-publish","hentry"],"featured_image_src":null,"yoast_head":"<!-- This site is optimized with the Yoast SEO plugin v25.4 - https:\/\/yoast.com\/wordpress\/plugins\/seo\/ -->\n<title>Come aggiornare rapidamente un foglio di calcolo in Excel?<\/title>\n<meta name=\"description\" content=\"In Excel \u00e8 possibile aggiornare manualmente un foglio di calcolo. Di solito non \u00e8 necessario aggiornarlo manualmente perch\u00e9\" \/>\n<meta name=\"robots\" content=\"index, follow, max-snippet:-1, max-image-preview:large, max-video-preview:-1\" \/>\n<link rel=\"canonical\" href=\"https:\/\/exceladvisor.org\/it\/ricaricare\/\" \/>\n<meta property=\"og:locale\" content=\"it_IT\" \/>\n<meta property=\"og:type\" content=\"article\" \/>\n<meta property=\"og:title\" content=\"Come aggiornare rapidamente un foglio di calcolo in Excel?\" \/>\n<meta property=\"og:description\" content=\"In Excel \u00e8 possibile aggiornare manualmente un foglio di calcolo. Di solito non \u00e8 necessario aggiornarlo manualmente perch\u00e9\" \/>\n<meta property=\"og:url\" content=\"https:\/\/exceladvisor.org\/it\/ricaricare\/\" \/>\n<meta property=\"og:site_name\" content=\"Excel Advisor\" \/>\n<meta property=\"article:modified_time\" content=\"2023-12-10T06:19:36+00:00\" \/>\n<meta property=\"og:image\" content=\"https:\/\/exceladvisor.org\/wp-content\/uploads\/2023\/08\/1-referencer-une-fiche.png\" \/>\n<meta name=\"twitter:card\" content=\"summary_large_image\" \/>\n<meta name=\"twitter:label1\" content=\"Tempo di lettura stimato\" \/>\n\t<meta name=\"twitter:data1\" content=\"2 minuti\" \/>\n<script type=\"application\/ld+json\" class=\"yoast-schema-graph\">{\"@context\":\"https:\/\/schema.org\",\"@graph\":[{\"@type\":\"WebPage\",\"@id\":\"https:\/\/exceladvisor.org\/it\/ricaricare\/\",\"url\":\"https:\/\/exceladvisor.org\/it\/ricaricare\/\",\"name\":\"Come aggiornare rapidamente un foglio di calcolo in Excel?\",\"isPartOf\":{\"@id\":\"https:\/\/exceladvisor.org\/it\/#website\"},\"primaryImageOfPage\":{\"@id\":\"https:\/\/exceladvisor.org\/it\/ricaricare\/#primaryimage\"},\"image\":{\"@id\":\"https:\/\/exceladvisor.org\/it\/ricaricare\/#primaryimage\"},\"thumbnailUrl\":\"https:\/\/exceladvisor.org\/wp-content\/uploads\/2023\/08\/1-referencer-une-fiche.png\",\"datePublished\":\"2023-11-03T19:45:13+00:00\",\"dateModified\":\"2023-12-10T06:19:36+00:00\",\"description\":\"In Excel \u00e8 possibile aggiornare manualmente un foglio di calcolo. Di solito non \u00e8 necessario aggiornarlo manualmente perch\u00e9\",\"breadcrumb\":{\"@id\":\"https:\/\/exceladvisor.org\/it\/ricaricare\/#breadcrumb\"},\"inLanguage\":\"it-IT\",\"potentialAction\":[{\"@type\":\"ReadAction\",\"target\":[\"https:\/\/exceladvisor.org\/it\/ricaricare\/\"]}]},{\"@type\":\"ImageObject\",\"inLanguage\":\"it-IT\",\"@id\":\"https:\/\/exceladvisor.org\/it\/ricaricare\/#primaryimage\",\"url\":\"https:\/\/exceladvisor.org\/wp-content\/uploads\/2023\/08\/1-referencer-une-fiche.png\",\"contentUrl\":\"https:\/\/exceladvisor.org\/wp-content\/uploads\/2023\/08\/1-referencer-une-fiche.png\"},{\"@type\":\"BreadcrumbList\",\"@id\":\"https:\/\/exceladvisor.org\/it\/ricaricare\/#breadcrumb\",\"itemListElement\":[{\"@type\":\"ListItem\",\"position\":1,\"name\":\"Home\",\"item\":\"https:\/\/exceladvisor.org\/it\/\"},{\"@type\":\"ListItem\",\"position\":2,\"name\":\"Come aggiornare un foglio di calcolo in excel?\"}]},{\"@type\":\"WebSite\",\"@id\":\"https:\/\/exceladvisor.org\/it\/#website\",\"url\":\"https:\/\/exceladvisor.org\/it\/\",\"name\":\"Excel Advisor\",\"description\":\"Tips, Tricks, and Time-Saving Hacks\",\"publisher\":{\"@id\":\"https:\/\/exceladvisor.org\/it\/#organization\"},\"potentialAction\":[{\"@type\":\"SearchAction\",\"target\":{\"@type\":\"EntryPoint\",\"urlTemplate\":\"https:\/\/exceladvisor.org\/it\/?s={search_term_string}\"},\"query-input\":{\"@type\":\"PropertyValueSpecification\",\"valueRequired\":true,\"valueName\":\"search_term_string\"}}],\"inLanguage\":\"it-IT\"},{\"@type\":\"Organization\",\"@id\":\"https:\/\/exceladvisor.org\/it\/#organization\",\"name\":\"Excel Advisor\",\"url\":\"https:\/\/exceladvisor.org\/it\/\",\"logo\":{\"@type\":\"ImageObject\",\"inLanguage\":\"it-IT\",\"@id\":\"https:\/\/exceladvisor.org\/it\/#\/schema\/logo\/image\/\",\"url\":\"https:\/\/exceladvisor.org\/it\/wp-content\/uploads\/2023\/12\/exceladvisor.org_.png\",\"contentUrl\":\"https:\/\/exceladvisor.org\/it\/wp-content\/uploads\/2023\/12\/exceladvisor.org_.png\",\"width\":105,\"height\":36,\"caption\":\"Excel Advisor\"},\"image\":{\"@id\":\"https:\/\/exceladvisor.org\/it\/#\/schema\/logo\/image\/\"}}]}<\/script>\n<!-- \/ Yoast SEO plugin. -->","yoast_head_json":{"title":"Come aggiornare rapidamente un foglio di calcolo in Excel?","description":"In Excel \u00e8 possibile aggiornare manualmente un foglio di calcolo. Di solito non \u00e8 necessario aggiornarlo manualmente perch\u00e9","robots":{"index":"index","follow":"follow","max-snippet":"max-snippet:-1","max-image-preview":"max-image-preview:large","max-video-preview":"max-video-preview:-1"},"canonical":"https:\/\/exceladvisor.org\/it\/ricaricare\/","og_locale":"it_IT","og_type":"article","og_title":"Come aggiornare rapidamente un foglio di calcolo in Excel?","og_description":"In Excel \u00e8 possibile aggiornare manualmente un foglio di calcolo. Di solito non \u00e8 necessario aggiornarlo manualmente perch\u00e9","og_url":"https:\/\/exceladvisor.org\/it\/ricaricare\/","og_site_name":"Excel Advisor","article_modified_time":"2023-12-10T06:19:36+00:00","og_image":[{"url":"https:\/\/exceladvisor.org\/wp-content\/uploads\/2023\/08\/1-referencer-une-fiche.png","type":"","width":"","height":""}],"twitter_card":"summary_large_image","twitter_misc":{"Tempo di lettura stimato":"2 minuti"},"schema":{"@context":"https:\/\/schema.org","@graph":[{"@type":"WebPage","@id":"https:\/\/exceladvisor.org\/it\/ricaricare\/","url":"https:\/\/exceladvisor.org\/it\/ricaricare\/","name":"Come aggiornare rapidamente un foglio di calcolo in Excel?","isPartOf":{"@id":"https:\/\/exceladvisor.org\/it\/#website"},"primaryImageOfPage":{"@id":"https:\/\/exceladvisor.org\/it\/ricaricare\/#primaryimage"},"image":{"@id":"https:\/\/exceladvisor.org\/it\/ricaricare\/#primaryimage"},"thumbnailUrl":"https:\/\/exceladvisor.org\/wp-content\/uploads\/2023\/08\/1-referencer-une-fiche.png","datePublished":"2023-11-03T19:45:13+00:00","dateModified":"2023-12-10T06:19:36+00:00","description":"In Excel \u00e8 possibile aggiornare manualmente un foglio di calcolo. Di solito non \u00e8 necessario aggiornarlo manualmente perch\u00e9","breadcrumb":{"@id":"https:\/\/exceladvisor.org\/it\/ricaricare\/#breadcrumb"},"inLanguage":"it-IT","potentialAction":[{"@type":"ReadAction","target":["https:\/\/exceladvisor.org\/it\/ricaricare\/"]}]},{"@type":"ImageObject","inLanguage":"it-IT","@id":"https:\/\/exceladvisor.org\/it\/ricaricare\/#primaryimage","url":"https:\/\/exceladvisor.org\/wp-content\/uploads\/2023\/08\/1-referencer-une-fiche.png","contentUrl":"https:\/\/exceladvisor.org\/wp-content\/uploads\/2023\/08\/1-referencer-une-fiche.png"},{"@type":"BreadcrumbList","@id":"https:\/\/exceladvisor.org\/it\/ricaricare\/#breadcrumb","itemListElement":[{"@type":"ListItem","position":1,"name":"Home","item":"https:\/\/exceladvisor.org\/it\/"},{"@type":"ListItem","position":2,"name":"Come aggiornare un foglio di calcolo in excel?"}]},{"@type":"WebSite","@id":"https:\/\/exceladvisor.org\/it\/#website","url":"https:\/\/exceladvisor.org\/it\/","name":"Excel Advisor","description":"Tips, Tricks, and Time-Saving Hacks","publisher":{"@id":"https:\/\/exceladvisor.org\/it\/#organization"},"potentialAction":[{"@type":"SearchAction","target":{"@type":"EntryPoint","urlTemplate":"https:\/\/exceladvisor.org\/it\/?s={search_term_string}"},"query-input":{"@type":"PropertyValueSpecification","valueRequired":true,"valueName":"search_term_string"}}],"inLanguage":"it-IT"},{"@type":"Organization","@id":"https:\/\/exceladvisor.org\/it\/#organization","name":"Excel Advisor","url":"https:\/\/exceladvisor.org\/it\/","logo":{"@type":"ImageObject","inLanguage":"it-IT","@id":"https:\/\/exceladvisor.org\/it\/#\/schema\/logo\/image\/","url":"https:\/\/exceladvisor.org\/it\/wp-content\/uploads\/2023\/12\/exceladvisor.org_.png","contentUrl":"https:\/\/exceladvisor.org\/it\/wp-content\/uploads\/2023\/12\/exceladvisor.org_.png","width":105,"height":36,"caption":"Excel Advisor"},"image":{"@id":"https:\/\/exceladvisor.org\/it\/#\/schema\/logo\/image\/"}}]}},"yoast_meta":{"yoast_wpseo_title":"","yoast_wpseo_metadesc":"","yoast_wpseo_canonical":""},"_links":{"self":[{"href":"https:\/\/exceladvisor.org\/it\/wp-json\/wp\/v2\/pages\/1803","targetHints":{"allow":["GET"]}}],"collection":[{"href":"https:\/\/exceladvisor.org\/it\/wp-json\/wp\/v2\/pages"}],"about":[{"href":"https:\/\/exceladvisor.org\/it\/wp-json\/wp\/v2\/types\/page"}],"author":[{"embeddable":true,"href":"https:\/\/exceladvisor.org\/it\/wp-json\/wp\/v2\/users\/1"}],"replies":[{"embeddable":true,"href":"https:\/\/exceladvisor.org\/it\/wp-json\/wp\/v2\/comments?post=1803"}],"version-history":[{"count":1,"href":"https:\/\/exceladvisor.org\/it\/wp-json\/wp\/v2\/pages\/1803\/revisions"}],"predecessor-version":[{"id":2253,"href":"https:\/\/exceladvisor.org\/it\/wp-json\/wp\/v2\/pages\/1803\/revisions\/2253"}],"wp:attachment":[{"href":"https:\/\/exceladvisor.org\/it\/wp-json\/wp\/v2\/media?parent=1803"}],"curies":[{"name":"wp","href":"https:\/\/api.w.org\/{rel}","templated":true}]}}