{"id":1804,"date":"2023-11-03T15:54:58","date_gmt":"2023-11-03T15:54:58","guid":{"rendered":"https:\/\/exceladvisor.org\/it\/il-testo-contiene\/"},"modified":"2023-12-10T06:28:22","modified_gmt":"2023-12-10T06:28:22","slug":"il-testo-contiene","status":"publish","type":"page","link":"https:\/\/exceladvisor.org\/it\/il-testo-contiene\/","title":{"rendered":"Power query: se il testo contiene"},"content":{"rendered":"<div class=\"excel-prima-del-contenuto\" id=\"excel-1975476387\"><script type=\"text\/javascript\">\r\n\tatOptions = {\r\n\t\t'key' : 'c1158f160081d6540a8409e6925dab94',\r\n\t\t'format' : 'iframe',\r\n\t\t'height' : 250,\r\n\t\t'width' : 300,\r\n\t\t'params' : {}\r\n\t};\r\n<\/script>\r\n<script type=\"text\/javascript\" src=\"\/\/www.highperformanceformat.com\/c1158f160081d6540a8409e6925dab94\/invoke.js\"><\/script><\/div> <p>In Power Query \u00e8 possibile utilizzare la funzione Text.Contains che \u00e8 possibile utilizzare per verificare se una sottostringa \u00e8 all&#8217;interno della stringa o meno. questa funzione, possiamo anche usare l&#8217;istruzione IF per testare una sottostringa.<\/p><p> Nell&#8217;esempio seguente abbiamo un elenco di nomi con il suffisso maschile e femminile. E bisogna verificare quali sono i nomi con il suffisso femminile. <\/p><div class=\"wp-block-image\"><figure class=\"aligncenter size-full is-resized\"><img loading=\"lazy\" decoding=\"async\" class=\"wp-image-88996\" src=\"https:\/\/exceladvisor.org\/wp-content\/uploads\/2023\/08\/1-texte-contient-une-fonction-dans-la-requete-de-puissance.png\" sizes=\"auto, \" srcset=\"\" alt=\"testo-contiene-funzione-in-power-query\" width=\"348\" height=\"294\"><\/figure><\/div><h2 class=\"wp-block-heading\"> Utilizzo di TEXT.CONTAINS in Power Query<\/h2><ol><li> Vai alla scheda Dati &gt; Ottieni dati &gt; Da altre origini &gt; Da tabella\/intervallo. <br><img loading=\"lazy\" decoding=\"async\" title=\"2-get-data-from-table-range-1\" src=\"https:\/\/exceladvisor.org\/wp-content\/uploads\/2023\/08\/2-obtenir-des-donnees-de-la-plage-de-table-2.png\" sizes=\"auto, \" srcset=\"\" alt=\"get-data-from-table-range\" width=\"495\" height=\"380\"><\/li><li> Ora vai su Aggiungi colonna &gt; Colonna personalizzata nel potente editor di query. <br><img loading=\"lazy\" decoding=\"async\" title=\"Editor di query con 3 colonne personalizzate in power\" src=\"https:\/\/exceladvisor.org\/wp-content\/uploads\/2023\/08\/3-colonnes-personnalisees-dans-lediteur-de-requete-puissant.png\" sizes=\"auto, \" srcset=\"\" alt=\"custom-column-in-power-query-editor\" width=\"492\" height=\"153\"><\/li><li> Da l\u00ec, nella finestra di dialogo della formula personalizzata, inserisci (=Text.Contains([Nomi], \u00bbMs.&#8221;)). <br><img loading=\"lazy\" decoding=\"async\" title=\"4-nella-finestra-di-dialogo-inserisci-il-testo-contiene-la-funzione\" src=\"https:\/\/exceladvisor.org\/wp-content\/uploads\/2023\/08\/4-dans-la-boite-de-dialogue-entrez-le-texte-contient-la-fonction.png\" sizes=\"auto, \" srcset=\"\" alt=\"in-dialog-box-enter-text-contains-function\" width=\"635\" height=\"200\"><\/li><li> Alla fine, fai clic su OK per aggiungere le colonne.<\/li><\/ol><p> Quando si fa clic su OK, verr\u00e0 inserita una nuova colonna con TRUE e FALSE. TRUE dove il testo contiene &#8220;Ms.&#8221; e FALSO per il resto. <\/p><div class=\"wp-block-image\"><figure class=\"aligncenter size-full is-resized\"><img loading=\"lazy\" decoding=\"async\" class=\"wp-image-89000\" src=\"https:\/\/exceladvisor.org\/wp-content\/uploads\/2023\/08\/5-nouvelle-colonne-ajoutee-avec-vrai-ou-faux.png\" sizes=\"auto, \" srcset=\"\" alt=\"nuova colonna aggiunta con vero o falso\" width=\"417\" height=\"309\"><\/figure><\/div><h2 class=\"wp-block-heading\"> Come funziona questa funzionalit\u00e0?<\/h2><p> Nella funzione hai due argomenti da definire. Nel primo argomento (Testo), la colonna contenente il testo principale da cui si vuole verificare la condizione.<\/p><p> E nel secondo argomento (sottostringa) devi specificare la sottostringa che vuoi controllare nella stringa principale del primo argomento. <\/p><div class=\"wp-block-image\"><figure class=\"aligncenter size-full\"><img loading=\"lazy\" decoding=\"async\" class=\"wp-image-89001\" src=\"https:\/\/exceladvisor.org\/wp-content\/uploads\/2023\/08\/6-comment-le-texte-contient-la-fonction-fonctionne.png\" sizes=\"auto, \" srcset=\"\" alt=\"come-funziona-il-testo-contiene-la-funzione\" width=\"364\" height=\"96\"><\/figure><\/div><h2 class=\"wp-block-heading\"> Utilizzare IF per controllare il contenuto del testo<\/h2><p> Puoi anche utilizzare l&#8217;istruzione IF per verificare se del testo contiene altro testo. Utilizzando SE \u00e8 possibile utilizzare risultati significativi anzich\u00e9 VERO e FALSO. Quindi, nell&#8217;editor di query avanzato, devi andare alla colonna Aggiungi e fare clic sulla colonna condizionale. <\/p><div class=\"wp-block-image\"><figure class=\"aligncenter size-full is-resized\"><img loading=\"lazy\" decoding=\"async\" class=\"wp-image-89002\" src=\"https:\/\/exceladvisor.org\/wp-content\/uploads\/2023\/08\/7-si-pour-verifier-le-texte-contient.png\" sizes=\"auto, \" srcset=\"\" alt=\"se-controlla-il-testo-contiene\" width=\"618\" height=\"315\"><\/figure><\/div><p> Quando si fa clic sulla colonna condizionale, viene visualizzata una finestra di dialogo per creare un&#8217;istruzione IF. <\/p><div class=\"wp-block-image\"><figure class=\"aligncenter size-full is-resized\"><img loading=\"lazy\" decoding=\"async\" class=\"wp-image-89003\" src=\"https:\/\/exceladvisor.org\/wp-content\/uploads\/2023\/08\/8-colonne-conditionnelle-a-creer-si.png\" sizes=\"auto, \" srcset=\"\" alt=\"colonna-condizionale-da-creare-se\" width=\"784\" height=\"306\"><\/figure><\/div><p> Qui devi:<\/p><ol type=\"1\"><li> Inserisci il nome della colonna.<\/li><li> Seleziona il nome della colonna per verificare la condizione.<\/li><li> Seleziona l&#8217;operatore &#8220;contiene&#8221;.<\/li><li> Valore da verificare, \u201cMs.\u201d.<\/li><li> Output da ottenere se la condizione \u00e8 VERA, \u201cDonna\u201d.<\/li><li> E l&#8217;output per ottenere la sua condizione \u00e8 FALSO, &#8220;Maschio&#8221;.<\/li><li> Alla fine, fare clic su OK per accedere alla colonna.<\/li><\/ol><p> Nel momento in cui fai clic su OK, otterrai una nuova colonna contenente &#8220;Donna&#8221; dove Testo contiene &#8220;Ms&#8221;. \u00e8 vero, e altrimenti per \u201cUomo\u201d. <\/p><div class=\"wp-block-image\"><figure class=\"aligncenter size-full is-resized\"><img loading=\"lazy\" decoding=\"async\" class=\"wp-image-89004\" src=\"https:\/\/exceladvisor.org\/wp-content\/uploads\/2023\/08\/9-nouvelle-colonne-apres-linstruction-if.png\" sizes=\"auto, \" srcset=\"\" alt=\"nuova colonna dopo l'istruzione if\" width=\"433\" height=\"321\"><\/figure><\/div><div class=\"gb-container gb-container-52dfcee1 gb-container-sample-file\"><h2 class=\"gb-headline gb-headline-e289c143 gb-headline-text gb-headline-4f7959c2\"> Ottieni il file Excel<\/h2><p> <a class=\"gb-button gb-button-e88d6bee gb-button-text gb-button-button1\" href=\"https:\/\/exceladvisor.org\/wp-content\/uploads\/2023\/08\/le-texte-contient-une-requete-avancee.xlsx\" rel=\"nofollow\">Scaricamento<\/a><\/p><\/div><div class=\"gb-container gb-container-9e2850fe gb-container-mt\"> <a class=\"gb-button gb-button-71636faa gb-button-text gb-button-mt-button\" href=\"https:\/\/exceladvisor.org\/it\/richiesta-di-potenza\/\">PowerQuery in Excel (esercitazione)<\/a><h2 class=\"gb-headline gb-headline-c566b2ed gb-headline-text gb-headline-mt-heading\"> Tutorial correlati <\/h2><div class=\"gb-grid-wrapper gb-grid-wrapper-b15ed1bf gb-grid-wrapper-mt-grid\"><div class=\"gb-grid-column gb-grid-column-6e9de105\"><div class=\"gb-container gb-container-6e9de105\"><ul><li> Unisci [Combina] pi\u00f9 FILE Excel in UN UNICO NOTEBOOK<\/li><li> <a href=\"https:\/\/exceladvisor.org\/it\/cercav-2\/\">Esegui CERCA.VERT in Power Query in Excel<\/a><\/li><li> <a href=\"https:\/\/exceladvisor.org\/it\/dati-non-ruotati\/\">Rimuovere il pivot dei dati in Excel utilizzando Power Query<\/a><\/li><li> <a href=\"https:\/\/exceladvisor.org\/it\/catena\/\">Power Query: concatena valori (testo e numeri)<\/a><\/li><li> <a href=\"https:\/\/exceladvisor.org\/it\/differenza-di-date\/\">Power query: differenza di data<\/a> <\/li><\/ul><\/div><\/div><div class=\"gb-grid-column gb-grid-column-4eaecde3\"><div class=\"gb-container gb-container-4eaecde3\"><\/div><\/div><\/div><\/div>","protected":false},"excerpt":{"rendered":"","protected":false},"author":1,"featured_media":0,"parent":0,"menu_order":0,"comment_status":"open","ping_status":"closed","template":"","meta":{"ub_ctt_via":"","footnotes":""},"class_list":["post-1804","page","type-page","status-publish","hentry"],"featured_image_src":null,"yoast_head":"<!-- This site is optimized with the Yoast SEO plugin v25.4 - https:\/\/yoast.com\/wordpress\/plugins\/seo\/ -->\n<title>Il testo contiene in Power Query (controlla se la stringa \u00e8 presente)<\/title>\n<meta name=\"description\" content=\"Ecco come verificare se una sottostringa \u00e8 presente nella stringa o meno utilizzando Power Query in Excel.\" \/>\n<meta name=\"robots\" content=\"index, follow, max-snippet:-1, max-image-preview:large, max-video-preview:-1\" \/>\n<link rel=\"canonical\" href=\"https:\/\/exceladvisor.org\/it\/il-testo-contiene\/\" \/>\n<meta property=\"og:locale\" content=\"it_IT\" \/>\n<meta property=\"og:type\" content=\"article\" \/>\n<meta property=\"og:title\" content=\"Il testo contiene in Power Query (controlla se la stringa \u00e8 presente)\" \/>\n<meta property=\"og:description\" content=\"Ecco come verificare se una sottostringa \u00e8 presente nella stringa o meno utilizzando Power Query in Excel.\" \/>\n<meta property=\"og:url\" content=\"https:\/\/exceladvisor.org\/it\/il-testo-contiene\/\" \/>\n<meta property=\"og:site_name\" content=\"Excel Advisor\" \/>\n<meta property=\"article:modified_time\" content=\"2023-12-10T06:28:22+00:00\" \/>\n<meta property=\"og:image\" content=\"https:\/\/exceladvisor.org\/wp-content\/uploads\/2023\/08\/1-texte-contient-une-fonction-dans-la-requete-de-puissance.png\" \/>\n<meta name=\"twitter:card\" content=\"summary_large_image\" \/>\n<meta name=\"twitter:label1\" content=\"Tempo di lettura stimato\" \/>\n\t<meta name=\"twitter:data1\" content=\"2 minuti\" \/>\n<script type=\"application\/ld+json\" class=\"yoast-schema-graph\">{\"@context\":\"https:\/\/schema.org\",\"@graph\":[{\"@type\":\"WebPage\",\"@id\":\"https:\/\/exceladvisor.org\/it\/il-testo-contiene\/\",\"url\":\"https:\/\/exceladvisor.org\/it\/il-testo-contiene\/\",\"name\":\"Il testo contiene in Power Query (controlla se la stringa \u00e8 presente)\",\"isPartOf\":{\"@id\":\"https:\/\/exceladvisor.org\/it\/#website\"},\"primaryImageOfPage\":{\"@id\":\"https:\/\/exceladvisor.org\/it\/il-testo-contiene\/#primaryimage\"},\"image\":{\"@id\":\"https:\/\/exceladvisor.org\/it\/il-testo-contiene\/#primaryimage\"},\"thumbnailUrl\":\"https:\/\/exceladvisor.org\/wp-content\/uploads\/2023\/08\/1-texte-contient-une-fonction-dans-la-requete-de-puissance.png\",\"datePublished\":\"2023-11-03T15:54:58+00:00\",\"dateModified\":\"2023-12-10T06:28:22+00:00\",\"description\":\"Ecco come verificare se una sottostringa \u00e8 presente nella stringa o meno utilizzando Power Query in Excel.\",\"breadcrumb\":{\"@id\":\"https:\/\/exceladvisor.org\/it\/il-testo-contiene\/#breadcrumb\"},\"inLanguage\":\"it-IT\",\"potentialAction\":[{\"@type\":\"ReadAction\",\"target\":[\"https:\/\/exceladvisor.org\/it\/il-testo-contiene\/\"]}]},{\"@type\":\"ImageObject\",\"inLanguage\":\"it-IT\",\"@id\":\"https:\/\/exceladvisor.org\/it\/il-testo-contiene\/#primaryimage\",\"url\":\"https:\/\/exceladvisor.org\/wp-content\/uploads\/2023\/08\/1-texte-contient-une-fonction-dans-la-requete-de-puissance.png\",\"contentUrl\":\"https:\/\/exceladvisor.org\/wp-content\/uploads\/2023\/08\/1-texte-contient-une-fonction-dans-la-requete-de-puissance.png\"},{\"@type\":\"BreadcrumbList\",\"@id\":\"https:\/\/exceladvisor.org\/it\/il-testo-contiene\/#breadcrumb\",\"itemListElement\":[{\"@type\":\"ListItem\",\"position\":1,\"name\":\"Home\",\"item\":\"https:\/\/exceladvisor.org\/it\/\"},{\"@type\":\"ListItem\",\"position\":2,\"name\":\"Power query: se il testo contiene\"}]},{\"@type\":\"WebSite\",\"@id\":\"https:\/\/exceladvisor.org\/it\/#website\",\"url\":\"https:\/\/exceladvisor.org\/it\/\",\"name\":\"Excel Advisor\",\"description\":\"Tips, Tricks, and Time-Saving Hacks\",\"publisher\":{\"@id\":\"https:\/\/exceladvisor.org\/it\/#organization\"},\"potentialAction\":[{\"@type\":\"SearchAction\",\"target\":{\"@type\":\"EntryPoint\",\"urlTemplate\":\"https:\/\/exceladvisor.org\/it\/?s={search_term_string}\"},\"query-input\":{\"@type\":\"PropertyValueSpecification\",\"valueRequired\":true,\"valueName\":\"search_term_string\"}}],\"inLanguage\":\"it-IT\"},{\"@type\":\"Organization\",\"@id\":\"https:\/\/exceladvisor.org\/it\/#organization\",\"name\":\"Excel Advisor\",\"url\":\"https:\/\/exceladvisor.org\/it\/\",\"logo\":{\"@type\":\"ImageObject\",\"inLanguage\":\"it-IT\",\"@id\":\"https:\/\/exceladvisor.org\/it\/#\/schema\/logo\/image\/\",\"url\":\"https:\/\/exceladvisor.org\/it\/wp-content\/uploads\/2023\/12\/exceladvisor.org_.png\",\"contentUrl\":\"https:\/\/exceladvisor.org\/it\/wp-content\/uploads\/2023\/12\/exceladvisor.org_.png\",\"width\":105,\"height\":36,\"caption\":\"Excel Advisor\"},\"image\":{\"@id\":\"https:\/\/exceladvisor.org\/it\/#\/schema\/logo\/image\/\"}}]}<\/script>\n<!-- \/ Yoast SEO plugin. -->","yoast_head_json":{"title":"Il testo contiene in Power Query (controlla se la stringa \u00e8 presente)","description":"Ecco come verificare se una sottostringa \u00e8 presente nella stringa o meno utilizzando Power Query in Excel.","robots":{"index":"index","follow":"follow","max-snippet":"max-snippet:-1","max-image-preview":"max-image-preview:large","max-video-preview":"max-video-preview:-1"},"canonical":"https:\/\/exceladvisor.org\/it\/il-testo-contiene\/","og_locale":"it_IT","og_type":"article","og_title":"Il testo contiene in Power Query (controlla se la stringa \u00e8 presente)","og_description":"Ecco come verificare se una sottostringa \u00e8 presente nella stringa o meno utilizzando Power Query in Excel.","og_url":"https:\/\/exceladvisor.org\/it\/il-testo-contiene\/","og_site_name":"Excel Advisor","article_modified_time":"2023-12-10T06:28:22+00:00","og_image":[{"url":"https:\/\/exceladvisor.org\/wp-content\/uploads\/2023\/08\/1-texte-contient-une-fonction-dans-la-requete-de-puissance.png","type":"","width":"","height":""}],"twitter_card":"summary_large_image","twitter_misc":{"Tempo di lettura stimato":"2 minuti"},"schema":{"@context":"https:\/\/schema.org","@graph":[{"@type":"WebPage","@id":"https:\/\/exceladvisor.org\/it\/il-testo-contiene\/","url":"https:\/\/exceladvisor.org\/it\/il-testo-contiene\/","name":"Il testo contiene in Power Query (controlla se la stringa \u00e8 presente)","isPartOf":{"@id":"https:\/\/exceladvisor.org\/it\/#website"},"primaryImageOfPage":{"@id":"https:\/\/exceladvisor.org\/it\/il-testo-contiene\/#primaryimage"},"image":{"@id":"https:\/\/exceladvisor.org\/it\/il-testo-contiene\/#primaryimage"},"thumbnailUrl":"https:\/\/exceladvisor.org\/wp-content\/uploads\/2023\/08\/1-texte-contient-une-fonction-dans-la-requete-de-puissance.png","datePublished":"2023-11-03T15:54:58+00:00","dateModified":"2023-12-10T06:28:22+00:00","description":"Ecco come verificare se una sottostringa \u00e8 presente nella stringa o meno utilizzando Power Query in Excel.","breadcrumb":{"@id":"https:\/\/exceladvisor.org\/it\/il-testo-contiene\/#breadcrumb"},"inLanguage":"it-IT","potentialAction":[{"@type":"ReadAction","target":["https:\/\/exceladvisor.org\/it\/il-testo-contiene\/"]}]},{"@type":"ImageObject","inLanguage":"it-IT","@id":"https:\/\/exceladvisor.org\/it\/il-testo-contiene\/#primaryimage","url":"https:\/\/exceladvisor.org\/wp-content\/uploads\/2023\/08\/1-texte-contient-une-fonction-dans-la-requete-de-puissance.png","contentUrl":"https:\/\/exceladvisor.org\/wp-content\/uploads\/2023\/08\/1-texte-contient-une-fonction-dans-la-requete-de-puissance.png"},{"@type":"BreadcrumbList","@id":"https:\/\/exceladvisor.org\/it\/il-testo-contiene\/#breadcrumb","itemListElement":[{"@type":"ListItem","position":1,"name":"Home","item":"https:\/\/exceladvisor.org\/it\/"},{"@type":"ListItem","position":2,"name":"Power query: se il testo contiene"}]},{"@type":"WebSite","@id":"https:\/\/exceladvisor.org\/it\/#website","url":"https:\/\/exceladvisor.org\/it\/","name":"Excel Advisor","description":"Tips, Tricks, and Time-Saving Hacks","publisher":{"@id":"https:\/\/exceladvisor.org\/it\/#organization"},"potentialAction":[{"@type":"SearchAction","target":{"@type":"EntryPoint","urlTemplate":"https:\/\/exceladvisor.org\/it\/?s={search_term_string}"},"query-input":{"@type":"PropertyValueSpecification","valueRequired":true,"valueName":"search_term_string"}}],"inLanguage":"it-IT"},{"@type":"Organization","@id":"https:\/\/exceladvisor.org\/it\/#organization","name":"Excel Advisor","url":"https:\/\/exceladvisor.org\/it\/","logo":{"@type":"ImageObject","inLanguage":"it-IT","@id":"https:\/\/exceladvisor.org\/it\/#\/schema\/logo\/image\/","url":"https:\/\/exceladvisor.org\/it\/wp-content\/uploads\/2023\/12\/exceladvisor.org_.png","contentUrl":"https:\/\/exceladvisor.org\/it\/wp-content\/uploads\/2023\/12\/exceladvisor.org_.png","width":105,"height":36,"caption":"Excel Advisor"},"image":{"@id":"https:\/\/exceladvisor.org\/it\/#\/schema\/logo\/image\/"}}]}},"yoast_meta":{"yoast_wpseo_title":"","yoast_wpseo_metadesc":"","yoast_wpseo_canonical":""},"_links":{"self":[{"href":"https:\/\/exceladvisor.org\/it\/wp-json\/wp\/v2\/pages\/1804","targetHints":{"allow":["GET"]}}],"collection":[{"href":"https:\/\/exceladvisor.org\/it\/wp-json\/wp\/v2\/pages"}],"about":[{"href":"https:\/\/exceladvisor.org\/it\/wp-json\/wp\/v2\/types\/page"}],"author":[{"embeddable":true,"href":"https:\/\/exceladvisor.org\/it\/wp-json\/wp\/v2\/users\/1"}],"replies":[{"embeddable":true,"href":"https:\/\/exceladvisor.org\/it\/wp-json\/wp\/v2\/comments?post=1804"}],"version-history":[{"count":1,"href":"https:\/\/exceladvisor.org\/it\/wp-json\/wp\/v2\/pages\/1804\/revisions"}],"predecessor-version":[{"id":2945,"href":"https:\/\/exceladvisor.org\/it\/wp-json\/wp\/v2\/pages\/1804\/revisions\/2945"}],"wp:attachment":[{"href":"https:\/\/exceladvisor.org\/it\/wp-json\/wp\/v2\/media?parent=1804"}],"curies":[{"name":"wp","href":"https:\/\/api.w.org\/{rel}","templated":true}]}}