{"id":1807,"date":"2023-11-03T04:01:28","date_gmt":"2023-11-03T04:01:28","guid":{"rendered":"https:\/\/exceladvisor.org\/it\/aggiungi-virgole\/"},"modified":"2023-12-10T06:20:25","modified_gmt":"2023-12-10T06:20:25","slug":"aggiungi-virgole","status":"publish","type":"page","link":"https:\/\/exceladvisor.org\/it\/aggiungi-virgole\/","title":{"rendered":"Come aggiungere virgole in excel?"},"content":{"rendered":"<div class=\"excel-prima-del-contenuto\" id=\"excel-1960880089\"><script type=\"text\/javascript\">\r\n\tatOptions = {\r\n\t\t'key' : 'c1158f160081d6540a8409e6925dab94',\r\n\t\t'format' : 'iframe',\r\n\t\t'height' : 250,\r\n\t\t'width' : 300,\r\n\t\t'params' : {}\r\n\t};\r\n<\/script>\r\n<script type=\"text\/javascript\" src=\"\/\/www.highperformanceformat.com\/c1158f160081d6540a8409e6925dab94\/invoke.js\"><\/script><\/div> <p>Se desideri aggiungere una virgola prima o dopo il valore di una cella, puoi scrivere diverse formule in Excel. Per fare ci\u00f2 \u00e8 necessario utilizzare i metodi di concatenazione oppure la funzione che permette di combinare due o pi\u00f9 valori.<\/p><p> In questo tutorial, descriveremo in dettaglio queste formule.<\/p><h2 class=\"wp-block-heading\"> Usare la e commerciale per aggiungere una virgola<\/h2><p> Nell&#8217;esempio seguente, hai due celle, A1 e B1, con valori di testo. Devi combinare questi valori da queste celle e aggiungere una virgola tra di loro.<\/p><p> Utilizza la formula seguente per farlo: <\/p><div class=\"wp-block-image\"><figure class=\"aligncenter size-full is-resized\"><img loading=\"lazy\" decoding=\"async\" class=\"alignnone  wp-image-13636\" src=\"https:\/\/exceladvisor.org\/wp-content\/uploads\/2023\/11\/formule-a-ajouter-virgules.png\" alt=\"formula per aggiungere virgole\" width=\"514\" height=\"259\" srcset=\"https:\/\/exceladvisor.org\/wp-content\/uploads\/2023\/11\/formule-a-ajouter-virgules.png 582w, https:\/\/exceladvisor.org\/wp-content\/uploads\/2023\/11\/formule-a-ajouter-virgules-300x151.png 300w\" sizes=\"auto, (max-width: 514px) 100vw, 514px\"><\/figure><\/div><pre class=\"wp-block-code\"> <code class=\"language-excel-formula\" lang=\"excel-formula\">=A1&amp;\", \"&amp;B1<\/code><\/pre><p> In questa formula hai valori dalle celle A1 e B1. E con l&#8217;aiuto delle virgolette doppie, c&#8217;\u00e8 una virgola e uno spazio tra i due valori.<\/p><p> Oppure puoi farlo anche usando la funzione CONCATENA. <\/p><pre class=\"wp-block-code\"> <code class=\"language-excel-formula\" lang=\"excel-formula\">=CONCATENATE(A1,\", \",B1)<\/code><\/pre><div class=\"wp-block-image\"><figure class=\"aligncenter size-full is-resized\"><img loading=\"lazy\" decoding=\"async\" class=\"alignnone  wp-image-13637\" src=\"https:\/\/exceladvisor.org\/wp-content\/uploads\/2023\/11\/ajouter-une-virgule-en-utilisant-concatenation.png\" alt=\"aggiungi una virgola usando la concatenazione\" width=\"512\" height=\"258\" srcset=\"https:\/\/exceladvisor.org\/wp-content\/uploads\/2023\/11\/ajouter-une-virgule-en-utilisant-concatenation.png 582w, https:\/\/exceladvisor.org\/wp-content\/uploads\/2023\/11\/ajouter-une-virgule-en-utilisant-concatenation-300x151.png 300w\" sizes=\"auto, (max-width: 512px) 100vw, 512px\"><\/figure><\/div><p> E se hai gi\u00e0 una virgola in una cella, puoi utilizzare la funzione CONCAT. <\/p><div class=\"wp-block-image\"><figure class=\"aligncenter size-full is-resized\"><img loading=\"lazy\" decoding=\"async\" class=\"alignnone  wp-image-13638\" src=\"https:\/\/exceladvisor.org\/wp-content\/uploads\/2023\/11\/concat-si-a-deja-une-virgules.png\" alt=\"concat-se-ha-gi\u00e0-una-virgola\" width=\"507\" height=\"202\" srcset=\"https:\/\/exceladvisor.org\/wp-content\/uploads\/2023\/11\/concat-si-a-deja-une-virgules.png 736w, https:\/\/exceladvisor.org\/wp-content\/uploads\/2023\/11\/concat-si-a-deja-une-virgules-300x119.png 300w\" sizes=\"auto, (max-width: 507px) 100vw, 507px\"><\/figure><\/div><p class=\"qt-tip\"> <strong>Nota:<\/strong> \u00e8 possibile utilizzare questo metodo in qualsiasi versione di Excel.<\/p><h2 class=\"wp-block-heading\"> Utilizza TEXTJOIN per aggiungere virgole tra pi\u00f9 valori<\/h2><p> Se desideri aggiungere virgole tra pi\u00f9 valori in un intervallo di celle, TEXTJOIN \u00e8 la funzione migliore. <\/p><div class=\"wp-block-image\"><figure class=\"aligncenter size-full is-resized\"><img loading=\"lazy\" decoding=\"async\" class=\"alignnone  wp-image-13639\" src=\"https:\/\/exceladvisor.org\/wp-content\/uploads\/2023\/11\/textjoin-to-add-comma.png\" alt=\"textjoin-to-add-comma\" width=\"447\" height=\"342\" srcset=\"https:\/\/exceladvisor.org\/wp-content\/uploads\/2023\/11\/textjoin-to-add-comma.png 588w, https:\/\/exceladvisor.org\/wp-content\/uploads\/2023\/11\/textjoin-to-add-comma-300x230.png 300w\" sizes=\"auto, (max-width: 447px) 100vw, 447px\"><\/figure><\/div><pre class=\"wp-block-code\"> <code class=\"language-excel-formula\" lang=\"excel-formula\">=TEXTJOIN(\", \",TRUE,A1:A5)<\/code><\/pre><p> \u00c8 facile aggiungere una virgola o qualsiasi altro delimitatore con TEXTJOIN. Come potete vedere:<\/p><ul><li> Abbiamo specificato una virgola e uno spazio nel primo argomento della funzione.<\/li><li> E poi VERO per ignorare le celle vuote.<\/li><li> Alla fine abbiamo fatto riferimento alla fascia da cui volevamo arrivare.<\/li><\/ul><p> Quando premi Invio ti vengono forniti tutti i valori con una virgola e uno spazio tra ogni parola. <\/p><div class=\"gb-container gb-container-52dfcee1 gb-container-sample-file\"><h2 class=\"gb-headline gb-headline-e289c143 gb-headline-text gb-headline-4f7959c2\"> Ottieni il file Excel<\/h2> <a class=\"gb-button gb-button-e88d6bee gb-button-text gb-button-button1\" href=\"https:\/\/exceladvisor.org\/wp-content\/uploads\/2023\/11\/ajouter-une-virgule.xlsx\" rel=\"nofollow\">Scaricamento<\/a><\/div><div class=\"gb-container gb-container-0df56012 gb-container-mt\"> <a class=\"gb-button gb-button-f9f432f4 gb-button-text gb-button-mt-button\" href=\"https:\/\/exceladvisor.org\/it\/formule\/\">Elenco delle formule di Excel<\/a><h2 class=\"gb-headline gb-headline-233444e8 gb-headline-text gb-headline-mt-heading\"> Formule correlate <\/h2><div class=\"gb-grid-wrapper gb-grid-wrapper-a16fa65c gb-grid-wrapper-mt-grid\"><div class=\"gb-grid-column gb-grid-column-50d07e0d\"><div class=\"gb-container gb-container-50d07e0d\"><ul><li> <a href=\"https:\/\/exceladvisor.org\/it\/nuova-riga-nella-cella\/\">Aggiungi una nuova riga a una cella in Excel (interruzione di riga)<\/a><\/li><li> <a href=\"https:\/\/exceladvisor.org\/it\/zeri-iniziali\/\">Aggiungi zeri iniziali in Excel<\/a><\/li><li> <a href=\"https:\/\/exceladvisor.org\/it\/concatenare-le-celle-con-una-virgola\/\">Concatena (combina) le celle con una virgola in Excel<\/a><\/li><li> <a href=\"https:\/\/exceladvisor.org\/it\/concatenare-un-intervallo-di-celle\/\">Concatena (combina) un intervallo di celle in Excel<\/a><\/li><li> <a href=\"https:\/\/exceladvisor.org\/it\/concatenare-uninterruzione-di-riga\/\">Concatena con interruzione di riga in Excel<\/a><\/li><\/ul><\/div><\/div><\/div><\/div>","protected":false},"excerpt":{"rendered":"","protected":false},"author":1,"featured_media":0,"parent":0,"menu_order":0,"comment_status":"open","ping_status":"closed","template":"","meta":{"ub_ctt_via":"","footnotes":""},"class_list":["post-1807","page","type-page","status-publish","hentry"],"featured_image_src":null,"yoast_head":"<!-- This site is optimized with the Yoast SEO plugin v25.4 - https:\/\/yoast.com\/wordpress\/plugins\/seo\/ -->\n<title>\u25b7 Come aggiungere virgole in Excel? (Cella - Testo)<\/title>\n<meta name=\"description\" content=\"Questo tutorial ti insegner\u00e0 come scrivere una formula Excel per aggiungere virgole dopo o prima di un valore. Controlliamo questo...\" \/>\n<meta name=\"robots\" content=\"index, follow, max-snippet:-1, max-image-preview:large, max-video-preview:-1\" \/>\n<link rel=\"canonical\" href=\"https:\/\/exceladvisor.org\/it\/aggiungi-virgole\/\" \/>\n<meta property=\"og:locale\" content=\"it_IT\" \/>\n<meta property=\"og:type\" content=\"article\" \/>\n<meta property=\"og:title\" content=\"\u25b7 Come aggiungere virgole in Excel? (Cella - Testo)\" \/>\n<meta property=\"og:description\" content=\"Questo tutorial ti insegner\u00e0 come scrivere una formula Excel per aggiungere virgole dopo o prima di un valore. Controlliamo questo...\" \/>\n<meta property=\"og:url\" content=\"https:\/\/exceladvisor.org\/it\/aggiungi-virgole\/\" \/>\n<meta property=\"og:site_name\" content=\"Excel Advisor\" \/>\n<meta property=\"article:modified_time\" content=\"2023-12-10T06:20:25+00:00\" \/>\n<meta property=\"og:image\" content=\"https:\/\/exceladvisor.org\/wp-content\/uploads\/2023\/11\/formule-a-ajouter-virgules.png\" \/>\n<meta name=\"twitter:card\" content=\"summary_large_image\" \/>\n<meta name=\"twitter:label1\" content=\"Tempo di lettura stimato\" \/>\n\t<meta name=\"twitter:data1\" content=\"1 minuto\" \/>\n<script type=\"application\/ld+json\" class=\"yoast-schema-graph\">{\"@context\":\"https:\/\/schema.org\",\"@graph\":[{\"@type\":\"WebPage\",\"@id\":\"https:\/\/exceladvisor.org\/it\/aggiungi-virgole\/\",\"url\":\"https:\/\/exceladvisor.org\/it\/aggiungi-virgole\/\",\"name\":\"\u25b7 Come aggiungere virgole in Excel? (Cella - Testo)\",\"isPartOf\":{\"@id\":\"https:\/\/exceladvisor.org\/it\/#website\"},\"primaryImageOfPage\":{\"@id\":\"https:\/\/exceladvisor.org\/it\/aggiungi-virgole\/#primaryimage\"},\"image\":{\"@id\":\"https:\/\/exceladvisor.org\/it\/aggiungi-virgole\/#primaryimage\"},\"thumbnailUrl\":\"https:\/\/exceladvisor.org\/wp-content\/uploads\/2023\/11\/formule-a-ajouter-virgules.png\",\"datePublished\":\"2023-11-03T04:01:28+00:00\",\"dateModified\":\"2023-12-10T06:20:25+00:00\",\"description\":\"Questo tutorial ti insegner\u00e0 come scrivere una formula Excel per aggiungere virgole dopo o prima di un valore. Controlliamo questo...\",\"breadcrumb\":{\"@id\":\"https:\/\/exceladvisor.org\/it\/aggiungi-virgole\/#breadcrumb\"},\"inLanguage\":\"it-IT\",\"potentialAction\":[{\"@type\":\"ReadAction\",\"target\":[\"https:\/\/exceladvisor.org\/it\/aggiungi-virgole\/\"]}]},{\"@type\":\"ImageObject\",\"inLanguage\":\"it-IT\",\"@id\":\"https:\/\/exceladvisor.org\/it\/aggiungi-virgole\/#primaryimage\",\"url\":\"https:\/\/exceladvisor.org\/wp-content\/uploads\/2023\/11\/formule-a-ajouter-virgules.png\",\"contentUrl\":\"https:\/\/exceladvisor.org\/wp-content\/uploads\/2023\/11\/formule-a-ajouter-virgules.png\"},{\"@type\":\"BreadcrumbList\",\"@id\":\"https:\/\/exceladvisor.org\/it\/aggiungi-virgole\/#breadcrumb\",\"itemListElement\":[{\"@type\":\"ListItem\",\"position\":1,\"name\":\"Home\",\"item\":\"https:\/\/exceladvisor.org\/it\/\"},{\"@type\":\"ListItem\",\"position\":2,\"name\":\"Come aggiungere virgole in excel?\"}]},{\"@type\":\"WebSite\",\"@id\":\"https:\/\/exceladvisor.org\/it\/#website\",\"url\":\"https:\/\/exceladvisor.org\/it\/\",\"name\":\"Excel Advisor\",\"description\":\"Tips, Tricks, and Time-Saving Hacks\",\"publisher\":{\"@id\":\"https:\/\/exceladvisor.org\/it\/#organization\"},\"potentialAction\":[{\"@type\":\"SearchAction\",\"target\":{\"@type\":\"EntryPoint\",\"urlTemplate\":\"https:\/\/exceladvisor.org\/it\/?s={search_term_string}\"},\"query-input\":{\"@type\":\"PropertyValueSpecification\",\"valueRequired\":true,\"valueName\":\"search_term_string\"}}],\"inLanguage\":\"it-IT\"},{\"@type\":\"Organization\",\"@id\":\"https:\/\/exceladvisor.org\/it\/#organization\",\"name\":\"Excel Advisor\",\"url\":\"https:\/\/exceladvisor.org\/it\/\",\"logo\":{\"@type\":\"ImageObject\",\"inLanguage\":\"it-IT\",\"@id\":\"https:\/\/exceladvisor.org\/it\/#\/schema\/logo\/image\/\",\"url\":\"https:\/\/exceladvisor.org\/it\/wp-content\/uploads\/2023\/12\/exceladvisor.org_.png\",\"contentUrl\":\"https:\/\/exceladvisor.org\/it\/wp-content\/uploads\/2023\/12\/exceladvisor.org_.png\",\"width\":105,\"height\":36,\"caption\":\"Excel Advisor\"},\"image\":{\"@id\":\"https:\/\/exceladvisor.org\/it\/#\/schema\/logo\/image\/\"}}]}<\/script>\n<!-- \/ Yoast SEO plugin. -->","yoast_head_json":{"title":"\u25b7 Come aggiungere virgole in Excel? (Cella - Testo)","description":"Questo tutorial ti insegner\u00e0 come scrivere una formula Excel per aggiungere virgole dopo o prima di un valore. Controlliamo questo...","robots":{"index":"index","follow":"follow","max-snippet":"max-snippet:-1","max-image-preview":"max-image-preview:large","max-video-preview":"max-video-preview:-1"},"canonical":"https:\/\/exceladvisor.org\/it\/aggiungi-virgole\/","og_locale":"it_IT","og_type":"article","og_title":"\u25b7 Come aggiungere virgole in Excel? (Cella - Testo)","og_description":"Questo tutorial ti insegner\u00e0 come scrivere una formula Excel per aggiungere virgole dopo o prima di un valore. Controlliamo questo...","og_url":"https:\/\/exceladvisor.org\/it\/aggiungi-virgole\/","og_site_name":"Excel Advisor","article_modified_time":"2023-12-10T06:20:25+00:00","og_image":[{"url":"https:\/\/exceladvisor.org\/wp-content\/uploads\/2023\/11\/formule-a-ajouter-virgules.png","type":"","width":"","height":""}],"twitter_card":"summary_large_image","twitter_misc":{"Tempo di lettura stimato":"1 minuto"},"schema":{"@context":"https:\/\/schema.org","@graph":[{"@type":"WebPage","@id":"https:\/\/exceladvisor.org\/it\/aggiungi-virgole\/","url":"https:\/\/exceladvisor.org\/it\/aggiungi-virgole\/","name":"\u25b7 Come aggiungere virgole in Excel? (Cella - Testo)","isPartOf":{"@id":"https:\/\/exceladvisor.org\/it\/#website"},"primaryImageOfPage":{"@id":"https:\/\/exceladvisor.org\/it\/aggiungi-virgole\/#primaryimage"},"image":{"@id":"https:\/\/exceladvisor.org\/it\/aggiungi-virgole\/#primaryimage"},"thumbnailUrl":"https:\/\/exceladvisor.org\/wp-content\/uploads\/2023\/11\/formule-a-ajouter-virgules.png","datePublished":"2023-11-03T04:01:28+00:00","dateModified":"2023-12-10T06:20:25+00:00","description":"Questo tutorial ti insegner\u00e0 come scrivere una formula Excel per aggiungere virgole dopo o prima di un valore. Controlliamo questo...","breadcrumb":{"@id":"https:\/\/exceladvisor.org\/it\/aggiungi-virgole\/#breadcrumb"},"inLanguage":"it-IT","potentialAction":[{"@type":"ReadAction","target":["https:\/\/exceladvisor.org\/it\/aggiungi-virgole\/"]}]},{"@type":"ImageObject","inLanguage":"it-IT","@id":"https:\/\/exceladvisor.org\/it\/aggiungi-virgole\/#primaryimage","url":"https:\/\/exceladvisor.org\/wp-content\/uploads\/2023\/11\/formule-a-ajouter-virgules.png","contentUrl":"https:\/\/exceladvisor.org\/wp-content\/uploads\/2023\/11\/formule-a-ajouter-virgules.png"},{"@type":"BreadcrumbList","@id":"https:\/\/exceladvisor.org\/it\/aggiungi-virgole\/#breadcrumb","itemListElement":[{"@type":"ListItem","position":1,"name":"Home","item":"https:\/\/exceladvisor.org\/it\/"},{"@type":"ListItem","position":2,"name":"Come aggiungere virgole in excel?"}]},{"@type":"WebSite","@id":"https:\/\/exceladvisor.org\/it\/#website","url":"https:\/\/exceladvisor.org\/it\/","name":"Excel Advisor","description":"Tips, Tricks, and Time-Saving Hacks","publisher":{"@id":"https:\/\/exceladvisor.org\/it\/#organization"},"potentialAction":[{"@type":"SearchAction","target":{"@type":"EntryPoint","urlTemplate":"https:\/\/exceladvisor.org\/it\/?s={search_term_string}"},"query-input":{"@type":"PropertyValueSpecification","valueRequired":true,"valueName":"search_term_string"}}],"inLanguage":"it-IT"},{"@type":"Organization","@id":"https:\/\/exceladvisor.org\/it\/#organization","name":"Excel Advisor","url":"https:\/\/exceladvisor.org\/it\/","logo":{"@type":"ImageObject","inLanguage":"it-IT","@id":"https:\/\/exceladvisor.org\/it\/#\/schema\/logo\/image\/","url":"https:\/\/exceladvisor.org\/it\/wp-content\/uploads\/2023\/12\/exceladvisor.org_.png","contentUrl":"https:\/\/exceladvisor.org\/it\/wp-content\/uploads\/2023\/12\/exceladvisor.org_.png","width":105,"height":36,"caption":"Excel Advisor"},"image":{"@id":"https:\/\/exceladvisor.org\/it\/#\/schema\/logo\/image\/"}}]}},"yoast_meta":{"yoast_wpseo_title":"","yoast_wpseo_metadesc":"","yoast_wpseo_canonical":""},"_links":{"self":[{"href":"https:\/\/exceladvisor.org\/it\/wp-json\/wp\/v2\/pages\/1807","targetHints":{"allow":["GET"]}}],"collection":[{"href":"https:\/\/exceladvisor.org\/it\/wp-json\/wp\/v2\/pages"}],"about":[{"href":"https:\/\/exceladvisor.org\/it\/wp-json\/wp\/v2\/types\/page"}],"author":[{"embeddable":true,"href":"https:\/\/exceladvisor.org\/it\/wp-json\/wp\/v2\/users\/1"}],"replies":[{"embeddable":true,"href":"https:\/\/exceladvisor.org\/it\/wp-json\/wp\/v2\/comments?post=1807"}],"version-history":[{"count":1,"href":"https:\/\/exceladvisor.org\/it\/wp-json\/wp\/v2\/pages\/1807\/revisions"}],"predecessor-version":[{"id":2302,"href":"https:\/\/exceladvisor.org\/it\/wp-json\/wp\/v2\/pages\/1807\/revisions\/2302"}],"wp:attachment":[{"href":"https:\/\/exceladvisor.org\/it\/wp-json\/wp\/v2\/media?parent=1807"}],"curies":[{"name":"wp","href":"https:\/\/api.w.org\/{rel}","templated":true}]}}