{"id":1808,"date":"2023-11-03T03:25:57","date_gmt":"2023-11-03T03:25:57","guid":{"rendered":"https:\/\/exceladvisor.org\/it\/errore-di-valore\/"},"modified":"2023-12-10T06:22:43","modified_gmt":"2023-12-10T06:22:43","slug":"errore-di-valore","status":"publish","type":"page","link":"https:\/\/exceladvisor.org\/it\/errore-di-valore\/","title":{"rendered":"Come correggere #valore! errore in excel?"},"content":{"rendered":"<div class=\"excel-prima-del-contenuto\" id=\"excel-2849749264\"><script type=\"text\/javascript\">\r\n\tatOptions = {\r\n\t\t'key' : 'c1158f160081d6540a8409e6925dab94',\r\n\t\t'format' : 'iframe',\r\n\t\t'height' : 250,\r\n\t\t'width' : 300,\r\n\t\t'params' : {}\r\n\t};\r\n<\/script>\r\n<script type=\"text\/javascript\" src=\"\/\/www.highperformanceformat.com\/c1158f160081d6540a8409e6925dab94\/invoke.js\"><\/script><\/div> <p>In Excel, #VALORE! L&#8217;errore si verifica quando il tipo del valore di input non \u00e8 corretto. Supponiamo di voler aggiungere due numeri da due celle, ma nella seconda cella il valore \u00e8 testo. Quindi qui eseguire questo calcolo non \u00e8 possibile perch\u00e9 non \u00e8 possibile aggiungere un numero o un testo. <\/p><div class=\"wp-block-image\"><figure class=\"aligncenter size-full is-resized\"><img loading=\"lazy\" decoding=\"async\" class=\"wp-image-70013\" src=\"https:\/\/exceladvisor.org\/wp-content\/uploads\/2023\/08\/1-erreur-de-valeur-de-fixation.png\" sizes=\"auto, \" srcset=\"\" alt=\"correzione dell'errore del valore\" width=\"503\" height=\"282\"><\/figure><\/div><h2 class=\"wp-block-heading\"> Passaggi per correggere #VALORE! Errore in Excel<\/h2><ol type=\"1\"><li> Il primo passo per dare #VALORE! L&#8217;errore consiste nel verificare che i valori specificati nella formula siano del tipo corretto.<\/li><li> Controlla se il valore specificato in un argomento \u00e8 valido o meno. Ad esempio, se voglio estrarre il <sup>25\u00b0<\/sup> carattere da un testo ma questo testo ha solo 20 caratteri.<\/li><li> Successivamente, assicurati di controllare la dimensione delle tabelle a cui hai fatto riferimento. Ad esempio, in una riga hai 10 celle e nella seconda cella hai 12 celle. Anche questo porta a #VALORE! errore.<\/li><li> Controlla se un valore nei tuoi dati di input ha un #VALORE! gi\u00e0 errore. Questo pu\u00f2 portare anche ad avere #VALORE! errore nel risultato.<\/li><\/ol><p> Sopra sono riportati alcuni dei controlli iniziali che \u00e8 possibile eseguire per correggere l&#8217;errore. Vediamo ora alcuni esempi reali per comprendere meglio.<\/p><h2 class=\"wp-block-heading\"> #VALORE! Errore con SUMPRODUCT<\/h2><p> Nell&#8217;esempio seguente abbiamo utilizzato la funzione SUMPRODUCT e nella seconda tabella ci siamo riferiti all&#8217;intervallo di dieci celle, mentre nel secondo intervallo ci siamo erroneamente riferiti a B1:B9 che ha 9 celle. E questo porta ad avere #VALORE! <\/p><div class=\"wp-block-image\"><figure class=\"aligncenter size-full is-resized\"><img loading=\"lazy\" decoding=\"async\" class=\"wp-image-70014\" src=\"https:\/\/exceladvisor.org\/wp-content\/uploads\/2023\/08\/2-erreur-de-valeur-avec-sumproduct.png\" sizes=\"auto, \" srcset=\"\" alt=\"valore-errore-con-sommaprodotto\" width=\"512\" height=\"374\"><\/figure><\/div><p> Ci\u00f2 pu\u00f2 verificarsi anche con altre funzioni, ad esempio SOMMA.SE, SOMMA.SE, MEDIA.SE e MEDIA.SE.<\/p><h2 class=\"wp-block-heading\"> #VALORE! Errore durante le date lavorative<\/h2><p> Nell&#8217;esempio seguente, nella cella A1 \u00e8 presente una data memorizzata come testo e nel formato errato. Ora, se proviamo a utilizzare questa data in un calcolo, restituir\u00e0 #VALORE! <\/p><div class=\"wp-block-image\"><figure class=\"aligncenter size-full is-resized\"><img loading=\"lazy\" decoding=\"async\" class=\"wp-image-70015\" src=\"https:\/\/exceladvisor.org\/wp-content\/uploads\/2023\/08\/3-erreur-de-valeur-pendant-les-dates-de-travail.png\" sizes=\"auto, \" srcset=\"\" alt=\"errore-di-valore-durante-date-di-lavoro\" width=\"508\" height=\"266\"><\/figure><\/div><p> Il motivo \u00e8 che quando provi a fare un calcolo e quella data \u00e8 un test, quella funzione o anche quella formula non possono identificare quella data, anche se il formato della data \u00e8 leggibile dall&#8217;uomo.<\/p><h2 class=\"wp-block-heading\"> #VALORE! Quando si include un valore di spazio in un calcolo<\/h2><p> Nell&#8217;esempio seguente, quando stavo cercando di aggiungere le celle A1 e A2, ho ottenuto #VALORE! errore. <\/p><div class=\"wp-block-image\"><figure class=\"aligncenter size-full is-resized\"><img loading=\"lazy\" decoding=\"async\" class=\"wp-image-70016\" src=\"https:\/\/exceladvisor.org\/wp-content\/uploads\/2023\/08\/4-valeur-quand-inclure-la-valeur-de-lespace.png\" sizes=\"auto, \" srcset=\"\" alt=\"valore-quando-include-valore-spazio\" width=\"422\" height=\"329\"><\/figure><\/div><p> Il motivo \u00e8 questo: nella cella A1 abbiamo uno spazio invisibile a qualsiasi utente. E quando l&#8217;ho fatto riferimento nel calcolo mi ha dato #VALORE!<\/p><p> Ecco quindi alcuni dei motivi per cui potresti trovarti di fronte a #VALORE! errore in Excel. Ma il modo migliore per gestire questo errore \u00e8 guardare i valori a cui fai riferimento nella formula. <\/p><div class=\"gb-container gb-container-52dfcee1 gb-container-sample-file\"><h2 class=\"gb-headline gb-headline-e289c143 gb-headline-text gb-headline-4f7959c2\"> Ottieni il file Excel<\/h2> <a class=\"gb-button gb-button-e88d6bee gb-button-text gb-button-button1\" href=\"https:\/\/exceladvisor.org\/wp-content\/uploads\/2023\/11\/corriger-lerreur-de-valeur.xlsx\" rel=\"nofollow\">Scaricamento<\/a><\/div><div class=\"gb-container gb-container-0df56012 gb-container-mt\"> <a class=\"gb-button gb-button-f9f432f4 gb-button-text gb-button-mt-button\" href=\"https:\/\/exceladvisor.org\/it\/formule\/\">Elenco delle formule di Excel<\/a><h2 class=\"gb-headline gb-headline-233444e8 gb-headline-text gb-headline-mt-heading\"> Formule correlate <\/h2><div class=\"gb-grid-wrapper gb-grid-wrapper-a16fa65c gb-grid-wrapper-mt-grid\"><div class=\"gb-grid-column gb-grid-column-50d07e0d\"><div class=\"gb-container gb-container-50d07e0d\"><ul><li> <a href=\"https:\/\/exceladvisor.org\/it\/errore-di-divisione\/\">Errore #DIV\/0<\/a><\/li><li> <a href=\"https:\/\/exceladvisor.org\/it\/errore-di-fuoriuscita\/\">#DIFFUSIONE! Errore<\/a><\/li><li> <a href=\"https:\/\/exceladvisor.org\/it\/ignorare-gli-errori\/\">Ignora tutti gli errori in Excel<\/a> <\/li><\/ul><\/div><\/div><div class=\"gb-grid-column gb-grid-column-5b4a0cf9\"><div class=\"gb-container gb-container-5b4a0cf9\"><ul><li> <a href=\"https:\/\/exceladvisor.org\/it\/nessun-errore\/\">#N\/D Errore in Excel<\/a><\/li><li> <a href=\"https:\/\/exceladvisor.org\/it\/errore-di-riferimento\/\">#RIF! Errore in Excel<\/a><\/li><\/ul><\/div><\/div><\/div><\/div>","protected":false},"excerpt":{"rendered":"","protected":false},"author":1,"featured_media":0,"parent":0,"menu_order":0,"comment_status":"open","ping_status":"closed","template":"","meta":{"ub_ctt_via":"","footnotes":""},"class_list":["post-1808","page","type-page","status-publish","hentry"],"featured_image_src":null,"yoast_head":"<!-- This site is optimized with the Yoast SEO plugin v25.4 - https:\/\/yoast.com\/wordpress\/plugins\/seo\/ -->\n<title>Come correggere #VALORE! Errore in Excel? - Consulente Excel<\/title>\n<meta name=\"description\" content=\"In questo tutorial sulla formula capirai #VALORE! errore, quando ci troviamo di fronte ad esso, e quali sono i modi per porvi rimedio?\" \/>\n<meta name=\"robots\" content=\"index, follow, max-snippet:-1, max-image-preview:large, max-video-preview:-1\" \/>\n<link rel=\"canonical\" href=\"https:\/\/exceladvisor.org\/it\/errore-di-valore\/\" \/>\n<meta property=\"og:locale\" content=\"it_IT\" \/>\n<meta property=\"og:type\" content=\"article\" \/>\n<meta property=\"og:title\" content=\"Come correggere #VALORE! Errore in Excel? - Consulente Excel\" \/>\n<meta property=\"og:description\" content=\"In questo tutorial sulla formula capirai #VALORE! errore, quando ci troviamo di fronte ad esso, e quali sono i modi per porvi rimedio?\" \/>\n<meta property=\"og:url\" content=\"https:\/\/exceladvisor.org\/it\/errore-di-valore\/\" \/>\n<meta property=\"og:site_name\" content=\"Excel Advisor\" \/>\n<meta property=\"article:modified_time\" content=\"2023-12-10T06:22:43+00:00\" \/>\n<meta property=\"og:image\" content=\"https:\/\/exceladvisor.org\/wp-content\/uploads\/2023\/08\/1-erreur-de-valeur-de-fixation.png\" \/>\n<meta name=\"twitter:card\" content=\"summary_large_image\" \/>\n<meta name=\"twitter:label1\" content=\"Tempo di lettura stimato\" \/>\n\t<meta name=\"twitter:data1\" content=\"2 minuti\" \/>\n<script type=\"application\/ld+json\" class=\"yoast-schema-graph\">{\"@context\":\"https:\/\/schema.org\",\"@graph\":[{\"@type\":\"WebPage\",\"@id\":\"https:\/\/exceladvisor.org\/it\/errore-di-valore\/\",\"url\":\"https:\/\/exceladvisor.org\/it\/errore-di-valore\/\",\"name\":\"Come correggere #VALORE! Errore in Excel? - Consulente Excel\",\"isPartOf\":{\"@id\":\"https:\/\/exceladvisor.org\/it\/#website\"},\"primaryImageOfPage\":{\"@id\":\"https:\/\/exceladvisor.org\/it\/errore-di-valore\/#primaryimage\"},\"image\":{\"@id\":\"https:\/\/exceladvisor.org\/it\/errore-di-valore\/#primaryimage\"},\"thumbnailUrl\":\"https:\/\/exceladvisor.org\/wp-content\/uploads\/2023\/08\/1-erreur-de-valeur-de-fixation.png\",\"datePublished\":\"2023-11-03T03:25:57+00:00\",\"dateModified\":\"2023-12-10T06:22:43+00:00\",\"description\":\"In questo tutorial sulla formula capirai #VALORE! errore, quando ci troviamo di fronte ad esso, e quali sono i modi per porvi rimedio?\",\"breadcrumb\":{\"@id\":\"https:\/\/exceladvisor.org\/it\/errore-di-valore\/#breadcrumb\"},\"inLanguage\":\"it-IT\",\"potentialAction\":[{\"@type\":\"ReadAction\",\"target\":[\"https:\/\/exceladvisor.org\/it\/errore-di-valore\/\"]}]},{\"@type\":\"ImageObject\",\"inLanguage\":\"it-IT\",\"@id\":\"https:\/\/exceladvisor.org\/it\/errore-di-valore\/#primaryimage\",\"url\":\"https:\/\/exceladvisor.org\/wp-content\/uploads\/2023\/08\/1-erreur-de-valeur-de-fixation.png\",\"contentUrl\":\"https:\/\/exceladvisor.org\/wp-content\/uploads\/2023\/08\/1-erreur-de-valeur-de-fixation.png\"},{\"@type\":\"BreadcrumbList\",\"@id\":\"https:\/\/exceladvisor.org\/it\/errore-di-valore\/#breadcrumb\",\"itemListElement\":[{\"@type\":\"ListItem\",\"position\":1,\"name\":\"Home\",\"item\":\"https:\/\/exceladvisor.org\/it\/\"},{\"@type\":\"ListItem\",\"position\":2,\"name\":\"Come correggere #valore! errore in excel?\"}]},{\"@type\":\"WebSite\",\"@id\":\"https:\/\/exceladvisor.org\/it\/#website\",\"url\":\"https:\/\/exceladvisor.org\/it\/\",\"name\":\"Excel Advisor\",\"description\":\"Tips, Tricks, and Time-Saving Hacks\",\"publisher\":{\"@id\":\"https:\/\/exceladvisor.org\/it\/#organization\"},\"potentialAction\":[{\"@type\":\"SearchAction\",\"target\":{\"@type\":\"EntryPoint\",\"urlTemplate\":\"https:\/\/exceladvisor.org\/it\/?s={search_term_string}\"},\"query-input\":{\"@type\":\"PropertyValueSpecification\",\"valueRequired\":true,\"valueName\":\"search_term_string\"}}],\"inLanguage\":\"it-IT\"},{\"@type\":\"Organization\",\"@id\":\"https:\/\/exceladvisor.org\/it\/#organization\",\"name\":\"Excel Advisor\",\"url\":\"https:\/\/exceladvisor.org\/it\/\",\"logo\":{\"@type\":\"ImageObject\",\"inLanguage\":\"it-IT\",\"@id\":\"https:\/\/exceladvisor.org\/it\/#\/schema\/logo\/image\/\",\"url\":\"https:\/\/exceladvisor.org\/it\/wp-content\/uploads\/2023\/12\/exceladvisor.org_.png\",\"contentUrl\":\"https:\/\/exceladvisor.org\/it\/wp-content\/uploads\/2023\/12\/exceladvisor.org_.png\",\"width\":105,\"height\":36,\"caption\":\"Excel Advisor\"},\"image\":{\"@id\":\"https:\/\/exceladvisor.org\/it\/#\/schema\/logo\/image\/\"}}]}<\/script>\n<!-- \/ Yoast SEO plugin. -->","yoast_head_json":{"title":"Come correggere #VALORE! Errore in Excel? - Consulente Excel","description":"In questo tutorial sulla formula capirai #VALORE! errore, quando ci troviamo di fronte ad esso, e quali sono i modi per porvi rimedio?","robots":{"index":"index","follow":"follow","max-snippet":"max-snippet:-1","max-image-preview":"max-image-preview:large","max-video-preview":"max-video-preview:-1"},"canonical":"https:\/\/exceladvisor.org\/it\/errore-di-valore\/","og_locale":"it_IT","og_type":"article","og_title":"Come correggere #VALORE! Errore in Excel? - Consulente Excel","og_description":"In questo tutorial sulla formula capirai #VALORE! errore, quando ci troviamo di fronte ad esso, e quali sono i modi per porvi rimedio?","og_url":"https:\/\/exceladvisor.org\/it\/errore-di-valore\/","og_site_name":"Excel Advisor","article_modified_time":"2023-12-10T06:22:43+00:00","og_image":[{"url":"https:\/\/exceladvisor.org\/wp-content\/uploads\/2023\/08\/1-erreur-de-valeur-de-fixation.png","type":"","width":"","height":""}],"twitter_card":"summary_large_image","twitter_misc":{"Tempo di lettura stimato":"2 minuti"},"schema":{"@context":"https:\/\/schema.org","@graph":[{"@type":"WebPage","@id":"https:\/\/exceladvisor.org\/it\/errore-di-valore\/","url":"https:\/\/exceladvisor.org\/it\/errore-di-valore\/","name":"Come correggere #VALORE! Errore in Excel? - Consulente Excel","isPartOf":{"@id":"https:\/\/exceladvisor.org\/it\/#website"},"primaryImageOfPage":{"@id":"https:\/\/exceladvisor.org\/it\/errore-di-valore\/#primaryimage"},"image":{"@id":"https:\/\/exceladvisor.org\/it\/errore-di-valore\/#primaryimage"},"thumbnailUrl":"https:\/\/exceladvisor.org\/wp-content\/uploads\/2023\/08\/1-erreur-de-valeur-de-fixation.png","datePublished":"2023-11-03T03:25:57+00:00","dateModified":"2023-12-10T06:22:43+00:00","description":"In questo tutorial sulla formula capirai #VALORE! errore, quando ci troviamo di fronte ad esso, e quali sono i modi per porvi rimedio?","breadcrumb":{"@id":"https:\/\/exceladvisor.org\/it\/errore-di-valore\/#breadcrumb"},"inLanguage":"it-IT","potentialAction":[{"@type":"ReadAction","target":["https:\/\/exceladvisor.org\/it\/errore-di-valore\/"]}]},{"@type":"ImageObject","inLanguage":"it-IT","@id":"https:\/\/exceladvisor.org\/it\/errore-di-valore\/#primaryimage","url":"https:\/\/exceladvisor.org\/wp-content\/uploads\/2023\/08\/1-erreur-de-valeur-de-fixation.png","contentUrl":"https:\/\/exceladvisor.org\/wp-content\/uploads\/2023\/08\/1-erreur-de-valeur-de-fixation.png"},{"@type":"BreadcrumbList","@id":"https:\/\/exceladvisor.org\/it\/errore-di-valore\/#breadcrumb","itemListElement":[{"@type":"ListItem","position":1,"name":"Home","item":"https:\/\/exceladvisor.org\/it\/"},{"@type":"ListItem","position":2,"name":"Come correggere #valore! errore in excel?"}]},{"@type":"WebSite","@id":"https:\/\/exceladvisor.org\/it\/#website","url":"https:\/\/exceladvisor.org\/it\/","name":"Excel Advisor","description":"Tips, Tricks, and Time-Saving Hacks","publisher":{"@id":"https:\/\/exceladvisor.org\/it\/#organization"},"potentialAction":[{"@type":"SearchAction","target":{"@type":"EntryPoint","urlTemplate":"https:\/\/exceladvisor.org\/it\/?s={search_term_string}"},"query-input":{"@type":"PropertyValueSpecification","valueRequired":true,"valueName":"search_term_string"}}],"inLanguage":"it-IT"},{"@type":"Organization","@id":"https:\/\/exceladvisor.org\/it\/#organization","name":"Excel Advisor","url":"https:\/\/exceladvisor.org\/it\/","logo":{"@type":"ImageObject","inLanguage":"it-IT","@id":"https:\/\/exceladvisor.org\/it\/#\/schema\/logo\/image\/","url":"https:\/\/exceladvisor.org\/it\/wp-content\/uploads\/2023\/12\/exceladvisor.org_.png","contentUrl":"https:\/\/exceladvisor.org\/it\/wp-content\/uploads\/2023\/12\/exceladvisor.org_.png","width":105,"height":36,"caption":"Excel Advisor"},"image":{"@id":"https:\/\/exceladvisor.org\/it\/#\/schema\/logo\/image\/"}}]}},"yoast_meta":{"yoast_wpseo_title":"","yoast_wpseo_metadesc":"","yoast_wpseo_canonical":""},"_links":{"self":[{"href":"https:\/\/exceladvisor.org\/it\/wp-json\/wp\/v2\/pages\/1808","targetHints":{"allow":["GET"]}}],"collection":[{"href":"https:\/\/exceladvisor.org\/it\/wp-json\/wp\/v2\/pages"}],"about":[{"href":"https:\/\/exceladvisor.org\/it\/wp-json\/wp\/v2\/types\/page"}],"author":[{"embeddable":true,"href":"https:\/\/exceladvisor.org\/it\/wp-json\/wp\/v2\/users\/1"}],"replies":[{"embeddable":true,"href":"https:\/\/exceladvisor.org\/it\/wp-json\/wp\/v2\/comments?post=1808"}],"version-history":[{"count":1,"href":"https:\/\/exceladvisor.org\/it\/wp-json\/wp\/v2\/pages\/1808\/revisions"}],"predecessor-version":[{"id":2436,"href":"https:\/\/exceladvisor.org\/it\/wp-json\/wp\/v2\/pages\/1808\/revisions\/2436"}],"wp:attachment":[{"href":"https:\/\/exceladvisor.org\/it\/wp-json\/wp\/v2\/media?parent=1808"}],"curies":[{"name":"wp","href":"https:\/\/api.w.org\/{rel}","templated":true}]}}