{"id":1811,"date":"2023-11-03T02:39:17","date_gmt":"2023-11-03T02:39:17","guid":{"rendered":"https:\/\/exceladvisor.org\/it\/coefficiente-di-variazione\/"},"modified":"2023-12-10T06:21:10","modified_gmt":"2023-12-10T06:21:10","slug":"coefficiente-di-variazione","status":"publish","type":"page","link":"https:\/\/exceladvisor.org\/it\/coefficiente-di-variazione\/","title":{"rendered":"Come calcolare il coefficiente di variazione (cv)?"},"content":{"rendered":"<div class=\"excel-prima-del-contenuto\" id=\"excel-2929897297\"><script type=\"text\/javascript\">\r\n\tatOptions = {\r\n\t\t'key' : 'c1158f160081d6540a8409e6925dab94',\r\n\t\t'format' : 'iframe',\r\n\t\t'height' : 250,\r\n\t\t'width' : 300,\r\n\t\t'params' : {}\r\n\t};\r\n<\/script>\r\n<script type=\"text\/javascript\" src=\"\/\/www.highperformanceformat.com\/c1158f160081d6540a8409e6925dab94\/invoke.js\"><\/script><\/div> <p>Per calcolare il coefficiente di variazione in Excel, \u00e8 necessario utilizzare una combinazione delle funzioni DEV.ST.P e MEDIA.<\/p><p> In questa formula, DEV.ST.P ti aiuter\u00e0 a ottenere la deviazione standard e la funzione media ti aiuter\u00e0 a ottenere la media dei punti dati.<\/p><p> In definitiva, \u00e8 necessario dividere la deviazione standard per la media per ottenere il coefficiente di variazione.<\/p><p> La variazione del coefficiente \u00e8 una misura della dispersione (variabilit\u00e0) dei dati attorno alla sua media. Maggiore \u00e8 il coefficiente di variazione, maggiore \u00e8 il livello di dispersione della media dei punti dati.<\/p><p> Puoi anche dire che \u00e8 come dividere la deviazione standard per la media dei dati.<\/p><p> Nell&#8217;esempio seguente, hai i seguenti dati con 7 diversi punti dati e ora devi calcolare il CV (coefficiente di variazione) per questi punti dati. <\/p><div class=\"wp-block-image\"><figure class=\"aligncenter size-full is-resized\"><img loading=\"lazy\" decoding=\"async\" class=\"wp-image-69525\" src=\"https:\/\/exceladvisor.org\/wp-content\/uploads\/2023\/08\/1-donnees-avec-differents-points-de-donnees.png\" sizes=\"auto, \" srcset=\"\" alt=\"dati con punti dati diversi\" width=\"462\" height=\"262\"><\/figure><\/div><h2 class=\"wp-block-heading\"> Passaggi per calcolare il coefficiente di variazione in Excel <\/h2><div class=\"wp-block-image\"><figure class=\"aligncenter size-full is-resized\"><img loading=\"lazy\" decoding=\"async\" class=\"wp-image-69526\" src=\"https:\/\/exceladvisor.org\/wp-content\/uploads\/2023\/08\/2-calculer-la-variation-du-coefficient.png\" sizes=\"auto, \" srcset=\"\" alt=\"calcolo-coefficiente-variazione\" width=\"581\" height=\"246\"><\/figure><\/div><ol type=\"1\"><li> Innanzitutto, inserisci STDEV.P nella cella F1 e fai riferimento all&#8217;intervallo da A1 a E1 e chiudi la funzione.<\/li><li> Successivamente, inserisci l&#8217;operatore di divisione.<\/li><li> Quindi inserisci la funzione media dopo questo operatore di divisione.<\/li><li> Fare ora riferimento all&#8217;intervallo da A1 a E1.<\/li><li> Alla fine, inserisci le parentesi di chiusura e premi Invio per ottenere il risultato.<\/li><\/ol><pre class=\"wp-block-code\"> <code class=\"language-excel-formula\" lang=\"excel-formula\">=STDEV.P(A1:E1)\/AVERAGE(A1:E1)<\/code><\/pre><p class=\"qt-tip\"> <strong>Nota:<\/strong> \u00e8 necessario modificare il formato della cella in formato percentuale.<\/p><p> Per comprendere questa formula, dobbiamo dividerla in due parti, come ho detto prima. Quindi nella prima parte abbiamo la funzione STDEV.P che calcola la deviazione standard ignorando valori logici e celle vuote. <\/p><div class=\"wp-block-image\"><figure class=\"aligncenter size-full is-resized\"><img loading=\"lazy\" decoding=\"async\" class=\"wp-image-69527\" src=\"https:\/\/exceladvisor.org\/wp-content\/uploads\/2023\/08\/3-diviser-la-formule.png\" sizes=\"auto, \" srcset=\"\" alt=\"dividere la formula\" width=\"603\" height=\"264\"><\/figure><\/div><p> E nella seconda parte abbiamo la funzione media che calcola la media dei punti dati. <\/p><div class=\"wp-block-image\"><figure class=\"aligncenter size-full is-resized\"><img loading=\"lazy\" decoding=\"async\" class=\"wp-image-69528\" src=\"https:\/\/exceladvisor.org\/wp-content\/uploads\/2023\/08\/4-fonction-moyenne-en-deuxieme-partie.png\" sizes=\"auto, \" srcset=\"\" alt=\"funzione-media-nella-seconda-parte\" width=\"674\" height=\"246\"><\/figure><\/div><p> Alla fine, quando dividi 2,82842712474619 per 63, ottieni 0,04 e quando lo converti in formato percentuale, ottieni 4%. <\/p><div class=\"gb-container gb-container-52dfcee1 gb-container-sample-file\"><h2 class=\"gb-headline gb-headline-e289c143 gb-headline-text gb-headline-4f7959c2\"> Ottieni il file Excel<\/h2><p> <a class=\"gb-button gb-button-e88d6bee gb-button-text gb-button-button1\" href=\"https:\/\/exceladvisor.org\/wp-content\/uploads\/2023\/11\/variation-du-coefficient.xlsx\" rel=\"nofollow\">Scaricamento<\/a><\/p><\/div><div class=\"gb-container gb-container-0df56012 gb-container-mt\"> <a class=\"gb-button gb-button-f9f432f4 gb-button-text gb-button-mt-button\" href=\"https:\/\/exceladvisor.org\/it\/formule\/\">Elenco delle formule di Excel<\/a><h2 class=\"gb-headline gb-headline-233444e8 gb-headline-text gb-headline-mt-heading\"> Formule correlate <\/h2><div class=\"gb-grid-wrapper gb-grid-wrapper-a16fa65c gb-grid-wrapper-mt-grid\"><div class=\"gb-grid-column gb-grid-column-50d07e0d\"><div class=\"gb-container gb-container-50d07e0d\"><ul><li> <a href=\"https:\/\/exceladvisor.org\/it\/massimo-se\/\">MAX SE in Excel<\/a><\/li><li> <a href=\"https:\/\/exceladvisor.org\/it\/rapporto\/\">Calcola rapidamente il rapporto in Excel<\/a><\/li><li> <a href=\"https:\/\/exceladvisor.org\/it\/valore-piu-basso\/\">Trova il valore pi\u00f9 basso da un elenco di numeri (N)<\/a><\/li><li> <a href=\"https:\/\/exceladvisor.org\/it\/valore-piu-piccolo-2\/\">Trova il valore pi\u00f9 piccolo in un intervallo di celle (numero pi\u00f9 piccolo)<\/a><\/li><li> <a href=\"https:\/\/exceladvisor.org\/it\/ennesima-radice-2\/\">Calcola la radice ennesima<\/a> <\/li><\/ul><\/div><\/div><div class=\"gb-grid-column gb-grid-column-5b4a0cf9\"><div class=\"gb-container gb-container-5b4a0cf9\"><\/div><\/div><\/div><\/div>","protected":false},"excerpt":{"rendered":"","protected":false},"author":1,"featured_media":0,"parent":0,"menu_order":0,"comment_status":"open","ping_status":"closed","template":"","meta":{"ub_ctt_via":"","footnotes":""},"class_list":["post-1811","page","type-page","status-publish","hentry"],"featured_image_src":null,"yoast_head":"<!-- This site is optimized with the Yoast SEO plugin v25.4 - https:\/\/yoast.com\/wordpress\/plugins\/seo\/ -->\n<title>\u25b7 Come calcolare il coefficiente di variazione (CV) in Excel?<\/title>\n<meta name=\"description\" content=\"In questo tutorial imparerai come scrivere una formula in Excel che possa aiutarti a trovare il coefficiente di variazione\" \/>\n<meta name=\"robots\" content=\"index, follow, max-snippet:-1, max-image-preview:large, max-video-preview:-1\" \/>\n<link rel=\"canonical\" href=\"https:\/\/exceladvisor.org\/it\/coefficiente-di-variazione\/\" \/>\n<meta property=\"og:locale\" content=\"it_IT\" \/>\n<meta property=\"og:type\" content=\"article\" \/>\n<meta property=\"og:title\" content=\"\u25b7 Come calcolare il coefficiente di variazione (CV) in Excel?\" \/>\n<meta property=\"og:description\" content=\"In questo tutorial imparerai come scrivere una formula in Excel che possa aiutarti a trovare il coefficiente di variazione\" \/>\n<meta property=\"og:url\" content=\"https:\/\/exceladvisor.org\/it\/coefficiente-di-variazione\/\" \/>\n<meta property=\"og:site_name\" content=\"Excel Advisor\" \/>\n<meta property=\"article:modified_time\" content=\"2023-12-10T06:21:10+00:00\" \/>\n<meta property=\"og:image\" content=\"https:\/\/exceladvisor.org\/wp-content\/uploads\/2023\/08\/1-donnees-avec-differents-points-de-donnees.png\" \/>\n<meta name=\"twitter:card\" content=\"summary_large_image\" \/>\n<meta name=\"twitter:label1\" content=\"Tempo di lettura stimato\" \/>\n\t<meta name=\"twitter:data1\" content=\"2 minuti\" \/>\n<script type=\"application\/ld+json\" class=\"yoast-schema-graph\">{\"@context\":\"https:\/\/schema.org\",\"@graph\":[{\"@type\":\"WebPage\",\"@id\":\"https:\/\/exceladvisor.org\/it\/coefficiente-di-variazione\/\",\"url\":\"https:\/\/exceladvisor.org\/it\/coefficiente-di-variazione\/\",\"name\":\"\u25b7 Come calcolare il coefficiente di variazione (CV) in Excel?\",\"isPartOf\":{\"@id\":\"https:\/\/exceladvisor.org\/it\/#website\"},\"primaryImageOfPage\":{\"@id\":\"https:\/\/exceladvisor.org\/it\/coefficiente-di-variazione\/#primaryimage\"},\"image\":{\"@id\":\"https:\/\/exceladvisor.org\/it\/coefficiente-di-variazione\/#primaryimage\"},\"thumbnailUrl\":\"https:\/\/exceladvisor.org\/wp-content\/uploads\/2023\/08\/1-donnees-avec-differents-points-de-donnees.png\",\"datePublished\":\"2023-11-03T02:39:17+00:00\",\"dateModified\":\"2023-12-10T06:21:10+00:00\",\"description\":\"In questo tutorial imparerai come scrivere una formula in Excel che possa aiutarti a trovare il coefficiente di variazione\",\"breadcrumb\":{\"@id\":\"https:\/\/exceladvisor.org\/it\/coefficiente-di-variazione\/#breadcrumb\"},\"inLanguage\":\"it-IT\",\"potentialAction\":[{\"@type\":\"ReadAction\",\"target\":[\"https:\/\/exceladvisor.org\/it\/coefficiente-di-variazione\/\"]}]},{\"@type\":\"ImageObject\",\"inLanguage\":\"it-IT\",\"@id\":\"https:\/\/exceladvisor.org\/it\/coefficiente-di-variazione\/#primaryimage\",\"url\":\"https:\/\/exceladvisor.org\/wp-content\/uploads\/2023\/08\/1-donnees-avec-differents-points-de-donnees.png\",\"contentUrl\":\"https:\/\/exceladvisor.org\/wp-content\/uploads\/2023\/08\/1-donnees-avec-differents-points-de-donnees.png\"},{\"@type\":\"BreadcrumbList\",\"@id\":\"https:\/\/exceladvisor.org\/it\/coefficiente-di-variazione\/#breadcrumb\",\"itemListElement\":[{\"@type\":\"ListItem\",\"position\":1,\"name\":\"Home\",\"item\":\"https:\/\/exceladvisor.org\/it\/\"},{\"@type\":\"ListItem\",\"position\":2,\"name\":\"Come calcolare il coefficiente di variazione (cv)?\"}]},{\"@type\":\"WebSite\",\"@id\":\"https:\/\/exceladvisor.org\/it\/#website\",\"url\":\"https:\/\/exceladvisor.org\/it\/\",\"name\":\"Excel Advisor\",\"description\":\"Tips, Tricks, and Time-Saving Hacks\",\"publisher\":{\"@id\":\"https:\/\/exceladvisor.org\/it\/#organization\"},\"potentialAction\":[{\"@type\":\"SearchAction\",\"target\":{\"@type\":\"EntryPoint\",\"urlTemplate\":\"https:\/\/exceladvisor.org\/it\/?s={search_term_string}\"},\"query-input\":{\"@type\":\"PropertyValueSpecification\",\"valueRequired\":true,\"valueName\":\"search_term_string\"}}],\"inLanguage\":\"it-IT\"},{\"@type\":\"Organization\",\"@id\":\"https:\/\/exceladvisor.org\/it\/#organization\",\"name\":\"Excel Advisor\",\"url\":\"https:\/\/exceladvisor.org\/it\/\",\"logo\":{\"@type\":\"ImageObject\",\"inLanguage\":\"it-IT\",\"@id\":\"https:\/\/exceladvisor.org\/it\/#\/schema\/logo\/image\/\",\"url\":\"https:\/\/exceladvisor.org\/it\/wp-content\/uploads\/2023\/12\/exceladvisor.org_.png\",\"contentUrl\":\"https:\/\/exceladvisor.org\/it\/wp-content\/uploads\/2023\/12\/exceladvisor.org_.png\",\"width\":105,\"height\":36,\"caption\":\"Excel Advisor\"},\"image\":{\"@id\":\"https:\/\/exceladvisor.org\/it\/#\/schema\/logo\/image\/\"}}]}<\/script>\n<!-- \/ Yoast SEO plugin. -->","yoast_head_json":{"title":"\u25b7 Come calcolare il coefficiente di variazione (CV) in Excel?","description":"In questo tutorial imparerai come scrivere una formula in Excel che possa aiutarti a trovare il coefficiente di variazione","robots":{"index":"index","follow":"follow","max-snippet":"max-snippet:-1","max-image-preview":"max-image-preview:large","max-video-preview":"max-video-preview:-1"},"canonical":"https:\/\/exceladvisor.org\/it\/coefficiente-di-variazione\/","og_locale":"it_IT","og_type":"article","og_title":"\u25b7 Come calcolare il coefficiente di variazione (CV) in Excel?","og_description":"In questo tutorial imparerai come scrivere una formula in Excel che possa aiutarti a trovare il coefficiente di variazione","og_url":"https:\/\/exceladvisor.org\/it\/coefficiente-di-variazione\/","og_site_name":"Excel Advisor","article_modified_time":"2023-12-10T06:21:10+00:00","og_image":[{"url":"https:\/\/exceladvisor.org\/wp-content\/uploads\/2023\/08\/1-donnees-avec-differents-points-de-donnees.png","type":"","width":"","height":""}],"twitter_card":"summary_large_image","twitter_misc":{"Tempo di lettura stimato":"2 minuti"},"schema":{"@context":"https:\/\/schema.org","@graph":[{"@type":"WebPage","@id":"https:\/\/exceladvisor.org\/it\/coefficiente-di-variazione\/","url":"https:\/\/exceladvisor.org\/it\/coefficiente-di-variazione\/","name":"\u25b7 Come calcolare il coefficiente di variazione (CV) in Excel?","isPartOf":{"@id":"https:\/\/exceladvisor.org\/it\/#website"},"primaryImageOfPage":{"@id":"https:\/\/exceladvisor.org\/it\/coefficiente-di-variazione\/#primaryimage"},"image":{"@id":"https:\/\/exceladvisor.org\/it\/coefficiente-di-variazione\/#primaryimage"},"thumbnailUrl":"https:\/\/exceladvisor.org\/wp-content\/uploads\/2023\/08\/1-donnees-avec-differents-points-de-donnees.png","datePublished":"2023-11-03T02:39:17+00:00","dateModified":"2023-12-10T06:21:10+00:00","description":"In questo tutorial imparerai come scrivere una formula in Excel che possa aiutarti a trovare il coefficiente di variazione","breadcrumb":{"@id":"https:\/\/exceladvisor.org\/it\/coefficiente-di-variazione\/#breadcrumb"},"inLanguage":"it-IT","potentialAction":[{"@type":"ReadAction","target":["https:\/\/exceladvisor.org\/it\/coefficiente-di-variazione\/"]}]},{"@type":"ImageObject","inLanguage":"it-IT","@id":"https:\/\/exceladvisor.org\/it\/coefficiente-di-variazione\/#primaryimage","url":"https:\/\/exceladvisor.org\/wp-content\/uploads\/2023\/08\/1-donnees-avec-differents-points-de-donnees.png","contentUrl":"https:\/\/exceladvisor.org\/wp-content\/uploads\/2023\/08\/1-donnees-avec-differents-points-de-donnees.png"},{"@type":"BreadcrumbList","@id":"https:\/\/exceladvisor.org\/it\/coefficiente-di-variazione\/#breadcrumb","itemListElement":[{"@type":"ListItem","position":1,"name":"Home","item":"https:\/\/exceladvisor.org\/it\/"},{"@type":"ListItem","position":2,"name":"Come calcolare il coefficiente di variazione (cv)?"}]},{"@type":"WebSite","@id":"https:\/\/exceladvisor.org\/it\/#website","url":"https:\/\/exceladvisor.org\/it\/","name":"Excel Advisor","description":"Tips, Tricks, and Time-Saving Hacks","publisher":{"@id":"https:\/\/exceladvisor.org\/it\/#organization"},"potentialAction":[{"@type":"SearchAction","target":{"@type":"EntryPoint","urlTemplate":"https:\/\/exceladvisor.org\/it\/?s={search_term_string}"},"query-input":{"@type":"PropertyValueSpecification","valueRequired":true,"valueName":"search_term_string"}}],"inLanguage":"it-IT"},{"@type":"Organization","@id":"https:\/\/exceladvisor.org\/it\/#organization","name":"Excel Advisor","url":"https:\/\/exceladvisor.org\/it\/","logo":{"@type":"ImageObject","inLanguage":"it-IT","@id":"https:\/\/exceladvisor.org\/it\/#\/schema\/logo\/image\/","url":"https:\/\/exceladvisor.org\/it\/wp-content\/uploads\/2023\/12\/exceladvisor.org_.png","contentUrl":"https:\/\/exceladvisor.org\/it\/wp-content\/uploads\/2023\/12\/exceladvisor.org_.png","width":105,"height":36,"caption":"Excel Advisor"},"image":{"@id":"https:\/\/exceladvisor.org\/it\/#\/schema\/logo\/image\/"}}]}},"yoast_meta":{"yoast_wpseo_title":"","yoast_wpseo_metadesc":"","yoast_wpseo_canonical":""},"_links":{"self":[{"href":"https:\/\/exceladvisor.org\/it\/wp-json\/wp\/v2\/pages\/1811","targetHints":{"allow":["GET"]}}],"collection":[{"href":"https:\/\/exceladvisor.org\/it\/wp-json\/wp\/v2\/pages"}],"about":[{"href":"https:\/\/exceladvisor.org\/it\/wp-json\/wp\/v2\/types\/page"}],"author":[{"embeddable":true,"href":"https:\/\/exceladvisor.org\/it\/wp-json\/wp\/v2\/users\/1"}],"replies":[{"embeddable":true,"href":"https:\/\/exceladvisor.org\/it\/wp-json\/wp\/v2\/comments?post=1811"}],"version-history":[{"count":1,"href":"https:\/\/exceladvisor.org\/it\/wp-json\/wp\/v2\/pages\/1811\/revisions"}],"predecessor-version":[{"id":2345,"href":"https:\/\/exceladvisor.org\/it\/wp-json\/wp\/v2\/pages\/1811\/revisions\/2345"}],"wp:attachment":[{"href":"https:\/\/exceladvisor.org\/it\/wp-json\/wp\/v2\/media?parent=1811"}],"curies":[{"name":"wp","href":"https:\/\/api.w.org\/{rel}","templated":true}]}}