{"id":1816,"date":"2023-11-02T14:35:11","date_gmt":"2023-11-02T14:35:11","guid":{"rendered":"https:\/\/exceladvisor.org\/it\/rapporto\/"},"modified":"2023-12-10T06:21:28","modified_gmt":"2023-12-10T06:21:28","slug":"rapporto","status":"publish","type":"page","link":"https:\/\/exceladvisor.org\/it\/rapporto\/","title":{"rendered":"Come calcolare rapidamente il rapporto in excel?"},"content":{"rendered":"<div class=\"excel-prima-del-contenuto\" id=\"excel-2912917656\"><script type=\"text\/javascript\">\r\n\tatOptions = {\r\n\t\t'key' : 'c1158f160081d6540a8409e6925dab94',\r\n\t\t'format' : 'iframe',\r\n\t\t'height' : 250,\r\n\t\t'width' : 300,\r\n\t\t'params' : {}\r\n\t};\r\n<\/script>\r\n<script type=\"text\/javascript\" src=\"\/\/www.highperformanceformat.com\/c1158f160081d6540a8409e6925dab94\/invoke.js\"><\/script><\/div> <p>Un rapporto \u00e8 uno dei metodi comuni per confrontare due valori tra loro. E questo pu\u00f2 aiutarti a confrontare le variazioni tra questi due valori.<\/p><p> Anche nella nostra vita quotidiana usiamo la parola RATIO per definire il confronto tra due cose diverse. Quando si tratta di Excel, non abbiamo alcuna funzione specifica che possa aiutarci a calcolare un rapporto.<\/p><p> Ma puoi calcolarlo utilizzando formule personalizzate. Quindi oggi in questo articolo vorrei mostrarti come calcolare i rapporti utilizzando 4 modi diversi.<\/p><p> Iniziamo e assicurati di <a style=\"outline: none;\" href=\"https:\/\/exceladvisor.org\/wp-content\/uploads\/2023\/11\/calculer-le-ratio-dans-des-exemples-de-donnees-Excel.xlsx\" rel=\"nofollow\">scaricare questo file di esempio<\/a> da qui per seguirlo.<\/p><h2 class=\"wp-block-heading\"> 1. Calcola il rapporto utilizzando il metodo della divisione semplice<\/h2><p> Possiamo utilizzare questo metodo quando il valore pi\u00f9 grande \u00e8 divisibile per il valore pi\u00f9 piccolo. Nell&#8217;esempio sotto abbiamo i valori 10 e 2, dove 10 \u00e8 divisibile per 2. <\/p><div class=\"wp-block-image\"><figure class=\"aligncenter\"><img decoding=\"async\" src=\"https:\/\/exceladvisor.org\/wp-content\/uploads\/2023\/08\/calculer-le-rapport-dans-excel-avec-des-valeurs-de-division-simples-1.png\" sizes=\"\" srcset=\"\" alt=\"calcolare il rapporto in Excel con semplici valori di divisione\"><\/figure><\/div><p> Quindi puoi usare questo metodo qui. Inserisci la formula seguente nella cella e premi Invio. <\/p><pre class=\"wp-block-code\"> <code class=\"language-excel-formula\" lang=\"excel-formula\">=A2\/B2&amp;\":\"&amp;\"1\"<\/code><\/pre><div class=\"wp-block-image\"><figure class=\"aligncenter\"><img decoding=\"async\" src=\"https:\/\/exceladvisor.org\/wp-content\/uploads\/2023\/08\/calculer-le-rapport-dans-excel-avec-des-valeurs-de-division-simples-entrer-la-formule-1.png\" sizes=\"\" srcset=\"\" alt=\"calcolare il rapporto in Excel con semplici valori di divisione e inserire la formula\"><\/figure><\/div><h4 class=\"wp-block-heading\"> ecco come funziona questa formula&#8230;<\/h4><p> In questa formula, abbiamo diviso 10 per 2, ottenendo in cambio 5. Quindi ora abbiamo 5 invece di 10 dividendo per 2. E dall&#8217;altro lato abbiamo usato 1 invece di 2. <\/p><div class=\"wp-block-image\"><figure class=\"aligncenter\"><img decoding=\"async\" src=\"https:\/\/exceladvisor.org\/wp-content\/uploads\/2023\/08\/comprendre-comment-utiliser-une-division-simple-pour-calculer-le-rapport-dans-Excel-1.png\" sizes=\"\" srcset=\"\" alt=\"capire come utilizzare la divisione semplice per calcolare il rapporto in Excel\"><\/figure><\/div><ul><li> <strong>PRO<\/strong> : #1. Semplice da applicare. #2. Facile da capire.<\/li><li> <strong>CONTRO:<\/strong> #1. Uso limitato. #2. Non applicabile se il valore pi\u00f9 grande non \u00e8 divisibile per il valore pi\u00f9 piccolo.<\/li><\/ul><h2 class=\"wp-block-heading\"> 2. Funzione GCD per calcolare il rapporto in Excel<\/h2><p> Come ho detto, non esiste un&#8217;unica funzione in Excel per calcolare il rapporto per te. Ma la funzione GCD \u00e8 abbastanza vicina.<\/p><p> Questo pu\u00f2 aiutarti a ottenere una denominazione comune per i due valori e quindi utilizzando un po&#8217; di concatenazione puoi calcolare il rapporto. <\/p><div class=\"wp-block-image\"><figure class=\"aligncenter\"><img decoding=\"async\" src=\"https:\/\/exceladvisor.org\/wp-content\/uploads\/2023\/08\/calculer-la-ration-dans-excel-avec-les-valeurs-de-la-fonction-pgcd-1.png\" sizes=\"\" srcset=\"\" alt=\"calcolare il report in Excel con i valori della funzione GCD\"><\/figure><\/div><p> E per calcolare il rapporto, inserisci la formula seguente nella cella e premi Invio. <\/p><pre class=\"wp-block-code\"> <code class=\"language-excel-formula\" lang=\"excel-formula\">=A2\/GCD(A2,B2)&amp;\":\"&amp;B2\/GCD(A2,B2)<\/code><\/pre><div class=\"wp-block-image\"><figure class=\"aligncenter\"><img decoding=\"async\" src=\"https:\/\/exceladvisor.org\/wp-content\/uploads\/2023\/08\/calculer-le-rapport-dans-excel-avec-simple-avec-les-valeurs-de-la-fonction-pgcd-entrer-la-formule-1.png\" sizes=\"\" srcset=\"\" alt=\"calcolare il rapporto in Excel con semplice con i valori della funzione MCD inserire la formula\"><\/figure><\/div><h4 id=\"tab-con-7\" class=\"wp-block-heading\"> ecco come funziona questa formula&#8230;<\/h4><p> Forse ti sembra complesso, ma in realt\u00e0 \u00e8 semplice. Lasciatemelo spiegare in due parti. <\/p><div class=\"wp-block-image\"><figure class=\"aligncenter\"><img decoding=\"async\" src=\"https:\/\/exceladvisor.org\/wp-content\/uploads\/2023\/08\/comprendre-comment-utiliser-pgcd-pour-calculer-le-ratio-dans-excel-1.png\" sizes=\"\" srcset=\"\" alt=\"capire come utilizzare MCD per calcolare il rapporto in Excel\"><\/figure><\/div><p> Come ho detto, GCD pu\u00f2 darti un denominatore comune per entrambi i valori. Quindi qui devi utilizzare MCD in entrambe le parti della formula per ottenere un denominatore comune.<\/p><p> Successivamente, devi dividere entrambi i valori con questo denominatore comune. E, alla fine, una piccola concatenazione per unire i due valori utilizzando i due punti.<\/p><ul><li> <strong>PRO<\/strong> : #1. \u00c8 una formula dinamica, non importa nemmeno se cambi i valori. #2 Facile da applicare.<\/li><li> <strong>CONTRO:<\/strong> #1. La funzione GCD funziona solo con numeri interi e se nei tuoi valori sono presenti decimali non funzioner\u00e0.<\/li><\/ul><h2 id=\"tab-con-3\" class=\"wp-block-heading\"> 3. SOSTITUISCI e TESTO per il calcolo del rapporto<\/h2><p> Una combinazione di due funzioni impressionanti. S\u00ec, puoi utilizzare le funzioni SOSTITUISCI e TESTO per calcolare il rapporto. Questo metodo funziona a meraviglia, proprio come la funzione GCD. Qui abbiamo i valori sottostanti per calcolare il rapporto. <\/p><div class=\"wp-block-image\"><figure class=\"aligncenter\"><img decoding=\"async\" src=\"https:\/\/exceladvisor.org\/wp-content\/uploads\/2023\/08\/calculer-la-ration-dans-Excel-avec-des-valeurs-de-substitution-de-texte-1.png\" sizes=\"\" srcset=\"\" alt=\"calcolare la razione in Excel con valori di sostituzione del testo\"><\/figure><\/div><p> In una cella, inserisci la formula seguente e premi Invio. <\/p><pre class=\"wp-block-code\"> <code class=\"language-excel-formula\" lang=\"excel-formula\">=SUBSTITUTE(TEXT(A2\/B2,\"#####\/#####\"),\"\/\",\":\")<\/code><\/pre><div class=\"wp-block-image\"><figure class=\"aligncenter\"><img decoding=\"async\" src=\"https:\/\/exceladvisor.org\/wp-content\/uploads\/2023\/08\/calculer-le-rapport-dans-excel-avec-la-formule-des-valeurs-de-remplacement-de-texte-1.png\" sizes=\"\" srcset=\"\" alt=\"calcola il report in Excel con la formula dei valori di sostituzione del testo\"><\/figure><\/div><h4 id=\"tab-con-9\" class=\"wp-block-heading\"> ecco come funziona questa formula&#8230;<\/h4><p> Questa formula funziona anche in due diverse parti di lavoro TESTO e SOSTITUZIONE. <\/p><div class=\"wp-block-image\"><figure class=\"aligncenter\"><img decoding=\"async\" src=\"https:\/\/exceladvisor.org\/wp-content\/uploads\/2023\/08\/comprendre-comment-utiliser-le-texte-de-remplacement-pour-calculer-le-ratio-dans-Excel-1.png\" sizes=\"\" srcset=\"\" alt=\"capire come utilizzare il testo alternativo per calcolare il rapporto in Excel\"><\/figure><\/div><p> Innanzitutto, devi utilizzare la funzione testo per dividere i due numeri e quindi formattare il valore restituito in un formato frazionario.<\/p><p> In secondo luogo dividendo i due valori si ottiene 10 e quando si converte questo valore in parte frazionaria si ottiene 10\/1.<\/p><p> Terzo, sostituisci la barra con i due punti. E abbiamo una funzione di sostituzione per questo.<\/p><ul><li> <strong>Vantaggi:<\/strong> #1. Una formula dinamica non ha importanza anche se si modificano i valori. #2. Semplice da usare e da capire.<\/li><li> <strong>Svantaggi:<\/strong> se si hanno valori semplici per calcolare un rapporto, non \u00e8 opportuno utilizzare questo metodo.<\/li><\/ul><h2 id=\"tab-con-4\" class=\"wp-block-heading\"> 4. Calcola il rapporto con la funzione Round<\/h2><p> Anche l&#8217;utilizzo della funzione di arrotondamento per calcolare un rapporto \u00e8 un metodo utile. Ci\u00f2 \u00e8 particolarmente utile quando si desidera calcolare i rapporti con i decimali per un confronto preciso.<\/p><p> Qui abbiamo valori in cui il valore pi\u00f9 grande non \u00e8 divisibile per il valore pi\u00f9 piccolo. Quindi in questa situazione, invece di usarli cos\u00ec come sono, puoi dividerli e visualizzare il rapporto finale con i decimali. <\/p><div class=\"wp-block-image\"><figure class=\"aligncenter\"><img decoding=\"async\" src=\"https:\/\/exceladvisor.org\/wp-content\/uploads\/2023\/08\/calculer-le-ratio-dans-excel-avec-des-valeurs-rondes-1.png\" sizes=\"\" srcset=\"\" alt=\"calcolare il rapporto in Excel con valori rotondi\"><\/figure><\/div><p> Basta inserire la formula seguente nella cella e premere Invio. <\/p><pre class=\"wp-block-code\"> <code class=\"language-excel-formula\" lang=\"excel-formula\">=ROUND(A2\/B2,1)&amp;\":\"&amp;1<\/code><\/pre><div class=\"wp-block-image\"><figure class=\"aligncenter\"><img decoding=\"async\" src=\"https:\/\/exceladvisor.org\/wp-content\/uploads\/2023\/08\/calculer-le-ratio-dans-excel-avec-des-valeurs-rondes-1.png\" sizes=\"\" srcset=\"\" alt=\"calcolare il rapporto in Excel con la formula dei valori rotondi\"><\/figure><\/div><p> E qui hai un rapporto con i decimali.<\/p><h4 id=\"tab-con-10\" class=\"wp-block-heading\"> ecco come funziona questa formula&#8230;<\/h4><p> Puoi dividere questa formula in due parti diverse per capirla. <strong>Innanzitutto<\/strong> , \u00e8 necessario utilizzare la funzione round per dividere il valore pi\u00f9 grande per il valore pi\u00f9 piccolo e ottenere il risultato con una cifra decimale. <strong>In secondo luogo<\/strong> , \u00e8 necessario utilizzare i due punti e &#8220;1&#8221; alla fine.<\/p><ul><li> <strong>Vantaggi:<\/strong> #1. Utile quando vuoi ottenere risultati con cifre decimali. #2. Il valore finale sar\u00e0 pi\u00f9 preciso.<\/li><li> <strong>CONTRO:<\/strong> #1. Non applicabile in tutte le situazioni. <\/li><\/ul><div class=\"gb-container gb-container-52dfcee1 gb-container-sample-file\"><h2 class=\"gb-headline gb-headline-e289c143 gb-headline-text gb-headline-4f7959c2\"> Ottieni il file Excel<\/h2><p> <a class=\"gb-button gb-button-e88d6bee gb-button-text gb-button-button1\" href=\"https:\/\/exceladvisor.org\/wp-content\/uploads\/2023\/11\/calculer-le-ratio-dans-des-exemples-de-donnees-Excel.xlsx\" rel=\"nofollow\">Scaricamento<\/a><\/p><\/div><h2 class=\"wp-block-heading\"> Conclusione<\/h2><p> Come ho detto, un rapporto \u00e8 un metodo utile per confrontare due valori tra loro. E ora hai diversi metodi per calcolarlo nella tua applicazione preferita, s\u00ec, in Excel.<\/p><p> Tutti i metodi che abbiamo utilizzato sopra possono aiutarti a calcolare i rapporti in diverse situazioni con diversi tipi di valori.<\/p><p> Spero che questo ti aiuti nel tuo lavoro. Ora dimmi una cosa. Hai un altro metodo per calcolare il rapporto? Per favore condividi con me nella sezione commenti, mi piacerebbe sentire la tua opinione.<\/p><p> E non dimenticare di condividere questo suggerimento con i tuoi amici. Sono sicuro che lo apprezzeranno. <\/p><div class=\"wp-block-group more-tutorials is-layout-flow\"><div class=\"wp-block-group__inner-container\"><h2 class=\"wp-block-heading\"> Pi\u00f9 formule<\/h2><ul><li> <a href=\"https:\/\/exceladvisor.org\/it\/valori-massimi-medi\/\">I 5 principali valori in Excel<\/a><\/li><li> <a href=\"https:\/\/exceladvisor.org\/it\/coefficiente-di-variazione\/\">Coefficiente di variazione (CV) in Excel<\/a><\/li><li> <a href=\"https:\/\/exceladvisor.org\/it\/massimo-se\/\">MAX SE in Excel<\/a><\/li><li> <a href=\"https:\/\/exceladvisor.org\/it\/valore-piu-basso\/\">Trova il valore pi\u00f9 basso da un elenco di numeri (N)<\/a><\/li><li> <a href=\"https:\/\/exceladvisor.org\/it\/valore-piu-piccolo-2\/\">Trova il valore pi\u00f9 piccolo in un intervallo di celle (numero pi\u00f9 piccolo)<\/a><\/li><\/ul><\/div><\/div>","protected":false},"excerpt":{"rendered":"","protected":false},"author":1,"featured_media":0,"parent":0,"menu_order":0,"comment_status":"open","ping_status":"closed","template":"","meta":{"ub_ctt_via":"","footnotes":""},"class_list":["post-1816","page","type-page","status-publish","hentry"],"featured_image_src":null,"yoast_head":"<!-- This site is optimized with the Yoast SEO plugin v25.4 - https:\/\/yoast.com\/wordpress\/plugins\/seo\/ -->\n<title>Come calcolare rapidamente il rapporto in Excel? (Guida 2023)<\/title>\n<meta name=\"description\" content=\"Quando si tratta di Excel, non abbiamo alcuna funzione specifica che possa aiutarci a calcolare un rapporto.\" \/>\n<meta name=\"robots\" content=\"index, follow, max-snippet:-1, max-image-preview:large, max-video-preview:-1\" \/>\n<link rel=\"canonical\" href=\"https:\/\/exceladvisor.org\/it\/rapporto\/\" \/>\n<meta property=\"og:locale\" content=\"it_IT\" \/>\n<meta property=\"og:type\" content=\"article\" \/>\n<meta property=\"og:title\" content=\"Come calcolare rapidamente il rapporto in Excel? (Guida 2023)\" \/>\n<meta property=\"og:description\" content=\"Quando si tratta di Excel, non abbiamo alcuna funzione specifica che possa aiutarci a calcolare un rapporto.\" \/>\n<meta property=\"og:url\" content=\"https:\/\/exceladvisor.org\/it\/rapporto\/\" \/>\n<meta property=\"og:site_name\" content=\"Excel Advisor\" \/>\n<meta property=\"article:modified_time\" content=\"2023-12-10T06:21:28+00:00\" \/>\n<meta property=\"og:image\" content=\"https:\/\/exceladvisor.org\/wp-content\/uploads\/2023\/08\/calculer-le-rapport-dans-excel-avec-des-valeurs-de-division-simples-1.png\" \/>\n<meta name=\"twitter:card\" content=\"summary_large_image\" \/>\n<meta name=\"twitter:label1\" content=\"Tempo di lettura stimato\" \/>\n\t<meta name=\"twitter:data1\" content=\"4 minuti\" \/>\n<script type=\"application\/ld+json\" class=\"yoast-schema-graph\">{\"@context\":\"https:\/\/schema.org\",\"@graph\":[{\"@type\":\"WebPage\",\"@id\":\"https:\/\/exceladvisor.org\/it\/rapporto\/\",\"url\":\"https:\/\/exceladvisor.org\/it\/rapporto\/\",\"name\":\"Come calcolare rapidamente il rapporto in Excel? (Guida 2023)\",\"isPartOf\":{\"@id\":\"https:\/\/exceladvisor.org\/it\/#website\"},\"primaryImageOfPage\":{\"@id\":\"https:\/\/exceladvisor.org\/it\/rapporto\/#primaryimage\"},\"image\":{\"@id\":\"https:\/\/exceladvisor.org\/it\/rapporto\/#primaryimage\"},\"thumbnailUrl\":\"https:\/\/exceladvisor.org\/wp-content\/uploads\/2023\/08\/calculer-le-rapport-dans-excel-avec-des-valeurs-de-division-simples-1.png\",\"datePublished\":\"2023-11-02T14:35:11+00:00\",\"dateModified\":\"2023-12-10T06:21:28+00:00\",\"description\":\"Quando si tratta di Excel, non abbiamo alcuna funzione specifica che possa aiutarci a calcolare un rapporto.\",\"breadcrumb\":{\"@id\":\"https:\/\/exceladvisor.org\/it\/rapporto\/#breadcrumb\"},\"inLanguage\":\"it-IT\",\"potentialAction\":[{\"@type\":\"ReadAction\",\"target\":[\"https:\/\/exceladvisor.org\/it\/rapporto\/\"]}]},{\"@type\":\"ImageObject\",\"inLanguage\":\"it-IT\",\"@id\":\"https:\/\/exceladvisor.org\/it\/rapporto\/#primaryimage\",\"url\":\"https:\/\/exceladvisor.org\/wp-content\/uploads\/2023\/08\/calculer-le-rapport-dans-excel-avec-des-valeurs-de-division-simples-1.png\",\"contentUrl\":\"https:\/\/exceladvisor.org\/wp-content\/uploads\/2023\/08\/calculer-le-rapport-dans-excel-avec-des-valeurs-de-division-simples-1.png\"},{\"@type\":\"BreadcrumbList\",\"@id\":\"https:\/\/exceladvisor.org\/it\/rapporto\/#breadcrumb\",\"itemListElement\":[{\"@type\":\"ListItem\",\"position\":1,\"name\":\"Home\",\"item\":\"https:\/\/exceladvisor.org\/it\/\"},{\"@type\":\"ListItem\",\"position\":2,\"name\":\"Come calcolare rapidamente il rapporto in excel?\"}]},{\"@type\":\"WebSite\",\"@id\":\"https:\/\/exceladvisor.org\/it\/#website\",\"url\":\"https:\/\/exceladvisor.org\/it\/\",\"name\":\"Excel Advisor\",\"description\":\"Tips, Tricks, and Time-Saving Hacks\",\"publisher\":{\"@id\":\"https:\/\/exceladvisor.org\/it\/#organization\"},\"potentialAction\":[{\"@type\":\"SearchAction\",\"target\":{\"@type\":\"EntryPoint\",\"urlTemplate\":\"https:\/\/exceladvisor.org\/it\/?s={search_term_string}\"},\"query-input\":{\"@type\":\"PropertyValueSpecification\",\"valueRequired\":true,\"valueName\":\"search_term_string\"}}],\"inLanguage\":\"it-IT\"},{\"@type\":\"Organization\",\"@id\":\"https:\/\/exceladvisor.org\/it\/#organization\",\"name\":\"Excel Advisor\",\"url\":\"https:\/\/exceladvisor.org\/it\/\",\"logo\":{\"@type\":\"ImageObject\",\"inLanguage\":\"it-IT\",\"@id\":\"https:\/\/exceladvisor.org\/it\/#\/schema\/logo\/image\/\",\"url\":\"https:\/\/exceladvisor.org\/it\/wp-content\/uploads\/2023\/12\/exceladvisor.org_.png\",\"contentUrl\":\"https:\/\/exceladvisor.org\/it\/wp-content\/uploads\/2023\/12\/exceladvisor.org_.png\",\"width\":105,\"height\":36,\"caption\":\"Excel Advisor\"},\"image\":{\"@id\":\"https:\/\/exceladvisor.org\/it\/#\/schema\/logo\/image\/\"}}]}<\/script>\n<!-- \/ Yoast SEO plugin. -->","yoast_head_json":{"title":"Come calcolare rapidamente il rapporto in Excel? (Guida 2023)","description":"Quando si tratta di Excel, non abbiamo alcuna funzione specifica che possa aiutarci a calcolare un rapporto.","robots":{"index":"index","follow":"follow","max-snippet":"max-snippet:-1","max-image-preview":"max-image-preview:large","max-video-preview":"max-video-preview:-1"},"canonical":"https:\/\/exceladvisor.org\/it\/rapporto\/","og_locale":"it_IT","og_type":"article","og_title":"Come calcolare rapidamente il rapporto in Excel? (Guida 2023)","og_description":"Quando si tratta di Excel, non abbiamo alcuna funzione specifica che possa aiutarci a calcolare un rapporto.","og_url":"https:\/\/exceladvisor.org\/it\/rapporto\/","og_site_name":"Excel Advisor","article_modified_time":"2023-12-10T06:21:28+00:00","og_image":[{"url":"https:\/\/exceladvisor.org\/wp-content\/uploads\/2023\/08\/calculer-le-rapport-dans-excel-avec-des-valeurs-de-division-simples-1.png","type":"","width":"","height":""}],"twitter_card":"summary_large_image","twitter_misc":{"Tempo di lettura stimato":"4 minuti"},"schema":{"@context":"https:\/\/schema.org","@graph":[{"@type":"WebPage","@id":"https:\/\/exceladvisor.org\/it\/rapporto\/","url":"https:\/\/exceladvisor.org\/it\/rapporto\/","name":"Come calcolare rapidamente il rapporto in Excel? (Guida 2023)","isPartOf":{"@id":"https:\/\/exceladvisor.org\/it\/#website"},"primaryImageOfPage":{"@id":"https:\/\/exceladvisor.org\/it\/rapporto\/#primaryimage"},"image":{"@id":"https:\/\/exceladvisor.org\/it\/rapporto\/#primaryimage"},"thumbnailUrl":"https:\/\/exceladvisor.org\/wp-content\/uploads\/2023\/08\/calculer-le-rapport-dans-excel-avec-des-valeurs-de-division-simples-1.png","datePublished":"2023-11-02T14:35:11+00:00","dateModified":"2023-12-10T06:21:28+00:00","description":"Quando si tratta di Excel, non abbiamo alcuna funzione specifica che possa aiutarci a calcolare un rapporto.","breadcrumb":{"@id":"https:\/\/exceladvisor.org\/it\/rapporto\/#breadcrumb"},"inLanguage":"it-IT","potentialAction":[{"@type":"ReadAction","target":["https:\/\/exceladvisor.org\/it\/rapporto\/"]}]},{"@type":"ImageObject","inLanguage":"it-IT","@id":"https:\/\/exceladvisor.org\/it\/rapporto\/#primaryimage","url":"https:\/\/exceladvisor.org\/wp-content\/uploads\/2023\/08\/calculer-le-rapport-dans-excel-avec-des-valeurs-de-division-simples-1.png","contentUrl":"https:\/\/exceladvisor.org\/wp-content\/uploads\/2023\/08\/calculer-le-rapport-dans-excel-avec-des-valeurs-de-division-simples-1.png"},{"@type":"BreadcrumbList","@id":"https:\/\/exceladvisor.org\/it\/rapporto\/#breadcrumb","itemListElement":[{"@type":"ListItem","position":1,"name":"Home","item":"https:\/\/exceladvisor.org\/it\/"},{"@type":"ListItem","position":2,"name":"Come calcolare rapidamente il rapporto in excel?"}]},{"@type":"WebSite","@id":"https:\/\/exceladvisor.org\/it\/#website","url":"https:\/\/exceladvisor.org\/it\/","name":"Excel Advisor","description":"Tips, Tricks, and Time-Saving Hacks","publisher":{"@id":"https:\/\/exceladvisor.org\/it\/#organization"},"potentialAction":[{"@type":"SearchAction","target":{"@type":"EntryPoint","urlTemplate":"https:\/\/exceladvisor.org\/it\/?s={search_term_string}"},"query-input":{"@type":"PropertyValueSpecification","valueRequired":true,"valueName":"search_term_string"}}],"inLanguage":"it-IT"},{"@type":"Organization","@id":"https:\/\/exceladvisor.org\/it\/#organization","name":"Excel Advisor","url":"https:\/\/exceladvisor.org\/it\/","logo":{"@type":"ImageObject","inLanguage":"it-IT","@id":"https:\/\/exceladvisor.org\/it\/#\/schema\/logo\/image\/","url":"https:\/\/exceladvisor.org\/it\/wp-content\/uploads\/2023\/12\/exceladvisor.org_.png","contentUrl":"https:\/\/exceladvisor.org\/it\/wp-content\/uploads\/2023\/12\/exceladvisor.org_.png","width":105,"height":36,"caption":"Excel Advisor"},"image":{"@id":"https:\/\/exceladvisor.org\/it\/#\/schema\/logo\/image\/"}}]}},"yoast_meta":{"yoast_wpseo_title":"","yoast_wpseo_metadesc":"","yoast_wpseo_canonical":""},"_links":{"self":[{"href":"https:\/\/exceladvisor.org\/it\/wp-json\/wp\/v2\/pages\/1816","targetHints":{"allow":["GET"]}}],"collection":[{"href":"https:\/\/exceladvisor.org\/it\/wp-json\/wp\/v2\/pages"}],"about":[{"href":"https:\/\/exceladvisor.org\/it\/wp-json\/wp\/v2\/types\/page"}],"author":[{"embeddable":true,"href":"https:\/\/exceladvisor.org\/it\/wp-json\/wp\/v2\/users\/1"}],"replies":[{"embeddable":true,"href":"https:\/\/exceladvisor.org\/it\/wp-json\/wp\/v2\/comments?post=1816"}],"version-history":[{"count":1,"href":"https:\/\/exceladvisor.org\/it\/wp-json\/wp\/v2\/pages\/1816\/revisions"}],"predecessor-version":[{"id":2362,"href":"https:\/\/exceladvisor.org\/it\/wp-json\/wp\/v2\/pages\/1816\/revisions\/2362"}],"wp:attachment":[{"href":"https:\/\/exceladvisor.org\/it\/wp-json\/wp\/v2\/media?parent=1816"}],"curies":[{"name":"wp","href":"https:\/\/api.w.org\/{rel}","templated":true}]}}