{"id":1821,"date":"2023-11-02T02:49:26","date_gmt":"2023-11-02T02:49:26","guid":{"rendered":"https:\/\/exceladvisor.org\/it\/dividere-il-testo-utilizzando-uno-spazio\/"},"modified":"2023-12-10T06:27:29","modified_gmt":"2023-12-10T06:27:29","slug":"dividere-il-testo-utilizzando-uno-spazio","status":"publish","type":"page","link":"https:\/\/exceladvisor.org\/it\/dividere-il-testo-utilizzando-uno-spazio\/","title":{"rendered":"Dividi il testo utilizzando uno spazio in mezzo"},"content":{"rendered":"<div class=\"excel-prima-del-contenuto\" id=\"excel-4133215285\"><script type=\"text\/javascript\">\r\n\tatOptions = {\r\n\t\t'key' : 'c1158f160081d6540a8409e6925dab94',\r\n\t\t'format' : 'iframe',\r\n\t\t'height' : 250,\r\n\t\t'width' : 300,\r\n\t\t'params' : {}\r\n\t};\r\n<\/script>\r\n<script type=\"text\/javascript\" src=\"\/\/www.highperformanceformat.com\/c1158f160081d6540a8409e6925dab94\/invoke.js\"><\/script><\/div> <p>Esistono due modi rapidi per separare un valore di testo da una cella utilizzando lo spazio tra le parole. Il primo consiste nell&#8217;utilizzare TEXT to COLUMN e il secondo consiste nell&#8217;utilizzare una formula utilizzando la funzione TEXTSPLIT. In questo tutorial impareremo entrambi i metodi in dettaglio.<\/p><h2 id=\"h-formula-to-split-cells-text-using-the-space\" class=\"wp-block-heading\"> Formula per dividere il testo della cella utilizzando lo spazio<\/h2><p> \u00c8 necessario seguire i passaggi seguenti:<\/p><ol type=\"1\"><li> Per prima cosa inserisci la funzione TEXTSPLIT in una cella.<\/li><li> Successivamente, nel primo argomento, fai riferimento alla cella in cui hai il valore.<\/li><li> Nel secondo argomento, specificare uno spazio utilizzando virgolette doppie.<\/li><li> Alla fine, inserisci le parentesi di chiusura e premi Invio per ottenere il risultato in pi\u00f9 celle in orizzontale. <\/li><\/ol><div class=\"wp-block-image\"><figure class=\"aligncenter size-full is-resized\"><img loading=\"lazy\" decoding=\"async\" class=\"wp-image-82589\" src=\"https:\/\/exceladvisor.org\/wp-content\/uploads\/2023\/08\/1-fractionner-le-texte-en-utilisant-un-espace-entre.png\" sizes=\"auto, \" srcset=\"\" alt=\"dividere il testo utilizzando lo spazio tra\" width=\"519\" height=\"196\"><\/figure><\/div><pre class=\"wp-block-code\"> <code class=\"language-excel-formula\" lang=\"excel-formula\">=TEXTSPLIT(A1,\" \")<\/code><\/pre><p> Nel momento in cui premi Invio, divide il valore in due celle, come di seguito: <\/p><div class=\"wp-block-image\"><figure class=\"aligncenter size-full is-resized\"><img loading=\"lazy\" decoding=\"async\" class=\"wp-image-82590\" src=\"https:\/\/exceladvisor.org\/wp-content\/uploads\/2023\/08\/2-textsplit-pour-diviser-les-valeurs.png\" sizes=\"auto, \" srcset=\"\" alt=\"textsplit-to-split-values\" width=\"577\" height=\"182\"><\/figure><\/div><p> Funzioner\u00e0 se hai un valore di testo contenente tutte e tre le parole. <\/p><div class=\"wp-block-image\"><figure class=\"aligncenter size-full is-resized\"><img loading=\"lazy\" decoding=\"async\" class=\"wp-image-82591\" src=\"https:\/\/exceladvisor.org\/wp-content\/uploads\/2023\/08\/3-valeur-de-texte-avec-trois-mots.png\" sizes=\"auto, \" srcset=\"\" alt=\"valore-testo-con-tre-parole\" width=\"761\" height=\"118\"><\/figure><\/div><p> E se vuoi dividere i valori in righe anzich\u00e9 in pi\u00f9 colonne, devi specificare lo spazio nell&#8217;argomento [row_delimiter]. <\/p><div class=\"wp-block-image\"><figure class=\"aligncenter size-full is-resized\"><img loading=\"lazy\" decoding=\"async\" class=\"wp-image-82593\" src=\"https:\/\/exceladvisor.org\/wp-content\/uploads\/2023\/08\/4-valeurs-fractionnees-en-lignes.png\" sizes=\"auto, \" srcset=\"\" alt=\"valori divisi in righe\" width=\"455\" height=\"261\"><\/figure><\/div><pre class=\"wp-block-code\"> <code class=\"language-excel-formula\" lang=\"excel-formula\">=TEXTSPLIT(A1,,\" \")<\/code><\/pre><p class=\"qt-tip\"> TEXTPLIT \u00e8 disponibile solo con OFFICE 365.<\/p><h2 id=\"h-split-cell-value-with-text-to-column-using-a-space\" class=\"wp-block-heading\"> Dividi il valore della cella con il testo in colonna utilizzando lo spazio<\/h2><p> Il modo migliore per farlo \u00e8 utilizzare l&#8217;opzione TEXT to COLUMN. Con questa opzione puoi dividere una singola cella o farlo per l&#8217;intera colonna.<\/p><ol><li> Seleziona la cella con i valori che desideri analizzare (dividi). <br><img loading=\"lazy\" decoding=\"async\" title=\"-dividi-valore-cella-con-testo-in-colonna\" src=\"https:\/\/exceladvisor.org\/wp-content\/uploads\/2023\/08\/5-valeurs-de-cellule-fractionnees-avec-du-texte-dans-la-colonne.png\" sizes=\"auto, \" srcset=\"\" alt=\"split-cell-value-with-text-to-column\" width=\"328\" height=\"279\"><\/li><li> Quindi vai su Dati \u2192 Strumenti dati \u2192 Testo in colonna. Cliccaci sopra. <br><img loading=\"lazy\" decoding=\"async\" title=\"-go-to-text-to-column\" src=\"https:\/\/exceladvisor.org\/wp-content\/uploads\/2023\/08\/6-aller-du-texte-a-la-colonne.png\" sizes=\"auto, \" srcset=\"\" alt=\"go-to-text-to-column\" width=\"561\" height=\"147\"><\/li><li> Ora, selezionando \u201cDelimitato\u201d, fare clic sul pulsante \u201cAvanti\u201d. <br><img loading=\"lazy\" decoding=\"async\" title=\"-seleziona-delimitato\" src=\"https:\/\/exceladvisor.org\/wp-content\/uploads\/2023\/08\/7-selectionner-delimite.png\" sizes=\"auto, \" srcset=\"\" alt=\"select-delimited\" width=\"554\" height=\"437\"><\/li><li> Successivamente, seleziona la casella &#8220;Spazio&#8221; dai delimitatori e fai clic sul pulsante &#8220;Avanti&#8221;. <br><img loading=\"lazy\" decoding=\"async\" title=\"-seleziona-spazio-come-delimitatore\" src=\"https:\/\/exceladvisor.org\/wp-content\/uploads\/2023\/08\/8-selectionnez-lespace-comme-delimiteur.png\" sizes=\"auto, \" srcset=\"\" alt=\"select-space-as-delimiter\" width=\"514\" height=\"428\"><\/li><li> Alla fine, fai clic sul pulsante Fine per dividere il testo. <br><img loading=\"lazy\" decoding=\"async\" title=\"-clicca-finisci-per-dividere-il-testo\" src=\"https:\/\/exceladvisor.org\/wp-content\/uploads\/2023\/08\/9-cliquez-sur-terminer-pour-diviser-le-texte.png\" sizes=\"auto, \" srcset=\"\" alt=\"click-finish-to-split-text\" width=\"519\" height=\"379\"><\/li><li> Nel momento in cui fai clic su &#8220;Fine&#8221;, divider\u00e0 i valori di una singola cella in pi\u00f9 celle in base alle parole che hai l\u00ec. <br><img loading=\"lazy\" decoding=\"async\" title=\"0-dividi-valori-in-pi\u00f9-celle\" src=\"https:\/\/exceladvisor.org\/wp-content\/uploads\/2023\/08\/10-valeurs-fractionnees-en-plusieurs-cellules.png\" sizes=\"auto, \" srcset=\"\" alt=\"split-values-into-multiple-cells\" width=\"543\" height=\"136\"><\/li><\/ol><h2 id=\"h-split-a-text-using-spaces-with-find-left-mid-and-right\" class=\"wp-block-heading\"> Dividi il testo utilizzando gli spazi con TROVA, SINISTRA, MET\u00c0 e DESTRA<\/h2><p> Se hai un numero specifico di parole in una cella e devi dividerle utilizzando uno spazio, puoi creare la formula per farlo. Per fare ci\u00f2, devi scrivere tre diverse formule: <\/p><div class=\"wp-block-image\"><figure class=\"aligncenter size-full is-resized\"><img loading=\"lazy\" decoding=\"async\" class=\"wp-image-82600\" src=\"https:\/\/exceladvisor.org\/wp-content\/uploads\/2023\/08\/11-diviser-le-texte-en-utilisant-des-espaces.png\" sizes=\"auto, \" srcset=\"\" alt=\"dividere il testo utilizzando gli spazi\" width=\"399\" height=\"243\"><\/figure><\/div><h3 id=\"h-formula-1-to-get-the-first-word\" class=\"wp-block-heading\"> Formula 1: Per avere la prima parola: <\/h3><pre class=\"wp-block-code\"> <code class=\"language-excel-formula\" lang=\"excel-formula\">=LEFT(A1, SEARCH(\" \", A1))<\/code><\/pre><div class=\"wp-block-image\"><figure class=\"aligncenter size-full is-resized\"><img loading=\"lazy\" decoding=\"async\" class=\"wp-image-82601\" src=\"https:\/\/exceladvisor.org\/wp-content\/uploads\/2023\/08\/12-a-gauche-pour-obtenir-le-premier-mot.png\" sizes=\"auto, \" srcset=\"\" alt=\"rimasto per ottenere la prima parola\" width=\"477\" height=\"240\"><\/figure><\/div><p> Questa \u00e8 la prima formula che devi inserire in una cella per ottenere la prima parola del valore. Quindi utilizza SINISTRA per ottenere il testo e CERCA per individuare il primo spazio.<\/p><h3 id=\"h-formula-2-to-get-the-middle-word\" class=\"wp-block-heading\"> Formula 2: Per ottenere la parola di mezzo<\/h3><p> Successivamente, devi utilizzare la seguente formula per ottenere la parola centrale. <\/p><div class=\"wp-block-image\"><figure class=\"aligncenter size-full is-resized\"><img loading=\"lazy\" decoding=\"async\" class=\"wp-image-82602\" src=\"https:\/\/exceladvisor.org\/wp-content\/uploads\/2023\/08\/13-mi-pour-obtenir-le-mot-du-milieu.png\" sizes=\"auto, \" srcset=\"\" alt=\"met\u00e0 per ottenere la parola di mezzo\" width=\"757\" height=\"180\"><\/figure><\/div><p> In questa formula utilizziamo MID e SEARCH per individuare il primo spazio. E poi calcola il numero di caratteri nella parola<\/p><h3 id=\"h-formula-3-to-get-the-last-word\" class=\"wp-block-heading\"> Formula 3: Avere l&#8217;ultima parola<\/h3><p> Infine, utilizza la formula seguente per ottenere l&#8217;ultima parola della cella. <\/p><div class=\"wp-block-image\"><figure class=\"aligncenter size-full is-resized\"><img loading=\"lazy\" decoding=\"async\" class=\"wp-image-82603\" src=\"https:\/\/exceladvisor.org\/wp-content\/uploads\/2023\/08\/14-droit-davoir-le-dernier-mot.png\" sizes=\"auto, \" srcset=\"\" alt=\"diritto di avere l'ultima parola\" width=\"689\" height=\"215\"><\/figure><\/div><pre class=\"wp-block-code\"> <code class=\"language-excel-formula\" lang=\"excel-formula\">=RIGHT(A1, LEN(A1)-SEARCH(\" \", A1,SEARCH(\" \",A1)+1))<\/code><\/pre><p> Questa formula utilizza CERCA due volte per ottenere il secondo spazio nella cella, quindi utilizza DESTRA per ottenere la parola sul lato destro della cella, che \u00e8 l&#8217;ultima parola. <\/p><div class=\"gb-container gb-container-52dfcee1 gb-container-sample-file\"><h2 class=\"gb-headline gb-headline-e289c143 gb-headline-text gb-headline-4f7959c2\"> Ottieni il file Excel<\/h2><p> <a class=\"gb-button gb-button-e88d6bee gb-button-text gb-button-button1\" href=\"https:\/\/exceladvisor.org\/wp-content\/uploads\/2023\/11\/divise-par-espace-2.xlsx\" rel=\"nofollow\">Scaricamento<\/a><\/p><\/div><div class=\"gb-container gb-container-4db6181c gb-container-mt\"> <a class=\"gb-button gb-button-c5897111 gb-button-text gb-button-mt-button\" href=\"https:\/\/exceladvisor.org\/it\/vba\/\">Cos&#8217;\u00e8 VBA<\/a><h2 class=\"gb-headline gb-headline-665e5f6b gb-headline-text gb-headline-mt-heading\"> Tutorial correlati <\/h2><div class=\"gb-grid-wrapper gb-grid-wrapper-a20baf7c gb-grid-wrapper-mt-grid\"><div class=\"gb-grid-column gb-grid-column-65ddf67e\"><div class=\"gb-container gb-container-65ddf67e\"><ul><li> Rimuovi il primo carattere da una cella in Excel<\/li><li> <a href=\"https:\/\/exceladvisor.org\/it\/rimuovere-gli-spazi-aggiuntivi\/\">Rimuovi gli spazi extra in Excel<\/a><\/li><li> <a href=\"https:\/\/exceladvisor.org\/it\/ottenere-la-prima-ultima-parola\/\">Nomi separati in Excel \u2013 (nome e cognome)<\/a><\/li><li> <a href=\"https:\/\/exceladvisor.org\/it\/estrarre-lultima-parola-2\/\">Estrai l&#8217;ultima parola da una cella<\/a><\/li><li> <a href=\"https:\/\/exceladvisor.org\/it\/rimuovere-linterruzione-di-riga-2\/\">Rimuovi l&#8217;interruzione di riga da una cella<\/a><\/li><\/ul><\/div><\/div><\/div><\/div>","protected":false},"excerpt":{"rendered":"","protected":false},"author":1,"featured_media":0,"parent":0,"menu_order":0,"comment_status":"open","ping_status":"closed","template":"","meta":{"ub_ctt_via":"","footnotes":""},"class_list":["post-1821","page","type-page","status-publish","hentry"],"featured_image_src":null,"yoast_head":"<!-- This site is optimized with the Yoast SEO plugin v25.4 - https:\/\/yoast.com\/wordpress\/plugins\/seo\/ -->\n<title>Dividi il testo utilizzando uno spazio Inserisci in Excel<\/title>\n<meta name=\"description\" content=\"Questo tutorial ti insegner\u00e0 come scrivere una formula Excel per dividere il testo utilizzando uno spazio in mezzo. Controlliamo questo...\" \/>\n<meta name=\"robots\" content=\"index, follow, max-snippet:-1, max-image-preview:large, max-video-preview:-1\" \/>\n<link rel=\"canonical\" href=\"https:\/\/exceladvisor.org\/it\/dividere-il-testo-utilizzando-uno-spazio\/\" \/>\n<meta property=\"og:locale\" content=\"it_IT\" \/>\n<meta property=\"og:type\" content=\"article\" \/>\n<meta property=\"og:title\" content=\"Dividi il testo utilizzando uno spazio Inserisci in Excel\" \/>\n<meta property=\"og:description\" content=\"Questo tutorial ti insegner\u00e0 come scrivere una formula Excel per dividere il testo utilizzando uno spazio in mezzo. Controlliamo questo...\" \/>\n<meta property=\"og:url\" content=\"https:\/\/exceladvisor.org\/it\/dividere-il-testo-utilizzando-uno-spazio\/\" \/>\n<meta property=\"og:site_name\" content=\"Excel Advisor\" \/>\n<meta property=\"article:modified_time\" content=\"2023-12-10T06:27:29+00:00\" \/>\n<meta property=\"og:image\" content=\"https:\/\/exceladvisor.org\/wp-content\/uploads\/2023\/08\/1-fractionner-le-texte-en-utilisant-un-espace-entre.png\" \/>\n<meta name=\"twitter:card\" content=\"summary_large_image\" \/>\n<meta name=\"twitter:label1\" content=\"Tempo di lettura stimato\" \/>\n\t<meta name=\"twitter:data1\" content=\"2 minuti\" \/>\n<script type=\"application\/ld+json\" class=\"yoast-schema-graph\">{\"@context\":\"https:\/\/schema.org\",\"@graph\":[{\"@type\":\"WebPage\",\"@id\":\"https:\/\/exceladvisor.org\/it\/dividere-il-testo-utilizzando-uno-spazio\/\",\"url\":\"https:\/\/exceladvisor.org\/it\/dividere-il-testo-utilizzando-uno-spazio\/\",\"name\":\"Dividi il testo utilizzando uno spazio Inserisci in Excel\",\"isPartOf\":{\"@id\":\"https:\/\/exceladvisor.org\/it\/#website\"},\"primaryImageOfPage\":{\"@id\":\"https:\/\/exceladvisor.org\/it\/dividere-il-testo-utilizzando-uno-spazio\/#primaryimage\"},\"image\":{\"@id\":\"https:\/\/exceladvisor.org\/it\/dividere-il-testo-utilizzando-uno-spazio\/#primaryimage\"},\"thumbnailUrl\":\"https:\/\/exceladvisor.org\/wp-content\/uploads\/2023\/08\/1-fractionner-le-texte-en-utilisant-un-espace-entre.png\",\"datePublished\":\"2023-11-02T02:49:26+00:00\",\"dateModified\":\"2023-12-10T06:27:29+00:00\",\"description\":\"Questo tutorial ti insegner\u00e0 come scrivere una formula Excel per dividere il testo utilizzando uno spazio in mezzo. Controlliamo questo...\",\"breadcrumb\":{\"@id\":\"https:\/\/exceladvisor.org\/it\/dividere-il-testo-utilizzando-uno-spazio\/#breadcrumb\"},\"inLanguage\":\"it-IT\",\"potentialAction\":[{\"@type\":\"ReadAction\",\"target\":[\"https:\/\/exceladvisor.org\/it\/dividere-il-testo-utilizzando-uno-spazio\/\"]}]},{\"@type\":\"ImageObject\",\"inLanguage\":\"it-IT\",\"@id\":\"https:\/\/exceladvisor.org\/it\/dividere-il-testo-utilizzando-uno-spazio\/#primaryimage\",\"url\":\"https:\/\/exceladvisor.org\/wp-content\/uploads\/2023\/08\/1-fractionner-le-texte-en-utilisant-un-espace-entre.png\",\"contentUrl\":\"https:\/\/exceladvisor.org\/wp-content\/uploads\/2023\/08\/1-fractionner-le-texte-en-utilisant-un-espace-entre.png\"},{\"@type\":\"BreadcrumbList\",\"@id\":\"https:\/\/exceladvisor.org\/it\/dividere-il-testo-utilizzando-uno-spazio\/#breadcrumb\",\"itemListElement\":[{\"@type\":\"ListItem\",\"position\":1,\"name\":\"Home\",\"item\":\"https:\/\/exceladvisor.org\/it\/\"},{\"@type\":\"ListItem\",\"position\":2,\"name\":\"Dividi il testo utilizzando uno spazio in mezzo\"}]},{\"@type\":\"WebSite\",\"@id\":\"https:\/\/exceladvisor.org\/it\/#website\",\"url\":\"https:\/\/exceladvisor.org\/it\/\",\"name\":\"Excel Advisor\",\"description\":\"Tips, Tricks, and Time-Saving Hacks\",\"publisher\":{\"@id\":\"https:\/\/exceladvisor.org\/it\/#organization\"},\"potentialAction\":[{\"@type\":\"SearchAction\",\"target\":{\"@type\":\"EntryPoint\",\"urlTemplate\":\"https:\/\/exceladvisor.org\/it\/?s={search_term_string}\"},\"query-input\":{\"@type\":\"PropertyValueSpecification\",\"valueRequired\":true,\"valueName\":\"search_term_string\"}}],\"inLanguage\":\"it-IT\"},{\"@type\":\"Organization\",\"@id\":\"https:\/\/exceladvisor.org\/it\/#organization\",\"name\":\"Excel Advisor\",\"url\":\"https:\/\/exceladvisor.org\/it\/\",\"logo\":{\"@type\":\"ImageObject\",\"inLanguage\":\"it-IT\",\"@id\":\"https:\/\/exceladvisor.org\/it\/#\/schema\/logo\/image\/\",\"url\":\"https:\/\/exceladvisor.org\/it\/wp-content\/uploads\/2023\/12\/exceladvisor.org_.png\",\"contentUrl\":\"https:\/\/exceladvisor.org\/it\/wp-content\/uploads\/2023\/12\/exceladvisor.org_.png\",\"width\":105,\"height\":36,\"caption\":\"Excel Advisor\"},\"image\":{\"@id\":\"https:\/\/exceladvisor.org\/it\/#\/schema\/logo\/image\/\"}}]}<\/script>\n<!-- \/ Yoast SEO plugin. -->","yoast_head_json":{"title":"Dividi il testo utilizzando uno spazio Inserisci in Excel","description":"Questo tutorial ti insegner\u00e0 come scrivere una formula Excel per dividere il testo utilizzando uno spazio in mezzo. Controlliamo questo...","robots":{"index":"index","follow":"follow","max-snippet":"max-snippet:-1","max-image-preview":"max-image-preview:large","max-video-preview":"max-video-preview:-1"},"canonical":"https:\/\/exceladvisor.org\/it\/dividere-il-testo-utilizzando-uno-spazio\/","og_locale":"it_IT","og_type":"article","og_title":"Dividi il testo utilizzando uno spazio Inserisci in Excel","og_description":"Questo tutorial ti insegner\u00e0 come scrivere una formula Excel per dividere il testo utilizzando uno spazio in mezzo. Controlliamo questo...","og_url":"https:\/\/exceladvisor.org\/it\/dividere-il-testo-utilizzando-uno-spazio\/","og_site_name":"Excel Advisor","article_modified_time":"2023-12-10T06:27:29+00:00","og_image":[{"url":"https:\/\/exceladvisor.org\/wp-content\/uploads\/2023\/08\/1-fractionner-le-texte-en-utilisant-un-espace-entre.png","type":"","width":"","height":""}],"twitter_card":"summary_large_image","twitter_misc":{"Tempo di lettura stimato":"2 minuti"},"schema":{"@context":"https:\/\/schema.org","@graph":[{"@type":"WebPage","@id":"https:\/\/exceladvisor.org\/it\/dividere-il-testo-utilizzando-uno-spazio\/","url":"https:\/\/exceladvisor.org\/it\/dividere-il-testo-utilizzando-uno-spazio\/","name":"Dividi il testo utilizzando uno spazio Inserisci in Excel","isPartOf":{"@id":"https:\/\/exceladvisor.org\/it\/#website"},"primaryImageOfPage":{"@id":"https:\/\/exceladvisor.org\/it\/dividere-il-testo-utilizzando-uno-spazio\/#primaryimage"},"image":{"@id":"https:\/\/exceladvisor.org\/it\/dividere-il-testo-utilizzando-uno-spazio\/#primaryimage"},"thumbnailUrl":"https:\/\/exceladvisor.org\/wp-content\/uploads\/2023\/08\/1-fractionner-le-texte-en-utilisant-un-espace-entre.png","datePublished":"2023-11-02T02:49:26+00:00","dateModified":"2023-12-10T06:27:29+00:00","description":"Questo tutorial ti insegner\u00e0 come scrivere una formula Excel per dividere il testo utilizzando uno spazio in mezzo. Controlliamo questo...","breadcrumb":{"@id":"https:\/\/exceladvisor.org\/it\/dividere-il-testo-utilizzando-uno-spazio\/#breadcrumb"},"inLanguage":"it-IT","potentialAction":[{"@type":"ReadAction","target":["https:\/\/exceladvisor.org\/it\/dividere-il-testo-utilizzando-uno-spazio\/"]}]},{"@type":"ImageObject","inLanguage":"it-IT","@id":"https:\/\/exceladvisor.org\/it\/dividere-il-testo-utilizzando-uno-spazio\/#primaryimage","url":"https:\/\/exceladvisor.org\/wp-content\/uploads\/2023\/08\/1-fractionner-le-texte-en-utilisant-un-espace-entre.png","contentUrl":"https:\/\/exceladvisor.org\/wp-content\/uploads\/2023\/08\/1-fractionner-le-texte-en-utilisant-un-espace-entre.png"},{"@type":"BreadcrumbList","@id":"https:\/\/exceladvisor.org\/it\/dividere-il-testo-utilizzando-uno-spazio\/#breadcrumb","itemListElement":[{"@type":"ListItem","position":1,"name":"Home","item":"https:\/\/exceladvisor.org\/it\/"},{"@type":"ListItem","position":2,"name":"Dividi il testo utilizzando uno spazio in mezzo"}]},{"@type":"WebSite","@id":"https:\/\/exceladvisor.org\/it\/#website","url":"https:\/\/exceladvisor.org\/it\/","name":"Excel Advisor","description":"Tips, Tricks, and Time-Saving Hacks","publisher":{"@id":"https:\/\/exceladvisor.org\/it\/#organization"},"potentialAction":[{"@type":"SearchAction","target":{"@type":"EntryPoint","urlTemplate":"https:\/\/exceladvisor.org\/it\/?s={search_term_string}"},"query-input":{"@type":"PropertyValueSpecification","valueRequired":true,"valueName":"search_term_string"}}],"inLanguage":"it-IT"},{"@type":"Organization","@id":"https:\/\/exceladvisor.org\/it\/#organization","name":"Excel Advisor","url":"https:\/\/exceladvisor.org\/it\/","logo":{"@type":"ImageObject","inLanguage":"it-IT","@id":"https:\/\/exceladvisor.org\/it\/#\/schema\/logo\/image\/","url":"https:\/\/exceladvisor.org\/it\/wp-content\/uploads\/2023\/12\/exceladvisor.org_.png","contentUrl":"https:\/\/exceladvisor.org\/it\/wp-content\/uploads\/2023\/12\/exceladvisor.org_.png","width":105,"height":36,"caption":"Excel Advisor"},"image":{"@id":"https:\/\/exceladvisor.org\/it\/#\/schema\/logo\/image\/"}}]}},"yoast_meta":{"yoast_wpseo_title":"","yoast_wpseo_metadesc":"","yoast_wpseo_canonical":""},"_links":{"self":[{"href":"https:\/\/exceladvisor.org\/it\/wp-json\/wp\/v2\/pages\/1821","targetHints":{"allow":["GET"]}}],"collection":[{"href":"https:\/\/exceladvisor.org\/it\/wp-json\/wp\/v2\/pages"}],"about":[{"href":"https:\/\/exceladvisor.org\/it\/wp-json\/wp\/v2\/types\/page"}],"author":[{"embeddable":true,"href":"https:\/\/exceladvisor.org\/it\/wp-json\/wp\/v2\/users\/1"}],"replies":[{"embeddable":true,"href":"https:\/\/exceladvisor.org\/it\/wp-json\/wp\/v2\/comments?post=1821"}],"version-history":[{"count":1,"href":"https:\/\/exceladvisor.org\/it\/wp-json\/wp\/v2\/pages\/1821\/revisions"}],"predecessor-version":[{"id":2895,"href":"https:\/\/exceladvisor.org\/it\/wp-json\/wp\/v2\/pages\/1821\/revisions\/2895"}],"wp:attachment":[{"href":"https:\/\/exceladvisor.org\/it\/wp-json\/wp\/v2\/media?parent=1821"}],"curies":[{"name":"wp","href":"https:\/\/api.w.org\/{rel}","templated":true}]}}