{"id":1823,"date":"2023-11-01T18:30:27","date_gmt":"2023-11-01T18:30:27","guid":{"rendered":"https:\/\/exceladvisor.org\/it\/aggiungi-al-tuo-cv\/"},"modified":"2023-12-10T06:24:19","modified_gmt":"2023-12-10T06:24:19","slug":"aggiungi-al-tuo-cv","status":"publish","type":"page","link":"https:\/\/exceladvisor.org\/it\/aggiungi-al-tuo-cv\/","title":{"rendered":"Come mostrare la tua esperienza in excel su un cv?"},"content":{"rendered":"<div class=\"excel-prima-del-contenuto\" id=\"excel-301644441\"><script type=\"text\/javascript\">\r\n\tatOptions = {\r\n\t\t'key' : 'c1158f160081d6540a8409e6925dab94',\r\n\t\t'format' : 'iframe',\r\n\t\t'height' : 250,\r\n\t\t'width' : 300,\r\n\t\t'params' : {}\r\n\t};\r\n<\/script>\r\n<script type=\"text\/javascript\" src=\"\/\/www.highperformanceformat.com\/c1158f160081d6540a8409e6925dab94\/invoke.js\"><\/script><\/div> <p><img loading=\"lazy\" decoding=\"async\" class=\"aligncenter\" style=\"aspect-ratio: auto 500 \/ 500;\" title=\"aggiungere-competenze-al-tuo-curriculum\" src=\"https:\/\/exceladvisor.org\/wp-content\/uploads\/2023\/08\/1-ajouter-des-competences-a-votre-CV.png\" sizes=\"auto, \" srcset=\"\" alt=\"add-skills-to-your-resume\" width=\"195\" height=\"195\" data-id=\"90027\" data-init-width=\"500\" data-init-height=\"500\" data-width=\"195\" data-height=\"195\"><\/p><p> Excel \u00e8 un&#8217;applicazione che ha una vasta gamma di usi e, una volta che inizi ad impararla, capirai che ci sono centinaia di funzionalit\u00e0 che puoi imparare.<\/p><p> Ora la domanda pi\u00f9 grande \u00e8: quando lo impari e padroneggi alcune delle sue principali funzionalit\u00e0 e opzioni, come puoi mostrarlo nel tuo curriculum o CV? Esistono tre principali livelli di competenza di Excel che puoi raggiungere:<\/p><ul><li> <span data-preserver-spaces=\"true\">Di base<\/span><\/li><li> <span data-preserver-spaces=\"true\">Intermedio<\/span><\/li><li> <span data-preserver-spaces=\"true\">Avanzare<\/span><\/li><\/ul><p> La maggior parte degli utenti di Excel utilizza questi tre livelli per definire le proprie competenze nei propri curriculum. Ma, se consideri la comprensione, questi livelli non rappresentano accuratamente le tue capacit\u00e0.<\/p><h2> Quindi, qual \u00e8 il modo giusto per menzionare le mie competenze in Excel nel CV?<\/h2><p> <em>La questione non \u00e8 quanto conosci Microsoft Excel, ma come puoi aiutare la tua azienda e il suo business con esso.<\/em><\/p><p> Di seguito sono riportati cinque modi importanti in cui puoi utilizzare Excel per aiutare la tua azienda che puoi menzionare nel tuo curriculum. <\/p><p><img loading=\"lazy\" decoding=\"async\" style=\"aspect-ratio: auto 944 \/ 306;\" title=\"misuratore di competenze per aggiungere competenze al tuo curriculum\" src=\"https:\/\/exceladvisor.org\/wp-content\/uploads\/2023\/08\/compteur-de-competences-pour-ajouter-des-competences-a-votre-CV.png\" sizes=\"auto, \" srcset=\"\" alt=\"skill-meter-to-add-skills-to-your-resume\" width=\"607\" height=\"197\" data-id=\"90609\" data-init-width=\"944\" data-init-height=\"306\" data-width=\"607\" data-height=\"197\"><\/p><p> <a style=\"outline: none;\" href=\"https:\/\/exceladvisor.org\/wp-content\/uploads\/2023\/11\/modele-de-competences-excel.xlsx\" rel=\"nofollow\">modello-competenze-excel.xlsx<\/a><\/p><h3> (1). So come gestire e strutturare i dati<\/h3><p> Tutto inizia dai dati. Ed ecco perch\u00e9 \u00e8 importante sapere come gestire i dati con Excel. Puoi descrivere quanto bene riesci a gestire i dati del tuo CV.<\/p><p> Supponiamo che tu abbia molti file Excel con dati e ora devi combinare i dati di tutti questi file. Ora questo richiede che tu sappia come farlo con Excel. Il modo migliore per raggiungere questo obiettivo \u00e8 utilizzare Power Query o VBA.<\/p><ul><li> Unisci pi\u00f9 file Excel<\/li><li> <a style=\"outline: none;\" href=\"https:\/\/exceladvisor.org\/it\/combinare-cartelle-di-lavoro\/\">Combina cartelle di lavoro Excel con VBA<\/a><\/li><\/ul><h3> (2). Posso pulire e trasformare i dati per un ulteriore utilizzo<\/h3><p> Una delle esigenze importanti di un\u2019azienda \u00e8 disporre di dati puliti e pronti all\u2019uso. E queste sono competenze che devi padroneggiare e menzionare nel tuo CV a riguardo.<\/p><p> Per questo \u00e8 necessario conoscere la formula, le funzioni e la query di potenza. Entrambi possono aiutarti a trasformare i dati grezzi in dati pronti all&#8217;uso per report e dashboard.<\/p><ul><li> <a href=\"https:\/\/exceladvisor.org\/it\/formule\/\">Elenco delle formule Excel (Base + Avanzato)<\/a><\/li><li> <a href=\"https:\/\/exceladvisor.org\/it\/richiesta-di-potenza\/\">Usa Power Query per trasformare i dati<\/a><\/li><\/ul><h3> (3). Posso presentare i dati in forma visiva con grafici e infografiche<\/h3><p> La creazione di grafici \u00e8 uno dei modi migliori e pi\u00f9 potenti per presentare i tuoi dati. In Excel hai un lungo elenco di grafici predefiniti e persino infografiche che puoi creare.<\/p><p> In Excel sono inoltre disponibili molte opzioni per personalizzare i grafici, ad esempio la modifica degli stili e l&#8217;aggiunta e la rimozione di elementi del grafico. Excel ti consente anche di copiare e incollare il tuo grafico in un&#8217;altra applicazione e salvarlo come immagine.<\/p><ul><li> <a href=\"https:\/\/exceladvisor.org\/it\/grafici-excel\/\"><strong>Tipi di grafici in Excel<\/strong><\/a><\/li><li> <a href=\"https:\/\/exceladvisor.org\/it\/grafica-avanzata\/\"><strong>Grafici Excel avanzati<\/strong><\/a><\/li><\/ul><h3> (4). Posso creare report e dashboard per aiutare a prendere decisioni migliori<\/h3><p> Una delle competenze pi\u00f9 essenziali che potresti avere \u00e8 stata la creazione di report e dashboard dai dati che hai in Excel. Con report e dashboard puoi aiutare gli altri a ottenere approfondimenti e aiutare l&#8217;azienda a prendere decisioni migliori.<\/p><p> Le tabelle pivot sono una parte essenziale della creazione di un report in Excel. Ti aiuta a riepilogare i dati in pochissimo tempo ed \u00e8 dinamico, il che significa che una volta aggiunti nuovi dati all&#8217;origine, puoi aggiornarli in pivot con un solo clic.<\/p><ul><li> <a href=\"https:\/\/exceladvisor.org\/it\/tabella-pivot\/\">Scopri come utilizzare le tabelle pivot in Excel<\/a><\/li><li> <a href=\"https:\/\/exceladvisor.org\/it\/rapporto-delle-vendite\/\"><strong>Crea un report sulle vendite in Excel<\/strong><\/a><\/li><\/ul><h3> (5). Posso automatizzare le attivit\u00e0 di Excel con VBA per risparmiare tempo<\/h3><p> In Excel puoi scrivere codici e automatizzare le tue attivit\u00e0. Ad esempio, puoi creare una tabella pivot con un solo clic. E se sai come scrivere codici e automatizzare le cose, puoi menzionarlo nel tuo CV.<\/p><p> L&#8217;automazione con VBA pu\u00f2 aiutare la tua azienda a risparmiare molti soldi perch\u00e9 non \u00e8 necessario assumere un programmatore o un esperto di automazione. Conoscere VBA \u00e8 una grande abilit\u00e0 da aggiungere alla tua conoscenza di Excel.<\/p><ul><li> <strong><a style=\"outline: none;\" href=\"https:\/\/exceladvisor.org\/it\/vba\/\">VBA in Excel: il modo migliore per imparare a programmare<\/a><\/strong><\/li><li> Esempi utili di macro di Excel<\/li><\/ul>","protected":false},"excerpt":{"rendered":"","protected":false},"author":1,"featured_media":0,"parent":0,"menu_order":0,"comment_status":"open","ping_status":"closed","template":"","meta":{"ub_ctt_via":"","footnotes":""},"class_list":["post-1823","page","type-page","status-publish","hentry"],"featured_image_src":null,"yoast_head":"<!-- This site is optimized with the Yoast SEO plugin v25.4 - https:\/\/yoast.com\/wordpress\/plugins\/seo\/ -->\n<title>Descrivi le tue competenze in Excel nel tuo CV \u2013 Excel Advisor<\/title>\n<meta name=\"description\" content=\"Se non sai come aggiungere le tue competenze in Excel al tuo curriculum, questo breve tutorial pu\u00f2 aiutarti facilmente.\" \/>\n<meta name=\"robots\" content=\"index, follow, max-snippet:-1, max-image-preview:large, max-video-preview:-1\" \/>\n<link rel=\"canonical\" href=\"https:\/\/exceladvisor.org\/it\/aggiungi-al-tuo-cv\/\" \/>\n<meta property=\"og:locale\" content=\"it_IT\" \/>\n<meta property=\"og:type\" content=\"article\" \/>\n<meta property=\"og:title\" content=\"Descrivi le tue competenze in Excel nel tuo CV \u2013 Excel Advisor\" \/>\n<meta property=\"og:description\" content=\"Se non sai come aggiungere le tue competenze in Excel al tuo curriculum, questo breve tutorial pu\u00f2 aiutarti facilmente.\" \/>\n<meta property=\"og:url\" content=\"https:\/\/exceladvisor.org\/it\/aggiungi-al-tuo-cv\/\" \/>\n<meta property=\"og:site_name\" content=\"Excel Advisor\" \/>\n<meta property=\"article:modified_time\" content=\"2023-12-10T06:24:19+00:00\" \/>\n<meta property=\"og:image\" content=\"https:\/\/exceladvisor.org\/wp-content\/uploads\/2023\/08\/1-ajouter-des-competences-a-votre-CV.png\" \/>\n<meta name=\"twitter:card\" content=\"summary_large_image\" \/>\n<meta name=\"twitter:label1\" content=\"Tempo di lettura stimato\" \/>\n\t<meta name=\"twitter:data1\" content=\"3 minuti\" \/>\n<script type=\"application\/ld+json\" class=\"yoast-schema-graph\">{\"@context\":\"https:\/\/schema.org\",\"@graph\":[{\"@type\":\"WebPage\",\"@id\":\"https:\/\/exceladvisor.org\/it\/aggiungi-al-tuo-cv\/\",\"url\":\"https:\/\/exceladvisor.org\/it\/aggiungi-al-tuo-cv\/\",\"name\":\"Descrivi le tue competenze in Excel nel tuo CV \u2013 Excel Advisor\",\"isPartOf\":{\"@id\":\"https:\/\/exceladvisor.org\/it\/#website\"},\"primaryImageOfPage\":{\"@id\":\"https:\/\/exceladvisor.org\/it\/aggiungi-al-tuo-cv\/#primaryimage\"},\"image\":{\"@id\":\"https:\/\/exceladvisor.org\/it\/aggiungi-al-tuo-cv\/#primaryimage\"},\"thumbnailUrl\":\"https:\/\/exceladvisor.org\/wp-content\/uploads\/2023\/08\/1-ajouter-des-competences-a-votre-CV.png\",\"datePublished\":\"2023-11-01T18:30:27+00:00\",\"dateModified\":\"2023-12-10T06:24:19+00:00\",\"description\":\"Se non sai come aggiungere le tue competenze in Excel al tuo curriculum, questo breve tutorial pu\u00f2 aiutarti facilmente.\",\"breadcrumb\":{\"@id\":\"https:\/\/exceladvisor.org\/it\/aggiungi-al-tuo-cv\/#breadcrumb\"},\"inLanguage\":\"it-IT\",\"potentialAction\":[{\"@type\":\"ReadAction\",\"target\":[\"https:\/\/exceladvisor.org\/it\/aggiungi-al-tuo-cv\/\"]}]},{\"@type\":\"ImageObject\",\"inLanguage\":\"it-IT\",\"@id\":\"https:\/\/exceladvisor.org\/it\/aggiungi-al-tuo-cv\/#primaryimage\",\"url\":\"https:\/\/exceladvisor.org\/wp-content\/uploads\/2023\/08\/1-ajouter-des-competences-a-votre-CV.png\",\"contentUrl\":\"https:\/\/exceladvisor.org\/wp-content\/uploads\/2023\/08\/1-ajouter-des-competences-a-votre-CV.png\"},{\"@type\":\"BreadcrumbList\",\"@id\":\"https:\/\/exceladvisor.org\/it\/aggiungi-al-tuo-cv\/#breadcrumb\",\"itemListElement\":[{\"@type\":\"ListItem\",\"position\":1,\"name\":\"Home\",\"item\":\"https:\/\/exceladvisor.org\/it\/\"},{\"@type\":\"ListItem\",\"position\":2,\"name\":\"Come mostrare la tua esperienza in excel su un cv?\"}]},{\"@type\":\"WebSite\",\"@id\":\"https:\/\/exceladvisor.org\/it\/#website\",\"url\":\"https:\/\/exceladvisor.org\/it\/\",\"name\":\"Excel Advisor\",\"description\":\"Tips, Tricks, and Time-Saving Hacks\",\"publisher\":{\"@id\":\"https:\/\/exceladvisor.org\/it\/#organization\"},\"potentialAction\":[{\"@type\":\"SearchAction\",\"target\":{\"@type\":\"EntryPoint\",\"urlTemplate\":\"https:\/\/exceladvisor.org\/it\/?s={search_term_string}\"},\"query-input\":{\"@type\":\"PropertyValueSpecification\",\"valueRequired\":true,\"valueName\":\"search_term_string\"}}],\"inLanguage\":\"it-IT\"},{\"@type\":\"Organization\",\"@id\":\"https:\/\/exceladvisor.org\/it\/#organization\",\"name\":\"Excel Advisor\",\"url\":\"https:\/\/exceladvisor.org\/it\/\",\"logo\":{\"@type\":\"ImageObject\",\"inLanguage\":\"it-IT\",\"@id\":\"https:\/\/exceladvisor.org\/it\/#\/schema\/logo\/image\/\",\"url\":\"https:\/\/exceladvisor.org\/it\/wp-content\/uploads\/2023\/12\/exceladvisor.org_.png\",\"contentUrl\":\"https:\/\/exceladvisor.org\/it\/wp-content\/uploads\/2023\/12\/exceladvisor.org_.png\",\"width\":105,\"height\":36,\"caption\":\"Excel Advisor\"},\"image\":{\"@id\":\"https:\/\/exceladvisor.org\/it\/#\/schema\/logo\/image\/\"}}]}<\/script>\n<!-- \/ Yoast SEO plugin. -->","yoast_head_json":{"title":"Descrivi le tue competenze in Excel nel tuo CV \u2013 Excel Advisor","description":"Se non sai come aggiungere le tue competenze in Excel al tuo curriculum, questo breve tutorial pu\u00f2 aiutarti facilmente.","robots":{"index":"index","follow":"follow","max-snippet":"max-snippet:-1","max-image-preview":"max-image-preview:large","max-video-preview":"max-video-preview:-1"},"canonical":"https:\/\/exceladvisor.org\/it\/aggiungi-al-tuo-cv\/","og_locale":"it_IT","og_type":"article","og_title":"Descrivi le tue competenze in Excel nel tuo CV \u2013 Excel Advisor","og_description":"Se non sai come aggiungere le tue competenze in Excel al tuo curriculum, questo breve tutorial pu\u00f2 aiutarti facilmente.","og_url":"https:\/\/exceladvisor.org\/it\/aggiungi-al-tuo-cv\/","og_site_name":"Excel Advisor","article_modified_time":"2023-12-10T06:24:19+00:00","og_image":[{"url":"https:\/\/exceladvisor.org\/wp-content\/uploads\/2023\/08\/1-ajouter-des-competences-a-votre-CV.png","type":"","width":"","height":""}],"twitter_card":"summary_large_image","twitter_misc":{"Tempo di lettura stimato":"3 minuti"},"schema":{"@context":"https:\/\/schema.org","@graph":[{"@type":"WebPage","@id":"https:\/\/exceladvisor.org\/it\/aggiungi-al-tuo-cv\/","url":"https:\/\/exceladvisor.org\/it\/aggiungi-al-tuo-cv\/","name":"Descrivi le tue competenze in Excel nel tuo CV \u2013 Excel Advisor","isPartOf":{"@id":"https:\/\/exceladvisor.org\/it\/#website"},"primaryImageOfPage":{"@id":"https:\/\/exceladvisor.org\/it\/aggiungi-al-tuo-cv\/#primaryimage"},"image":{"@id":"https:\/\/exceladvisor.org\/it\/aggiungi-al-tuo-cv\/#primaryimage"},"thumbnailUrl":"https:\/\/exceladvisor.org\/wp-content\/uploads\/2023\/08\/1-ajouter-des-competences-a-votre-CV.png","datePublished":"2023-11-01T18:30:27+00:00","dateModified":"2023-12-10T06:24:19+00:00","description":"Se non sai come aggiungere le tue competenze in Excel al tuo curriculum, questo breve tutorial pu\u00f2 aiutarti facilmente.","breadcrumb":{"@id":"https:\/\/exceladvisor.org\/it\/aggiungi-al-tuo-cv\/#breadcrumb"},"inLanguage":"it-IT","potentialAction":[{"@type":"ReadAction","target":["https:\/\/exceladvisor.org\/it\/aggiungi-al-tuo-cv\/"]}]},{"@type":"ImageObject","inLanguage":"it-IT","@id":"https:\/\/exceladvisor.org\/it\/aggiungi-al-tuo-cv\/#primaryimage","url":"https:\/\/exceladvisor.org\/wp-content\/uploads\/2023\/08\/1-ajouter-des-competences-a-votre-CV.png","contentUrl":"https:\/\/exceladvisor.org\/wp-content\/uploads\/2023\/08\/1-ajouter-des-competences-a-votre-CV.png"},{"@type":"BreadcrumbList","@id":"https:\/\/exceladvisor.org\/it\/aggiungi-al-tuo-cv\/#breadcrumb","itemListElement":[{"@type":"ListItem","position":1,"name":"Home","item":"https:\/\/exceladvisor.org\/it\/"},{"@type":"ListItem","position":2,"name":"Come mostrare la tua esperienza in excel su un cv?"}]},{"@type":"WebSite","@id":"https:\/\/exceladvisor.org\/it\/#website","url":"https:\/\/exceladvisor.org\/it\/","name":"Excel Advisor","description":"Tips, Tricks, and Time-Saving Hacks","publisher":{"@id":"https:\/\/exceladvisor.org\/it\/#organization"},"potentialAction":[{"@type":"SearchAction","target":{"@type":"EntryPoint","urlTemplate":"https:\/\/exceladvisor.org\/it\/?s={search_term_string}"},"query-input":{"@type":"PropertyValueSpecification","valueRequired":true,"valueName":"search_term_string"}}],"inLanguage":"it-IT"},{"@type":"Organization","@id":"https:\/\/exceladvisor.org\/it\/#organization","name":"Excel Advisor","url":"https:\/\/exceladvisor.org\/it\/","logo":{"@type":"ImageObject","inLanguage":"it-IT","@id":"https:\/\/exceladvisor.org\/it\/#\/schema\/logo\/image\/","url":"https:\/\/exceladvisor.org\/it\/wp-content\/uploads\/2023\/12\/exceladvisor.org_.png","contentUrl":"https:\/\/exceladvisor.org\/it\/wp-content\/uploads\/2023\/12\/exceladvisor.org_.png","width":105,"height":36,"caption":"Excel Advisor"},"image":{"@id":"https:\/\/exceladvisor.org\/it\/#\/schema\/logo\/image\/"}}]}},"yoast_meta":{"yoast_wpseo_title":"","yoast_wpseo_metadesc":"","yoast_wpseo_canonical":""},"_links":{"self":[{"href":"https:\/\/exceladvisor.org\/it\/wp-json\/wp\/v2\/pages\/1823","targetHints":{"allow":["GET"]}}],"collection":[{"href":"https:\/\/exceladvisor.org\/it\/wp-json\/wp\/v2\/pages"}],"about":[{"href":"https:\/\/exceladvisor.org\/it\/wp-json\/wp\/v2\/types\/page"}],"author":[{"embeddable":true,"href":"https:\/\/exceladvisor.org\/it\/wp-json\/wp\/v2\/users\/1"}],"replies":[{"embeddable":true,"href":"https:\/\/exceladvisor.org\/it\/wp-json\/wp\/v2\/comments?post=1823"}],"version-history":[{"count":1,"href":"https:\/\/exceladvisor.org\/it\/wp-json\/wp\/v2\/pages\/1823\/revisions"}],"predecessor-version":[{"id":2575,"href":"https:\/\/exceladvisor.org\/it\/wp-json\/wp\/v2\/pages\/1823\/revisions\/2575"}],"wp:attachment":[{"href":"https:\/\/exceladvisor.org\/it\/wp-json\/wp\/v2\/media?parent=1823"}],"curies":[{"name":"wp","href":"https:\/\/api.w.org\/{rel}","templated":true}]}}