{"id":1825,"date":"2023-11-01T04:09:45","date_gmt":"2023-11-01T04:09:45","guid":{"rendered":"https:\/\/exceladvisor.org\/it\/contare-valori-univoci-1\/"},"modified":"2023-12-10T06:19:22","modified_gmt":"2023-12-10T06:19:22","slug":"contare-valori-univoci-1","status":"publish","type":"page","link":"https:\/\/exceladvisor.org\/it\/contare-valori-univoci-1\/","title":{"rendered":"7 modi per contare valori univoci in excel"},"content":{"rendered":"<div class=\"excel-prima-del-contenuto\" id=\"excel-1319932137\"><script type=\"text\/javascript\">\r\n\tatOptions = {\r\n\t\t'key' : 'c1158f160081d6540a8409e6925dab94',\r\n\t\t'format' : 'iframe',\r\n\t\t'height' : 250,\r\n\t\t'width' : 300,\r\n\t\t'params' : {}\r\n\t};\r\n<\/script>\r\n<script type=\"text\/javascript\" src=\"\/\/www.highperformanceformat.com\/c1158f160081d6540a8409e6925dab94\/invoke.js\"><\/script><\/div> <p>Supponiamo di avere un elenco di valori in cui ciascun valore viene inserito pi\u00f9 volte.<\/p><p> E adesso\u2026<\/p><p> Vuoi contare i valori univoci in questo elenco per ottenere il numero effettivo di valori in esso contenuti.<\/p><p> Per fare ci\u00f2, \u00e8 necessario utilizzare un metodo che conter\u00e0 il valore solo una volta e ignorer\u00e0 tutte le altre occorrenze nell&#8217;elenco.<\/p><p> In Excel \u00e8 possibile utilizzare diversi metodi per ottenere una serie di valori univoci. Dipende dal tipo di valori che hai, quindi puoi utilizzare il metodo migliore per questo.<\/p><p> Nell&#8217;articolo di oggi, vorrei condividere con te 6 diversi metodi per contare valori univoci e utilizzare questi metodi a seconda del tipo di valori che hai.<\/p><p> <a href=\"https:\/\/exceladvisor.org\/wp-content\/uploads\/2023\/11\/compter-les-donnees-de-valeurs-uniques.zip\" rel=\"nofollow\"><strong>data.xlsx<\/strong><\/a><\/p><h2 class=\"wp-block-heading\"> Filtro avanzato per ottenere un numero di valori univoci<\/h2><p> Utilizzare un filtro avanzato \u00e8 uno dei modi pi\u00f9 semplici per verificare il numero di valori univoci e non sono nemmeno necessarie formule complesse. Qui abbiamo un elenco di nomi e da questo elenco devi contare il numero di nomi univoci. <\/p><div class=\"wp-block-image\"><figure class=\"aligncenter\"><img decoding=\"async\" src=\"https:\/\/exceladvisor.org\/wp-content\/uploads\/2023\/08\/une-liste-pour-compter-les-valeurs-uniques-min-1.png\" sizes=\"\" srcset=\"\" alt=\"un elenco per contare i valori univoci\"><\/figure><\/div><p> Ecco i passaggi per ottenere i valori univoci:<\/p><ol><li> Innanzitutto, <strong>seleziona una delle celle<\/strong> nell&#8217;elenco. <br><img decoding=\"async\" title=\"seleziona-una-cella-per-contare-valori-unici-min\" src=\"https:\/\/exceladvisor.org\/wp-content\/uploads\/2023\/08\/selectionner-une-cellule-pour-compter-les-valeurs-uniques-min-1.png\" sizes=\"\" srcset=\"\" alt=\"select a cell to count unique values\"><\/li><li> Successivamente, vai alla scheda Dati \u279c Ordina e filtra \u279c <strong>Fai clic su Avanzate<\/strong> . <br><img decoding=\"async\" title=\"valori minimi unici di avanzamento clic per conteggio\" src=\"https:\/\/exceladvisor.org\/wp-content\/uploads\/2023\/08\/cliquez-sur-avance-pour-compter-les-valeurs-uniques-min-1.png\" sizes=\"\" srcset=\"\" alt=\"click on advance to count unique values\"><\/li><li> Dopo aver fatto clic su di esso, verr\u00e0 visualizzata una finestra pop-up per applicare filtri avanzati.<\/li><li> Ora da questa finestra seleziona \u201c <strong>Copia in un&#8217;altra posizione<\/strong> \u201d.<\/li><li> In &#8220;Copia in&#8221;, <strong>seleziona una cella vuota<\/strong> in cui desideri incollare valori univoci.<\/li><li> Ora seleziona la casella &#8221; <strong>Solo record singoli<\/strong> &#8221; e fai clic su OK. <br><img decoding=\"async\" title=\"seleziona-intervallo-con-filtro-anticipo-per-contare-valori-unici-min\" src=\"https:\/\/exceladvisor.org\/wp-content\/uploads\/2023\/08\/selectionner-la-plage-avec-filtre-avance-pour-compter-les-valeurs-uniques-min-1.png\" sizes=\"\" srcset=\"\" alt=\"select range with advance filter to count unique values\"><\/li><li> A questo punto hai un <strong>elenco di valori univoci<\/strong> . <br><img decoding=\"async\" title=\"riceverai-un-elenco-di-valori-unici-per-contare-valori-unici-min\" src=\"https:\/\/exceladvisor.org\/wp-content\/uploads\/2023\/08\/vous-obtiendrez-une-liste-de-valeurs-uniques-pour-compter-les-valeurs-uniques-min-1.png\" sizes=\"\" srcset=\"\" alt=\"you will get list of unique values to count unique values\"><\/li><li> Ora vai alla cella sotto l&#8217;ultima cella dell&#8217;elenco e <strong>inserisci la seguente formula<\/strong> e premi Invio.<\/li><\/ol><pre class=\"wp-block-code\"> <code class=\"language-excel-formula\" lang=\"excel-formula\">=COUNTA(B2:B10)<\/code><\/pre><p> Restituir\u00e0 il numero di valori univoci in questo elenco di nomi. <\/p><div class=\"wp-block-image\"><figure class=\"aligncenter\"><img decoding=\"async\" src=\"https:\/\/exceladvisor.org\/wp-content\/uploads\/2023\/08\/compter-les-valeurs-uniques-min-1.png\" sizes=\"\" srcset=\"\" alt=\"contare valori univoci utilizzando filtri e conta avanzati\"><\/figure><\/div><p> Ora hai un elenco di valori univoci e puoi anche contarli. Questo metodo \u00e8 semplice e facile da seguire poich\u00e9 non \u00e8 necessario scrivere formule complesse per questo.<\/p><h2 class=\"wp-block-heading\"> Combinando SOMMA e CONTA.SE per contare valori univoci<\/h2><p> Se desideri trovare il numero di valori univoci in una singola cella senza estrarre un elenco separato, puoi utilizzare una combinazione di SOMMA e CONTA.SE.<\/p><p> In questo metodo, devi solo fare riferimento all&#8217;elenco dei valori e la formula restituir\u00e0 il numero di valori univoci. Questa \u00e8 una formula di matrice, quindi devi inserirla come tabella e, quando la inserisci, usa Ctrl + Maiusc + Invio.<\/p><p> E la formula \u00e8:<\/p><pre class=\"wp-block-code\"> <code class=\"language-excel-formula\" lang=\"excel-formula\">=SUM(1\/COUNTIF(A2:A17,A2:A17))<\/code><\/pre><p> Quando inserisci questa formula in forma tabellare, apparir\u00e0 cos\u00ec. <\/p><pre class=\"wp-block-code\"> <code class=\"language-excel-formula\" lang=\"excel-formula\">{=SUM(1\/COUNTIF(A2:A17,A2:A17))}<\/code><\/pre><p class=\"has-text-align-center\"><img loading=\"lazy\" decoding=\"async\" src=\"https:\/\/exceladvisor.org\/wp-content\/uploads\/2023\/08\/compter-les-valeurs-uniques-avec-somme-countif-min-1.png\" sizes=\"auto, \" srcset=\"\" alt=\"contare valori univoci con somma countif\" width=\"604\" height=\"416\" data-id=\"11957\"><\/p><h3 class=\"wp-block-heading\"> Come funziona<\/h3><p> Per comprendere questa formula \u00e8 necessario scomporla in tre parti e ricordare solo che abbiamo inserito questa formula in forma tabellare e in questo elenco ci sono un totale di 16 valori, non unici ma totali.<\/p><p> Ok, allora guarda.<\/p><p> Nella <strong>prima<\/strong> parte hai usato COUNIF per contare il numero di ciascun valore a partire da 16 e qui COUNTIF restituisce valori come di seguito. <\/p><div class=\"wp-block-image\"><figure class=\"aligncenter\"><img decoding=\"async\" src=\"https:\/\/exceladvisor.org\/wp-content\/uploads\/2023\/08\/countif-comptera-les-valeurs-uniques-min-1.png\" sizes=\"\" srcset=\"\" alt=\"countif conter\u00e0 valori univoci\"><\/figure><\/div><p> Nella <strong>seconda<\/strong> parte, dividi tutti i valori per 1, che restituisce un valore come questo. <\/p><div class=\"wp-block-image\"><figure class=\"aligncenter\"><img decoding=\"async\" src=\"https:\/\/exceladvisor.org\/wp-content\/uploads\/2023\/08\/la-fonction-sum-additionnera-les-valeurs-uniques-min-1.png\" sizes=\"\" srcset=\"\" alt=\"la funzione somma aggiunger\u00e0 valori univoci\"><\/figure><\/div><p class=\"content-box-green\"> Diciamo che se un valore \u00e8 presente due volte nell&#8217;elenco restituir\u00e0 0,5 per entrambi i valori in modo che alla fine quando lo sommerai diventer\u00e0 1 e se un valore \u00e8 presente tre volte restituir\u00e0 0,333 per ciascuno.<\/p><p> E, nella <strong>terza<\/strong> parte, hai semplicemente utilizzato la funzione SOMMA per sommare tutti questi valori e hai una serie di valori univoci.<\/p><p> Questa formula \u00e8 abbastanza potente e pu\u00f2 aiutarti a ottenere il conteggio in una singola cella.<\/p><h2 class=\"wp-block-heading\"> Utilizza SUMPRODUCT + COUNTIF per ottenere un conteggio di valori univoci da un elenco<\/h2><p> Nell&#8217;ultimo metodo hai utilizzato i metodi SOMMA e CONTA.SE. Ma puoi anche usare SUMPRODUCT invece di SUM.<\/p><p> Inoltre, quando si utilizza <a href=\"https:\/\/exceladvisor.org\/it\/prodotto-sommativo-2\/\">SUMPRODUCT<\/a> , non \u00e8 necessario inserire una formula in formato tabellare. <a href=\"https:\/\/exceladvisor.org\/it\/modifica-cella\/\">Modifica semplicemente la cella<\/a> e inserisci la formula seguente.<\/p><pre class=\"wp-block-code\"> <code class=\"language-excel-formula\" lang=\"excel-formula\">=SUMPRODUCT(1\/COUNTIF(A2:A17,A2:A17))<\/code><\/pre><p> Quando inserisci questa formula in forma tabellare, apparir\u00e0 cos\u00ec. <\/p><pre class=\"wp-block-code\"> <code class=\"language-excel-formula\" lang=\"excel-formula\">{=SUMPRODUCT(1\/COUNTIF(A2:A17,A2:A17))}<\/code><\/pre><p class=\"has-text-align-center\"><img loading=\"lazy\" decoding=\"async\" src=\"https:\/\/exceladvisor.org\/wp-content\/uploads\/2023\/08\/sumproduct-pour-compter-les-valeurs-uniques-min-1.png\" sizes=\"auto, \" srcset=\"\" alt=\"sumproduct per contare valori univoci\" width=\"658\" height=\"414\" data-id=\"11964\"><\/p><h3 class=\"wp-block-heading\"> Come funziona<\/h3><p> Questa formula funziona esattamente nello stesso modo che hai imparato nel metodo sopra, la differenza \u00e8 semplicemente che hai usato SUMPRODUCT invece di SUM.<\/p><p> E SUMPRODUCT pu\u00f2 accettare un array senza utilizzare Ctrl+Shift+Invio.<\/p><h2 class=\"wp-block-heading\"> Conta solo valori di testo univoci da un elenco<\/h2><p> Ora, supponiamo di avere un elenco di nomi in cui sono presenti anche numeri di cellulare e di voler contare valori univoci solo dai valori di testo. Quindi in questo caso puoi utilizzare la formula seguente:<\/p><pre class=\"wp-block-code\"> <code class=\"language-excel-formula\" lang=\"excel-formula\">=SUM(IF(ISTEXT(A2:A17),1\/COUNTIF(A2:A17, A2:A17),\u201d\u201d))<\/code><\/pre><p> E quando inserisci questa formula in forma tabellare. <\/p><pre class=\"wp-block-code\"> <code class=\"language-excel-formula\" lang=\"excel-formula\">{=SUM(IF(ISTEXT(A2:A17),1\/COUNTIF(A2:A17, A2:A17),\u201d\u201d))}<\/code><\/pre><p class=\"has-text-align-center\"><img loading=\"lazy\" decoding=\"async\" src=\"https:\/\/exceladvisor.org\/wp-content\/uploads\/2023\/08\/compter-les-valeurs-uniques-uniquement-le-texte-min-1.png\" sizes=\"auto, \" srcset=\"\" alt=\"conta valori univoci solo testo\" width=\"749\" height=\"500\" data-id=\"11956\"><\/p><h3 id=\"tab-con-6\" class=\"wp-block-heading\"> Come funziona<\/h3><p> In questo metodo hai utilizzato la funzione SE e ISTEXT. ISTEXT controlla innanzitutto se tutti i valori sono testo o meno e restituisce TRUE se qualsiasi valore \u00e8 testo. <\/p><div class=\"wp-block-image\"><figure class=\"aligncenter\"><img decoding=\"async\" src=\"https:\/\/exceladvisor.org\/wp-content\/uploads\/2023\/08\/istext-pour-compter-les-valeurs-uniques-uniquement-text-min-1.png\" sizes=\"\" srcset=\"\" alt=\"istext per contare solo il testo per valori univoci\"><\/figure><\/div><p> Successivamente, IF applica COUNTIF su tutti i valori di testo in cui hai TRUE e gli altri valori rimangono vuoti. <\/p><div class=\"wp-block-image\"><figure class=\"aligncenter\"><img decoding=\"async\" src=\"https:\/\/exceladvisor.org\/wp-content\/uploads\/2023\/08\/si-la-fonction-compte-les-valeurs-uniques-uniquement-le-texte-min-1.png\" sizes=\"\" srcset=\"\" alt=\"se la funzione conta valori univoci solo testo\"><\/figure><\/div><p> E alla fine SUM restituisce la somma di tutti i valori univoci che sono testo e quindi ottieni il numero di valori di testo univoci.<\/p><h2 class=\"wp-block-heading\"> Ottieni il numero di numeri univoci da un elenco<\/h2><p> E se vuoi solo contare numeri univoci da un elenco di valori, puoi utilizzare la formula seguente.<\/p><pre class=\"wp-block-code\"> <code class=\"language-excel-formula\" lang=\"excel-formula\">=SUM(IF(ISNUMBER(A2:A17),1\/COUNTIF(A2:A17, A2:A17),\u201d\u201d))<\/code><\/pre><p> Inserisci questa formula sotto forma di tabella. <\/p><pre class=\"wp-block-code\"> <code class=\"language-excel-formula\" lang=\"excel-formula\">{=SUM(IF(ISNUMBER(A2:A17),1\/COUNTIF(A2:A17, A2:A17),\u201d\u201d))}<\/code><\/pre><p class=\"has-text-align-center\"><img loading=\"lazy\" decoding=\"async\" src=\"https:\/\/exceladvisor.org\/wp-content\/uploads\/2023\/08\/compter-les-valeurs-uniques-uniquement-nombre-min-1.png\" sizes=\"auto, \" srcset=\"\" alt=\"conta solo i valori univoci numero\" width=\"768\" height=\"510\" data-id=\"11955\"><\/p><h3 id=\"tab-con-10\" class=\"wp-block-heading\"> Come funziona<\/h3><p> In questo metodo hai utilizzato la funzione SE e ISNUM. ISNUMBER controlla innanzitutto se tutti i valori sono numerici o meno e restituisce TRUE se un valore \u00e8 un numero.<\/p><p> Successivamente IF applica COUNTIF su tutti i valori numerici in cui hai TRUE e gli altri valori rimangono vuoti.<\/p><p> E alla fine SUM restituisce la somma di tutti i valori univoci che sono numeri e quindi ottieni il numero di numeri univoci.<\/p><h2 class=\"wp-block-heading\"> Conta valori univoci con una UDF<\/h2><p> Qui ho <a href=\"https:\/\/exceladvisor.org\/it\/funzione-definita-dallutente-2\/\">VBA (UDF)<\/a> che pu\u00f2 aiutarti a contare valori univoci senza utilizzare alcun tipo di formula.<\/p><pre class=\"wp-block-code\"> <code class=\"language-visual-basic\" lang=\"visual-basic\">Function CountUnique(ListRange As Range) As Integer Dim CellValue As Variant Dim UniqueValues As New Collection Application.Volatile On Error Resume Next For Each CellValue In ListRange UniqueValues.Add CellValue, CStr(CellValue) ' add the unique item Next CountUnique = UniqueValues.Count End Function<\/code><\/pre><p> Inserisci questa funzione nel tuo VBE inserendo un nuovo modulo, quindi vai al tuo foglio di calcolo e inserisci la seguente formula. <\/p><pre class=\"wp-block-code\"> <code class=\"language-excel-formula\" lang=\"excel-formula\">=CountUnique(range)<\/code><\/pre><div class=\"wp-block-image\"><figure class=\"aligncenter\"><img decoding=\"async\" src=\"https:\/\/exceladvisor.org\/wp-content\/uploads\/2023\/08\/compter-les-valeurs-uniques-avec-vba-min-1.png\" sizes=\"\" srcset=\"\" alt=\"conta valori univoci con vba\"><\/figure><\/div><div class=\"gb-container gb-container-52dfcee1 gb-container-sample-file\"><h2 class=\"gb-headline gb-headline-e289c143 gb-headline-text gb-headline-4f7959c2\"> Ottieni il file Excel<\/h2><p> <a class=\"gb-button gb-button-e88d6bee gb-button-text gb-button-button1\" href=\"https:\/\/exceladvisor.org\/wp-content\/uploads\/2023\/11\/compter-les-valeurs-uniques2.zip\" rel=\"nofollow\">Scaricamento<\/a><\/p><\/div><h2 id=\"tab-con-7\" class=\"wp-block-heading\"> Conclusione<\/h2><p> Il conteggio di valori univoci pu\u00f2 essere utile quando si lavora con set di dati di grandi dimensioni.<\/p><p> L&#8217;elenco di nomi che hai utilizzato qui aveva nomi duplicati e dopo aver calcolato i numeri univoci otteniamo che ci sono 10 nomi univoci nell&#8217;elenco.<\/p><p> Bene, tutti i metodi che hai imparato qui sono utili in diverse situazioni e puoi usarne uno tra quelli che ritieni si adattino perfettamente a te.<\/p><p> Se me lo chiedi, filtro avanzato e SUMPRODUCT sono i miei metodi preferiti, ma ora devi dirmi:<\/p><p> <span style=\"color: #ea493f;\"><strong>Quale \u00e8 il vostro preferito?<\/strong><\/span><\/p><p> Per favore condividi le tue opinioni con me nella sezione commenti, mi piacerebbe sentire la tua opinione e non dimenticare di condividere questo suggerimento con i tuoi amici.<\/p><div class=\"gb-container gb-container-0df56012 gb-container-mt\"> <a class=\"gb-button gb-button-f9f432f4 gb-button-text gb-button-mt-button\" href=\"https:\/\/exceladvisor.org\/it\/formule\/\">Elenco delle formule di Excel<\/a><h2 class=\"gb-headline gb-headline-233444e8 gb-headline-text gb-headline-mt-heading\"> Formule correlate <\/h2><div class=\"gb-grid-wrapper gb-grid-wrapper-a16fa65c gb-grid-wrapper-mt-grid\"><div class=\"gb-grid-column gb-grid-column-50d07e0d\"><div class=\"gb-container gb-container-50d07e0d\"><ul><li> <a href=\"https:\/\/exceladvisor.org\/it\/contare-le-celle-con-il-testo\/\">Contare le celle con testo in Excel<\/a><\/li><li> <a href=\"https:\/\/exceladvisor.org\/it\/contare-caratteri-specifici\/\">Contare caratteri specifici in Excel<\/a><\/li><li> <a href=\"https:\/\/exceladvisor.org\/it\/contare-il-numero-totale-di-celle\/\">Contare il numero totale di celle in un intervallo in Excel<\/a><\/li><li> <a href=\"https:\/\/exceladvisor.org\/it\/contare-contro-contare\/\">CONTE contro CONTA<\/a> <\/li><\/ul><\/div><\/div><div class=\"gb-grid-column gb-grid-column-5b4a0cf9\"><div class=\"gb-container gb-container-5b4a0cf9\"><\/div><\/div><\/div><\/div>","protected":false},"excerpt":{"rendered":"","protected":false},"author":1,"featured_media":0,"parent":0,"menu_order":0,"comment_status":"open","ping_status":"closed","template":"","meta":{"ub_ctt_via":"","footnotes":""},"class_list":["post-1825","page","type-page","status-publish","hentry"],"featured_image_src":null,"yoast_head":"<!-- This site is optimized with the Yoast SEO plugin v25.4 - https:\/\/yoast.com\/wordpress\/plugins\/seo\/ -->\n<title>7 modi per contare valori univoci in Excel nel 2023<\/title>\n<meta name=\"description\" content=\"Per fare ci\u00f2, \u00e8 necessario utilizzare un metodo che conter\u00e0 un valore solo una volta e ignorer\u00e0 tutte le altre occorrenze nell&#039;elenco...\" \/>\n<meta name=\"robots\" content=\"index, follow, max-snippet:-1, max-image-preview:large, max-video-preview:-1\" \/>\n<link rel=\"canonical\" href=\"https:\/\/exceladvisor.org\/it\/contare-valori-univoci-1\/\" \/>\n<meta property=\"og:locale\" content=\"it_IT\" \/>\n<meta property=\"og:type\" content=\"article\" \/>\n<meta property=\"og:title\" content=\"7 modi per contare valori univoci in Excel nel 2023\" \/>\n<meta property=\"og:description\" content=\"Per fare ci\u00f2, \u00e8 necessario utilizzare un metodo che conter\u00e0 un valore solo una volta e ignorer\u00e0 tutte le altre occorrenze nell&#039;elenco...\" \/>\n<meta property=\"og:url\" content=\"https:\/\/exceladvisor.org\/it\/contare-valori-univoci-1\/\" \/>\n<meta property=\"og:site_name\" content=\"Excel Advisor\" \/>\n<meta property=\"article:modified_time\" content=\"2023-12-10T06:19:22+00:00\" \/>\n<meta property=\"og:image\" content=\"https:\/\/exceladvisor.org\/wp-content\/uploads\/2023\/08\/une-liste-pour-compter-les-valeurs-uniques-min-1.png\" \/>\n<meta name=\"twitter:card\" content=\"summary_large_image\" \/>\n<meta name=\"twitter:label1\" content=\"Tempo di lettura stimato\" \/>\n\t<meta name=\"twitter:data1\" content=\"6 minuti\" \/>\n<script type=\"application\/ld+json\" class=\"yoast-schema-graph\">{\"@context\":\"https:\/\/schema.org\",\"@graph\":[{\"@type\":\"WebPage\",\"@id\":\"https:\/\/exceladvisor.org\/it\/contare-valori-univoci-1\/\",\"url\":\"https:\/\/exceladvisor.org\/it\/contare-valori-univoci-1\/\",\"name\":\"7 modi per contare valori univoci in Excel nel 2023\",\"isPartOf\":{\"@id\":\"https:\/\/exceladvisor.org\/it\/#website\"},\"primaryImageOfPage\":{\"@id\":\"https:\/\/exceladvisor.org\/it\/contare-valori-univoci-1\/#primaryimage\"},\"image\":{\"@id\":\"https:\/\/exceladvisor.org\/it\/contare-valori-univoci-1\/#primaryimage\"},\"thumbnailUrl\":\"https:\/\/exceladvisor.org\/wp-content\/uploads\/2023\/08\/une-liste-pour-compter-les-valeurs-uniques-min-1.png\",\"datePublished\":\"2023-11-01T04:09:45+00:00\",\"dateModified\":\"2023-12-10T06:19:22+00:00\",\"description\":\"Per fare ci\u00f2, \u00e8 necessario utilizzare un metodo che conter\u00e0 un valore solo una volta e ignorer\u00e0 tutte le altre occorrenze nell&#39;elenco...\",\"breadcrumb\":{\"@id\":\"https:\/\/exceladvisor.org\/it\/contare-valori-univoci-1\/#breadcrumb\"},\"inLanguage\":\"it-IT\",\"potentialAction\":[{\"@type\":\"ReadAction\",\"target\":[\"https:\/\/exceladvisor.org\/it\/contare-valori-univoci-1\/\"]}]},{\"@type\":\"ImageObject\",\"inLanguage\":\"it-IT\",\"@id\":\"https:\/\/exceladvisor.org\/it\/contare-valori-univoci-1\/#primaryimage\",\"url\":\"https:\/\/exceladvisor.org\/wp-content\/uploads\/2023\/08\/une-liste-pour-compter-les-valeurs-uniques-min-1.png\",\"contentUrl\":\"https:\/\/exceladvisor.org\/wp-content\/uploads\/2023\/08\/une-liste-pour-compter-les-valeurs-uniques-min-1.png\"},{\"@type\":\"BreadcrumbList\",\"@id\":\"https:\/\/exceladvisor.org\/it\/contare-valori-univoci-1\/#breadcrumb\",\"itemListElement\":[{\"@type\":\"ListItem\",\"position\":1,\"name\":\"Home\",\"item\":\"https:\/\/exceladvisor.org\/it\/\"},{\"@type\":\"ListItem\",\"position\":2,\"name\":\"7 modi per contare valori univoci in excel\"}]},{\"@type\":\"WebSite\",\"@id\":\"https:\/\/exceladvisor.org\/it\/#website\",\"url\":\"https:\/\/exceladvisor.org\/it\/\",\"name\":\"Excel Advisor\",\"description\":\"Tips, Tricks, and Time-Saving Hacks\",\"publisher\":{\"@id\":\"https:\/\/exceladvisor.org\/it\/#organization\"},\"potentialAction\":[{\"@type\":\"SearchAction\",\"target\":{\"@type\":\"EntryPoint\",\"urlTemplate\":\"https:\/\/exceladvisor.org\/it\/?s={search_term_string}\"},\"query-input\":{\"@type\":\"PropertyValueSpecification\",\"valueRequired\":true,\"valueName\":\"search_term_string\"}}],\"inLanguage\":\"it-IT\"},{\"@type\":\"Organization\",\"@id\":\"https:\/\/exceladvisor.org\/it\/#organization\",\"name\":\"Excel Advisor\",\"url\":\"https:\/\/exceladvisor.org\/it\/\",\"logo\":{\"@type\":\"ImageObject\",\"inLanguage\":\"it-IT\",\"@id\":\"https:\/\/exceladvisor.org\/it\/#\/schema\/logo\/image\/\",\"url\":\"https:\/\/exceladvisor.org\/it\/wp-content\/uploads\/2023\/12\/exceladvisor.org_.png\",\"contentUrl\":\"https:\/\/exceladvisor.org\/it\/wp-content\/uploads\/2023\/12\/exceladvisor.org_.png\",\"width\":105,\"height\":36,\"caption\":\"Excel Advisor\"},\"image\":{\"@id\":\"https:\/\/exceladvisor.org\/it\/#\/schema\/logo\/image\/\"}}]}<\/script>\n<!-- \/ Yoast SEO plugin. -->","yoast_head_json":{"title":"7 modi per contare valori univoci in Excel nel 2023","description":"Per fare ci\u00f2, \u00e8 necessario utilizzare un metodo che conter\u00e0 un valore solo una volta e ignorer\u00e0 tutte le altre occorrenze nell&#39;elenco...","robots":{"index":"index","follow":"follow","max-snippet":"max-snippet:-1","max-image-preview":"max-image-preview:large","max-video-preview":"max-video-preview:-1"},"canonical":"https:\/\/exceladvisor.org\/it\/contare-valori-univoci-1\/","og_locale":"it_IT","og_type":"article","og_title":"7 modi per contare valori univoci in Excel nel 2023","og_description":"Per fare ci\u00f2, \u00e8 necessario utilizzare un metodo che conter\u00e0 un valore solo una volta e ignorer\u00e0 tutte le altre occorrenze nell&#39;elenco...","og_url":"https:\/\/exceladvisor.org\/it\/contare-valori-univoci-1\/","og_site_name":"Excel Advisor","article_modified_time":"2023-12-10T06:19:22+00:00","og_image":[{"url":"https:\/\/exceladvisor.org\/wp-content\/uploads\/2023\/08\/une-liste-pour-compter-les-valeurs-uniques-min-1.png","type":"","width":"","height":""}],"twitter_card":"summary_large_image","twitter_misc":{"Tempo di lettura stimato":"6 minuti"},"schema":{"@context":"https:\/\/schema.org","@graph":[{"@type":"WebPage","@id":"https:\/\/exceladvisor.org\/it\/contare-valori-univoci-1\/","url":"https:\/\/exceladvisor.org\/it\/contare-valori-univoci-1\/","name":"7 modi per contare valori univoci in Excel nel 2023","isPartOf":{"@id":"https:\/\/exceladvisor.org\/it\/#website"},"primaryImageOfPage":{"@id":"https:\/\/exceladvisor.org\/it\/contare-valori-univoci-1\/#primaryimage"},"image":{"@id":"https:\/\/exceladvisor.org\/it\/contare-valori-univoci-1\/#primaryimage"},"thumbnailUrl":"https:\/\/exceladvisor.org\/wp-content\/uploads\/2023\/08\/une-liste-pour-compter-les-valeurs-uniques-min-1.png","datePublished":"2023-11-01T04:09:45+00:00","dateModified":"2023-12-10T06:19:22+00:00","description":"Per fare ci\u00f2, \u00e8 necessario utilizzare un metodo che conter\u00e0 un valore solo una volta e ignorer\u00e0 tutte le altre occorrenze nell&#39;elenco...","breadcrumb":{"@id":"https:\/\/exceladvisor.org\/it\/contare-valori-univoci-1\/#breadcrumb"},"inLanguage":"it-IT","potentialAction":[{"@type":"ReadAction","target":["https:\/\/exceladvisor.org\/it\/contare-valori-univoci-1\/"]}]},{"@type":"ImageObject","inLanguage":"it-IT","@id":"https:\/\/exceladvisor.org\/it\/contare-valori-univoci-1\/#primaryimage","url":"https:\/\/exceladvisor.org\/wp-content\/uploads\/2023\/08\/une-liste-pour-compter-les-valeurs-uniques-min-1.png","contentUrl":"https:\/\/exceladvisor.org\/wp-content\/uploads\/2023\/08\/une-liste-pour-compter-les-valeurs-uniques-min-1.png"},{"@type":"BreadcrumbList","@id":"https:\/\/exceladvisor.org\/it\/contare-valori-univoci-1\/#breadcrumb","itemListElement":[{"@type":"ListItem","position":1,"name":"Home","item":"https:\/\/exceladvisor.org\/it\/"},{"@type":"ListItem","position":2,"name":"7 modi per contare valori univoci in excel"}]},{"@type":"WebSite","@id":"https:\/\/exceladvisor.org\/it\/#website","url":"https:\/\/exceladvisor.org\/it\/","name":"Excel Advisor","description":"Tips, Tricks, and Time-Saving Hacks","publisher":{"@id":"https:\/\/exceladvisor.org\/it\/#organization"},"potentialAction":[{"@type":"SearchAction","target":{"@type":"EntryPoint","urlTemplate":"https:\/\/exceladvisor.org\/it\/?s={search_term_string}"},"query-input":{"@type":"PropertyValueSpecification","valueRequired":true,"valueName":"search_term_string"}}],"inLanguage":"it-IT"},{"@type":"Organization","@id":"https:\/\/exceladvisor.org\/it\/#organization","name":"Excel Advisor","url":"https:\/\/exceladvisor.org\/it\/","logo":{"@type":"ImageObject","inLanguage":"it-IT","@id":"https:\/\/exceladvisor.org\/it\/#\/schema\/logo\/image\/","url":"https:\/\/exceladvisor.org\/it\/wp-content\/uploads\/2023\/12\/exceladvisor.org_.png","contentUrl":"https:\/\/exceladvisor.org\/it\/wp-content\/uploads\/2023\/12\/exceladvisor.org_.png","width":105,"height":36,"caption":"Excel Advisor"},"image":{"@id":"https:\/\/exceladvisor.org\/it\/#\/schema\/logo\/image\/"}}]}},"yoast_meta":{"yoast_wpseo_title":"","yoast_wpseo_metadesc":"","yoast_wpseo_canonical":""},"_links":{"self":[{"href":"https:\/\/exceladvisor.org\/it\/wp-json\/wp\/v2\/pages\/1825","targetHints":{"allow":["GET"]}}],"collection":[{"href":"https:\/\/exceladvisor.org\/it\/wp-json\/wp\/v2\/pages"}],"about":[{"href":"https:\/\/exceladvisor.org\/it\/wp-json\/wp\/v2\/types\/page"}],"author":[{"embeddable":true,"href":"https:\/\/exceladvisor.org\/it\/wp-json\/wp\/v2\/users\/1"}],"replies":[{"embeddable":true,"href":"https:\/\/exceladvisor.org\/it\/wp-json\/wp\/v2\/comments?post=1825"}],"version-history":[{"count":1,"href":"https:\/\/exceladvisor.org\/it\/wp-json\/wp\/v2\/pages\/1825\/revisions"}],"predecessor-version":[{"id":2239,"href":"https:\/\/exceladvisor.org\/it\/wp-json\/wp\/v2\/pages\/1825\/revisions\/2239"}],"wp:attachment":[{"href":"https:\/\/exceladvisor.org\/it\/wp-json\/wp\/v2\/media?parent=1825"}],"curies":[{"name":"wp","href":"https:\/\/api.w.org\/{rel}","templated":true}]}}