{"id":1826,"date":"2023-11-01T00:43:37","date_gmt":"2023-11-01T00:43:37","guid":{"rendered":"https:\/\/exceladvisor.org\/it\/pulci\/"},"modified":"2023-12-10T06:23:50","modified_gmt":"2023-12-10T06:23:50","slug":"pulci","status":"publish","type":"page","link":"https:\/\/exceladvisor.org\/it\/pulci\/","title":{"rendered":"Come inserire punti elenco in excel?"},"content":{"rendered":"<div class=\"excel-prima-del-contenuto\" id=\"excel-3321407697\"><script type=\"text\/javascript\">\r\n\tatOptions = {\r\n\t\t'key' : 'c1158f160081d6540a8409e6925dab94',\r\n\t\t'format' : 'iframe',\r\n\t\t'height' : 250,\r\n\t\t'width' : 300,\r\n\t\t'params' : {}\r\n\t};\r\n<\/script>\r\n<script type=\"text\/javascript\" src=\"\/\/www.highperformanceformat.com\/c1158f160081d6540a8409e6925dab94\/invoke.js\"><\/script><\/div> <p>\u00c8 importante acquisire i dati nel modo giusto.<\/p><p> In Excel, utilizziamo i numeri di serie per la maggior parte del tempo, ma quando si lavora sugli elenchi, il modo migliore \u00e8 utilizzare i punti elenco. Utilizzo principalmente elenchi puntati per catturare il mio lavoro quotidiano (elenchi di cose da fare, punti importanti).<\/p><p> Ora la brutta notizia \u00e8. In Excel, non esiste un modo predefinito per inserire un punto elenco come in Microsoft Word.<\/p><p> Ma ecco la buona notizia. Qualche giorno fa mi sono reso conto che in realt\u00e0 possiamo utilizzare 8 modi diversi per inserire punti elenco in Excel.<\/p><p> E tutti questi metodi possono essere utili in diverse situazioni. Quindi oggi in questo articolo vorrei condividere con voi tutti questi metodi.<\/p><p> <strong>[icon name=\u201dbell\u201d unprefixed_]<\/strong> Questo tutorial fa parte delle nostre <a href=\"https:\/\/exceladvisor.org\/it\/eccellere-nelle-competenze\/\">competenze di base su Excel<\/a> e, se desideri affinare le tue competenze esistenti su Excel, dai un&#8217;occhiata a questi <a href=\"https:\/\/exceladvisor.org\/it\/consiglio\/\" data-wpil=\"url\">suggerimenti e trucchi su Excel<\/a> .<\/p><h2 id=\"t-1588503264726\" class=\"wp-block-heading\"> Aggiungi un punto elenco dalla finestra di dialogo Simbolo<\/h2><p> Sono sicuro che hai gi\u00e0 utilizzato questo metodo.<\/p><ol><li> Seleziona la cella a cui vuoi aggiungere un punto elenco<\/li><li> Vai alla scheda Inserisci \u279c Fai clic su Simbolo. <br><img decoding=\"async\" title=\"Fare clic sul simbolo per inserire un punto elenco in Excel\" src=\"https:\/\/exceladvisor.org\/wp-content\/uploads\/2023\/08\/Cliquez-sur-le-symbole-pour-inserer-une-puce-dans-Excel.png\" sizes=\"\" srcset=\"\" alt=\"Click On Symbol To Insert Bullet Point In Excel\"><\/li><li> Dopo aver fatto clic sul pulsante del simbolo, verr\u00e0 visualizzata una finestra di dialogo del simbolo.<\/li><li> Nella finestra di dialogo dei simboli hai molti simboli intelligenti da usare come punto elenco oppure puoi semplicemente usare un punto nero.<\/li><li> Una volta scelto il punto elenco, \u00e8 sufficiente fare clic sull&#8217;inserto per aggiungerlo nella cella. <br><img decoding=\"async\" title=\"Apri la finestra di dialogo con i simboli per inserire il punto elenco in Excel-1\" src=\"https:\/\/exceladvisor.org\/wp-content\/uploads\/2023\/08\/Ouvrir-la-boite-de-dialogue-Symbole-pour-inserer-une-puce-dans-Excel-1.png\" sizes=\"\" srcset=\"\" alt=\"Open Symbol Dialog Box To Insert Bullet Point In Excel\"><\/li><\/ol><p> Ecco alcuni simboli che puoi utilizzare per un elenco puntato in Excel. <\/p><div class=\"wp-block-image\"><figure class=\"aligncenter is-resized\"><img loading=\"lazy\" decoding=\"async\" src=\"https:\/\/exceladvisor.org\/wp-content\/uploads\/2023\/08\/Utiliser-un-symbole-different-de-la-boite-de-dialogue-pour-inserer-une-puce-dans-Excel-1.png\" sizes=\"auto, \" srcset=\"\" alt=\"Utilizzare un simbolo di finestra di dialogo diverso per inserire un punto elenco in Excel\" width=\"99\" height=\"238\"><\/figure><\/div><h2 id=\"t-1588503264727\" class=\"wp-block-heading\"> Inserisci punti elenco con un tasto di scelta rapida<\/h2><p> I tasti di scelta rapida sono il modo migliore per inserire un punto elenco se non hai tempo di giocare con una finestra di dialogo dei simboli. Abbiamo due diversi <a href=\"https:\/\/exceladvisor.org\/it\/tasti-rapidi\/\">tasti di scelta rapida<\/a> e puoi usarne uno qualsiasi. <\/p><div class=\"wp-block-image\"><figure class=\"aligncenter\"><img decoding=\"async\" src=\"https:\/\/exceladvisor.org\/wp-content\/uploads\/2023\/08\/Utilisez-les-touches-de-raccourci-pour-inserer-une-puce-dans-Excel.png\" sizes=\"\" srcset=\"\" alt=\"Utilizzare i tasti di scelta rapida per inserire un punto elenco in Excel\"><\/figure><\/div><ol><li> Seleziona la cella in cui desideri aggiungere un punto elenco.<\/li><li> Premere F2 per <a href=\"https:\/\/exceladvisor.org\/it\/modifica-cella\/\">modificare la cella<\/a> .<\/li><li> Tieni premuto il tasto Alt e premi 7 o 9 per inserire un punto elenco.<\/li><\/ol><p> I due tasti di scelta rapida ti daranno diversi tipi di proiettili. Se vuoi aggiungere un punto nero per i punti elenco puoi usare Alt+7 o se vuoi aggiungere un cerchio puoi usare Alt+9.<\/p><h2 id=\"t-1588503264728\" class=\"wp-block-heading\"> Utilizzare la funzione CHAR per i punti elenco<\/h2><p> \u00c8 inoltre possibile utilizzare CHAR(149) per aggiungere un punto elenco a una cella. Questo metodo \u00e8 utile se desideri inserire un punto elenco in tutte le celle utilizzando una formula nella <a href=\"https:\/\/exceladvisor.org\/it\/barra-delle-formule-excel\/\">barra della formula della cella<\/a> in cui devi inserirlo.<\/p><ol><li> Seleziona la cella in cui desideri aggiungere un punto elenco.<\/li><li> Immettere =CAR(149)&amp; \u00bb \u00ab &amp;A1 <br><img decoding=\"async\" title=\"Usa-CHAR-per-inserire-il-punto-bolletto-in-Excel-1\" src=\"https:\/\/exceladvisor.org\/wp-content\/uploads\/2023\/08\/Utilisez-CHAR-pour-inserer-une-puce-dans-Excel-1.png\" sizes=\"\" srcset=\"\" alt=\"Use CHAR To Insert Bullet Point In Excel\"><\/li><li> Ora trascina la formula nella cella in cui desideri aggiungere il punto elenco. <br><img decoding=\"async\" title=\"Utilizzare-CHAR-FUNCTION-per-inserire-un-punto-elenco-in-Excel.gif\" src=\"https:\/\/exceladvisor.org\/wp-content\/uploads\/2023\/08\/Utilisez-CHAR-FUNCTION-pour-inserer-une-puce-dans-Excel.gif\" sizes=\"\" srcset=\"\" alt=\"Use CHAR Function To Insert Bullet Point In Excel\"><\/li><\/ol><h2 id=\"t-1588503264729\" class=\"wp-block-heading\"> Formattazione personalizzata per i punti elenco<\/h2><p> \u00c8 una configurazione unica. Tutto quello che devi fare \u00e8 creare un formato personalizzato per inserire i punti elenco. Basta seguire questi semplici passaggi. <\/p><div class=\"wp-block-image\"><figure class=\"aligncenter\"><img decoding=\"async\" src=\"https:\/\/exceladvisor.org\/wp-content\/uploads\/2023\/08\/Utiliser-le-formatage-personnalise-pour-inserer-une-puce-dans-Excel.gif\" sizes=\"\" srcset=\"\" alt=\"Utilizza la formattazione personalizzata per inserire un punto elenco in Excel\"><\/figure><\/div><ul><li> Premi Ctrl+1 e otterrai una <a href=\"https:\/\/exceladvisor.org\/it\/opzioni-di-cella-in-formato-aperto\/\">finestra di dialogo Formato<\/a> .<\/li><li> Nella scheda Numero, seleziona Personalizzato.<\/li><li> Nella barra di immissione del tipo, inserisci la seguente formattazione.<ul><li> <em><mark class=\"has-inline-color\" style=\"background-color: var(--base);\">\u25cf Generale; \u25cf Generale; \u25cf Generale; \u25cf Generale<\/mark><\/em><\/li><\/ul><\/li><li> Nella barra di immissione del tipo, inserisci la seguente formattazione.<\/li><\/ul><h3 class=\"wp-block-heading\"> Come funziona<\/h3><p> Permettimi di darti una breve nota sull&#8217;utilizzo della formattazione personalizzata per i punti elenco.<\/p><p> Nella formattazione personalizzata \u00e8 necessario menzionare 4 diversi formati positivo, negativo, zero e testo. Ho usato un punto nero per questi quattro tipi.<\/p><p> E ora quando inserisci qualsiasi testo o numero, sia positivo che negativo, verr\u00e0 aggiunto un punto elenco davanti ad esso.<\/p><h2 id=\"tab-con-5\" class=\"wp-block-heading\"> Aggiungi punti elenco a una casella di testo<\/h2><p> Inserire punti elenco nella <a href=\"https:\/\/exceladvisor.org\/it\/zona-di-testo\/\">casella di testo<\/a> \u00e8 il modo pi\u00f9 rapido. Non devi correre qua e l\u00e0 a causa delle palle. Segui questi semplici passaggi.<\/p><ol><li> Innanzitutto, inserisci una casella di testo.<\/li><li> Modifica la casella di testo e fai clic con il pulsante destro del mouse<\/li><li> Fare clic sull&#8217;opzione del punto elenco e selezionare lo stile del punto elenco da applicare. <br><img decoding=\"async\" title=\"Usa la casella di testo per inserire il punto elenco in Excel\" src=\"https:\/\/exceladvisor.org\/wp-content\/uploads\/2023\/08\/Utiliser-la-zone-de-texte-pour-inserer-une-puce-dans-Excel-1.png\" sizes=\"\" srcset=\"\" alt=\"use text box to insert bullet point in excel\"><\/li><li> Una volta selezionato lo stile del punto elenco, verr\u00e0 inserito automaticamente un punto elenco all&#8217;inizio di ogni riga. <br><img decoding=\"async\" title=\"Elenco caselle di testo da inserire nell'elenco puntato in Excel\" src=\"https:\/\/exceladvisor.org\/wp-content\/uploads\/2023\/08\/Liste-des-zones-de-texte-pour-inserer-une-puce-dans-Excel.png\" sizes=\"\" srcset=\"\" alt=\"text box list to insert bullet point in excel\"><\/li><\/ol><p> Puoi anche utilizzare i numeri in una casella di testo utilizzando lo stesso metodo.<\/p><h2 id=\"tab-con-6\" class=\"wp-block-heading\"> Utilizza i caratteri Wingdings e Webdings per i punti elenco<\/h2><p> Entrambi gli stili di carattere visualizzeranno un&#8217;icona anzich\u00e9 un alfabeto o un numero. Se inserisci un numero o un alfabeto, otterrai invece un&#8217;icona interessante.<\/p><p> Otterrai anche un simbolo diverso per una lettera maiuscola e una lettera minuscola. Per inserire un semplice punto nero, utilizzare rispettivamente la \u201cl\u201d minuscola e la \u201cn\u201d minuscola in Webdings &amp; Wingdings. <\/p><div class=\"wp-block-image\"><figure class=\"aligncenter\"><img decoding=\"async\" src=\"https:\/\/exceladvisor.org\/wp-content\/uploads\/2023\/08\/Utilisez-le-style-de-police-Wingdings-Webdings-pour-inserer-une-puce-dans-Excel.png\" sizes=\"\" srcset=\"\" alt=\"Utilizza lo stile carattere Wingdings &amp; Webdings per inserire punti elenco in Excel\"><\/figure><\/div><h2 id=\"t-1588503264730\" class=\"wp-block-heading\"> Punti elenco in un commento di cella<\/h2><p> Puoi anche utilizzare i punti elenco nei commenti delle celle utilizzando i simboli.<\/p><ol><li> Innanzitutto, inserisci un commento in una cella.<\/li><li> Modifica questo commento di cella.<\/li><li> Vai alla scheda Inserisci \u25ba Fai clic su Simbolo.<\/li><li> Aggiungi qualsiasi simbolo che desideri aggiungere.<\/li><li> Copia questo simbolo prima dell&#8217;inizio di ogni riga. <\/li><\/ol><div class=\"wp-block-image\"><figure class=\"aligncenter\"><img decoding=\"async\" src=\"https:\/\/exceladvisor.org\/wp-content\/uploads\/2023\/08\/Utiliser-le-commentaire-de-cellule-pour-inserer-une-puce-dans-Excel-1.png\" sizes=\"\" srcset=\"\" alt=\"Utilizza il commento cella per inserire un punto elenco in Excel\"><\/figure><\/div><h2 id=\"t-1588503264731\" class=\"wp-block-heading\"> Usa Smart Art per creare un elenco puntato<\/h2><p> La Smart Art \u00e8 anche un modo efficace per creare un elenco organizzato di punti elenco.<\/p><ol><li> Vai alla scheda Inserisci \u25ba Grafica Smart Art.<\/li><li> Nelle categorie, seleziona l&#8217;elenco.<\/li><li> Seleziona il tipo di arte intelligente che desideri e fai clic su OK. <\/li><\/ol><div class=\"wp-block-image\"><figure class=\"aligncenter\"><img decoding=\"async\" src=\"https:\/\/exceladvisor.org\/wp-content\/uploads\/2023\/08\/comment-inserer-des-puces-dans-excel-en-utilisant-smart-art-1.png\" sizes=\"\" srcset=\"\" alt=\"come inserire punti elenco in Excel utilizzando Smart Art\"><\/figure><\/div><div class=\"gb-container gb-container-4db6181c gb-container-mt\"> <a class=\"gb-button gb-button-c5897111 gb-button-text gb-button-mt-button\" href=\"https:\/\/exceladvisor.org\/it\/nozioni-di-base-su-excel\/\">Nozioni di base su Microsoft Excel (componenti, parti e note informative)<\/a><h2 class=\"gb-headline gb-headline-665e5f6b gb-headline-text gb-headline-mt-heading\"> Tutorial correlati <\/h2><div class=\"gb-grid-wrapper gb-grid-wrapper-a20baf7c gb-grid-wrapper-mt-grid\"><div class=\"gb-grid-column gb-grid-column-65ddf67e\"><div class=\"gb-container gb-container-65ddf67e\"><ul><li> <a href=\"https:\/\/exceladvisor.org\/it\/cambiare-il-numero-negativo-in-positivo\/\">Converti un numero negativo in positivo in Excel<\/a><\/li><li> <a href=\"https:\/\/exceladvisor.org\/it\/timestamp\/\">Inserisci un timestamp in Excel<\/a><\/li><li> <a href=\"https:\/\/exceladvisor.org\/it\/inserire-una-freccia\/\">Inserisci una freccia in una cella in Excel<\/a><\/li><li> Aggiungi automaticamente i numeri di serie in Excel <\/li><\/ul><\/div><\/div><div class=\"gb-grid-column gb-grid-column-50067b57\"><div class=\"gb-container gb-container-50067b57\"><\/div><\/div><\/div><\/div>","protected":false},"excerpt":{"rendered":"","protected":false},"author":1,"featured_media":0,"parent":0,"menu_order":0,"comment_status":"open","ping_status":"closed","template":"","meta":{"ub_ctt_via":"","footnotes":""},"class_list":["post-1826","page","type-page","status-publish","hentry"],"featured_image_src":null,"yoast_head":"<!-- This site is optimized with the Yoast SEO plugin v25.4 - https:\/\/yoast.com\/wordpress\/plugins\/seo\/ -->\n<title>\u25b7 Come inserire punti elenco in Excel? (Tutorial 2023)<\/title>\n<meta name=\"description\" content=\"Hai mai notato che non \u00e8 possibile inserire punti elenco in Excel? Ho 6 modi diversi per inserire i proiettili...\" \/>\n<meta name=\"robots\" content=\"index, follow, max-snippet:-1, max-image-preview:large, max-video-preview:-1\" \/>\n<link rel=\"canonical\" href=\"https:\/\/exceladvisor.org\/it\/pulci\/\" \/>\n<meta property=\"og:locale\" content=\"it_IT\" \/>\n<meta property=\"og:type\" content=\"article\" \/>\n<meta property=\"og:title\" content=\"\u25b7 Come inserire punti elenco in Excel? (Tutorial 2023)\" \/>\n<meta property=\"og:description\" content=\"Hai mai notato che non \u00e8 possibile inserire punti elenco in Excel? Ho 6 modi diversi per inserire i proiettili...\" \/>\n<meta property=\"og:url\" content=\"https:\/\/exceladvisor.org\/it\/pulci\/\" \/>\n<meta property=\"og:site_name\" content=\"Excel Advisor\" \/>\n<meta property=\"article:modified_time\" content=\"2023-12-10T06:23:50+00:00\" \/>\n<meta property=\"og:image\" content=\"https:\/\/exceladvisor.org\/wp-content\/uploads\/2023\/08\/Cliquez-sur-le-symbole-pour-inserer-une-puce-dans-Excel.png\" \/>\n<meta name=\"twitter:card\" content=\"summary_large_image\" \/>\n<meta name=\"twitter:label1\" content=\"Tempo di lettura stimato\" \/>\n\t<meta name=\"twitter:data1\" content=\"4 minuti\" \/>\n<script type=\"application\/ld+json\" class=\"yoast-schema-graph\">{\"@context\":\"https:\/\/schema.org\",\"@graph\":[{\"@type\":\"WebPage\",\"@id\":\"https:\/\/exceladvisor.org\/it\/pulci\/\",\"url\":\"https:\/\/exceladvisor.org\/it\/pulci\/\",\"name\":\"\u25b7 Come inserire punti elenco in Excel? (Tutorial 2023)\",\"isPartOf\":{\"@id\":\"https:\/\/exceladvisor.org\/it\/#website\"},\"primaryImageOfPage\":{\"@id\":\"https:\/\/exceladvisor.org\/it\/pulci\/#primaryimage\"},\"image\":{\"@id\":\"https:\/\/exceladvisor.org\/it\/pulci\/#primaryimage\"},\"thumbnailUrl\":\"https:\/\/exceladvisor.org\/wp-content\/uploads\/2023\/08\/Cliquez-sur-le-symbole-pour-inserer-une-puce-dans-Excel.png\",\"datePublished\":\"2023-11-01T00:43:37+00:00\",\"dateModified\":\"2023-12-10T06:23:50+00:00\",\"description\":\"Hai mai notato che non \u00e8 possibile inserire punti elenco in Excel? Ho 6 modi diversi per inserire i proiettili...\",\"breadcrumb\":{\"@id\":\"https:\/\/exceladvisor.org\/it\/pulci\/#breadcrumb\"},\"inLanguage\":\"it-IT\",\"potentialAction\":[{\"@type\":\"ReadAction\",\"target\":[\"https:\/\/exceladvisor.org\/it\/pulci\/\"]}]},{\"@type\":\"ImageObject\",\"inLanguage\":\"it-IT\",\"@id\":\"https:\/\/exceladvisor.org\/it\/pulci\/#primaryimage\",\"url\":\"https:\/\/exceladvisor.org\/wp-content\/uploads\/2023\/08\/Cliquez-sur-le-symbole-pour-inserer-une-puce-dans-Excel.png\",\"contentUrl\":\"https:\/\/exceladvisor.org\/wp-content\/uploads\/2023\/08\/Cliquez-sur-le-symbole-pour-inserer-une-puce-dans-Excel.png\"},{\"@type\":\"BreadcrumbList\",\"@id\":\"https:\/\/exceladvisor.org\/it\/pulci\/#breadcrumb\",\"itemListElement\":[{\"@type\":\"ListItem\",\"position\":1,\"name\":\"Home\",\"item\":\"https:\/\/exceladvisor.org\/it\/\"},{\"@type\":\"ListItem\",\"position\":2,\"name\":\"Come inserire punti elenco in excel?\"}]},{\"@type\":\"WebSite\",\"@id\":\"https:\/\/exceladvisor.org\/it\/#website\",\"url\":\"https:\/\/exceladvisor.org\/it\/\",\"name\":\"Excel Advisor\",\"description\":\"Tips, Tricks, and Time-Saving Hacks\",\"publisher\":{\"@id\":\"https:\/\/exceladvisor.org\/it\/#organization\"},\"potentialAction\":[{\"@type\":\"SearchAction\",\"target\":{\"@type\":\"EntryPoint\",\"urlTemplate\":\"https:\/\/exceladvisor.org\/it\/?s={search_term_string}\"},\"query-input\":{\"@type\":\"PropertyValueSpecification\",\"valueRequired\":true,\"valueName\":\"search_term_string\"}}],\"inLanguage\":\"it-IT\"},{\"@type\":\"Organization\",\"@id\":\"https:\/\/exceladvisor.org\/it\/#organization\",\"name\":\"Excel Advisor\",\"url\":\"https:\/\/exceladvisor.org\/it\/\",\"logo\":{\"@type\":\"ImageObject\",\"inLanguage\":\"it-IT\",\"@id\":\"https:\/\/exceladvisor.org\/it\/#\/schema\/logo\/image\/\",\"url\":\"https:\/\/exceladvisor.org\/it\/wp-content\/uploads\/2023\/12\/exceladvisor.org_.png\",\"contentUrl\":\"https:\/\/exceladvisor.org\/it\/wp-content\/uploads\/2023\/12\/exceladvisor.org_.png\",\"width\":105,\"height\":36,\"caption\":\"Excel Advisor\"},\"image\":{\"@id\":\"https:\/\/exceladvisor.org\/it\/#\/schema\/logo\/image\/\"}}]}<\/script>\n<!-- \/ Yoast SEO plugin. -->","yoast_head_json":{"title":"\u25b7 Come inserire punti elenco in Excel? (Tutorial 2023)","description":"Hai mai notato che non \u00e8 possibile inserire punti elenco in Excel? Ho 6 modi diversi per inserire i proiettili...","robots":{"index":"index","follow":"follow","max-snippet":"max-snippet:-1","max-image-preview":"max-image-preview:large","max-video-preview":"max-video-preview:-1"},"canonical":"https:\/\/exceladvisor.org\/it\/pulci\/","og_locale":"it_IT","og_type":"article","og_title":"\u25b7 Come inserire punti elenco in Excel? (Tutorial 2023)","og_description":"Hai mai notato che non \u00e8 possibile inserire punti elenco in Excel? Ho 6 modi diversi per inserire i proiettili...","og_url":"https:\/\/exceladvisor.org\/it\/pulci\/","og_site_name":"Excel Advisor","article_modified_time":"2023-12-10T06:23:50+00:00","og_image":[{"url":"https:\/\/exceladvisor.org\/wp-content\/uploads\/2023\/08\/Cliquez-sur-le-symbole-pour-inserer-une-puce-dans-Excel.png","type":"","width":"","height":""}],"twitter_card":"summary_large_image","twitter_misc":{"Tempo di lettura stimato":"4 minuti"},"schema":{"@context":"https:\/\/schema.org","@graph":[{"@type":"WebPage","@id":"https:\/\/exceladvisor.org\/it\/pulci\/","url":"https:\/\/exceladvisor.org\/it\/pulci\/","name":"\u25b7 Come inserire punti elenco in Excel? (Tutorial 2023)","isPartOf":{"@id":"https:\/\/exceladvisor.org\/it\/#website"},"primaryImageOfPage":{"@id":"https:\/\/exceladvisor.org\/it\/pulci\/#primaryimage"},"image":{"@id":"https:\/\/exceladvisor.org\/it\/pulci\/#primaryimage"},"thumbnailUrl":"https:\/\/exceladvisor.org\/wp-content\/uploads\/2023\/08\/Cliquez-sur-le-symbole-pour-inserer-une-puce-dans-Excel.png","datePublished":"2023-11-01T00:43:37+00:00","dateModified":"2023-12-10T06:23:50+00:00","description":"Hai mai notato che non \u00e8 possibile inserire punti elenco in Excel? Ho 6 modi diversi per inserire i proiettili...","breadcrumb":{"@id":"https:\/\/exceladvisor.org\/it\/pulci\/#breadcrumb"},"inLanguage":"it-IT","potentialAction":[{"@type":"ReadAction","target":["https:\/\/exceladvisor.org\/it\/pulci\/"]}]},{"@type":"ImageObject","inLanguage":"it-IT","@id":"https:\/\/exceladvisor.org\/it\/pulci\/#primaryimage","url":"https:\/\/exceladvisor.org\/wp-content\/uploads\/2023\/08\/Cliquez-sur-le-symbole-pour-inserer-une-puce-dans-Excel.png","contentUrl":"https:\/\/exceladvisor.org\/wp-content\/uploads\/2023\/08\/Cliquez-sur-le-symbole-pour-inserer-une-puce-dans-Excel.png"},{"@type":"BreadcrumbList","@id":"https:\/\/exceladvisor.org\/it\/pulci\/#breadcrumb","itemListElement":[{"@type":"ListItem","position":1,"name":"Home","item":"https:\/\/exceladvisor.org\/it\/"},{"@type":"ListItem","position":2,"name":"Come inserire punti elenco in excel?"}]},{"@type":"WebSite","@id":"https:\/\/exceladvisor.org\/it\/#website","url":"https:\/\/exceladvisor.org\/it\/","name":"Excel Advisor","description":"Tips, Tricks, and Time-Saving Hacks","publisher":{"@id":"https:\/\/exceladvisor.org\/it\/#organization"},"potentialAction":[{"@type":"SearchAction","target":{"@type":"EntryPoint","urlTemplate":"https:\/\/exceladvisor.org\/it\/?s={search_term_string}"},"query-input":{"@type":"PropertyValueSpecification","valueRequired":true,"valueName":"search_term_string"}}],"inLanguage":"it-IT"},{"@type":"Organization","@id":"https:\/\/exceladvisor.org\/it\/#organization","name":"Excel Advisor","url":"https:\/\/exceladvisor.org\/it\/","logo":{"@type":"ImageObject","inLanguage":"it-IT","@id":"https:\/\/exceladvisor.org\/it\/#\/schema\/logo\/image\/","url":"https:\/\/exceladvisor.org\/it\/wp-content\/uploads\/2023\/12\/exceladvisor.org_.png","contentUrl":"https:\/\/exceladvisor.org\/it\/wp-content\/uploads\/2023\/12\/exceladvisor.org_.png","width":105,"height":36,"caption":"Excel Advisor"},"image":{"@id":"https:\/\/exceladvisor.org\/it\/#\/schema\/logo\/image\/"}}]}},"yoast_meta":{"yoast_wpseo_title":"","yoast_wpseo_metadesc":"","yoast_wpseo_canonical":""},"_links":{"self":[{"href":"https:\/\/exceladvisor.org\/it\/wp-json\/wp\/v2\/pages\/1826","targetHints":{"allow":["GET"]}}],"collection":[{"href":"https:\/\/exceladvisor.org\/it\/wp-json\/wp\/v2\/pages"}],"about":[{"href":"https:\/\/exceladvisor.org\/it\/wp-json\/wp\/v2\/types\/page"}],"author":[{"embeddable":true,"href":"https:\/\/exceladvisor.org\/it\/wp-json\/wp\/v2\/users\/1"}],"replies":[{"embeddable":true,"href":"https:\/\/exceladvisor.org\/it\/wp-json\/wp\/v2\/comments?post=1826"}],"version-history":[{"count":1,"href":"https:\/\/exceladvisor.org\/it\/wp-json\/wp\/v2\/pages\/1826\/revisions"}],"predecessor-version":[{"id":2546,"href":"https:\/\/exceladvisor.org\/it\/wp-json\/wp\/v2\/pages\/1826\/revisions\/2546"}],"wp:attachment":[{"href":"https:\/\/exceladvisor.org\/it\/wp-json\/wp\/v2\/media?parent=1826"}],"curies":[{"name":"wp","href":"https:\/\/api.w.org\/{rel}","templated":true}]}}