{"id":1828,"date":"2023-10-31T23:27:44","date_gmt":"2023-10-31T23:27:44","guid":{"rendered":"https:\/\/exceladvisor.org\/it\/vedere-fianco-a-fianco\/"},"modified":"2023-12-10T06:27:06","modified_gmt":"2023-12-10T06:27:06","slug":"vedere-fianco-a-fianco","status":"publish","type":"page","link":"https:\/\/exceladvisor.org\/it\/vedere-fianco-a-fianco\/","title":{"rendered":"Come visualizzare due fogli affiancati in excel"},"content":{"rendered":"<div class=\"excel-prima-del-contenuto\" id=\"excel-3310995756\"><script type=\"text\/javascript\">\r\n\tatOptions = {\r\n\t\t'key' : 'c1158f160081d6540a8409e6925dab94',\r\n\t\t'format' : 'iframe',\r\n\t\t'height' : 250,\r\n\t\t'width' : 300,\r\n\t\t'params' : {}\r\n\t};\r\n<\/script>\r\n<script type=\"text\/javascript\" src=\"\/\/www.highperformanceformat.com\/c1158f160081d6540a8409e6925dab94\/invoke.js\"><\/script><\/div> <p>Excel ha una funzionalit\u00e0 per dividere e confrontare due fogli di lavoro della stessa cartella di lavoro o di cartelle di lavoro diverse e con l&#8217;aiuto di ci\u00f2, gli utenti possono confrontare rapidamente i dati di questi fogli senza passare dall&#8217;uno all&#8217;altro ancora e ancora.<\/p><p> Gli utenti possono anche sincronizzare lo scorrimento tra questi fogli di calcolo, rendendo il confronto molto semplice e veloce.<\/p><p> Abbiamo menzionato alcuni passaggi semplici e rapidi per dividere due o pi\u00f9 fogli di lavoro dalla stessa cartella di lavoro o da cartelle di lavoro diverse.<\/p><h2 id=\"h-split-and-view-two-sheets-side-by-side-of-the-same-workbook\" class=\"wp-block-heading\">Dividi e visualizza due fogli affiancati della stessa cartella di lavoro<\/h2><ol><li> Innanzitutto, vai alla scheda &#8220;Visualizza&#8221; e fai clic sull&#8217;icona &#8220;Nuova finestra&#8221; sotto il gruppo &#8220;Finestra&#8221; sulla barra multifunzione. <br><img loading=\"lazy\" decoding=\"async\" title=\"1 icona nuova finestra\" src=\"https:\/\/exceladvisor.org\/wp-content\/uploads\/2023\/08\/1-nouvelle-icone-de-fenetre.png\" sizes=\"auto, \" srcset=\"\" alt=\"new-window-icon\" width=\"495\" height=\"116\"><\/li><li> Il numero di volte in cui fai clic su &#8220;Nuova finestra&#8221;, otterrai le copie della cartella di lavoro attualmente aperta.<\/li><li> Excel aggiunge automaticamente numeri come 1, 2, 3, ecc. alla fine del nome delle cartelle di lavoro copiate. <br><img loading=\"lazy\" decoding=\"async\" title=\"Raccoglitore a 2 copie\" src=\"https:\/\/exceladvisor.org\/wp-content\/uploads\/2023\/08\/2-cahiers-copies.png\" sizes=\"auto, \" srcset=\"\" alt=\"copied-workbook\" width=\"783\" height=\"152\"><\/li><li> Successivamente, fai clic sull&#8217;icona &#8220;Disponi tutto&#8221; sotto il gruppo &#8220;Finestra&#8221; sulla barra multifunzione.<\/li><li> Ora seleziona la visualizzazione a schermo diviso (Affianca, Orizzontale, Verticale, Cascata) dall&#8217;elenco a discesa e fai clic su OK.<\/li><li> L&#8217;opzione &#8220;Finestre della cartella di lavoro attiva&#8221; deve essere sempre selezionata quando si dividono i fogli nella stessa cartella di lavoro. <br><img loading=\"lazy\" decoding=\"async\" title=\"3-riordina-tutto-icona\" src=\"https:\/\/exceladvisor.org\/wp-content\/uploads\/2023\/08\/3-organiser-toutes-les-icones.png\" sizes=\"auto, \" srcset=\"\" alt=\"arrange-all-icon\" width=\"330\" height=\"306\"><\/li><li> A questo punto, la cartella di lavoro corrente \u00e8 divisa in due parti.<\/li><li> Per passare da un foglio all&#8217;altro, \u00e8 sufficiente fare clic sulla scheda del foglio che desideri visualizzare per il confronto. <br><img loading=\"lazy\" decoding=\"async\" title=\"4 fogli di lavoro divisi\" src=\"https:\/\/exceladvisor.org\/wp-content\/uploads\/2023\/08\/4-feuilles-de-travail-divisees.png\" sizes=\"auto, \" srcset=\"\" alt=\"worksheets-split\" width=\"1152\" height=\"332\"><\/li><\/ol><p> Gli utenti possono dividere pi\u00f9 di due cartelle di lavoro contemporaneamente semplicemente creando pi\u00f9 copie della cartella di lavoro dall&#8217;icona &#8220;Nuova finestra&#8221; nel gruppo &#8220;Finestra&#8221; sulla barra multifunzione. <\/p><h2 id=\"h-split-and-view-two-sheets-side-by-side-of-the-different-workbooks\" class=\"wp-block-heading\"> Dividere e visualizzare due fogli affiancati da cartelle di lavoro diverse<\/h2><ol><li> Innanzitutto, apri le cartelle di lavoro che desideri dividere e confrontare.<\/li><li> Successivamente, vai alla scheda &#8220;Visualizza&#8221;, quindi fai clic sull&#8217;icona &#8220;Disponi tutto&#8221; sotto il gruppo &#8220;Finestra&#8221; sulla barra multifunzione.<\/li><li> Ora seleziona la visualizzazione a schermo diviso (Affianca, Orizzontale, Verticale, Cascata) dall&#8217;elenco a discesa.<\/li><li> Alla fine, deseleziona l&#8217;opzione &#8220;Windows nella cartella di lavoro attiva&#8221; e fai clic su OK. <br><img loading=\"lazy\" decoding=\"async\" title=\"5-organizza-tutto-a discesa\" src=\"https:\/\/exceladvisor.org\/wp-content\/uploads\/2023\/08\/5-organiser-tous-les-menus-deroulants.png\" sizes=\"auto, \" srcset=\"\" alt=\"arrange-all-dropdown\" width=\"348\" height=\"324\"><\/li><li> A questo punto, le cartelle di lavoro aperte sono divise in due parti. <\/li><\/ol><h2 id=\"h-synchronous-scrolling-between-the-sheets-of-the-same-or-different-workbooks\" class=\"wp-block-heading\"> Scorrimento sincrono tra fogli nella stessa cartella di lavoro o in cartelle di lavoro diverse<\/h2><p> La funzionalit\u00e0 di scorrimento sincrono consente agli utenti di scorrere i fogli di lavoro tra due cartelle di lavoro contemporaneamente utilizzando le visualizzazioni a schermo diviso.<\/p><ol><li> Innanzitutto, vai alla scheda &#8220;Visualizza&#8221; e fai clic sull&#8217;icona &#8220;Mostra affiancato&#8221; sotto il gruppo &#8220;Finestra&#8221; sulla barra multifunzione.<\/li><li> Ora seleziona la cartella di lavoro dall&#8217;elenco a discesa che desideri confrontare in modalit\u00e0 schermo diviso e fai clic su OK. <br><img loading=\"lazy\" decoding=\"async\" title=\"Opzione 6 viste affiancate\" src=\"https:\/\/exceladvisor.org\/wp-content\/uploads\/2023\/08\/Option-6-vues-cote-a-cote.png\" sizes=\"auto, \" srcset=\"\" alt=\"view-side-by-side-option\" width=\"470\" height=\"338\"><\/li><li> Dopo aver fatto clic su OK, otterrai le cartelle di lavoro in modalit\u00e0 spit e lo scorrimento sincrono sar\u00e0 abilitato per impostazione predefinita per i fogli di lavoro in modalit\u00e0 schermo diviso. <br><img loading=\"lazy\" decoding=\"async\" title=\"Opzione di scorrimento sincrono a 7 posizioni\" src=\"https:\/\/exceladvisor.org\/wp-content\/uploads\/2023\/08\/7-option-de-defilement-synchrone.png\" sizes=\"auto, \" srcset=\"\" alt=\"synchronous-scrolling-option\" width=\"557\" height=\"119\"><\/li><\/ol><div class=\"gb-container gb-container-3044ba66 gb-container-mt\"><p class=\"gb-headline gb-headline-b5bb6270 gb-headline-text\"> <strong><a href=\"https:\/\/exceladvisor.org\/it\/nozioni-di-base-su-excel\/\">Nozioni di base su Excel<\/a><\/strong> \/ <strong><a href=\"https:\/\/exceladvisor.org\/it\/foglio-di-lavoro\/\" data-wpil=\"url\">Foglio di calcolo Excel<\/a><\/strong><\/p><h2 class=\"gb-headline gb-headline-819d540d gb-headline-text gb-headline-mt-heading\"> Altri tutorial <\/h2><div class=\"gb-grid-wrapper gb-grid-wrapper-7f3d805a gb-grid-wrapper-mt-grid\"><div class=\"gb-grid-column gb-grid-column-7495e031\"><div class=\"gb-container gb-container-7495e031\"><ul><li> <a href=\"https:\/\/exceladvisor.org\/it\/consolidare\/\">Consolidare i dati da pi\u00f9 fogli di calcolo<\/a><\/li><li> <a href=\"https:\/\/exceladvisor.org\/it\/rinominare\/\">Rinominare il foglio in Excel<\/a><\/li><li> <a href=\"https:\/\/exceladvisor.org\/it\/gruppo-1\/\">Fogli di lavoro di gruppo in Excel<\/a><\/li><li> <a href=\"https:\/\/exceladvisor.org\/it\/aggiungere\/\">Aggiungi un foglio di calcolo in Excel<\/a><\/li><li> <a href=\"https:\/\/exceladvisor.org\/it\/cambiare-il-colore-della-scheda\/\">Modifica il colore della scheda in Excel (scheda del foglio di lavoro)<\/a><\/li><\/ul><\/div><\/div><\/div><\/div>","protected":false},"excerpt":{"rendered":"","protected":false},"author":1,"featured_media":0,"parent":0,"menu_order":0,"comment_status":"open","ping_status":"closed","template":"","meta":{"ub_ctt_via":"","footnotes":""},"class_list":["post-1828","page","type-page","status-publish","hentry"],"featured_image_src":null,"yoast_head":"<!-- This site is optimized with the Yoast SEO plugin v25.4 - https:\/\/yoast.com\/wordpress\/plugins\/seo\/ -->\n<title>Come visualizzare due fogli affiancati in Excel<\/title>\n<meta name=\"description\" content=\"In questo tutorial imparerai come visualizzare due fogli affiancati da una singola cartella di lavoro e da cartelle di lavoro diverse.\" \/>\n<meta name=\"robots\" content=\"index, follow, max-snippet:-1, max-image-preview:large, max-video-preview:-1\" \/>\n<link rel=\"canonical\" href=\"https:\/\/exceladvisor.org\/it\/vedere-fianco-a-fianco\/\" \/>\n<meta property=\"og:locale\" content=\"it_IT\" \/>\n<meta property=\"og:type\" content=\"article\" \/>\n<meta property=\"og:title\" content=\"Come visualizzare due fogli affiancati in Excel\" \/>\n<meta property=\"og:description\" content=\"In questo tutorial imparerai come visualizzare due fogli affiancati da una singola cartella di lavoro e da cartelle di lavoro diverse.\" \/>\n<meta property=\"og:url\" content=\"https:\/\/exceladvisor.org\/it\/vedere-fianco-a-fianco\/\" \/>\n<meta property=\"og:site_name\" content=\"Excel Advisor\" \/>\n<meta property=\"article:modified_time\" content=\"2023-12-10T06:27:06+00:00\" \/>\n<meta property=\"og:image\" content=\"https:\/\/exceladvisor.org\/wp-content\/uploads\/2023\/08\/1-nouvelle-icone-de-fenetre.png\" \/>\n<meta name=\"twitter:card\" content=\"summary_large_image\" \/>\n<meta name=\"twitter:label1\" content=\"Tempo di lettura stimato\" \/>\n\t<meta name=\"twitter:data1\" content=\"3 minuti\" \/>\n<script type=\"application\/ld+json\" class=\"yoast-schema-graph\">{\"@context\":\"https:\/\/schema.org\",\"@graph\":[{\"@type\":\"WebPage\",\"@id\":\"https:\/\/exceladvisor.org\/it\/vedere-fianco-a-fianco\/\",\"url\":\"https:\/\/exceladvisor.org\/it\/vedere-fianco-a-fianco\/\",\"name\":\"Come visualizzare due fogli affiancati in Excel\",\"isPartOf\":{\"@id\":\"https:\/\/exceladvisor.org\/it\/#website\"},\"primaryImageOfPage\":{\"@id\":\"https:\/\/exceladvisor.org\/it\/vedere-fianco-a-fianco\/#primaryimage\"},\"image\":{\"@id\":\"https:\/\/exceladvisor.org\/it\/vedere-fianco-a-fianco\/#primaryimage\"},\"thumbnailUrl\":\"https:\/\/exceladvisor.org\/wp-content\/uploads\/2023\/08\/1-nouvelle-icone-de-fenetre.png\",\"datePublished\":\"2023-10-31T23:27:44+00:00\",\"dateModified\":\"2023-12-10T06:27:06+00:00\",\"description\":\"In questo tutorial imparerai come visualizzare due fogli affiancati da una singola cartella di lavoro e da cartelle di lavoro diverse.\",\"breadcrumb\":{\"@id\":\"https:\/\/exceladvisor.org\/it\/vedere-fianco-a-fianco\/#breadcrumb\"},\"inLanguage\":\"it-IT\",\"potentialAction\":[{\"@type\":\"ReadAction\",\"target\":[\"https:\/\/exceladvisor.org\/it\/vedere-fianco-a-fianco\/\"]}]},{\"@type\":\"ImageObject\",\"inLanguage\":\"it-IT\",\"@id\":\"https:\/\/exceladvisor.org\/it\/vedere-fianco-a-fianco\/#primaryimage\",\"url\":\"https:\/\/exceladvisor.org\/wp-content\/uploads\/2023\/08\/1-nouvelle-icone-de-fenetre.png\",\"contentUrl\":\"https:\/\/exceladvisor.org\/wp-content\/uploads\/2023\/08\/1-nouvelle-icone-de-fenetre.png\"},{\"@type\":\"BreadcrumbList\",\"@id\":\"https:\/\/exceladvisor.org\/it\/vedere-fianco-a-fianco\/#breadcrumb\",\"itemListElement\":[{\"@type\":\"ListItem\",\"position\":1,\"name\":\"Home\",\"item\":\"https:\/\/exceladvisor.org\/it\/\"},{\"@type\":\"ListItem\",\"position\":2,\"name\":\"Come visualizzare due fogli affiancati in excel\"}]},{\"@type\":\"WebSite\",\"@id\":\"https:\/\/exceladvisor.org\/it\/#website\",\"url\":\"https:\/\/exceladvisor.org\/it\/\",\"name\":\"Excel Advisor\",\"description\":\"Tips, Tricks, and Time-Saving Hacks\",\"publisher\":{\"@id\":\"https:\/\/exceladvisor.org\/it\/#organization\"},\"potentialAction\":[{\"@type\":\"SearchAction\",\"target\":{\"@type\":\"EntryPoint\",\"urlTemplate\":\"https:\/\/exceladvisor.org\/it\/?s={search_term_string}\"},\"query-input\":{\"@type\":\"PropertyValueSpecification\",\"valueRequired\":true,\"valueName\":\"search_term_string\"}}],\"inLanguage\":\"it-IT\"},{\"@type\":\"Organization\",\"@id\":\"https:\/\/exceladvisor.org\/it\/#organization\",\"name\":\"Excel Advisor\",\"url\":\"https:\/\/exceladvisor.org\/it\/\",\"logo\":{\"@type\":\"ImageObject\",\"inLanguage\":\"it-IT\",\"@id\":\"https:\/\/exceladvisor.org\/it\/#\/schema\/logo\/image\/\",\"url\":\"https:\/\/exceladvisor.org\/it\/wp-content\/uploads\/2023\/12\/exceladvisor.org_.png\",\"contentUrl\":\"https:\/\/exceladvisor.org\/it\/wp-content\/uploads\/2023\/12\/exceladvisor.org_.png\",\"width\":105,\"height\":36,\"caption\":\"Excel Advisor\"},\"image\":{\"@id\":\"https:\/\/exceladvisor.org\/it\/#\/schema\/logo\/image\/\"}}]}<\/script>\n<!-- \/ Yoast SEO plugin. -->","yoast_head_json":{"title":"Come visualizzare due fogli affiancati in Excel","description":"In questo tutorial imparerai come visualizzare due fogli affiancati da una singola cartella di lavoro e da cartelle di lavoro diverse.","robots":{"index":"index","follow":"follow","max-snippet":"max-snippet:-1","max-image-preview":"max-image-preview:large","max-video-preview":"max-video-preview:-1"},"canonical":"https:\/\/exceladvisor.org\/it\/vedere-fianco-a-fianco\/","og_locale":"it_IT","og_type":"article","og_title":"Come visualizzare due fogli affiancati in Excel","og_description":"In questo tutorial imparerai come visualizzare due fogli affiancati da una singola cartella di lavoro e da cartelle di lavoro diverse.","og_url":"https:\/\/exceladvisor.org\/it\/vedere-fianco-a-fianco\/","og_site_name":"Excel Advisor","article_modified_time":"2023-12-10T06:27:06+00:00","og_image":[{"url":"https:\/\/exceladvisor.org\/wp-content\/uploads\/2023\/08\/1-nouvelle-icone-de-fenetre.png","type":"","width":"","height":""}],"twitter_card":"summary_large_image","twitter_misc":{"Tempo di lettura stimato":"3 minuti"},"schema":{"@context":"https:\/\/schema.org","@graph":[{"@type":"WebPage","@id":"https:\/\/exceladvisor.org\/it\/vedere-fianco-a-fianco\/","url":"https:\/\/exceladvisor.org\/it\/vedere-fianco-a-fianco\/","name":"Come visualizzare due fogli affiancati in Excel","isPartOf":{"@id":"https:\/\/exceladvisor.org\/it\/#website"},"primaryImageOfPage":{"@id":"https:\/\/exceladvisor.org\/it\/vedere-fianco-a-fianco\/#primaryimage"},"image":{"@id":"https:\/\/exceladvisor.org\/it\/vedere-fianco-a-fianco\/#primaryimage"},"thumbnailUrl":"https:\/\/exceladvisor.org\/wp-content\/uploads\/2023\/08\/1-nouvelle-icone-de-fenetre.png","datePublished":"2023-10-31T23:27:44+00:00","dateModified":"2023-12-10T06:27:06+00:00","description":"In questo tutorial imparerai come visualizzare due fogli affiancati da una singola cartella di lavoro e da cartelle di lavoro diverse.","breadcrumb":{"@id":"https:\/\/exceladvisor.org\/it\/vedere-fianco-a-fianco\/#breadcrumb"},"inLanguage":"it-IT","potentialAction":[{"@type":"ReadAction","target":["https:\/\/exceladvisor.org\/it\/vedere-fianco-a-fianco\/"]}]},{"@type":"ImageObject","inLanguage":"it-IT","@id":"https:\/\/exceladvisor.org\/it\/vedere-fianco-a-fianco\/#primaryimage","url":"https:\/\/exceladvisor.org\/wp-content\/uploads\/2023\/08\/1-nouvelle-icone-de-fenetre.png","contentUrl":"https:\/\/exceladvisor.org\/wp-content\/uploads\/2023\/08\/1-nouvelle-icone-de-fenetre.png"},{"@type":"BreadcrumbList","@id":"https:\/\/exceladvisor.org\/it\/vedere-fianco-a-fianco\/#breadcrumb","itemListElement":[{"@type":"ListItem","position":1,"name":"Home","item":"https:\/\/exceladvisor.org\/it\/"},{"@type":"ListItem","position":2,"name":"Come visualizzare due fogli affiancati in excel"}]},{"@type":"WebSite","@id":"https:\/\/exceladvisor.org\/it\/#website","url":"https:\/\/exceladvisor.org\/it\/","name":"Excel Advisor","description":"Tips, Tricks, and Time-Saving Hacks","publisher":{"@id":"https:\/\/exceladvisor.org\/it\/#organization"},"potentialAction":[{"@type":"SearchAction","target":{"@type":"EntryPoint","urlTemplate":"https:\/\/exceladvisor.org\/it\/?s={search_term_string}"},"query-input":{"@type":"PropertyValueSpecification","valueRequired":true,"valueName":"search_term_string"}}],"inLanguage":"it-IT"},{"@type":"Organization","@id":"https:\/\/exceladvisor.org\/it\/#organization","name":"Excel Advisor","url":"https:\/\/exceladvisor.org\/it\/","logo":{"@type":"ImageObject","inLanguage":"it-IT","@id":"https:\/\/exceladvisor.org\/it\/#\/schema\/logo\/image\/","url":"https:\/\/exceladvisor.org\/it\/wp-content\/uploads\/2023\/12\/exceladvisor.org_.png","contentUrl":"https:\/\/exceladvisor.org\/it\/wp-content\/uploads\/2023\/12\/exceladvisor.org_.png","width":105,"height":36,"caption":"Excel Advisor"},"image":{"@id":"https:\/\/exceladvisor.org\/it\/#\/schema\/logo\/image\/"}}]}},"yoast_meta":{"yoast_wpseo_title":"","yoast_wpseo_metadesc":"","yoast_wpseo_canonical":""},"_links":{"self":[{"href":"https:\/\/exceladvisor.org\/it\/wp-json\/wp\/v2\/pages\/1828","targetHints":{"allow":["GET"]}}],"collection":[{"href":"https:\/\/exceladvisor.org\/it\/wp-json\/wp\/v2\/pages"}],"about":[{"href":"https:\/\/exceladvisor.org\/it\/wp-json\/wp\/v2\/types\/page"}],"author":[{"embeddable":true,"href":"https:\/\/exceladvisor.org\/it\/wp-json\/wp\/v2\/users\/1"}],"replies":[{"embeddable":true,"href":"https:\/\/exceladvisor.org\/it\/wp-json\/wp\/v2\/comments?post=1828"}],"version-history":[{"count":1,"href":"https:\/\/exceladvisor.org\/it\/wp-json\/wp\/v2\/pages\/1828\/revisions"}],"predecessor-version":[{"id":2869,"href":"https:\/\/exceladvisor.org\/it\/wp-json\/wp\/v2\/pages\/1828\/revisions\/2869"}],"wp:attachment":[{"href":"https:\/\/exceladvisor.org\/it\/wp-json\/wp\/v2\/media?parent=1828"}],"curies":[{"name":"wp","href":"https:\/\/api.w.org\/{rel}","templated":true}]}}