{"id":1830,"date":"2023-10-31T22:52:09","date_gmt":"2023-10-31T22:52:09","guid":{"rendered":"https:\/\/exceladvisor.org\/it\/ritiro\/"},"modified":"2023-12-10T06:21:02","modified_gmt":"2023-12-10T06:21:02","slug":"ritiro","status":"publish","type":"page","link":"https:\/\/exceladvisor.org\/it\/ritiro\/","title":{"rendered":"Come aumentare e diminuire il rientro in excel?"},"content":{"rendered":"<div class=\"excel-prima-del-contenuto\" id=\"excel-782450759\"><script type=\"text\/javascript\">\r\n\tatOptions = {\r\n\t\t'key' : 'c1158f160081d6540a8409e6925dab94',\r\n\t\t'format' : 'iframe',\r\n\t\t'height' : 250,\r\n\t\t'width' : 300,\r\n\t\t'params' : {}\r\n\t};\r\n<\/script>\r\n<script type=\"text\/javascript\" src=\"\/\/www.highperformanceformat.com\/c1158f160081d6540a8409e6925dab94\/invoke.js\"><\/script><\/div> <p>In Excel esistono diversi modi per aumentare e diminuire il rientro e in questo tutorial impareremo tutti questi metodi.<\/p><h2 class=\"wp-block-heading\"> Pulsanti di rimozione del nastro<\/h2><p> Sono disponibili due pulsanti che puoi utilizzare per aggiungere o rimuovere un rientro da una cella o da un intervallo di celle. Il pulsante con la freccia destra serve per aggiungere il rientro e far finta che abbia una freccia sinistra serve per eliminare l&#8217;intento. <\/p><div class=\"wp-block-image\"><figure class=\"aligncenter size-full is-resized\"><img loading=\"lazy\" decoding=\"async\" class=\"wp-image-61140\" src=\"https:\/\/exceladvisor.org\/wp-content\/uploads\/2023\/08\/1-boutons-en-retrait-du-ruban.png\" sizes=\"auto, \" srcset=\"\" alt=\"pulsanti di rimozione del nastro\" width=\"625\" height=\"180\"><\/figure><\/div><ol><li> Innanzitutto, devi <strong>selezionare la cella o l&#8217;intervallo di celle<\/strong> in cui hai aggiunto o rimosso il rientro.<\/li><li> Successivamente, vai alla <strong>scheda Home e individua l\u00ec la scheda di allineamento<\/strong> .<\/li><li> Da qui, nella scheda di allineamento, puoi utilizzare <strong>due pulsanti<\/strong> .<\/li><li> Alla fine, fai clic sul pulsante per <strong>aggiungere o rimuovere il rientro<\/strong> .<\/li><\/ol><p> Puoi vedere nell&#8217;esempio seguente che abbiamo aggiunto un rientro nella cella A1. <\/p><div class=\"wp-block-image\"><figure class=\"aligncenter size-full is-resized\"><img loading=\"lazy\" decoding=\"async\" class=\"alignnone  wp-image-12941\" src=\"https:\/\/exceladvisor.org\/wp-content\/uploads\/2023\/11\/ajouter-ou-supprimer-retrait.png\" alt=\"aggiungere o rimuovere la rimozione\" width=\"628\" height=\"335\" srcset=\"https:\/\/exceladvisor.org\/wp-content\/uploads\/2023\/11\/ajouter-ou-supprimer-retrait.png 821w, https:\/\/exceladvisor.org\/wp-content\/uploads\/2023\/11\/ajouter-ou-supprimer-retrait-300x160.png 300w, https:\/\/exceladvisor.org\/wp-content\/uploads\/2023\/11\/ajouter-ou-supprimer-retrait-768x410.png 768w\" sizes=\"auto, (max-width: 628px) 100vw, 628px\"><\/figure><\/div><p> Se desideri aggiungere pi\u00f9 rientri, devi fare clic pi\u00f9 volte sul pulsante. Ci\u00f2 significa che se desideri aggiungere un rientro tre volte, devi fare clic sul pulsante tre volte. E l&#8217;eliminazione di un rientro avviene allo stesso modo.<\/p><h2 class=\"wp-block-heading\"> Scorciatoia da tastiera per aggiungere un rientro<\/h2><p> Puoi anche utilizzare una scorciatoia da tastiera per aggiungere \u2013 rimuovere un rientro dalla cella. Esistono due diverse scorciatoie per aggiungere un rientro di eliminazione.<\/p><ul><li> <strong>Aumenta rientro:<\/strong> <kbd>Alt \u279c H \u279c 6<\/kbd><\/li><li> <strong>Diminuire il rientro:<\/strong> <kbd>Alt \u279c H \u279c 5<\/kbd><\/li><\/ul><p> <strong>Correlato: <a href=\"https:\/\/exceladvisor.org\/it\/tasti-rapidi\/\">Scorciatoie da tastiera (cheat sheet PDF)<\/a><\/strong><\/p><h2 class=\"wp-block-heading\"> Codice VBA per aggiungere un rientro<\/h2><p> Se <a href=\"https:\/\/exceladvisor.org\/it\/vba\/\">conosci VBA<\/a> , puoi scrivere codice che pu\u00f2 aggiungere un rientro alla cella selezionata, proprio come il codice seguente.<\/p><pre class=\"wp-block-code\"> <code class=\"language-visual-basic line-numbers\" lang=\"visual-basic\"><strong>Sub<\/strong> Macro1() <strong>Dim<\/strong> myInt <strong>As<\/strong> Integer myInt = InputBox(\"how many indents you want to add?\", \"Add Indent\") Selection.InsertIndent myInt <strong>End<\/strong> <strong>Sub<\/strong><\/code><\/pre><p> Prima di <a href=\"https:\/\/exceladvisor.org\/it\/eseguire-una-macro-2\/\">eseguire questo codice<\/a> devi selezionare le celle in cui desideri aumentare il rientro. Ti mostrer\u00e0 una casella di input per inserire il numero di prelievo che desideri aggiungere. <\/p><div class=\"wp-block-image\"><figure class=\"aligncenter size-full is-resized\"><img loading=\"lazy\" decoding=\"async\" class=\"wp-image-61142\" src=\"https:\/\/exceladvisor.org\/wp-content\/uploads\/2023\/08\/3-vba-pour-ajouter-un-retrait.png\" sizes=\"auto, \" srcset=\"\" alt=\"vba-per-aggiungere-rientro\" width=\"474\" height=\"205\"><\/figure><\/div><h2 class=\"wp-block-heading\"> Rimuovi il rientro da una cella<\/h2><p> Come discusso all&#8217;inizio di questo tutorial, puoi utilizzare il pulsante Riduci rientro per rimuovere il rientro da una cella. <\/p><div class=\"wp-block-image\"><figure class=\"aligncenter size-full is-resized\"><img loading=\"lazy\" decoding=\"async\" class=\"wp-image-61143\" src=\"https:\/\/exceladvisor.org\/wp-content\/uploads\/2023\/08\/4-supprimer-lindentation-de-la-cellule.png\" sizes=\"auto, \" srcset=\"\" alt=\"rimozione della rientranza cellulare\" width=\"623\" height=\"179\"><\/figure><\/div><p> Oltre a questo, puoi cancellare la formattazione di una cella o di un intervallo di celle per rimuovere il rientro poich\u00e9 fa parte della formattazione della cella. <\/p><div class=\"wp-block-image\"><figure class=\"aligncenter size-full is-resized\"><img loading=\"lazy\" decoding=\"async\" class=\"wp-image-61144\" src=\"https:\/\/exceladvisor.org\/wp-content\/uploads\/2023\/08\/5-formatage-clair.png\" sizes=\"auto, \" srcset=\"\" alt=\"rimuovere la formattazione\" width=\"582\" height=\"328\"><\/figure><\/div><div class=\"gb-container gb-container-4db6181c gb-container-mt\"> <a class=\"gb-button gb-button-c5897111 gb-button-text gb-button-mt-button\" href=\"https:\/\/exceladvisor.org\/it\/nozioni-di-base-su-excel\/\">Nozioni di base su Microsoft Excel (componenti, parti e note informative)<\/a><h2 class=\"gb-headline gb-headline-665e5f6b gb-headline-text gb-headline-mt-heading\"> Tutorial correlati <\/h2><div class=\"gb-grid-wrapper gb-grid-wrapper-a20baf7c gb-grid-wrapper-mt-grid\"><div class=\"gb-grid-column gb-grid-column-65ddf67e\"><div class=\"gb-container gb-container-65ddf67e\"><ul><li> <a href=\"https:\/\/exceladvisor.org\/it\/disegna-una-linea\/\">Disegna una linea in Excel<\/a><\/li><li> <a href=\"https:\/\/exceladvisor.org\/it\/aggiungere-un-pulsante\/\">Aggiungi un pulsante in Excel<\/a><\/li><li> <a href=\"https:\/\/exceladvisor.org\/it\/unire-le-cellule-dissociate\/\">Unisci: separa le celle in Excel<\/a><\/li><li> <a href=\"https:\/\/exceladvisor.org\/it\/correttore-ortografico\/\">Controllo ortografico in Excel<\/a><\/li><li> <a href=\"https:\/\/exceladvisor.org\/it\/ruotare-il-testo\/\">Ruota il testo in Excel (orientamento del testo)<\/a> <\/li><\/ul><\/div><\/div><div class=\"gb-grid-column gb-grid-column-50067b57\"><div class=\"gb-container gb-container-50067b57\"><\/div><\/div><\/div><\/div>","protected":false},"excerpt":{"rendered":"","protected":false},"author":1,"featured_media":0,"parent":0,"menu_order":0,"comment_status":"open","ping_status":"closed","template":"","meta":{"ub_ctt_via":"","footnotes":""},"class_list":["post-1830","page","type-page","status-publish","hentry"],"featured_image_src":null,"yoast_head":"<!-- This site is optimized with the Yoast SEO plugin v25.4 - https:\/\/yoast.com\/wordpress\/plugins\/seo\/ -->\n<title>\u25b7 Come aumentare e diminuire il rientro in Excel?<\/title>\n<meta name=\"description\" content=\"In Excel esistono diversi modi per aumentare e diminuire il rientro e in questo tutorial impareremo tutti questi metodi\" \/>\n<meta name=\"robots\" content=\"index, follow, max-snippet:-1, max-image-preview:large, max-video-preview:-1\" \/>\n<link rel=\"canonical\" href=\"https:\/\/exceladvisor.org\/it\/ritiro\/\" \/>\n<meta property=\"og:locale\" content=\"it_IT\" \/>\n<meta property=\"og:type\" content=\"article\" \/>\n<meta property=\"og:title\" content=\"\u25b7 Come aumentare e diminuire il rientro in Excel?\" \/>\n<meta property=\"og:description\" content=\"In Excel esistono diversi modi per aumentare e diminuire il rientro e in questo tutorial impareremo tutti questi metodi\" \/>\n<meta property=\"og:url\" content=\"https:\/\/exceladvisor.org\/it\/ritiro\/\" \/>\n<meta property=\"og:site_name\" content=\"Excel Advisor\" \/>\n<meta property=\"article:modified_time\" content=\"2023-12-10T06:21:02+00:00\" \/>\n<meta property=\"og:image\" content=\"https:\/\/exceladvisor.org\/wp-content\/uploads\/2023\/08\/1-boutons-en-retrait-du-ruban.png\" \/>\n<meta name=\"twitter:card\" content=\"summary_large_image\" \/>\n<meta name=\"twitter:label1\" content=\"Tempo di lettura stimato\" \/>\n\t<meta name=\"twitter:data1\" content=\"2 minuti\" \/>\n<script type=\"application\/ld+json\" class=\"yoast-schema-graph\">{\"@context\":\"https:\/\/schema.org\",\"@graph\":[{\"@type\":\"WebPage\",\"@id\":\"https:\/\/exceladvisor.org\/it\/ritiro\/\",\"url\":\"https:\/\/exceladvisor.org\/it\/ritiro\/\",\"name\":\"\u25b7 Come aumentare e diminuire il rientro in Excel?\",\"isPartOf\":{\"@id\":\"https:\/\/exceladvisor.org\/it\/#website\"},\"primaryImageOfPage\":{\"@id\":\"https:\/\/exceladvisor.org\/it\/ritiro\/#primaryimage\"},\"image\":{\"@id\":\"https:\/\/exceladvisor.org\/it\/ritiro\/#primaryimage\"},\"thumbnailUrl\":\"https:\/\/exceladvisor.org\/wp-content\/uploads\/2023\/08\/1-boutons-en-retrait-du-ruban.png\",\"datePublished\":\"2023-10-31T22:52:09+00:00\",\"dateModified\":\"2023-12-10T06:21:02+00:00\",\"description\":\"In Excel esistono diversi modi per aumentare e diminuire il rientro e in questo tutorial impareremo tutti questi metodi\",\"breadcrumb\":{\"@id\":\"https:\/\/exceladvisor.org\/it\/ritiro\/#breadcrumb\"},\"inLanguage\":\"it-IT\",\"potentialAction\":[{\"@type\":\"ReadAction\",\"target\":[\"https:\/\/exceladvisor.org\/it\/ritiro\/\"]}]},{\"@type\":\"ImageObject\",\"inLanguage\":\"it-IT\",\"@id\":\"https:\/\/exceladvisor.org\/it\/ritiro\/#primaryimage\",\"url\":\"https:\/\/exceladvisor.org\/wp-content\/uploads\/2023\/08\/1-boutons-en-retrait-du-ruban.png\",\"contentUrl\":\"https:\/\/exceladvisor.org\/wp-content\/uploads\/2023\/08\/1-boutons-en-retrait-du-ruban.png\"},{\"@type\":\"BreadcrumbList\",\"@id\":\"https:\/\/exceladvisor.org\/it\/ritiro\/#breadcrumb\",\"itemListElement\":[{\"@type\":\"ListItem\",\"position\":1,\"name\":\"Home\",\"item\":\"https:\/\/exceladvisor.org\/it\/\"},{\"@type\":\"ListItem\",\"position\":2,\"name\":\"Come aumentare e diminuire il rientro in excel?\"}]},{\"@type\":\"WebSite\",\"@id\":\"https:\/\/exceladvisor.org\/it\/#website\",\"url\":\"https:\/\/exceladvisor.org\/it\/\",\"name\":\"Excel Advisor\",\"description\":\"Tips, Tricks, and Time-Saving Hacks\",\"publisher\":{\"@id\":\"https:\/\/exceladvisor.org\/it\/#organization\"},\"potentialAction\":[{\"@type\":\"SearchAction\",\"target\":{\"@type\":\"EntryPoint\",\"urlTemplate\":\"https:\/\/exceladvisor.org\/it\/?s={search_term_string}\"},\"query-input\":{\"@type\":\"PropertyValueSpecification\",\"valueRequired\":true,\"valueName\":\"search_term_string\"}}],\"inLanguage\":\"it-IT\"},{\"@type\":\"Organization\",\"@id\":\"https:\/\/exceladvisor.org\/it\/#organization\",\"name\":\"Excel Advisor\",\"url\":\"https:\/\/exceladvisor.org\/it\/\",\"logo\":{\"@type\":\"ImageObject\",\"inLanguage\":\"it-IT\",\"@id\":\"https:\/\/exceladvisor.org\/it\/#\/schema\/logo\/image\/\",\"url\":\"https:\/\/exceladvisor.org\/it\/wp-content\/uploads\/2023\/12\/exceladvisor.org_.png\",\"contentUrl\":\"https:\/\/exceladvisor.org\/it\/wp-content\/uploads\/2023\/12\/exceladvisor.org_.png\",\"width\":105,\"height\":36,\"caption\":\"Excel Advisor\"},\"image\":{\"@id\":\"https:\/\/exceladvisor.org\/it\/#\/schema\/logo\/image\/\"}}]}<\/script>\n<!-- \/ Yoast SEO plugin. -->","yoast_head_json":{"title":"\u25b7 Come aumentare e diminuire il rientro in Excel?","description":"In Excel esistono diversi modi per aumentare e diminuire il rientro e in questo tutorial impareremo tutti questi metodi","robots":{"index":"index","follow":"follow","max-snippet":"max-snippet:-1","max-image-preview":"max-image-preview:large","max-video-preview":"max-video-preview:-1"},"canonical":"https:\/\/exceladvisor.org\/it\/ritiro\/","og_locale":"it_IT","og_type":"article","og_title":"\u25b7 Come aumentare e diminuire il rientro in Excel?","og_description":"In Excel esistono diversi modi per aumentare e diminuire il rientro e in questo tutorial impareremo tutti questi metodi","og_url":"https:\/\/exceladvisor.org\/it\/ritiro\/","og_site_name":"Excel Advisor","article_modified_time":"2023-12-10T06:21:02+00:00","og_image":[{"url":"https:\/\/exceladvisor.org\/wp-content\/uploads\/2023\/08\/1-boutons-en-retrait-du-ruban.png","type":"","width":"","height":""}],"twitter_card":"summary_large_image","twitter_misc":{"Tempo di lettura stimato":"2 minuti"},"schema":{"@context":"https:\/\/schema.org","@graph":[{"@type":"WebPage","@id":"https:\/\/exceladvisor.org\/it\/ritiro\/","url":"https:\/\/exceladvisor.org\/it\/ritiro\/","name":"\u25b7 Come aumentare e diminuire il rientro in Excel?","isPartOf":{"@id":"https:\/\/exceladvisor.org\/it\/#website"},"primaryImageOfPage":{"@id":"https:\/\/exceladvisor.org\/it\/ritiro\/#primaryimage"},"image":{"@id":"https:\/\/exceladvisor.org\/it\/ritiro\/#primaryimage"},"thumbnailUrl":"https:\/\/exceladvisor.org\/wp-content\/uploads\/2023\/08\/1-boutons-en-retrait-du-ruban.png","datePublished":"2023-10-31T22:52:09+00:00","dateModified":"2023-12-10T06:21:02+00:00","description":"In Excel esistono diversi modi per aumentare e diminuire il rientro e in questo tutorial impareremo tutti questi metodi","breadcrumb":{"@id":"https:\/\/exceladvisor.org\/it\/ritiro\/#breadcrumb"},"inLanguage":"it-IT","potentialAction":[{"@type":"ReadAction","target":["https:\/\/exceladvisor.org\/it\/ritiro\/"]}]},{"@type":"ImageObject","inLanguage":"it-IT","@id":"https:\/\/exceladvisor.org\/it\/ritiro\/#primaryimage","url":"https:\/\/exceladvisor.org\/wp-content\/uploads\/2023\/08\/1-boutons-en-retrait-du-ruban.png","contentUrl":"https:\/\/exceladvisor.org\/wp-content\/uploads\/2023\/08\/1-boutons-en-retrait-du-ruban.png"},{"@type":"BreadcrumbList","@id":"https:\/\/exceladvisor.org\/it\/ritiro\/#breadcrumb","itemListElement":[{"@type":"ListItem","position":1,"name":"Home","item":"https:\/\/exceladvisor.org\/it\/"},{"@type":"ListItem","position":2,"name":"Come aumentare e diminuire il rientro in excel?"}]},{"@type":"WebSite","@id":"https:\/\/exceladvisor.org\/it\/#website","url":"https:\/\/exceladvisor.org\/it\/","name":"Excel Advisor","description":"Tips, Tricks, and Time-Saving Hacks","publisher":{"@id":"https:\/\/exceladvisor.org\/it\/#organization"},"potentialAction":[{"@type":"SearchAction","target":{"@type":"EntryPoint","urlTemplate":"https:\/\/exceladvisor.org\/it\/?s={search_term_string}"},"query-input":{"@type":"PropertyValueSpecification","valueRequired":true,"valueName":"search_term_string"}}],"inLanguage":"it-IT"},{"@type":"Organization","@id":"https:\/\/exceladvisor.org\/it\/#organization","name":"Excel Advisor","url":"https:\/\/exceladvisor.org\/it\/","logo":{"@type":"ImageObject","inLanguage":"it-IT","@id":"https:\/\/exceladvisor.org\/it\/#\/schema\/logo\/image\/","url":"https:\/\/exceladvisor.org\/it\/wp-content\/uploads\/2023\/12\/exceladvisor.org_.png","contentUrl":"https:\/\/exceladvisor.org\/it\/wp-content\/uploads\/2023\/12\/exceladvisor.org_.png","width":105,"height":36,"caption":"Excel Advisor"},"image":{"@id":"https:\/\/exceladvisor.org\/it\/#\/schema\/logo\/image\/"}}]}},"yoast_meta":{"yoast_wpseo_title":"","yoast_wpseo_metadesc":"","yoast_wpseo_canonical":""},"_links":{"self":[{"href":"https:\/\/exceladvisor.org\/it\/wp-json\/wp\/v2\/pages\/1830","targetHints":{"allow":["GET"]}}],"collection":[{"href":"https:\/\/exceladvisor.org\/it\/wp-json\/wp\/v2\/pages"}],"about":[{"href":"https:\/\/exceladvisor.org\/it\/wp-json\/wp\/v2\/types\/page"}],"author":[{"embeddable":true,"href":"https:\/\/exceladvisor.org\/it\/wp-json\/wp\/v2\/users\/1"}],"replies":[{"embeddable":true,"href":"https:\/\/exceladvisor.org\/it\/wp-json\/wp\/v2\/comments?post=1830"}],"version-history":[{"count":1,"href":"https:\/\/exceladvisor.org\/it\/wp-json\/wp\/v2\/pages\/1830\/revisions"}],"predecessor-version":[{"id":2337,"href":"https:\/\/exceladvisor.org\/it\/wp-json\/wp\/v2\/pages\/1830\/revisions\/2337"}],"wp:attachment":[{"href":"https:\/\/exceladvisor.org\/it\/wp-json\/wp\/v2\/media?parent=1830"}],"curies":[{"name":"wp","href":"https:\/\/api.w.org\/{rel}","templated":true}]}}